  {"id":2895,"date":"2023-02-10T10:23:51","date_gmt":"2023-02-10T15:23:51","guid":{"rendered":"https:\/\/www.yorku.ca\/yucard\/test-myc1\/"},"modified":"2025-07-30T13:39:37","modified_gmt":"2025-07-30T17:39:37","slug":"test-myc1","status":"publish","type":"page","link":"https:\/\/www.yorku.ca\/yucard\/test-myc1\/?lang=fr","title":{"rendered":"Carte YU"},"content":{"rendered":"\n<div class=\"wp-block-group grey-bg-block has-very-light-gray-background-color has-background\"><div class=\"wp-block-group__inner-container is-layout-flow wp-block-group-is-layout-flow\">\n<div class=\"wp-block-group\"><div class=\"wp-block-group__inner-container is-layout-flow wp-block-group-is-layout-flow\">\n<h2 class=\"wp-block-heading border-top mb-4 pt-2\"><strong>Allons-y!<\/strong><\/h2>\n\n\n\n<div class=\"wp-block-group\"><div class=\"wp-block-group__inner-container is-layout-flow wp-block-group-is-layout-flow\">\n<div class=\"wp-block-columns is-layout-flex wp-container-core-columns-is-layout-9d6595d7 wp-block-columns-is-layout-flex\">\n<div class=\"wp-block-column hover-card is-layout-flow wp-block-column-is-layout-flow\" style=\"flex-basis:33.33%\">\n<h2 class=\"wp-block-heading has-text-align-center has-text-color\" style=\"color:#810001\"><i class=\"fas fa-user-check\"><\/i><\/h2>\n\n\n\n<h4 class=\"wp-block-heading has-text-align-center\"><strong><strong>\u00c9tape\u202f1<\/strong><em>&nbsp;<\/em><\/strong><\/h4>\n\n\n\n<p class=\"has-text-align-center\"><strong><strong>Demandez votre carte YU<\/strong><\/strong><\/p>\n\n\n\n<p class=\"has-text-align-center\">Soumettez une <a rel=\"noreferrer noopener\" href=\"https:\/\/www.yorku.ca\/yucard\/apply\" target=\"_blank\">demande de carte YU<\/a>.<\/p>\n<\/div>\n\n\n\n<div class=\"wp-block-column hover-card is-layout-flow wp-block-column-is-layout-flow\" style=\"flex-basis:33.33%\">\n<h2 class=\"wp-block-heading has-text-align-center has-text-color\" style=\"color:#810001\"><i class=\"fas fa-portrait\"><\/i><\/h2>\n\n\n\n<h4 class=\"wp-block-heading has-text-align-center\"><strong><strong>\u00c9tape\u202f2<\/strong><em>&nbsp;<\/em><\/strong><\/h4>\n\n\n\n<p class=\"has-text-align-center\"><strong><strong>Faites approuver vos photos<\/strong>&nbsp;<\/strong><\/p>\n\n\n\n<p class=\"has-text-align-center\">Une fois votre demande soumise, attendez un courriel d\u2019approbation.<\/p>\n<\/div>\n\n\n\n<div class=\"wp-block-column hover-card is-layout-flow wp-block-column-is-layout-flow\" style=\"flex-basis:33.33%\">\n<h2 class=\"wp-block-heading has-text-align-center has-text-color\" style=\"color:#810001\"><i class=\"fas fa-mobile-alt\"><\/i><\/h2>\n\n\n\n<h4 class=\"wp-block-heading has-text-align-center\"><strong><strong>\u00c9tape\u202f3<\/strong><em>&nbsp;<\/em><\/strong><\/h4>\n\n\n\n<p class=\"has-text-align-center\"><strong><strong>Obtenez votre carte YU<\/strong>&nbsp;<\/strong><\/p>\n\n\n\n<p class=\"has-text-align-center\">Ajoutez votre carte YU mobile \u00e0 votre <a rel=\"noreferrer noopener\" href=\"https:\/\/www.yorku.ca\/yucard\/test-myc1\/#device\" target=\"_blank\">portefeuille num\u00e9rique<\/a>.&nbsp;<\/p>\n<\/div>\n<\/div>\n<\/div><\/div>\n\n\n\n<p><\/p>\n<\/div><\/div>\n\n\n\n<p class=\"has-white-color has-black-background-color has-text-color has-background\"><strong><i class=\"fas fa-lightbulb\"><\/i> Carte YU mat\u00e9rielle<strong> |<\/strong><\/strong> Vous avez besoin d\u2019une carte YU mat\u00e9rielle? Rendez-vous au Bureau de la carte YU au <a rel=\"noreferrer noopener\" href=\"https:\/\/map.concept3d.com\/?id=1200#!m\/317170\" target=\"_blank\">WSC222<\/a> une fois que votre demande de carte YU aura \u00e9t\u00e9 approuv\u00e9e.<strong>&nbsp;<\/strong><\/p>\n<\/div><\/div>\n\n\n\n<div style=\"height:25px\" aria-hidden=\"true\" class=\"wp-block-spacer\"><\/div>\n\n\n\n<div class=\"wp-block-columns is-layout-flex wp-container-core-columns-is-layout-9d6595d7 wp-block-columns-is-layout-flex\">\n<div class=\"wp-block-column is-layout-flow wp-block-column-is-layout-flow\" style=\"flex-basis:66.66%\">\n<figure class=\"wp-block-image size-large\"><img loading=\"lazy\" decoding=\"async\" width=\"1024\" height=\"288\" src=\"https:\/\/www.yorku.ca\/yucard\/wp-content\/uploads\/sites\/54\/2023\/08\/FR-Mobile-YU-card-banner-1024x288.png\" alt=\"\" class=\"wp-image-3084\" srcset=\"https:\/\/www.yorku.ca\/yucard\/wp-content\/uploads\/sites\/54\/2023\/08\/FR-Mobile-YU-card-banner-1024x288.png 1024w, https:\/\/www.yorku.ca\/yucard\/wp-content\/uploads\/sites\/54\/2023\/08\/FR-Mobile-YU-card-banner-300x84.png 300w, https:\/\/www.yorku.ca\/yucard\/wp-content\/uploads\/sites\/54\/2023\/08\/FR-Mobile-YU-card-banner-1536x432.png 1536w, https:\/\/www.yorku.ca\/yucard\/wp-content\/uploads\/sites\/54\/2023\/08\/FR-Mobile-YU-card-banner.png 1920w\" sizes=\"auto, (max-width: 1024px) 100vw, 1024px\" \/><\/figure>\n\n\n\n<p>L\u2019Universit\u00e9 York est fi\u00e8re de lancer la nouvelle carte YU mobile pour tous les nouveaux membres de la population \u00e9tudiante, du corps professoral et du personnel. Ce nouveau programme de carte mobile renforce la r\u00e9putation de York en tant que leader en mati\u00e8re d\u2019excellence et d\u2019innovation. L\u2019Universit\u00e9 York s\u2019engage \u00e0 am\u00e9liorer continuellement l\u2019exp\u00e9rience de tous ceux et celles qui choisissent d\u2019apprendre, d\u2019enseigner et de travailler sur ses campus.&nbsp;<\/p>\n\n\n\n<h2 class=\"wp-block-heading\"><strong>Pourquoi obtenir une carte YU?<\/strong>&nbsp;<\/h2>\n\n\n\n<p>La carte YU est la carte d\u2019identit\u00e9 officielle avec photo de York et la carte de paiement du campus pour la population \u00e9tudiante, le corps professoral et le personnel. Cette carte donne acc\u00e8s \u00e0 de nombreux services et espaces sur les campus Keele, Glendon et Markham, comme les biblioth\u00e8ques, les installations r\u00e9cr\u00e9atives, les examens, la nourriture, les plans-repas, les achats, les \u00e9v\u00e9nements, des rabais et bien plus encore.&nbsp;<\/p>\n\n\n\n<h2 class=\"wp-block-heading\"><strong>Suis-je admissible?<\/strong>&nbsp;<\/h2>\n\n\n\n<p>Les cartes YU mobiles sont offertes aux nouveaux membres de la communaut\u00e9 \u00e9tudiante, des corps professoral et enseignant, et du personnel. Les cartes mobiles sont mises \u00e0 la disposition des membres actuels de la communaut\u00e9 lors du renouvellement de leur carte YU physique. Si vous souhaitez remplacer votre carte avant la date d\u2019expiration, veuillez noter que des frais de transition de 20 $ seront pr\u00e9lev\u00e9s lorsque votre carte actuelle sera renvoy\u00e9e au Bureau de la carte YU.&nbsp;<\/p>\n<\/div>\n\n\n\n<div class=\"wp-block-column is-layout-flow wp-block-column-is-layout-flow\" style=\"flex-basis:33.33%\">\n<div class=\"wp-block-columns is-layout-flex wp-container-core-columns-is-layout-9d6595d7 wp-block-columns-is-layout-flex\">\n<div class=\"wp-block-column is-layout-flow wp-block-column-is-layout-flow\" style=\"flex-basis:100%\">\n<div class=\"wp-block-group\"><div class=\"wp-block-group__inner-container is-layout-flow wp-block-group-is-layout-flow\">\n<h4 class=\"wp-block-heading border-top mb-4 pt-2\"><strong>Liens rapides<\/strong><\/h4>\n<\/div><\/div>\n\n\n\n<div class=\"wp-block-group\"><div class=\"wp-block-group__inner-container is-layout-flow wp-block-group-is-layout-flow\">\n<ul class=\"wp-block-list list-unstyled navigation-list fade-bottom\">\n<li><a href=\"https:\/\/www.yorku.ca\/yucard\/apply\/?lang=fr\" data-type=\"URL\" data-id=\"https:\/\/www.yorku.ca\/yucard\/apply\/\">Demander la carte YU <i class=\"fas fa-arrow-right\"><\/i><\/a><\/li>\n\n\n\n<li><a href=\"https:\/\/www.yorku.ca\/yucard\/manage-your-yu-card\/check-your-balance-or-make-a-deposit\/\" data-type=\"URL\" data-id=\"https:\/\/www.yorku.ca\/yucard\/manage-your-yu-card\/check-your-balance-or-make-a-deposit\/\">V\u00e9rifier mon solde ou effectuer un d\u00e9p\u00f4t <i class=\"fas fa-arrow-right\"><\/i><\/a><\/li>\n\n\n\n<li><a href=\"https:\/\/www.yorku.ca\/yucard\/manage-your-yu-card\/eaccounts-mobile-app\/\" data-type=\"URL\" data-id=\"https:\/\/www.yorku.ca\/yucard\/manage-your-yu-card\/eaccounts-mobile-app\/\">G\u00e9rer ma carte YU <i class=\"fas fa-arrow-right\"><\/i><\/a><\/li>\n\n\n\n<li><a href=\"https:\/\/www.yorku.ca\/yucard\/mobile-faq\/?lang=fr\">la carte mobile YU FAQ<\/a><\/li>\n<\/ul>\n<\/div><\/div>\n<\/div>\n<\/div>\n<\/div>\n<\/div>\n\n\n\n<div class=\"wp-block-cover is-light full-width\" id=\"device\"><span aria-hidden=\"true\" class=\"wp-block-cover__background has-black-background-color has-background-dim-60 has-background-dim\"><\/span><img loading=\"lazy\" decoding=\"async\" width=\"1080\" height=\"720\" class=\"wp-block-cover__image-background wp-image-2497\" alt=\"\" src=\"https:\/\/www.yorku.ca\/yucard\/wp-content\/uploads\/sites\/54\/2023\/06\/Stuart-WEBSIZE.png\" style=\"object-position:45% 46%\" data-object-fit=\"cover\" data-object-position=\"45% 46%\" srcset=\"https:\/\/www.yorku.ca\/yucard\/wp-content\/uploads\/sites\/54\/2023\/06\/Stuart-WEBSIZE.png 1080w, https:\/\/www.yorku.ca\/yucard\/wp-content\/uploads\/sites\/54\/2023\/06\/Stuart-WEBSIZE-300x200.png 300w, https:\/\/www.yorku.ca\/yucard\/wp-content\/uploads\/sites\/54\/2023\/06\/Stuart-WEBSIZE-1024x683.png 1024w\" sizes=\"auto, (max-width: 1080px) 100vw, 1080px\" \/><div class=\"wp-block-cover__inner-container is-layout-flow wp-block-cover-is-layout-flow\">\n<h2 class=\"wp-block-heading has-text-align-center has-white-color has-text-color has-link-color wp-elements-6b20c618de036c2e55d4109abe62c382\"><strong>S\u00e9lectionnez votre portefeuille num\u00e9rique<\/strong><\/h2>\n\n\n\n<div class=\"wp-block-group\"><div class=\"wp-block-group__inner-container is-layout-flow wp-block-group-is-layout-flow\">\n<div class=\"wp-block-buttons is-horizontal is-content-justification-center is-layout-flex wp-container-core-buttons-is-layout-499968f5 wp-block-buttons-is-layout-flex\">\n<div class=\"wp-block-button has-custom-font-size bg-primary-2 text-white rounded-0 learnmore-block p-2 has-medium-font-size\"><a class=\"wp-block-button__link has-text-color has-background wp-element-button\" href=\"https:\/\/www.yorku.ca\/yucard\/apple-wallet\/?lang=fr\" style=\"color:#ffffff;background-color:#810001\">Portefeuille Apple&nbsp; <i class=\"fas fa-chevron-right small pl-2\"><\/i><\/a><\/div>\n\n\n\n<div class=\"wp-block-button has-custom-font-size bg-primary-2 text-white rounded-0 learnmore-block p-2 has-medium-font-size\"><a class=\"wp-block-button__link has-text-color has-background wp-element-button\" href=\"https:\/\/www.yorku.ca\/yucard\/google-wallet\/?lang=fr\" style=\"color:#ffffff;background-color:#810001\">Google Wallet <i class=\"fas fa-chevron-right small pl-2\"><\/i><\/a><\/div>\n<\/div>\n<\/div><\/div>\n\n\n\n<div style=\"height:20px\" aria-hidden=\"true\" class=\"wp-block-spacer\"><\/div>\n\n\n\n<p class=\"has-text-align-center has-white-color has-text-color has-link-color wp-elements-ffece6676593fe38937ec50d7fe15c18\">Si vous n\u2019avez pas de t\u00e9l\u00e9phone intelligent compatible, vous pouvez demander une carte YU mat\u00e9rielle (voir ci-dessus). Veuillez consulter notre <a rel=\"noreferrer noopener\" href=\"https:\/\/www.yorku.ca\/yucard\/test-myc1\/mobile-yu-card-faq\/\" target=\"_blank\">FAQ<\/a> ou nous <a rel=\"noreferrer noopener\" href=\"https:\/\/www.yorku.ca\/yucard\/contact\/\" target=\"_blank\">contacter<\/a> pour plus d\u2019informations.&nbsp;<\/p>\n<\/div><\/div>\n\n\n\n<div style=\"height:36px\" aria-hidden=\"true\" class=\"wp-block-spacer\"><\/div>\n\n\n\n<h2 class=\"wp-block-heading border-top mb-4 pt-2\">Aper\u00e7u de la carte YU mobile<\/h2>\n\n\n\n<div class=\"wp-block-columns infographics-block card-deck is-layout-flex wp-container-core-columns-is-layout-9d6595d7 wp-block-columns-is-layout-flex\">\n<div class=\"wp-block-column bg-light p-4 mb-2 is-layout-flow wp-block-column-is-layout-flow\">\n<figure class=\"wp-block-image size-full is-resized\"><img decoding=\"async\" src=\"https:\/\/www.yorku.ca\/yucard\/wp-content\/uploads\/sites\/9\/2020\/07\/Check_sr_rgb_x2.png\" alt=\"\" class=\"wp-image-9000001355\" style=\"width:33px;height:25px\"\/><\/figure>\n\n\n\n<h2 class=\"wp-block-heading h1 mt-5\">Meilleure exp\u00e9rience<\/h2>\n\n\n\n<p class=\"mb-0\">Les cartes mobiles simplifient l\u2019exp\u00e9rience utilisateur et offrent de nouvelles fonctionnalit\u00e9s, comme le chargement direct de dollars Flex dans l\u2019application et bien plus encore.<\/p>\n<\/div>\n\n\n\n<div class=\"wp-block-column bg-light p-4 mb-2 is-layout-flow wp-block-column-is-layout-flow\">\n<figure class=\"wp-block-image size-full is-resized\"><img decoding=\"async\" src=\"https:\/\/www.yorku.ca\/yucard\/wp-content\/uploads\/sites\/9\/2020\/07\/Check_sr_rgb_x2.png\" alt=\"\" class=\"wp-image-9000001355\" style=\"width:33px;height:25px\"\/><\/figure>\n\n\n\n<h2 class=\"wp-block-heading h1 mt-5\">Gain de temps <\/h2>\n\n\n\n<p class=\"mb-0\">Le processus d\u2019obtention de la carte YU peut se faire enti\u00e8rement en ligne.<\/p>\n<\/div>\n\n\n\n<div class=\"wp-block-column bg-light p-4 mb-2 is-layout-flow wp-block-column-is-layout-flow\">\n<figure class=\"wp-block-image size-full is-resized\"><img decoding=\"async\" src=\"https:\/\/www.yorku.ca\/yucard\/wp-content\/uploads\/sites\/9\/2020\/07\/Check_sr_rgb_x2.png\" alt=\"\" class=\"wp-image-9000001355\" style=\"width:33px;height:25px\"\/><\/figure>\n\n\n\n<h2 class=\"wp-block-heading h1 mt-5\">Moins de d\u00e9chets<\/h2>\n\n\n\n<p class=\"mb-0\">Le passage aux cartes num\u00e9riques permettra d\u2019\u00e9liminer environ 400\u202fkg de plastique et de PVC par an.&nbsp;<\/p>\n<\/div>\n\n\n\n<div class=\"wp-block-column bg-light p-4 mb-2 is-layout-flow wp-block-column-is-layout-flow\">\n<figure class=\"wp-block-image size-full is-resized\"><img decoding=\"async\" src=\"https:\/\/www.yorku.ca\/yucard\/wp-content\/uploads\/sites\/9\/2020\/07\/Check_sr_rgb_x2.png\" alt=\"\" class=\"wp-image-9000001355\" style=\"width:33px;height:25px\"\/><\/figure>\n\n\n\n<h2 class=\"wp-block-heading h1 mt-5\">Pas de frais <\/h2>\n\n\n\n<p class=\"mb-0\">Les cartes YU mobiles des t\u00e9l\u00e9phones \u00e9gar\u00e9s peuvent \u00eatre transf\u00e9r\u00e9es gratuitement vers un nouvel appareil.&nbsp; <\/p>\n<\/div>\n<\/div>\n\n\n\n<div class=\"wp-block-group grey-bg-block has-very-light-gray-background-color has-background\"><div class=\"wp-block-group__inner-container is-layout-flow wp-block-group-is-layout-flow\">\n<div class=\"wp-block-group\"><div class=\"wp-block-group__inner-container is-layout-flow wp-block-group-is-layout-flow\">\n<div class=\"wp-block-columns learnmore-block is-layout-flex wp-container-core-columns-is-layout-9d6595d7 wp-block-columns-is-layout-flex\">\n<div class=\"wp-block-column is-vertically-aligned-top is-layout-flow wp-block-column-is-layout-flow\" style=\"flex-basis:60%\"><div class=\"wp-block-image\">\n<figure class=\"alignleft size-large is-resized\"><img decoding=\"async\" src=\"https:\/\/www.yorku.ca\/wp-content\/plugins\/yu-blockpatterns\/img\/learnmore.png\" alt=\"\" class=\"wp-image-11892\" style=\"width:53px;height:76px\"\/><\/figure>\n<\/div>\n\n\n<h2 class=\"wp-block-heading\">Pour en savoir plus sur la carte YU<\/h2>\n\n\n\n<p>Vous avez d\u2019autres questions concernant la carte YU? Contactez l\u2019\u00e9quipe de la carte YU ou visitez le Bureau de la carte YU au <a rel=\"noreferrer noopener\" href=\"https:\/\/map.concept3d.com\/?id=1200#!m\/317170\" target=\"_blank\">William Small Centre (WSC), bureau\u202f222,<\/a> sur le campus Keele de York.&nbsp;<\/p>\n<\/div>\n\n\n\n<div class=\"wp-block-column is-vertically-aligned-center is-layout-flow wp-block-column-is-layout-flow\">\n<div class=\"wp-block-buttons is-horizontal is-content-justification-center is-layout-flex wp-container-core-buttons-is-layout-499968f5 wp-block-buttons-is-layout-flex\">\n<div class=\"wp-block-button is-style-outline is-style-outline--1\"><a class=\"wp-block-button__link wp-element-button\" href=\"https:\/\/www.yorku.ca\/yucard\/?page_id=2880&amp;lang=fr\">Visitez notre FAQ<\/a><\/div>\n<\/div>\n<\/div>\n<\/div>\n<\/div><\/div>\n<\/div><\/div>\n\n\n\n<div class=\"wp-block-group\"><div class=\"wp-block-group__inner-container is-layout-flow wp-block-group-is-layout-flow\">\n<div class=\"wp-block-cover is-light full-width navigation-list\" style=\"min-height:430px;aspect-ratio:unset;\"><span aria-hidden=\"true\" class=\"wp-block-cover__background has-very-dark-gray-background-color has-background-dim\"><\/span><img loading=\"lazy\" decoding=\"async\" width=\"1080\" height=\"720\" class=\"wp-block-cover__image-background wp-image-2499\" alt=\"\" src=\"https:\/\/www.yorku.ca\/yucard\/wp-content\/uploads\/sites\/54\/2023\/06\/York_NOV0838-WEBSIZE.png\" style=\"object-position:62% 51%\" data-object-fit=\"cover\" data-object-position=\"62% 51%\" srcset=\"https:\/\/www.yorku.ca\/yucard\/wp-content\/uploads\/sites\/54\/2023\/06\/York_NOV0838-WEBSIZE.png 1080w, https:\/\/www.yorku.ca\/yucard\/wp-content\/uploads\/sites\/54\/2023\/06\/York_NOV0838-WEBSIZE-300x200.png 300w, https:\/\/www.yorku.ca\/yucard\/wp-content\/uploads\/sites\/54\/2023\/06\/York_NOV0838-WEBSIZE-1024x683.png 1024w\" sizes=\"auto, (max-width: 1080px) 100vw, 1080px\" \/><div class=\"wp-block-cover__inner-container is-layout-flow wp-block-cover-is-layout-flow\">\n<div class=\"wp-block-group container pt-4 mt-3\"><div class=\"wp-block-group__inner-container is-layout-flow wp-block-group-is-layout-flow\">\n<h2 class=\"wp-block-heading has-white-color has-text-color has-link-color wp-elements-561e9c5ece36caf8a840f72189bb5c55\">Ressources<\/h2>\n\n\n\n<ul class=\"wp-block-list list-unstyled\">\n<li><a href=\"https:\/\/www.library.yorku.ca\/web\/questions-et-services\/emprunter-renouveler-retourner\/privileges-demprunt\/?lang=fr\" data-type=\"URL\" data-id=\"https:\/\/infosec.yorku.ca\/\">Les biblioth\u00e8ques YorkU et votre carte YU\u00a0 <i class=\"fas fa-arrow-right\"><\/i><\/a><\/li>\n\n\n\n<li><a href=\"https:\/\/www.yorku.ca\/uit\/student-services\/passwords-passport-york-access\/\" data-type=\"URL\" data-id=\"https:\/\/www.yorku.ca\/uit\/student-services\/passwords-passport-york-access\/\">Passport York <i class=\"fas fa-arrow-right\"><\/i><\/a> <\/li>\n\n\n\n<li><a href=\"https:\/\/www.yorku.ca\/safety\/access\/\" data-type=\"URL\" data-id=\"https:\/\/www.yorku.ca\/safety\/access\/\">Acc\u00e8s aux b\u00e2timents&nbsp; <i class=\"fas fa-arrow-right\"><\/i><\/a><\/li>\n\n\n\n<li><a href=\"https:\/\/www.yorku.ca\/foodservices\/meal-plans\/\" data-type=\"URL\" data-id=\"https:\/\/www.yorku.ca\/foodservices\/meal-plans\/\">Services alimentaires et plans-repas <i class=\"fas fa-arrow-right\"><\/i><\/a><\/li>\n<\/ul>\n<\/div><\/div>\n\n\n\n<p><\/p>\n<\/div><\/div>\n<\/div><\/div>\n","protected":false},"excerpt":{"rendered":"<p>Allons-y! \u00c9tape\u202f1&nbsp; Demandez votre carte YU Soumettez une demande de carte YU. \u00c9tape\u202f2&nbsp; Faites approuver vos photos&nbsp; Une fois votre demande soumise, attendez un courriel d\u2019approbation. \u00c9tape\u202f3&nbsp; Obtenez votre carte YU&nbsp; Ajoutez votre carte YU mobile \u00e0 votre portefeuille num\u00e9rique.&nbsp; Carte YU mat\u00e9rielle | Vous avez besoin d\u2019une carte YU mat\u00e9rielle? Rendez-vous au Bureau de [&hellip;]<\/p>\n","protected":false},"author":1177,"featured_media":3042,"parent":0,"menu_order":0,"comment_status":"closed","ping_status":"closed","template":"secondary-page.php","meta":{"_kad_blocks_custom_css":"","_kad_blocks_head_custom_js":"","_kad_blocks_body_custom_js":"","_kad_blocks_footer_custom_js":"","footnotes":""},"tags":[],"class_list":["post-2895","page","type-page","status-publish","has-post-thumbnail","hentry"],"taxonomy_info":[],"featured_image_src_large":["https:\/\/www.yorku.ca\/yucard\/wp-content\/uploads\/sites\/54\/2023\/08\/BaileySanderson_York_NOV1858-Iphone-Insert-RESIZED-1-1024x381.png",1024,381,true],"author_info":{"display_name":"jthsieh","author_link":"https:\/\/www.yorku.ca\/yucard\/author\/jthsieh\/"},"comment_info":"","_links":{"self":[{"href":"https:\/\/www.yorku.ca\/yucard\/wp-json\/wp\/v2\/pages\/2895","targetHints":{"allow":["GET"]}}],"collection":[{"href":"https:\/\/www.yorku.ca\/yucard\/wp-json\/wp\/v2\/pages"}],"about":[{"href":"https:\/\/www.yorku.ca\/yucard\/wp-json\/wp\/v2\/types\/page"}],"author":[{"embeddable":true,"href":"https:\/\/www.yorku.ca\/yucard\/wp-json\/wp\/v2\/users\/1177"}],"replies":[{"embeddable":true,"href":"https:\/\/www.yorku.ca\/yucard\/wp-json\/wp\/v2\/comments?post=2895"}],"version-history":[{"count":12,"href":"https:\/\/www.yorku.ca\/yucard\/wp-json\/wp\/v2\/pages\/2895\/revisions"}],"predecessor-version":[{"id":4183,"href":"https:\/\/www.yorku.ca\/yucard\/wp-json\/wp\/v2\/pages\/2895\/revisions\/4183"}],"wp:featuredmedia":[{"embeddable":true,"href":"https:\/\/www.yorku.ca\/yucard\/wp-json\/wp\/v2\/media\/3042"}],"wp:attachment":[{"href":"https:\/\/www.yorku.ca\/yucard\/wp-json\/wp\/v2\/media?parent=2895"}],"wp:term":[{"taxonomy":"post_tag","embeddable":true,"href":"https:\/\/www.yorku.ca\/yucard\/wp-json\/wp\/v2\/tags?post=2895"}],"curies":[{"name":"wp","href":"https:\/\/api.w.org\/{rel}","templated":true}]}}