  {"id":944,"date":"2022-03-30T10:56:24","date_gmt":"2022-03-30T14:56:24","guid":{"rendered":"https:\/\/www.yorku.ca\/unit\/vpacad\/academic-integrity\/instructors-and-tas\/"},"modified":"2025-03-20T11:26:31","modified_gmt":"2025-03-20T15:26:31","slug":"instructors-and-tas","status":"publish","type":"page","link":"https:\/\/www.yorku.ca\/unit\/vpacad\/academic-integrity\/instructors-and-tas\/?lang=fr","title":{"rendered":"Corps enseignant et TA"},"content":{"rendered":"\n<div style=\"height:54px\" aria-hidden=\"true\" class=\"wp-block-spacer\"><\/div>\n\n\n\n<hr class=\"wp-block-separator has-css-opacity is-style-wide\"\/>\n\n\n\n<div class=\"wp-block-media-text is-stacked-on-mobile\" style=\"grid-template-columns:15% auto\"><figure class=\"wp-block-media-text__media\"><img loading=\"lazy\" decoding=\"async\" width=\"150\" height=\"150\" src=\"https:\/\/www.yorku.ca\/unit\/vpacad\/academic-integrity\/wp-content\/uploads\/sites\/576\/2024\/08\/CollabAlt_outline_1_DarkRed.png\" alt=\"\" class=\"wp-image-2420 size-full\"\/><\/figure><div class=\"wp-block-media-text__content\">\n<div style=\"height:29px\" aria-hidden=\"true\" class=\"wp-block-spacer\"><\/div>\n\n\n\n<p>Le corps enseignant et les TA jouent un r\u00f4le essentiel en sensibilisant les \u00e9tudiantes et \u00e9tudiants \u00e0 l\u2019honn\u00eatet\u00e9 intellectuelle et en les aidant \u00e0 comprendre leurs responsabilit\u00e9s. Les sections suivantes fournissent des informations, des strat\u00e9gies et des ressources \u00e0 int\u00e9grer afin de promouvoir un environnement d\u2019apprentissage o\u00f9 on encourage le comportement positif des \u00e9tudiantes et \u00e9tudiants afin de minimiser les cas de manquements d\u00e9ontologiques.\u202f&nbsp;<\/p>\n\n\n\n<div style=\"height:69px\" aria-hidden=\"true\" class=\"wp-block-spacer\"><\/div>\n<\/div><\/div>\n\n\n\n<hr class=\"wp-block-separator has-alpha-channel-opacity\"\/>\n\n\n\n<div style=\"height:106px\" aria-hidden=\"true\" class=\"wp-block-spacer\"><\/div>\n\n\n\n<div class=\"wp-block-columns card-deck aspect-ratio is-layout-flex wp-container-core-columns-is-layout-1 wp-block-columns-is-layout-flex\">\n<div class=\"wp-block-column card rounded-0 is-layout-flow wp-block-column-is-layout-flow\">\n<figure class=\"wp-block-image size-large mb-0\"><img loading=\"lazy\" decoding=\"async\" width=\"1024\" height=\"680\" src=\"https:\/\/www.yorku.ca\/unit\/vpacad\/academic-integrity\/wp-content\/uploads\/sites\/576\/2024\/08\/Class_engagement-1024x680.png\" alt=\"\" class=\"wp-image-2355\" srcset=\"https:\/\/www.yorku.ca\/unit\/vpacad\/academic-integrity\/wp-content\/uploads\/sites\/576\/2024\/08\/Class_engagement-1024x680.png 1024w, https:\/\/www.yorku.ca\/unit\/vpacad\/academic-integrity\/wp-content\/uploads\/sites\/576\/2024\/08\/Class_engagement-400x265.png 400w, https:\/\/www.yorku.ca\/unit\/vpacad\/academic-integrity\/wp-content\/uploads\/sites\/576\/2024\/08\/Class_engagement.png 1296w\" sizes=\"auto, (max-width: 1024px) 100vw, 1024px\" \/><\/figure>\n\n\n\n<div class=\"wp-block-group card-body\"><div class=\"wp-block-group__inner-container is-layout-flow wp-block-group-is-layout-flow\">\n<p class=\"card-title font-weight-bold\"><strong><a href=\"https:\/\/www.yorku.ca\/unit\/vpacad\/academic-integrity\/academic-integrity-in-the-learning-environment\/?lang=fr\" target=\"_blank\" rel=\"noreferrer noopener\">L\u2019honn\u00eatet\u00e9 intellectuelle dans l\u2019environnement d\u2019apprentissage<\/a><\/strong><\/p>\n\n\n\n<p class=\"card-title font-weight-bold\">Explorez les strat\u00e9gies visant \u00e0 int\u00e9grer les principes d\u2019honn\u00eatet\u00e9 intellectuelle dans la p\u00e9dagogie et la conception de l\u2019\u00e9valuation.&nbsp;<\/p>\n<\/div><\/div>\n<\/div>\n\n\n\n<div class=\"wp-block-column card rounded-0 is-layout-flow wp-block-column-is-layout-flow\">\n<figure class=\"wp-block-image size-full mb-0\"><img loading=\"lazy\" decoding=\"async\" width=\"942\" height=\"626\" src=\"https:\/\/www.yorku.ca\/unit\/vpacad\/academic-integrity\/wp-content\/uploads\/sites\/576\/2024\/05\/Screen-Shot-2024-05-27-at-1.15.39-PM.png\" alt=\"\" class=\"wp-image-2302\" srcset=\"https:\/\/www.yorku.ca\/unit\/vpacad\/academic-integrity\/wp-content\/uploads\/sites\/576\/2024\/05\/Screen-Shot-2024-05-27-at-1.15.39-PM.png 942w, https:\/\/www.yorku.ca\/unit\/vpacad\/academic-integrity\/wp-content\/uploads\/sites\/576\/2024\/05\/Screen-Shot-2024-05-27-at-1.15.39-PM-400x266.png 400w\" sizes=\"auto, (max-width: 942px) 100vw, 942px\" \/><\/figure>\n\n\n\n<div class=\"wp-block-group card-body\"><div class=\"wp-block-group__inner-container is-layout-flow wp-block-group-is-layout-flow\">\n<p class=\"card-title font-weight-bold\"><strong><a href=\"https:\/\/www.yorku.ca\/unit\/vpacad\/academic-integrity\/ai-technology-and-academic-integrity\/?lang=fr\" target=\"_blank\" rel=\"noreferrer noopener\">Intelligence artificielle g\u00e9n\u00e9rative et honn\u00eatet\u00e9 intellectuelle<\/a><\/strong><\/p>\n\n\n\n<p class=\"card-text\">Engagez des discussions en classe sur l\u2019utilisation de l\u2019intelligence artificielle g\u00e9n\u00e9rative afin d\u2019aider les \u00e9tudiantes et \u00e9tudiants \u00e0 comprendre les attentes et \u00e0 \u00e9viter les manquements d\u00e9ontologiques.&nbsp;<\/p>\n<\/div><\/div>\n<\/div>\n<\/div>\n\n\n\n<div style=\"height:32px\" aria-hidden=\"true\" class=\"wp-block-spacer\"><\/div>\n\n\n\n<div class=\"wp-block-columns card-deck aspect-ratio is-layout-flex wp-container-core-columns-is-layout-2 wp-block-columns-is-layout-flex\">\n<div class=\"wp-block-column card rounded-0 is-layout-flow wp-block-column-is-layout-flow\">\n<figure class=\"wp-block-image size-large mb-0\"><a href=\"https:\/\/www.yorku.ca\/unit\/vpacad\/academic-integrity\/syllabus-statements\/\"><img loading=\"lazy\" decoding=\"async\" width=\"1024\" height=\"678\" src=\"https:\/\/www.yorku.ca\/unit\/vpacad\/academic-integrity\/wp-content\/uploads\/sites\/576\/2024\/08\/Syll_statement-1024x678.png\" alt=\"\" class=\"wp-image-2359\" srcset=\"https:\/\/www.yorku.ca\/unit\/vpacad\/academic-integrity\/wp-content\/uploads\/sites\/576\/2024\/08\/Syll_statement-1024x678.png 1024w, https:\/\/www.yorku.ca\/unit\/vpacad\/academic-integrity\/wp-content\/uploads\/sites\/576\/2024\/08\/Syll_statement-400x265.png 400w, https:\/\/www.yorku.ca\/unit\/vpacad\/academic-integrity\/wp-content\/uploads\/sites\/576\/2024\/08\/Syll_statement.png 1302w\" sizes=\"auto, (max-width: 1024px) 100vw, 1024px\" \/><\/a><\/figure>\n\n\n\n<div class=\"wp-block-group card-body\"><div class=\"wp-block-group__inner-container is-layout-flow wp-block-group-is-layout-flow\">\n<p class=\"card-title font-weight-bold\"><strong><a href=\"https:\/\/www.yorku.ca\/unit\/vpacad\/academic-integrity\/syllabus-statements\/?lang=fr\" target=\"_blank\" rel=\"noreferrer noopener\">D\u00e9clarations sur l\u2019honn\u00eatet\u00e9 intellectuelle dans les plans de cours<\/a><\/strong><\/p>\n\n\n\n<p class=\"card-text\">Incorporez des d\u00e9clarations dans vos plans de cours pour d\u00e9montrer aux \u00e9tudiantes et \u00e9tudiants l\u2019importance accord\u00e9e \u00e0 l\u2019honn\u00eatet\u00e9 intellectuelle.&nbsp;<\/p>\n<\/div><\/div>\n<\/div>\n\n\n\n<div class=\"wp-block-column card rounded-0 is-layout-flow wp-block-column-is-layout-flow\">\n<figure class=\"wp-block-image size-full is-resized mb-0\"><img loading=\"lazy\" decoding=\"async\" width=\"1242\" height=\"770\" src=\"https:\/\/www.yorku.ca\/unit\/vpacad\/academic-integrity\/wp-content\/uploads\/sites\/576\/2024\/08\/Instructor-Resources.png\" alt=\"\" class=\"wp-image-2370\" style=\"width:494px;height:auto\" srcset=\"https:\/\/www.yorku.ca\/unit\/vpacad\/academic-integrity\/wp-content\/uploads\/sites\/576\/2024\/08\/Instructor-Resources.png 1242w, https:\/\/www.yorku.ca\/unit\/vpacad\/academic-integrity\/wp-content\/uploads\/sites\/576\/2024\/08\/Instructor-Resources-400x248.png 400w, https:\/\/www.yorku.ca\/unit\/vpacad\/academic-integrity\/wp-content\/uploads\/sites\/576\/2024\/08\/Instructor-Resources-1024x635.png 1024w\" sizes=\"auto, (max-width: 1242px) 100vw, 1242px\" \/><\/figure>\n\n\n\n<div class=\"wp-block-group card-body\"><div class=\"wp-block-group__inner-container is-layout-flow wp-block-group-is-layout-flow\">\n<p class=\"card-title font-weight-bold\"><strong><a href=\"https:\/\/www.yorku.ca\/unit\/vpacad\/academic-integrity\/using-academic-integrity-resources\/?lang=fr\" target=\"_blank\" rel=\"noreferrer noopener\">Utilisation des ressources sur l\u2019honn\u00eatet\u00e9 intellectuelle<\/a><\/strong><\/p>\n\n\n\n<p class=\"card-text\">Explorez les moyens de communiquer les attentes et d\u2019encourager l\u2019honn\u00eatet\u00e9 intellectuelle dans toutes les activit\u00e9s universitaires.&nbsp;<\/p>\n<\/div><\/div>\n<\/div>\n<\/div>\n\n\n\n<div style=\"height:71px\" aria-hidden=\"true\" class=\"wp-block-spacer\"><\/div>\n\n\n<div class=\"wp-block-image\">\n<figure class=\"aligncenter size-full is-resized\"><img loading=\"lazy\" decoding=\"async\" width=\"150\" height=\"150\" src=\"https:\/\/www.yorku.ca\/unit\/vpacad\/academic-integrity\/wp-content\/uploads\/sites\/576\/2024\/08\/Pinwheel_outline_1_DarkRed.png\" alt=\"\" class=\"wp-image-2746\" style=\"width:142px;height:auto\"\/><\/figure><\/div>\n\n\n<div style=\"height:75px\" aria-hidden=\"true\" class=\"wp-block-spacer\"><\/div>\n\n\n\n<hr class=\"wp-block-separator has-text-color has-vivid-red-color has-css-opacity has-vivid-red-background-color has-background is-style-wide\"\/>\n\n\n\n<div style=\"height:75px\" aria-hidden=\"true\" class=\"wp-block-spacer\"><\/div>\n","protected":false},"excerpt":{"rendered":"<p>L\u2019honn\u00eatet\u00e9 intellectuelle dans l\u2019environnement d\u2019apprentissage Explorez les strat\u00e9gies visant \u00e0 int\u00e9grer les principes d\u2019honn\u00eatet\u00e9 intellectuelle dans la p\u00e9dagogie et la conception de l\u2019\u00e9valuation.&nbsp; Intelligence artificielle g\u00e9n\u00e9rative et honn\u00eatet\u00e9 intellectuelle Engagez des discussions en classe sur l\u2019utilisation de l\u2019intelligence artificielle g\u00e9n\u00e9rative afin d\u2019aider les \u00e9tudiantes et \u00e9tudiants \u00e0 comprendre les attentes et \u00e0 \u00e9viter les manquements [&hellip;]<\/p>\n","protected":false},"author":1150,"featured_media":0,"parent":0,"menu_order":0,"comment_status":"closed","ping_status":"closed","template":"","meta":{"_kad_blocks_custom_css":"","_kad_blocks_head_custom_js":"","_kad_blocks_body_custom_js":"","_kad_blocks_footer_custom_js":"","footnotes":""},"tags":[],"class_list":["post-944","page","type-page","status-publish","hentry"],"yoast_head":"<!-- This site is optimized with the Yoast SEO plugin v24.0 - https:\/\/yoast.com\/wordpress\/plugins\/seo\/ -->\n<title>Corps enseignant et TA - Academic Integrity<\/title>\n<meta name=\"description\" content=\"Instructors are encouraged to promote academic integrity in their learning environments. This page provides instructors with resources.\" \/>\n<meta name=\"robots\" content=\"index, follow, max-snippet:-1, max-image-preview:large, max-video-preview:-1\" \/>\n<link rel=\"canonical\" href=\"https:\/\/www.yorku.ca\/unit\/vpacad\/academic-integrity\/instructors-and-tas\/\" \/>\n<meta property=\"og:locale\" content=\"en_US\" \/>\n<meta property=\"og:type\" content=\"article\" \/>\n<meta property=\"og:title\" content=\"Corps enseignant et TA - Academic Integrity\" \/>\n<meta property=\"og:description\" content=\"Instructors are encouraged to promote academic integrity in their learning environments. This page provides instructors with resources.\" \/>\n<meta property=\"og:url\" content=\"https:\/\/www.yorku.ca\/unit\/vpacad\/academic-integrity\/instructors-and-tas\/?lang=fr\" \/>\n<meta property=\"og:site_name\" content=\"Academic Integrity\" \/>\n<meta property=\"article:modified_time\" content=\"2025-03-20T15:26:31+00:00\" \/>\n<meta property=\"og:image\" content=\"https:\/\/www.yorku.ca\/unit\/vpacad\/academic-integrity\/wp-content\/uploads\/sites\/576\/2024\/08\/CollabAlt_outline_1_DarkRed.png\" \/>\n\t<meta property=\"og:image:width\" content=\"150\" \/>\n\t<meta property=\"og:image:height\" content=\"150\" \/>\n\t<meta property=\"og:image:type\" content=\"image\/png\" \/>\n<meta name=\"twitter:card\" content=\"summary_large_image\" \/>\n<meta name=\"twitter:label1\" content=\"Est. reading time\" \/>\n\t<meta name=\"twitter:data1\" content=\"2 minutes\" \/>\n<script type=\"application\/ld+json\" class=\"yoast-schema-graph\">{\"@context\":\"https:\/\/schema.org\",\"@graph\":[{\"@type\":\"WebPage\",\"@id\":\"https:\/\/www.yorku.ca\/unit\/vpacad\/academic-integrity\/instructors-and-tas\/?lang=fr\",\"url\":\"https:\/\/www.yorku.ca\/unit\/vpacad\/academic-integrity\/instructors-and-tas\/?lang=fr\",\"name\":\"Corps enseignant et TA - Academic Integrity\",\"isPartOf\":{\"@id\":\"https:\/\/www.yorku.ca\/unit\/vpacad\/academic-integrity\/#website\"},\"primaryImageOfPage\":{\"@id\":\"https:\/\/www.yorku.ca\/unit\/vpacad\/academic-integrity\/instructors-and-tas\/?lang=fr#primaryimage\"},\"image\":{\"@id\":\"https:\/\/www.yorku.ca\/unit\/vpacad\/academic-integrity\/instructors-and-tas\/?lang=fr#primaryimage\"},\"thumbnailUrl\":\"https:\/\/www.yorku.ca\/unit\/vpacad\/academic-integrity\/wp-content\/uploads\/sites\/576\/2024\/08\/CollabAlt_outline_1_DarkRed.png\",\"datePublished\":\"2022-03-30T14:56:24+00:00\",\"dateModified\":\"2025-03-20T15:26:31+00:00\",\"description\":\"Instructors are encouraged to promote academic integrity in their learning environments. This page provides instructors with resources.\",\"breadcrumb\":{\"@id\":\"https:\/\/www.yorku.ca\/unit\/vpacad\/academic-integrity\/instructors-and-tas\/?lang=fr#breadcrumb\"},\"inLanguage\":\"en-US\",\"potentialAction\":[{\"@type\":\"ReadAction\",\"target\":[\"https:\/\/www.yorku.ca\/unit\/vpacad\/academic-integrity\/instructors-and-tas\/?lang=fr\"]}]},{\"@type\":\"ImageObject\",\"inLanguage\":\"en-US\",\"@id\":\"https:\/\/www.yorku.ca\/unit\/vpacad\/academic-integrity\/instructors-and-tas\/?lang=fr#primaryimage\",\"url\":\"https:\/\/www.yorku.ca\/unit\/vpacad\/academic-integrity\/wp-content\/uploads\/sites\/576\/2024\/08\/CollabAlt_outline_1_DarkRed.png\",\"contentUrl\":\"https:\/\/www.yorku.ca\/unit\/vpacad\/academic-integrity\/wp-content\/uploads\/sites\/576\/2024\/08\/CollabAlt_outline_1_DarkRed.png\",\"width\":150,\"height\":150},{\"@type\":\"BreadcrumbList\",\"@id\":\"https:\/\/www.yorku.ca\/unit\/vpacad\/academic-integrity\/instructors-and-tas\/?lang=fr#breadcrumb\",\"itemListElement\":[{\"@type\":\"ListItem\",\"position\":1,\"name\":\"Home\",\"item\":\"https:\/\/www.yorku.ca\/unit\/vpacad\/academic-integrity\/\"},{\"@type\":\"ListItem\",\"position\":2,\"name\":\"Corps enseignant et TA\"}]},{\"@type\":\"WebSite\",\"@id\":\"https:\/\/www.yorku.ca\/unit\/vpacad\/academic-integrity\/#website\",\"url\":\"https:\/\/www.yorku.ca\/unit\/vpacad\/academic-integrity\/\",\"name\":\"Academic Integrity\",\"description\":\"\",\"potentialAction\":[{\"@type\":\"SearchAction\",\"target\":{\"@type\":\"EntryPoint\",\"urlTemplate\":\"https:\/\/www.yorku.ca\/unit\/vpacad\/academic-integrity\/?s={search_term_string}\"},\"query-input\":{\"@type\":\"PropertyValueSpecification\",\"valueRequired\":true,\"valueName\":\"search_term_string\"}}],\"inLanguage\":\"en-US\"}]}<\/script>\n<!-- \/ Yoast SEO plugin. -->","yoast_head_json":{"title":"Corps enseignant et TA - Academic Integrity","description":"Instructors are encouraged to promote academic integrity in their learning environments. This page provides instructors with resources.","robots":{"index":"index","follow":"follow","max-snippet":"max-snippet:-1","max-image-preview":"max-image-preview:large","max-video-preview":"max-video-preview:-1"},"canonical":"https:\/\/www.yorku.ca\/unit\/vpacad\/academic-integrity\/instructors-and-tas\/","og_locale":"en_US","og_type":"article","og_title":"Corps enseignant et TA - Academic Integrity","og_description":"Instructors are encouraged to promote academic integrity in their learning environments. This page provides instructors with resources.","og_url":"https:\/\/www.yorku.ca\/unit\/vpacad\/academic-integrity\/instructors-and-tas\/?lang=fr","og_site_name":"Academic Integrity","article_modified_time":"2025-03-20T15:26:31+00:00","og_image":[{"width":150,"height":150,"url":"https:\/\/www.yorku.ca\/unit\/vpacad\/academic-integrity\/wp-content\/uploads\/sites\/576\/2024\/08\/CollabAlt_outline_1_DarkRed.png","type":"image\/png"}],"twitter_card":"summary_large_image","twitter_misc":{"Est. reading time":"2 minutes"},"schema":{"@context":"https:\/\/schema.org","@graph":[{"@type":"WebPage","@id":"https:\/\/www.yorku.ca\/unit\/vpacad\/academic-integrity\/instructors-and-tas\/?lang=fr","url":"https:\/\/www.yorku.ca\/unit\/vpacad\/academic-integrity\/instructors-and-tas\/?lang=fr","name":"Corps enseignant et TA - Academic Integrity","isPartOf":{"@id":"https:\/\/www.yorku.ca\/unit\/vpacad\/academic-integrity\/#website"},"primaryImageOfPage":{"@id":"https:\/\/www.yorku.ca\/unit\/vpacad\/academic-integrity\/instructors-and-tas\/?lang=fr#primaryimage"},"image":{"@id":"https:\/\/www.yorku.ca\/unit\/vpacad\/academic-integrity\/instructors-and-tas\/?lang=fr#primaryimage"},"thumbnailUrl":"https:\/\/www.yorku.ca\/unit\/vpacad\/academic-integrity\/wp-content\/uploads\/sites\/576\/2024\/08\/CollabAlt_outline_1_DarkRed.png","datePublished":"2022-03-30T14:56:24+00:00","dateModified":"2025-03-20T15:26:31+00:00","description":"Instructors are encouraged to promote academic integrity in their learning environments. This page provides instructors with resources.","breadcrumb":{"@id":"https:\/\/www.yorku.ca\/unit\/vpacad\/academic-integrity\/instructors-and-tas\/?lang=fr#breadcrumb"},"inLanguage":"en-US","potentialAction":[{"@type":"ReadAction","target":["https:\/\/www.yorku.ca\/unit\/vpacad\/academic-integrity\/instructors-and-tas\/?lang=fr"]}]},{"@type":"ImageObject","inLanguage":"en-US","@id":"https:\/\/www.yorku.ca\/unit\/vpacad\/academic-integrity\/instructors-and-tas\/?lang=fr#primaryimage","url":"https:\/\/www.yorku.ca\/unit\/vpacad\/academic-integrity\/wp-content\/uploads\/sites\/576\/2024\/08\/CollabAlt_outline_1_DarkRed.png","contentUrl":"https:\/\/www.yorku.ca\/unit\/vpacad\/academic-integrity\/wp-content\/uploads\/sites\/576\/2024\/08\/CollabAlt_outline_1_DarkRed.png","width":150,"height":150},{"@type":"BreadcrumbList","@id":"https:\/\/www.yorku.ca\/unit\/vpacad\/academic-integrity\/instructors-and-tas\/?lang=fr#breadcrumb","itemListElement":[{"@type":"ListItem","position":1,"name":"Home","item":"https:\/\/www.yorku.ca\/unit\/vpacad\/academic-integrity\/"},{"@type":"ListItem","position":2,"name":"Corps enseignant et TA"}]},{"@type":"WebSite","@id":"https:\/\/www.yorku.ca\/unit\/vpacad\/academic-integrity\/#website","url":"https:\/\/www.yorku.ca\/unit\/vpacad\/academic-integrity\/","name":"Academic Integrity","description":"","potentialAction":[{"@type":"SearchAction","target":{"@type":"EntryPoint","urlTemplate":"https:\/\/www.yorku.ca\/unit\/vpacad\/academic-integrity\/?s={search_term_string}"},"query-input":{"@type":"PropertyValueSpecification","valueRequired":true,"valueName":"search_term_string"}}],"inLanguage":"en-US"}]}},"taxonomy_info":[],"featured_image_src_large":false,"author_info":{"display_name":"angclark","author_link":"https:\/\/www.yorku.ca\/unit\/vpacad\/academic-integrity\/author\/angclark\/"},"comment_info":0,"_links":{"self":[{"href":"https:\/\/www.yorku.ca\/unit\/vpacad\/academic-integrity\/wp-json\/wp\/v2\/pages\/944","targetHints":{"allow":["GET"]}}],"collection":[{"href":"https:\/\/www.yorku.ca\/unit\/vpacad\/academic-integrity\/wp-json\/wp\/v2\/pages"}],"about":[{"href":"https:\/\/www.yorku.ca\/unit\/vpacad\/academic-integrity\/wp-json\/wp\/v2\/types\/page"}],"author":[{"embeddable":true,"href":"https:\/\/www.yorku.ca\/unit\/vpacad\/academic-integrity\/wp-json\/wp\/v2\/users\/1150"}],"replies":[{"embeddable":true,"href":"https:\/\/www.yorku.ca\/unit\/vpacad\/academic-integrity\/wp-json\/wp\/v2\/comments?post=944"}],"version-history":[{"count":8,"href":"https:\/\/www.yorku.ca\/unit\/vpacad\/academic-integrity\/wp-json\/wp\/v2\/pages\/944\/revisions"}],"predecessor-version":[{"id":4044,"href":"https:\/\/www.yorku.ca\/unit\/vpacad\/academic-integrity\/wp-json\/wp\/v2\/pages\/944\/revisions\/4044"}],"wp:attachment":[{"href":"https:\/\/www.yorku.ca\/unit\/vpacad\/academic-integrity\/wp-json\/wp\/v2\/media?parent=944"}],"wp:term":[{"taxonomy":"post_tag","embeddable":true,"href":"https:\/\/www.yorku.ca\/unit\/vpacad\/academic-integrity\/wp-json\/wp\/v2\/tags?post=944"}],"curies":[{"name":"wp","href":"https:\/\/api.w.org\/{rel}","templated":true}]}}