  {"id":818,"date":"2020-06-24T15:07:15","date_gmt":"2020-06-24T19:07:15","guid":{"rendered":"https:\/\/www.yorku.ca\/unit\/vpacad\/academic-integrity\/students\/"},"modified":"2025-03-12T10:25:28","modified_gmt":"2025-03-12T14:25:28","slug":"students","status":"publish","type":"page","link":"https:\/\/www.yorku.ca\/unit\/vpacad\/academic-integrity\/students\/?lang=fr","title":{"rendered":"Population \u00e9tudiante"},"content":{"rendered":"\n<div style=\"height:31px\" aria-hidden=\"true\" class=\"wp-block-spacer\"><\/div>\n\n\n\n<hr class=\"wp-block-separator has-alpha-channel-opacity\"\/>\n\n\n\n<div style=\"height:39px\" aria-hidden=\"true\" class=\"wp-block-spacer\"><\/div>\n\n\n\n<div class=\"wp-block-media-text is-stacked-on-mobile\" style=\"grid-template-columns:15% auto\"><figure class=\"wp-block-media-text__media\"><img loading=\"lazy\" decoding=\"async\" width=\"150\" height=\"150\" src=\"https:\/\/www.yorku.ca\/unit\/vpacad\/academic-integrity\/wp-content\/uploads\/sites\/576\/2024\/08\/SpotlightAlt_1_DarkRed.png\" alt=\"\" class=\"wp-image-2513 size-full\"\/><\/figure><div class=\"wp-block-media-text__content\">\n<p>York propose un vaste \u00e9ventail de ressources et de services con\u00e7us pour soutenir votre parcours acad\u00e9mique et vous aider \u00e0 r\u00e9ussir. Explorez les liens ci-dessous pour d\u00e9couvrir des informations pr\u00e9cieuses sur le respect de l\u2019honn\u00eatet\u00e9 intellectuelle, ainsi que des possibilit\u00e9s d\u2019am\u00e9liorer votre apprentissage et de tirer le meilleur parti de votre parcours universitaire.\u00a0<\/p>\n<\/div><\/div>\n\n\n\n<p><\/p>\n\n\n\n<div style=\"height:29px\" aria-hidden=\"true\" class=\"wp-block-spacer\"><\/div>\n\n\n\n<div class=\"wp-block-columns card-deck aspect-ratio is-layout-flex wp-container-core-columns-is-layout-1 wp-block-columns-is-layout-flex\">\n<div class=\"wp-block-column card rounded-0 is-layout-flow wp-block-column-is-layout-flow\">\n<figure class=\"wp-block-image size-full mb-0\"><img loading=\"lazy\" decoding=\"async\" width=\"977\" height=\"651\" src=\"https:\/\/www.yorku.ca\/unit\/vpacad\/academic-integrity\/wp-content\/uploads\/sites\/576\/2024\/08\/glendon_multimedia_students.jpeg\" alt=\"\" class=\"wp-image-2952\" srcset=\"https:\/\/www.yorku.ca\/unit\/vpacad\/academic-integrity\/wp-content\/uploads\/sites\/576\/2024\/08\/glendon_multimedia_students.jpeg 977w, https:\/\/www.yorku.ca\/unit\/vpacad\/academic-integrity\/wp-content\/uploads\/sites\/576\/2024\/08\/glendon_multimedia_students-400x267.jpeg 400w\" sizes=\"auto, (max-width: 977px) 100vw, 977px\" \/><\/figure>\n\n\n\n<div class=\"wp-block-group card-body\"><div class=\"wp-block-group__inner-container is-layout-flow wp-block-group-is-layout-flow\">\n<p class=\"card-title font-weight-bold\"><a href=\"https:\/\/www.yorku.ca\/unit\/vpacad\/academic-integrity\/student-resources\/\"><a href=\"https:\/\/www.yorku.ca\/unit\/vpacad\/academic-integrity\/student-resources\/?lang=fr\" target=\"_blank\" rel=\"noreferrer noopener\"><strong>Ressources pour la population \u00e9tudiante<\/strong><\/a><\/a><\/p>\n\n\n\n<p class=\"card-text\">Explorez les ressources de soutien qui vous aideront \u00e0 r\u00e9ussir de mani\u00e8re l\u00e9gitime.\u00a0<\/p>\n<\/div><\/div>\n<\/div>\n\n\n\n<div class=\"wp-block-column card rounded-0 is-layout-flow wp-block-column-is-layout-flow\">\n<figure class=\"wp-block-image size-large mb-0\"><img loading=\"lazy\" decoding=\"async\" width=\"1024\" height=\"683\" src=\"https:\/\/www.yorku.ca\/unit\/vpacad\/academic-integrity\/wp-content\/uploads\/sites\/576\/2024\/08\/arboretum-students-bench10-1024x683.jpg\" alt=\"\" class=\"wp-image-2950\" srcset=\"https:\/\/www.yorku.ca\/unit\/vpacad\/academic-integrity\/wp-content\/uploads\/sites\/576\/2024\/08\/arboretum-students-bench10-1024x683.jpg 1024w, https:\/\/www.yorku.ca\/unit\/vpacad\/academic-integrity\/wp-content\/uploads\/sites\/576\/2024\/08\/arboretum-students-bench10-400x267.jpg 400w, https:\/\/www.yorku.ca\/unit\/vpacad\/academic-integrity\/wp-content\/uploads\/sites\/576\/2024\/08\/arboretum-students-bench10-1536x1024.jpg 1536w, https:\/\/www.yorku.ca\/unit\/vpacad\/academic-integrity\/wp-content\/uploads\/sites\/576\/2024\/08\/arboretum-students-bench10-2048x1365.jpg 2048w\" sizes=\"auto, (max-width: 1024px) 100vw, 1024px\" \/><\/figure>\n\n\n\n<div class=\"wp-block-group card-body\"><div class=\"wp-block-group__inner-container is-layout-flow wp-block-group-is-layout-flow\">\n<p class=\"card-title font-weight-bold\"><a href=\"https:\/\/www.yorku.ca\/unit\/vpacad\/academic-integrity\/avoiding-a-breach\/\"><a href=\"https:\/\/www.yorku.ca\/unit\/vpacad\/academic-integrity\/avoiding-a-breach\/?lang=fr\" target=\"_blank\" rel=\"noreferrer noopener\"><strong>\u00c9viter une infraction<\/strong><\/a><\/a><\/p>\n\n\n\n<p class=\"card-text\">D\u00e9couvrez ce qui peut provoquer une infraction et comment l\u2019\u00e9viter.<\/p>\n<\/div><\/div>\n<\/div>\n\n\n\n<div class=\"wp-block-column card rounded-0 is-layout-flow wp-block-column-is-layout-flow\"><div class=\"wp-block-image mb-0\">\n<figure class=\"aligncenter size-large is-resized\"><img loading=\"lazy\" decoding=\"async\" width=\"1024\" height=\"715\" src=\"https:\/\/www.yorku.ca\/unit\/vpacad\/academic-integrity\/wp-content\/uploads\/sites\/576\/2024\/08\/Screen-Shot-2024-08-21-at-3.38.30-AM-1024x715.png\" alt=\"\" class=\"wp-image-2937\" style=\"width:242px;height:auto\" srcset=\"https:\/\/www.yorku.ca\/unit\/vpacad\/academic-integrity\/wp-content\/uploads\/sites\/576\/2024\/08\/Screen-Shot-2024-08-21-at-3.38.30-AM-1024x715.png 1024w, https:\/\/www.yorku.ca\/unit\/vpacad\/academic-integrity\/wp-content\/uploads\/sites\/576\/2024\/08\/Screen-Shot-2024-08-21-at-3.38.30-AM-400x279.png 400w, https:\/\/www.yorku.ca\/unit\/vpacad\/academic-integrity\/wp-content\/uploads\/sites\/576\/2024\/08\/Screen-Shot-2024-08-21-at-3.38.30-AM.png 1212w\" sizes=\"auto, (max-width: 1024px) 100vw, 1024px\" \/><\/figure><\/div>\n\n\n<div class=\"wp-block-group card-body\"><div class=\"wp-block-group__inner-container is-layout-flow wp-block-group-is-layout-flow\">\n<p class=\"card-title font-weight-bold\"><a href=\"https:\/\/www.yorku.ca\/unit\/vpacad\/academic-integrity\/faq\/\"><a href=\"https:\/\/www.yorku.ca\/unit\/vpacad\/academic-integrity\/faq\/?lang=fr\" target=\"_blank\" rel=\"noreferrer noopener\"><strong>Foire aux questions<\/strong><\/a><\/a><\/p>\n\n\n\n<p class=\"card-text\">Trouvez les r\u00e9ponses \u00e0 vos questions sur l\u2019honn\u00eatet\u00e9 intellectuelle\u00a0<\/p>\n<\/div><\/div>\n<\/div>\n<\/div>\n\n\n\n<div style=\"height:32px\" aria-hidden=\"true\" class=\"wp-block-spacer\"><\/div>\n\n\n\n<div class=\"wp-block-columns card-deck aspect-ratio is-layout-flex wp-container-core-columns-is-layout-2 wp-block-columns-is-layout-flex\">\n<div class=\"wp-block-column card rounded-0 is-layout-flow wp-block-column-is-layout-flow\">\n<figure class=\"wp-block-image size-large mb-0\"><img loading=\"lazy\" decoding=\"async\" width=\"1024\" height=\"576\" src=\"https:\/\/www.yorku.ca\/unit\/vpacad\/academic-integrity\/wp-content\/uploads\/sites\/576\/2022\/04\/Powtoon_Screenshot-7-1024x576.jpg\" alt=\"\" class=\"wp-image-598\" srcset=\"https:\/\/www.yorku.ca\/unit\/vpacad\/academic-integrity\/wp-content\/uploads\/sites\/576\/2022\/04\/Powtoon_Screenshot-7-1024x576.jpg 1024w, https:\/\/www.yorku.ca\/unit\/vpacad\/academic-integrity\/wp-content\/uploads\/sites\/576\/2022\/04\/Powtoon_Screenshot-7-400x225.jpg 400w, https:\/\/www.yorku.ca\/unit\/vpacad\/academic-integrity\/wp-content\/uploads\/sites\/576\/2022\/04\/Powtoon_Screenshot-7-1536x864.jpg 1536w, https:\/\/www.yorku.ca\/unit\/vpacad\/academic-integrity\/wp-content\/uploads\/sites\/576\/2022\/04\/Powtoon_Screenshot-7.jpg 1920w\" sizes=\"auto, (max-width: 1024px) 100vw, 1024px\" \/><\/figure>\n\n\n\n<div class=\"wp-block-group card-body\"><div class=\"wp-block-group__inner-container is-layout-flow wp-block-group-is-layout-flow\">\n<p class=\"card-title font-weight-bold\"><a href=\"https:\/\/www.yorku.ca\/unit\/vpacad\/academic-integrity\/academic-honesty-modules\/\"><a href=\"https:\/\/www.yorku.ca\/unit\/vpacad\/academic-integrity\/academic-honesty-modules\/?lang=fr\" target=\"_blank\" rel=\"noreferrer noopener\"><strong>Modules sur l\u2019honn\u00eatet\u00e9 intellectuelle<\/strong><\/a><\/a><\/p>\n\n\n\n<p class=\"card-text\">Explorez les modules vid\u00e9o interactifs sur l\u2019honn\u00eatet\u00e9 intellectuelle \u00e0 York.\u00a0<\/p>\n<\/div><\/div>\n<\/div>\n\n\n\n<div class=\"wp-block-column is-vertically-aligned-center card rounded-0 is-layout-flow wp-block-column-is-layout-flow\"><div class=\"wp-block-image mb-0\">\n<figure class=\"aligncenter size-full is-resized\"><img loading=\"lazy\" decoding=\"async\" width=\"1118\" height=\"628\" src=\"https:\/\/www.yorku.ca\/unit\/vpacad\/academic-integrity\/wp-content\/uploads\/sites\/576\/2023\/04\/learning-3245793_1280.jpeg\" alt=\"\" class=\"wp-image-1927\" style=\"width:291px;height:auto\" srcset=\"https:\/\/www.yorku.ca\/unit\/vpacad\/academic-integrity\/wp-content\/uploads\/sites\/576\/2023\/04\/learning-3245793_1280.jpeg 1118w, https:\/\/www.yorku.ca\/unit\/vpacad\/academic-integrity\/wp-content\/uploads\/sites\/576\/2023\/04\/learning-3245793_1280-400x225.jpeg 400w, https:\/\/www.yorku.ca\/unit\/vpacad\/academic-integrity\/wp-content\/uploads\/sites\/576\/2023\/04\/learning-3245793_1280-1024x575.jpeg 1024w\" sizes=\"auto, (max-width: 1118px) 100vw, 1118px\" \/><\/figure><\/div>\n\n\n<div class=\"wp-block-group card-body\"><div class=\"wp-block-group__inner-container is-layout-flow wp-block-group-is-layout-flow\">\n<p class=\"card-title font-weight-bold\"><a href=\"https:\/\/www.yorku.ca\/unit\/vpacad\/academic-integrity\/ai-technology-academic-integrity\/\"><a href=\"https:\/\/www.yorku.ca\/unit\/vpacad\/academic-integrity\/ai-technology-academic-integrity?lang=fr\/\" target=\"_blank\" rel=\"noreferrer noopener\"><strong>Technologie de l\u2019IA et honn\u00eatet\u00e9 intellectuelle<\/strong><\/a><\/a><\/p>\n\n\n\n<p class=\"card-text\">D\u00e9couvrez les attentes de York et ce que vous pouvez faire pour \u00e9viter les infractions.<\/p>\n<\/div><\/div>\n<\/div>\n\n\n\n<div class=\"wp-block-column card rounded-0 is-layout-flow wp-block-column-is-layout-flow\">\n<figure class=\"wp-block-image size-full is-resized mb-0\"><img loading=\"lazy\" decoding=\"async\" width=\"1639\" height=\"1093\" src=\"https:\/\/www.yorku.ca\/unit\/vpacad\/academic-integrity\/wp-content\/uploads\/sites\/576\/2024\/08\/library_atrium3.jpeg\" alt=\"\" class=\"wp-image-2947\" style=\"width:257px;height:auto\" srcset=\"https:\/\/www.yorku.ca\/unit\/vpacad\/academic-integrity\/wp-content\/uploads\/sites\/576\/2024\/08\/library_atrium3.jpeg 1639w, https:\/\/www.yorku.ca\/unit\/vpacad\/academic-integrity\/wp-content\/uploads\/sites\/576\/2024\/08\/library_atrium3-400x267.jpeg 400w, https:\/\/www.yorku.ca\/unit\/vpacad\/academic-integrity\/wp-content\/uploads\/sites\/576\/2024\/08\/library_atrium3-1024x683.jpeg 1024w, https:\/\/www.yorku.ca\/unit\/vpacad\/academic-integrity\/wp-content\/uploads\/sites\/576\/2024\/08\/library_atrium3-1536x1024.jpeg 1536w\" sizes=\"auto, (max-width: 1639px) 100vw, 1639px\" \/><\/figure>\n\n\n\n<div class=\"wp-block-group card-body\"><div class=\"wp-block-group__inner-container is-layout-flow wp-block-group-is-layout-flow\">\n<p class=\"card-title font-weight-bold\"><a href=\"https:\/\/www.library.yorku.ca\/web\/ask-services\/\"><a href=\"https:\/\/www.library.yorku.ca\/web\/questions-et-services\/?lang=fr\" target=\"_blank\" rel=\"noreferrer noopener\"><strong>Biblioth\u00e8ques de l\u2019Universit\u00e9 York<\/strong><\/a><\/a><\/p>\n\n\n\n<p class=\"card-text\">La biblioth\u00e8que est votre alli\u00e9e pour apprendre et pratiquer l\u2019honn\u00eatet\u00e9 intellectuelle.\u00a0<\/p>\n<\/div><\/div>\n<\/div>\n<\/div>\n\n\n\n<div style=\"height:100px\" aria-hidden=\"true\" class=\"wp-block-spacer\"><\/div>\n\n\n<div class=\"wp-block-image\">\n<figure class=\"aligncenter size-full\"><img loading=\"lazy\" decoding=\"async\" width=\"150\" height=\"150\" src=\"https:\/\/www.yorku.ca\/unit\/vpacad\/academic-integrity\/wp-content\/uploads\/sites\/576\/2024\/08\/DblChevronLine_outline_1_DarkRed.png\" alt=\"\" class=\"wp-image-2903\"\/><\/figure><\/div>\n\n\n<div style=\"height:100px\" aria-hidden=\"true\" class=\"wp-block-spacer\"><\/div>\n\n\n\n<hr class=\"wp-block-separator has-css-opacity is-style-wide\"\/>\n\n\n\n<div style=\"height:100px\" aria-hidden=\"true\" class=\"wp-block-spacer\"><\/div>\n","protected":false},"excerpt":{"rendered":"<p>York propose un vaste \u00e9ventail de ressources et de services con\u00e7us pour soutenir votre parcours acad\u00e9mique et vous aider \u00e0 r\u00e9ussir. Explorez les liens ci-dessous pour d\u00e9couvrir des informations pr\u00e9cieuses sur le respect de l\u2019honn\u00eatet\u00e9 intellectuelle, ainsi que des possibilit\u00e9s d\u2019am\u00e9liorer votre apprentissage et de tirer le meilleur parti de votre parcours universitaire.\u00a0 Ressources pour [&hellip;]<\/p>\n","protected":false},"author":2,"featured_media":0,"parent":0,"menu_order":0,"comment_status":"closed","ping_status":"closed","template":"secondary-page.php","meta":{"_kad_blocks_custom_css":"","_kad_blocks_head_custom_js":"","_kad_blocks_body_custom_js":"","_kad_blocks_footer_custom_js":"","footnotes":""},"tags":[],"class_list":["post-818","page","type-page","status-publish","hentry"],"yoast_head":"<!-- This site is optimized with the Yoast SEO plugin v24.0 - https:\/\/yoast.com\/wordpress\/plugins\/seo\/ -->\n<title>Population \u00e9tudiante - Academic Integrity<\/title>\n<meta name=\"description\" content=\"This is the homepage for student resources on academic integrity. It connects students to other areas of the site and to the YorkU library.\" \/>\n<meta name=\"robots\" content=\"index, follow, max-snippet:-1, max-image-preview:large, max-video-preview:-1\" \/>\n<link rel=\"canonical\" href=\"https:\/\/www.yorku.ca\/unit\/vpacad\/academic-integrity\/students\/\" \/>\n<meta property=\"og:locale\" content=\"en_US\" \/>\n<meta property=\"og:type\" content=\"article\" \/>\n<meta property=\"og:title\" content=\"Population \u00e9tudiante - Academic Integrity\" \/>\n<meta property=\"og:description\" content=\"This is the homepage for student resources on academic integrity. It connects students to other areas of the site and to the YorkU library.\" \/>\n<meta property=\"og:url\" content=\"https:\/\/www.yorku.ca\/unit\/vpacad\/academic-integrity\/students\/?lang=fr\" \/>\n<meta property=\"og:site_name\" content=\"Academic Integrity\" \/>\n<meta property=\"article:modified_time\" content=\"2025-03-12T14:25:28+00:00\" \/>\n<meta property=\"og:image\" content=\"https:\/\/www.yorku.ca\/unit\/vpacad\/academic-integrity\/wp-content\/uploads\/sites\/576\/2024\/08\/SpotlightAlt_1_DarkRed.png\" \/>\n\t<meta property=\"og:image:width\" content=\"150\" \/>\n\t<meta property=\"og:image:height\" content=\"150\" \/>\n\t<meta property=\"og:image:type\" content=\"image\/png\" \/>\n<meta name=\"twitter:card\" content=\"summary_large_image\" \/>\n<meta name=\"twitter:label1\" content=\"Est. reading time\" \/>\n\t<meta name=\"twitter:data1\" content=\"3 minutes\" \/>\n<script type=\"application\/ld+json\" class=\"yoast-schema-graph\">{\"@context\":\"https:\/\/schema.org\",\"@graph\":[{\"@type\":\"WebPage\",\"@id\":\"https:\/\/www.yorku.ca\/unit\/vpacad\/academic-integrity\/students\/?lang=fr\",\"url\":\"https:\/\/www.yorku.ca\/unit\/vpacad\/academic-integrity\/students\/?lang=fr\",\"name\":\"Population \u00e9tudiante - Academic Integrity\",\"isPartOf\":{\"@id\":\"https:\/\/www.yorku.ca\/unit\/vpacad\/academic-integrity\/#website\"},\"primaryImageOfPage\":{\"@id\":\"https:\/\/www.yorku.ca\/unit\/vpacad\/academic-integrity\/students\/?lang=fr#primaryimage\"},\"image\":{\"@id\":\"https:\/\/www.yorku.ca\/unit\/vpacad\/academic-integrity\/students\/?lang=fr#primaryimage\"},\"thumbnailUrl\":\"https:\/\/www.yorku.ca\/unit\/vpacad\/academic-integrity\/wp-content\/uploads\/sites\/576\/2024\/08\/SpotlightAlt_1_DarkRed.png\",\"datePublished\":\"2020-06-24T19:07:15+00:00\",\"dateModified\":\"2025-03-12T14:25:28+00:00\",\"description\":\"This is the homepage for student resources on academic integrity. It connects students to other areas of the site and to the YorkU library.\",\"breadcrumb\":{\"@id\":\"https:\/\/www.yorku.ca\/unit\/vpacad\/academic-integrity\/students\/?lang=fr#breadcrumb\"},\"inLanguage\":\"en-US\",\"potentialAction\":[{\"@type\":\"ReadAction\",\"target\":[\"https:\/\/www.yorku.ca\/unit\/vpacad\/academic-integrity\/students\/?lang=fr\"]}]},{\"@type\":\"ImageObject\",\"inLanguage\":\"en-US\",\"@id\":\"https:\/\/www.yorku.ca\/unit\/vpacad\/academic-integrity\/students\/?lang=fr#primaryimage\",\"url\":\"https:\/\/www.yorku.ca\/unit\/vpacad\/academic-integrity\/wp-content\/uploads\/sites\/576\/2024\/08\/SpotlightAlt_1_DarkRed.png\",\"contentUrl\":\"https:\/\/www.yorku.ca\/unit\/vpacad\/academic-integrity\/wp-content\/uploads\/sites\/576\/2024\/08\/SpotlightAlt_1_DarkRed.png\",\"width\":150,\"height\":150},{\"@type\":\"BreadcrumbList\",\"@id\":\"https:\/\/www.yorku.ca\/unit\/vpacad\/academic-integrity\/students\/?lang=fr#breadcrumb\",\"itemListElement\":[{\"@type\":\"ListItem\",\"position\":1,\"name\":\"Home\",\"item\":\"https:\/\/www.yorku.ca\/unit\/vpacad\/academic-integrity\/\"},{\"@type\":\"ListItem\",\"position\":2,\"name\":\"Population \u00e9tudiante\"}]},{\"@type\":\"WebSite\",\"@id\":\"https:\/\/www.yorku.ca\/unit\/vpacad\/academic-integrity\/#website\",\"url\":\"https:\/\/www.yorku.ca\/unit\/vpacad\/academic-integrity\/\",\"name\":\"Academic Integrity\",\"description\":\"\",\"potentialAction\":[{\"@type\":\"SearchAction\",\"target\":{\"@type\":\"EntryPoint\",\"urlTemplate\":\"https:\/\/www.yorku.ca\/unit\/vpacad\/academic-integrity\/?s={search_term_string}\"},\"query-input\":{\"@type\":\"PropertyValueSpecification\",\"valueRequired\":true,\"valueName\":\"search_term_string\"}}],\"inLanguage\":\"en-US\"}]}<\/script>\n<!-- \/ Yoast SEO plugin. -->","yoast_head_json":{"title":"Population \u00e9tudiante - Academic Integrity","description":"This is the homepage for student resources on academic integrity. It connects students to other areas of the site and to the YorkU library.","robots":{"index":"index","follow":"follow","max-snippet":"max-snippet:-1","max-image-preview":"max-image-preview:large","max-video-preview":"max-video-preview:-1"},"canonical":"https:\/\/www.yorku.ca\/unit\/vpacad\/academic-integrity\/students\/","og_locale":"en_US","og_type":"article","og_title":"Population \u00e9tudiante - Academic Integrity","og_description":"This is the homepage for student resources on academic integrity. It connects students to other areas of the site and to the YorkU library.","og_url":"https:\/\/www.yorku.ca\/unit\/vpacad\/academic-integrity\/students\/?lang=fr","og_site_name":"Academic Integrity","article_modified_time":"2025-03-12T14:25:28+00:00","og_image":[{"width":150,"height":150,"url":"https:\/\/www.yorku.ca\/unit\/vpacad\/academic-integrity\/wp-content\/uploads\/sites\/576\/2024\/08\/SpotlightAlt_1_DarkRed.png","type":"image\/png"}],"twitter_card":"summary_large_image","twitter_misc":{"Est. reading time":"3 minutes"},"schema":{"@context":"https:\/\/schema.org","@graph":[{"@type":"WebPage","@id":"https:\/\/www.yorku.ca\/unit\/vpacad\/academic-integrity\/students\/?lang=fr","url":"https:\/\/www.yorku.ca\/unit\/vpacad\/academic-integrity\/students\/?lang=fr","name":"Population \u00e9tudiante - Academic Integrity","isPartOf":{"@id":"https:\/\/www.yorku.ca\/unit\/vpacad\/academic-integrity\/#website"},"primaryImageOfPage":{"@id":"https:\/\/www.yorku.ca\/unit\/vpacad\/academic-integrity\/students\/?lang=fr#primaryimage"},"image":{"@id":"https:\/\/www.yorku.ca\/unit\/vpacad\/academic-integrity\/students\/?lang=fr#primaryimage"},"thumbnailUrl":"https:\/\/www.yorku.ca\/unit\/vpacad\/academic-integrity\/wp-content\/uploads\/sites\/576\/2024\/08\/SpotlightAlt_1_DarkRed.png","datePublished":"2020-06-24T19:07:15+00:00","dateModified":"2025-03-12T14:25:28+00:00","description":"This is the homepage for student resources on academic integrity. It connects students to other areas of the site and to the YorkU library.","breadcrumb":{"@id":"https:\/\/www.yorku.ca\/unit\/vpacad\/academic-integrity\/students\/?lang=fr#breadcrumb"},"inLanguage":"en-US","potentialAction":[{"@type":"ReadAction","target":["https:\/\/www.yorku.ca\/unit\/vpacad\/academic-integrity\/students\/?lang=fr"]}]},{"@type":"ImageObject","inLanguage":"en-US","@id":"https:\/\/www.yorku.ca\/unit\/vpacad\/academic-integrity\/students\/?lang=fr#primaryimage","url":"https:\/\/www.yorku.ca\/unit\/vpacad\/academic-integrity\/wp-content\/uploads\/sites\/576\/2024\/08\/SpotlightAlt_1_DarkRed.png","contentUrl":"https:\/\/www.yorku.ca\/unit\/vpacad\/academic-integrity\/wp-content\/uploads\/sites\/576\/2024\/08\/SpotlightAlt_1_DarkRed.png","width":150,"height":150},{"@type":"BreadcrumbList","@id":"https:\/\/www.yorku.ca\/unit\/vpacad\/academic-integrity\/students\/?lang=fr#breadcrumb","itemListElement":[{"@type":"ListItem","position":1,"name":"Home","item":"https:\/\/www.yorku.ca\/unit\/vpacad\/academic-integrity\/"},{"@type":"ListItem","position":2,"name":"Population \u00e9tudiante"}]},{"@type":"WebSite","@id":"https:\/\/www.yorku.ca\/unit\/vpacad\/academic-integrity\/#website","url":"https:\/\/www.yorku.ca\/unit\/vpacad\/academic-integrity\/","name":"Academic Integrity","description":"","potentialAction":[{"@type":"SearchAction","target":{"@type":"EntryPoint","urlTemplate":"https:\/\/www.yorku.ca\/unit\/vpacad\/academic-integrity\/?s={search_term_string}"},"query-input":{"@type":"PropertyValueSpecification","valueRequired":true,"valueName":"search_term_string"}}],"inLanguage":"en-US"}]}},"taxonomy_info":[],"featured_image_src_large":false,"author_info":{"display_name":"Alice","author_link":"https:\/\/www.yorku.ca\/unit\/vpacad\/academic-integrity\/author\/alicet\/"},"comment_info":0,"_links":{"self":[{"href":"https:\/\/www.yorku.ca\/unit\/vpacad\/academic-integrity\/wp-json\/wp\/v2\/pages\/818","targetHints":{"allow":["GET"]}}],"collection":[{"href":"https:\/\/www.yorku.ca\/unit\/vpacad\/academic-integrity\/wp-json\/wp\/v2\/pages"}],"about":[{"href":"https:\/\/www.yorku.ca\/unit\/vpacad\/academic-integrity\/wp-json\/wp\/v2\/types\/page"}],"author":[{"embeddable":true,"href":"https:\/\/www.yorku.ca\/unit\/vpacad\/academic-integrity\/wp-json\/wp\/v2\/users\/2"}],"replies":[{"embeddable":true,"href":"https:\/\/www.yorku.ca\/unit\/vpacad\/academic-integrity\/wp-json\/wp\/v2\/comments?post=818"}],"version-history":[{"count":13,"href":"https:\/\/www.yorku.ca\/unit\/vpacad\/academic-integrity\/wp-json\/wp\/v2\/pages\/818\/revisions"}],"predecessor-version":[{"id":3931,"href":"https:\/\/www.yorku.ca\/unit\/vpacad\/academic-integrity\/wp-json\/wp\/v2\/pages\/818\/revisions\/3931"}],"wp:attachment":[{"href":"https:\/\/www.yorku.ca\/unit\/vpacad\/academic-integrity\/wp-json\/wp\/v2\/media?parent=818"}],"wp:term":[{"taxonomy":"post_tag","embeddable":true,"href":"https:\/\/www.yorku.ca\/unit\/vpacad\/academic-integrity\/wp-json\/wp\/v2\/tags?post=818"}],"curies":[{"name":"wp","href":"https:\/\/api.w.org\/{rel}","templated":true}]}}