  {"id":815,"date":"2020-06-24T15:04:51","date_gmt":"2020-06-24T19:04:51","guid":{"rendered":"https:\/\/www.yorku.ca\/unit\/vpacad\/academic-integrity\/home\/"},"modified":"2025-07-31T14:43:44","modified_gmt":"2025-07-31T18:43:44","slug":"home","status":"publish","type":"page","link":"https:\/\/www.yorku.ca\/unit\/vpacad\/academic-integrity\/home\/?lang=fr","title":{"rendered":"Honn\u00eatet\u00e9 intellectuelle"},"content":{"rendered":"\n<div style=\"height:49px\" aria-hidden=\"true\" class=\"wp-block-spacer\"><\/div>\n\n\n\n<p>L\u2019honn\u00eatet\u00e9 intellectuelle est un engagement envers six valeurs fondamentales\u202f: honn\u00eatet\u00e9, confiance, \u00e9quit\u00e9, respect, responsabilit\u00e9 et courage (ICAI, 2021).\u202f&nbsp;<\/p>\n\n\n\n<p>York s\u2019engage \u00e0 maintenir les normes d\u2019honn\u00eatet\u00e9 intellectuelle les plus \u00e9lev\u00e9es dans tous les domaines de la vie universitaire, y compris l\u2019enseignement, l\u2019apprentissage et la recherche. Chaque membre de notre communaut\u00e9 joue un r\u00f4le essentiel dans la promotion de ces valeurs. Ce site Web est un p\u00f4le d\u2019information et de ressources sur l\u2019honn\u00eatet\u00e9 intellectuelle. Il a \u00e9t\u00e9 con\u00e7u pour am\u00e9liorer la sensibilisation, clarifier les attentes et renforcer notre engagement collectif en faveur d\u2019une culture d\u2019int\u00e9grit\u00e9 \u00e0 York.&nbsp;<\/p>\n\n\n\n<div style=\"height:95px\" aria-hidden=\"true\" class=\"wp-block-spacer\"><\/div>\n\n\n\n<p><\/p>\n\n\n\n<div class=\"wp-block-columns infographics-block card-deck is-layout-flex wp-container-core-columns-is-layout-11 wp-block-columns-is-layout-flex\">\n<div class=\"wp-block-column is-layout-flow wp-block-column-is-layout-flow\">\n<div class=\"wp-block-columns is-layout-flex wp-container-core-columns-is-layout-5 wp-block-columns-is-layout-flex\">\n<div class=\"wp-block-column is-layout-flow wp-block-column-is-layout-flow\">\n<div class=\"wp-block-columns is-layout-flex wp-container-core-columns-is-layout-1 wp-block-columns-is-layout-flex\">\n<div class=\"wp-block-column is-layout-flow wp-block-column-is-layout-flow\" style=\"flex-basis:33.33%\">\n<figure class=\"wp-block-image size-full is-resized\"><img decoding=\"async\" src=\"https:\/\/www.yorku.ca\/unit\/vpacad\/academic-integrity\/wp-content\/uploads\/sites\/9\/2020\/07\/Menu_sr_rgb_x2.png\" alt=\"\" class=\"wp-image-9000001371\" style=\"width:62px;height:64px\"\/><\/figure>\n<\/div>\n\n\n\n<div class=\"wp-block-column is-layout-flow wp-block-column-is-layout-flow\" style=\"flex-basis:66.66%\">\n<h3 class=\"wp-block-heading h6\"><a href=\"https:\/\/www.yorku.ca\/unit\/vpacad\/academic-integrity\/students\/\"><\/a><a href=\"https:\/\/www.yorku.ca\/unit\/vpacad\/academic-integrity\/?lang=fr\" target=\"_blank\" rel=\"noreferrer noopener\">La population \u00e9tudiante et l\u2019honn\u00eatet\u00e9 intellectuelle<\/a><\/h3>\n\n\n\n<p>Explorez les informations et les ressources qui vous aideront \u00e0 r\u00e9ussir de fa\u00e7on honn\u00eate.\u202f&nbsp;&nbsp;<\/p>\n<\/div>\n<\/div>\n<\/div>\n\n\n\n<div class=\"wp-block-column is-layout-flow wp-block-column-is-layout-flow\">\n<div class=\"wp-block-columns is-layout-flex wp-container-core-columns-is-layout-2 wp-block-columns-is-layout-flex\">\n<div class=\"wp-block-column is-layout-flow wp-block-column-is-layout-flow\" style=\"flex-basis:33.33%\">\n<figure class=\"wp-block-image size-large\"><img decoding=\"async\" src=\"https:\/\/www.yorku.ca\/wp-content\/plugins\/yu-blockpatterns\/img\/arrow-right.png\" alt=\"\" class=\"wp-image-11509\"\/><\/figure>\n<\/div>\n\n\n\n<div class=\"wp-block-column is-layout-flow wp-block-column-is-layout-flow\" style=\"flex-basis:66.66%\">\n<h3 class=\"wp-block-heading h6\"><a href=\"https:\/\/www.yorku.ca\/unit\/vpacad\/academic-integrity\/avoiding-a-breach\/?lang=fr\" target=\"_blank\" rel=\"noreferrer noopener\">\u00c9viter une infraction<\/a><\/h3>\n\n\n\n<p>D\u00e9couvrez ce qui peut provoquer une infraction et explorez des conseils pratiques pour l\u2019\u00e9viter.&nbsp;<\/p>\n<\/div>\n<\/div>\n<\/div>\n\n\n\n<div class=\"wp-block-column is-layout-flow wp-block-column-is-layout-flow\">\n<div class=\"wp-block-columns is-layout-flex wp-container-core-columns-is-layout-3 wp-block-columns-is-layout-flex\">\n<div class=\"wp-block-column is-layout-flow wp-block-column-is-layout-flow\" style=\"flex-basis:33.33%\">\n<figure class=\"wp-block-image size-full\"><img decoding=\"async\" src=\"https:\/\/www.yorku.ca\/unit\/vpacad\/academic-integrity\/wp-content\/uploads\/sites\/9\/2020\/07\/Star_sr_rgb_x2.png\" alt=\"\" class=\"wp-image-9000001381\"\/><\/figure>\n<\/div>\n\n\n\n<div class=\"wp-block-column is-layout-flow wp-block-column-is-layout-flow\" style=\"flex-basis:66.66%\">\n<h3 class=\"wp-block-heading h6\"><a href=\"https:\/\/www.yorku.ca\/unit\/vpacad\/academic-integrity\/academic-honesty-modules\"><\/a><a href=\"https:\/\/www.yorku.ca\/unit\/vpacad\/academic-integrity\/academic-honesty-modules\/?lang=fr\" target=\"_blank\" rel=\"noreferrer noopener\">Modules sur l\u2019honn\u00eatet\u00e9 intellectuelle<\/a><\/h3>\n\n\n\n<p>Faites nos modules \u00e9ducatifs sur l\u2019honn\u00eatet\u00e9 intellectuelle.&nbsp;<\/p>\n<\/div>\n<\/div>\n<\/div>\n\n\n\n<div class=\"wp-block-column is-layout-flow wp-block-column-is-layout-flow\">\n<div class=\"wp-block-columns is-layout-flex wp-container-core-columns-is-layout-4 wp-block-columns-is-layout-flex\">\n<div class=\"wp-block-column is-layout-flow wp-block-column-is-layout-flow\" style=\"flex-basis:33.33%\">\n<figure class=\"wp-block-image size-large\"><img decoding=\"async\" src=\"https:\/\/www.yorku.ca\/wp-content\/plugins\/yu-blockpatterns\/img\/arrow-fullscreen.png\" alt=\"\" class=\"wp-image-11504\"\/><\/figure>\n<\/div>\n\n\n\n<div class=\"wp-block-column is-layout-flow wp-block-column-is-layout-flow\" style=\"flex-basis:66.66%\">\n<h3 class=\"wp-block-heading h6\"><a href=\"https:\/\/www.yorku.ca\/unit\/vpacad\/academic-integrity\/faq\">FAQ<\/a><\/h3>\n\n\n\n<p>Trouvez les r\u00e9ponses aux questions les plus fr\u00e9quentes de la population \u00e9tudiante.\u202f&nbsp;<\/p>\n<\/div>\n<\/div>\n<\/div>\n<\/div>\n\n\n\n<div class=\"wp-block-columns is-layout-flex wp-container-core-columns-is-layout-10 wp-block-columns-is-layout-flex\">\n<div class=\"wp-block-column is-layout-flow wp-block-column-is-layout-flow\">\n<div class=\"wp-block-columns is-layout-flex wp-container-core-columns-is-layout-6 wp-block-columns-is-layout-flex\">\n<div class=\"wp-block-column is-layout-flow wp-block-column-is-layout-flow\" style=\"flex-basis:33.33%\">\n<figure class=\"wp-block-image size-full is-resized\"><img decoding=\"async\" src=\"https:\/\/www.yorku.ca\/unit\/vpacad\/academic-integrity\/wp-content\/uploads\/sites\/9\/2020\/07\/Justice_sr_rgb_x2.png\" alt=\"\" class=\"wp-image-9000001368\" style=\"width:73px;height:66px\"\/><\/figure>\n\n\n\n<p><\/p>\n<\/div>\n\n\n\n<div class=\"wp-block-column is-layout-flow wp-block-column-is-layout-flow\" style=\"flex-basis:66.66%\">\n<h3 class=\"wp-block-heading h6\"><a href=\"https:\/\/www.yorku.ca\/unit\/vpacad\/academic-integrity\/instructors-and-tas\"><\/a><a href=\"https:\/\/www.yorku.ca\/unit\/vpacad\/academic-integrity\/instructors-and-tas\/?lang=fr\" target=\"_blank\" rel=\"noreferrer noopener\">Enseignant\u00b7e\u00b7s et TA<\/a><\/h3>\n\n\n\n<p>D\u00e9couvrez des strat\u00e9gies pour encourager l\u2019honn\u00eatet\u00e9 intellectuelle en salle de classe.&nbsp;<\/p>\n<\/div>\n<\/div>\n<\/div>\n\n\n\n<div class=\"wp-block-column is-layout-flow wp-block-column-is-layout-flow\">\n<div class=\"wp-block-columns is-layout-flex wp-container-core-columns-is-layout-7 wp-block-columns-is-layout-flex\">\n<div class=\"wp-block-column is-layout-flow wp-block-column-is-layout-flow\" style=\"flex-basis:33.33%\">\n<figure class=\"wp-block-image size-large\"><img decoding=\"async\" src=\"https:\/\/www.yorku.ca\/wp-content\/plugins\/yu-blockpatterns\/img\/plus-sign-addition.png\" alt=\"\" class=\"wp-image-11517\"\/><\/figure>\n<\/div>\n\n\n\n<div class=\"wp-block-column is-layout-flow wp-block-column-is-layout-flow\" style=\"flex-basis:66.66%\">\n<h3 class=\"wp-block-heading h6\"><a href=\"https:\/\/www.yorku.ca\/unit\/vpacad\/academic-integrity\/using-academic-integrity-resources\/\"><\/a><a href=\"https:\/\/www.yorku.ca\/unit\/vpacad\/academic-integrity\/using-academic-integrity-resources\/?lang=fr\" target=\"_blank\" rel=\"noreferrer noopener\">Utilisation des ressources<\/a><\/h3>\n\n\n\n<p>Explorez des ressources pour aider vos \u00e9tudiants et \u00e9tudiantes \u00e0 faire preuve d\u2019honn\u00eatet\u00e9 intellectuelle.&nbsp;<\/p>\n<\/div>\n<\/div>\n<\/div>\n\n\n\n<div class=\"wp-block-column is-layout-flow wp-block-column-is-layout-flow\">\n<div class=\"wp-block-columns is-layout-flex wp-container-core-columns-is-layout-8 wp-block-columns-is-layout-flex\">\n<div class=\"wp-block-column is-layout-flow wp-block-column-is-layout-flow\" style=\"flex-basis:33.33%\">\n<figure class=\"wp-block-image size-full\"><img decoding=\"async\" src=\"https:\/\/www.yorku.ca\/unit\/vpacad\/academic-integrity\/wp-content\/uploads\/sites\/9\/2020\/07\/Integ_sr_rgb_x2.png\" alt=\"\" class=\"wp-image-9000001367\" srcset=\"https:\/\/www.yorku.ca\/unit\/vpacad\/academic-integrity\/wp-content\/uploads\/sites\/9\/2020\/07\/Integ_sr_rgb_x2.png 172w, https:\/\/www.yorku.ca\/unit\/vpacad\/academic-integrity\/wp-content\/uploads\/sites\/9\/2020\/07\/Integ_sr_rgb_x2-150x150.png 150w\" sizes=\"(max-width: 172px) 100vw, 172px\" \/><\/figure>\n<\/div>\n\n\n\n<div class=\"wp-block-column is-layout-flow wp-block-column-is-layout-flow\" style=\"flex-basis:66.66%\">\n<h3 class=\"wp-block-heading h6\"><a href=\"https:\/\/www.yorku.ca\/secretariat\/policies\/policies\/academic-conduct-policy-and-procedures\/\"><\/a><a href=\"https:\/\/www.yorku.ca\/secretariat\/policies\/policies\/politique-et-procedures-pour-une-conduite-universitaire-responsable\/?lang=fr\" target=\"_blank\" rel=\"noreferrer noopener\">Politique du S\u00e9nat<\/a><\/h3>\n\n\n\n<p>Lisez la Politique et les proc\u00e9dures pour une conduite universitaire responsable<\/p>\n<\/div>\n<\/div>\n<\/div>\n\n\n\n<div class=\"wp-block-column is-layout-flow wp-block-column-is-layout-flow\">\n<div class=\"wp-block-columns is-layout-flex wp-container-core-columns-is-layout-9 wp-block-columns-is-layout-flex\">\n<div class=\"wp-block-column is-layout-flow wp-block-column-is-layout-flow\" style=\"flex-basis:33.33%\">\n<figure class=\"wp-block-image size-full\"><img decoding=\"async\" src=\"https:\/\/www.yorku.ca\/unit\/vpacad\/academic-integrity\/wp-content\/uploads\/sites\/9\/2020\/07\/Check_sr_rgb_x2.png\" alt=\"\" class=\"wp-image-9000001355\"\/><\/figure>\n<\/div>\n\n\n\n<div class=\"wp-block-column is-layout-flow wp-block-column-is-layout-flow\" style=\"flex-basis:66.66%\">\n<h3 class=\"wp-block-heading h6\"><a href=\"https:\/\/www.yorku.ca\/unit\/vpacad\/academic-integrity\/contact\"><\/a><a href=\"https:\/\/www.yorku.ca\/unit\/vpacad\/academic-integrity\/contact\/?lang=fr\" target=\"_blank\" rel=\"noreferrer noopener\">Coordonn\u00e9es<\/a><\/h3>\n\n\n\n<p>Personnes-ressources de chaque facult\u00e9 et renseignements g\u00e9n\u00e9raux&nbsp;<\/p>\n<\/div>\n<\/div>\n<\/div>\n<\/div>\n<\/div>\n<\/div>\n\n\n\n<div style=\"height:81px\" aria-hidden=\"true\" class=\"wp-block-spacer\"><\/div>\n\n\n\n<p><\/p>\n\n\n\n<p>International Center for Academic Integrity (ICAI). (2021). <em><a href=\"https:\/\/academicintegrity.org\/images\/pdfs\/20019_ICAI-Fundamental-Values_R12.pdf\" target=\"_blank\" rel=\"noreferrer noopener\">The fundamental values of academic integrity<\/a>.<\/em> (3rd ed.). <br><\/p>\n\n\n\n<div style=\"height:46px\" aria-hidden=\"true\" class=\"wp-block-spacer\"><\/div>\n\n\n\n<div style=\"height:50px\" aria-hidden=\"true\" class=\"wp-block-spacer\"><\/div>\n\n\n\n<p><\/p>\n","protected":false},"excerpt":{"rendered":"<p>L\u2019honn\u00eatet\u00e9 intellectuelle est un engagement envers six valeurs fondamentales\u202f: honn\u00eatet\u00e9, confiance, \u00e9quit\u00e9, respect, responsabilit\u00e9 et courage (ICAI, 2021).\u202f&nbsp; York s\u2019engage \u00e0 maintenir les normes d\u2019honn\u00eatet\u00e9 intellectuelle les plus \u00e9lev\u00e9es dans tous les domaines de la vie universitaire, y compris l\u2019enseignement, l\u2019apprentissage et la recherche. Chaque membre de notre communaut\u00e9 joue un r\u00f4le essentiel dans la [&hellip;]<\/p>\n","protected":false},"author":2,"featured_media":3104,"parent":0,"menu_order":0,"comment_status":"closed","ping_status":"closed","template":"secondary-page.php","meta":{"_kad_blocks_custom_css":"","_kad_blocks_head_custom_js":"","_kad_blocks_body_custom_js":"","_kad_blocks_footer_custom_js":"","footnotes":""},"tags":[],"class_list":["post-815","page","type-page","status-publish","has-post-thumbnail","hentry"],"yoast_head":"<!-- This site is optimized with the Yoast SEO plugin v24.0 - https:\/\/yoast.com\/wordpress\/plugins\/seo\/ -->\n<title>Honn\u00eatet\u00e9 intellectuelle - Academic Integrity<\/title>\n<meta name=\"description\" content=\"(The homepage.) YorkU is committed to maintaining the highest standards of academic integrity in teaching, learning, and research.\" \/>\n<meta name=\"robots\" content=\"index, follow, max-snippet:-1, max-image-preview:large, max-video-preview:-1\" \/>\n<link rel=\"canonical\" href=\"https:\/\/www.yorku.ca\/unit\/vpacad\/academic-integrity\/home\/\" \/>\n<meta property=\"og:locale\" content=\"en_US\" \/>\n<meta property=\"og:type\" content=\"article\" \/>\n<meta property=\"og:title\" content=\"Honn\u00eatet\u00e9 intellectuelle - Academic Integrity\" \/>\n<meta property=\"og:description\" content=\"(The homepage.) YorkU is committed to maintaining the highest standards of academic integrity in teaching, learning, and research.\" \/>\n<meta property=\"og:url\" content=\"https:\/\/www.yorku.ca\/unit\/vpacad\/academic-integrity\/home\/?lang=fr\" \/>\n<meta property=\"og:site_name\" content=\"Academic Integrity\" \/>\n<meta property=\"article:modified_time\" content=\"2025-07-31T18:43:44+00:00\" \/>\n<meta property=\"og:image\" content=\"https:\/\/www.yorku.ca\/unit\/vpacad\/academic-integrity\/wp-content\/uploads\/sites\/576\/2024\/08\/new_homepage-scaled.jpeg\" \/>\n\t<meta property=\"og:image:width\" content=\"2560\" \/>\n\t<meta property=\"og:image:height\" content=\"1708\" \/>\n\t<meta property=\"og:image:type\" content=\"image\/jpeg\" \/>\n<meta name=\"twitter:card\" content=\"summary_large_image\" \/>\n<meta name=\"twitter:label1\" content=\"Est. reading time\" \/>\n\t<meta name=\"twitter:data1\" content=\"3 minutes\" \/>\n<script type=\"application\/ld+json\" class=\"yoast-schema-graph\">{\"@context\":\"https:\/\/schema.org\",\"@graph\":[{\"@type\":\"WebPage\",\"@id\":\"https:\/\/www.yorku.ca\/unit\/vpacad\/academic-integrity\/home\/?lang=fr\",\"url\":\"https:\/\/www.yorku.ca\/unit\/vpacad\/academic-integrity\/home\/?lang=fr\",\"name\":\"Honn\u00eatet\u00e9 intellectuelle - Academic Integrity\",\"isPartOf\":{\"@id\":\"https:\/\/www.yorku.ca\/unit\/vpacad\/academic-integrity\/#website\"},\"primaryImageOfPage\":{\"@id\":\"https:\/\/www.yorku.ca\/unit\/vpacad\/academic-integrity\/home\/?lang=fr#primaryimage\"},\"image\":{\"@id\":\"https:\/\/www.yorku.ca\/unit\/vpacad\/academic-integrity\/home\/?lang=fr#primaryimage\"},\"thumbnailUrl\":\"https:\/\/www.yorku.ca\/unit\/vpacad\/academic-integrity\/wp-content\/uploads\/sites\/576\/2024\/08\/new_homepage-scaled.jpeg\",\"datePublished\":\"2020-06-24T19:04:51+00:00\",\"dateModified\":\"2025-07-31T18:43:44+00:00\",\"description\":\"(The homepage.) YorkU is committed to maintaining the highest standards of academic integrity in teaching, learning, and research.\",\"breadcrumb\":{\"@id\":\"https:\/\/www.yorku.ca\/unit\/vpacad\/academic-integrity\/home\/?lang=fr#breadcrumb\"},\"inLanguage\":\"en-US\",\"potentialAction\":[{\"@type\":\"ReadAction\",\"target\":[\"https:\/\/www.yorku.ca\/unit\/vpacad\/academic-integrity\/home\/?lang=fr\"]}]},{\"@type\":\"ImageObject\",\"inLanguage\":\"en-US\",\"@id\":\"https:\/\/www.yorku.ca\/unit\/vpacad\/academic-integrity\/home\/?lang=fr#primaryimage\",\"url\":\"https:\/\/www.yorku.ca\/unit\/vpacad\/academic-integrity\/wp-content\/uploads\/sites\/576\/2024\/08\/new_homepage-scaled.jpeg\",\"contentUrl\":\"https:\/\/www.yorku.ca\/unit\/vpacad\/academic-integrity\/wp-content\/uploads\/sites\/576\/2024\/08\/new_homepage-scaled.jpeg\",\"width\":2560,\"height\":1708},{\"@type\":\"BreadcrumbList\",\"@id\":\"https:\/\/www.yorku.ca\/unit\/vpacad\/academic-integrity\/home\/?lang=fr#breadcrumb\",\"itemListElement\":[{\"@type\":\"ListItem\",\"position\":1,\"name\":\"Home\",\"item\":\"https:\/\/www.yorku.ca\/unit\/vpacad\/academic-integrity\/\"},{\"@type\":\"ListItem\",\"position\":2,\"name\":\"Honn\u00eatet\u00e9 intellectuelle\"}]},{\"@type\":\"WebSite\",\"@id\":\"https:\/\/www.yorku.ca\/unit\/vpacad\/academic-integrity\/#website\",\"url\":\"https:\/\/www.yorku.ca\/unit\/vpacad\/academic-integrity\/\",\"name\":\"Academic Integrity\",\"description\":\"\",\"potentialAction\":[{\"@type\":\"SearchAction\",\"target\":{\"@type\":\"EntryPoint\",\"urlTemplate\":\"https:\/\/www.yorku.ca\/unit\/vpacad\/academic-integrity\/?s={search_term_string}\"},\"query-input\":{\"@type\":\"PropertyValueSpecification\",\"valueRequired\":true,\"valueName\":\"search_term_string\"}}],\"inLanguage\":\"en-US\"}]}<\/script>\n<!-- \/ Yoast SEO plugin. -->","yoast_head_json":{"title":"Honn\u00eatet\u00e9 intellectuelle - Academic Integrity","description":"(The homepage.) YorkU is committed to maintaining the highest standards of academic integrity in teaching, learning, and research.","robots":{"index":"index","follow":"follow","max-snippet":"max-snippet:-1","max-image-preview":"max-image-preview:large","max-video-preview":"max-video-preview:-1"},"canonical":"https:\/\/www.yorku.ca\/unit\/vpacad\/academic-integrity\/home\/","og_locale":"en_US","og_type":"article","og_title":"Honn\u00eatet\u00e9 intellectuelle - Academic Integrity","og_description":"(The homepage.) YorkU is committed to maintaining the highest standards of academic integrity in teaching, learning, and research.","og_url":"https:\/\/www.yorku.ca\/unit\/vpacad\/academic-integrity\/home\/?lang=fr","og_site_name":"Academic Integrity","article_modified_time":"2025-07-31T18:43:44+00:00","og_image":[{"width":2560,"height":1708,"url":"https:\/\/www.yorku.ca\/unit\/vpacad\/academic-integrity\/wp-content\/uploads\/sites\/576\/2024\/08\/new_homepage-scaled.jpeg","type":"image\/jpeg"}],"twitter_card":"summary_large_image","twitter_misc":{"Est. reading time":"3 minutes"},"schema":{"@context":"https:\/\/schema.org","@graph":[{"@type":"WebPage","@id":"https:\/\/www.yorku.ca\/unit\/vpacad\/academic-integrity\/home\/?lang=fr","url":"https:\/\/www.yorku.ca\/unit\/vpacad\/academic-integrity\/home\/?lang=fr","name":"Honn\u00eatet\u00e9 intellectuelle - Academic Integrity","isPartOf":{"@id":"https:\/\/www.yorku.ca\/unit\/vpacad\/academic-integrity\/#website"},"primaryImageOfPage":{"@id":"https:\/\/www.yorku.ca\/unit\/vpacad\/academic-integrity\/home\/?lang=fr#primaryimage"},"image":{"@id":"https:\/\/www.yorku.ca\/unit\/vpacad\/academic-integrity\/home\/?lang=fr#primaryimage"},"thumbnailUrl":"https:\/\/www.yorku.ca\/unit\/vpacad\/academic-integrity\/wp-content\/uploads\/sites\/576\/2024\/08\/new_homepage-scaled.jpeg","datePublished":"2020-06-24T19:04:51+00:00","dateModified":"2025-07-31T18:43:44+00:00","description":"(The homepage.) YorkU is committed to maintaining the highest standards of academic integrity in teaching, learning, and research.","breadcrumb":{"@id":"https:\/\/www.yorku.ca\/unit\/vpacad\/academic-integrity\/home\/?lang=fr#breadcrumb"},"inLanguage":"en-US","potentialAction":[{"@type":"ReadAction","target":["https:\/\/www.yorku.ca\/unit\/vpacad\/academic-integrity\/home\/?lang=fr"]}]},{"@type":"ImageObject","inLanguage":"en-US","@id":"https:\/\/www.yorku.ca\/unit\/vpacad\/academic-integrity\/home\/?lang=fr#primaryimage","url":"https:\/\/www.yorku.ca\/unit\/vpacad\/academic-integrity\/wp-content\/uploads\/sites\/576\/2024\/08\/new_homepage-scaled.jpeg","contentUrl":"https:\/\/www.yorku.ca\/unit\/vpacad\/academic-integrity\/wp-content\/uploads\/sites\/576\/2024\/08\/new_homepage-scaled.jpeg","width":2560,"height":1708},{"@type":"BreadcrumbList","@id":"https:\/\/www.yorku.ca\/unit\/vpacad\/academic-integrity\/home\/?lang=fr#breadcrumb","itemListElement":[{"@type":"ListItem","position":1,"name":"Home","item":"https:\/\/www.yorku.ca\/unit\/vpacad\/academic-integrity\/"},{"@type":"ListItem","position":2,"name":"Honn\u00eatet\u00e9 intellectuelle"}]},{"@type":"WebSite","@id":"https:\/\/www.yorku.ca\/unit\/vpacad\/academic-integrity\/#website","url":"https:\/\/www.yorku.ca\/unit\/vpacad\/academic-integrity\/","name":"Academic Integrity","description":"","potentialAction":[{"@type":"SearchAction","target":{"@type":"EntryPoint","urlTemplate":"https:\/\/www.yorku.ca\/unit\/vpacad\/academic-integrity\/?s={search_term_string}"},"query-input":{"@type":"PropertyValueSpecification","valueRequired":true,"valueName":"search_term_string"}}],"inLanguage":"en-US"}]}},"taxonomy_info":[],"featured_image_src_large":["https:\/\/www.yorku.ca\/unit\/vpacad\/academic-integrity\/wp-content\/uploads\/sites\/576\/2024\/08\/new_homepage-1024x683.jpeg",1024,683,true],"author_info":{"display_name":"Alice","author_link":"https:\/\/www.yorku.ca\/unit\/vpacad\/academic-integrity\/author\/alicet\/"},"comment_info":0,"_links":{"self":[{"href":"https:\/\/www.yorku.ca\/unit\/vpacad\/academic-integrity\/wp-json\/wp\/v2\/pages\/815","targetHints":{"allow":["GET"]}}],"collection":[{"href":"https:\/\/www.yorku.ca\/unit\/vpacad\/academic-integrity\/wp-json\/wp\/v2\/pages"}],"about":[{"href":"https:\/\/www.yorku.ca\/unit\/vpacad\/academic-integrity\/wp-json\/wp\/v2\/types\/page"}],"author":[{"embeddable":true,"href":"https:\/\/www.yorku.ca\/unit\/vpacad\/academic-integrity\/wp-json\/wp\/v2\/users\/2"}],"replies":[{"embeddable":true,"href":"https:\/\/www.yorku.ca\/unit\/vpacad\/academic-integrity\/wp-json\/wp\/v2\/comments?post=815"}],"version-history":[{"count":17,"href":"https:\/\/www.yorku.ca\/unit\/vpacad\/academic-integrity\/wp-json\/wp\/v2\/pages\/815\/revisions"}],"predecessor-version":[{"id":4087,"href":"https:\/\/www.yorku.ca\/unit\/vpacad\/academic-integrity\/wp-json\/wp\/v2\/pages\/815\/revisions\/4087"}],"wp:featuredmedia":[{"embeddable":true,"href":"https:\/\/www.yorku.ca\/unit\/vpacad\/academic-integrity\/wp-json\/wp\/v2\/media\/3104"}],"wp:attachment":[{"href":"https:\/\/www.yorku.ca\/unit\/vpacad\/academic-integrity\/wp-json\/wp\/v2\/media?parent=815"}],"wp:term":[{"taxonomy":"post_tag","embeddable":true,"href":"https:\/\/www.yorku.ca\/unit\/vpacad\/academic-integrity\/wp-json\/wp\/v2\/tags?post=815"}],"curies":[{"name":"wp","href":"https:\/\/api.w.org\/{rel}","templated":true}]}}