  {"id":8883,"date":"2022-04-25T14:09:46","date_gmt":"2022-04-25T18:09:46","guid":{"rendered":"https:\/\/www.yorku.ca\/scld\/?page_id=8883"},"modified":"2022-05-25T12:28:05","modified_gmt":"2022-05-25T16:28:05","slug":"liberte-dexpression-pour-les-evenements-des-organisations-etudiantes","status":"publish","type":"page","link":"https:\/\/www.yorku.ca\/scld\/liberte-dexpression-pour-les-evenements-des-organisations-etudiantes\/?lang=fr","title":{"rendered":"Libert\u00e9 d\u2019expression pour les \u00e9v\u00e9nements des organisations \u00e9tudiantes"},"content":{"rendered":"\n<div style=\"height:20px\" aria-hidden=\"true\" class=\"wp-block-spacer\"><\/div>\n\n\n\n<div class=\"wp-block-group text-right\"><div class=\"wp-block-group__inner-container is-layout-flow wp-block-group-is-layout-flow\">\n<div class=\"wpml-ls-statics-shortcode_actions wpml-ls wpml-ls-legacy-list-horizontal\">\n\t<ul><li class=\"wpml-ls-slot-shortcode_actions wpml-ls-item wpml-ls-item-fr wpml-ls-first-item wpml-ls-last-item wpml-ls-item-legacy-list-horizontal\">\n\t\t\t\t<a href=\"https:\/\/www.yorku.ca\/scld\/?lang=fr\" class=\"wpml-ls-link\">\n                    <span class=\"wpml-ls-native\" lang=\"fr\">Fran\u00e7ais<\/span><\/a>\n\t\t\t<\/li><\/ul>\n<\/div>\n\n<\/div><\/div>\n\n\n\n<p class=\"has-white-color has-text-color has-background\" style=\"background-color:#e21d37\"><strong><strong>L\u2019objectif du Guide de la libert\u00e9 d\u2019expression pour les \u00e9v\u00e9nements des organisations \u00e9tudiantes est d\u2019aider les planificateurs d\u2019\u00e9v\u00e9nements des organisations \u00e9tudiantes de l\u2019Universit\u00e9 York \u00e0 comprendre la libert\u00e9 de parole et d\u2019expression \u00e0 l\u2019Universit\u00e9 York&nbsp;: ce qu\u2019elle est, ses limites et les consid\u00e9rations relatives aux pratiques prometteuses pour une exp\u00e9rience d\u2019\u00e9v\u00e9nement s\u00e9curitaire et accessible.<\/strong><\/strong><\/p>\n\n\n\n<div class=\"wp-block-buttons is-layout-flex wp-block-buttons-is-layout-flex\">\n<div class=\"wp-block-button\"><a class=\"wp-block-button__link has-background\" href=\"https:\/\/www.yorku.ca\/scld\/wp-content\/uploads\/sites\/36\/2022\/05\/Liberte-dExpression-Pour-les-Evenements_avril-2022-1.pdf\" style=\"background-color:#e21d37\">T\u00e9l\u00e9chargez le Guide de la libert\u00e9 d\u2019expression pour les \u00e9v\u00e9nements des organisations \u00e9tudiantes <strong>(en anglais seulement)<\/strong><\/a><\/div>\n<\/div>\n\n\n\n<div style=\"height:20px\" aria-hidden=\"true\" class=\"wp-block-spacer\"><\/div>\n\n\n\n<h2 class=\"wp-block-heading\">Principes cl\u00e9s:<\/h2>\n\n\n\n<ul class=\"wp-block-list\"><li>L\u2019Universit\u00e9 York prot\u00e8ge et soutient la libert\u00e9 de parole et la libert\u00e9 d\u2019expression.<\/li><li>L\u2019Universit\u00e9 York reconna\u00eet que la libert\u00e9 d\u2019expression est toujours soumise \u00e0 des limites raisonnables.<\/li><li>L\u2019Universit\u00e9 York reconna\u00eet, dans certaines limites, le droit \u00e0 l\u2019expression offensante et controvers\u00e9e tout en garantissant la libert\u00e9 de ne pas \u00e9couter et la capacit\u00e9 de manifester.<\/li><li>L\u2019Universit\u00e9 York reconna\u00eet que toutes les formes d\u2019expression ont ou peuvent avoir un impact \u00e0 la fois personnel et communautaire.<\/li><\/ul>\n\n\n\n<div style=\"height:30px\" aria-hidden=\"true\" class=\"wp-block-spacer\"><\/div>\n\n\n\n<div style=\"height:30px\" aria-hidden=\"true\" class=\"wp-block-spacer\"><\/div>\n\n\n\n<div class=\"wp-block-columns is-layout-flex wp-container-core-columns-is-layout-1 wp-block-columns-is-layout-flex\">\n<div class=\"wp-block-column is-layout-flow wp-block-column-is-layout-flow\">\n<h2 class=\"wp-block-heading\">D\u00e9finition de la libert\u00e9 de parole (d\u2019expression) \u00e0 l\u2019Universit\u00e9 York<\/h2>\n\n\n\n<figure class=\"wp-block-embed is-type-video is-provider-youtube wp-block-embed-youtube wp-embed-aspect-16-9 wp-has-aspect-ratio\"><div class=\"wp-block-embed__wrapper\">\n<iframe loading=\"lazy\" title=\"Video 1   What You Need to Know   French 1080p 211220\" width=\"1778\" height=\"1000\" src=\"https:\/\/www.youtube.com\/embed\/TLgSkB5szaE?feature=oembed\" frameborder=\"0\" allow=\"accelerometer; autoplay; clipboard-write; encrypted-media; gyroscope; picture-in-picture\" allowfullscreen><\/iframe>\n<\/div><\/figure>\n\n\n\n<p>L\u2019Universit\u00e9 York prot\u00e8ge et soutient la libert\u00e9 de parole et la libert\u00e9 d\u2019expression.<\/p>\n\n\n\n<p><a href=\"https:\/\/www.yorku.ca\/scld\/defining-freedom-of-speech-expression-at-york-university\/\"><\/a><strong><a href=\"https:\/\/www.yorku.ca\/scld\/defining-freedom-of-speech-expression-at-york-university\/\"><strong>Apprenez-en plus<\/strong><\/a><\/strong><\/p>\n<\/div>\n\n\n\n<div class=\"wp-block-column is-layout-flow wp-block-column-is-layout-flow\">\n<h2 class=\"wp-block-heading\">Limites de la libert\u00e9 d\u2019expression \u00e0 l\u2019Universit\u00e9 York<\/h2>\n\n\n\n<figure class=\"wp-block-embed is-type-video is-provider-youtube wp-block-embed-youtube wp-embed-aspect-16-9 wp-has-aspect-ratio\"><div class=\"wp-block-embed__wrapper\">\n<iframe loading=\"lazy\" title=\"Video 2   Understanding the Limitations   French 1080p 211220\" width=\"1778\" height=\"1000\" src=\"https:\/\/www.youtube.com\/embed\/6mR6G-Dvx5g?feature=oembed\" frameborder=\"0\" allow=\"accelerometer; autoplay; clipboard-write; encrypted-media; gyroscope; picture-in-picture\" allowfullscreen><\/iframe>\n<\/div><\/figure>\n\n\n\n<p>L\u2019Universit\u00e9 York reconna\u00eet que la libert\u00e9 d\u2019expression est toujours soumise \u00e0 des limites raisonnables.<\/p>\n\n\n\n<p><a href=\"https:\/\/www.yorku.ca\/scld\/limitations-to-freedom-of-expression-at-york-university\/\"><\/a><strong><a href=\"https:\/\/www.yorku.ca\/scld\/limitations-to-freedom-of-expression-at-york-university\/\"><strong>Apprenez-en plus<\/strong><\/a><\/strong><\/p>\n<\/div>\n<\/div>\n\n\n\n<div style=\"height:30px\" aria-hidden=\"true\" class=\"wp-block-spacer\"><\/div>\n\n\n\n<div class=\"wp-block-columns is-layout-flex wp-container-core-columns-is-layout-2 wp-block-columns-is-layout-flex\">\n<div class=\"wp-block-column is-layout-flow wp-block-column-is-layout-flow\">\n<h2 class=\"wp-block-heading\">Droit \u00e0 l\u2019expression offensante et controvers\u00e9e<\/h2>\n\n\n\n<figure class=\"wp-block-embed is-type-video is-provider-youtube wp-block-embed-youtube wp-embed-aspect-16-9 wp-has-aspect-ratio\"><div class=\"wp-block-embed__wrapper\">\n<iframe loading=\"lazy\" title=\"Video 3   Offensive and Controversial Expression   1080p 211220\" width=\"1778\" height=\"1000\" src=\"https:\/\/www.youtube.com\/embed\/RPo0FTkGFV4?feature=oembed\" frameborder=\"0\" allow=\"accelerometer; autoplay; clipboard-write; encrypted-media; gyroscope; picture-in-picture\" allowfullscreen><\/iframe>\n<\/div><\/figure>\n\n\n\n<p>L\u2019Universit\u00e9 York reconna\u00eet, dans certaines limites, le droit \u00e0 l\u2019expression offensante et controvers\u00e9e tout en garantissant la libert\u00e9 de ne pas \u00e9couter et la capacit\u00e9 de manifester.<\/p>\n\n\n\n<p><a href=\"https:\/\/www.yorku.ca\/scld\/offensive-and-controversial-expression-the-rights-to-express-not-to-listen-and-protest\/\"><\/a><strong><a href=\"https:\/\/www.yorku.ca\/scld\/offensive-and-controversial-expression-the-rights-to-express-not-to-listen-and-protest\/\"><strong>Apprenez-en plus<\/strong><\/a><\/strong><\/p>\n<\/div>\n\n\n\n<div class=\"wp-block-column is-layout-flow wp-block-column-is-layout-flow\">\n<h2 class=\"wp-block-heading\">Droit de manifester et<\/h2>\n\n\n\n<h2 class=\"wp-block-heading\">ses limites<\/h2>\n\n\n\n<figure class=\"wp-block-embed is-type-video is-provider-youtube wp-block-embed-youtube wp-embed-aspect-16-9 wp-has-aspect-ratio\"><div class=\"wp-block-embed__wrapper\">\n<iframe loading=\"lazy\" title=\"Video 4   The Right to Protest and the Limitations 1080p 211220\" width=\"1778\" height=\"1000\" src=\"https:\/\/www.youtube.com\/embed\/B1ibcccOuO8?feature=oembed\" frameborder=\"0\" allow=\"accelerometer; autoplay; clipboard-write; encrypted-media; gyroscope; picture-in-picture\" allowfullscreen><\/iframe>\n<\/div><\/figure>\n\n\n\n<p>Manifester est une activit\u00e9 expressive. La pr\u00e9servation d\u2019un \u00e9change libre et ouvert d\u2019id\u00e9es et d\u2019opinions inclut le droit de manifester.<\/p>\n\n\n\n<p><a href=\"https:\/\/www.yorku.ca\/scld\/offensive-and-controversial-expression-the-rights-to-express-not-to-listen-and-protest\/#protests\"><\/a><strong><a href=\"https:\/\/www.yorku.ca\/scld\/offensive-and-controversial-expression-the-rights-to-express-not-to-listen-and-protest\/#protests\"><strong>Apprenez-en plus<\/strong><\/a><\/strong><\/p>\n<\/div>\n<\/div>\n\n\n\n<div style=\"height:30px\" aria-hidden=\"true\" class=\"wp-block-spacer\"><\/div>\n\n\n\n<div class=\"wp-block-columns is-layout-flex wp-container-core-columns-is-layout-3 wp-block-columns-is-layout-flex\">\n<div class=\"wp-block-column is-layout-flow wp-block-column-is-layout-flow\" style=\"flex-basis:33.3%\">\n<figure class=\"wp-block-image size-large img-thumbnail rounded-0\"><img loading=\"lazy\" decoding=\"async\" width=\"1024\" height=\"683\" src=\"https:\/\/www.yorku.ca\/scld\/wp-content\/uploads\/sites\/36\/2021\/09\/move-in-day6-1024x683.jpg\" alt=\"Lots of students helping others move in to residence on move-in day.\" class=\"wp-image-6360\" srcset=\"https:\/\/www.yorku.ca\/scld\/wp-content\/uploads\/sites\/36\/2021\/09\/move-in-day6-1024x683.jpg 1024w, https:\/\/www.yorku.ca\/scld\/wp-content\/uploads\/sites\/36\/2021\/09\/move-in-day6-300x200.jpg 300w, https:\/\/www.yorku.ca\/scld\/wp-content\/uploads\/sites\/36\/2021\/09\/move-in-day6-1536x1024.jpg 1536w, https:\/\/www.yorku.ca\/scld\/wp-content\/uploads\/sites\/36\/2021\/09\/move-in-day6.jpg 1728w\" sizes=\"auto, (max-width: 1024px) 100vw, 1024px\" \/><\/figure>\n<\/div>\n\n\n\n<div class=\"wp-block-column is-layout-flow wp-block-column-is-layout-flow\" style=\"flex-basis:66.6%\">\n<h2 class=\"wp-block-heading\">Donner la priorit\u00e9 au bien-\u00eatre&nbsp;: Ressources du campus et de la communaut\u00e9<\/h2>\n\n\n\n<p>L\u2019Universit\u00e9 York reconna\u00eet que toutes les formes d\u2019expression ont ou peuvent avoir des r\u00e9percussions \u00e0 la fois personnelles et communautaires.<\/p>\n\n\n\n<p class=\"text-uppercase font-weight-bold\"><a href=\"#\"><\/a><a href=\"https:\/\/www.yorku.ca\/scld\/prioritizing-well-being-campus-and-community-resources\/\"><a href=\"https:\/\/www.yorku.ca\/scld\/prioritizing-well-being-campus-and-community-resources\/\">POUR EN SAVOIR PLUS<\/a>\u00a0(en anglais seulement)<\/a><\/p>\n\n\n\n<p><\/p>\n<\/div>\n<\/div>\n\n\n\n<div style=\"height:30px\" aria-hidden=\"true\" class=\"wp-block-spacer\"><\/div>\n\n\n","protected":false},"excerpt":{"rendered":"<p>L\u2019objectif du Guide de la libert\u00e9 d\u2019expression pour les \u00e9v\u00e9nements des organisations \u00e9tudiantes est d\u2019aider les planificateurs d\u2019\u00e9v\u00e9nements des organisations \u00e9tudiantes de l\u2019Universit\u00e9 York \u00e0 comprendre la libert\u00e9 de parole et d\u2019expression \u00e0 l\u2019Universit\u00e9 York&nbsp;: ce qu\u2019elle est, ses limites et les consid\u00e9rations relatives aux pratiques prometteuses pour une exp\u00e9rience d\u2019\u00e9v\u00e9nement s\u00e9curitaire et accessible. Principes [&hellip;]<\/p>\n","protected":false},"author":26,"featured_media":0,"parent":0,"menu_order":0,"comment_status":"closed","ping_status":"closed","template":"","meta":{"_kad_blocks_custom_css":"","_kad_blocks_head_custom_js":"","_kad_blocks_body_custom_js":"","_kad_blocks_footer_custom_js":"","footnotes":""},"tags":[],"class_list":["post-8883","page","type-page","status-publish","hentry"],"yoast_head":"<!-- This site is optimized with the Yoast SEO plugin v24.0 - https:\/\/yoast.com\/wordpress\/plugins\/seo\/ -->\n<title>Libert\u00e9 d\u2019expression pour les \u00e9v\u00e9nements des organisations \u00e9tudiantes - Student Community &amp; Leadership Development<\/title>\n<meta name=\"robots\" content=\"index, follow, max-snippet:-1, max-image-preview:large, max-video-preview:-1\" \/>\n<link rel=\"canonical\" href=\"https:\/\/www.yorku.ca\/scld\/the-guide-to-freedom-of-expression-for-student-organization-events\/\" \/>\n<meta property=\"og:locale\" content=\"en_US\" \/>\n<meta property=\"og:type\" content=\"article\" \/>\n<meta property=\"og:title\" content=\"Libert\u00e9 d\u2019expression pour les \u00e9v\u00e9nements des organisations \u00e9tudiantes - Student Community &amp; Leadership Development\" \/>\n<meta property=\"og:description\" content=\"L\u2019objectif du Guide de la libert\u00e9 d\u2019expression pour les \u00e9v\u00e9nements des organisations \u00e9tudiantes est d\u2019aider les planificateurs d\u2019\u00e9v\u00e9nements des organisations \u00e9tudiantes de l\u2019Universit\u00e9 York \u00e0 comprendre la libert\u00e9 de parole et d\u2019expression \u00e0 l\u2019Universit\u00e9 York&nbsp;: ce qu\u2019elle est, ses limites et les consid\u00e9rations relatives aux pratiques prometteuses pour une exp\u00e9rience d\u2019\u00e9v\u00e9nement s\u00e9curitaire et accessible. Principes [&hellip;]\" \/>\n<meta property=\"og:url\" content=\"https:\/\/www.yorku.ca\/scld\/the-guide-to-freedom-of-expression-for-student-organization-events\/\" \/>\n<meta property=\"og:site_name\" content=\"Student Community &amp; Leadership Development\" \/>\n<meta property=\"article:publisher\" content=\"https:\/\/www.facebook.com\/StudentLifeYU\/\" \/>\n<meta property=\"article:modified_time\" content=\"2022-05-25T16:28:05+00:00\" \/>\n<meta property=\"og:image\" content=\"https:\/\/www.yorku.ca\/scld\/wp-content\/uploads\/sites\/36\/2021\/09\/move-in-day6-1024x683.jpg\" \/>\n<meta name=\"twitter:card\" content=\"summary_large_image\" \/>\n<meta name=\"twitter:site\" content=\"@studentlifeyu\" \/>\n<meta name=\"twitter:label1\" content=\"Est. reading time\" \/>\n\t<meta name=\"twitter:data1\" content=\"2 minutes\" \/>\n<script type=\"application\/ld+json\" class=\"yoast-schema-graph\">{\"@context\":\"https:\/\/schema.org\",\"@graph\":[{\"@type\":\"WebPage\",\"@id\":\"https:\/\/www.yorku.ca\/scld\/the-guide-to-freedom-of-expression-for-student-organization-events\/\",\"url\":\"https:\/\/www.yorku.ca\/scld\/the-guide-to-freedom-of-expression-for-student-organization-events\/\",\"name\":\"Libert\u00e9 d\u2019expression pour les \u00e9v\u00e9nements des organisations \u00e9tudiantes - Student Community &amp; Leadership Development\",\"isPartOf\":{\"@id\":\"https:\/\/www.yorku.ca\/scld\/#website\"},\"primaryImageOfPage\":{\"@id\":\"https:\/\/www.yorku.ca\/scld\/the-guide-to-freedom-of-expression-for-student-organization-events\/#primaryimage\"},\"image\":{\"@id\":\"https:\/\/www.yorku.ca\/scld\/the-guide-to-freedom-of-expression-for-student-organization-events\/#primaryimage\"},\"thumbnailUrl\":\"https:\/\/www.yorku.ca\/scld\/wp-content\/uploads\/sites\/36\/2021\/09\/move-in-day6-1024x683.jpg\",\"datePublished\":\"2022-04-25T18:09:46+00:00\",\"dateModified\":\"2022-05-25T16:28:05+00:00\",\"breadcrumb\":{\"@id\":\"https:\/\/www.yorku.ca\/scld\/the-guide-to-freedom-of-expression-for-student-organization-events\/#breadcrumb\"},\"inLanguage\":\"en-US\",\"potentialAction\":[{\"@type\":\"ReadAction\",\"target\":[\"https:\/\/www.yorku.ca\/scld\/the-guide-to-freedom-of-expression-for-student-organization-events\/\"]}]},{\"@type\":\"ImageObject\",\"inLanguage\":\"en-US\",\"@id\":\"https:\/\/www.yorku.ca\/scld\/the-guide-to-freedom-of-expression-for-student-organization-events\/#primaryimage\",\"url\":\"https:\/\/www.yorku.ca\/scld\/wp-content\/uploads\/sites\/36\/2021\/09\/move-in-day6.jpg\",\"contentUrl\":\"https:\/\/www.yorku.ca\/scld\/wp-content\/uploads\/sites\/36\/2021\/09\/move-in-day6.jpg\",\"width\":1728,\"height\":1152,\"caption\":\"Lots of students helping others move in to residence on move-in day.\"},{\"@type\":\"BreadcrumbList\",\"@id\":\"https:\/\/www.yorku.ca\/scld\/the-guide-to-freedom-of-expression-for-student-organization-events\/#breadcrumb\",\"itemListElement\":[{\"@type\":\"ListItem\",\"position\":1,\"name\":\"Home\",\"item\":\"https:\/\/www.yorku.ca\/scld\/\"},{\"@type\":\"ListItem\",\"position\":2,\"name\":\"Libert\u00e9 d\u2019expression pour les \u00e9v\u00e9nements des organisations \u00e9tudiantes\"}]},{\"@type\":\"WebSite\",\"@id\":\"https:\/\/www.yorku.ca\/scld\/#website\",\"url\":\"https:\/\/www.yorku.ca\/scld\/\",\"name\":\"Student Community and Leadership Development\",\"description\":\"Just another York Central CMS Sites site\",\"publisher\":{\"@id\":\"https:\/\/www.yorku.ca\/scld\/#organization\"},\"potentialAction\":[{\"@type\":\"SearchAction\",\"target\":{\"@type\":\"EntryPoint\",\"urlTemplate\":\"https:\/\/www.yorku.ca\/scld\/?s={search_term_string}\"},\"query-input\":{\"@type\":\"PropertyValueSpecification\",\"valueRequired\":true,\"valueName\":\"search_term_string\"}}],\"inLanguage\":\"en-US\"},{\"@type\":\"Organization\",\"@id\":\"https:\/\/www.yorku.ca\/scld\/#organization\",\"name\":\"Student Community and Leadership Development\",\"url\":\"https:\/\/www.yorku.ca\/scld\/\",\"logo\":{\"@type\":\"ImageObject\",\"inLanguage\":\"en-US\",\"@id\":\"https:\/\/www.yorku.ca\/scld\/#\/schema\/logo\/image\/\",\"url\":\"https:\/\/www.yorku.ca\/scld\/wp-content\/uploads\/sites\/36\/2020\/07\/YorkULogo_Hor_rgb.jpg\",\"contentUrl\":\"https:\/\/www.yorku.ca\/scld\/wp-content\/uploads\/sites\/36\/2020\/07\/YorkULogo_Hor_rgb.jpg\",\"width\":460,\"height\":185,\"caption\":\"Student Community and Leadership Development\"},\"image\":{\"@id\":\"https:\/\/www.yorku.ca\/scld\/#\/schema\/logo\/image\/\"},\"sameAs\":[\"https:\/\/www.facebook.com\/StudentLifeYU\/\",\"https:\/\/x.com\/studentlifeyu\",\"https:\/\/www.instagram.com\/studentlifeyu\/\",\"https:\/\/www.youtube.com\/c\/studentlifeyu\"]}]}<\/script>\n<!-- \/ Yoast SEO plugin. -->","yoast_head_json":{"title":"Libert\u00e9 d\u2019expression pour les \u00e9v\u00e9nements des organisations \u00e9tudiantes - Student Community &amp; Leadership Development","robots":{"index":"index","follow":"follow","max-snippet":"max-snippet:-1","max-image-preview":"max-image-preview:large","max-video-preview":"max-video-preview:-1"},"canonical":"https:\/\/www.yorku.ca\/scld\/the-guide-to-freedom-of-expression-for-student-organization-events\/","og_locale":"en_US","og_type":"article","og_title":"Libert\u00e9 d\u2019expression pour les \u00e9v\u00e9nements des organisations \u00e9tudiantes - Student Community &amp; Leadership Development","og_description":"L\u2019objectif du Guide de la libert\u00e9 d\u2019expression pour les \u00e9v\u00e9nements des organisations \u00e9tudiantes est d\u2019aider les planificateurs d\u2019\u00e9v\u00e9nements des organisations \u00e9tudiantes de l\u2019Universit\u00e9 York \u00e0 comprendre la libert\u00e9 de parole et d\u2019expression \u00e0 l\u2019Universit\u00e9 York&nbsp;: ce qu\u2019elle est, ses limites et les consid\u00e9rations relatives aux pratiques prometteuses pour une exp\u00e9rience d\u2019\u00e9v\u00e9nement s\u00e9curitaire et accessible. Principes [&hellip;]","og_url":"https:\/\/www.yorku.ca\/scld\/the-guide-to-freedom-of-expression-for-student-organization-events\/","og_site_name":"Student Community &amp; Leadership Development","article_publisher":"https:\/\/www.facebook.com\/StudentLifeYU\/","article_modified_time":"2022-05-25T16:28:05+00:00","og_image":[{"url":"https:\/\/www.yorku.ca\/scld\/wp-content\/uploads\/sites\/36\/2021\/09\/move-in-day6-1024x683.jpg","type":"","width":"","height":""}],"twitter_card":"summary_large_image","twitter_site":"@studentlifeyu","twitter_misc":{"Est. reading time":"2 minutes"},"schema":{"@context":"https:\/\/schema.org","@graph":[{"@type":"WebPage","@id":"https:\/\/www.yorku.ca\/scld\/the-guide-to-freedom-of-expression-for-student-organization-events\/","url":"https:\/\/www.yorku.ca\/scld\/the-guide-to-freedom-of-expression-for-student-organization-events\/","name":"Libert\u00e9 d\u2019expression pour les \u00e9v\u00e9nements des organisations \u00e9tudiantes - Student Community &amp; Leadership Development","isPartOf":{"@id":"https:\/\/www.yorku.ca\/scld\/#website"},"primaryImageOfPage":{"@id":"https:\/\/www.yorku.ca\/scld\/the-guide-to-freedom-of-expression-for-student-organization-events\/#primaryimage"},"image":{"@id":"https:\/\/www.yorku.ca\/scld\/the-guide-to-freedom-of-expression-for-student-organization-events\/#primaryimage"},"thumbnailUrl":"https:\/\/www.yorku.ca\/scld\/wp-content\/uploads\/sites\/36\/2021\/09\/move-in-day6-1024x683.jpg","datePublished":"2022-04-25T18:09:46+00:00","dateModified":"2022-05-25T16:28:05+00:00","breadcrumb":{"@id":"https:\/\/www.yorku.ca\/scld\/the-guide-to-freedom-of-expression-for-student-organization-events\/#breadcrumb"},"inLanguage":"en-US","potentialAction":[{"@type":"ReadAction","target":["https:\/\/www.yorku.ca\/scld\/the-guide-to-freedom-of-expression-for-student-organization-events\/"]}]},{"@type":"ImageObject","inLanguage":"en-US","@id":"https:\/\/www.yorku.ca\/scld\/the-guide-to-freedom-of-expression-for-student-organization-events\/#primaryimage","url":"https:\/\/www.yorku.ca\/scld\/wp-content\/uploads\/sites\/36\/2021\/09\/move-in-day6.jpg","contentUrl":"https:\/\/www.yorku.ca\/scld\/wp-content\/uploads\/sites\/36\/2021\/09\/move-in-day6.jpg","width":1728,"height":1152,"caption":"Lots of students helping others move in to residence on move-in day."},{"@type":"BreadcrumbList","@id":"https:\/\/www.yorku.ca\/scld\/the-guide-to-freedom-of-expression-for-student-organization-events\/#breadcrumb","itemListElement":[{"@type":"ListItem","position":1,"name":"Home","item":"https:\/\/www.yorku.ca\/scld\/"},{"@type":"ListItem","position":2,"name":"Libert\u00e9 d\u2019expression pour les \u00e9v\u00e9nements des organisations \u00e9tudiantes"}]},{"@type":"WebSite","@id":"https:\/\/www.yorku.ca\/scld\/#website","url":"https:\/\/www.yorku.ca\/scld\/","name":"Student Community and Leadership Development","description":"Just another York Central CMS Sites site","publisher":{"@id":"https:\/\/www.yorku.ca\/scld\/#organization"},"potentialAction":[{"@type":"SearchAction","target":{"@type":"EntryPoint","urlTemplate":"https:\/\/www.yorku.ca\/scld\/?s={search_term_string}"},"query-input":{"@type":"PropertyValueSpecification","valueRequired":true,"valueName":"search_term_string"}}],"inLanguage":"en-US"},{"@type":"Organization","@id":"https:\/\/www.yorku.ca\/scld\/#organization","name":"Student Community and Leadership Development","url":"https:\/\/www.yorku.ca\/scld\/","logo":{"@type":"ImageObject","inLanguage":"en-US","@id":"https:\/\/www.yorku.ca\/scld\/#\/schema\/logo\/image\/","url":"https:\/\/www.yorku.ca\/scld\/wp-content\/uploads\/sites\/36\/2020\/07\/YorkULogo_Hor_rgb.jpg","contentUrl":"https:\/\/www.yorku.ca\/scld\/wp-content\/uploads\/sites\/36\/2020\/07\/YorkULogo_Hor_rgb.jpg","width":460,"height":185,"caption":"Student Community and Leadership Development"},"image":{"@id":"https:\/\/www.yorku.ca\/scld\/#\/schema\/logo\/image\/"},"sameAs":["https:\/\/www.facebook.com\/StudentLifeYU\/","https:\/\/x.com\/studentlifeyu","https:\/\/www.instagram.com\/studentlifeyu\/","https:\/\/www.youtube.com\/c\/studentlifeyu"]}]}},"taxonomy_info":[],"featured_image_src_large":false,"author_info":{"display_name":"mikekas","author_link":"https:\/\/www.yorku.ca\/scld\/author\/mikekas\/"},"comment_info":0,"_links":{"self":[{"href":"https:\/\/www.yorku.ca\/scld\/wp-json\/wp\/v2\/pages\/8883","targetHints":{"allow":["GET"]}}],"collection":[{"href":"https:\/\/www.yorku.ca\/scld\/wp-json\/wp\/v2\/pages"}],"about":[{"href":"https:\/\/www.yorku.ca\/scld\/wp-json\/wp\/v2\/types\/page"}],"author":[{"embeddable":true,"href":"https:\/\/www.yorku.ca\/scld\/wp-json\/wp\/v2\/users\/26"}],"replies":[{"embeddable":true,"href":"https:\/\/www.yorku.ca\/scld\/wp-json\/wp\/v2\/comments?post=8883"}],"version-history":[{"count":5,"href":"https:\/\/www.yorku.ca\/scld\/wp-json\/wp\/v2\/pages\/8883\/revisions"}],"predecessor-version":[{"id":9231,"href":"https:\/\/www.yorku.ca\/scld\/wp-json\/wp\/v2\/pages\/8883\/revisions\/9231"}],"wp:attachment":[{"href":"https:\/\/www.yorku.ca\/scld\/wp-json\/wp\/v2\/media?parent=8883"}],"wp:term":[{"taxonomy":"post_tag","embeddable":true,"href":"https:\/\/www.yorku.ca\/scld\/wp-json\/wp\/v2\/tags?post=8883"}],"curies":[{"name":"wp","href":"https:\/\/api.w.org\/{rel}","templated":true}]}}