  {"id":240,"date":"2020-07-28T16:44:36","date_gmt":"2020-07-28T20:44:36","guid":{"rendered":"https:\/\/www.yorku.ca\/safety\/?page_id=240"},"modified":"2025-10-02T12:51:13","modified_gmt":"2025-10-02T16:51:13","slug":"about-us","status":"publish","type":"page","link":"https:\/\/www.yorku.ca\/safety\/about-us\/","title":{"rendered":"About"},"content":{"rendered":"\n<div style=\"height:25px\" aria-hidden=\"true\" class=\"wp-block-spacer\"><\/div>\n\n\n\n<div class=\"wp-block-group profile-block top left white\"><div class=\"wp-block-group__inner-container is-layout-flow wp-block-group-is-layout-flow\">\n<figure class=\"wp-block-image size-large border-md border-primary\"><img decoding=\"async\" src=\"https:\/\/www.yorku.ca\/dfa\/wp-content\/uploads\/sites\/40\/2024\/05\/Subway-YU_students4-1024x683.jpg\" alt=\"\" class=\"wp-image-2149\"\/><\/figure>\n\n\n\n<div class=\"wp-block-group\"><div class=\"wp-block-group__inner-container is-layout-flow wp-block-group-is-layout-flow\">\n<h2 class=\"wp-block-heading mb-0\">A community-centric approach to safety<\/h2>\n\n\n\n<p>We take a holistic and intersectional approach to safety that reflects the diverse experiences of members of our community. &nbsp;We are committed to working proactively with the York community to build safe and inclusive campuses. Each of us can \u2013 and should \u2013 play a role.<\/p>\n<\/div><\/div>\n<\/div><\/div>\n\n\n\n<div style=\"height:30px\" aria-hidden=\"true\" class=\"wp-block-spacer\"><\/div>\n\n\n\n<p>&nbsp;Protecting the safety and wellbeing of all community members is imperative in order for the University to serve its mission to promote learning through open and respectful dialogue.<\/p>\n\n\n\n<div class=\"wp-block-columns is-layout-flex wp-container-core-columns-is-layout-4 wp-block-columns-is-layout-flex\">\n<div class=\"wp-block-column is-layout-flow wp-block-column-is-layout-flow\">\n<div class=\"wp-block-columns is-layout-flex wp-container-core-columns-is-layout-1 wp-block-columns-is-layout-flex\">\n<div class=\"wp-block-column is-layout-flow wp-block-column-is-layout-flow\" style=\"flex-basis:33.33%\">\n<figure class=\"wp-block-image size-full\"><img decoding=\"async\" src=\"https:\/\/www.yorku.ca\/dfa\/wp-content\/uploads\/sites\/40\/2024\/05\/Community-Safety-icons-114-by-113-px.png\" alt=\"\" class=\"wp-image-2133\"\/><\/figure>\n\n\n\n<p><\/p>\n<\/div>\n\n\n\n<div class=\"wp-block-column is-layout-flow wp-block-column-is-layout-flow\" style=\"flex-basis:66.66%\">\n<h3 class=\"wp-block-heading\">Vision<\/h3>\n\n\n\n<p>快播视频 is a welcoming, inclusive and safe community in which to study, teach, live, work and visit.<\/p>\n<\/div>\n<\/div>\n<\/div>\n\n\n\n<div class=\"wp-block-column is-layout-flow wp-block-column-is-layout-flow\">\n<div class=\"wp-block-columns is-layout-flex wp-container-core-columns-is-layout-2 wp-block-columns-is-layout-flex\">\n<div class=\"wp-block-column is-layout-flow wp-block-column-is-layout-flow\" style=\"flex-basis:33.33%\">\n<figure class=\"wp-block-image size-full\"><img decoding=\"async\" src=\"https:\/\/www.yorku.ca\/dfa\/wp-content\/uploads\/sites\/40\/2024\/05\/Community-Safety-icons-114-by-113-px-1.png\" alt=\"\" class=\"wp-image-2137\"\/><\/figure>\n<\/div>\n\n\n\n<div class=\"wp-block-column is-layout-flow wp-block-column-is-layout-flow\" style=\"flex-basis:66.66%\">\n<h3 class=\"wp-block-heading\">Mission<\/h3>\n\n\n\n<p> The Community Safety 快播视频 Department is committed to fostering effective approaches to safety by working collaboratively with students, staff, and faculty to promote active participation and contribution to safety on York\u2019s campuses.<\/p>\n<\/div>\n<\/div>\n<\/div>\n\n\n\n<div class=\"wp-block-column is-layout-flow wp-block-column-is-layout-flow\">\n<div class=\"wp-block-columns is-layout-flex wp-container-core-columns-is-layout-3 wp-block-columns-is-layout-flex\">\n<div class=\"wp-block-column is-layout-flow wp-block-column-is-layout-flow\" style=\"flex-basis:33.33%\">\n<figure class=\"wp-block-image size-full\"><img decoding=\"async\" src=\"https:\/\/www.yorku.ca\/dfa\/wp-content\/uploads\/sites\/40\/2024\/05\/Community-Safety-icons-114-by-113-px-2.png\" alt=\"\" class=\"wp-image-2138\"\/><\/figure>\n<\/div>\n\n\n\n<div class=\"wp-block-column is-layout-flow wp-block-column-is-layout-flow\" style=\"flex-basis:66.66%\">\n<h3 class=\"wp-block-heading\">Values<\/h3>\n\n\n\n<p> The Community Safety 快播视频 Department is guided by 快播视频\u2019s values of inclusivity and diversity, social justice and equity, progressiveness, excellence and sustainability.<\/p>\n<\/div>\n<\/div>\n<\/div>\n<\/div>\n\n\n\n<h2 class=\"wp-block-heading\" id=\"racism-law\">Formal acknowledgement of racism in law enforcement <\/h2>\n\n\n\n<div style=\"height:20px\" aria-hidden=\"true\" class=\"wp-block-spacer\"><\/div>\n\n\n<style>.kt-tabs-id240_b06a5f-21 > .kt-tabs-content-wrap > .wp-block-kadence-tab{border-top:1px solid #bcbcbc;border-right:1px solid #bcbcbc;border-bottom:1px solid #bcbcbc;border-left:1px solid #bcbcbc;border-top-left-radius:0px;border-top-right-radius:0px;border-bottom-right-radius:0px;border-bottom-left-radius:0px;padding-top:20px;padding-right:20px;padding-bottom:20px;padding-left:20px;background:#ffffff;}.wp-block-kadence-tabs .kt-tabs-id240_b06a5f-21 > .kt-tabs-title-list li{margin-top:0px;margin-right:8px;margin-bottom:-1px;margin-left:0px;}.wp-block-kadence-tabs .kt-tabs-id240_b06a5f-21 > .kt-tabs-title-list li:last-child{margin-right:0px;}.wp-block-kadence-tabs .kt-tabs-id240_b06a5f-21 > .kt-tabs-title-list li .kt-tab-title, .wp-block-kadence-tabs .kt-tabs-id240_b06a5f-21 > .kt-tabs-content-wrap > .kt-tabs-accordion-title .kt-tab-title{line-height:1.4em;font-weight:regular;font-style:normal;border-top-width:1px;border-right-width:1px;border-bottom-width:0px;border-left-width:1px;border-top-left-radius:4px;border-top-right-radius:4px;border-bottom-right-radius:0px;border-bottom-left-radius:0px;padding-top:8px;padding-right:20px;padding-bottom:8px;padding-left:20px;border-color:#eeeeee;color:#444444;background:#ffffff;}.wp-block-kadence-tabs .kt-tabs-id240_b06a5f-21 > .kt-tabs-content-wrap > .kt-tabs-accordion-title .kt-tab-title{margin-top:0px;margin-right:8px;margin-bottom:-1px;margin-left:0px;}.wp-block-kadence-tabs .kt-tabs-id240_b06a5f-21 > .kt-tabs-title-list li .kt-tab-title:hover, .wp-block-kadence-tabs .kt-tabs-id240_b06a5f-21 > .kt-tabs-content-wrap > .kt-tabs-accordion-title .kt-tab-title:hover{border-color:#e2e2e2;color:#444444;background:#ffffff;}.wp-block-kadence-tabs .kt-tabs-id240_b06a5f-21 > .kt-tabs-title-list li.kt-tab-title-active .kt-tab-title, .wp-block-kadence-tabs .kt-tabs-id240_b06a5f-21 > .kt-tabs-content-wrap > .kt-tabs-accordion-title.kt-tab-title-active .kt-tab-title{border-color:#bcbcbc;color:#444444;background:#ffffff;}@media all and (max-width: 1024px){.kt-tabs-id240_b06a5f-21 > .kt-tabs-content-wrap > .wp-block-kadence-tab{border-top:1px solid #bcbcbc;border-right:1px solid #bcbcbc;border-bottom:1px solid #bcbcbc;border-left:1px solid #bcbcbc;}}@media all and (max-width: 767px){.kt-tabs-id240_b06a5f-21 > .kt-tabs-content-wrap > .wp-block-kadence-tab{border-top:1px solid #bcbcbc;border-right:1px solid #bcbcbc;border-bottom:1px solid #bcbcbc;border-left:1px solid #bcbcbc;}}<\/style>\n<div class=\"wp-block-kadence-tabs alignnone\"><div class=\"kt-tabs-wrap kt-tabs-id240_b06a5f-21 kt-tabs-has-2-tabs kt-active-tab-1 kt-tabs-layout-tabs kt-tabs-tablet-layout-inherit kt-tabs-mobile-layout-inherit kt-tab-alignment-left \"><ul class=\"kt-tabs-title-list\"><li id=\"tab-english\" class=\"kt-title-item kt-title-item-1 kt-tabs-svg-show-always kt-tabs-icon-side-right kt-tab-title-active\"><a href=\"#tab-english\" data-tab=\"1\" class=\"kt-tab-title kt-tab-title-1 \"><span class=\"kt-title-text\">English<\/span><\/a><\/li><li id=\"tab-franais\" class=\"kt-title-item kt-title-item-2 kt-tabs-svg-show-always kt-tabs-icon-side-right kt-tab-title-inactive\"><a href=\"#tab-franais\" data-tab=\"2\" class=\"kt-tab-title kt-tab-title-2 \"><span class=\"kt-title-text\">Fran\u00e7ais<\/span><\/a><\/li><\/ul><div class=\"kt-tabs-content-wrap\">\n<div class=\"wp-block-kadence-tab kt-tab-inner-content kt-inner-tab-1 kt-inner-tabe1bdc9-4a\"><div class=\"kt-tab-inner-content-inner\">\n<p>Between June and September 2020, 快播视频\u2019s leadership met with over 120 members of Black communities at the University, including students, faculty and staff.<\/p>\n\n\n\n<p>During the course of these meetings, many experiences were shared, including lack of personal and emotional safety, daily experiences of racial harassment, exclusion, discrimination, lack of representation, lack of respect and barriers to academic and career advancement. Students spoke about not seeing themselves reflected in the faculty, instructors, staff, administration or the curriculum; racial profiling and surveillance while on campus; and lack of support. Suggestions on how to reduce systemic barriers and create greater inclusion were also shared. The suggestions led to a year-long formal review of York Security Services.&nbsp;<\/p>\n\n\n\n<p>We appreciate the sharing of these experiences and acknowledge the impact they have had on Black, Indigenous and other racialized, students, faculty, staff, and community members across our campuses. We also acknowledge that the impact of over-policing extends beyond campus boundaries and can disproportionately affect racialized communities in their daily lives.<\/p>\n\n\n\n<p>In addition, we recognize the critical need to confront the broader societal challenges that contribute to the negative experiences faced by Black students, faculty, staff, and community members.<\/p>\n\n\n\n<p>We are committed to engaging in ongoing conversations and initiatives aimed at dismantling systemic racism within our security services and police practices. This includes actively working towards fostering a culture that prioritizes community well-being, inclusivity, and justice, with a firm commitment to accountability, ensuring that individuals are held responsible for their actions.<\/p>\n\n\n\n<p>We intend to move forward with implementation of all recommendations to guide us in pursuit of this goal. We are also looking ahead to redefine the relationship between York Security Services (YSS) and all of York\u2019s community members, using a community-centric model for safety. This work will create a culture shift and entails collaboration with community members to collectively develop policies and procedures that equitably and respectfully prioritize the safety and dignity of every individual. Through this work, we aim to build a campus environment that is free from discrimination, where everyone feels valued, respected, and supported.<\/p>\n\n\n\n<p>As part of our commitment to transparency, we will actively work to address and rectify any instances of racial profiling within our operations. This includes ensuring prevention of racial profiling in use of force, arrest, and search activities, as referenced in the report.<\/p>\n\n\n\n<p>We also recognize the significance of continuous education and training for security officials to ensure an understanding of the diverse perspectives and experiences present within the community they serve. This includes regular training to ensure officials confront and address their implicit biases, have strong cultural competence, and actively strive to establish a safer and more inclusive environment.<\/p>\n\n\n\n<p>Going forward, we pledge to collaborate closely with community members who are most affected, ensuring transparency in our operations. Through continued implementation of the recommendations from the Security Services Review, it is our intent to actively contribute to the development of a more inclusive future for community safety at 快播视频.<\/p>\n<\/div><\/div>\n\n\n\n<div class=\"wp-block-kadence-tab kt-tab-inner-content kt-inner-tab-2 kt-inner-tabab21b2-f9\"><div class=\"kt-tab-inner-content-inner\">\n<h2 class=\"wp-block-heading\">Reconna\u00eetre officiellement le racisme dans l\u2019application de la loi<\/h2>\n\n\n\n<div style=\"height:15px\" aria-hidden=\"true\" class=\"wp-block-spacer\"><\/div>\n\n\n\n<p>Entre juin et septembre 2020, l\u2019\u00e9quipe de direction de l\u2019Universit\u00e9 York a rencontr\u00e9 plus de 120&nbsp;membres des communaut\u00e9s noires de l\u2019Universit\u00e9, dont des membres de la communaut\u00e9 \u00e9tudiante, du corps professoral et du personnel.<\/p>\n\n\n\n<p>Au cours de ces rencontres, de nombreuses exp\u00e9riences ont \u00e9t\u00e9 \u00e9voqu\u00e9es, notamment l\u2019absence de s\u00e9curit\u00e9 personnelle et \u00e9motionnelle; des exp\u00e9riences quotidiennes de harc\u00e8lement racial, d\u2019exclusion et de discrimination; un manque de repr\u00e9sentation et de respect; et des obstacles \u00e0 l\u2019avancement acad\u00e9mique et professionnel. Les \u00e9tudiants et \u00e9tudiantes ont dit qu\u2019ils et elles ne se sentent pas repr\u00e9sent\u00e9s dans les corps professoral et enseignant, le personnel, l\u2019administration et les programmes d\u2019\u00e9tudes et ont \u00e9voqu\u00e9 le profilage racial et la surveillance sur les campus, ainsi que le manque de soutien. Des suggestions sur la mani\u00e8re de r\u00e9duire les barri\u00e8res syst\u00e9miques et d\u2019am\u00e9liorer l\u2019inclusion ont \u00e9galement \u00e9t\u00e9 formul\u00e9es. Elles ont donn\u00e9 lieu \u00e0 une \u00e9valuation formelle des Services de s\u00e9curit\u00e9 de York qui a dur\u00e9 un an.&nbsp;<\/p>\n\n\n\n<p>Nous appr\u00e9cions le partage de ces exp\u00e9riences et reconnaissons l\u2019impact qu\u2019elles ont eu sur les membres noirs, autochtones et racialis\u00e9s de la population \u00e9tudiante, du corps professoral, du personnel et de la communaut\u00e9 sur nos campus. Nous reconnaissons \u00e9galement que les interventions polici\u00e8res abusives ne se limitent pas \u00e0 nos campus et peuvent affecter la vie quotidienne des communaut\u00e9s racialis\u00e9es de mani\u00e8re disproportionn\u00e9e.<\/p>\n\n\n\n<p>Nous reconnaissons \u00e9galement qu\u2019il est essentiel de relever les d\u00e9fis soci\u00e9taux plus vastes qui contribuent aux exp\u00e9riences n\u00e9gatives v\u00e9cues par les membres noirs de la population \u00e9tudiante, du corps professoral, du personnel et de la communaut\u00e9.<\/p>\n\n\n\n<p>Nous nous engageons \u00e0 participer \u00e0 des conversations et \u00e0 des initiatives permanentes visant \u00e0 d\u00e9manteler le racisme syst\u00e9mique au sein de nos services de s\u00e9curit\u00e9 et de nos pratiques polici\u00e8res. Nous devons \u0153uvrer activement \u00e0 la promotion d\u2019une culture privil\u00e9giant le bien-\u00eatre de la communaut\u00e9, l\u2019inclusion et la justice, avec un engagement ferme en faveur de la responsabilit\u00e9, tout en veillant \u00e0 ce que les individus soient reconnus responsables de leurs actes.<\/p>\n\n\n\n<p>Nous avons l\u2019intention de poursuivre la mise en \u0153uvre de toutes les recommandations afin d\u2019atteindre cet objectif. Nous envisageons \u00e9galement de red\u00e9finir la relation entre les Services de s\u00e9curit\u00e9 de York (YSS) et tous les membres de la communaut\u00e9 de York en utilisant un mod\u00e8le de s\u00e9curit\u00e9 ax\u00e9 sur la communaut\u00e9. Ces efforts cr\u00e9eront un changement de culture; ils supposent une collaboration avec les membres de la communaut\u00e9 pour \u00e9laborer des politiques et des proc\u00e9dures accordant une priorit\u00e9 \u00e9quitable et respectueuse \u00e0 la s\u00e9curit\u00e9 et \u00e0 la dignit\u00e9 de chaque individu. Nous visons \u00e0 cr\u00e9er un environnement universitaire exempt de discrimination, o\u00f9 chaque personne se sent valoris\u00e9e, respect\u00e9e et soutenue.<\/p>\n\n\n\n<p>Dans le cadre de notre engagement en faveur de la transparence, nous nous efforcerons r\u00e9solument de traiter et de rectifier tout cas de profilage racial dans le cadre de nos activit\u00e9s. Nous veillerons notamment \u00e0 pr\u00e9venir le profilage racial dans les activit\u00e9s de recours \u00e0 la force, d\u2019arrestation et de fouille, comme indiqu\u00e9 dans le rapport.<s><\/s><\/p>\n\n\n\n<p>Nous savons \u00e9galement qu\u2019il est important que les responsables de la s\u00e9curit\u00e9 b\u00e9n\u00e9ficient d\u2019une \u00e9ducation et d\u2019une formation continues afin de comprendre les diff\u00e9rentes perspectives et exp\u00e9riences de la communaut\u00e9 qu\u2019ils servent. Des formations seront offertes r\u00e9guli\u00e8rement pour s\u2019assurer que les agents affrontent et g\u00e8rent leurs pr\u00e9jug\u00e9s implicites, qu\u2019ils poss\u00e8dent de solides comp\u00e9tences culturelles et qu\u2019ils s\u2019efforcent activement de cr\u00e9er un environnement plus s\u00fbr et plus inclusif.<\/p>\n\n\n\n<p>\u00c0 l\u2019avenir, nous nous engageons \u00e0 collaborer \u00e9troitement avec les membres des communaut\u00e9s les plus concern\u00e9es afin de garantir la transparence de nos activit\u00e9s. En continuant \u00e0 mettre en \u0153uvre les recommandations \u00e9manant de l\u2019\u00e9valuation des Services de s\u00e9curit\u00e9, nous souhaitons contribuer activement au d\u00e9veloppement d\u2019un avenir plus inclusif pour la s\u00e9curit\u00e9 de la communaut\u00e9 \u00e0 l\u2019Universit\u00e9 York.<\/p>\n<\/div><\/div>\n<\/div><\/div><\/div>\n\n\n\n<div style=\"height:30px\" aria-hidden=\"true\" class=\"wp-block-spacer\"><\/div>\n\n\n\n<div class=\"wp-block-columns learnmore-block is-layout-flex wp-container-core-columns-is-layout-5 wp-block-columns-is-layout-flex\">\n<div class=\"wp-block-column is-vertically-aligned-top is-layout-flow wp-block-column-is-layout-flow\" style=\"flex-basis:60%\">\n<h2 class=\"wp-block-heading\">Share your feedback<\/h2>\n\n\n\n<p>Building a safe community is an ongoing endeavour. If you have feedback on our services and how we can better respond to emerging safety and security concerns, reach out to us. <\/p>\n<\/div>\n\n\n\n<div class=\"wp-block-column is-vertically-aligned-center is-layout-flow wp-block-column-is-layout-flow\">\n<div class=\"wp-block-buttons is-horizontal is-content-justification-center is-layout-flex wp-container-core-buttons-is-layout-1 wp-block-buttons-is-layout-flex\">\n<div class=\"wp-block-button\"><a class=\"wp-block-button__link wp-element-button\" href=\"https:\/\/www.yorku.ca\/safety\/contact\/\">Contact Us<\/a><\/div>\n<\/div>\n<\/div>\n<\/div>\n\n\n\n<p><\/p>\n","protected":false},"excerpt":{"rendered":"<p>A community-centric approach to safety We take a holistic and intersectional approach to safety that reflects the diverse experiences of members of our community. &nbsp;We are committed to working proactively with the York community to build safe and inclusive campuses. Each of us can \u2013 and should \u2013 play a role. &nbsp;Protecting the safety and [&hellip;]<\/p>\n","protected":false},"author":99,"featured_media":0,"parent":0,"menu_order":0,"comment_status":"closed","ping_status":"closed","template":"","meta":{"_kad_blocks_custom_css":"","_kad_blocks_head_custom_js":"","_kad_blocks_body_custom_js":"","_kad_blocks_footer_custom_js":"","footnotes":""},"tags":[36,35,38,14,39,37],"class_list":["post-240","page","type-page","status-publish","hentry","tag-about","tag-community-safety","tag-mission","tag-safety","tag-values","tag-vision"],"yoast_head":"<!-- This site is optimized with the Yoast SEO plugin v24.0 - https:\/\/yoast.com\/wordpress\/plugins\/seo\/ -->\n<title>About - Community Safety 快播视频<\/title>\n<meta name=\"robots\" content=\"index, follow, max-snippet:-1, max-image-preview:large, max-video-preview:-1\" \/>\n<link rel=\"canonical\" href=\"https:\/\/www.yorku.ca\/safety\/about-us\/\" \/>\n<meta property=\"og:locale\" content=\"en_US\" \/>\n<meta property=\"og:type\" content=\"article\" \/>\n<meta property=\"og:title\" content=\"About - Community Safety 快播视频\" \/>\n<meta property=\"og:description\" content=\"A community-centric approach to safety We take a holistic and intersectional approach to safety that reflects the diverse experiences of members of our community. &nbsp;We are committed to working proactively with the York community to build safe and inclusive campuses. Each of us can \u2013 and should \u2013 play a role. &nbsp;Protecting the safety and [&hellip;]\" \/>\n<meta property=\"og:url\" content=\"https:\/\/www.yorku.ca\/safety\/about-us\/\" \/>\n<meta property=\"og:site_name\" content=\"Community Safety 快播视频\" \/>\n<meta property=\"article:modified_time\" content=\"2025-10-02T16:51:13+00:00\" \/>\n<meta name=\"twitter:card\" content=\"summary_large_image\" \/>\n<meta name=\"twitter:label1\" content=\"Est. reading time\" \/>\n\t<meta name=\"twitter:data1\" content=\"7 minutes\" \/>\n<script type=\"application\/ld+json\" class=\"yoast-schema-graph\">{\"@context\":\"https:\/\/schema.org\",\"@graph\":[{\"@type\":\"WebPage\",\"@id\":\"https:\/\/www.yorku.ca\/safety\/about-us\/\",\"url\":\"https:\/\/www.yorku.ca\/safety\/about-us\/\",\"name\":\"About - Community Safety 快播视频\",\"isPartOf\":{\"@id\":\"https:\/\/www.yorku.ca\/safety\/#website\"},\"primaryImageOfPage\":{\"@id\":\"https:\/\/www.yorku.ca\/safety\/about-us\/#primaryimage\"},\"image\":{\"@id\":\"https:\/\/www.yorku.ca\/safety\/about-us\/#primaryimage\"},\"thumbnailUrl\":\"https:\/\/www.yorku.ca\/dfa\/wp-content\/uploads\/sites\/40\/2024\/05\/Subway-YU_students4-1024x683.jpg\",\"datePublished\":\"2020-07-28T20:44:36+00:00\",\"dateModified\":\"2025-10-02T16:51:13+00:00\",\"breadcrumb\":{\"@id\":\"https:\/\/www.yorku.ca\/safety\/about-us\/#breadcrumb\"},\"inLanguage\":\"en-CA\",\"potentialAction\":[{\"@type\":\"ReadAction\",\"target\":[\"https:\/\/www.yorku.ca\/safety\/about-us\/\"]}]},{\"@type\":\"ImageObject\",\"inLanguage\":\"en-CA\",\"@id\":\"https:\/\/www.yorku.ca\/safety\/about-us\/#primaryimage\",\"url\":\"https:\/\/www.yorku.ca\/dfa\/wp-content\/uploads\/sites\/40\/2024\/05\/Subway-YU_students4-1024x683.jpg\",\"contentUrl\":\"https:\/\/www.yorku.ca\/dfa\/wp-content\/uploads\/sites\/40\/2024\/05\/Subway-YU_students4-1024x683.jpg\"},{\"@type\":\"BreadcrumbList\",\"@id\":\"https:\/\/www.yorku.ca\/safety\/about-us\/#breadcrumb\",\"itemListElement\":[{\"@type\":\"ListItem\",\"position\":1,\"name\":\"Home\",\"item\":\"https:\/\/www.yorku.ca\/safety\/\"},{\"@type\":\"ListItem\",\"position\":2,\"name\":\"About\"}]},{\"@type\":\"WebSite\",\"@id\":\"https:\/\/www.yorku.ca\/safety\/#website\",\"url\":\"https:\/\/www.yorku.ca\/safety\/\",\"name\":\"Community Safety 快播视频\",\"description\":\"\",\"potentialAction\":[{\"@type\":\"SearchAction\",\"target\":{\"@type\":\"EntryPoint\",\"urlTemplate\":\"https:\/\/www.yorku.ca\/safety\/?s={search_term_string}\"},\"query-input\":{\"@type\":\"PropertyValueSpecification\",\"valueRequired\":true,\"valueName\":\"search_term_string\"}}],\"inLanguage\":\"en-CA\"}]}<\/script>\n<!-- \/ Yoast SEO plugin. -->","yoast_head_json":{"title":"About - Community Safety 快播视频","robots":{"index":"index","follow":"follow","max-snippet":"max-snippet:-1","max-image-preview":"max-image-preview:large","max-video-preview":"max-video-preview:-1"},"canonical":"https:\/\/www.yorku.ca\/safety\/about-us\/","og_locale":"en_US","og_type":"article","og_title":"About - Community Safety 快播视频","og_description":"A community-centric approach to safety We take a holistic and intersectional approach to safety that reflects the diverse experiences of members of our community. &nbsp;We are committed to working proactively with the York community to build safe and inclusive campuses. Each of us can \u2013 and should \u2013 play a role. &nbsp;Protecting the safety and [&hellip;]","og_url":"https:\/\/www.yorku.ca\/safety\/about-us\/","og_site_name":"Community Safety 快播视频","article_modified_time":"2025-10-02T16:51:13+00:00","twitter_card":"summary_large_image","twitter_misc":{"Est. reading time":"7 minutes"},"schema":{"@context":"https:\/\/schema.org","@graph":[{"@type":"WebPage","@id":"https:\/\/www.yorku.ca\/safety\/about-us\/","url":"https:\/\/www.yorku.ca\/safety\/about-us\/","name":"About - Community Safety 快播视频","isPartOf":{"@id":"https:\/\/www.yorku.ca\/safety\/#website"},"primaryImageOfPage":{"@id":"https:\/\/www.yorku.ca\/safety\/about-us\/#primaryimage"},"image":{"@id":"https:\/\/www.yorku.ca\/safety\/about-us\/#primaryimage"},"thumbnailUrl":"https:\/\/www.yorku.ca\/dfa\/wp-content\/uploads\/sites\/40\/2024\/05\/Subway-YU_students4-1024x683.jpg","datePublished":"2020-07-28T20:44:36+00:00","dateModified":"2025-10-02T16:51:13+00:00","breadcrumb":{"@id":"https:\/\/www.yorku.ca\/safety\/about-us\/#breadcrumb"},"inLanguage":"en-CA","potentialAction":[{"@type":"ReadAction","target":["https:\/\/www.yorku.ca\/safety\/about-us\/"]}]},{"@type":"ImageObject","inLanguage":"en-CA","@id":"https:\/\/www.yorku.ca\/safety\/about-us\/#primaryimage","url":"https:\/\/www.yorku.ca\/dfa\/wp-content\/uploads\/sites\/40\/2024\/05\/Subway-YU_students4-1024x683.jpg","contentUrl":"https:\/\/www.yorku.ca\/dfa\/wp-content\/uploads\/sites\/40\/2024\/05\/Subway-YU_students4-1024x683.jpg"},{"@type":"BreadcrumbList","@id":"https:\/\/www.yorku.ca\/safety\/about-us\/#breadcrumb","itemListElement":[{"@type":"ListItem","position":1,"name":"Home","item":"https:\/\/www.yorku.ca\/safety\/"},{"@type":"ListItem","position":2,"name":"About"}]},{"@type":"WebSite","@id":"https:\/\/www.yorku.ca\/safety\/#website","url":"https:\/\/www.yorku.ca\/safety\/","name":"Community Safety 快播视频","description":"","potentialAction":[{"@type":"SearchAction","target":{"@type":"EntryPoint","urlTemplate":"https:\/\/www.yorku.ca\/safety\/?s={search_term_string}"},"query-input":{"@type":"PropertyValueSpecification","valueRequired":true,"valueName":"search_term_string"}}],"inLanguage":"en-CA"}]}},"taxonomy_info":{"post_tag":[{"value":36,"label":"About"},{"value":35,"label":"Community Safety 快播视频"},{"value":38,"label":"Mission"},{"value":14,"label":"Safety"},{"value":39,"label":"Values"},{"value":37,"label":"Vision"}]},"featured_image_src_large":false,"author_info":{"display_name":"alittle","author_link":"https:\/\/www.yorku.ca\/safety\/author\/alittle\/"},"comment_info":"","_links":{"self":[{"href":"https:\/\/www.yorku.ca\/safety\/wp-json\/wp\/v2\/pages\/240","targetHints":{"allow":["GET"]}}],"collection":[{"href":"https:\/\/www.yorku.ca\/safety\/wp-json\/wp\/v2\/pages"}],"about":[{"href":"https:\/\/www.yorku.ca\/safety\/wp-json\/wp\/v2\/types\/page"}],"author":[{"embeddable":true,"href":"https:\/\/www.yorku.ca\/safety\/wp-json\/wp\/v2\/users\/99"}],"replies":[{"embeddable":true,"href":"https:\/\/www.yorku.ca\/safety\/wp-json\/wp\/v2\/comments?post=240"}],"version-history":[{"count":18,"href":"https:\/\/www.yorku.ca\/safety\/wp-json\/wp\/v2\/pages\/240\/revisions"}],"predecessor-version":[{"id":12318,"href":"https:\/\/www.yorku.ca\/safety\/wp-json\/wp\/v2\/pages\/240\/revisions\/12318"}],"wp:attachment":[{"href":"https:\/\/www.yorku.ca\/safety\/wp-json\/wp\/v2\/media?parent=240"}],"wp:term":[{"taxonomy":"post_tag","embeddable":true,"href":"https:\/\/www.yorku.ca\/safety\/wp-json\/wp\/v2\/tags?post=240"}],"curies":[{"name":"wp","href":"https:\/\/api.w.org\/{rel}","templated":true}]}}