  {"id":7530,"date":"2023-03-02T14:47:20","date_gmt":"2023-03-02T19:47:20","guid":{"rendered":"https:\/\/www.yorku.ca\/research\/robarts\/?page_id=7530"},"modified":"2023-06-12T11:17:43","modified_gmt":"2023-06-12T15:17:43","slug":"research-networks","status":"publish","type":"page","link":"https:\/\/www.yorku.ca\/research\/robarts\/research-networks\/","title":{"rendered":"Research Networks"},"content":{"rendered":"\n<div style=\"height:15px\" aria-hidden=\"true\" class=\"wp-block-spacer\"><\/div>\n\n\n\n<h4 class=\"wp-block-heading\">The Robarts Centre supports research networks that link the work of our members to several important academic communities at York and beyond.<\/h4>\n\n\n\n<div style=\"height:15px\" aria-hidden=\"true\" class=\"wp-block-spacer\"><\/div>\n\n\n\n<hr class=\"wp-block-separator\"\/>\n\n\n\n<div style=\"height:14px\" aria-hidden=\"true\" class=\"wp-block-spacer\"><\/div>\n\n\n\n<div class=\"wp-block-columns is-layout-flex wp-container-core-columns-is-layout-9d6595d7 wp-block-columns-is-layout-flex\">\n<div class=\"wp-block-column is-layout-flow wp-block-column-is-layout-flow\" style=\"flex-basis:66.66%\">\n<p><strong>L'Amicale francophone de York<\/strong> est un r\u00e9seau acad\u00e9mique informel pour les chercheur.e.s menant des projets en fran\u00e7ais \u00e0 l\u2019Universit\u00e9 York. L\u2019Amicale se veut un groupe de soutien par les pairs permettant \u00e0 ses membres de partager de l\u2019information sur les opportunit\u00e9s de recherche en fran\u00e7ais, de consolider leurs r\u00e9seaux et de trouver un appui afin d\u2019am\u00e9liorer le statut de la recherche en fran\u00e7ais \u00e0 York et dans la grande r\u00e9gion de Toronto. <\/p>\n\n\n\n<p>Pour plus d\u00e9tails, veuillez consulter: <a href=\"http:\/\/www.glendon.yorku.ca\/crlcc\/fr\/lamicale-francophone-de-york\" target=\"_blank\" rel=\"noreferrer noopener\">www.glendon.yorku.ca\/crlcc\/fr\/lamicale-francophone-de-york<\/a><\/p>\n<\/div>\n\n\n\n<div class=\"wp-block-column is-layout-flow wp-block-column-is-layout-flow\" style=\"flex-basis:33.33%\">\n<div class=\"wp-block-image\"><figure class=\"alignright size-large is-resized\"><a href=\"https:\/\/www.glendon.yorku.ca\/crlcc\/fr\/lamicale-francophone-de-york\/\"><img loading=\"lazy\" decoding=\"async\" src=\"https:\/\/www.yorku.ca\/research\/robarts\/wp-content\/uploads\/sites\/466\/2023\/03\/Amicale-francophone-de-York-1024x148.jpg\" alt=\"\" class=\"wp-image-7531\" width=\"413\" height=\"60\" srcset=\"https:\/\/www.yorku.ca\/research\/robarts\/wp-content\/uploads\/sites\/466\/2023\/03\/Amicale-francophone-de-York-1024x148.jpg 1024w, https:\/\/www.yorku.ca\/research\/robarts\/wp-content\/uploads\/sites\/466\/2023\/03\/Amicale-francophone-de-York-300x43.jpg 300w, https:\/\/www.yorku.ca\/research\/robarts\/wp-content\/uploads\/sites\/466\/2023\/03\/Amicale-francophone-de-York-1536x223.jpg 1536w, https:\/\/www.yorku.ca\/research\/robarts\/wp-content\/uploads\/sites\/466\/2023\/03\/Amicale-francophone-de-York-2048x297.jpg 2048w\" sizes=\"auto, (max-width: 413px) 100vw, 413px\" \/><\/a><\/figure><\/div>\n<\/div>\n<\/div>\n\n\n\n<hr class=\"wp-block-separator\"\/>\n\n\n\n<div style=\"height:14px\" aria-hidden=\"true\" class=\"wp-block-spacer\"><\/div>\n\n\n\n<div class=\"wp-block-columns is-layout-flex wp-container-core-columns-is-layout-9d6595d7 wp-block-columns-is-layout-flex\">\n<div class=\"wp-block-column is-layout-flow wp-block-column-is-layout-flow\" style=\"flex-basis:33.33%\">\n<figure class=\"wp-block-image size-large\"><a href=\"https:\/\/wseresearch.com\/\"><img loading=\"lazy\" decoding=\"async\" width=\"1024\" height=\"330\" src=\"https:\/\/www.yorku.ca\/research\/robarts\/wp-content\/uploads\/sites\/466\/2018\/07\/Wiser-1024x330.png\" alt=\"\" class=\"wp-image-4469\" srcset=\"https:\/\/www.yorku.ca\/research\/robarts\/wp-content\/uploads\/sites\/466\/2018\/07\/Wiser-1024x330.png 1024w, https:\/\/www.yorku.ca\/research\/robarts\/wp-content\/uploads\/sites\/466\/2018\/07\/Wiser-300x97.png 300w, https:\/\/www.yorku.ca\/research\/robarts\/wp-content\/uploads\/sites\/466\/2018\/07\/Wiser.png 1279w\" sizes=\"auto, (max-width: 1024px) 100vw, 1024px\" \/><\/a><\/figure>\n<\/div>\n\n\n\n<div class=\"wp-block-column is-layout-flow wp-block-column-is-layout-flow\" style=\"flex-basis:66.66%\">\n<p><strong>Women and Inclusivity in Sustainable Energy Research Network (WISER)<\/strong> is a grassroots network of women academics in the field of clean, low\u2013carbon, or sustainable energy research.<\/p>\n\n\n\n<p>Established in 2017, WISER materialized out of the need to connect women researching clean energy (PhD Candidates, Post Docs and Professors) and to address implicit biases in this field.<\/p>\n\n\n\n<p>Please visit our website for more information and to join: <a href=\"https:\/\/wseresearch.com\/\" target=\"_blank\" rel=\"noreferrer noopener\">https:\/\/wseresearch.com\/<\/a><\/p>\n<\/div>\n<\/div>\n\n\n\n<hr class=\"wp-block-separator\"\/>\n\n\n\n<div class=\"wp-block-image\"><figure class=\"alignright size-medium is-resized\"><img loading=\"lazy\" decoding=\"async\" src=\"https:\/\/www.yorku.ca\/research\/robarts\/wp-content\/uploads\/sites\/466\/2019\/08\/HIPNet-300x94.jpg\" alt=\"\" class=\"wp-image-4295\" width=\"375\" height=\"118\" srcset=\"https:\/\/www.yorku.ca\/research\/robarts\/wp-content\/uploads\/sites\/466\/2019\/08\/HIPNet-300x94.jpg 300w, https:\/\/www.yorku.ca\/research\/robarts\/wp-content\/uploads\/sites\/466\/2019\/08\/HIPNet-1024x320.jpg 1024w, https:\/\/www.yorku.ca\/research\/robarts\/wp-content\/uploads\/sites\/466\/2019\/08\/HIPNet-1536x480.jpg 1536w, https:\/\/www.yorku.ca\/research\/robarts\/wp-content\/uploads\/sites\/466\/2019\/08\/HIPNet-2048x641.jpg 2048w\" sizes=\"auto, (max-width: 375px) 100vw, 375px\" \/><\/figure><\/div>\n\n\n\n<p><strong>History of Indigenous Peoples Network (HIPN)<\/strong> has a mandate to encourage and support the research of the histories of Indigenous peoples, primarily among graduate students and faculty members at ¿ì²¥ÊÓÆµ and neighbouring institutions.<\/p>\n\n\n\n<p> With a membership of close to 200 people, the Network holds bi-weekly workshops for members\u2019 scholarship-in-progress, talks by visiting speakers, film viewings, an annual Elder Event, and a field trip series.<\/p>\n\n\n\n<p>For more information contact <a href=\"https:\/\/profiles.laps.yorku.ca\/profiles\/carolynp\/\" target=\"_blank\" rel=\"noreferrer noopener\">Carolyn Podruchny<\/a> at <a href=\"mailto:carolynp@yorku.ca\">carolynp@yorku.ca<\/a><\/p>\n\n\n\n<hr class=\"wp-block-separator\"\/>\n\n\n\n<div style=\"height:30px\" aria-hidden=\"true\" class=\"wp-block-spacer\"><\/div>\n","protected":false},"excerpt":{"rendered":"<p>The Robarts Centre supports research networks that link the work of our members to several important academic communities at York and beyond. L'Amicale francophone de York est un r\u00e9seau acad\u00e9mique informel pour les chercheur.e.s menant des projets en fran\u00e7ais \u00e0 l\u2019Universit\u00e9 York. L\u2019Amicale se veut un groupe de soutien par les pairs permettant \u00e0 ses [&hellip;]<\/p>\n","protected":false},"author":600,"featured_media":0,"parent":0,"menu_order":0,"comment_status":"closed","ping_status":"closed","template":"","meta":{"_kad_blocks_custom_css":"","_kad_blocks_head_custom_js":"","_kad_blocks_body_custom_js":"","_kad_blocks_footer_custom_js":"","footnotes":""},"tags":[],"class_list":["post-7530","page","type-page","status-publish","hentry"],"yoast_head":"<!-- This site is optimized with the Yoast SEO plugin v27.4 - https:\/\/yoast.com\/product\/yoast-seo-wordpress\/ -->\n<title>Research Networks - Robarts Centre for Canadian Studies<\/title>\n<meta name=\"robots\" content=\"index, follow, max-snippet:-1, max-image-preview:large, max-video-preview:-1\" \/>\n<link rel=\"canonical\" href=\"https:\/\/www.yorku.ca\/research\/robarts\/research-networks\/\" \/>\n<meta property=\"og:locale\" content=\"en_US\" \/>\n<meta property=\"og:type\" content=\"article\" \/>\n<meta property=\"og:title\" content=\"Research Networks - Robarts Centre for Canadian Studies\" \/>\n<meta property=\"og:description\" content=\"The Robarts Centre supports research networks that link the work of our members to several important academic communities at York and beyond. L&#039;Amicale francophone de York est un r\u00e9seau acad\u00e9mique informel pour les chercheur.e.s menant des projets en fran\u00e7ais \u00e0 l\u2019Universit\u00e9 York. L\u2019Amicale se veut un groupe de soutien par les pairs permettant \u00e0 ses [&hellip;]\" \/>\n<meta property=\"og:url\" content=\"https:\/\/www.yorku.ca\/research\/robarts\/research-networks\/\" \/>\n<meta property=\"og:site_name\" content=\"Robarts Centre for Canadian Studies\" \/>\n<meta property=\"article:modified_time\" content=\"2023-06-12T15:17:43+00:00\" \/>\n<meta property=\"og:image\" content=\"https:\/\/www.yorku.ca\/research\/robarts\/wp-content\/uploads\/sites\/466\/2023\/03\/Amicale-francophone-de-York-1024x148.jpg\" \/>\n<meta name=\"twitter:card\" content=\"summary_large_image\" \/>\n<meta name=\"twitter:label1\" content=\"Est. reading time\" \/>\n\t<meta name=\"twitter:data1\" content=\"2 minutes\" \/>\n<script type=\"application\/ld+json\" class=\"yoast-schema-graph\">{\"@context\":\"https:\\\/\\\/schema.org\",\"@graph\":[{\"@type\":\"WebPage\",\"@id\":\"https:\\\/\\\/www.yorku.ca\\\/research\\\/robarts\\\/research-networks\\\/\",\"url\":\"https:\\\/\\\/www.yorku.ca\\\/research\\\/robarts\\\/research-networks\\\/\",\"name\":\"Research Networks - Robarts Centre for Canadian Studies\",\"isPartOf\":{\"@id\":\"https:\\\/\\\/www.yorku.ca\\\/research\\\/robarts\\\/#website\"},\"primaryImageOfPage\":{\"@id\":\"https:\\\/\\\/www.yorku.ca\\\/research\\\/robarts\\\/research-networks\\\/#primaryimage\"},\"image\":{\"@id\":\"https:\\\/\\\/www.yorku.ca\\\/research\\\/robarts\\\/research-networks\\\/#primaryimage\"},\"thumbnailUrl\":\"https:\\\/\\\/www.yorku.ca\\\/research\\\/robarts\\\/wp-content\\\/uploads\\\/sites\\\/466\\\/2023\\\/03\\\/Amicale-francophone-de-York-1024x148.jpg\",\"datePublished\":\"2023-03-02T19:47:20+00:00\",\"dateModified\":\"2023-06-12T15:17:43+00:00\",\"breadcrumb\":{\"@id\":\"https:\\\/\\\/www.yorku.ca\\\/research\\\/robarts\\\/research-networks\\\/#breadcrumb\"},\"inLanguage\":\"en-CA\",\"potentialAction\":[{\"@type\":\"ReadAction\",\"target\":[\"https:\\\/\\\/www.yorku.ca\\\/research\\\/robarts\\\/research-networks\\\/\"]}]},{\"@type\":\"ImageObject\",\"inLanguage\":\"en-CA\",\"@id\":\"https:\\\/\\\/www.yorku.ca\\\/research\\\/robarts\\\/research-networks\\\/#primaryimage\",\"url\":\"https:\\\/\\\/www.yorku.ca\\\/research\\\/robarts\\\/wp-content\\\/uploads\\\/sites\\\/466\\\/2023\\\/03\\\/Amicale-francophone-de-York-1024x148.jpg\",\"contentUrl\":\"https:\\\/\\\/www.yorku.ca\\\/research\\\/robarts\\\/wp-content\\\/uploads\\\/sites\\\/466\\\/2023\\\/03\\\/Amicale-francophone-de-York-1024x148.jpg\"},{\"@type\":\"BreadcrumbList\",\"@id\":\"https:\\\/\\\/www.yorku.ca\\\/research\\\/robarts\\\/research-networks\\\/#breadcrumb\",\"itemListElement\":[{\"@type\":\"ListItem\",\"position\":1,\"name\":\"Home\",\"item\":\"https:\\\/\\\/www.yorku.ca\\\/research\\\/robarts\\\/\"},{\"@type\":\"ListItem\",\"position\":2,\"name\":\"Research Networks\"}]},{\"@type\":\"WebSite\",\"@id\":\"https:\\\/\\\/www.yorku.ca\\\/research\\\/robarts\\\/#website\",\"url\":\"https:\\\/\\\/www.yorku.ca\\\/research\\\/robarts\\\/\",\"name\":\"Robarts Centre for Canadian Studies\",\"description\":\"\",\"potentialAction\":[{\"@type\":\"SearchAction\",\"target\":{\"@type\":\"EntryPoint\",\"urlTemplate\":\"https:\\\/\\\/www.yorku.ca\\\/research\\\/robarts\\\/?s={search_term_string}\"},\"query-input\":{\"@type\":\"PropertyValueSpecification\",\"valueRequired\":true,\"valueName\":\"search_term_string\"}}],\"inLanguage\":\"en-CA\"}]}<\/script>\n<!-- \/ Yoast SEO plugin. -->","yoast_head_json":{"title":"Research Networks - Robarts Centre for Canadian Studies","robots":{"index":"index","follow":"follow","max-snippet":"max-snippet:-1","max-image-preview":"max-image-preview:large","max-video-preview":"max-video-preview:-1"},"canonical":"https:\/\/www.yorku.ca\/research\/robarts\/research-networks\/","og_locale":"en_US","og_type":"article","og_title":"Research Networks - Robarts Centre for Canadian Studies","og_description":"The Robarts Centre supports research networks that link the work of our members to several important academic communities at York and beyond. L'Amicale francophone de York est un r\u00e9seau acad\u00e9mique informel pour les chercheur.e.s menant des projets en fran\u00e7ais \u00e0 l\u2019Universit\u00e9 York. L\u2019Amicale se veut un groupe de soutien par les pairs permettant \u00e0 ses [&hellip;]","og_url":"https:\/\/www.yorku.ca\/research\/robarts\/research-networks\/","og_site_name":"Robarts Centre for Canadian Studies","article_modified_time":"2023-06-12T15:17:43+00:00","og_image":[{"url":"https:\/\/www.yorku.ca\/research\/robarts\/wp-content\/uploads\/sites\/466\/2023\/03\/Amicale-francophone-de-York-1024x148.jpg","type":"","width":"","height":""}],"twitter_card":"summary_large_image","twitter_misc":{"Est. reading time":"2 minutes"},"schema":{"@context":"https:\/\/schema.org","@graph":[{"@type":"WebPage","@id":"https:\/\/www.yorku.ca\/research\/robarts\/research-networks\/","url":"https:\/\/www.yorku.ca\/research\/robarts\/research-networks\/","name":"Research Networks - Robarts Centre for Canadian Studies","isPartOf":{"@id":"https:\/\/www.yorku.ca\/research\/robarts\/#website"},"primaryImageOfPage":{"@id":"https:\/\/www.yorku.ca\/research\/robarts\/research-networks\/#primaryimage"},"image":{"@id":"https:\/\/www.yorku.ca\/research\/robarts\/research-networks\/#primaryimage"},"thumbnailUrl":"https:\/\/www.yorku.ca\/research\/robarts\/wp-content\/uploads\/sites\/466\/2023\/03\/Amicale-francophone-de-York-1024x148.jpg","datePublished":"2023-03-02T19:47:20+00:00","dateModified":"2023-06-12T15:17:43+00:00","breadcrumb":{"@id":"https:\/\/www.yorku.ca\/research\/robarts\/research-networks\/#breadcrumb"},"inLanguage":"en-CA","potentialAction":[{"@type":"ReadAction","target":["https:\/\/www.yorku.ca\/research\/robarts\/research-networks\/"]}]},{"@type":"ImageObject","inLanguage":"en-CA","@id":"https:\/\/www.yorku.ca\/research\/robarts\/research-networks\/#primaryimage","url":"https:\/\/www.yorku.ca\/research\/robarts\/wp-content\/uploads\/sites\/466\/2023\/03\/Amicale-francophone-de-York-1024x148.jpg","contentUrl":"https:\/\/www.yorku.ca\/research\/robarts\/wp-content\/uploads\/sites\/466\/2023\/03\/Amicale-francophone-de-York-1024x148.jpg"},{"@type":"BreadcrumbList","@id":"https:\/\/www.yorku.ca\/research\/robarts\/research-networks\/#breadcrumb","itemListElement":[{"@type":"ListItem","position":1,"name":"Home","item":"https:\/\/www.yorku.ca\/research\/robarts\/"},{"@type":"ListItem","position":2,"name":"Research Networks"}]},{"@type":"WebSite","@id":"https:\/\/www.yorku.ca\/research\/robarts\/#website","url":"https:\/\/www.yorku.ca\/research\/robarts\/","name":"Robarts Centre for Canadian Studies","description":"","potentialAction":[{"@type":"SearchAction","target":{"@type":"EntryPoint","urlTemplate":"https:\/\/www.yorku.ca\/research\/robarts\/?s={search_term_string}"},"query-input":{"@type":"PropertyValueSpecification","valueRequired":true,"valueName":"search_term_string"}}],"inLanguage":"en-CA"}]}},"taxonomy_info":[],"featured_image_src_large":false,"author_info":{"display_name":"azfelipe","author_link":"https:\/\/www.yorku.ca\/research\/robarts\/author\/azfelipe\/"},"comment_info":"","_links":{"self":[{"href":"https:\/\/www.yorku.ca\/research\/robarts\/wp-json\/wp\/v2\/pages\/7530","targetHints":{"allow":["GET"]}}],"collection":[{"href":"https:\/\/www.yorku.ca\/research\/robarts\/wp-json\/wp\/v2\/pages"}],"about":[{"href":"https:\/\/www.yorku.ca\/research\/robarts\/wp-json\/wp\/v2\/types\/page"}],"author":[{"embeddable":true,"href":"https:\/\/www.yorku.ca\/research\/robarts\/wp-json\/wp\/v2\/users\/600"}],"replies":[{"embeddable":true,"href":"https:\/\/www.yorku.ca\/research\/robarts\/wp-json\/wp\/v2\/comments?post=7530"}],"version-history":[{"count":12,"href":"https:\/\/www.yorku.ca\/research\/robarts\/wp-json\/wp\/v2\/pages\/7530\/revisions"}],"predecessor-version":[{"id":7688,"href":"https:\/\/www.yorku.ca\/research\/robarts\/wp-json\/wp\/v2\/pages\/7530\/revisions\/7688"}],"wp:attachment":[{"href":"https:\/\/www.yorku.ca\/research\/robarts\/wp-json\/wp\/v2\/media?parent=7530"}],"wp:term":[{"taxonomy":"post_tag","embeddable":true,"href":"https:\/\/www.yorku.ca\/research\/robarts\/wp-json\/wp\/v2\/tags?post=7530"}],"curies":[{"name":"wp","href":"https:\/\/api.w.org\/{rel}","templated":true}]}}