  {"id":980,"date":"2021-01-29T17:23:12","date_gmt":"2021-01-29T22:23:12","guid":{"rendered":"https:\/\/www.yorku.ca\/ouinternational\/?page_id=980"},"modified":"2025-12-05T10:02:26","modified_gmt":"2025-12-05T15:02:26","slug":"obw-summer-language-program","status":"publish","type":"page","link":"https:\/\/www.yorku.ca\/ouinternational\/obw-summer-language-program\/","title":{"rendered":"OBW Summer Language Program"},"content":{"rendered":"\n<div class=\"wp-block-image\"><figure class=\"aligncenter size-large is-resized\"><img loading=\"lazy\" decoding=\"async\" src=\"https:\/\/www.yorku.ca\/ouinternational\/wp-content\/uploads\/sites\/252\/2021\/02\/JPEG_obw-crop.jpg\" alt=\"\" class=\"wp-image-1013\" width=\"355\" height=\"132\" srcset=\"https:\/\/www.yorku.ca\/ouinternational\/wp-content\/uploads\/sites\/252\/2021\/02\/JPEG_obw-crop.jpg 807w, https:\/\/www.yorku.ca\/ouinternational\/wp-content\/uploads\/sites\/252\/2021\/02\/JPEG_obw-crop-300x112.jpg 300w, https:\/\/www.yorku.ca\/ouinternational\/wp-content\/uploads\/sites\/252\/2021\/02\/JPEG_obw-crop-768x286.jpg 768w\" sizes=\"auto, (max-width: 355px) 100vw, 355px\" \/><\/figure><\/div>\n\n\n\n<div class=\"wp-block-image\"><figure class=\"aligncenter size-large is-resized\"><img loading=\"lazy\" decoding=\"async\" src=\"https:\/\/www.yorku.ca\/ouinternational\/wp-content\/uploads\/sites\/252\/2021\/01\/Tuebingen-1-1024x683.jpg\" alt=\"\" class=\"wp-image-938\" width=\"707\" height=\"471\" srcset=\"https:\/\/www.yorku.ca\/ouinternational\/wp-content\/uploads\/sites\/252\/2021\/01\/Tuebingen-1-1024x683.jpg 1024w, https:\/\/www.yorku.ca\/ouinternational\/wp-content\/uploads\/sites\/252\/2021\/01\/Tuebingen-1-300x200.jpg 300w, https:\/\/www.yorku.ca\/ouinternational\/wp-content\/uploads\/sites\/252\/2021\/01\/Tuebingen-1-768x512.jpg 768w, https:\/\/www.yorku.ca\/ouinternational\/wp-content\/uploads\/sites\/252\/2021\/01\/Tuebingen-1-1536x1024.jpg 1536w, https:\/\/www.yorku.ca\/ouinternational\/wp-content\/uploads\/sites\/252\/2021\/01\/Tuebingen-1-2048x1366.jpg 2048w, https:\/\/www.yorku.ca\/ouinternational\/wp-content\/uploads\/sites\/252\/2021\/01\/Tuebingen-1-1200x800.jpg 1200w, https:\/\/www.yorku.ca\/ouinternational\/wp-content\/uploads\/sites\/252\/2021\/01\/Tuebingen-1-1980x1320.jpg 1980w\" sizes=\"auto, (max-width: 707px) 100vw, 707px\" \/><figcaption>T\u00fcbingen<\/figcaption><\/figure><\/div>\n\n\n\n\n<div class=\"wp-block-group has-background\" style=\"background-color:#fff7da\"><div class=\"wp-block-group__inner-container is-layout-flow wp-block-group-is-layout-flow\">\n<p>With OBW, Ontario students can join a four-week summer program in August, in which students from around the world come together to learn German in the beautiful city of T\u00fcbingen. <\/p>\n\n<p>The International Summer Course hosted by the University of T\u00fcbingen welcomes eligible Ontario students through a special partnership between Ontario and Baden-W\u00fcrttemberg. For more information about the program, please visit the <a href=\"https:\/\/uni-tuebingen.de\/en\/international\/learning-languages\/learn-german\/international-summer-course\/ \" target=\"_blank\" rel=\"noopener nonreferrer\"> University of T\u00fcbingen\u2019s website. <\/a><\/p>\n\n\n\n<p>Please note that the program requires a minimum German proficiency level of A1, so students should have at least joined one German course prior to participating in the program. The students from participating Ontario universities may apply who intend either:<\/p>\n\n\n\n<ul class=\"wp-block-list\">\n<li>to participate in the summer school as a stand-alone experience and then return to their studies in Ontario; or <\/li>\n\n\n\n<li>to participate in the summer school in preparation for a longer stay in Baden-W\u00fcrttemberg as a student in the OBW student exchange. <\/li>\n<\/ul>\n\n\n\n<p>Students who wish to have the credit transferred to their academic record in Ontario should seek advice from their home university\u2019s International Student Exchange Office and\/or their academic counselors. Successful completion of the language course is documented with a certificate showing 5 ECTS credits. <\/p>\n\n\n\n<style>.wp-block-kadence-advancedheading.kt-adv-heading980_f80e76-1c, .wp-block-kadence-advancedheading.kt-adv-heading980_f80e76-1c[data-kb-block=\"kb-adv-heading980_f80e76-1c\"]{font-style:normal;}.wp-block-kadence-advancedheading.kt-adv-heading980_f80e76-1c mark.kt-highlight, .wp-block-kadence-advancedheading.kt-adv-heading980_f80e76-1c[data-kb-block=\"kb-adv-heading980_f80e76-1c\"] mark.kt-highlight{font-style:normal;color:#f76a0c;-webkit-box-decoration-break:clone;box-decoration-break:clone;padding-top:0px;padding-right:0px;padding-bottom:0px;padding-left:0px;}.wp-block-kadence-advancedheading.kt-adv-heading980_f80e76-1c img.kb-inline-image, .wp-block-kadence-advancedheading.kt-adv-heading980_f80e76-1c[data-kb-block=\"kb-adv-heading980_f80e76-1c\"] img.kb-inline-image{width:150px;vertical-align:baseline;}<\/style>\n<h5 class=\"kt-adv-heading980_f80e76-1c wp-block-kadence-advancedheading has-accent-color has-text-color\" data-kb-block=\"kb-adv-heading980_f80e76-1c\">Eligibility<\/h5>\n\n\n\n<p>To be eligible, an applicant must:<\/p>\n\n\n\n<ul class=\"wp-block-list\">\n<li>be pursuing a degree at a <a href=\"https:\/\/www.yorku.ca\/ouinternational\/obw-ontario-universities\/\">participating Ontario university<\/a>;&nbsp;<\/li>\n\n\n\n<li>be registered at that university in the academic year preceding participation in the summer school; and<\/li>\n\n\n\n<li>be <em>continuing in the same academic program<\/em> in the academic year following participation.<\/li>\n<\/ul>\n\n\n\n<p>Students who have participated in the SLP in an earlier year are ineligible to apply in the current year.<\/p>\n\n\n<style>.wp-block-kadence-advancedheading.kt-adv-heading980_0922d6-14, .wp-block-kadence-advancedheading.kt-adv-heading980_0922d6-14[data-kb-block=\"kb-adv-heading980_0922d6-14\"]{font-style:normal;}.wp-block-kadence-advancedheading.kt-adv-heading980_0922d6-14 mark.kt-highlight, .wp-block-kadence-advancedheading.kt-adv-heading980_0922d6-14[data-kb-block=\"kb-adv-heading980_0922d6-14\"] mark.kt-highlight{font-style:normal;color:#f76a0c;-webkit-box-decoration-break:clone;box-decoration-break:clone;padding-top:0px;padding-right:0px;padding-bottom:0px;padding-left:0px;}.wp-block-kadence-advancedheading.kt-adv-heading980_0922d6-14 img.kb-inline-image, .wp-block-kadence-advancedheading.kt-adv-heading980_0922d6-14[data-kb-block=\"kb-adv-heading980_0922d6-14\"] img.kb-inline-image{width:150px;vertical-align:baseline;}<\/style>\n<h5 id=\"ibh-apply\" class=\"kt-adv-heading980_0922d6-14 wp-block-kadence-advancedheading has-accent-color has-text-color\" data-kb-block=\"kb-adv-heading980_0922d6-14\">How to Apply<\/h5>\n\n\n\n<p>To apply, you must:<\/p>\n\n\n\n<ul class=\"wp-block-list\">\n<li>Contact the international office of your home university about the internal application process<\/li>\n\n\n\n<li>Write a statement of your reasons for applying to participate in this program (max. 1 page, double-spaced);<\/li>\n\n\n\n<li><strong>Please note that you have to meet the application deadline set by your university\u2019s International Office<\/strong>. You must apply through the International Student Exchange Office of your home university. Please do NOT submit your own application directly to either the program or the OBW office.<\/li>\n<\/ul>\n\n\n\n<p>If you are accepted by OBW to participate in the SLP program, we will forward your information to the University of T\u00fcbingen. Then, you will be asked to register with the program. <strong>Please do NOT attempt to register directly with the program before receiving confirmation of the successful outcome of your OBW-specific application. <\/strong><\/p>\n\n<style>.wp-block-kadence-advancedheading.kt-adv-heading980_33a057-c8, .wp-block-kadence-advancedheading.kt-adv-heading980_33a057-c8[data-kb-block=\"kb-adv-heading980_33a057-c8\"]{font-style:normal;}.wp-block-kadence-advancedheading.kt-adv-heading980_33a057-c8 mark.kt-highlight, .wp-block-kadence-advancedheading.kt-adv-heading980_33a057-c8[data-kb-block=\"kb-adv-heading980_33a057-c8\"] mark.kt-highlight{font-style:normal;color:#f76a0c;-webkit-box-decoration-break:clone;box-decoration-break:clone;padding-top:0px;padding-right:0px;padding-bottom:0px;padding-left:0px;}.wp-block-kadence-advancedheading.kt-adv-heading980_33a057-c8 img.kb-inline-image, .wp-block-kadence-advancedheading.kt-adv-heading980_33a057-c8[data-kb-block=\"kb-adv-heading980_33a057-c8\"] img.kb-inline-image{width:150px;vertical-align:baseline;}<\/style>\n<h5 class=\"kt-adv-heading980_33a057-c8 wp-block-kadence-advancedheading has-accent-color has-text-color\" data-kb-block=\"kb-adv-heading980_33a057-c8\">Fees and Scholarship<\/h5>\n\n\n\n<p>The cost for OBW participants in the International Summer Course at the University of T\u00fcbingen can be reviewed on their <a href=\"https:\/\/uni-tuebingen.de\/en\/international\/learning-languages\/learn-german\/international-summer-course\/.\" target=\"_blank\" rel=\"noopener nonreferrer\">website. <\/a><\/p>\n\n\n\n<p>Successful applicants are automatically eligible for a $1,200 scholarship for participation in the program (available to Canadian citizens and permanent residents only).<\/p>\n<\/div><\/div>\n\n\n\n<div class=\"wp-block-image\"><figure class=\"aligncenter size-large is-resized\"><img loading=\"lazy\" decoding=\"async\" src=\"https:\/\/www.yorku.ca\/ouinternational\/wp-content\/uploads\/sites\/252\/2021\/02\/JPEG_obw-crop.jpg\" alt=\"\" class=\"wp-image-1013\" width=\"355\" height=\"132\" srcset=\"https:\/\/www.yorku.ca\/ouinternational\/wp-content\/uploads\/sites\/252\/2021\/02\/JPEG_obw-crop.jpg 807w, https:\/\/www.yorku.ca\/ouinternational\/wp-content\/uploads\/sites\/252\/2021\/02\/JPEG_obw-crop-300x112.jpg 300w, https:\/\/www.yorku.ca\/ouinternational\/wp-content\/uploads\/sites\/252\/2021\/02\/JPEG_obw-crop-768x286.jpg 768w\" sizes=\"auto, (max-width: 355px) 100vw, 355px\" \/><\/figure><\/div>\n","protected":false},"excerpt":{"rendered":"<p>With OBW, Ontario students can join a four-week summer program in August, in which students from around the world come together to learn German in the beautiful city of T\u00fcbingen. The International Summer Course hosted by the University of T\u00fcbingen welcomes eligible Ontario students through a special partnership between Ontario and Baden-W\u00fcrttemberg. For more information [&hellip;]<\/p>\n","protected":false},"author":394,"featured_media":0,"parent":0,"menu_order":0,"comment_status":"closed","ping_status":"closed","template":"","meta":{"_kad_blocks_custom_css":"","_kad_blocks_head_custom_js":"","_kad_blocks_body_custom_js":"","_kad_blocks_footer_custom_js":"","footnotes":""},"class_list":["post-980","page","type-page","status-publish","hentry"],"taxonomy_info":[],"featured_image_src_large":false,"author_info":{"display_name":"ddarby","author_link":"https:\/\/www.yorku.ca\/ouinternational\/author\/ddarby\/"},"comment_info":"","_links":{"self":[{"href":"https:\/\/www.yorku.ca\/ouinternational\/wp-json\/wp\/v2\/pages\/980","targetHints":{"allow":["GET"]}}],"collection":[{"href":"https:\/\/www.yorku.ca\/ouinternational\/wp-json\/wp\/v2\/pages"}],"about":[{"href":"https:\/\/www.yorku.ca\/ouinternational\/wp-json\/wp\/v2\/types\/page"}],"author":[{"embeddable":true,"href":"https:\/\/www.yorku.ca\/ouinternational\/wp-json\/wp\/v2\/users\/394"}],"replies":[{"embeddable":true,"href":"https:\/\/www.yorku.ca\/ouinternational\/wp-json\/wp\/v2\/comments?post=980"}],"version-history":[{"count":46,"href":"https:\/\/www.yorku.ca\/ouinternational\/wp-json\/wp\/v2\/pages\/980\/revisions"}],"predecessor-version":[{"id":2453,"href":"https:\/\/www.yorku.ca\/ouinternational\/wp-json\/wp\/v2\/pages\/980\/revisions\/2453"}],"wp:attachment":[{"href":"https:\/\/www.yorku.ca\/ouinternational\/wp-json\/wp\/v2\/media?parent=980"}],"curies":[{"name":"wp","href":"https:\/\/api.w.org\/{rel}","templated":true}]}}