  {"id":845,"date":"2021-01-28T19:16:43","date_gmt":"2021-01-29T00:16:43","guid":{"rendered":"https:\/\/www.yorku.ca\/ouinternational\/?page_id=845"},"modified":"2021-02-09T11:14:10","modified_gmt":"2021-02-09T16:14:10","slug":"obw-bw-resources","status":"publish","type":"page","link":"https:\/\/www.yorku.ca\/ouinternational\/obw-bw-resources\/","title":{"rendered":"Resources"},"content":{"rendered":"\n<div class=\"wp-block-image\"><figure class=\"aligncenter size-large is-resized\"><img loading=\"lazy\" decoding=\"async\" src=\"https:\/\/www.yorku.ca\/ouinternational\/wp-content\/uploads\/sites\/252\/2021\/02\/JPEG_obw-crop.jpg\" alt=\"\" class=\"wp-image-1013\" width=\"355\" height=\"132\" srcset=\"https:\/\/www.yorku.ca\/ouinternational\/wp-content\/uploads\/sites\/252\/2021\/02\/JPEG_obw-crop.jpg 807w, https:\/\/www.yorku.ca\/ouinternational\/wp-content\/uploads\/sites\/252\/2021\/02\/JPEG_obw-crop-300x112.jpg 300w, https:\/\/www.yorku.ca\/ouinternational\/wp-content\/uploads\/sites\/252\/2021\/02\/JPEG_obw-crop-768x286.jpg 768w\" sizes=\"auto, (max-width: 355px) 100vw, 355px\" \/><\/figure><\/div>\n\n\n\n<div class=\"wp-block-group has-background\" style=\"background-color:#fff7da\"><div class=\"wp-block-group__inner-container is-layout-flow wp-block-group-is-layout-flow\">\n<p>This page features a list of links and documents that we believe will be useful and interesting for students coming to Ontario from Baden-W\u00fcrttemberg. We encourage you to send us suggestions of other helpful links that you think belong here.<\/p>\n\n\n\n<p><strong>Please note: The OBW Program takes no responsibility whatsoever for the contents of the websites and\/or the services accessed through the external links listed below!<\/strong><\/p>\n\n\n<style>.wp-block-kadence-advancedheading.kt-adv-heading_edadc9-99, .wp-block-kadence-advancedheading.kt-adv-heading_edadc9-99[data-kb-block=\"kb-adv-heading_edadc9-99\"]{font-style:normal;}.wp-block-kadence-advancedheading.kt-adv-heading_edadc9-99 mark.kt-highlight, .wp-block-kadence-advancedheading.kt-adv-heading_edadc9-99[data-kb-block=\"kb-adv-heading_edadc9-99\"] mark.kt-highlight{font-style:normal;color:#f76a0c;-webkit-box-decoration-break:clone;box-decoration-break:clone;padding-top:0px;padding-right:0px;padding-bottom:0px;padding-left:0px;}.wp-block-kadence-advancedheading.kt-adv-heading_edadc9-99 img.kb-inline-image, .wp-block-kadence-advancedheading.kt-adv-heading_edadc9-99[data-kb-block=\"kb-adv-heading_edadc9-99\"] img.kb-inline-image{width:150px;vertical-align:baseline;}<\/style>\n<h5 id=\"kt-adv-heading_edadc9-99\" class=\"kt-adv-heading_edadc9-99 wp-block-kadence-advancedheading has-accent-color\">Important Offices<\/h5>\n\n\n\n<ul class=\"wp-block-list\"><li><a href=\"http:\/\/www.canadainternational.gc.ca\/germany-allemagne\/index.aspx?lang=eng\" target=\"_blank\" rel=\"noreferrer noopener\">Canadian Embassy, Berlin<\/a><\/li><li><a href=\"http:\/\/www.kanada.diplo.de\/Vertretung\/kanada\/en\/Startseite.html\" target=\"_blank\" rel=\"noreferrer noopener\">German Embassy and Consulates General in Canada<\/a><\/li><\/ul>\n\n\n<style>.wp-block-kadence-advancedheading.kt-adv-heading_e1369d-bc, .wp-block-kadence-advancedheading.kt-adv-heading_e1369d-bc[data-kb-block=\"kb-adv-heading_e1369d-bc\"]{font-style:normal;}.wp-block-kadence-advancedheading.kt-adv-heading_e1369d-bc mark.kt-highlight, .wp-block-kadence-advancedheading.kt-adv-heading_e1369d-bc[data-kb-block=\"kb-adv-heading_e1369d-bc\"] mark.kt-highlight{font-style:normal;color:#f76a0c;-webkit-box-decoration-break:clone;box-decoration-break:clone;padding-top:0px;padding-right:0px;padding-bottom:0px;padding-left:0px;}.wp-block-kadence-advancedheading.kt-adv-heading_e1369d-bc img.kb-inline-image, .wp-block-kadence-advancedheading.kt-adv-heading_e1369d-bc[data-kb-block=\"kb-adv-heading_e1369d-bc\"] img.kb-inline-image{width:150px;vertical-align:baseline;}<\/style>\n<h5 id=\"kt-adv-heading_e1369d-bc\" class=\"kt-adv-heading_e1369d-bc wp-block-kadence-advancedheading has-accent-color\">Health Insurance for International Students<\/h5>\n\n\n\n<ul class=\"wp-block-list\"><li><a href=\"http:\/\/www.uhip.ca\/\" target=\"_blank\" rel=\"noreferrer noopener\">UHIP: Universities Health Insurance Plan<\/a> (all universities except Windsor)<\/li><li><a href=\"http:\/\/www.uwindsor.ca\/international-student-centre\/261\/basic-green-shield-health-insurance-plan\" target=\"_blank\" rel=\"noreferrer noopener\">Health insurance at the University of Windsor<\/a><\/li><\/ul>\n\n\n<style>.wp-block-kadence-advancedheading.kt-adv-heading_cdfa16-3d, .wp-block-kadence-advancedheading.kt-adv-heading_cdfa16-3d[data-kb-block=\"kb-adv-heading_cdfa16-3d\"]{font-style:normal;}.wp-block-kadence-advancedheading.kt-adv-heading_cdfa16-3d mark.kt-highlight, .wp-block-kadence-advancedheading.kt-adv-heading_cdfa16-3d[data-kb-block=\"kb-adv-heading_cdfa16-3d\"] mark.kt-highlight{font-style:normal;color:#f76a0c;-webkit-box-decoration-break:clone;box-decoration-break:clone;padding-top:0px;padding-right:0px;padding-bottom:0px;padding-left:0px;}.wp-block-kadence-advancedheading.kt-adv-heading_cdfa16-3d img.kb-inline-image, .wp-block-kadence-advancedheading.kt-adv-heading_cdfa16-3d[data-kb-block=\"kb-adv-heading_cdfa16-3d\"] img.kb-inline-image{width:150px;vertical-align:baseline;}<\/style>\n<h5 id=\"kt-adv-heading_cdfa16-3d\" class=\"kt-adv-heading_cdfa16-3d wp-block-kadence-advancedheading has-accent-color\">Public Media<\/h5>\n\n\n\n<ul class=\"wp-block-list\"><li><a href=\"http:\/\/tvo.org\" target=\"_blank\" rel=\"noreferrer noopener\">TVO<\/a> (TVOntario)<\/li><li><a href=\"http:\/\/www.tfo.org\/fr\" target=\"_blank\" rel=\"noreferrer noopener\">TFO<\/a> (T\u00e9l\u00e9-Fran\u00e7aise d&#8217;Ontario)<\/li><li><a href=\"http:\/\/www.cbc.ca\/radio\/\" target=\"_blank\" rel=\"noreferrer noopener\">CBC Radio<\/a><\/li><li><a href=\"http:\/\/ici.radio-canada.ca\/\" target=\"_blank\" rel=\"noreferrer noopener\">ICI Radio Canada<\/a><\/li><li><a href=\"http:\/\/www.cbc.ca\/television\/\" target=\"_blank\" rel=\"noreferrer noopener\">CBC TV<\/a><\/li><li><a href=\"http:\/\/ici.radio-canada.ca\/tele\" target=\"_blank\" rel=\"noreferrer noopener\">ICI Radio Canada (T\u00e9l\u00e9vision)<\/a><\/li><\/ul>\n\n\n\n<div class=\"wp-block-image\"><figure class=\"alignright size-large is-resized\"><img loading=\"lazy\" decoding=\"async\" src=\"https:\/\/www.yorku.ca\/ouinternational\/wp-content\/uploads\/sites\/252\/2021\/02\/1207C_D7K_389-Twin-Pileateds-6a-6x4-sRGB-683x1024.jpg\" alt=\"\" class=\"wp-image-1118\" width=\"475\" height=\"711\" srcset=\"https:\/\/www.yorku.ca\/ouinternational\/wp-content\/uploads\/sites\/252\/2021\/02\/1207C_D7K_389-Twin-Pileateds-6a-6x4-sRGB-683x1024.jpg 683w, https:\/\/www.yorku.ca\/ouinternational\/wp-content\/uploads\/sites\/252\/2021\/02\/1207C_D7K_389-Twin-Pileateds-6a-6x4-sRGB-200x300.jpg 200w\" sizes=\"auto, (max-width: 475px) 100vw, 475px\" \/><figcaption>Photo: Mark Webber<\/figcaption><\/figure><\/div>\n\n\n<style>.wp-block-kadence-advancedheading.kt-adv-heading_97e5a0-4b, .wp-block-kadence-advancedheading.kt-adv-heading_97e5a0-4b[data-kb-block=\"kb-adv-heading_97e5a0-4b\"]{font-style:normal;}.wp-block-kadence-advancedheading.kt-adv-heading_97e5a0-4b mark.kt-highlight, .wp-block-kadence-advancedheading.kt-adv-heading_97e5a0-4b[data-kb-block=\"kb-adv-heading_97e5a0-4b\"] mark.kt-highlight{font-style:normal;color:#f76a0c;-webkit-box-decoration-break:clone;box-decoration-break:clone;padding-top:0px;padding-right:0px;padding-bottom:0px;padding-left:0px;}.wp-block-kadence-advancedheading.kt-adv-heading_97e5a0-4b img.kb-inline-image, .wp-block-kadence-advancedheading.kt-adv-heading_97e5a0-4b[data-kb-block=\"kb-adv-heading_97e5a0-4b\"] img.kb-inline-image{width:150px;vertical-align:baseline;}<\/style>\n<h5 id=\"kt-adv-heading_97e5a0-4b\" class=\"kt-adv-heading_97e5a0-4b wp-block-kadence-advancedheading has-accent-color\">National Newspapers<\/h5>\n\n\n\n<ul class=\"wp-block-list\"><li><a href=\"https:\/\/www.theglobeandmail.com\/\" target=\"_blank\" rel=\"noreferrer noopener\">The Globe and Mail<\/a><\/li><li><a href=\"http:\/\/www.nationalpost.com\/\" target=\"_blank\" rel=\"noreferrer noopener\">National Post<\/a><\/li><\/ul>\n\n\n<style>.wp-block-kadence-advancedheading.kt-adv-heading_ba8610-74, .wp-block-kadence-advancedheading.kt-adv-heading_ba8610-74[data-kb-block=\"kb-adv-heading_ba8610-74\"]{font-style:normal;}.wp-block-kadence-advancedheading.kt-adv-heading_ba8610-74 mark.kt-highlight, .wp-block-kadence-advancedheading.kt-adv-heading_ba8610-74[data-kb-block=\"kb-adv-heading_ba8610-74\"] mark.kt-highlight{font-style:normal;color:#f76a0c;-webkit-box-decoration-break:clone;box-decoration-break:clone;padding-top:0px;padding-right:0px;padding-bottom:0px;padding-left:0px;}.wp-block-kadence-advancedheading.kt-adv-heading_ba8610-74 img.kb-inline-image, .wp-block-kadence-advancedheading.kt-adv-heading_ba8610-74[data-kb-block=\"kb-adv-heading_ba8610-74\"] img.kb-inline-image{width:150px;vertical-align:baseline;}<\/style>\n<h5 id=\"kt-adv-heading_ba8610-74\" class=\"kt-adv-heading_ba8610-74 wp-block-kadence-advancedheading has-accent-color\">Travel, etc.<\/h5>\n\n\n\n<ul class=\"wp-block-list\"><li><a href=\"https:\/\/weather.gc.ca\/forecast\/canada\/index_e.html?id=ON\" target=\"_blank\" rel=\"noreferrer noopener\">The weather in Ontario<\/a><\/li><li><a href=\"http:\/\/www.ontariotravel.net\/\" target=\"_blank\" rel=\"noreferrer noopener\">Travel Ontario<\/a><\/li><li><a href=\"http:\/\/www.ontarioparks.com\/\" target=\"_blank\" rel=\"noreferrer noopener\">Ontario Parks<\/a><\/li><li><a href=\"http:\/\/www.ontarioparks.com\/parksguide\" target=\"_blank\" rel=\"noreferrer noopener\">Ontario Parks Guide<\/a><\/li><li><a href=\"http:\/\/www.pc.gc.ca\/\" target=\"_blank\" rel=\"noreferrer noopener\">Parks Canada<\/a><\/li><li><a href=\"http:\/\/brucetrail.org\/\" target=\"_blank\" rel=\"noreferrer noopener\">The Bruce Trail<\/a><\/li><li><a href=\"http:\/\/hikeontario.com\/\" target=\"_blank\" rel=\"noreferrer noopener\">Hike Ontario<\/a><\/li><li><a href=\"http:\/\/www.travellerspoint.com\/budget-accommodation-en-co-37.html\" target=\"_blank\" rel=\"noreferrer noopener\">Budget accommodation<\/a><\/li><li><a href=\"http:\/\/www.parkreports.com\/fall\/\" target=\"_blank\" rel=\"noreferrer noopener\">Fall Colours Report<\/a><\/li><\/ul>\n\n\n<style>.wp-block-kadence-advancedheading.kt-adv-heading_e8f6b3-fa, .wp-block-kadence-advancedheading.kt-adv-heading_e8f6b3-fa[data-kb-block=\"kb-adv-heading_e8f6b3-fa\"]{font-style:normal;}.wp-block-kadence-advancedheading.kt-adv-heading_e8f6b3-fa mark.kt-highlight, .wp-block-kadence-advancedheading.kt-adv-heading_e8f6b3-fa[data-kb-block=\"kb-adv-heading_e8f6b3-fa\"] mark.kt-highlight{font-style:normal;color:#f76a0c;-webkit-box-decoration-break:clone;box-decoration-break:clone;padding-top:0px;padding-right:0px;padding-bottom:0px;padding-left:0px;}.wp-block-kadence-advancedheading.kt-adv-heading_e8f6b3-fa img.kb-inline-image, .wp-block-kadence-advancedheading.kt-adv-heading_e8f6b3-fa[data-kb-block=\"kb-adv-heading_e8f6b3-fa\"] img.kb-inline-image{width:150px;vertical-align:baseline;}<\/style>\n<h5 id=\"kt-adv-heading_e8f6b3-fa\" class=\"kt-adv-heading_e8f6b3-fa wp-block-kadence-advancedheading has-accent-color\">Maps<\/h5>\n\n\n\n<ul class=\"wp-block-list\"><li><a href=\"http:\/\/www.mto.gov.on.ca\/english\/traveller\/map\/\" target=\"_blank\" rel=\"noreferrer noopener\">Official road map of Ontario<\/a><\/li><li><a href=\"https:\/\/www.lib.utexas.edu\/maps\/canada.html\" target=\"_blank\" rel=\"noreferrer noopener\">Other maps of Canada<\/a><\/li><\/ul>\n\n\n<style>.wp-block-kadence-advancedheading.kt-adv-heading_3d825a-6b, .wp-block-kadence-advancedheading.kt-adv-heading_3d825a-6b[data-kb-block=\"kb-adv-heading_3d825a-6b\"]{font-style:normal;}.wp-block-kadence-advancedheading.kt-adv-heading_3d825a-6b mark.kt-highlight, .wp-block-kadence-advancedheading.kt-adv-heading_3d825a-6b[data-kb-block=\"kb-adv-heading_3d825a-6b\"] mark.kt-highlight{font-style:normal;color:#f76a0c;-webkit-box-decoration-break:clone;box-decoration-break:clone;padding-top:0px;padding-right:0px;padding-bottom:0px;padding-left:0px;}.wp-block-kadence-advancedheading.kt-adv-heading_3d825a-6b img.kb-inline-image, .wp-block-kadence-advancedheading.kt-adv-heading_3d825a-6b[data-kb-block=\"kb-adv-heading_3d825a-6b\"] img.kb-inline-image{width:150px;vertical-align:baseline;}<\/style>\n<h5 id=\"kt-adv-heading_3d825a-6b\" class=\"kt-adv-heading_3d825a-6b wp-block-kadence-advancedheading has-accent-color\">Transportation in Canada<\/h5>\n\n\n\n<ul class=\"wp-block-list\"><li><a href=\"http:\/\/www.viarail.ca\/\" target=\"_blank\" rel=\"noreferrer noopener\">VIA Rail Canada<\/a><\/li><li><a href=\"https:\/\/www.greyhound.ca\/\" target=\"_blank\" rel=\"noreferrer noopener\">Greyhound Canada<\/a><\/li><li><a href=\"http:\/\/ca.megabus.com\/\" target=\"_blank\" rel=\"noreferrer noopener\">Megabus<\/a><\/li><li><a href=\"http:\/\/www.aircanada.com\" target=\"_blank\" rel=\"noreferrer noopener\">Air Canada<\/a><\/li><li><a href=\"https:\/\/www.westjet.com\/guest\/en\/home.shtml\" target=\"_blank\" rel=\"noreferrer noopener\">WestJet<\/a><\/li><li><a href=\"http:\/\/www.flyporter.com\/\" target=\"_blank\" rel=\"noreferrer noopener\">Porter Airlines<\/a><\/li><li><a href=\"https:\/\/www.flyswoop.com\/\" target=\"_blank\" rel=\"noreferrer noopener\">Swoop<\/a><\/li><\/ul>\n\n\n<style>.wp-block-kadence-advancedheading.kt-adv-heading_0a45f0-02, .wp-block-kadence-advancedheading.kt-adv-heading_0a45f0-02[data-kb-block=\"kb-adv-heading_0a45f0-02\"]{font-style:normal;}.wp-block-kadence-advancedheading.kt-adv-heading_0a45f0-02 mark.kt-highlight, .wp-block-kadence-advancedheading.kt-adv-heading_0a45f0-02[data-kb-block=\"kb-adv-heading_0a45f0-02\"] mark.kt-highlight{font-style:normal;color:#f76a0c;-webkit-box-decoration-break:clone;box-decoration-break:clone;padding-top:0px;padding-right:0px;padding-bottom:0px;padding-left:0px;}.wp-block-kadence-advancedheading.kt-adv-heading_0a45f0-02 img.kb-inline-image, .wp-block-kadence-advancedheading.kt-adv-heading_0a45f0-02[data-kb-block=\"kb-adv-heading_0a45f0-02\"] img.kb-inline-image{width:150px;vertical-align:baseline;}<\/style>\n<h5 id=\"kt-adv-heading_0a45f0-02\" class=\"kt-adv-heading_0a45f0-02 wp-block-kadence-advancedheading has-accent-color\">Download(s)<\/h5>\n\n\n\n<ul class=\"wp-block-list\"><li><a href=\"http:\/\/obw.ouinternational.ca\/sites\/default\/files\/Form%20for%20BW%20students%20credit-11.pdf\" target=\"_blank\" rel=\"noreferrer noopener\">Course Credit Form<\/a> (for use&nbsp;<em>only<\/em> if your home university requires you to present more detailed information on courses than is provided by your host university&#8217;s transcript)<\/li><\/ul>\n\n\n<style>.wp-block-kadence-advancedheading.kt-adv-heading_c48aa0-22, .wp-block-kadence-advancedheading.kt-adv-heading_c48aa0-22[data-kb-block=\"kb-adv-heading_c48aa0-22\"]{font-style:normal;}.wp-block-kadence-advancedheading.kt-adv-heading_c48aa0-22 mark.kt-highlight, .wp-block-kadence-advancedheading.kt-adv-heading_c48aa0-22[data-kb-block=\"kb-adv-heading_c48aa0-22\"] mark.kt-highlight{font-style:normal;color:#f76a0c;-webkit-box-decoration-break:clone;box-decoration-break:clone;padding-top:0px;padding-right:0px;padding-bottom:0px;padding-left:0px;}.wp-block-kadence-advancedheading.kt-adv-heading_c48aa0-22 img.kb-inline-image, .wp-block-kadence-advancedheading.kt-adv-heading_c48aa0-22[data-kb-block=\"kb-adv-heading_c48aa0-22\"] img.kb-inline-image{width:150px;vertical-align:baseline;}<\/style>\n<h5 id=\"kt-adv-heading_c48aa0-22\" class=\"kt-adv-heading_c48aa0-22 wp-block-kadence-advancedheading has-accent-color\">Also\u2026<\/h5>\n\n\n\n<ul class=\"wp-block-list\"><li><a href=\"https:\/\/www.youtube.com\/watch?v=ZZyDsF-Gp3o\" target=\"_blank\" rel=\"noreferrer noopener\">The Sweater<\/a><\/li><li><a href=\"https:\/\/www.youtube.com\/watch?v=mWQf13B8epw\" target=\"_blank\" rel=\"noreferrer noopener\">Canadian, Please<\/a><\/li><li><a href=\"https:\/\/www.youtube.com\/watch?v=f389hIxZAOc\" target=\"_blank\" rel=\"noreferrer noopener\">The Blackfly Song<\/a><\/li><\/ul>\n\n\n\n<div class=\"wp-block-image\"><figure class=\"aligncenter size-large is-resized\"><img loading=\"lazy\" decoding=\"async\" src=\"https:\/\/www.yorku.ca\/ouinternational\/wp-content\/uploads\/sites\/252\/2021\/02\/1110A_D70_310-West-Rose-in-Fall-4-6x4-sRGB-1024x683.jpg\" alt=\"\" class=\"wp-image-1117\" width=\"780\" height=\"520\" srcset=\"https:\/\/www.yorku.ca\/ouinternational\/wp-content\/uploads\/sites\/252\/2021\/02\/1110A_D70_310-West-Rose-in-Fall-4-6x4-sRGB-1024x683.jpg 1024w, https:\/\/www.yorku.ca\/ouinternational\/wp-content\/uploads\/sites\/252\/2021\/02\/1110A_D70_310-West-Rose-in-Fall-4-6x4-sRGB-300x200.jpg 300w, https:\/\/www.yorku.ca\/ouinternational\/wp-content\/uploads\/sites\/252\/2021\/02\/1110A_D70_310-West-Rose-in-Fall-4-6x4-sRGB-768x512.jpg 768w, https:\/\/www.yorku.ca\/ouinternational\/wp-content\/uploads\/sites\/252\/2021\/02\/1110A_D70_310-West-Rose-in-Fall-4-6x4-sRGB.jpg 1140w\" sizes=\"auto, (max-width: 780px) 100vw, 780px\" \/><figcaption>Photo: Mark Webber<\/figcaption><\/figure><\/div>\n<\/div><\/div>\n\n\n\n<div class=\"wp-block-image\"><figure class=\"aligncenter size-large is-resized\"><img loading=\"lazy\" decoding=\"async\" src=\"https:\/\/www.yorku.ca\/ouinternational\/wp-content\/uploads\/sites\/252\/2021\/02\/JPEG_obw-crop.jpg\" alt=\"\" class=\"wp-image-1013\" width=\"355\" height=\"132\" srcset=\"https:\/\/www.yorku.ca\/ouinternational\/wp-content\/uploads\/sites\/252\/2021\/02\/JPEG_obw-crop.jpg 807w, https:\/\/www.yorku.ca\/ouinternational\/wp-content\/uploads\/sites\/252\/2021\/02\/JPEG_obw-crop-300x112.jpg 300w, https:\/\/www.yorku.ca\/ouinternational\/wp-content\/uploads\/sites\/252\/2021\/02\/JPEG_obw-crop-768x286.jpg 768w\" sizes=\"auto, (max-width: 355px) 100vw, 355px\" \/><\/figure><\/div>\n","protected":false},"excerpt":{"rendered":"<p>This page features a list of links and documents that we believe will be useful and interesting for students coming to Ontario from Baden-W\u00fcrttemberg. We encourage you to send us suggestions of other helpful links that you think belong here. Please note: The OBW Program takes no responsibility whatsoever for the contents of the websites [&hellip;]<\/p>\n","protected":false},"author":394,"featured_media":0,"parent":0,"menu_order":0,"comment_status":"closed","ping_status":"closed","template":"","meta":{"_kad_blocks_custom_css":"","_kad_blocks_head_custom_js":"","_kad_blocks_body_custom_js":"","_kad_blocks_footer_custom_js":"","footnotes":""},"class_list":["post-845","page","type-page","status-publish","hentry"],"taxonomy_info":[],"featured_image_src_large":false,"author_info":{"display_name":"ddarby","author_link":"https:\/\/www.yorku.ca\/ouinternational\/author\/ddarby\/"},"comment_info":"","_links":{"self":[{"href":"https:\/\/www.yorku.ca\/ouinternational\/wp-json\/wp\/v2\/pages\/845","targetHints":{"allow":["GET"]}}],"collection":[{"href":"https:\/\/www.yorku.ca\/ouinternational\/wp-json\/wp\/v2\/pages"}],"about":[{"href":"https:\/\/www.yorku.ca\/ouinternational\/wp-json\/wp\/v2\/types\/page"}],"author":[{"embeddable":true,"href":"https:\/\/www.yorku.ca\/ouinternational\/wp-json\/wp\/v2\/users\/394"}],"replies":[{"embeddable":true,"href":"https:\/\/www.yorku.ca\/ouinternational\/wp-json\/wp\/v2\/comments?post=845"}],"version-history":[{"count":3,"href":"https:\/\/www.yorku.ca\/ouinternational\/wp-json\/wp\/v2\/pages\/845\/revisions"}],"predecessor-version":[{"id":1120,"href":"https:\/\/www.yorku.ca\/ouinternational\/wp-json\/wp\/v2\/pages\/845\/revisions\/1120"}],"wp:attachment":[{"href":"https:\/\/www.yorku.ca\/ouinternational\/wp-json\/wp\/v2\/media?parent=845"}],"curies":[{"name":"wp","href":"https:\/\/api.w.org\/{rel}","templated":true}]}}