  {"id":1248,"date":"2021-02-17T14:29:12","date_gmt":"2021-02-17T19:29:12","guid":{"rendered":"https:\/\/www.yorku.ca\/ouinternational\/?page_id=1248"},"modified":"2025-12-08T08:26:58","modified_gmt":"2025-12-08T13:26:58","slug":"ora-ra-frequently-asked-questions","status":"publish","type":"page","link":"https:\/\/www.yorku.ca\/ouinternational\/ora-ra-frequently-asked-questions\/","title":{"rendered":"Frequently Asked Questions"},"content":{"rendered":"\n<div class=\"wp-block-image\"><figure class=\"aligncenter size-large is-resized\"><img loading=\"lazy\" decoding=\"async\" src=\"https:\/\/www.yorku.ca\/ouinternational\/wp-content\/uploads\/sites\/252\/2021\/01\/PNG_ora-1024x443.png\" alt=\"\" class=\"wp-image-236\" width=\"242\" height=\"105\" srcset=\"https:\/\/www.yorku.ca\/ouinternational\/wp-content\/uploads\/sites\/252\/2021\/01\/PNG_ora-1024x443.png 1024w, https:\/\/www.yorku.ca\/ouinternational\/wp-content\/uploads\/sites\/252\/2021\/01\/PNG_ora-300x130.png 300w, https:\/\/www.yorku.ca\/ouinternational\/wp-content\/uploads\/sites\/252\/2021\/01\/PNG_ora-1536x664.png 1536w, https:\/\/www.yorku.ca\/ouinternational\/wp-content\/uploads\/sites\/252\/2021\/01\/PNG_ora-2048x886.png 2048w\" sizes=\"auto, (max-width: 242px) 100vw, 242px\" \/><\/figure><\/div>\n\n\n\n<div class=\"wp-block-group has-background\" style=\"background-color:#d8eff8\"><div class=\"wp-block-group__inner-container is-layout-flow wp-block-group-is-layout-flow\">\n<p><strong>The ORA Student Exchange Program is a collaborative initiative that supports student mobility between the province of Ontario in Canada and the Auvergne-Rh\u00f4ne-Alpes region in France. The program is coordinated by a central office based at 快播视频 in Ontario.<\/strong>\u00a0<\/p>\n\n\n<style>.wp-block-kadence-advancedheading.kt-adv-heading1248_e3f78a-ef, .wp-block-kadence-advancedheading.kt-adv-heading1248_e3f78a-ef[data-kb-block=\"kb-adv-heading1248_e3f78a-ef\"]{font-style:normal;}.wp-block-kadence-advancedheading.kt-adv-heading1248_e3f78a-ef mark.kt-highlight, .wp-block-kadence-advancedheading.kt-adv-heading1248_e3f78a-ef[data-kb-block=\"kb-adv-heading1248_e3f78a-ef\"] mark.kt-highlight{font-style:normal;color:#f76a0c;-webkit-box-decoration-break:clone;box-decoration-break:clone;padding-top:0px;padding-right:0px;padding-bottom:0px;padding-left:0px;}.wp-block-kadence-advancedheading.kt-adv-heading1248_e3f78a-ef img.kb-inline-image, .wp-block-kadence-advancedheading.kt-adv-heading1248_e3f78a-ef[data-kb-block=\"kb-adv-heading1248_e3f78a-ef\"] img.kb-inline-image{width:150px;vertical-align:baseline;}<\/style>\n<h5 class=\"kt-adv-heading1248_e3f78a-ef wp-block-kadence-advancedheading has-accent-color has-text-color\" data-kb-block=\"kb-adv-heading1248_e3f78a-ef\">1. How many places are available?<\/h5>\n\n\n\n<p>There is a pre-determined number of semester-based places in Ontario for students from each university in Auvergne-Rh\u00f4ne-Alpes. Please check with your home university.\u00a0<\/p>\n\n\n<style>.wp-block-kadence-advancedheading.kt-adv-heading1248_fcc5a6-02, .wp-block-kadence-advancedheading.kt-adv-heading1248_fcc5a6-02[data-kb-block=\"kb-adv-heading1248_fcc5a6-02\"]{font-style:normal;}.wp-block-kadence-advancedheading.kt-adv-heading1248_fcc5a6-02 mark.kt-highlight, .wp-block-kadence-advancedheading.kt-adv-heading1248_fcc5a6-02[data-kb-block=\"kb-adv-heading1248_fcc5a6-02\"] mark.kt-highlight{font-style:normal;color:#f76a0c;-webkit-box-decoration-break:clone;box-decoration-break:clone;padding-top:0px;padding-right:0px;padding-bottom:0px;padding-left:0px;}.wp-block-kadence-advancedheading.kt-adv-heading1248_fcc5a6-02 img.kb-inline-image, .wp-block-kadence-advancedheading.kt-adv-heading1248_fcc5a6-02[data-kb-block=\"kb-adv-heading1248_fcc5a6-02\"] img.kb-inline-image{width:150px;vertical-align:baseline;}<\/style>\n<h5 class=\"kt-adv-heading1248_fcc5a6-02 wp-block-kadence-advancedheading has-accent-color has-text-color\" data-kb-block=\"kb-adv-heading1248_fcc5a6-02\">2. Who can apply?<\/h5>\n\n\n\n<p>Undergraduate and graduate students enrolled in the following universities, in all fields except dentistry and medicine, can apply: Lyon 1, Lyon 2, Lyon 3, Grenoble-Alpes, Grenoble INP \u2013 UGA, \u00c9cole Centrale de Lyon, \u00c9cole normale sup\u00e9rieure, Savoie Mont Blanc, and Jean Monnet Saint-\u00c9tienne. To be eligible, you must be at least in your second year, have a strong academic record and possess a sufficient level of English at the time of your departure.\u00a0<\/p>\n\n\n<style>.wp-block-kadence-advancedheading.kt-adv-heading1248_a0d8a3-e4, .wp-block-kadence-advancedheading.kt-adv-heading1248_a0d8a3-e4[data-kb-block=\"kb-adv-heading1248_a0d8a3-e4\"]{font-style:normal;}.wp-block-kadence-advancedheading.kt-adv-heading1248_a0d8a3-e4 mark.kt-highlight, .wp-block-kadence-advancedheading.kt-adv-heading1248_a0d8a3-e4[data-kb-block=\"kb-adv-heading1248_a0d8a3-e4\"] mark.kt-highlight{font-style:normal;color:#f76a0c;-webkit-box-decoration-break:clone;box-decoration-break:clone;padding-top:0px;padding-right:0px;padding-bottom:0px;padding-left:0px;}.wp-block-kadence-advancedheading.kt-adv-heading1248_a0d8a3-e4 img.kb-inline-image, .wp-block-kadence-advancedheading.kt-adv-heading1248_a0d8a3-e4[data-kb-block=\"kb-adv-heading1248_a0d8a3-e4\"] img.kb-inline-image{width:150px;vertical-align:baseline;}<\/style>\n<h5 class=\"kt-adv-heading1248_a0d8a3-e4 wp-block-kadence-advancedheading has-accent-color has-text-color\" data-kb-block=\"kb-adv-heading1248_a0d8a3-e4\">3. What level of English should I have?<\/h5>\n\n\n\n<p>The majority of courses are taught in English, so you should be able to study in English. Please check with your home university regarding English language requirements at specific Ontario universities.\u00a0<\/p>\n\n\n<style>.wp-block-kadence-advancedheading.kt-adv-heading1248_fca1cf-c9, .wp-block-kadence-advancedheading.kt-adv-heading1248_fca1cf-c9[data-kb-block=\"kb-adv-heading1248_fca1cf-c9\"]{font-style:normal;}.wp-block-kadence-advancedheading.kt-adv-heading1248_fca1cf-c9 mark.kt-highlight, .wp-block-kadence-advancedheading.kt-adv-heading1248_fca1cf-c9[data-kb-block=\"kb-adv-heading1248_fca1cf-c9\"] mark.kt-highlight{font-style:normal;color:#f76a0c;-webkit-box-decoration-break:clone;box-decoration-break:clone;padding-top:0px;padding-right:0px;padding-bottom:0px;padding-left:0px;}.wp-block-kadence-advancedheading.kt-adv-heading1248_fca1cf-c9 img.kb-inline-image, .wp-block-kadence-advancedheading.kt-adv-heading1248_fca1cf-c9[data-kb-block=\"kb-adv-heading1248_fca1cf-c9\"] img.kb-inline-image{width:150px;vertical-align:baseline;}<\/style>\n<h5 class=\"kt-adv-heading1248_fca1cf-c9 wp-block-kadence-advancedheading has-accent-color has-text-color\" data-kb-block=\"kb-adv-heading1248_fca1cf-c9\">4. Where is Ontario?<\/h5>\n\n\n\n<p>Ontario is one of the 10 provinces of Canada. Toronto is the capital of Ontario, and Ottawa, Canada\u2019s capital, is also located in Ontario. Ontario is bordered by Quebec to the east, Manitoba to the west and the United States to the south.\u00a0<\/p>\n\n\n<style>.wp-block-kadence-advancedheading.kt-adv-heading1248_35bb4b-f0, .wp-block-kadence-advancedheading.kt-adv-heading1248_35bb4b-f0[data-kb-block=\"kb-adv-heading1248_35bb4b-f0\"]{font-style:normal;}.wp-block-kadence-advancedheading.kt-adv-heading1248_35bb4b-f0 mark.kt-highlight, .wp-block-kadence-advancedheading.kt-adv-heading1248_35bb4b-f0[data-kb-block=\"kb-adv-heading1248_35bb4b-f0\"] mark.kt-highlight{font-style:normal;color:#f76a0c;-webkit-box-decoration-break:clone;box-decoration-break:clone;padding-top:0px;padding-right:0px;padding-bottom:0px;padding-left:0px;}.wp-block-kadence-advancedheading.kt-adv-heading1248_35bb4b-f0 img.kb-inline-image, .wp-block-kadence-advancedheading.kt-adv-heading1248_35bb4b-f0[data-kb-block=\"kb-adv-heading1248_35bb4b-f0\"] img.kb-inline-image{width:150px;vertical-align:baseline;}<\/style>\n<h5 class=\"kt-adv-heading1248_35bb4b-f0 wp-block-kadence-advancedheading has-accent-color has-text-color\" data-kb-block=\"kb-adv-heading1248_35bb4b-f0\">5. Where can I study?<\/h5>\n\n\n\n<p>The following Ontario universities participate in ORA:\u00a0<\/p>\n\n\n\n<ul class=\"wp-block-list\">\n<li>Toronto:\u00a0 快播视频 and Toronto Metropolitan University<\/li>\n\n\n\n<li>Ottawa: University of Ottawa (Carleton University is not accepting applications for 2026-27)\u00a0<\/li>\n\n\n\n<li>Guelph: University of Guelph<\/li>\n\n\n\n<li>St. Catharines: Brock University<\/li>\n\n\n\n<li>Hamilton: McMaster University<\/li>\n\n\n\n<li>London: Western University<\/li>\n\n\n\n<li>Windsor: University of Windsor<\/li>\n\n\n\n<li>Kingston: Queen&#8217;s University<\/li>\n\n\n\n<li>North Bay: Nipissing University<\/li>\n\n\n\n<li>Thunder Bay: Lakehead University<\/li>\n<\/ul>\n\n\n\n<p>All Ontario partner universities have very good reputations and maintain excellent relationships with the universities in Auvergne-Rh\u00f4ne-Alpes. In your application, you will select three prospective host universities in order of preference. The ORA Program Office is ready to help you make the right choices to suit your needs.\u00a0<\/p>\n\n\n<style>.wp-block-kadence-advancedheading.kt-adv-heading1248_d63767-5c, .wp-block-kadence-advancedheading.kt-adv-heading1248_d63767-5c[data-kb-block=\"kb-adv-heading1248_d63767-5c\"]{font-style:normal;}.wp-block-kadence-advancedheading.kt-adv-heading1248_d63767-5c mark.kt-highlight, .wp-block-kadence-advancedheading.kt-adv-heading1248_d63767-5c[data-kb-block=\"kb-adv-heading1248_d63767-5c\"] mark.kt-highlight{font-style:normal;color:#f76a0c;-webkit-box-decoration-break:clone;box-decoration-break:clone;padding-top:0px;padding-right:0px;padding-bottom:0px;padding-left:0px;}.wp-block-kadence-advancedheading.kt-adv-heading1248_d63767-5c img.kb-inline-image, .wp-block-kadence-advancedheading.kt-adv-heading1248_d63767-5c[data-kb-block=\"kb-adv-heading1248_d63767-5c\"] img.kb-inline-image{width:150px;vertical-align:baseline;}<\/style>\n<h5 class=\"kt-adv-heading1248_d63767-5c wp-block-kadence-advancedheading has-accent-color has-text-color\" data-kb-block=\"kb-adv-heading1248_d63767-5c\">6. How much does it cost?<\/h5>\n\n\n\n<ul class=\"wp-block-list\">\n<li>Tuition fees are paid to your home university in Auvergne-Rh\u00f4ne-Alpes.\u00a0<\/li>\n\n\n\n<li>Scholarships: Regional scholarships are available. You can get information from your institution\u2019s International Offices.\u00a0<\/li>\n\n\n\n<li>The round-trip costs about 900\u20ac.\u00a0<\/li>\n\n\n\n<li>To live in Ontario, you should budget a minimum of 1000\u20ac per month.\u00a0<\/li>\n\n\n\n<li>You can work part-time only on campus.\u00a0<\/li>\n\n\n\n<li>Remember that the exchange rate fluctuates.\u00a0<\/li>\n<\/ul>\n\n\n<style>.wp-block-kadence-advancedheading.kt-adv-heading1248_c45d33-95, .wp-block-kadence-advancedheading.kt-adv-heading1248_c45d33-95[data-kb-block=\"kb-adv-heading1248_c45d33-95\"]{font-style:normal;}.wp-block-kadence-advancedheading.kt-adv-heading1248_c45d33-95 mark.kt-highlight, .wp-block-kadence-advancedheading.kt-adv-heading1248_c45d33-95[data-kb-block=\"kb-adv-heading1248_c45d33-95\"] mark.kt-highlight{font-style:normal;color:#f76a0c;-webkit-box-decoration-break:clone;box-decoration-break:clone;padding-top:0px;padding-right:0px;padding-bottom:0px;padding-left:0px;}.wp-block-kadence-advancedheading.kt-adv-heading1248_c45d33-95 img.kb-inline-image, .wp-block-kadence-advancedheading.kt-adv-heading1248_c45d33-95[data-kb-block=\"kb-adv-heading1248_c45d33-95\"] img.kb-inline-image{width:150px;vertical-align:baseline;}<\/style>\n<h5 class=\"kt-adv-heading1248_c45d33-95 wp-block-kadence-advancedheading has-accent-color has-text-color\" data-kb-block=\"kb-adv-heading1248_c45d33-95\">7. How long will I stay in Canada?<\/h5>\n\n\n\n<p>While we accept students for a single semester, we strongly recommend that undergraduate students remain for the entire academic year. The school year is divided into two semesters. In most universities, the first semester runs from early September to late December, while the second semester runs from early January to late April. Be sure not to miss the orientation sessions for international students, as well as the course information sessions that are held before classes start. Also, if you decide to rent an apartment, remember that it is best to arrive early. Examinations are over at the end of April.\u00a0<\/p>\n\n\n<style>.wp-block-kadence-advancedheading.kt-adv-heading1248_6fe205-9f, .wp-block-kadence-advancedheading.kt-adv-heading1248_6fe205-9f[data-kb-block=\"kb-adv-heading1248_6fe205-9f\"]{font-style:normal;}.wp-block-kadence-advancedheading.kt-adv-heading1248_6fe205-9f mark.kt-highlight, .wp-block-kadence-advancedheading.kt-adv-heading1248_6fe205-9f[data-kb-block=\"kb-adv-heading1248_6fe205-9f\"] mark.kt-highlight{font-style:normal;color:#f76a0c;-webkit-box-decoration-break:clone;box-decoration-break:clone;padding-top:0px;padding-right:0px;padding-bottom:0px;padding-left:0px;}.wp-block-kadence-advancedheading.kt-adv-heading1248_6fe205-9f img.kb-inline-image, .wp-block-kadence-advancedheading.kt-adv-heading1248_6fe205-9f[data-kb-block=\"kb-adv-heading1248_6fe205-9f\"] img.kb-inline-image{width:150px;vertical-align:baseline;}<\/style>\n<h5 class=\"kt-adv-heading1248_6fe205-9f wp-block-kadence-advancedheading has-accent-color has-text-color\" data-kb-block=\"kb-adv-heading1248_6fe205-9f\">8. Where will I live?<\/h5>\n\n\n\n<p>You may choose to live in a student residence, rent a private apartment, or share accommodation with other students as roommates.\u00a0<\/p>\n\n\n<style>.wp-block-kadence-advancedheading.kt-adv-heading1248_fa26c2-94, .wp-block-kadence-advancedheading.kt-adv-heading1248_fa26c2-94[data-kb-block=\"kb-adv-heading1248_fa26c2-94\"]{font-style:normal;}.wp-block-kadence-advancedheading.kt-adv-heading1248_fa26c2-94 mark.kt-highlight, .wp-block-kadence-advancedheading.kt-adv-heading1248_fa26c2-94[data-kb-block=\"kb-adv-heading1248_fa26c2-94\"] mark.kt-highlight{font-style:normal;color:#f76a0c;-webkit-box-decoration-break:clone;box-decoration-break:clone;padding-top:0px;padding-right:0px;padding-bottom:0px;padding-left:0px;}.wp-block-kadence-advancedheading.kt-adv-heading1248_fa26c2-94 img.kb-inline-image, .wp-block-kadence-advancedheading.kt-adv-heading1248_fa26c2-94[data-kb-block=\"kb-adv-heading1248_fa26c2-94\"] img.kb-inline-image{width:150px;vertical-align:baseline;}<\/style>\n<h5 class=\"kt-adv-heading1248_fa26c2-94 wp-block-kadence-advancedheading has-accent-color has-text-color\" data-kb-block=\"kb-adv-heading1248_fa26c2-94\">9. What are the benefits of studying in Ontario?<\/h5>\n\n\n\n<ul class=\"wp-block-list\">\n<li>You will receive credits for your courses when you return to your university in the Auvergne-Rh\u00f4ne-Alpes, but you will not receive an Ontario diploma.\u00a0<\/li>\n\n\n\n<li>You\u2019ll add value to your degree by gaining international experience and qualifications.\u00a0<\/li>\n\n\n\n<li>You\u2019ll enjoy a remarkable year.\u00a0<\/li>\n<\/ul>\n\n\n<style>.wp-block-kadence-advancedheading.kt-adv-heading1248_b501f1-3c, .wp-block-kadence-advancedheading.kt-adv-heading1248_b501f1-3c[data-kb-block=\"kb-adv-heading1248_b501f1-3c\"]{font-style:normal;}.wp-block-kadence-advancedheading.kt-adv-heading1248_b501f1-3c mark.kt-highlight, .wp-block-kadence-advancedheading.kt-adv-heading1248_b501f1-3c[data-kb-block=\"kb-adv-heading1248_b501f1-3c\"] mark.kt-highlight{font-style:normal;color:#f76a0c;-webkit-box-decoration-break:clone;box-decoration-break:clone;padding-top:0px;padding-right:0px;padding-bottom:0px;padding-left:0px;}.wp-block-kadence-advancedheading.kt-adv-heading1248_b501f1-3c img.kb-inline-image, .wp-block-kadence-advancedheading.kt-adv-heading1248_b501f1-3c[data-kb-block=\"kb-adv-heading1248_b501f1-3c\"] img.kb-inline-image{width:150px;vertical-align:baseline;}<\/style>\n<h5 class=\"kt-adv-heading1248_b501f1-3c wp-block-kadence-advancedheading has-accent-color has-text-color\" data-kb-block=\"kb-adv-heading1248_b501f1-3c\">10. Where can I get more information?<\/h5>\n\n\n\n<ul class=\"wp-block-list\">\n<li>Contact your university\u2019s Office of International Relations.\u00a0<\/li>\n\n\n\n<li>Get in touch with Ontario students currently studying at your university.\u00a0<\/li>\n\n\n\n<li>Contact students at your university who participated in the exchange in the past, or who are participating this year.\u00a0<\/li>\n\n\n\n<li>Finally, please feel free to <a href=\"https:\/\/www.yorku.ca\/ouinternational\/contact\/\">contact us<\/a>.<\/li>\n<\/ul>\n<\/div><\/div>\n\n\n\n<div class=\"wp-block-image\"><figure class=\"aligncenter size-large is-resized\"><img loading=\"lazy\" decoding=\"async\" src=\"https:\/\/www.yorku.ca\/ouinternational\/wp-content\/uploads\/sites\/252\/2021\/01\/PNG_ora-1024x443.png\" alt=\"\" class=\"wp-image-236\" width=\"242\" height=\"105\" srcset=\"https:\/\/www.yorku.ca\/ouinternational\/wp-content\/uploads\/sites\/252\/2021\/01\/PNG_ora-1024x443.png 1024w, https:\/\/www.yorku.ca\/ouinternational\/wp-content\/uploads\/sites\/252\/2021\/01\/PNG_ora-300x130.png 300w, https:\/\/www.yorku.ca\/ouinternational\/wp-content\/uploads\/sites\/252\/2021\/01\/PNG_ora-1536x664.png 1536w, https:\/\/www.yorku.ca\/ouinternational\/wp-content\/uploads\/sites\/252\/2021\/01\/PNG_ora-2048x886.png 2048w\" sizes=\"auto, (max-width: 242px) 100vw, 242px\" \/><\/figure><\/div>\n","protected":false},"excerpt":{"rendered":"<p>The ORA Student Exchange Program is a collaborative initiative that supports student mobility between the province of Ontario in Canada and the Auvergne-Rh\u00f4ne-Alpes region in France. The program is coordinated by a central office based at 快播视频 in Ontario.\u00a0 1. How many places are available? There is a pre-determined number of semester-based places in [&hellip;]<\/p>\n","protected":false},"author":394,"featured_media":0,"parent":0,"menu_order":0,"comment_status":"closed","ping_status":"closed","template":"","meta":{"_kad_blocks_custom_css":"","_kad_blocks_head_custom_js":"","_kad_blocks_body_custom_js":"","_kad_blocks_footer_custom_js":"","footnotes":""},"class_list":["post-1248","page","type-page","status-publish","hentry"],"taxonomy_info":[],"featured_image_src_large":false,"author_info":{"display_name":"ddarby","author_link":"https:\/\/www.yorku.ca\/ouinternational\/author\/ddarby\/"},"comment_info":"","_links":{"self":[{"href":"https:\/\/www.yorku.ca\/ouinternational\/wp-json\/wp\/v2\/pages\/1248","targetHints":{"allow":["GET"]}}],"collection":[{"href":"https:\/\/www.yorku.ca\/ouinternational\/wp-json\/wp\/v2\/pages"}],"about":[{"href":"https:\/\/www.yorku.ca\/ouinternational\/wp-json\/wp\/v2\/types\/page"}],"author":[{"embeddable":true,"href":"https:\/\/www.yorku.ca\/ouinternational\/wp-json\/wp\/v2\/users\/394"}],"replies":[{"embeddable":true,"href":"https:\/\/www.yorku.ca\/ouinternational\/wp-json\/wp\/v2\/comments?post=1248"}],"version-history":[{"count":11,"href":"https:\/\/www.yorku.ca\/ouinternational\/wp-json\/wp\/v2\/pages\/1248\/revisions"}],"predecessor-version":[{"id":2455,"href":"https:\/\/www.yorku.ca\/ouinternational\/wp-json\/wp\/v2\/pages\/1248\/revisions\/2455"}],"wp:attachment":[{"href":"https:\/\/www.yorku.ca\/ouinternational\/wp-json\/wp\/v2\/media?parent=1248"}],"curies":[{"name":"wp","href":"https:\/\/api.w.org\/{rel}","templated":true}]}}