  {"id":271,"date":"2023-12-11T15:15:09","date_gmt":"2023-12-11T20:15:09","guid":{"rendered":"https:\/\/www.yorku.ca\/osgoode\/innovation-clinicdev\/?page_id=271"},"modified":"2026-04-01T14:05:36","modified_gmt":"2026-04-01T18:05:36","slug":"chatbot","status":"publish","type":"page","link":"https:\/\/www.yorku.ca\/osgoode\/ip-innovation-clinic\/chatbot\/","title":{"rendered":"Chatbot"},"content":{"rendered":"<style>.kb-image271_92058c-d3.kb-image-is-ratio-size, .kb-image271_92058c-d3 .kb-image-is-ratio-size{max-width:1006px;width:100%;}.wp-block-kadence-column > .kt-inside-inner-col > .kb-image271_92058c-d3.kb-image-is-ratio-size, .wp-block-kadence-column > .kt-inside-inner-col > .kb-image271_92058c-d3 .kb-image-is-ratio-size{align-self:unset;}.kb-image271_92058c-d3 figure{max-width:1006px;}.kb-image271_92058c-d3 .image-is-svg, .kb-image271_92058c-d3 .image-is-svg img{width:100%;}.kb-image271_92058c-d3 .kb-image-has-overlay:after{opacity:0.3;}<\/style>\n<div class=\"wp-block-kadence-image kb-image271_92058c-d3\"><figure class=\"aligncenter size-large\"><img loading=\"lazy\" decoding=\"async\" width=\"1024\" height=\"256\" src=\"https:\/\/www.yorku.ca\/osgoode\/ip-innovation-clinic\/wp-content\/uploads\/sites\/847\/2026\/03\/Wordpress-footer-1584-x-396-px-9-1024x256.png\" alt=\"\" class=\"kb-img wp-image-1774\" srcset=\"https:\/\/www.yorku.ca\/osgoode\/ip-innovation-clinic\/wp-content\/uploads\/sites\/847\/2026\/03\/Wordpress-footer-1584-x-396-px-9-1024x256.png 1024w, https:\/\/www.yorku.ca\/osgoode\/ip-innovation-clinic\/wp-content\/uploads\/sites\/847\/2026\/03\/Wordpress-footer-1584-x-396-px-9-400x100.png 400w, https:\/\/www.yorku.ca\/osgoode\/ip-innovation-clinic\/wp-content\/uploads\/sites\/847\/2026\/03\/Wordpress-footer-1584-x-396-px-9-1536x384.png 1536w, https:\/\/www.yorku.ca\/osgoode\/ip-innovation-clinic\/wp-content\/uploads\/sites\/847\/2026\/03\/Wordpress-footer-1584-x-396-px-9.png 1584w\" sizes=\"auto, (max-width: 1024px) 100vw, 1024px\" \/><\/figure><\/div>\n\n\n\n<div class=\"wp-block-group grey-bg-block px-5 m-0 has-very-light-gray-background-color has-background\"><div class=\"wp-block-group__inner-container is-layout-flow wp-block-group-is-layout-flow\">\n<p><strong>Disclaimer<\/strong><\/p>\n\n\n\n<p><em>This chatbot is currently in development and is provided on a beta basis. As this chatbot is still under development, responses may&nbsp;contain&nbsp;errors, omissions, or inaccuracies. Whilst we&nbsp;endeavour&nbsp;to ensure that the information provided is&nbsp;accurate&nbsp;and up to date, no representations, warranties, or guarantees of any kind are made&nbsp;regarding&nbsp;the completeness, accuracy, reliability, or suitability of the information for any particular purpose. We accept no liability for any loss or damage arising from or in connection with your use of, or reliance upon, any information provided by this chatbot.<\/em><\/p>\n\n\n\n<p><em>Any data or information you input into this chatbot may be used for the purposes of training and improving the underlying model. Do not input any confidential, proprietary, privileged, or otherwise sensitive information, nor any personal data or information relating to identifiable individuals, into this chatbot. We accept no responsibility or liability for the protection, confidentiality, security, or any use, misuse, loss, or disclosure of any data or information that you submit. By inputting any data into this chatbot, you do so entirely at your own risk.<\/em><\/p>\n\n\n\n<p><em>The information provided by this chatbot is for general informational purposes only. It&nbsp;does not constitute&nbsp;legal advice, nor does it create a solicitor-client relationship between you and the provider of this chatbot. The information provided should not be relied upon as a substitute for professional legal advice tailored to your specific circumstances. Intellectual property law is a complex and evolving area, and the application of legal principles may vary depending on the&nbsp;jurisdiction&nbsp;and the particular facts of your situation. You should not act or refrain from acting based on any information provided by this chatbot without first seeking&nbsp;appropriate professional&nbsp;legal advice.<\/em><\/p>\n\n\n\n<p><em>By using this chatbot, you acknowledge and agree that you have read, understood, and accepted the terms of this disclaimer.<\/em><\/p>\n<\/div><\/div>\n\n\n\n<div style=\"height:45px\" aria-hidden=\"true\" class=\"wp-block-spacer\"><\/div>\n\n\n\n<p><strong>Description<\/strong><\/p>\n\n\n\n<p>The IP Innovation Clinic Chatbot has been built by IP Innovation Clinic staff and students in collaboration with legal and technical experts at Norton Rose Fulbright Canada and York\u2019s University Information Technology team. Prof. D\u2019Agostino and the Clinic team began the project in 2020 with foundational legal and technical input from Maya Medeiros, Partner at Norton Rose Fulbright Canada, and Al Hounsell, Adjunct Professor at Osgoode Hall Law School and legal technology specialist. The IP Innovation Clinic\u2019s former Clinic Coordinator, Ryan Wong, now Legal Counsel at Roche, also made important contributions to the project.&nbsp;<\/p>\n\n\n\n<div style=\"height:20px\" aria-hidden=\"true\" class=\"wp-block-spacer\"><\/div>\n\n\n\n<p><strong>Funding<\/strong>&nbsp;<\/p>\n\n\n\n<div class=\"wp-block-columns is-layout-flex wp-container-core-columns-is-layout-9d6595d7 wp-block-columns-is-layout-flex\">\n<div class=\"wp-block-column is-layout-flow wp-block-column-is-layout-flow\">\n<p>This project has been funded in part by the Government of Canada's IP Legal Clinics Program, IP Strategy, Ministry of Innovation, Science and Economic Development Canada.&nbsp;The chatbot\u2019s outputs do not necessarily reflect the views or positions of Innovation, Science and Economic Development Canada or the Government of Canada.<\/p>\n\n\n\n<p>Ce projet est financ\u00e9 en partie par le Programme des cliniques juridiques en mati\u00e8re de propri\u00e9t\u00e9 intellectuelle du gouvernement du Canada, Strat\u00e9gie en mati\u00e8re de propri\u00e9t\u00e9 intellectuelle, minist\u00e8re de l\u2019Innovation, des Sciences et du D\u00e9veloppement \u00e9conomique Canada. Les r\u00e9ponses du chatbot ne refl\u00e8tent pas n\u00e9cessairement les points de vue ou les positions d\u2019Innovation, Sciences et D\u00e9veloppement \u00e9conomique Canada ni du gouvernement du Canada.<\/p>\n<\/div>\n\n\n\n<div class=\"wp-block-column is-layout-flow wp-block-column-is-layout-flow\">\n<figure class=\"wp-block-image size-full\"><img loading=\"lazy\" decoding=\"async\" width=\"300\" height=\"89\" src=\"https:\/\/www.yorku.ca\/osgoode\/ip-innovation-clinic\/wp-content\/uploads\/sites\/847\/2024\/03\/ised_bilingual.jpeg\" alt=\"Logo Innovation, Science and Economic Development Canada\" class=\"wp-image-409\"\/><\/figure>\n<\/div>\n<\/div>\n\n\n\n<p><\/p>\n\n\n\n<div style=\"height:20px\" aria-hidden=\"true\" class=\"wp-block-spacer\"><\/div>\n\n\n\n<p><strong>Acknowledgement<\/strong>&nbsp;<\/p>\n\n\n\n<p>The IP Innovation&nbsp;Clinic Chatbot&nbsp;is trained using materials with permission from the Canadian Intellectual Property Office (CIPO) and the Government of Canada's Trade Commissioner Service.&nbsp;The chatbot\u2019s outputs do not necessarily reflect the views or positions of CIPO and the Government of Canada's Trade Commissioner Service. <\/p>\n\n\n\n<p>Le IP Innovation Clinic Chatbot est entra\u00een\u00e9 \u00e0 l\u2019aide de documents utilis\u00e9s avec l\u2019autorisation du Canadian Intellectual Property Office (CIPO) et du Trade Commissioner Service du gouvernement du Canada. Les r\u00e9ponses du chatbot ne refl\u00e8tent pas n\u00e9cessairement les points de vue ou les positions du CIPO ni du Trade Commissioner Service du gouvernement du Canada.<\/p>\n\n\n\n<div style=\"height:60px\" aria-hidden=\"true\" class=\"wp-block-spacer\"><\/div>\n\n\n\n<div class=\"wp-block-group has-small-font-size\"><div class=\"wp-block-group__inner-container is-layout-flow wp-block-group-is-layout-flow\">\n<div class=\"wp-block-columns is-layout-flex wp-container-core-columns-is-layout-9d6595d7 wp-block-columns-is-layout-flex\">\n<div class=\"wp-block-column is-vertically-aligned-center is-layout-flow wp-block-column-is-layout-flow\"><style>.kb-image343_c965aa-be .kb-image-has-overlay:after{opacity:0.3;}<\/style>\n<div class=\"wp-block-kadence-image kb-image343_c965aa-be\"><figure class=\"aligncenter size-large\"><img loading=\"lazy\" decoding=\"async\" width=\"1024\" height=\"256\" src=\"https:\/\/www.yorku.ca\/osgoode\/ip-innovation-clinic\/wp-content\/uploads\/sites\/847\/2023\/12\/Wordpress-footer-1584-x-396-px-2-2-1024x256.png\" alt=\"\" class=\"kb-img wp-image-1851\" srcset=\"https:\/\/www.yorku.ca\/osgoode\/ip-innovation-clinic\/wp-content\/uploads\/sites\/847\/2023\/12\/Wordpress-footer-1584-x-396-px-2-2-1024x256.png 1024w, https:\/\/www.yorku.ca\/osgoode\/ip-innovation-clinic\/wp-content\/uploads\/sites\/847\/2023\/12\/Wordpress-footer-1584-x-396-px-2-2-400x100.png 400w, https:\/\/www.yorku.ca\/osgoode\/ip-innovation-clinic\/wp-content\/uploads\/sites\/847\/2023\/12\/Wordpress-footer-1584-x-396-px-2-2-1536x384.png 1536w, https:\/\/www.yorku.ca\/osgoode\/ip-innovation-clinic\/wp-content\/uploads\/sites\/847\/2023\/12\/Wordpress-footer-1584-x-396-px-2-2.png 1584w\" sizes=\"auto, (max-width: 1024px) 100vw, 1024px\" \/><\/figure><\/div>\n<\/div>\n<\/div>\n\n\n\n<div class=\"wp-block-columns is-layout-flex wp-container-core-columns-is-layout-9d6595d7 wp-block-columns-is-layout-flex\">\n<div class=\"wp-block-column is-vertically-aligned-center is-layout-flow wp-block-column-is-layout-flow\">\n<p class=\"has-text-align-center has-medium-font-size\"><strong>IP Innovation Clinic <br>Osgoode Hall Law School, ¿ì²¥ÊÓÆµ, 4700 Keele Street Toronto, On, M3J1P3<\/strong><\/p>\n\n\n\n<p class=\"has-text-align-center has-medium-font-size\"><strong><a href=\"mailto:ipinnovationclinic@osgoode.yorku.ca\">ipinnovationclinic@osgoode.yorku.ca<\/a> | 437-925-3821<\/strong><\/p>\n<\/div>\n<\/div>\n\n\n\n<script type=\"text\/javascript\" src=\"https:\/\/criaembed-preprod-api.innovation.uit.yorku.ca\/embed\/294\/load\" async> <\/script>\n<\/div><\/div>\n","protected":false},"excerpt":{"rendered":"<p>Disclaimer This chatbot is currently in development and is provided on a beta basis. As this chatbot is still under development, responses may&nbsp;contain&nbsp;errors, omissions, or inaccuracies. Whilst we&nbsp;endeavour&nbsp;to ensure that the information provided is&nbsp;accurate&nbsp;and up to date, no representations, warranties, or guarantees of any kind are made&nbsp;regarding&nbsp;the completeness, accuracy, reliability, or suitability of the information [&hellip;]<\/p>\n","protected":false},"author":2133,"featured_media":0,"parent":0,"menu_order":0,"comment_status":"closed","ping_status":"closed","template":"","meta":{"_kad_blocks_custom_css":"","_kad_blocks_head_custom_js":"","_kad_blocks_body_custom_js":"","_kad_blocks_footer_custom_js":"","footnotes":""},"tags":[],"class_list":["post-271","page","type-page","status-publish","hentry"],"yoast_head":"<!-- This site is optimized with the Yoast SEO plugin v27.4 - https:\/\/yoast.com\/product\/yoast-seo-wordpress\/ -->\n<title>Chatbot - IP Innovation Clinic<\/title>\n<meta name=\"robots\" content=\"index, follow, max-snippet:-1, max-image-preview:large, max-video-preview:-1\" \/>\n<link rel=\"canonical\" href=\"https:\/\/www.yorku.ca\/osgoode\/ip-innovation-clinic\/chatbot\/\" \/>\n<meta property=\"og:locale\" content=\"en_US\" \/>\n<meta property=\"og:type\" content=\"article\" \/>\n<meta property=\"og:title\" content=\"Chatbot - IP Innovation Clinic\" \/>\n<meta property=\"og:description\" content=\"Disclaimer This chatbot is currently in development and is provided on a beta basis. As this chatbot is still under development, responses may&nbsp;contain&nbsp;errors, omissions, or inaccuracies. Whilst we&nbsp;endeavour&nbsp;to ensure that the information provided is&nbsp;accurate&nbsp;and up to date, no representations, warranties, or guarantees of any kind are made&nbsp;regarding&nbsp;the completeness, accuracy, reliability, or suitability of the information [&hellip;]\" \/>\n<meta property=\"og:url\" content=\"https:\/\/www.yorku.ca\/osgoode\/ip-innovation-clinic\/chatbot\/\" \/>\n<meta property=\"og:site_name\" content=\"IP Innovation Clinic\" \/>\n<meta property=\"article:modified_time\" content=\"2026-04-01T18:05:36+00:00\" \/>\n<meta property=\"og:image\" content=\"https:\/\/www.yorku.ca\/osgoode\/ip-innovation-clinic\/wp-content\/uploads\/sites\/847\/2026\/03\/Wordpress-footer-1584-x-396-px-9.png\" \/>\n\t<meta property=\"og:image:width\" content=\"1584\" \/>\n\t<meta property=\"og:image:height\" content=\"396\" \/>\n\t<meta property=\"og:image:type\" content=\"image\/png\" \/>\n<meta name=\"twitter:card\" content=\"summary_large_image\" \/>\n<meta name=\"twitter:label1\" content=\"Est. reading time\" \/>\n\t<meta name=\"twitter:data1\" content=\"4 minutes\" \/>\n<script type=\"application\/ld+json\" class=\"yoast-schema-graph\">{\"@context\":\"https:\\\/\\\/schema.org\",\"@graph\":[{\"@type\":\"WebPage\",\"@id\":\"https:\\\/\\\/www.yorku.ca\\\/osgoode\\\/ip-innovation-clinic\\\/chatbot\\\/\",\"url\":\"https:\\\/\\\/www.yorku.ca\\\/osgoode\\\/ip-innovation-clinic\\\/chatbot\\\/\",\"name\":\"Chatbot - IP Innovation Clinic\",\"isPartOf\":{\"@id\":\"https:\\\/\\\/www.yorku.ca\\\/osgoode\\\/ip-innovation-clinic\\\/#website\"},\"primaryImageOfPage\":{\"@id\":\"https:\\\/\\\/www.yorku.ca\\\/osgoode\\\/ip-innovation-clinic\\\/chatbot\\\/#primaryimage\"},\"image\":{\"@id\":\"https:\\\/\\\/www.yorku.ca\\\/osgoode\\\/ip-innovation-clinic\\\/chatbot\\\/#primaryimage\"},\"thumbnailUrl\":\"https:\\\/\\\/www.yorku.ca\\\/osgoode\\\/ip-innovation-clinic\\\/wp-content\\\/uploads\\\/sites\\\/847\\\/2026\\\/03\\\/Wordpress-footer-1584-x-396-px-9-1024x256.png\",\"datePublished\":\"2023-12-11T20:15:09+00:00\",\"dateModified\":\"2026-04-01T18:05:36+00:00\",\"breadcrumb\":{\"@id\":\"https:\\\/\\\/www.yorku.ca\\\/osgoode\\\/ip-innovation-clinic\\\/chatbot\\\/#breadcrumb\"},\"inLanguage\":\"en-CA\",\"potentialAction\":[{\"@type\":\"ReadAction\",\"target\":[\"https:\\\/\\\/www.yorku.ca\\\/osgoode\\\/ip-innovation-clinic\\\/chatbot\\\/\"]}]},{\"@type\":\"ImageObject\",\"inLanguage\":\"en-CA\",\"@id\":\"https:\\\/\\\/www.yorku.ca\\\/osgoode\\\/ip-innovation-clinic\\\/chatbot\\\/#primaryimage\",\"url\":\"https:\\\/\\\/www.yorku.ca\\\/osgoode\\\/ip-innovation-clinic\\\/wp-content\\\/uploads\\\/sites\\\/847\\\/2026\\\/03\\\/Wordpress-footer-1584-x-396-px-9.png\",\"contentUrl\":\"https:\\\/\\\/www.yorku.ca\\\/osgoode\\\/ip-innovation-clinic\\\/wp-content\\\/uploads\\\/sites\\\/847\\\/2026\\\/03\\\/Wordpress-footer-1584-x-396-px-9.png\",\"width\":1584,\"height\":396},{\"@type\":\"BreadcrumbList\",\"@id\":\"https:\\\/\\\/www.yorku.ca\\\/osgoode\\\/ip-innovation-clinic\\\/chatbot\\\/#breadcrumb\",\"itemListElement\":[{\"@type\":\"ListItem\",\"position\":1,\"name\":\"Home\",\"item\":\"https:\\\/\\\/www.yorku.ca\\\/osgoode\\\/ip-innovation-clinic\\\/\"},{\"@type\":\"ListItem\",\"position\":2,\"name\":\"Chatbot\"}]},{\"@type\":\"WebSite\",\"@id\":\"https:\\\/\\\/www.yorku.ca\\\/osgoode\\\/ip-innovation-clinic\\\/#website\",\"url\":\"https:\\\/\\\/www.yorku.ca\\\/osgoode\\\/ip-innovation-clinic\\\/\",\"name\":\"IP Innovation Clinic\",\"description\":\"Canada\u2019s largest pro bono IP legal clinic\",\"publisher\":{\"@id\":\"https:\\\/\\\/www.yorku.ca\\\/osgoode\\\/ip-innovation-clinic\\\/#organization\"},\"potentialAction\":[{\"@type\":\"SearchAction\",\"target\":{\"@type\":\"EntryPoint\",\"urlTemplate\":\"https:\\\/\\\/www.yorku.ca\\\/osgoode\\\/ip-innovation-clinic\\\/?s={search_term_string}\"},\"query-input\":{\"@type\":\"PropertyValueSpecification\",\"valueRequired\":true,\"valueName\":\"search_term_string\"}}],\"inLanguage\":\"en-CA\"},{\"@type\":\"Organization\",\"@id\":\"https:\\\/\\\/www.yorku.ca\\\/osgoode\\\/ip-innovation-clinic\\\/#organization\",\"name\":\"IP Innovation Clinic\",\"url\":\"https:\\\/\\\/www.yorku.ca\\\/osgoode\\\/ip-innovation-clinic\\\/\",\"logo\":{\"@type\":\"ImageObject\",\"inLanguage\":\"en-CA\",\"@id\":\"https:\\\/\\\/www.yorku.ca\\\/osgoode\\\/ip-innovation-clinic\\\/#\\\/schema\\\/logo\\\/image\\\/\",\"url\":\"https:\\\/\\\/www.yorku.ca\\\/osgoode\\\/ip-innovation-clinic\\\/wp-content\\\/uploads\\\/sites\\\/847\\\/2025\\\/09\\\/IP-Innovation-Clinic-logo-1.png\",\"contentUrl\":\"https:\\\/\\\/www.yorku.ca\\\/osgoode\\\/ip-innovation-clinic\\\/wp-content\\\/uploads\\\/sites\\\/847\\\/2025\\\/09\\\/IP-Innovation-Clinic-logo-1.png\",\"width\":900,\"height\":900,\"caption\":\"IP Innovation Clinic\"},\"image\":{\"@id\":\"https:\\\/\\\/www.yorku.ca\\\/osgoode\\\/ip-innovation-clinic\\\/#\\\/schema\\\/logo\\\/image\\\/\"},\"sameAs\":[\"https:\\\/\\\/ca.linkedin.com\\\/company\\\/ip-innovation-clinic\"]}]}<\/script>\n<!-- \/ Yoast SEO plugin. -->","yoast_head_json":{"title":"Chatbot - IP Innovation Clinic","robots":{"index":"index","follow":"follow","max-snippet":"max-snippet:-1","max-image-preview":"max-image-preview:large","max-video-preview":"max-video-preview:-1"},"canonical":"https:\/\/www.yorku.ca\/osgoode\/ip-innovation-clinic\/chatbot\/","og_locale":"en_US","og_type":"article","og_title":"Chatbot - IP Innovation Clinic","og_description":"Disclaimer This chatbot is currently in development and is provided on a beta basis. As this chatbot is still under development, responses may&nbsp;contain&nbsp;errors, omissions, or inaccuracies. Whilst we&nbsp;endeavour&nbsp;to ensure that the information provided is&nbsp;accurate&nbsp;and up to date, no representations, warranties, or guarantees of any kind are made&nbsp;regarding&nbsp;the completeness, accuracy, reliability, or suitability of the information [&hellip;]","og_url":"https:\/\/www.yorku.ca\/osgoode\/ip-innovation-clinic\/chatbot\/","og_site_name":"IP Innovation Clinic","article_modified_time":"2026-04-01T18:05:36+00:00","og_image":[{"width":1584,"height":396,"url":"https:\/\/www.yorku.ca\/osgoode\/ip-innovation-clinic\/wp-content\/uploads\/sites\/847\/2026\/03\/Wordpress-footer-1584-x-396-px-9.png","type":"image\/png"}],"twitter_card":"summary_large_image","twitter_misc":{"Est. reading time":"4 minutes"},"schema":{"@context":"https:\/\/schema.org","@graph":[{"@type":"WebPage","@id":"https:\/\/www.yorku.ca\/osgoode\/ip-innovation-clinic\/chatbot\/","url":"https:\/\/www.yorku.ca\/osgoode\/ip-innovation-clinic\/chatbot\/","name":"Chatbot - IP Innovation Clinic","isPartOf":{"@id":"https:\/\/www.yorku.ca\/osgoode\/ip-innovation-clinic\/#website"},"primaryImageOfPage":{"@id":"https:\/\/www.yorku.ca\/osgoode\/ip-innovation-clinic\/chatbot\/#primaryimage"},"image":{"@id":"https:\/\/www.yorku.ca\/osgoode\/ip-innovation-clinic\/chatbot\/#primaryimage"},"thumbnailUrl":"https:\/\/www.yorku.ca\/osgoode\/ip-innovation-clinic\/wp-content\/uploads\/sites\/847\/2026\/03\/Wordpress-footer-1584-x-396-px-9-1024x256.png","datePublished":"2023-12-11T20:15:09+00:00","dateModified":"2026-04-01T18:05:36+00:00","breadcrumb":{"@id":"https:\/\/www.yorku.ca\/osgoode\/ip-innovation-clinic\/chatbot\/#breadcrumb"},"inLanguage":"en-CA","potentialAction":[{"@type":"ReadAction","target":["https:\/\/www.yorku.ca\/osgoode\/ip-innovation-clinic\/chatbot\/"]}]},{"@type":"ImageObject","inLanguage":"en-CA","@id":"https:\/\/www.yorku.ca\/osgoode\/ip-innovation-clinic\/chatbot\/#primaryimage","url":"https:\/\/www.yorku.ca\/osgoode\/ip-innovation-clinic\/wp-content\/uploads\/sites\/847\/2026\/03\/Wordpress-footer-1584-x-396-px-9.png","contentUrl":"https:\/\/www.yorku.ca\/osgoode\/ip-innovation-clinic\/wp-content\/uploads\/sites\/847\/2026\/03\/Wordpress-footer-1584-x-396-px-9.png","width":1584,"height":396},{"@type":"BreadcrumbList","@id":"https:\/\/www.yorku.ca\/osgoode\/ip-innovation-clinic\/chatbot\/#breadcrumb","itemListElement":[{"@type":"ListItem","position":1,"name":"Home","item":"https:\/\/www.yorku.ca\/osgoode\/ip-innovation-clinic\/"},{"@type":"ListItem","position":2,"name":"Chatbot"}]},{"@type":"WebSite","@id":"https:\/\/www.yorku.ca\/osgoode\/ip-innovation-clinic\/#website","url":"https:\/\/www.yorku.ca\/osgoode\/ip-innovation-clinic\/","name":"IP Innovation Clinic","description":"Canada\u2019s largest pro bono IP legal clinic","publisher":{"@id":"https:\/\/www.yorku.ca\/osgoode\/ip-innovation-clinic\/#organization"},"potentialAction":[{"@type":"SearchAction","target":{"@type":"EntryPoint","urlTemplate":"https:\/\/www.yorku.ca\/osgoode\/ip-innovation-clinic\/?s={search_term_string}"},"query-input":{"@type":"PropertyValueSpecification","valueRequired":true,"valueName":"search_term_string"}}],"inLanguage":"en-CA"},{"@type":"Organization","@id":"https:\/\/www.yorku.ca\/osgoode\/ip-innovation-clinic\/#organization","name":"IP Innovation Clinic","url":"https:\/\/www.yorku.ca\/osgoode\/ip-innovation-clinic\/","logo":{"@type":"ImageObject","inLanguage":"en-CA","@id":"https:\/\/www.yorku.ca\/osgoode\/ip-innovation-clinic\/#\/schema\/logo\/image\/","url":"https:\/\/www.yorku.ca\/osgoode\/ip-innovation-clinic\/wp-content\/uploads\/sites\/847\/2025\/09\/IP-Innovation-Clinic-logo-1.png","contentUrl":"https:\/\/www.yorku.ca\/osgoode\/ip-innovation-clinic\/wp-content\/uploads\/sites\/847\/2025\/09\/IP-Innovation-Clinic-logo-1.png","width":900,"height":900,"caption":"IP Innovation Clinic"},"image":{"@id":"https:\/\/www.yorku.ca\/osgoode\/ip-innovation-clinic\/#\/schema\/logo\/image\/"},"sameAs":["https:\/\/ca.linkedin.com\/company\/ip-innovation-clinic"]}]}},"taxonomy_info":[],"featured_image_src_large":false,"author_info":{"display_name":"jfturco2","author_link":"https:\/\/www.yorku.ca\/osgoode\/ip-innovation-clinic\/author\/jfturco2\/"},"comment_info":"","_links":{"self":[{"href":"https:\/\/www.yorku.ca\/osgoode\/ip-innovation-clinic\/wp-json\/wp\/v2\/pages\/271","targetHints":{"allow":["GET"]}}],"collection":[{"href":"https:\/\/www.yorku.ca\/osgoode\/ip-innovation-clinic\/wp-json\/wp\/v2\/pages"}],"about":[{"href":"https:\/\/www.yorku.ca\/osgoode\/ip-innovation-clinic\/wp-json\/wp\/v2\/types\/page"}],"author":[{"embeddable":true,"href":"https:\/\/www.yorku.ca\/osgoode\/ip-innovation-clinic\/wp-json\/wp\/v2\/users\/2133"}],"replies":[{"embeddable":true,"href":"https:\/\/www.yorku.ca\/osgoode\/ip-innovation-clinic\/wp-json\/wp\/v2\/comments?post=271"}],"version-history":[{"count":60,"href":"https:\/\/www.yorku.ca\/osgoode\/ip-innovation-clinic\/wp-json\/wp\/v2\/pages\/271\/revisions"}],"predecessor-version":[{"id":1803,"href":"https:\/\/www.yorku.ca\/osgoode\/ip-innovation-clinic\/wp-json\/wp\/v2\/pages\/271\/revisions\/1803"}],"wp:attachment":[{"href":"https:\/\/www.yorku.ca\/osgoode\/ip-innovation-clinic\/wp-json\/wp\/v2\/media?parent=271"}],"wp:term":[{"taxonomy":"post_tag","embeddable":true,"href":"https:\/\/www.yorku.ca\/osgoode\/ip-innovation-clinic\/wp-json\/wp\/v2\/tags?post=271"}],"curies":[{"name":"wp","href":"https:\/\/api.w.org\/{rel}","templated":true}]}}