  {"id":431,"date":"2021-06-30T16:05:44","date_gmt":"2021-06-30T20:05:44","guid":{"rendered":"https:\/\/www.yorku.ca\/lamarshdev\/?page_id=431"},"modified":"2023-06-09T14:31:55","modified_gmt":"2023-06-09T18:31:55","slug":"sarah-flicker","status":"publish","type":"page","link":"https:\/\/www.yorku.ca\/lamarsh\/sarah-flicker\/","title":{"rendered":"Sarah Flicker"},"content":{"rendered":"\n<div style=\"height:32px\" aria-hidden=\"true\" class=\"wp-block-spacer\"><\/div>\n\n\n\n<div class=\"wp-block-columns is-layout-flex wp-container-core-columns-is-layout-9d6595d7 wp-block-columns-is-layout-flex\">\n<div class=\"wp-block-column is-layout-flow wp-block-column-is-layout-flow\" style=\"flex-basis:33.33%\">\n<figure class=\"wp-block-image size-full\"><img loading=\"lazy\" decoding=\"async\" width=\"400\" height=\"400\" src=\"https:\/\/www.yorku.ca\/lamarsh\/wp-content\/uploads\/sites\/283\/2023\/06\/Sarah-Flicker-1.png\" alt=\"\" class=\"wp-image-2527\" srcset=\"https:\/\/www.yorku.ca\/lamarsh\/wp-content\/uploads\/sites\/283\/2023\/06\/Sarah-Flicker-1.png 400w, https:\/\/www.yorku.ca\/lamarsh\/wp-content\/uploads\/sites\/283\/2023\/06\/Sarah-Flicker-1-300x300.png 300w, https:\/\/www.yorku.ca\/lamarsh\/wp-content\/uploads\/sites\/283\/2023\/06\/Sarah-Flicker-1-150x150.png 150w\" sizes=\"auto, (max-width: 400px) 100vw, 400px\" \/><\/figure>\n\n\n\n<p>Professor &amp; York Research Chair (Tier 2) in Community-Based Participatory Research, and Environmental Arts &amp; Justice Coordinator<\/p>\n<\/div>\n\n\n\n<div class=\"wp-block-column is-layout-flow wp-block-column-is-layout-flow\" style=\"flex-basis:66.66%\">\n<h2 class=\"wp-block-heading\">Contact<\/h2>\n\n\n\n<p>Department: Environmental Studies<br>Email address:\u00a0<a href=\"mailto:flicker@yorku.ca\">flicker@yorku.ca<\/a><br>¿ì²¥ÊÓÆµ Profile link:\u00a0<a href=\"https:\/\/fes.yorku.ca\/faculty-profile\/flicker-sarah\/\">https:\/\/fes.yorku.ca\/faculty-profile\/flicker-sarah\/<\/a><br>Google Scholar Link:\u00a0<a href=\"https:\/\/scholar.google.com\/citations?hl=en&amp;user=lC-KnJUAAAAJ\">https:\/\/scholar.google.com\/citations?hl=en&amp;user=lC-KnJUAAAAJ<\/a><br>Research Gate Link:\u00a0<a href=\"https:\/\/www.researchgate.net\/profile\/Sarah_Flicker\">https:\/\/www.researchgate.net\/profile\/Sarah_Flicker<\/a><\/p>\n\n\n\n<div style=\"height:24px\" aria-hidden=\"true\" class=\"wp-block-spacer\"><\/div>\n\n\n\n<h2 class=\"wp-block-heading\">Research Interests<\/h2>\n\n\n\n<p>Dr. Flicker\u2019s research interests are in the areas of youth health, community-based participatory research, public health, community development, HIV\/AIDS and adolescent development. She is engaged in research that focuses on youth HIV prevention and support, environmental, sexual and reproductive justice. She is actively engaged in research teams that focus on adolescent sexual health with youth in Canada and South Africa. Her research has informed policy at the municipal, provincial and federal levels. Sarah and her teams have won a number of prestigious awards for youth engagement in health research.<\/p>\n\n\n\n<div style=\"height:24px\" aria-hidden=\"true\" class=\"wp-block-spacer\"><\/div>\n\n\n\n<h2 class=\"wp-block-heading\">Published Manuscripts (Select Publications)<\/h2>\n\n\n\n<p>Switzer, S., Flicker, S., McClelland, A., Carusone, S. C., Ferguson, T. B., Herelle, N., ... &amp; Strike, C. (2020). Journeying together: A visual exploration of \u201cengagement\u201d as a journey in HIV programming and service delivery.&nbsp;<em>Health &amp; Place,<\/em>&nbsp;102247.<\/p>\n\n\n\n<p>Flicker, S., &amp; MacEntee, K. (2020). Digital storytelling as a research method.&nbsp;<em>The Sage Handbook of Visual Research Methods,<\/em>&nbsp;267-281.<\/p>\n\n\n\n<p>Wuttunee, K. D., Altenberg, J., &amp; Flicker, S. (2019). Red Ribbon Skirts and Cultural Resurgence: Kimihko s\u00eemp\u00e2n iskw\u00eawis\u00e2kaya \u00eakwa sihcik\u00eawin wanisk\u00e2picik\u00eawin.&nbsp;<em>Girlhood Studies, 12<\/em>(3), 63-79.<\/p>\n\n\n\n<p>Flicker, S., Wilson, C., Monchalin, R., Oliver, V., Prentice, T., Jackson, R., Larkin, J., Mitchell, C. and Restoule, J. P. (2019). \u201cStay strong, stay sexy, stay native\u201d: Storying indigenous youth HIV prevention activism.&nbsp;<em>Action Research, 17<\/em>(3), 323-343.<\/p>\n\n\n\n<p>Flicker, S. (2019). S21. 1 Youth and community based research.&nbsp;<em>Sexually Transmitted Infections, 95<\/em>(Suppl 1), A33.<\/p>\n\n\n\n<p>Flicker, S., Wilson, C., Native Youth Sexual Health Network, Monchalin, R., Restoule, J.P., Mitchell, C., Larkin, J., Prentice, T., Jackson, R. and Oliver, V.,&nbsp; (2019). The Impact of Indigenous Youth Sharing Digital Stories About HIV Activism.<em>&nbsp;Health Promotion Practice,<\/em>&nbsp;1524839918822268.<\/p>\n\n\n\n<p>Flicker, S., Mawani, F. N., &amp; Dellavilla, M. (2019). Reflections on Teaching, Learning and Doing Participatory Research in a Graduate Seminar.&nbsp;<em>Progress in Community Health Partnerships: Research, Education, and Action, 13<\/em>(3), 293-302.<\/p>\n\n\n\n<p>MacEntee, K., &amp; Flicker, S. (2019). 18 Doing It: Participatory Visual Methodologies and Youth Sexuality Research.<\/p>\n\n\n\n<p>Flicker, S., Sayde, A., Hedlund, K., Malivel, G., Wong, K., Owino, M., &amp; Booy, S. (2018). Teaching and learning about the relationships between land, violence and women's bodies: the possibilities of participatory visual methods as pedagogy.&nbsp;<em>Agenda, 32<\/em>(4), 32-44.<\/p>\n\n\n\n<p>Flicker, S. (2018). 17. Unsettling.&nbsp;<em>Disrupting Shameful Legacies: Girls and Young Women Speaking Back through the Arts to Address Sexual Violence,&nbsp;<\/em>313.<\/p>\n<\/div>\n<\/div>\n\n\n\n<div style=\"height:100px\" aria-hidden=\"true\" class=\"wp-block-spacer\"><\/div>\n","protected":false},"excerpt":{"rendered":"<p>Professor &amp; York Research Chair (Tier 2) in Community-Based Participatory Research, and Environmental Arts &amp; Justice Coordinator Contact Department: Environmental StudiesEmail address:\u00a0flicker@yorku.ca¿ì²¥ÊÓÆµ Profile link:\u00a0https:\/\/fes.yorku.ca\/faculty-profile\/flicker-sarah\/Google Scholar Link:\u00a0https:\/\/scholar.google.com\/citations?hl=en&amp;user=lC-KnJUAAAAJResearch Gate Link:\u00a0https:\/\/www.researchgate.net\/profile\/Sarah_Flicker Research Interests Dr. Flicker\u2019s research interests are in the areas of youth health, community-based participatory research, public health, community development, HIV\/AIDS and adolescent development. She is [&hellip;]<\/p>\n","protected":false},"author":796,"featured_media":0,"parent":0,"menu_order":0,"comment_status":"closed","ping_status":"closed","template":"","meta":{"_kad_blocks_custom_css":"","_kad_blocks_head_custom_js":"","_kad_blocks_body_custom_js":"","_kad_blocks_footer_custom_js":"","footnotes":""},"tags":[],"class_list":["post-431","page","type-page","status-publish","hentry"],"taxonomy_info":[],"featured_image_src_large":false,"author_info":{"display_name":"jelenam","author_link":"https:\/\/www.yorku.ca\/lamarsh\/author\/jelenam\/"},"comment_info":"","_links":{"self":[{"href":"https:\/\/www.yorku.ca\/lamarsh\/wp-json\/wp\/v2\/pages\/431","targetHints":{"allow":["GET"]}}],"collection":[{"href":"https:\/\/www.yorku.ca\/lamarsh\/wp-json\/wp\/v2\/pages"}],"about":[{"href":"https:\/\/www.yorku.ca\/lamarsh\/wp-json\/wp\/v2\/types\/page"}],"author":[{"embeddable":true,"href":"https:\/\/www.yorku.ca\/lamarsh\/wp-json\/wp\/v2\/users\/796"}],"replies":[{"embeddable":true,"href":"https:\/\/www.yorku.ca\/lamarsh\/wp-json\/wp\/v2\/comments?post=431"}],"version-history":[{"count":6,"href":"https:\/\/www.yorku.ca\/lamarsh\/wp-json\/wp\/v2\/pages\/431\/revisions"}],"predecessor-version":[{"id":2531,"href":"https:\/\/www.yorku.ca\/lamarsh\/wp-json\/wp\/v2\/pages\/431\/revisions\/2531"}],"wp:attachment":[{"href":"https:\/\/www.yorku.ca\/lamarsh\/wp-json\/wp\/v2\/media?parent=431"}],"wp:term":[{"taxonomy":"post_tag","embeddable":true,"href":"https:\/\/www.yorku.ca\/lamarsh\/wp-json\/wp\/v2\/tags?post=431"}],"curies":[{"name":"wp","href":"https:\/\/api.w.org\/{rel}","templated":true}]}}