  {"id":3119,"date":"2022-04-28T16:03:16","date_gmt":"2022-04-28T20:03:16","guid":{"rendered":"https:\/\/www.yorku.ca\/housing\/?page_id=3119"},"modified":"2022-04-28T16:03:37","modified_gmt":"2022-04-28T20:03:37","slug":"visites-des-residences","status":"publish","type":"page","link":"https:\/\/www.yorku.ca\/housing\/residences-glendon\/visites-des-residences\/?lang=fr","title":{"rendered":"Visites des r\u00e9sidences"},"content":{"rendered":"\n\n\n<div class=\"wp-block-cover aligncenter has-background-dim\"><img loading=\"lazy\" decoding=\"async\" width=\"1995\" height=\"2560\" class=\"wp-block-cover__image-background wp-image-3108\" alt=\"\" src=\"https:\/\/www.yorku.ca\/housing\/wp-content\/uploads\/sites\/57\/2022\/04\/glendon_group2-scaled.jpg\" style=\"object-position:55% 38%\" data-object-fit=\"cover\" data-object-position=\"55% 38%\" srcset=\"https:\/\/www.yorku.ca\/housing\/wp-content\/uploads\/sites\/57\/2022\/04\/glendon_group2-scaled.jpg 1995w, https:\/\/www.yorku.ca\/housing\/wp-content\/uploads\/sites\/57\/2022\/04\/glendon_group2-234x300.jpg 234w, https:\/\/www.yorku.ca\/housing\/wp-content\/uploads\/sites\/57\/2022\/04\/glendon_group2-798x1024.jpg 798w, https:\/\/www.yorku.ca\/housing\/wp-content\/uploads\/sites\/57\/2022\/04\/glendon_group2-1197x1536.jpg 1197w, https:\/\/www.yorku.ca\/housing\/wp-content\/uploads\/sites\/57\/2022\/04\/glendon_group2-1596x2048.jpg 1596w\" sizes=\"auto, (max-width: 1995px) 100vw, 1995px\" \/><div class=\"wp-block-cover__inner-container is-layout-flow wp-block-cover-is-layout-flow\">\n<p class=\"has-text-align-left\" style=\"font-size:50px\"><strong>Nos portes sont ouvertes !<\/strong><\/p>\n<\/div><\/div>\n\n\n\n<div style=\"height:15px\" aria-hidden=\"true\" class=\"wp-block-spacer\"><\/div>\n\n\n\n<h2 class=\"wp-block-heading\">\u00cates-vous int\u00e9ress\u00e9 \u00e0 d\u00e9couvrir nos r\u00e9sidences \u00e0 Glendon ?<\/h2>\n\n\n\n<p>Les services de residence de Glendon offrent des visites de r\u00e9sidence pendant les mois d'\u00e9t\u00e9 afin que les futurs et nouveaux \u00e9tudiants puissent en apprendre davantage sur nos installations. Bien que nous ne puissions pas garantir qu'une chambre sp\u00e9cifique sera disponible pour la visite, nous ferons de notre mieux pour vous montrer un type de chambre similaire et certaines des commodit\u00e9s offertes dans la r\u00e9sidence.<\/p>\n\n\n\n<div style=\"height:5px\" aria-hidden=\"true\" class=\"wp-block-spacer\"><\/div>\n\n\n\n<div class=\"wp-block-columns card-deck aspect-ratio is-layout-flex wp-container-core-columns-is-layout-1 wp-block-columns-is-layout-flex\">\n<div class=\"wp-block-column card rounded-0 bg-white is-layout-flow wp-block-column-is-layout-flow\">\n<figure class=\"wp-block-image size-large\"><img loading=\"lazy\" decoding=\"async\" width=\"1024\" height=\"682\" src=\"https:\/\/www.yorku.ca\/housing\/wp-content\/uploads\/sites\/57\/2022\/04\/DSC_2189_90_91-1024x682.jpg\" alt=\"\" class=\"wp-image-3112\" srcset=\"https:\/\/www.yorku.ca\/housing\/wp-content\/uploads\/sites\/57\/2022\/04\/DSC_2189_90_91-1024x682.jpg 1024w, https:\/\/www.yorku.ca\/housing\/wp-content\/uploads\/sites\/57\/2022\/04\/DSC_2189_90_91-300x200.jpg 300w, https:\/\/www.yorku.ca\/housing\/wp-content\/uploads\/sites\/57\/2022\/04\/DSC_2189_90_91-1536x1023.jpg 1536w, https:\/\/www.yorku.ca\/housing\/wp-content\/uploads\/sites\/57\/2022\/04\/DSC_2189_90_91-2048x1364.jpg 2048w\" sizes=\"auto, (max-width: 1024px) 100vw, 1024px\" \/><\/figure>\n\n\n\n<div class=\"wp-block-group card-body\"><div class=\"wp-block-group__inner-container is-layout-flow wp-block-group-is-layout-flow\">\n<h2 class=\"card-title h5 wp-block-heading\">Vous voulez en savoir plus sur Glendon ?<\/h2>\n\n\n\n<p class=\"card-text\">Nous vous encourageons \u00e9galement \u00e0 planifier une visite du campus avec notre \u00e9quipe d'admission et de recrutement.<\/p>\n\n\n\n<p class=\"text-uppercase\"><a href=\"https:\/\/www.yorku.ca\">Visite du campus<\/a><\/p>\n<\/div><\/div>\n<\/div>\n\n\n\n<div class=\"wp-block-column card rounded-0 bg-white is-layout-flow wp-block-column-is-layout-flow\">\n<figure class=\"wp-block-image size-large\"><img loading=\"lazy\" decoding=\"async\" width=\"1024\" height=\"682\" src=\"https:\/\/www.yorku.ca\/housing\/wp-content\/uploads\/sites\/57\/2021\/02\/DSC_2006_7_9-1024x682.jpg\" alt=\"\" class=\"wp-image-1918\" srcset=\"https:\/\/www.yorku.ca\/housing\/wp-content\/uploads\/sites\/57\/2021\/02\/DSC_2006_7_9-1024x682.jpg 1024w, https:\/\/www.yorku.ca\/housing\/wp-content\/uploads\/sites\/57\/2021\/02\/DSC_2006_7_9-300x200.jpg 300w, https:\/\/www.yorku.ca\/housing\/wp-content\/uploads\/sites\/57\/2021\/02\/DSC_2006_7_9-1536x1023.jpg 1536w, https:\/\/www.yorku.ca\/housing\/wp-content\/uploads\/sites\/57\/2021\/02\/DSC_2006_7_9-2048x1364.jpg 2048w\" sizes=\"auto, (max-width: 1024px) 100vw, 1024px\" \/><\/figure>\n\n\n\n<div class=\"wp-block-group card-body\"><div class=\"wp-block-group__inner-container is-layout-flow wp-block-group-is-layout-flow\">\n<h2 class=\"card-title h5 wp-block-heading\">Venez visiter la r\u00e9sidence !<\/h2>\n\n\n\n<p>Soumettez vos demandes de visite de r\u00e9sidence ici. Avant votre arriv\u00e9e, nous vous encourageons \u00e0 explorer nos profils de r\u00e9sidence et notre visite virtuelle.<\/p>\n\n\n\n<p class=\"text-uppercase\"><a rel=\"noreferrer noopener\" href=\"https:\/\/glendonhousing.apps01.yorku.ca\/machform\/view.php?id=36955\" target=\"_blank\">Visite de r\u00e9sidence<\/a><\/p>\n<\/div><\/div>\n<\/div>\n<\/div>\n\n\n\n<div style=\"height:15px\" aria-hidden=\"true\" class=\"wp-block-spacer\"><\/div>\n\n\n\n<h2 class=\"wp-block-heading\">Informations sur la visite de la r\u00e9sidence<\/h2>\n\n\n\n<p>Votre visite commencera dans le hall de la r\u00e9sidence Hilliard et comprendra une br\u00e8ve promenade \u00e0 l'ext\u00e9rieur entre les r\u00e9sidences. La r\u00e9sidence Hilliard est un b\u00e2timent enti\u00e8rement accessible avec ascenseur. La r\u00e9sidence Wood est partiellement accessible, mais il n'y a pas d'ascenseur. Si vous avez des probl\u00e8mes de mobilit\u00e9, veuillez nous contacter avant votre visite.<\/p>\n\n\n\n<p>Il se peut que d'autres personnes se joignent \u00e0 vous lors de votre visite. Ne vous inqui\u00e9tez pas - c'est l'occasion pour vous de rencontrer d'autres \u00e9tudiants int\u00e9ress\u00e9s par Glendon. Notre guide fera de son mieux pour r\u00e9pondre \u00e0 toutes vos questions, mais les questions sp\u00e9cifiques \u00e0 votre candidature ou \u00e0 votre profil d'\u00e9tudiant sont consid\u00e9r\u00e9es comme confidentielles et il ne sera pas r\u00e9pondu \u00e0 ces questions lors de la visite de groupe.<\/p>\n\n\n\n<div style=\"height:40px\" aria-hidden=\"true\" class=\"wp-block-spacer\"><\/div>\n\n\n\n<div class=\"wp-block-columns is-layout-flex wp-container-core-columns-is-layout-5 wp-block-columns-is-layout-flex\">\n<div class=\"wp-block-column is-layout-flow wp-block-column-is-layout-flow\">\n<div class=\"wp-block-columns is-layout-flex wp-container-core-columns-is-layout-2 wp-block-columns-is-layout-flex\">\n<div class=\"wp-block-column is-layout-flow wp-block-column-is-layout-flow\" style=\"flex-basis:33.33%\">\n<figure class=\"wp-block-image size-full\"><img decoding=\"async\" src=\"https:\/\/www.yorku.ca\/housing\/wp-content\/uploads\/sites\/9\/2020\/07\/ChevRi_sr_rgb_x2.png\" alt=\"\" class=\"wp-image-9000001357\"\/><\/figure>\n\n\n\n<p><\/p>\n<\/div>\n\n\n\n<div class=\"wp-block-column is-layout-flow wp-block-column-is-layout-flow\" style=\"flex-basis:66.66%\">\n<h3 class=\"h6 wp-block-heading\">Tour virtuel<\/h3>\n\n\n\n<p>Voir la visite virtuelle de Glendon<a rel=\"noreferrer noopener\" href=\"https:\/\/odyssey3d-inc.captur3d.io\/view\/glendon\/virtual-tour\" target=\"_blank\"> ici<\/a>. Voir nos profils de r\u00e9sidence <a rel=\"noreferrer noopener\" href=\"https:\/\/www.yorku.ca\/housing\/glendon\/residence-profiles\/\" target=\"_blank\">ici<\/a>.<\/p>\n<\/div>\n<\/div>\n<\/div>\n\n\n\n<div class=\"wp-block-column is-layout-flow wp-block-column-is-layout-flow\">\n<div class=\"wp-block-columns is-layout-flex wp-container-core-columns-is-layout-3 wp-block-columns-is-layout-flex\">\n<div class=\"wp-block-column is-layout-flow wp-block-column-is-layout-flow\" style=\"flex-basis:33.33%\">\n<figure class=\"wp-block-image size-full\"><img decoding=\"async\" src=\"https:\/\/www.yorku.ca\/housing\/wp-content\/uploads\/sites\/9\/2020\/07\/ChevRi_sr_rgb_x2.png\" alt=\"\" class=\"wp-image-9000001357\"\/><\/figure>\n<\/div>\n\n\n\n<div class=\"wp-block-column is-layout-flow wp-block-column-is-layout-flow\" style=\"flex-basis:66.66%\">\n<h3 class=\"h6 wp-block-heading\">Carte du campus<\/h3>\n\n\n\n<p>Consultez notre carte du campus et obtenez les directions vers notre campus <a href=\"https:\/\/www.glendon.yorku.ca\/about\/fr\/directions-routieres\/\" target=\"_blank\" rel=\"noreferrer noopener\">ici<\/a>.<\/p>\n<\/div>\n<\/div>\n<\/div>\n\n\n\n<div class=\"wp-block-column is-layout-flow wp-block-column-is-layout-flow\">\n<div class=\"wp-block-columns is-layout-flex wp-container-core-columns-is-layout-4 wp-block-columns-is-layout-flex\">\n<div class=\"wp-block-column is-layout-flow wp-block-column-is-layout-flow\" style=\"flex-basis:33.33%\">\n<figure class=\"wp-block-image size-full\"><img decoding=\"async\" src=\"https:\/\/www.yorku.ca\/housing\/wp-content\/uploads\/sites\/9\/2020\/07\/ChevRi_sr_rgb_x2.png\" alt=\"\" class=\"wp-image-9000001357\"\/><\/figure>\n<\/div>\n\n\n\n<div class=\"wp-block-column is-layout-flow wp-block-column-is-layout-flow\" style=\"flex-basis:66.66%\">\n<h3 class=\"h6 wp-block-heading\">Contactez-nous<\/h3>\n\n\n\n<p>Avez-vous des questions? Envoyez-nous un <a href=\"mailto:residence@glendon.yorku.ca\">e-mai<\/a>l et nous serons heureux de vous aider !<\/p>\n<\/div>\n<\/div>\n<\/div>\n<\/div>\n\n\n\n<div style=\"height:25px\" aria-hidden=\"true\" class=\"wp-block-spacer\"><\/div>\n","protected":false},"excerpt":{"rendered":"<p>\u00cates-vous int\u00e9ress\u00e9 \u00e0 d\u00e9couvrir nos r\u00e9sidences \u00e0 Glendon ? Les services de residence de Glendon offrent des visites de r\u00e9sidence pendant les mois d'\u00e9t\u00e9 afin que les futurs et nouveaux \u00e9tudiants puissent en apprendre davantage sur nos installations. Bien que nous ne puissions pas garantir qu'une chambre sp\u00e9cifique sera disponible pour la visite, nous ferons [&hellip;]<\/p>\n","protected":false},"author":1105,"featured_media":0,"parent":757,"menu_order":0,"comment_status":"closed","ping_status":"closed","template":"","meta":{"_kad_blocks_custom_css":"","_kad_blocks_head_custom_js":"","_kad_blocks_body_custom_js":"","_kad_blocks_footer_custom_js":"","ngg_post_thumbnail":0,"footnotes":""},"tags":[],"class_list":["post-3119","page","type-page","status-publish","hentry"],"yoast_head":"<!-- This site is optimized with the Yoast SEO plugin v24.0 - https:\/\/yoast.com\/wordpress\/plugins\/seo\/ -->\n<title>Visites des r\u00e9sidences - Housing &amp; Conference Services<\/title>\n<meta name=\"robots\" content=\"index, follow, max-snippet:-1, max-image-preview:large, max-video-preview:-1\" \/>\n<link rel=\"canonical\" href=\"https:\/\/www.yorku.ca\/housing\/glendon\/glendon-residence-tours\/\" \/>\n<meta property=\"og:locale\" content=\"en_US\" \/>\n<meta property=\"og:type\" content=\"article\" \/>\n<meta property=\"og:title\" content=\"Visites des r\u00e9sidences - Housing &amp; Conference Services\" \/>\n<meta property=\"og:description\" content=\"\u00cates-vous int\u00e9ress\u00e9 \u00e0 d\u00e9couvrir nos r\u00e9sidences \u00e0 Glendon ? Les services de residence de Glendon offrent des visites de r\u00e9sidence pendant les mois d&#039;\u00e9t\u00e9 afin que les futurs et nouveaux \u00e9tudiants puissent en apprendre davantage sur nos installations. Bien que nous ne puissions pas garantir qu&#039;une chambre sp\u00e9cifique sera disponible pour la visite, nous ferons [&hellip;]\" \/>\n<meta property=\"og:url\" content=\"https:\/\/www.yorku.ca\/housing\/glendon\/glendon-residence-tours\/\" \/>\n<meta property=\"og:site_name\" content=\"Housing &amp; Conference Services\" \/>\n<meta property=\"article:modified_time\" content=\"2022-04-28T20:03:37+00:00\" \/>\n<meta property=\"og:image\" content=\"https:\/\/www.yorku.ca\/housing\/wp-content\/uploads\/sites\/57\/2022\/04\/glendon_group2-scaled.jpg\" \/>\n\t<meta property=\"og:image:width\" content=\"1995\" \/>\n\t<meta property=\"og:image:height\" content=\"2560\" \/>\n\t<meta property=\"og:image:type\" content=\"image\/jpeg\" \/>\n<meta name=\"twitter:card\" content=\"summary_large_image\" \/>\n<meta name=\"twitter:label1\" content=\"Est. reading time\" \/>\n\t<meta name=\"twitter:data1\" content=\"2 minutes\" \/>\n<script type=\"application\/ld+json\" class=\"yoast-schema-graph\">{\"@context\":\"https:\/\/schema.org\",\"@graph\":[{\"@type\":\"WebPage\",\"@id\":\"https:\/\/www.yorku.ca\/housing\/glendon\/glendon-residence-tours\/\",\"url\":\"https:\/\/www.yorku.ca\/housing\/glendon\/glendon-residence-tours\/\",\"name\":\"Visites des r\u00e9sidences - Housing &amp; Conference Services\",\"isPartOf\":{\"@id\":\"https:\/\/www.yorku.ca\/housing\/#website\"},\"primaryImageOfPage\":{\"@id\":\"https:\/\/www.yorku.ca\/housing\/glendon\/glendon-residence-tours\/#primaryimage\"},\"image\":{\"@id\":\"https:\/\/www.yorku.ca\/housing\/glendon\/glendon-residence-tours\/#primaryimage\"},\"thumbnailUrl\":\"https:\/\/www.yorku.ca\/housing\/wp-content\/uploads\/sites\/57\/2022\/04\/glendon_group2-scaled.jpg\",\"datePublished\":\"2022-04-28T20:03:16+00:00\",\"dateModified\":\"2022-04-28T20:03:37+00:00\",\"breadcrumb\":{\"@id\":\"https:\/\/www.yorku.ca\/housing\/glendon\/glendon-residence-tours\/#breadcrumb\"},\"inLanguage\":\"en-US\",\"potentialAction\":[{\"@type\":\"ReadAction\",\"target\":[\"https:\/\/www.yorku.ca\/housing\/glendon\/glendon-residence-tours\/\"]}]},{\"@type\":\"ImageObject\",\"inLanguage\":\"en-US\",\"@id\":\"https:\/\/www.yorku.ca\/housing\/glendon\/glendon-residence-tours\/#primaryimage\",\"url\":\"https:\/\/www.yorku.ca\/housing\/wp-content\/uploads\/sites\/57\/2022\/04\/glendon_group2-scaled.jpg\",\"contentUrl\":\"https:\/\/www.yorku.ca\/housing\/wp-content\/uploads\/sites\/57\/2022\/04\/glendon_group2-scaled.jpg\",\"width\":1995,\"height\":2560},{\"@type\":\"BreadcrumbList\",\"@id\":\"https:\/\/www.yorku.ca\/housing\/glendon\/glendon-residence-tours\/#breadcrumb\",\"itemListElement\":[{\"@type\":\"ListItem\",\"position\":1,\"name\":\"Home\",\"item\":\"https:\/\/www.yorku.ca\/housing\/\"},{\"@type\":\"ListItem\",\"position\":2,\"name\":\"R\u00e9sidences Glendon\",\"item\":\"https:\/\/www.yorku.ca\/housing\/glendon\/\"},{\"@type\":\"ListItem\",\"position\":3,\"name\":\"Visites des r\u00e9sidences\"}]},{\"@type\":\"WebSite\",\"@id\":\"https:\/\/www.yorku.ca\/housing\/#website\",\"url\":\"https:\/\/www.yorku.ca\/housing\/\",\"name\":\"Housing &amp; Conference Services\",\"description\":\"\",\"potentialAction\":[{\"@type\":\"SearchAction\",\"target\":{\"@type\":\"EntryPoint\",\"urlTemplate\":\"https:\/\/www.yorku.ca\/housing\/?s={search_term_string}\"},\"query-input\":{\"@type\":\"PropertyValueSpecification\",\"valueRequired\":true,\"valueName\":\"search_term_string\"}}],\"inLanguage\":\"en-US\"}]}<\/script>\n<!-- \/ Yoast SEO plugin. -->","yoast_head_json":{"title":"Visites des r\u00e9sidences - Housing &amp; Conference Services","robots":{"index":"index","follow":"follow","max-snippet":"max-snippet:-1","max-image-preview":"max-image-preview:large","max-video-preview":"max-video-preview:-1"},"canonical":"https:\/\/www.yorku.ca\/housing\/glendon\/glendon-residence-tours\/","og_locale":"en_US","og_type":"article","og_title":"Visites des r\u00e9sidences - Housing &amp; Conference Services","og_description":"\u00cates-vous int\u00e9ress\u00e9 \u00e0 d\u00e9couvrir nos r\u00e9sidences \u00e0 Glendon ? Les services de residence de Glendon offrent des visites de r\u00e9sidence pendant les mois d'\u00e9t\u00e9 afin que les futurs et nouveaux \u00e9tudiants puissent en apprendre davantage sur nos installations. Bien que nous ne puissions pas garantir qu'une chambre sp\u00e9cifique sera disponible pour la visite, nous ferons [&hellip;]","og_url":"https:\/\/www.yorku.ca\/housing\/glendon\/glendon-residence-tours\/","og_site_name":"Housing &amp; Conference Services","article_modified_time":"2022-04-28T20:03:37+00:00","og_image":[{"width":1995,"height":2560,"url":"https:\/\/www.yorku.ca\/housing\/wp-content\/uploads\/sites\/57\/2022\/04\/glendon_group2-scaled.jpg","type":"image\/jpeg"}],"twitter_card":"summary_large_image","twitter_misc":{"Est. reading time":"2 minutes"},"schema":{"@context":"https:\/\/schema.org","@graph":[{"@type":"WebPage","@id":"https:\/\/www.yorku.ca\/housing\/glendon\/glendon-residence-tours\/","url":"https:\/\/www.yorku.ca\/housing\/glendon\/glendon-residence-tours\/","name":"Visites des r\u00e9sidences - Housing &amp; Conference Services","isPartOf":{"@id":"https:\/\/www.yorku.ca\/housing\/#website"},"primaryImageOfPage":{"@id":"https:\/\/www.yorku.ca\/housing\/glendon\/glendon-residence-tours\/#primaryimage"},"image":{"@id":"https:\/\/www.yorku.ca\/housing\/glendon\/glendon-residence-tours\/#primaryimage"},"thumbnailUrl":"https:\/\/www.yorku.ca\/housing\/wp-content\/uploads\/sites\/57\/2022\/04\/glendon_group2-scaled.jpg","datePublished":"2022-04-28T20:03:16+00:00","dateModified":"2022-04-28T20:03:37+00:00","breadcrumb":{"@id":"https:\/\/www.yorku.ca\/housing\/glendon\/glendon-residence-tours\/#breadcrumb"},"inLanguage":"en-US","potentialAction":[{"@type":"ReadAction","target":["https:\/\/www.yorku.ca\/housing\/glendon\/glendon-residence-tours\/"]}]},{"@type":"ImageObject","inLanguage":"en-US","@id":"https:\/\/www.yorku.ca\/housing\/glendon\/glendon-residence-tours\/#primaryimage","url":"https:\/\/www.yorku.ca\/housing\/wp-content\/uploads\/sites\/57\/2022\/04\/glendon_group2-scaled.jpg","contentUrl":"https:\/\/www.yorku.ca\/housing\/wp-content\/uploads\/sites\/57\/2022\/04\/glendon_group2-scaled.jpg","width":1995,"height":2560},{"@type":"BreadcrumbList","@id":"https:\/\/www.yorku.ca\/housing\/glendon\/glendon-residence-tours\/#breadcrumb","itemListElement":[{"@type":"ListItem","position":1,"name":"Home","item":"https:\/\/www.yorku.ca\/housing\/"},{"@type":"ListItem","position":2,"name":"R\u00e9sidences Glendon","item":"https:\/\/www.yorku.ca\/housing\/glendon\/"},{"@type":"ListItem","position":3,"name":"Visites des r\u00e9sidences"}]},{"@type":"WebSite","@id":"https:\/\/www.yorku.ca\/housing\/#website","url":"https:\/\/www.yorku.ca\/housing\/","name":"Housing &amp; Conference Services","description":"","potentialAction":[{"@type":"SearchAction","target":{"@type":"EntryPoint","urlTemplate":"https:\/\/www.yorku.ca\/housing\/?s={search_term_string}"},"query-input":{"@type":"PropertyValueSpecification","valueRequired":true,"valueName":"search_term_string"}}],"inLanguage":"en-US"}]}},"taxonomy_info":[],"featured_image_src_large":false,"author_info":{"display_name":"gagliap","author_link":"https:\/\/www.yorku.ca\/housing\/author\/gagliap\/"},"comment_info":"","_links":{"self":[{"href":"https:\/\/www.yorku.ca\/housing\/wp-json\/wp\/v2\/pages\/3119","targetHints":{"allow":["GET"]}}],"collection":[{"href":"https:\/\/www.yorku.ca\/housing\/wp-json\/wp\/v2\/pages"}],"about":[{"href":"https:\/\/www.yorku.ca\/housing\/wp-json\/wp\/v2\/types\/page"}],"author":[{"embeddable":true,"href":"https:\/\/www.yorku.ca\/housing\/wp-json\/wp\/v2\/users\/1105"}],"replies":[{"embeddable":true,"href":"https:\/\/www.yorku.ca\/housing\/wp-json\/wp\/v2\/comments?post=3119"}],"version-history":[{"count":4,"href":"https:\/\/www.yorku.ca\/housing\/wp-json\/wp\/v2\/pages\/3119\/revisions"}],"predecessor-version":[{"id":3482,"href":"https:\/\/www.yorku.ca\/housing\/wp-json\/wp\/v2\/pages\/3119\/revisions\/3482"}],"up":[{"embeddable":true,"href":"https:\/\/www.yorku.ca\/housing\/wp-json\/wp\/v2\/pages\/757"}],"wp:attachment":[{"href":"https:\/\/www.yorku.ca\/housing\/wp-json\/wp\/v2\/media?parent=3119"}],"wp:term":[{"taxonomy":"post_tag","embeddable":true,"href":"https:\/\/www.yorku.ca\/housing\/wp-json\/wp\/v2\/tags?post=3119"}],"curies":[{"name":"wp","href":"https:\/\/api.w.org\/{rel}","templated":true}]}}