  {"id":175,"date":"2020-07-16T10:32:36","date_gmt":"2020-07-16T14:32:36","guid":{"rendered":"https:\/\/www.yorku.ca\/international\/?page_id=175"},"modified":"2020-07-16T10:32:36","modified_gmt":"2020-07-16T14:32:36","slug":"page-de-garde","status":"publish","type":"page","link":"https:\/\/www.yorku.ca\/global-engagement\/page-de-garde\/?lang=fr","title":{"rendered":"Page de garde"},"content":{"rendered":"\n<div class=\"wp-block-group text-right\"><div class=\"wp-block-group__inner-container is-layout-flow wp-block-group-is-layout-flow\">\n<div class=\"wpml-ls-statics-shortcode_actions wpml-ls wpml-ls-legacy-list-horizontal\">\n\t<ul><li class=\"wpml-ls-slot-shortcode_actions wpml-ls-item wpml-ls-item-fr wpml-ls-first-item wpml-ls-last-item wpml-ls-item-legacy-list-horizontal\">\n\t\t\t\t<a href=\"https:\/\/www.yorku.ca\/global-engagement\/?lang=fr\" class=\"wpml-ls-link\">\n                    <span class=\"wpml-ls-native\" lang=\"fr\">Fran\u00e7ais<\/span><\/a>\n\t\t\t<\/li><\/ul>\n<\/div>\n\n<\/div><\/div>\n\n\n\n<p>Ce site utilise le th\u00e8me r\u00e9actif New York Template 2020.<\/p>\n\n\n\n<h2 class=\"wp-block-heading\">Avant que tu commences<\/h2>\n\n\n\n<p>Assurez-vous de consulter les <a href=\"https:\/\/translate.googleusercontent.com\/translate_c?depth=1&amp;pto=aue&amp;rurl=translate.google.com&amp;sl=en&amp;sp=nmt4&amp;tl=fr&amp;u=https:\/\/www.yorku.ca\/digitalexperiencehub\/modules-library\/&amp;usg=ALkJrhjI6RS4Xm--kaBaXoQ4pRk2jWSxQg\">directives des modules d'<\/a> accompagnement sur le site Web Toolbox (nous pouvons ajouter un lien hypertexte vers la page de la biblioth\u00e8que de modules) pour comprendre les options et les conditions d'utilisation du mod\u00e8le, ainsi que les instructions sur la fa\u00e7on de modifier des \u00e9l\u00e9ments sur votre site Web.<\/p>\n\n\n\n<p>Tous les sites Web de York doivent se conformer aux exigences d'accessibilit\u00e9 Web de la Loi sur l'accessibilit\u00e9 pour les personnes handicap\u00e9es de l'Ontario (LAPHO). Des informations sur les exigences et les ressources sont disponibles sur le <a href=\"https:\/\/translate.googleusercontent.com\/translate_c?depth=1&amp;pto=aue&amp;rurl=translate.google.com&amp;sl=en&amp;sp=nmt4&amp;tl=fr&amp;u=https:\/\/aodaweb.info.yorku.ca\/&amp;usg=ALkJrhhO8F4cMkl07kRnmlBr_1tCc8ah8A\">site Web de<\/a> l' <a href=\"https:\/\/translate.googleusercontent.com\/translate_c?depth=1&amp;pto=aue&amp;rurl=translate.google.com&amp;sl=en&amp;sp=nmt4&amp;tl=fr&amp;u=https:\/\/aodaweb.info.yorku.ca\/&amp;usg=ALkJrhhO8F4cMkl07kRnmlBr_1tCc8ah8A\">AODA sur l'accessibilit\u00e9<\/a> \u00e0 York. (Ajoutez l'hyperlien AODA ici)<\/p>\n\n\n\n<h2 class=\"wp-block-heading\">Premiers pas<\/h2>\n\n\n\n<p>Cliquez sur le lien Modifier pour apporter des modifications \u00e0 cette page ou sur le lien Ajouter un nouveau pour ajouter une autre page.<\/p>\n\n\n\n<p>Une fois que vous avez cr\u00e9\u00e9 certaines pages, pour cr\u00e9er votre navigation sur le site, reportez-vous \u00e0 la page Navigation sur le site sur le site Web Toolbox. (Nous pouvons cr\u00e9er cette page sur la nouvelle bo\u00eete \u00e0 outils Web et l'hyperlier)<\/p>\n\n\n\n<h2 class=\"wp-block-heading\">Besoin d'aide?<\/h2>\n\n\n\n<p>Si vous avez besoin d'aide avec le th\u00e8me York Template 2020, veuillez contacter le service d'assistance informatique \u00e0&nbsp; <a href=\"mailto:askit@yorku.ca\" target=\"_blank\" rel=\"noreferrer noopener\">askit@yorku.ca<\/a> . Pour obtenir de l'aide sur l'image de marque et les \u00e9l\u00e9ments visuels tels que la photographie, veuillez communiquer avec les services de marketing et de cr\u00e9ation \u00e0&nbsp; <a href=\"mailto:mcserv@yorku.ca\" target=\"_blank\" rel=\"noreferrer noopener\">mcserv@yorku.ca<\/a> .<\/p>\n\n\n\n<p>Pour les avis sur les mises \u00e0 jour, les pannes et d'autres informations sur WordPress, veuillez consulter le tableau de bord WordPress.<\/p>\n","protected":false},"excerpt":{"rendered":"<p>Ce site utilise le th\u00e8me r\u00e9actif New York Template 2020. Avant que tu commences Assurez-vous de consulter les directives des modules d' accompagnement sur le site Web Toolbox (nous pouvons ajouter un lien hypertexte vers la page de la biblioth\u00e8que de modules) pour comprendre les options et les conditions d'utilisation du mod\u00e8le, ainsi que les [&hellip;]<\/p>\n","protected":false},"author":2,"featured_media":0,"parent":0,"menu_order":0,"comment_status":"closed","ping_status":"closed","template":"","meta":{"_kad_blocks_custom_css":"","_kad_blocks_head_custom_js":"","_kad_blocks_body_custom_js":"","_kad_blocks_footer_custom_js":"","footnotes":""},"tags":[],"class_list":["post-175","page","type-page","status-publish","hentry"],"yoast_head":"<!-- This site is optimized with the Yoast SEO plugin v24.0 - https:\/\/yoast.com\/wordpress\/plugins\/seo\/ -->\n<title>Page de garde - Global Engagement<\/title>\n<meta name=\"robots\" content=\"index, follow, max-snippet:-1, max-image-preview:large, max-video-preview:-1\" \/>\n<link rel=\"canonical\" href=\"https:\/\/www.yorku.ca\/global-engagement\/\" \/>\n<meta property=\"og:locale\" content=\"en_US\" \/>\n<meta property=\"og:type\" content=\"article\" \/>\n<meta property=\"og:title\" content=\"Page de garde - Global Engagement\" \/>\n<meta property=\"og:description\" content=\"Ce site utilise le th\u00e8me r\u00e9actif New York Template 2020. Avant que tu commences Assurez-vous de consulter les directives des modules d&#039; accompagnement sur le site Web Toolbox (nous pouvons ajouter un lien hypertexte vers la page de la biblioth\u00e8que de modules) pour comprendre les options et les conditions d&#039;utilisation du mod\u00e8le, ainsi que les [&hellip;]\" \/>\n<meta property=\"og:url\" content=\"https:\/\/www.yorku.ca\/global-engagement\/\" \/>\n<meta property=\"og:site_name\" content=\"Global Engagement\" \/>\n<meta name=\"twitter:card\" content=\"summary_large_image\" \/>\n<meta name=\"twitter:label1\" content=\"Est. reading time\" \/>\n\t<meta name=\"twitter:data1\" content=\"1 minute\" \/>\n<script type=\"application\/ld+json\" class=\"yoast-schema-graph\">{\"@context\":\"https:\/\/schema.org\",\"@graph\":[{\"@type\":\"WebPage\",\"@id\":\"https:\/\/www.yorku.ca\/global-engagement\/\",\"url\":\"https:\/\/www.yorku.ca\/global-engagement\/\",\"name\":\"Page de garde - Global Engagement\",\"isPartOf\":{\"@id\":\"https:\/\/www.yorku.ca\/global-engagement\/#website\"},\"datePublished\":\"2020-07-16T14:32:36+00:00\",\"dateModified\":\"2020-07-16T14:32:36+00:00\",\"breadcrumb\":{\"@id\":\"https:\/\/www.yorku.ca\/global-engagement\/#breadcrumb\"},\"inLanguage\":\"en-US\",\"potentialAction\":[{\"@type\":\"ReadAction\",\"target\":[\"https:\/\/www.yorku.ca\/global-engagement\/\"]}]},{\"@type\":\"BreadcrumbList\",\"@id\":\"https:\/\/www.yorku.ca\/global-engagement\/#breadcrumb\",\"itemListElement\":[{\"@type\":\"ListItem\",\"position\":1,\"name\":\"Home\",\"item\":\"https:\/\/www.yorku.ca\/global-engagement\/\"},{\"@type\":\"ListItem\",\"position\":2,\"name\":\"Page de garde\"}]},{\"@type\":\"WebSite\",\"@id\":\"https:\/\/www.yorku.ca\/global-engagement\/#website\",\"url\":\"https:\/\/www.yorku.ca\/global-engagement\/\",\"name\":\"Global Engagement\",\"description\":\"\",\"potentialAction\":[{\"@type\":\"SearchAction\",\"target\":{\"@type\":\"EntryPoint\",\"urlTemplate\":\"https:\/\/www.yorku.ca\/global-engagement\/?s={search_term_string}\"},\"query-input\":{\"@type\":\"PropertyValueSpecification\",\"valueRequired\":true,\"valueName\":\"search_term_string\"}}],\"inLanguage\":\"en-US\"}]}<\/script>\n<!-- \/ Yoast SEO plugin. -->","yoast_head_json":{"title":"Page de garde - Global Engagement","robots":{"index":"index","follow":"follow","max-snippet":"max-snippet:-1","max-image-preview":"max-image-preview:large","max-video-preview":"max-video-preview:-1"},"canonical":"https:\/\/www.yorku.ca\/global-engagement\/","og_locale":"en_US","og_type":"article","og_title":"Page de garde - Global Engagement","og_description":"Ce site utilise le th\u00e8me r\u00e9actif New York Template 2020. Avant que tu commences Assurez-vous de consulter les directives des modules d' accompagnement sur le site Web Toolbox (nous pouvons ajouter un lien hypertexte vers la page de la biblioth\u00e8que de modules) pour comprendre les options et les conditions d'utilisation du mod\u00e8le, ainsi que les [&hellip;]","og_url":"https:\/\/www.yorku.ca\/global-engagement\/","og_site_name":"Global Engagement","twitter_card":"summary_large_image","twitter_misc":{"Est. reading time":"1 minute"},"schema":{"@context":"https:\/\/schema.org","@graph":[{"@type":"WebPage","@id":"https:\/\/www.yorku.ca\/global-engagement\/","url":"https:\/\/www.yorku.ca\/global-engagement\/","name":"Page de garde - Global Engagement","isPartOf":{"@id":"https:\/\/www.yorku.ca\/global-engagement\/#website"},"datePublished":"2020-07-16T14:32:36+00:00","dateModified":"2020-07-16T14:32:36+00:00","breadcrumb":{"@id":"https:\/\/www.yorku.ca\/global-engagement\/#breadcrumb"},"inLanguage":"en-US","potentialAction":[{"@type":"ReadAction","target":["https:\/\/www.yorku.ca\/global-engagement\/"]}]},{"@type":"BreadcrumbList","@id":"https:\/\/www.yorku.ca\/global-engagement\/#breadcrumb","itemListElement":[{"@type":"ListItem","position":1,"name":"Home","item":"https:\/\/www.yorku.ca\/global-engagement\/"},{"@type":"ListItem","position":2,"name":"Page de garde"}]},{"@type":"WebSite","@id":"https:\/\/www.yorku.ca\/global-engagement\/#website","url":"https:\/\/www.yorku.ca\/global-engagement\/","name":"Global Engagement","description":"","potentialAction":[{"@type":"SearchAction","target":{"@type":"EntryPoint","urlTemplate":"https:\/\/www.yorku.ca\/global-engagement\/?s={search_term_string}"},"query-input":{"@type":"PropertyValueSpecification","valueRequired":true,"valueName":"search_term_string"}}],"inLanguage":"en-US"}]}},"taxonomy_info":[],"featured_image_src_large":false,"author_info":{"display_name":"Alice","author_link":"https:\/\/www.yorku.ca\/global-engagement\/author\/alicet\/"},"comment_info":"","_links":{"self":[{"href":"https:\/\/www.yorku.ca\/global-engagement\/wp-json\/wp\/v2\/pages\/175","targetHints":{"allow":["GET"]}}],"collection":[{"href":"https:\/\/www.yorku.ca\/global-engagement\/wp-json\/wp\/v2\/pages"}],"about":[{"href":"https:\/\/www.yorku.ca\/global-engagement\/wp-json\/wp\/v2\/types\/page"}],"author":[{"embeddable":true,"href":"https:\/\/www.yorku.ca\/global-engagement\/wp-json\/wp\/v2\/users\/2"}],"replies":[{"embeddable":true,"href":"https:\/\/www.yorku.ca\/global-engagement\/wp-json\/wp\/v2\/comments?post=175"}],"version-history":[{"count":1,"href":"https:\/\/www.yorku.ca\/global-engagement\/wp-json\/wp\/v2\/pages\/175\/revisions"}],"predecessor-version":[{"id":176,"href":"https:\/\/www.yorku.ca\/global-engagement\/wp-json\/wp\/v2\/pages\/175\/revisions\/176"}],"wp:attachment":[{"href":"https:\/\/www.yorku.ca\/global-engagement\/wp-json\/wp\/v2\/media?parent=175"}],"wp:term":[{"taxonomy":"post_tag","embeddable":true,"href":"https:\/\/www.yorku.ca\/global-engagement\/wp-json\/wp\/v2\/tags?post=175"}],"curies":[{"name":"wp","href":"https:\/\/api.w.org\/{rel}","templated":true}]}}