  {"id":9809,"date":"2022-11-14T15:55:36","date_gmt":"2022-11-14T20:55:36","guid":{"rendered":"https:\/\/www.yorku.ca\/glendon\/current-students\/yfs-health-and-dental-plan\/"},"modified":"2024-06-19T15:32:05","modified_gmt":"2024-06-19T19:32:05","slug":"yfs-health-and-dental-plan","status":"publish","type":"page","link":"https:\/\/www.yorku.ca\/glendon\/current-students\/yfs-health-and-dental-plan\/?lang=fr","title":{"rendered":"R\u00e9gime de soins m\u00e9dicaux et dentaires de la FEY"},"content":{"rendered":"\n<div class=\"wp-block-columns is-layout-flex wp-container-core-columns-is-layout-1 wp-block-columns-is-layout-flex\">\n<div class=\"wp-block-column is-layout-flow wp-block-column-is-layout-flow\">\n<figure class=\"wp-block-image size-large\"><img loading=\"lazy\" decoding=\"async\" width=\"1024\" height=\"768\" src=\"https:\/\/www.yorku.ca\/glendon\/wp-content\/uploads\/sites\/508\/2022\/11\/caroline-lm-m-4tYmtLlI-unsplash-1024x768.jpg\" alt=\"\" class=\"wp-image-9797\" srcset=\"https:\/\/www.yorku.ca\/glendon\/wp-content\/uploads\/sites\/508\/2022\/11\/caroline-lm-m-4tYmtLlI-unsplash-1024x768.jpg 1024w, https:\/\/www.yorku.ca\/glendon\/wp-content\/uploads\/sites\/508\/2022\/11\/caroline-lm-m-4tYmtLlI-unsplash-400x300.jpg 400w, https:\/\/www.yorku.ca\/glendon\/wp-content\/uploads\/sites\/508\/2022\/11\/caroline-lm-m-4tYmtLlI-unsplash-1536x1152.jpg 1536w, https:\/\/www.yorku.ca\/glendon\/wp-content\/uploads\/sites\/508\/2022\/11\/caroline-lm-m-4tYmtLlI-unsplash-2048x1536.jpg 2048w\" sizes=\"auto, (max-width: 1024px) 100vw, 1024px\" \/><\/figure>\n<\/div>\n\n\n\n<div class=\"wp-block-column is-layout-flow wp-block-column-is-layout-flow\">\n<p>La F\u00e9d\u00e9ration des \u00e9tudiants de York (FEY) offre \u00e0 la communaut\u00e9 \u00e9tudiante un r\u00e9gime de soins m\u00e9dicaux&nbsp;et dentaires tr\u00e8s complets \u00e0 un faible co\u00fbt. La plupart des \u00e9tudiants et \u00e9tudiantes de premier cycle \u00e0 temps plein sont&nbsp;<strong>automatiquement<\/strong>&nbsp;inscrits au r\u00e9gime, mais nous leur recommandons fortement de v\u00e9rifier leur relev\u00e9 de compte \u00e9tudiant pour confirmer leur inscription avant de suivre des traitements ou d\u2019acheter des services et des m\u00e9dicaments.&nbsp;<\/p>\n\n\n\n<p>Si vous avez une assurance comparable avec votre emploi ou vos parents, vous pouvez coordonner vos demandes de remboursement ou renoncer au r\u00e9gime.<\/p>\n\n\n\n<p>&nbsp;Pour plus d\u2019informations sur le r\u00e9gime de soins m\u00e9dicaux et dentaires, visitez le <a href=\"http:\/\/www.yfs.ca\/healthplan\">site Web<\/a> de la F\u00e9d\u00e9ration des \u00e9tudiants de York. <\/p>\n<\/div>\n<\/div>\n","protected":false},"excerpt":{"rendered":"<p>La F\u00e9d\u00e9ration des \u00e9tudiants de York (FEY) offre \u00e0 la communaut\u00e9 \u00e9tudiante un r\u00e9gime de soins m\u00e9dicaux&nbsp;et dentaires tr\u00e8s complets \u00e0 un faible co\u00fbt. La plupart des \u00e9tudiants et \u00e9tudiantes de premier cycle \u00e0 temps plein sont&nbsp;automatiquement&nbsp;inscrits au r\u00e9gime, mais nous leur recommandons fortement de v\u00e9rifier leur relev\u00e9 de compte \u00e9tudiant pour confirmer leur inscription [&hellip;]<\/p>\n","protected":false},"author":275,"featured_media":0,"parent":7518,"menu_order":0,"comment_status":"closed","ping_status":"closed","template":"","meta":{"_kad_blocks_custom_css":"","_kad_blocks_head_custom_js":"","_kad_blocks_body_custom_js":"","_kad_blocks_footer_custom_js":"","footnotes":""},"tags":[],"class_list":["post-9809","page","type-page","status-publish","hentry"],"acf":[],"yoast_head":"<!-- This site is optimized with the Yoast SEO plugin v24.0 - https:\/\/yoast.com\/wordpress\/plugins\/seo\/ -->\n<title>R\u00e9gimes et soins m\u00e9dicaux | Glendon Campus | Universit\u00e9 York<\/title>\n<meta name=\"description\" content=\"La F\u00e9d\u00e9ration des \u00e9tudiants de York (FEY) du campus Glendon offre aux \u00e9tudiants un r\u00e9gime complet de soins de sant\u00e9 et dentaires \u00e0 faible co\u00fbt.\" \/>\n<meta name=\"robots\" content=\"index, follow, max-snippet:-1, max-image-preview:large, max-video-preview:-1\" \/>\n<link rel=\"canonical\" href=\"https:\/\/www.yorku.ca\/glendon\/current-students\/yfs-health-and-dental-plan\/\" \/>\n<meta property=\"og:locale\" content=\"en_US\" \/>\n<meta property=\"og:type\" content=\"article\" \/>\n<meta property=\"og:title\" content=\"R\u00e9gimes et soins m\u00e9dicaux | Glendon Campus | Universit\u00e9 York\" \/>\n<meta property=\"og:description\" content=\"La F\u00e9d\u00e9ration des \u00e9tudiants de York (FEY) du campus Glendon offre aux \u00e9tudiants un r\u00e9gime complet de soins de sant\u00e9 et dentaires \u00e0 faible co\u00fbt.\" \/>\n<meta property=\"og:url\" content=\"https:\/\/www.yorku.ca\/glendon\/current-students\/yfs-health-and-dental-plan\/?lang=fr\" \/>\n<meta property=\"og:site_name\" content=\"Glendon Campus\" \/>\n<meta property=\"article:publisher\" content=\"https:\/\/www.facebook.com\/GlendonCampus\/\" \/>\n<meta property=\"article:modified_time\" content=\"2024-06-19T19:32:05+00:00\" \/>\n<meta property=\"og:image\" content=\"https:\/\/www.yorku.ca\/glendon\/wp-content\/uploads\/sites\/508\/2022\/11\/caroline-lm-m-4tYmtLlI-unsplash-1024x768.jpg\" \/>\n<meta name=\"twitter:card\" content=\"summary_large_image\" \/>\n<meta name=\"twitter:site\" content=\"@glendoncampus\" \/>\n<meta name=\"twitter:label1\" content=\"Est. reading time\" \/>\n\t<meta name=\"twitter:data1\" content=\"1 minute\" \/>\n<script type=\"application\/ld+json\" class=\"yoast-schema-graph\">{\"@context\":\"https:\/\/schema.org\",\"@graph\":[{\"@type\":\"WebPage\",\"@id\":\"https:\/\/www.yorku.ca\/glendon\/current-students\/yfs-health-and-dental-plan\/?lang=fr\",\"url\":\"https:\/\/www.yorku.ca\/glendon\/current-students\/yfs-health-and-dental-plan\/?lang=fr\",\"name\":\"R\u00e9gimes et soins m\u00e9dicaux | Glendon Campus | Universit\u00e9 York\",\"isPartOf\":{\"@id\":\"https:\/\/www.yorku.ca\/glendon\/#website\"},\"primaryImageOfPage\":{\"@id\":\"https:\/\/www.yorku.ca\/glendon\/current-students\/yfs-health-and-dental-plan\/?lang=fr#primaryimage\"},\"image\":{\"@id\":\"https:\/\/www.yorku.ca\/glendon\/current-students\/yfs-health-and-dental-plan\/?lang=fr#primaryimage\"},\"thumbnailUrl\":\"https:\/\/www.yorku.ca\/glendon\/wp-content\/uploads\/sites\/508\/2022\/11\/caroline-lm-m-4tYmtLlI-unsplash-1024x768.jpg\",\"datePublished\":\"2022-11-14T20:55:36+00:00\",\"dateModified\":\"2024-06-19T19:32:05+00:00\",\"description\":\"La F\u00e9d\u00e9ration des \u00e9tudiants de York (FEY) du campus Glendon offre aux \u00e9tudiants un r\u00e9gime complet de soins de sant\u00e9 et dentaires \u00e0 faible co\u00fbt.\",\"breadcrumb\":{\"@id\":\"https:\/\/www.yorku.ca\/glendon\/current-students\/yfs-health-and-dental-plan\/?lang=fr#breadcrumb\"},\"inLanguage\":\"en-US\",\"potentialAction\":[{\"@type\":\"ReadAction\",\"target\":[\"https:\/\/www.yorku.ca\/glendon\/current-students\/yfs-health-and-dental-plan\/?lang=fr\"]}]},{\"@type\":\"ImageObject\",\"inLanguage\":\"en-US\",\"@id\":\"https:\/\/www.yorku.ca\/glendon\/current-students\/yfs-health-and-dental-plan\/?lang=fr#primaryimage\",\"url\":\"https:\/\/www.yorku.ca\/glendon\/wp-content\/uploads\/sites\/508\/2022\/11\/caroline-lm-m-4tYmtLlI-unsplash-1024x768.jpg\",\"contentUrl\":\"https:\/\/www.yorku.ca\/glendon\/wp-content\/uploads\/sites\/508\/2022\/11\/caroline-lm-m-4tYmtLlI-unsplash-1024x768.jpg\"},{\"@type\":\"BreadcrumbList\",\"@id\":\"https:\/\/www.yorku.ca\/glendon\/current-students\/yfs-health-and-dental-plan\/?lang=fr#breadcrumb\",\"itemListElement\":[{\"@type\":\"ListItem\",\"position\":1,\"name\":\"Home\",\"item\":\"https:\/\/www.yorku.ca\/glendon\/\"},{\"@type\":\"ListItem\",\"position\":2,\"name\":\"\u00c9tudiantes et \u00e9tudiants actuels\u00a0\",\"item\":\"https:\/\/www.yorku.ca\/glendon\/current-students\/\"},{\"@type\":\"ListItem\",\"position\":3,\"name\":\"R\u00e9gime de soins m\u00e9dicaux et dentaires de la FEY\"}]},{\"@type\":\"WebSite\",\"@id\":\"https:\/\/www.yorku.ca\/glendon\/#website\",\"url\":\"https:\/\/www.yorku.ca\/glendon\/\",\"name\":\"Glendon Campus\",\"description\":\"\",\"publisher\":{\"@id\":\"https:\/\/www.yorku.ca\/glendon\/#organization\"},\"potentialAction\":[{\"@type\":\"SearchAction\",\"target\":{\"@type\":\"EntryPoint\",\"urlTemplate\":\"https:\/\/www.yorku.ca\/glendon\/?s={search_term_string}\"},\"query-input\":{\"@type\":\"PropertyValueSpecification\",\"valueRequired\":true,\"valueName\":\"search_term_string\"}}],\"inLanguage\":\"en-US\"},{\"@type\":\"Organization\",\"@id\":\"https:\/\/www.yorku.ca\/glendon\/#organization\",\"name\":\"Glendon Campus\",\"url\":\"https:\/\/www.yorku.ca\/glendon\/\",\"logo\":{\"@type\":\"ImageObject\",\"inLanguage\":\"en-US\",\"@id\":\"https:\/\/www.yorku.ca\/glendon\/#\/schema\/logo\/image\/\",\"url\":\"https:\/\/www.yorku.ca\/glendon\/wp-content\/uploads\/sites\/508\/2023\/07\/Glendon-Campus-YorkU-Logo-.png\",\"contentUrl\":\"https:\/\/www.yorku.ca\/glendon\/wp-content\/uploads\/sites\/508\/2023\/07\/Glendon-Campus-YorkU-Logo-.png\",\"width\":5516,\"height\":601,\"caption\":\"Glendon Campus\"},\"image\":{\"@id\":\"https:\/\/www.yorku.ca\/glendon\/#\/schema\/logo\/image\/\"},\"sameAs\":[\"https:\/\/www.facebook.com\/GlendonCampus\/\",\"https:\/\/x.com\/glendoncampus\",\"https:\/\/www.instagram.com\/glendoncampus\/\",\"https:\/\/www.linkedin.com\/school\/glendon-campus\/\",\"https:\/\/www.youtube.com\/channel\/UC8bu5ntS7ZMGCURI0C-uENQ\",\"https:\/\/en.wikipedia.org\/wiki\/Glendon_College\"]}]}<\/script>\n<!-- \/ Yoast SEO plugin. -->","yoast_head_json":{"title":"R\u00e9gimes et soins m\u00e9dicaux | Glendon Campus | Universit\u00e9 York","description":"La F\u00e9d\u00e9ration des \u00e9tudiants de York (FEY) du campus Glendon offre aux \u00e9tudiants un r\u00e9gime complet de soins de sant\u00e9 et dentaires \u00e0 faible co\u00fbt.","robots":{"index":"index","follow":"follow","max-snippet":"max-snippet:-1","max-image-preview":"max-image-preview:large","max-video-preview":"max-video-preview:-1"},"canonical":"https:\/\/www.yorku.ca\/glendon\/current-students\/yfs-health-and-dental-plan\/","og_locale":"en_US","og_type":"article","og_title":"R\u00e9gimes et soins m\u00e9dicaux | Glendon Campus | Universit\u00e9 York","og_description":"La F\u00e9d\u00e9ration des \u00e9tudiants de York (FEY) du campus Glendon offre aux \u00e9tudiants un r\u00e9gime complet de soins de sant\u00e9 et dentaires \u00e0 faible co\u00fbt.","og_url":"https:\/\/www.yorku.ca\/glendon\/current-students\/yfs-health-and-dental-plan\/?lang=fr","og_site_name":"Glendon Campus","article_publisher":"https:\/\/www.facebook.com\/GlendonCampus\/","article_modified_time":"2024-06-19T19:32:05+00:00","og_image":[{"url":"https:\/\/www.yorku.ca\/glendon\/wp-content\/uploads\/sites\/508\/2022\/11\/caroline-lm-m-4tYmtLlI-unsplash-1024x768.jpg","type":"","width":"","height":""}],"twitter_card":"summary_large_image","twitter_site":"@glendoncampus","twitter_misc":{"Est. reading time":"1 minute"},"schema":{"@context":"https:\/\/schema.org","@graph":[{"@type":"WebPage","@id":"https:\/\/www.yorku.ca\/glendon\/current-students\/yfs-health-and-dental-plan\/?lang=fr","url":"https:\/\/www.yorku.ca\/glendon\/current-students\/yfs-health-and-dental-plan\/?lang=fr","name":"R\u00e9gimes et soins m\u00e9dicaux | Glendon Campus | Universit\u00e9 York","isPartOf":{"@id":"https:\/\/www.yorku.ca\/glendon\/#website"},"primaryImageOfPage":{"@id":"https:\/\/www.yorku.ca\/glendon\/current-students\/yfs-health-and-dental-plan\/?lang=fr#primaryimage"},"image":{"@id":"https:\/\/www.yorku.ca\/glendon\/current-students\/yfs-health-and-dental-plan\/?lang=fr#primaryimage"},"thumbnailUrl":"https:\/\/www.yorku.ca\/glendon\/wp-content\/uploads\/sites\/508\/2022\/11\/caroline-lm-m-4tYmtLlI-unsplash-1024x768.jpg","datePublished":"2022-11-14T20:55:36+00:00","dateModified":"2024-06-19T19:32:05+00:00","description":"La F\u00e9d\u00e9ration des \u00e9tudiants de York (FEY) du campus Glendon offre aux \u00e9tudiants un r\u00e9gime complet de soins de sant\u00e9 et dentaires \u00e0 faible co\u00fbt.","breadcrumb":{"@id":"https:\/\/www.yorku.ca\/glendon\/current-students\/yfs-health-and-dental-plan\/?lang=fr#breadcrumb"},"inLanguage":"en-US","potentialAction":[{"@type":"ReadAction","target":["https:\/\/www.yorku.ca\/glendon\/current-students\/yfs-health-and-dental-plan\/?lang=fr"]}]},{"@type":"ImageObject","inLanguage":"en-US","@id":"https:\/\/www.yorku.ca\/glendon\/current-students\/yfs-health-and-dental-plan\/?lang=fr#primaryimage","url":"https:\/\/www.yorku.ca\/glendon\/wp-content\/uploads\/sites\/508\/2022\/11\/caroline-lm-m-4tYmtLlI-unsplash-1024x768.jpg","contentUrl":"https:\/\/www.yorku.ca\/glendon\/wp-content\/uploads\/sites\/508\/2022\/11\/caroline-lm-m-4tYmtLlI-unsplash-1024x768.jpg"},{"@type":"BreadcrumbList","@id":"https:\/\/www.yorku.ca\/glendon\/current-students\/yfs-health-and-dental-plan\/?lang=fr#breadcrumb","itemListElement":[{"@type":"ListItem","position":1,"name":"Home","item":"https:\/\/www.yorku.ca\/glendon\/"},{"@type":"ListItem","position":2,"name":"\u00c9tudiantes et \u00e9tudiants actuels\u00a0","item":"https:\/\/www.yorku.ca\/glendon\/current-students\/"},{"@type":"ListItem","position":3,"name":"R\u00e9gime de soins m\u00e9dicaux et dentaires de la FEY"}]},{"@type":"WebSite","@id":"https:\/\/www.yorku.ca\/glendon\/#website","url":"https:\/\/www.yorku.ca\/glendon\/","name":"Glendon Campus","description":"","publisher":{"@id":"https:\/\/www.yorku.ca\/glendon\/#organization"},"potentialAction":[{"@type":"SearchAction","target":{"@type":"EntryPoint","urlTemplate":"https:\/\/www.yorku.ca\/glendon\/?s={search_term_string}"},"query-input":{"@type":"PropertyValueSpecification","valueRequired":true,"valueName":"search_term_string"}}],"inLanguage":"en-US"},{"@type":"Organization","@id":"https:\/\/www.yorku.ca\/glendon\/#organization","name":"Glendon Campus","url":"https:\/\/www.yorku.ca\/glendon\/","logo":{"@type":"ImageObject","inLanguage":"en-US","@id":"https:\/\/www.yorku.ca\/glendon\/#\/schema\/logo\/image\/","url":"https:\/\/www.yorku.ca\/glendon\/wp-content\/uploads\/sites\/508\/2023\/07\/Glendon-Campus-YorkU-Logo-.png","contentUrl":"https:\/\/www.yorku.ca\/glendon\/wp-content\/uploads\/sites\/508\/2023\/07\/Glendon-Campus-YorkU-Logo-.png","width":5516,"height":601,"caption":"Glendon Campus"},"image":{"@id":"https:\/\/www.yorku.ca\/glendon\/#\/schema\/logo\/image\/"},"sameAs":["https:\/\/www.facebook.com\/GlendonCampus\/","https:\/\/x.com\/glendoncampus","https:\/\/www.instagram.com\/glendoncampus\/","https:\/\/www.linkedin.com\/school\/glendon-campus\/","https:\/\/www.youtube.com\/channel\/UC8bu5ntS7ZMGCURI0C-uENQ","https:\/\/en.wikipedia.org\/wiki\/Glendon_College"]}]}},"taxonomy_info":[],"featured_image_src_large":false,"author_info":{"display_name":"Anna Mossakowska","author_link":"https:\/\/www.yorku.ca\/glendon\/author\/anyamoss\/"},"comment_info":0,"_links":{"self":[{"href":"https:\/\/www.yorku.ca\/glendon\/wp-json\/wp\/v2\/pages\/9809","targetHints":{"allow":["GET"]}}],"collection":[{"href":"https:\/\/www.yorku.ca\/glendon\/wp-json\/wp\/v2\/pages"}],"about":[{"href":"https:\/\/www.yorku.ca\/glendon\/wp-json\/wp\/v2\/types\/page"}],"author":[{"embeddable":true,"href":"https:\/\/www.yorku.ca\/glendon\/wp-json\/wp\/v2\/users\/275"}],"replies":[{"embeddable":true,"href":"https:\/\/www.yorku.ca\/glendon\/wp-json\/wp\/v2\/comments?post=9809"}],"version-history":[{"count":4,"href":"https:\/\/www.yorku.ca\/glendon\/wp-json\/wp\/v2\/pages\/9809\/revisions"}],"predecessor-version":[{"id":20690,"href":"https:\/\/www.yorku.ca\/glendon\/wp-json\/wp\/v2\/pages\/9809\/revisions\/20690"}],"up":[{"embeddable":true,"href":"https:\/\/www.yorku.ca\/glendon\/wp-json\/wp\/v2\/pages\/7518"}],"wp:attachment":[{"href":"https:\/\/www.yorku.ca\/glendon\/wp-json\/wp\/v2\/media?parent=9809"}],"wp:term":[{"taxonomy":"post_tag","embeddable":true,"href":"https:\/\/www.yorku.ca\/glendon\/wp-json\/wp\/v2\/tags?post=9809"}],"curies":[{"name":"wp","href":"https:\/\/api.w.org\/{rel}","templated":true}]}}