  {"id":7984,"date":"2022-10-07T10:38:55","date_gmt":"2022-10-07T14:38:55","guid":{"rendered":"https:\/\/www.yorku.ca\/glendon\/?page_id=7984"},"modified":"2024-06-19T22:25:34","modified_gmt":"2024-06-20T02:25:34","slug":"decolonization-equity-diversity-and-inclusion","status":"publish","type":"page","link":"https:\/\/www.yorku.ca\/glendon\/decolonization-equity-diversity-and-inclusion\/","title":{"rendered":"Decolonization, Equity, Diversity, and Inclusion at Glendon (DEDI)"},"content":{"rendered":"\n<div style=\"height:20px\" aria-hidden=\"true\" class=\"wp-block-spacer\"><\/div>\n\n\n\n<div class=\"wp-block-group grey-bg-block has-very-light-gray-background-color has-background is-layout-flow wp-block-group-is-layout-flow\">\n<div class=\"wp-block-group is-layout-flow wp-block-group-is-layout-flow\">\n<p>Glendon strives to be a safe, equitable and welcoming environment for all students, staff, and faculty. Some examples of current DEDI initiatives at Glendon include:<\/p>\n\n\n\n<div class=\"wp-block-columns is-layout-flex wp-container-core-columns-is-layout-1 wp-block-columns-is-layout-flex\">\n<div class=\"wp-block-column is-layout-flow wp-block-column-is-layout-flow\" style=\"flex-basis:33.3%\">\n<figure class=\"wp-block-image size-large img-thumbnail rounded-0\"><img loading=\"lazy\" decoding=\"async\" width=\"1024\" height=\"577\" src=\"https:\/\/www.yorku.ca\/glendon\/wp-content\/uploads\/sites\/508\/2021\/10\/glendon-campus-Glendon-Rose-Garden-Aerial-2-1024x577.jpg\" alt=\"An exterior shot of Glendon Campus.\" class=\"wp-image-2466\" srcset=\"https:\/\/www.yorku.ca\/glendon\/wp-content\/uploads\/sites\/508\/2021\/10\/glendon-campus-Glendon-Rose-Garden-Aerial-2-1024x577.jpg 1024w, https:\/\/www.yorku.ca\/glendon\/wp-content\/uploads\/sites\/508\/2021\/10\/glendon-campus-Glendon-Rose-Garden-Aerial-2-400x225.jpg 400w, https:\/\/www.yorku.ca\/glendon\/wp-content\/uploads\/sites\/508\/2021\/10\/glendon-campus-Glendon-Rose-Garden-Aerial-2-1536x865.jpg 1536w, https:\/\/www.yorku.ca\/glendon\/wp-content\/uploads\/sites\/508\/2021\/10\/glendon-campus-Glendon-Rose-Garden-Aerial-2.jpg 1642w\" sizes=\"auto, (max-width: 1024px) 100vw, 1024px\" \/><\/figure>\n<\/div>\n\n\n\n<div class=\"wp-block-column is-layout-flow wp-block-column-is-layout-flow\" style=\"flex-basis:66.6%\">\n<ul class=\"wp-block-list\"><li><a href=\"https:\/\/www.yorku.ca\/glendon\/wp-content\/uploads\/sites\/508\/2022\/01\/GAP2020-2025-Jan-21-2021.pdf\">The Glendon Academic Plan 2020-2025<\/a> explicitly calls for a positive, diverse, inclusive, accessible, and equitable learning environment for all.<\/li><li>Glendon College has established <a href=\"https:\/\/www.glendon.yorku.ca\/research\/funding-award-opportunities\/#1648666079656-9d680f8b-2502\" target=\"_blank\" rel=\"noreferrer noopener\">the Indigenous and Racialized Scholar Research Grant, as well as the Community Engagement Research Grant<\/a>.<\/li><li>In collaboration with the Teaching Commons, Glendon has established a bilingual Community of Practice on inclusive pedagogies for the 2022-23 academic year.<\/li><li>Through the Principal\u2019s Priority Fund, Glendon has established a fund to provide honoraria for Indigenous, Black, and racialized guest speakers in courses during the 2022-23 academic year.<\/li><li>Glendon has created <a href=\"https:\/\/www.yorku.ca\/glendon\/2022\/07\/27\/glendon-introduces-a-guide-to-gender-inclusive-writing-in-french\/?lang=fr\">a guide to using gender-inclusive forms of French<\/a> and is providing ongoing training sessions for community members.<\/li><\/ul>\n<\/div>\n<\/div>\n\n\n\n<div class=\"wp-block-columns is-layout-flex wp-container-core-columns-is-layout-2 wp-block-columns-is-layout-flex\">\n<div class=\"wp-block-column is-layout-flow wp-block-column-is-layout-flow\" style=\"flex-basis:66.66%\">\n<p>For more information on DEDI at York, please consult <a href=\"https:\/\/indigenous.yorku.ca\/framework\/\" target=\"_blank\" rel=\"noreferrer noopener\">The Indigenous Framework for 快播视频<\/a>, <a href=\"https:\/\/www.yorku.ca\/abr\/\" target=\"_blank\" rel=\"noreferrer noopener\">Addressing Anti-Black Racism: A Framework and Action Plan on Black Inclusion<\/a>, and York\u2019s upcoming <a href=\"https:\/\/www.yorku.ca\/vpepc\/edi-strategy\/\" target=\"_blank\" rel=\"noreferrer noopener\">Decolonizing, Equity, Diversity, and Inclusion Strategy<\/a>.<\/p>\n\n\n\n<p><em>We recognize that many Indigenous Nations have longstanding relationships with the territories upon which 快播视频 campuses are located that precede the establishment of 快播视频. Glendon as part of 快播视频 acknowledges its presence on the traditional territory of many Indigenous Nations. The area known as Tkaronto has been care taken by the Anishinabek Nation, the Haudenosaunee Confederacy, and the Huron-Wendat. It is now home to many First Nation, Inuit and M\u00e9tis communities. We acknowledge the current treaty holders, the Mississaugas of the Credit First Nation. This territory is subject of the Dish with One Spoon Wampum Belt Covenant, an agreement to peaceably share and care for the Great Lakes region.<\/em><\/p>\n<\/div>\n\n\n\n<div class=\"wp-block-column is-layout-flow wp-block-column-is-layout-flow\" style=\"flex-basis:33.33%\">\n<figure class=\"wp-block-image size-large img-thumbnail rounded-0\"><img loading=\"lazy\" decoding=\"async\" width=\"1024\" height=\"577\" src=\"https:\/\/www.yorku.ca\/glendon\/wp-content\/uploads\/sites\/508\/2021\/10\/glendon-campus-IMG_0904_2-1024x577.jpg\" alt=\"An exterior shot of Glendon Campus.\" class=\"wp-image-2214\" srcset=\"https:\/\/www.yorku.ca\/glendon\/wp-content\/uploads\/sites\/508\/2021\/10\/glendon-campus-IMG_0904_2-1024x577.jpg 1024w, https:\/\/www.yorku.ca\/glendon\/wp-content\/uploads\/sites\/508\/2021\/10\/glendon-campus-IMG_0904_2-400x225.jpg 400w, https:\/\/www.yorku.ca\/glendon\/wp-content\/uploads\/sites\/508\/2021\/10\/glendon-campus-IMG_0904_2-1536x865.jpg 1536w, https:\/\/www.yorku.ca\/glendon\/wp-content\/uploads\/sites\/508\/2021\/10\/glendon-campus-IMG_0904_2.jpg 1642w\" sizes=\"auto, (max-width: 1024px) 100vw, 1024px\" \/><\/figure>\n<\/div>\n<\/div>\n\n\n\n<div style=\"height:20px\" aria-hidden=\"true\" class=\"wp-block-spacer\"><\/div>\n<\/div>\n<\/div>\n\n\n\n<div style=\"height:100px\" aria-hidden=\"true\" class=\"wp-block-spacer\"><\/div>\n\n\n\n<h2 class=\"wp-block-heading\">Services and Supports<\/h2>\n\n\n\n<div class=\"wp-block-columns card-deck aspect-ratio is-layout-flex wp-container-core-columns-is-layout-3 wp-block-columns-is-layout-flex\">\n<div class=\"wp-block-column card rounded-0 bg-white is-layout-flow wp-block-column-is-layout-flow\">\n<figure class=\"wp-block-image size-large\"><img loading=\"lazy\" decoding=\"async\" width=\"1024\" height=\"577\" src=\"https:\/\/www.yorku.ca\/glendon\/wp-content\/uploads\/sites\/508\/2021\/10\/glendon-campus-CLC_5404-1024x577.jpg\" alt=\"An exterior shot of Glendon Campus.\" class=\"wp-image-2388\" srcset=\"https:\/\/www.yorku.ca\/glendon\/wp-content\/uploads\/sites\/508\/2021\/10\/glendon-campus-CLC_5404-1024x577.jpg 1024w, https:\/\/www.yorku.ca\/glendon\/wp-content\/uploads\/sites\/508\/2021\/10\/glendon-campus-CLC_5404-400x225.jpg 400w, https:\/\/www.yorku.ca\/glendon\/wp-content\/uploads\/sites\/508\/2021\/10\/glendon-campus-CLC_5404-1536x865.jpg 1536w, https:\/\/www.yorku.ca\/glendon\/wp-content\/uploads\/sites\/508\/2021\/10\/glendon-campus-CLC_5404.jpg 1642w\" sizes=\"auto, (max-width: 1024px) 100vw, 1024px\" \/><\/figure>\n\n\n\n<div class=\"wp-block-group card-body is-layout-flow wp-block-group-is-layout-flow\">\n<h2 class=\"card-title h5 wp-block-heading\"><meta charset=\"utf-8\">Glendon EDI Advisor<\/h2>\n\n\n\n<p class=\"card-text\">Miriam Greenblatt is an Advisor, Equity, Diversity, and Inclusion Institutional Initiatives at the Centre for Human Rights, Equity, and Inclusion. Her role includes supporting the implementation of<a href=\"https:\/\/www.yorku.ca\/vpepc\/edi-strategy\/\" target=\"_blank\" rel=\"noreferrer noopener\"> York\u2019s upcoming Decolonization, Equity, Diversity and Inclusion (DEDI) Strategy<\/a> in ways that are responsive to the needs of the Glendon community. She also provides consulting and advising on EDI matters and implementing EDI initiatives and frameworks. Email: <a href=\"mailto:reiedi@yorku.ca\" target=\"_blank\" rel=\"noreferrer noopener\">reiedi@yorku.ca<\/a><\/p>\n<\/div>\n<\/div>\n\n\n\n<div class=\"wp-block-column card rounded-0 bg-white is-layout-flow wp-block-column-is-layout-flow\">\n<figure class=\"wp-block-image size-large\"><img loading=\"lazy\" decoding=\"async\" width=\"1024\" height=\"577\" src=\"https:\/\/www.yorku.ca\/glendon\/wp-content\/uploads\/sites\/508\/2021\/10\/glendon-campus-Glendon-Mural_Summer2021-3-1024x577.jpg\" alt=\"An exterior shot of Glendon Campus.\" class=\"wp-image-2474\" srcset=\"https:\/\/www.yorku.ca\/glendon\/wp-content\/uploads\/sites\/508\/2021\/10\/glendon-campus-Glendon-Mural_Summer2021-3-1024x577.jpg 1024w, https:\/\/www.yorku.ca\/glendon\/wp-content\/uploads\/sites\/508\/2021\/10\/glendon-campus-Glendon-Mural_Summer2021-3-400x225.jpg 400w, https:\/\/www.yorku.ca\/glendon\/wp-content\/uploads\/sites\/508\/2021\/10\/glendon-campus-Glendon-Mural_Summer2021-3-1536x865.jpg 1536w, https:\/\/www.yorku.ca\/glendon\/wp-content\/uploads\/sites\/508\/2021\/10\/glendon-campus-Glendon-Mural_Summer2021-3.jpg 1642w\" sizes=\"auto, (max-width: 1024px) 100vw, 1024px\" \/><\/figure>\n\n\n\n<div class=\"wp-block-group card-body is-layout-flow wp-block-group-is-layout-flow\">\n<h2 class=\"card-title h5 wp-block-heading\">The Centre for Human Rights, Equity &amp; Inclusion<\/h2>\n\n\n\n<p class=\"card-text\">快播视频\u2019s <a href=\"https:\/\/rights.info.yorku.ca\/\" target=\"_blank\" rel=\"noreferrer noopener\">Centre for Human Rights, Equity and Inclusion (REI)<\/a> promotes and builds a respectful, equitable, diverse, and inclusive university community. The REI provides free and confidential consultations on Human Rights related matters and complaints processes (<a href=\"mailto:rights@yorku.ca\" target=\"_blank\" rel=\"noreferrer noopener\">rights@yorku.ca<\/a>) and education services such as customized workshops (<a href=\"mailto:chrwkshp@yorku.ca\" target=\"_blank\" rel=\"noreferrer noopener\">chrwkshp@yorku.ca<\/a>).<\/p>\n<\/div>\n<\/div>\n<\/div>\n\n\n\n<div class=\"wp-block-columns card-deck aspect-ratio is-layout-flex wp-container-core-columns-is-layout-4 wp-block-columns-is-layout-flex\">\n<div class=\"wp-block-column card rounded-0 bg-white is-layout-flow wp-block-column-is-layout-flow\">\n<figure class=\"wp-block-image size-large\"><img loading=\"lazy\" decoding=\"async\" width=\"1024\" height=\"577\" src=\"https:\/\/www.yorku.ca\/glendon\/wp-content\/uploads\/sites\/508\/2021\/10\/glendon-campus-IMG_0912-1024x577.jpg\" alt=\"An exterior shot of Glendon Campus.\" class=\"wp-image-2210\" srcset=\"https:\/\/www.yorku.ca\/glendon\/wp-content\/uploads\/sites\/508\/2021\/10\/glendon-campus-IMG_0912-1024x577.jpg 1024w, https:\/\/www.yorku.ca\/glendon\/wp-content\/uploads\/sites\/508\/2021\/10\/glendon-campus-IMG_0912-400x225.jpg 400w, https:\/\/www.yorku.ca\/glendon\/wp-content\/uploads\/sites\/508\/2021\/10\/glendon-campus-IMG_0912-1536x865.jpg 1536w, https:\/\/www.yorku.ca\/glendon\/wp-content\/uploads\/sites\/508\/2021\/10\/glendon-campus-IMG_0912.jpg 1642w\" sizes=\"auto, (max-width: 1024px) 100vw, 1024px\" \/><\/figure>\n\n\n\n<div class=\"wp-block-group card-body is-layout-flow wp-block-group-is-layout-flow\">\n<h2 class=\"card-title h5 wp-block-heading\"><meta charset=\"utf-8\">Centre for Sexual Violence Response, Support &amp; Education<\/h2>\n\n\n\n<p><a href=\"https:\/\/thecentre.yorku.ca\/\" target=\"_blank\" rel=\"noreferrer noopener\">The Centre for Sexual Violence Response, Support &amp; Education<\/a> is the recommended first point of contact for survivors who have experienced sexual violence and will support all members of the York Community, including students, staff and faculty. The Office can outline complaint processes, academic\/workplace accommodations, supports and resources available.<\/p>\n\n\n\n<ul class=\"wp-block-list\"><li>416-736-5211 (24\/7), <a href=\"mailto:thecentre@yorku.ca\" target=\"_blank\" rel=\"noreferrer noopener\">thecentre@yorku.ca<\/a><\/li><li>301 York Lanes, Monday-Friday 8:30am-4:30pm<\/li><\/ul>\n<\/div>\n<\/div>\n\n\n\n<div class=\"wp-block-column card rounded-0 bg-white is-layout-flow wp-block-column-is-layout-flow\">\n<figure class=\"wp-block-image size-large\"><img loading=\"lazy\" decoding=\"async\" width=\"1024\" height=\"577\" src=\"https:\/\/www.yorku.ca\/glendon\/wp-content\/uploads\/sites\/508\/2021\/10\/glendon-campus-GlendonPerson-1024x577.jpg\" alt=\"Students on Glendon Campus.\" class=\"wp-image-2230\" srcset=\"https:\/\/www.yorku.ca\/glendon\/wp-content\/uploads\/sites\/508\/2021\/10\/glendon-campus-GlendonPerson-1024x577.jpg 1024w, https:\/\/www.yorku.ca\/glendon\/wp-content\/uploads\/sites\/508\/2021\/10\/glendon-campus-GlendonPerson-400x225.jpg 400w, https:\/\/www.yorku.ca\/glendon\/wp-content\/uploads\/sites\/508\/2021\/10\/glendon-campus-GlendonPerson-1536x865.jpg 1536w, https:\/\/www.yorku.ca\/glendon\/wp-content\/uploads\/sites\/508\/2021\/10\/glendon-campus-GlendonPerson.jpg 1642w\" sizes=\"auto, (max-width: 1024px) 100vw, 1024px\" \/><\/figure>\n\n\n\n<div class=\"wp-block-group card-body is-layout-flow wp-block-group-is-layout-flow\">\n<h2 class=\"card-title h5 wp-block-heading\">Supports for Students<\/h2>\n\n\n\n<p class=\"card-text\">Students are encouraged to visit the <a href=\"https:\/\/www.yorku.ca\/glendon\/resources\/\">Student Resources<\/a> page for more detailed information on available supports.<\/p>\n<\/div>\n<\/div>\n<\/div>\n\n\n\n<div style=\"height:100px\" aria-hidden=\"true\" class=\"wp-block-spacer\"><\/div>\n\n\n","protected":false},"excerpt":{"rendered":"<p>Glendon strives to be a safe, equitable and welcoming environment for all students, staff, and faculty. Some examples of current DEDI initiatives at Glendon include: The Glendon Academic Plan 2020-2025 explicitly calls for a positive, diverse, inclusive, accessible, and equitable learning environment for all. Glendon College has established the Indigenous and Racialized Scholar Research Grant, [&hellip;]<\/p>\n","protected":false},"author":834,"featured_media":2195,"parent":0,"menu_order":0,"comment_status":"closed","ping_status":"closed","template":"secondary-page.php","meta":{"_kad_blocks_custom_css":"","_kad_blocks_head_custom_js":"","_kad_blocks_body_custom_js":"","_kad_blocks_footer_custom_js":"","footnotes":""},"tags":[],"class_list":["post-7984","page","type-page","status-publish","has-post-thumbnail","hentry"],"acf":[],"yoast_head":"<!-- This site is optimized with the Yoast SEO plugin v24.0 - https:\/\/yoast.com\/wordpress\/plugins\/seo\/ -->\n<title>Decolonization, Equity, Diversity &amp; Inclusion at Glendon Campus | 快播视频<\/title>\n<meta name=\"description\" content=\"D\u00e9couvrez la d\u00e9colonisation, l&#039;\u00e9quit\u00e9, la diversit\u00e9 et l&#039;inclusion (DEDI) au campus Glendon de l&#039;Universit\u00e9 York. Explorez les programmes cr\u00e9ant un environnement s\u00fbr, \u00e9quitable et accueillant pour tous.\" \/>\n<meta name=\"robots\" content=\"index, follow, max-snippet:-1, max-image-preview:large, max-video-preview:-1\" \/>\n<link rel=\"canonical\" href=\"https:\/\/www.yorku.ca\/glendon\/decolonization-equity-diversity-and-inclusion\/\" \/>\n<meta property=\"og:locale\" content=\"en_US\" \/>\n<meta property=\"og:type\" content=\"article\" \/>\n<meta property=\"og:title\" content=\"Decolonization, Equity, Diversity &amp; Inclusion at Glendon Campus | 快播视频\" \/>\n<meta property=\"og:description\" content=\"D\u00e9couvrez la d\u00e9colonisation, l&#039;\u00e9quit\u00e9, la diversit\u00e9 et l&#039;inclusion (DEDI) au campus Glendon de l&#039;Universit\u00e9 York. Explorez les programmes cr\u00e9ant un environnement s\u00fbr, \u00e9quitable et accueillant pour tous.\" \/>\n<meta property=\"og:url\" content=\"https:\/\/www.yorku.ca\/glendon\/decolonization-equity-diversity-and-inclusion\/\" \/>\n<meta property=\"og:site_name\" content=\"Glendon Campus\" \/>\n<meta property=\"article:publisher\" content=\"https:\/\/www.facebook.com\/GlendonCampus\/\" \/>\n<meta property=\"article:modified_time\" content=\"2024-06-20T02:25:34+00:00\" \/>\n<meta property=\"og:image\" content=\"https:\/\/www.yorku.ca\/glendon\/wp-content\/uploads\/sites\/508\/2021\/10\/glendon-campus-IMG_3389.jpg\" \/>\n\t<meta property=\"og:image:width\" content=\"1642\" \/>\n\t<meta property=\"og:image:height\" content=\"925\" \/>\n\t<meta property=\"og:image:type\" content=\"image\/jpeg\" \/>\n<meta name=\"twitter:card\" content=\"summary_large_image\" \/>\n<meta name=\"twitter:site\" content=\"@glendoncampus\" \/>\n<meta name=\"twitter:label1\" content=\"Est. reading time\" \/>\n\t<meta name=\"twitter:data1\" content=\"4 minutes\" \/>\n<script type=\"application\/ld+json\" class=\"yoast-schema-graph\">{\"@context\":\"https:\/\/schema.org\",\"@graph\":[{\"@type\":\"WebPage\",\"@id\":\"https:\/\/www.yorku.ca\/glendon\/decolonization-equity-diversity-and-inclusion\/\",\"url\":\"https:\/\/www.yorku.ca\/glendon\/decolonization-equity-diversity-and-inclusion\/\",\"name\":\"Decolonization, Equity, Diversity & Inclusion at Glendon Campus | 快播视频\",\"isPartOf\":{\"@id\":\"https:\/\/www.yorku.ca\/glendon\/#website\"},\"primaryImageOfPage\":{\"@id\":\"https:\/\/www.yorku.ca\/glendon\/decolonization-equity-diversity-and-inclusion\/#primaryimage\"},\"image\":{\"@id\":\"https:\/\/www.yorku.ca\/glendon\/decolonization-equity-diversity-and-inclusion\/#primaryimage\"},\"thumbnailUrl\":\"https:\/\/www.yorku.ca\/glendon\/wp-content\/uploads\/sites\/508\/2021\/10\/glendon-campus-IMG_3389.jpg\",\"datePublished\":\"2022-10-07T14:38:55+00:00\",\"dateModified\":\"2024-06-20T02:25:34+00:00\",\"description\":\"D\u00e9couvrez la d\u00e9colonisation, l'\u00e9quit\u00e9, la diversit\u00e9 et l'inclusion (DEDI) au campus Glendon de l'Universit\u00e9 York. Explorez les programmes cr\u00e9ant un environnement s\u00fbr, \u00e9quitable et accueillant pour tous.\",\"breadcrumb\":{\"@id\":\"https:\/\/www.yorku.ca\/glendon\/decolonization-equity-diversity-and-inclusion\/#breadcrumb\"},\"inLanguage\":\"en-US\",\"potentialAction\":[{\"@type\":\"ReadAction\",\"target\":[\"https:\/\/www.yorku.ca\/glendon\/decolonization-equity-diversity-and-inclusion\/\"]}]},{\"@type\":\"ImageObject\",\"inLanguage\":\"en-US\",\"@id\":\"https:\/\/www.yorku.ca\/glendon\/decolonization-equity-diversity-and-inclusion\/#primaryimage\",\"url\":\"https:\/\/www.yorku.ca\/glendon\/wp-content\/uploads\/sites\/508\/2021\/10\/glendon-campus-IMG_3389.jpg\",\"contentUrl\":\"https:\/\/www.yorku.ca\/glendon\/wp-content\/uploads\/sites\/508\/2021\/10\/glendon-campus-IMG_3389.jpg\",\"width\":1642,\"height\":925},{\"@type\":\"BreadcrumbList\",\"@id\":\"https:\/\/www.yorku.ca\/glendon\/decolonization-equity-diversity-and-inclusion\/#breadcrumb\",\"itemListElement\":[{\"@type\":\"ListItem\",\"position\":1,\"name\":\"Home\",\"item\":\"\/glendon\/\"},{\"@type\":\"ListItem\",\"position\":2,\"name\":\"Glendon Campus\",\"item\":\"https:\/\/www.yorku.ca\/glendon\/\"},{\"@type\":\"ListItem\",\"position\":3,\"name\":\"Decolonization, Equity, Diversity, and Inclusion at Glendon (DEDI)\"}]},{\"@type\":\"WebSite\",\"@id\":\"https:\/\/www.yorku.ca\/glendon\/#website\",\"url\":\"https:\/\/www.yorku.ca\/glendon\/\",\"name\":\"Glendon Campus\",\"description\":\"\",\"publisher\":{\"@id\":\"https:\/\/www.yorku.ca\/glendon\/#organization\"},\"potentialAction\":[{\"@type\":\"SearchAction\",\"target\":{\"@type\":\"EntryPoint\",\"urlTemplate\":\"https:\/\/www.yorku.ca\/glendon\/?s={search_term_string}\"},\"query-input\":{\"@type\":\"PropertyValueSpecification\",\"valueRequired\":true,\"valueName\":\"search_term_string\"}}],\"inLanguage\":\"en-US\"},{\"@type\":\"Organization\",\"@id\":\"https:\/\/www.yorku.ca\/glendon\/#organization\",\"name\":\"Glendon Campus\",\"url\":\"https:\/\/www.yorku.ca\/glendon\/\",\"logo\":{\"@type\":\"ImageObject\",\"inLanguage\":\"en-US\",\"@id\":\"https:\/\/www.yorku.ca\/glendon\/#\/schema\/logo\/image\/\",\"url\":\"https:\/\/www.yorku.ca\/glendon\/wp-content\/uploads\/sites\/508\/2023\/07\/Glendon-Campus-YorkU-Logo-.png\",\"contentUrl\":\"https:\/\/www.yorku.ca\/glendon\/wp-content\/uploads\/sites\/508\/2023\/07\/Glendon-Campus-YorkU-Logo-.png\",\"width\":5516,\"height\":601,\"caption\":\"Glendon Campus\"},\"image\":{\"@id\":\"https:\/\/www.yorku.ca\/glendon\/#\/schema\/logo\/image\/\"},\"sameAs\":[\"https:\/\/www.facebook.com\/GlendonCampus\/\",\"https:\/\/x.com\/glendoncampus\",\"https:\/\/www.instagram.com\/glendoncampus\/\",\"https:\/\/www.linkedin.com\/school\/glendon-campus\/\",\"https:\/\/www.youtube.com\/channel\/UC8bu5ntS7ZMGCURI0C-uENQ\",\"https:\/\/en.wikipedia.org\/wiki\/Glendon_College\"]}]}<\/script>\n<!-- \/ Yoast SEO plugin. -->","yoast_head_json":{"title":"Decolonization, Equity, Diversity & Inclusion at Glendon Campus | 快播视频","description":"D\u00e9couvrez la d\u00e9colonisation, l'\u00e9quit\u00e9, la diversit\u00e9 et l'inclusion (DEDI) au campus Glendon de l'Universit\u00e9 York. Explorez les programmes cr\u00e9ant un environnement s\u00fbr, \u00e9quitable et accueillant pour tous.","robots":{"index":"index","follow":"follow","max-snippet":"max-snippet:-1","max-image-preview":"max-image-preview:large","max-video-preview":"max-video-preview:-1"},"canonical":"https:\/\/www.yorku.ca\/glendon\/decolonization-equity-diversity-and-inclusion\/","og_locale":"en_US","og_type":"article","og_title":"Decolonization, Equity, Diversity & Inclusion at Glendon Campus | 快播视频","og_description":"D\u00e9couvrez la d\u00e9colonisation, l'\u00e9quit\u00e9, la diversit\u00e9 et l'inclusion (DEDI) au campus Glendon de l'Universit\u00e9 York. Explorez les programmes cr\u00e9ant un environnement s\u00fbr, \u00e9quitable et accueillant pour tous.","og_url":"https:\/\/www.yorku.ca\/glendon\/decolonization-equity-diversity-and-inclusion\/","og_site_name":"Glendon Campus","article_publisher":"https:\/\/www.facebook.com\/GlendonCampus\/","article_modified_time":"2024-06-20T02:25:34+00:00","og_image":[{"width":1642,"height":925,"url":"https:\/\/www.yorku.ca\/glendon\/wp-content\/uploads\/sites\/508\/2021\/10\/glendon-campus-IMG_3389.jpg","type":"image\/jpeg"}],"twitter_card":"summary_large_image","twitter_site":"@glendoncampus","twitter_misc":{"Est. reading time":"4 minutes"},"schema":{"@context":"https:\/\/schema.org","@graph":[{"@type":"WebPage","@id":"https:\/\/www.yorku.ca\/glendon\/decolonization-equity-diversity-and-inclusion\/","url":"https:\/\/www.yorku.ca\/glendon\/decolonization-equity-diversity-and-inclusion\/","name":"Decolonization, Equity, Diversity & Inclusion at Glendon Campus | 快播视频","isPartOf":{"@id":"https:\/\/www.yorku.ca\/glendon\/#website"},"primaryImageOfPage":{"@id":"https:\/\/www.yorku.ca\/glendon\/decolonization-equity-diversity-and-inclusion\/#primaryimage"},"image":{"@id":"https:\/\/www.yorku.ca\/glendon\/decolonization-equity-diversity-and-inclusion\/#primaryimage"},"thumbnailUrl":"https:\/\/www.yorku.ca\/glendon\/wp-content\/uploads\/sites\/508\/2021\/10\/glendon-campus-IMG_3389.jpg","datePublished":"2022-10-07T14:38:55+00:00","dateModified":"2024-06-20T02:25:34+00:00","description":"D\u00e9couvrez la d\u00e9colonisation, l'\u00e9quit\u00e9, la diversit\u00e9 et l'inclusion (DEDI) au campus Glendon de l'Universit\u00e9 York. Explorez les programmes cr\u00e9ant un environnement s\u00fbr, \u00e9quitable et accueillant pour tous.","breadcrumb":{"@id":"https:\/\/www.yorku.ca\/glendon\/decolonization-equity-diversity-and-inclusion\/#breadcrumb"},"inLanguage":"en-US","potentialAction":[{"@type":"ReadAction","target":["https:\/\/www.yorku.ca\/glendon\/decolonization-equity-diversity-and-inclusion\/"]}]},{"@type":"ImageObject","inLanguage":"en-US","@id":"https:\/\/www.yorku.ca\/glendon\/decolonization-equity-diversity-and-inclusion\/#primaryimage","url":"https:\/\/www.yorku.ca\/glendon\/wp-content\/uploads\/sites\/508\/2021\/10\/glendon-campus-IMG_3389.jpg","contentUrl":"https:\/\/www.yorku.ca\/glendon\/wp-content\/uploads\/sites\/508\/2021\/10\/glendon-campus-IMG_3389.jpg","width":1642,"height":925},{"@type":"BreadcrumbList","@id":"https:\/\/www.yorku.ca\/glendon\/decolonization-equity-diversity-and-inclusion\/#breadcrumb","itemListElement":[{"@type":"ListItem","position":1,"name":"Home","item":"\/glendon\/"},{"@type":"ListItem","position":2,"name":"Glendon Campus","item":"https:\/\/www.yorku.ca\/glendon\/"},{"@type":"ListItem","position":3,"name":"Decolonization, Equity, Diversity, and Inclusion at Glendon (DEDI)"}]},{"@type":"WebSite","@id":"https:\/\/www.yorku.ca\/glendon\/#website","url":"https:\/\/www.yorku.ca\/glendon\/","name":"Glendon Campus","description":"","publisher":{"@id":"https:\/\/www.yorku.ca\/glendon\/#organization"},"potentialAction":[{"@type":"SearchAction","target":{"@type":"EntryPoint","urlTemplate":"https:\/\/www.yorku.ca\/glendon\/?s={search_term_string}"},"query-input":{"@type":"PropertyValueSpecification","valueRequired":true,"valueName":"search_term_string"}}],"inLanguage":"en-US"},{"@type":"Organization","@id":"https:\/\/www.yorku.ca\/glendon\/#organization","name":"Glendon Campus","url":"https:\/\/www.yorku.ca\/glendon\/","logo":{"@type":"ImageObject","inLanguage":"en-US","@id":"https:\/\/www.yorku.ca\/glendon\/#\/schema\/logo\/image\/","url":"https:\/\/www.yorku.ca\/glendon\/wp-content\/uploads\/sites\/508\/2023\/07\/Glendon-Campus-YorkU-Logo-.png","contentUrl":"https:\/\/www.yorku.ca\/glendon\/wp-content\/uploads\/sites\/508\/2023\/07\/Glendon-Campus-YorkU-Logo-.png","width":5516,"height":601,"caption":"Glendon Campus"},"image":{"@id":"https:\/\/www.yorku.ca\/glendon\/#\/schema\/logo\/image\/"},"sameAs":["https:\/\/www.facebook.com\/GlendonCampus\/","https:\/\/x.com\/glendoncampus","https:\/\/www.instagram.com\/glendoncampus\/","https:\/\/www.linkedin.com\/school\/glendon-campus\/","https:\/\/www.youtube.com\/channel\/UC8bu5ntS7ZMGCURI0C-uENQ","https:\/\/en.wikipedia.org\/wiki\/Glendon_College"]}]}},"taxonomy_info":[],"featured_image_src_large":["https:\/\/www.yorku.ca\/glendon\/wp-content\/uploads\/sites\/508\/2021\/10\/glendon-campus-IMG_3389-1024x577.jpg",1024,577,true],"author_info":{"display_name":"nanyeung","author_link":"https:\/\/www.yorku.ca\/glendon\/author\/nanyeung\/"},"comment_info":0,"_links":{"self":[{"href":"https:\/\/www.yorku.ca\/glendon\/wp-json\/wp\/v2\/pages\/7984","targetHints":{"allow":["GET"]}}],"collection":[{"href":"https:\/\/www.yorku.ca\/glendon\/wp-json\/wp\/v2\/pages"}],"about":[{"href":"https:\/\/www.yorku.ca\/glendon\/wp-json\/wp\/v2\/types\/page"}],"author":[{"embeddable":true,"href":"https:\/\/www.yorku.ca\/glendon\/wp-json\/wp\/v2\/users\/834"}],"replies":[{"embeddable":true,"href":"https:\/\/www.yorku.ca\/glendon\/wp-json\/wp\/v2\/comments?post=7984"}],"version-history":[{"count":14,"href":"https:\/\/www.yorku.ca\/glendon\/wp-json\/wp\/v2\/pages\/7984\/revisions"}],"predecessor-version":[{"id":20745,"href":"https:\/\/www.yorku.ca\/glendon\/wp-json\/wp\/v2\/pages\/7984\/revisions\/20745"}],"wp:featuredmedia":[{"embeddable":true,"href":"https:\/\/www.yorku.ca\/glendon\/wp-json\/wp\/v2\/media\/2195"}],"wp:attachment":[{"href":"https:\/\/www.yorku.ca\/glendon\/wp-json\/wp\/v2\/media?parent=7984"}],"wp:term":[{"taxonomy":"post_tag","embeddable":true,"href":"https:\/\/www.yorku.ca\/glendon\/wp-json\/wp\/v2\/tags?post=7984"}],"curies":[{"name":"wp","href":"https:\/\/api.w.org\/{rel}","templated":true}]}}