  {"id":7943,"date":"2022-10-04T11:13:03","date_gmt":"2022-10-04T15:13:03","guid":{"rendered":"https:\/\/www.yorku.ca\/glendon\/?page_id=7943"},"modified":"2026-02-05T15:38:45","modified_gmt":"2026-02-05T20:38:45","slug":"awards-opportunities-projects-and-funding","status":"publish","type":"page","link":"https:\/\/www.yorku.ca\/glendon\/awards-opportunities-projects-and-funding\/?lang=fr","title":{"rendered":"Bourses, opportunit\u00e9s et financement"},"content":{"rendered":"\n<div style=\"height:20px\" aria-hidden=\"true\" class=\"wp-block-spacer\"><\/div>\n\n\n\n<div class=\"wp-block-columns is-layout-flex wp-container-core-columns-is-layout-1 wp-block-columns-is-layout-flex\">\n<div class=\"wp-block-column is-layout-flow wp-block-column-is-layout-flow\" style=\"flex-basis:66.66%\">\n<h2 class=\"wp-block-heading\">Appui \u00e0 la recherche et services<\/h2>\n\n\n\n<p>Obtenez le coup de pouce financier dont vous avez besoin pour alimenter votre passion. Nous vous aiderons \u00e0 vous y retrouver dans les d\u00e9dales des demandes de subventions et de bourses, \u00e0 comprendre les dates limites et \u00e0 localiser les formulaires dont vous avez besoin pour demander une aide financi\u00e8re afin de soutenir vos activit\u00e9s de recherche. D\u00e9couvrez comment financer vos voyages de recherche, l\u2019embauche d\u2019auxiliaires de recherche, votre d\u00e9veloppement professionnel, le r\u00e9seautage et la publication de vos travaux. Au-del\u00e0 du financement, vous trouverez \u00e9galement des appels \u00e0 propositions et des possibilit\u00e9s de participer \u00e0 des projets \u00e9mergents.\u202f&nbsp;<\/p>\n<\/div>\n<\/div>\n\n\n\n<div style=\"height:20px\" aria-hidden=\"true\" class=\"wp-block-spacer\"><\/div>\n\n\n\n<div class=\"wp-block-group grey-bg-block has-very-light-gray-background-color has-background is-layout-flow wp-block-group-is-layout-flow\">\n<div style=\"height:20px\" aria-hidden=\"true\" class=\"wp-block-spacer\"><\/div>\n\n\n\n<figure class=\"wp-block-gallery columns-2 is-cropped grid-block wp-block-gallery-1 is-layout-flex wp-block-gallery-is-layout-flex\"><ul class=\"blocks-gallery-grid\"><li class=\"blocks-gallery-item\"><figure><img loading=\"lazy\" decoding=\"async\" width=\"1024\" height=\"577\" src=\"https:\/\/www.yorku.ca\/glendon\/wp-content\/uploads\/sites\/508\/2022\/01\/gcg001-1024x577.jpg\" alt=\"\" data-id=\"6704\" data-full-url=\"https:\/\/www.yorku.ca\/glendon\/wp-content\/uploads\/sites\/508\/2022\/01\/gcg001.jpg\" data-link=\"https:\/\/www.yorku.ca\/glendon\/gcg001-2\/\" class=\"wp-image-6704\" srcset=\"https:\/\/www.yorku.ca\/glendon\/wp-content\/uploads\/sites\/508\/2022\/01\/gcg001-1024x577.jpg 1024w, https:\/\/www.yorku.ca\/glendon\/wp-content\/uploads\/sites\/508\/2022\/01\/gcg001-400x225.jpg 400w, https:\/\/www.yorku.ca\/glendon\/wp-content\/uploads\/sites\/508\/2022\/01\/gcg001-1536x865.jpg 1536w, https:\/\/www.yorku.ca\/glendon\/wp-content\/uploads\/sites\/508\/2022\/01\/gcg001.jpg 1642w\" sizes=\"auto, (max-width: 1024px) 100vw, 1024px\" \/><figcaption class=\"blocks-gallery-item__caption\"><a href=\"https:\/\/www.glendon.yorku.ca\/research\/fr\/funding-award-opportunities\/\">Financement et prix pour la recherche<\/a><\/figcaption><\/figure><\/li><li class=\"blocks-gallery-item\"><figure><img loading=\"lazy\" decoding=\"async\" width=\"1024\" height=\"577\" src=\"https:\/\/www.yorku.ca\/glendon\/wp-content\/uploads\/sites\/508\/2021\/10\/glendon-campus-Manor-18-1024x577.jpg\" alt=\"An interior shot of a building on Glendon Campus.\" data-id=\"2456\" data-full-url=\"https:\/\/www.yorku.ca\/glendon\/wp-content\/uploads\/sites\/508\/2021\/10\/glendon-campus-Manor-18.jpg\" data-link=\"https:\/\/www.yorku.ca\/glendon\/glendon-campus-manor-18\/\" class=\"wp-image-2456\" srcset=\"https:\/\/www.yorku.ca\/glendon\/wp-content\/uploads\/sites\/508\/2021\/10\/glendon-campus-Manor-18-1024x577.jpg 1024w, https:\/\/www.yorku.ca\/glendon\/wp-content\/uploads\/sites\/508\/2021\/10\/glendon-campus-Manor-18-400x225.jpg 400w, https:\/\/www.yorku.ca\/glendon\/wp-content\/uploads\/sites\/508\/2021\/10\/glendon-campus-Manor-18-1536x865.jpg 1536w, https:\/\/www.yorku.ca\/glendon\/wp-content\/uploads\/sites\/508\/2021\/10\/glendon-campus-Manor-18.jpg 1642w\" sizes=\"auto, (max-width: 1024px) 100vw, 1024px\" \/><figcaption class=\"blocks-gallery-item__caption\"><a href=\"https:\/\/www.glendon.yorku.ca\/research\/fr\/redaction-demande\/\">Grant Support &amp; Administration<\/a><\/figcaption><\/figure><\/li><\/ul><\/figure>\n\n\n\n<div style=\"height:20px\" aria-hidden=\"true\" class=\"wp-block-spacer\"><\/div>\n<\/div>\n\n\n\n<div style=\"height:100px\" aria-hidden=\"true\" class=\"wp-block-spacer\"><\/div>\n\n\n\n<div class=\"wp-block-group is-layout-flow wp-block-group-is-layout-flow\">\n<div class=\"wp-block-group is-layout-flow wp-block-group-is-layout-flow\">\n<div class=\"wp-block-columns social-bar-block is-layout-flex wp-container-core-columns-is-layout-2 wp-block-columns-is-layout-flex\">\n<div class=\"wp-block-column is-layout-flow wp-block-column-is-layout-flow\">\n<h2 class=\"wp-block-heading h6 text-white text-center\">Suivez-nous !<\/h2>\n<\/div>\n\n\n\n<div class=\"wp-block-column is-layout-flow wp-block-column-is-layout-flow\">\n<ul class=\"wp-block-social-links aligncenter my-2 is-style-default is-layout-flex wp-block-social-links-is-layout-flex\"><li class=\"wp-social-link wp-social-link-facebook  wp-block-social-link\"><a href=\"http:\/\/www.facebook.com\/glendoncampus\" class=\"wp-block-social-link-anchor\"><svg width=\"24\" height=\"24\" viewBox=\"0 0 24 24\" version=\"1.1\" xmlns=\"http:\/\/www.w3.org\/2000\/svg\" aria-hidden=\"true\" focusable=\"false\"><path d=\"M12 2C6.5 2 2 6.5 2 12c0 5 3.7 9.1 8.4 9.9v-7H7.9V12h2.5V9.8c0-2.5 1.5-3.9 3.8-3.9 1.1 0 2.2.2 2.2.2v2.5h-1.3c-1.2 0-1.6.8-1.6 1.6V12h2.8l-.4 2.9h-2.3v7C18.3 21.1 22 17 22 12c0-5.5-4.5-10-10-10z\"><\/path><\/svg><span class=\"wp-block-social-link-label screen-reader-text\">Facebook<\/span><\/a><\/li>\n\n<li class=\"wp-social-link wp-social-link-twitter  wp-block-social-link\"><a href=\"http:\/\/www.twitter.com\/glendoncampus\" class=\"wp-block-social-link-anchor\"><svg width=\"24\" height=\"24\" viewBox=\"0 0 24 24\" version=\"1.1\" xmlns=\"http:\/\/www.w3.org\/2000\/svg\" aria-hidden=\"true\" focusable=\"false\"><path d=\"M22.23,5.924c-0.736,0.326-1.527,0.547-2.357,0.646c0.847-0.508,1.498-1.312,1.804-2.27 c-0.793,0.47-1.671,0.812-2.606,0.996C18.324,4.498,17.257,4,16.077,4c-2.266,0-4.103,1.837-4.103,4.103 c0,0.322,0.036,0.635,0.106,0.935C8.67,8.867,5.647,7.234,3.623,4.751C3.27,5.357,3.067,6.062,3.067,6.814 c0,1.424,0.724,2.679,1.825,3.415c-0.673-0.021-1.305-0.206-1.859-0.513c0,0.017,0,0.034,0,0.052c0,1.988,1.414,3.647,3.292,4.023 c-0.344,0.094-0.707,0.144-1.081,0.144c-0.264,0-0.521-0.026-0.772-0.074c0.522,1.63,2.038,2.816,3.833,2.85 c-1.404,1.1-3.174,1.756-5.096,1.756c-0.331,0-0.658-0.019-0.979-0.057c1.816,1.164,3.973,1.843,6.29,1.843 c7.547,0,11.675-6.252,11.675-11.675c0-0.178-0.004-0.355-0.012-0.531C20.985,7.47,21.68,6.747,22.23,5.924z\"><\/path><\/svg><span class=\"wp-block-social-link-label screen-reader-text\">Twitter<\/span><\/a><\/li>\n\n<li class=\"wp-social-link wp-social-link-linkedin  wp-block-social-link\"><a href=\"https:\/\/www.linkedin.com\/school\/glendon-campus\/\" class=\"wp-block-social-link-anchor\"><svg width=\"24\" height=\"24\" viewBox=\"0 0 24 24\" version=\"1.1\" xmlns=\"http:\/\/www.w3.org\/2000\/svg\" aria-hidden=\"true\" focusable=\"false\"><path d=\"M19.7,3H4.3C3.582,3,3,3.582,3,4.3v15.4C3,20.418,3.582,21,4.3,21h15.4c0.718,0,1.3-0.582,1.3-1.3V4.3 C21,3.582,20.418,3,19.7,3z M8.339,18.338H5.667v-8.59h2.672V18.338z M7.004,8.574c-0.857,0-1.549-0.694-1.549-1.548 c0-0.855,0.691-1.548,1.549-1.548c0.854,0,1.547,0.694,1.547,1.548C8.551,7.881,7.858,8.574,7.004,8.574z M18.339,18.338h-2.669 v-4.177c0-0.996-0.017-2.278-1.387-2.278c-1.389,0-1.601,1.086-1.601,2.206v4.249h-2.667v-8.59h2.559v1.174h0.037 c0.356-0.675,1.227-1.387,2.526-1.387c2.703,0,3.203,1.779,3.203,4.092V18.338z\"><\/path><\/svg><span class=\"wp-block-social-link-label screen-reader-text\">LinkedIn<\/span><\/a><\/li>\n\n<li class=\"wp-social-link wp-social-link-youtube  wp-block-social-link\"><a href=\"https:\/\/www.youtube.com\/channel\/UC8bu5ntS7ZMGCURI0C-uENQ\" class=\"wp-block-social-link-anchor\"><svg width=\"24\" height=\"24\" viewBox=\"0 0 24 24\" version=\"1.1\" xmlns=\"http:\/\/www.w3.org\/2000\/svg\" aria-hidden=\"true\" focusable=\"false\"><path d=\"M21.8,8.001c0,0-0.195-1.378-0.795-1.985c-0.76-0.797-1.613-0.801-2.004-0.847c-2.799-0.202-6.997-0.202-6.997-0.202 h-0.009c0,0-4.198,0-6.997,0.202C4.608,5.216,3.756,5.22,2.995,6.016C2.395,6.623,2.2,8.001,2.2,8.001S2,9.62,2,11.238v1.517 c0,1.618,0.2,3.237,0.2,3.237s0.195,1.378,0.795,1.985c0.761,0.797,1.76,0.771,2.205,0.855c1.6,0.153,6.8,0.201,6.8,0.201 s4.203-0.006,7.001-0.209c0.391-0.047,1.243-0.051,2.004-0.847c0.6-0.607,0.795-1.985,0.795-1.985s0.2-1.618,0.2-3.237v-1.517 C22,9.62,21.8,8.001,21.8,8.001z M9.935,14.594l-0.001-5.62l5.404,2.82L9.935,14.594z\"><\/path><\/svg><span class=\"wp-block-social-link-label screen-reader-text\">YouTube<\/span><\/a><\/li>\n\n<li class=\"wp-social-link wp-social-link-instagram  wp-block-social-link\"><a href=\"http:\/\/instagram.com\/glendoncampus\" class=\"wp-block-social-link-anchor\"><svg width=\"24\" height=\"24\" viewBox=\"0 0 24 24\" version=\"1.1\" xmlns=\"http:\/\/www.w3.org\/2000\/svg\" aria-hidden=\"true\" focusable=\"false\"><path d=\"M12,4.622c2.403,0,2.688,0.009,3.637,0.052c0.877,0.04,1.354,0.187,1.671,0.31c0.42,0.163,0.72,0.358,1.035,0.673 c0.315,0.315,0.51,0.615,0.673,1.035c0.123,0.317,0.27,0.794,0.31,1.671c0.043,0.949,0.052,1.234,0.052,3.637 s-0.009,2.688-0.052,3.637c-0.04,0.877-0.187,1.354-0.31,1.671c-0.163,0.42-0.358,0.72-0.673,1.035 c-0.315,0.315-0.615,0.51-1.035,0.673c-0.317,0.123-0.794,0.27-1.671,0.31c-0.949,0.043-1.233,0.052-3.637,0.052 s-2.688-0.009-3.637-0.052c-0.877-0.04-1.354-0.187-1.671-0.31c-0.42-0.163-0.72-0.358-1.035-0.673 c-0.315-0.315-0.51-0.615-0.673-1.035c-0.123-0.317-0.27-0.794-0.31-1.671C4.631,14.688,4.622,14.403,4.622,12 s0.009-2.688,0.052-3.637c0.04-0.877,0.187-1.354,0.31-1.671c0.163-0.42,0.358-0.72,0.673-1.035 c0.315-0.315,0.615-0.51,1.035-0.673c0.317-0.123,0.794-0.27,1.671-0.31C9.312,4.631,9.597,4.622,12,4.622 M12,3 C9.556,3,9.249,3.01,8.289,3.054C7.331,3.098,6.677,3.25,6.105,3.472C5.513,3.702,5.011,4.01,4.511,4.511 c-0.5,0.5-0.808,1.002-1.038,1.594C3.25,6.677,3.098,7.331,3.054,8.289C3.01,9.249,3,9.556,3,12c0,2.444,0.01,2.751,0.054,3.711 c0.044,0.958,0.196,1.612,0.418,2.185c0.23,0.592,0.538,1.094,1.038,1.594c0.5,0.5,1.002,0.808,1.594,1.038 c0.572,0.222,1.227,0.375,2.185,0.418C9.249,20.99,9.556,21,12,21s2.751-0.01,3.711-0.054c0.958-0.044,1.612-0.196,2.185-0.418 c0.592-0.23,1.094-0.538,1.594-1.038c0.5-0.5,0.808-1.002,1.038-1.594c0.222-0.572,0.375-1.227,0.418-2.185 C20.99,14.751,21,14.444,21,12s-0.01-2.751-0.054-3.711c-0.044-0.958-0.196-1.612-0.418-2.185c-0.23-0.592-0.538-1.094-1.038-1.594 c-0.5-0.5-1.002-0.808-1.594-1.038c-0.572-0.222-1.227-0.375-2.185-0.418C14.751,3.01,14.444,3,12,3L12,3z M12,7.378 c-2.552,0-4.622,2.069-4.622,4.622S9.448,16.622,12,16.622s4.622-2.069,4.622-4.622S14.552,7.378,12,7.378z M12,15 c-1.657,0-3-1.343-3-3s1.343-3,3-3s3,1.343,3,3S13.657,15,12,15z M16.804,6.116c-0.596,0-1.08,0.484-1.08,1.08 s0.484,1.08,1.08,1.08c0.596,0,1.08-0.484,1.08-1.08S17.401,6.116,16.804,6.116z\"><\/path><\/svg><span class=\"wp-block-social-link-label screen-reader-text\">Instagram<\/span><\/a><\/li>\n\n<li class=\"wp-social-link wp-social-link-flickr  wp-block-social-link\"><a href=\"https:\/\/www.flickr.com\/photos\/glendoncampus\/\" class=\"wp-block-social-link-anchor\"><svg width=\"24\" height=\"24\" viewBox=\"0 0 24 24\" version=\"1.1\" xmlns=\"http:\/\/www.w3.org\/2000\/svg\" aria-hidden=\"true\" focusable=\"false\"><path d=\"M6.5,7c-2.75,0-5,2.25-5,5s2.25,5,5,5s5-2.25,5-5S9.25,7,6.5,7z M17.5,7c-2.75,0-5,2.25-5,5s2.25,5,5,5s5-2.25,5-5 S20.25,7,17.5,7z\"><\/path><\/svg><span class=\"wp-block-social-link-label screen-reader-text\">Flickr<\/span><\/a><\/li><\/ul>\n<\/div>\n<\/div>\n<\/div>\n<\/div>\n","protected":false},"excerpt":{"rendered":"<p>Appui \u00e0 la recherche et services Obtenez le coup de pouce financier dont vous avez besoin pour alimenter votre passion. Nous vous aiderons \u00e0 vous y retrouver dans les d\u00e9dales des demandes de subventions et de bourses, \u00e0 comprendre les dates limites et \u00e0 localiser les formulaires dont vous avez besoin pour demander une aide [&hellip;]<\/p>\n","protected":false},"author":241,"featured_media":2196,"parent":0,"menu_order":0,"comment_status":"closed","ping_status":"closed","template":"secondary-page.php","meta":{"_kad_blocks_custom_css":"","_kad_blocks_head_custom_js":"","_kad_blocks_body_custom_js":"","_kad_blocks_footer_custom_js":"","footnotes":""},"tags":[],"class_list":["post-7943","page","type-page","status-publish","has-post-thumbnail","hentry"],"acf":[],"yoast_head":"<!-- This site is optimized with the Yoast SEO plugin v24.0 - https:\/\/yoast.com\/wordpress\/plugins\/seo\/ -->\n<title>Bourses, opportunit\u00e9s et financement | Glendon Campus<\/title>\n<meta name=\"robots\" content=\"index, follow, max-snippet:-1, max-image-preview:large, max-video-preview:-1\" \/>\n<link rel=\"canonical\" href=\"https:\/\/www.yorku.ca\/glendon\/awards-opportunities-projects-and-funding\/\" \/>\n<meta property=\"og:locale\" content=\"en_US\" \/>\n<meta property=\"og:type\" content=\"article\" \/>\n<meta property=\"og:title\" content=\"Bourses, opportunit\u00e9s et financement | Glendon Campus\" \/>\n<meta property=\"og:description\" content=\"Appui \u00e0 la recherche et services Obtenez le coup de pouce financier dont vous avez besoin pour alimenter votre passion. Nous vous aiderons \u00e0 vous y retrouver dans les d\u00e9dales des demandes de subventions et de bourses, \u00e0 comprendre les dates limites et \u00e0 localiser les formulaires dont vous avez besoin pour demander une aide [&hellip;]\" \/>\n<meta property=\"og:url\" content=\"https:\/\/www.yorku.ca\/glendon\/awards-opportunities-projects-and-funding\/?lang=fr\" \/>\n<meta property=\"og:site_name\" content=\"Glendon Campus\" \/>\n<meta property=\"article:publisher\" content=\"https:\/\/www.facebook.com\/GlendonCampus\/\" \/>\n<meta property=\"article:modified_time\" content=\"2026-02-05T20:38:45+00:00\" \/>\n<meta property=\"og:image\" content=\"https:\/\/www.yorku.ca\/glendon\/wp-content\/uploads\/sites\/508\/2021\/10\/glendon-campus-IMG_3389.jpg\" \/>\n\t<meta property=\"og:image:width\" content=\"1642\" \/>\n\t<meta property=\"og:image:height\" content=\"925\" \/>\n\t<meta property=\"og:image:type\" content=\"image\/jpeg\" \/>\n<meta name=\"twitter:card\" content=\"summary_large_image\" \/>\n<meta name=\"twitter:site\" content=\"@glendoncampus\" \/>\n<meta name=\"twitter:label1\" content=\"Est. reading time\" \/>\n\t<meta name=\"twitter:data1\" content=\"1 minute\" \/>\n<script type=\"application\/ld+json\" class=\"yoast-schema-graph\">{\"@context\":\"https:\/\/schema.org\",\"@graph\":[{\"@type\":\"WebPage\",\"@id\":\"https:\/\/www.yorku.ca\/glendon\/awards-opportunities-projects-and-funding\/?lang=fr\",\"url\":\"https:\/\/www.yorku.ca\/glendon\/awards-opportunities-projects-and-funding\/?lang=fr\",\"name\":\"Bourses, opportunit\u00e9s et financement | Glendon Campus\",\"isPartOf\":{\"@id\":\"https:\/\/www.yorku.ca\/glendon\/#website\"},\"primaryImageOfPage\":{\"@id\":\"https:\/\/www.yorku.ca\/glendon\/awards-opportunities-projects-and-funding\/?lang=fr#primaryimage\"},\"image\":{\"@id\":\"https:\/\/www.yorku.ca\/glendon\/awards-opportunities-projects-and-funding\/?lang=fr#primaryimage\"},\"thumbnailUrl\":\"https:\/\/www.yorku.ca\/glendon\/wp-content\/uploads\/sites\/508\/2021\/10\/glendon-campus-IMG_3389.jpg\",\"datePublished\":\"2022-10-04T15:13:03+00:00\",\"dateModified\":\"2026-02-05T20:38:45+00:00\",\"breadcrumb\":{\"@id\":\"https:\/\/www.yorku.ca\/glendon\/awards-opportunities-projects-and-funding\/?lang=fr#breadcrumb\"},\"inLanguage\":\"en-US\",\"potentialAction\":[{\"@type\":\"ReadAction\",\"target\":[\"https:\/\/www.yorku.ca\/glendon\/awards-opportunities-projects-and-funding\/?lang=fr\"]}]},{\"@type\":\"ImageObject\",\"inLanguage\":\"en-US\",\"@id\":\"https:\/\/www.yorku.ca\/glendon\/awards-opportunities-projects-and-funding\/?lang=fr#primaryimage\",\"url\":\"https:\/\/www.yorku.ca\/glendon\/wp-content\/uploads\/sites\/508\/2021\/10\/glendon-campus-IMG_3389.jpg\",\"contentUrl\":\"https:\/\/www.yorku.ca\/glendon\/wp-content\/uploads\/sites\/508\/2021\/10\/glendon-campus-IMG_3389.jpg\",\"width\":1642,\"height\":925},{\"@type\":\"BreadcrumbList\",\"@id\":\"https:\/\/www.yorku.ca\/glendon\/awards-opportunities-projects-and-funding\/?lang=fr#breadcrumb\",\"itemListElement\":[{\"@type\":\"ListItem\",\"position\":1,\"name\":\"Home\",\"item\":\"\/glendon\/\"},{\"@type\":\"ListItem\",\"position\":2,\"name\":\"Glendon Campus\",\"item\":\"https:\/\/www.yorku.ca\/glendon\/\"},{\"@type\":\"ListItem\",\"position\":3,\"name\":\"Recherche et bourses de recherche\",\"item\":\"https:\/\/www.yorku.ca\/glendon\/research-and-fellowships\/\"},{\"@type\":\"ListItem\",\"position\":4,\"name\":\"Bourses, opportunit\u00e9s et financement\"}]},{\"@type\":\"WebSite\",\"@id\":\"https:\/\/www.yorku.ca\/glendon\/#website\",\"url\":\"https:\/\/www.yorku.ca\/glendon\/\",\"name\":\"Glendon Campus\",\"description\":\"\",\"publisher\":{\"@id\":\"https:\/\/www.yorku.ca\/glendon\/#organization\"},\"potentialAction\":[{\"@type\":\"SearchAction\",\"target\":{\"@type\":\"EntryPoint\",\"urlTemplate\":\"https:\/\/www.yorku.ca\/glendon\/?s={search_term_string}\"},\"query-input\":{\"@type\":\"PropertyValueSpecification\",\"valueRequired\":true,\"valueName\":\"search_term_string\"}}],\"inLanguage\":\"en-US\"},{\"@type\":\"Organization\",\"@id\":\"https:\/\/www.yorku.ca\/glendon\/#organization\",\"name\":\"Glendon Campus\",\"url\":\"https:\/\/www.yorku.ca\/glendon\/\",\"logo\":{\"@type\":\"ImageObject\",\"inLanguage\":\"en-US\",\"@id\":\"https:\/\/www.yorku.ca\/glendon\/#\/schema\/logo\/image\/\",\"url\":\"https:\/\/www.yorku.ca\/glendon\/wp-content\/uploads\/sites\/508\/2023\/07\/Glendon-Campus-YorkU-Logo-.png\",\"contentUrl\":\"https:\/\/www.yorku.ca\/glendon\/wp-content\/uploads\/sites\/508\/2023\/07\/Glendon-Campus-YorkU-Logo-.png\",\"width\":5516,\"height\":601,\"caption\":\"Glendon Campus\"},\"image\":{\"@id\":\"https:\/\/www.yorku.ca\/glendon\/#\/schema\/logo\/image\/\"},\"sameAs\":[\"https:\/\/www.facebook.com\/GlendonCampus\/\",\"https:\/\/x.com\/glendoncampus\",\"https:\/\/www.instagram.com\/glendoncampus\/\",\"https:\/\/www.linkedin.com\/school\/glendon-campus\/\",\"https:\/\/www.youtube.com\/channel\/UC8bu5ntS7ZMGCURI0C-uENQ\",\"https:\/\/en.wikipedia.org\/wiki\/Glendon_College\"]}]}<\/script>\n<!-- \/ Yoast SEO plugin. -->","yoast_head_json":{"title":"Bourses, opportunit\u00e9s et financement | Glendon Campus","robots":{"index":"index","follow":"follow","max-snippet":"max-snippet:-1","max-image-preview":"max-image-preview:large","max-video-preview":"max-video-preview:-1"},"canonical":"https:\/\/www.yorku.ca\/glendon\/awards-opportunities-projects-and-funding\/","og_locale":"en_US","og_type":"article","og_title":"Bourses, opportunit\u00e9s et financement | Glendon Campus","og_description":"Appui \u00e0 la recherche et services Obtenez le coup de pouce financier dont vous avez besoin pour alimenter votre passion. Nous vous aiderons \u00e0 vous y retrouver dans les d\u00e9dales des demandes de subventions et de bourses, \u00e0 comprendre les dates limites et \u00e0 localiser les formulaires dont vous avez besoin pour demander une aide [&hellip;]","og_url":"https:\/\/www.yorku.ca\/glendon\/awards-opportunities-projects-and-funding\/?lang=fr","og_site_name":"Glendon Campus","article_publisher":"https:\/\/www.facebook.com\/GlendonCampus\/","article_modified_time":"2026-02-05T20:38:45+00:00","og_image":[{"width":1642,"height":925,"url":"https:\/\/www.yorku.ca\/glendon\/wp-content\/uploads\/sites\/508\/2021\/10\/glendon-campus-IMG_3389.jpg","type":"image\/jpeg"}],"twitter_card":"summary_large_image","twitter_site":"@glendoncampus","twitter_misc":{"Est. reading time":"1 minute"},"schema":{"@context":"https:\/\/schema.org","@graph":[{"@type":"WebPage","@id":"https:\/\/www.yorku.ca\/glendon\/awards-opportunities-projects-and-funding\/?lang=fr","url":"https:\/\/www.yorku.ca\/glendon\/awards-opportunities-projects-and-funding\/?lang=fr","name":"Bourses, opportunit\u00e9s et financement | Glendon Campus","isPartOf":{"@id":"https:\/\/www.yorku.ca\/glendon\/#website"},"primaryImageOfPage":{"@id":"https:\/\/www.yorku.ca\/glendon\/awards-opportunities-projects-and-funding\/?lang=fr#primaryimage"},"image":{"@id":"https:\/\/www.yorku.ca\/glendon\/awards-opportunities-projects-and-funding\/?lang=fr#primaryimage"},"thumbnailUrl":"https:\/\/www.yorku.ca\/glendon\/wp-content\/uploads\/sites\/508\/2021\/10\/glendon-campus-IMG_3389.jpg","datePublished":"2022-10-04T15:13:03+00:00","dateModified":"2026-02-05T20:38:45+00:00","breadcrumb":{"@id":"https:\/\/www.yorku.ca\/glendon\/awards-opportunities-projects-and-funding\/?lang=fr#breadcrumb"},"inLanguage":"en-US","potentialAction":[{"@type":"ReadAction","target":["https:\/\/www.yorku.ca\/glendon\/awards-opportunities-projects-and-funding\/?lang=fr"]}]},{"@type":"ImageObject","inLanguage":"en-US","@id":"https:\/\/www.yorku.ca\/glendon\/awards-opportunities-projects-and-funding\/?lang=fr#primaryimage","url":"https:\/\/www.yorku.ca\/glendon\/wp-content\/uploads\/sites\/508\/2021\/10\/glendon-campus-IMG_3389.jpg","contentUrl":"https:\/\/www.yorku.ca\/glendon\/wp-content\/uploads\/sites\/508\/2021\/10\/glendon-campus-IMG_3389.jpg","width":1642,"height":925},{"@type":"BreadcrumbList","@id":"https:\/\/www.yorku.ca\/glendon\/awards-opportunities-projects-and-funding\/?lang=fr#breadcrumb","itemListElement":[{"@type":"ListItem","position":1,"name":"Home","item":"\/glendon\/"},{"@type":"ListItem","position":2,"name":"Glendon Campus","item":"https:\/\/www.yorku.ca\/glendon\/"},{"@type":"ListItem","position":3,"name":"Recherche et bourses de recherche","item":"https:\/\/www.yorku.ca\/glendon\/research-and-fellowships\/"},{"@type":"ListItem","position":4,"name":"Bourses, opportunit\u00e9s et financement"}]},{"@type":"WebSite","@id":"https:\/\/www.yorku.ca\/glendon\/#website","url":"https:\/\/www.yorku.ca\/glendon\/","name":"Glendon Campus","description":"","publisher":{"@id":"https:\/\/www.yorku.ca\/glendon\/#organization"},"potentialAction":[{"@type":"SearchAction","target":{"@type":"EntryPoint","urlTemplate":"https:\/\/www.yorku.ca\/glendon\/?s={search_term_string}"},"query-input":{"@type":"PropertyValueSpecification","valueRequired":true,"valueName":"search_term_string"}}],"inLanguage":"en-US"},{"@type":"Organization","@id":"https:\/\/www.yorku.ca\/glendon\/#organization","name":"Glendon Campus","url":"https:\/\/www.yorku.ca\/glendon\/","logo":{"@type":"ImageObject","inLanguage":"en-US","@id":"https:\/\/www.yorku.ca\/glendon\/#\/schema\/logo\/image\/","url":"https:\/\/www.yorku.ca\/glendon\/wp-content\/uploads\/sites\/508\/2023\/07\/Glendon-Campus-YorkU-Logo-.png","contentUrl":"https:\/\/www.yorku.ca\/glendon\/wp-content\/uploads\/sites\/508\/2023\/07\/Glendon-Campus-YorkU-Logo-.png","width":5516,"height":601,"caption":"Glendon Campus"},"image":{"@id":"https:\/\/www.yorku.ca\/glendon\/#\/schema\/logo\/image\/"},"sameAs":["https:\/\/www.facebook.com\/GlendonCampus\/","https:\/\/x.com\/glendoncampus","https:\/\/www.instagram.com\/glendoncampus\/","https:\/\/www.linkedin.com\/school\/glendon-campus\/","https:\/\/www.youtube.com\/channel\/UC8bu5ntS7ZMGCURI0C-uENQ","https:\/\/en.wikipedia.org\/wiki\/Glendon_College"]}]}},"taxonomy_info":[],"featured_image_src_large":["https:\/\/www.yorku.ca\/glendon\/wp-content\/uploads\/sites\/508\/2021\/10\/glendon-campus-IMG_3389-1024x577.jpg",1024,577,true],"author_info":{"display_name":"oaldana","author_link":"https:\/\/www.yorku.ca\/glendon\/author\/oaldana\/"},"comment_info":0,"_links":{"self":[{"href":"https:\/\/www.yorku.ca\/glendon\/wp-json\/wp\/v2\/pages\/7943","targetHints":{"allow":["GET"]}}],"collection":[{"href":"https:\/\/www.yorku.ca\/glendon\/wp-json\/wp\/v2\/pages"}],"about":[{"href":"https:\/\/www.yorku.ca\/glendon\/wp-json\/wp\/v2\/types\/page"}],"author":[{"embeddable":true,"href":"https:\/\/www.yorku.ca\/glendon\/wp-json\/wp\/v2\/users\/241"}],"replies":[{"embeddable":true,"href":"https:\/\/www.yorku.ca\/glendon\/wp-json\/wp\/v2\/comments?post=7943"}],"version-history":[{"count":9,"href":"https:\/\/www.yorku.ca\/glendon\/wp-json\/wp\/v2\/pages\/7943\/revisions"}],"predecessor-version":[{"id":37423,"href":"https:\/\/www.yorku.ca\/glendon\/wp-json\/wp\/v2\/pages\/7943\/revisions\/37423"}],"wp:featuredmedia":[{"embeddable":true,"href":"https:\/\/www.yorku.ca\/glendon\/wp-json\/wp\/v2\/media\/2196"}],"wp:attachment":[{"href":"https:\/\/www.yorku.ca\/glendon\/wp-json\/wp\/v2\/media?parent=7943"}],"wp:term":[{"taxonomy":"post_tag","embeddable":true,"href":"https:\/\/www.yorku.ca\/glendon\/wp-json\/wp\/v2\/tags?post=7943"}],"curies":[{"name":"wp","href":"https:\/\/api.w.org\/{rel}","templated":true}]}}