  {"id":7713,"date":"2022-09-30T13:27:51","date_gmt":"2022-09-30T17:27:51","guid":{"rendered":"https:\/\/www.yorku.ca\/glendon\/future-students\/admission-requirements\/"},"modified":"2025-03-07T14:57:51","modified_gmt":"2025-03-07T19:57:51","slug":"conditions-dadmission","status":"publish","type":"page","link":"https:\/\/www.yorku.ca\/glendon\/future-students\/conditions-dadmission\/?lang=fr","title":{"rendered":"Conditions d\u2019admission"},"content":{"rendered":"\n<div style=\"height:30px\" aria-hidden=\"true\" class=\"wp-block-spacer\"><\/div>\n\n\n\n<div class=\"wp-block-columns is-layout-flex wp-container-core-columns-is-layout-1 wp-block-columns-is-layout-flex\">\n<div class=\"wp-block-column is-layout-flow wp-block-column-is-layout-flow\" style=\"flex-basis:66.66%\">\n<p><a href=\"https:\/\/www.yorku.ca\/glendon\/future-students\/conditions-dadmission\/eleves-des-ecoles-secondaires\/?lang=fr\"><strong>\u00c9TUDIANTS DES \u00c9COLES SECONDAIRES<\/strong><\/a><br>Vous fr\u00e9quentez actuellement \u00e0 temps plein une \u00e9cole secondaire, ou vous avez r\u00e9cemment obtenu votre dipl\u00f4me d\u2019\u00e9tudes secondaires ?<\/p>\n\n\n\n<p><strong><a href=\"https:\/\/www.yorku.ca\/glendon\/faites-votre-demande\/international-students\/?lang=fr\">\u00c9<\/a><\/strong><a href=\"https:\/\/www.yorku.ca\/glendon\/faites-votre-demande\/international-students\/?lang=fr\"><strong>TUDIANTS INTERNATIONAUX<\/strong><\/a><br>Vous n\u2019\u00eates ni citoyen canadien, ni r\u00e9sident permanent, et vous avez besoin d\u2019un permis d\u2019\u00e9tudes pour vous inscrire \u00e0 l\u2019universit\u00e9 ?<\/p>\n\n\n\n<p><a href=\"https:\/\/www.yorku.ca\/glendon\/future-students\/conditions-dadmission\/transfer-options\/?lang=fr\"><strong>TRANSFERT D\u2019UNE AUTRE UNIVERSIT\u00c9 OU D\u2019UN COLL\u00c8GE<\/strong><\/a><br>Vous avez termin\u00e9 une ann\u00e9e d\u2019\u00e9tudes \u00e0 temps plein dans une universit\u00e9 ou dans un coll\u00e8ge (peu importe le lieu de vos \u00e9tudes et la dur\u00e9e s\u2019\u00e9tant \u00e9coul\u00e9e depuis la fin de celles-ci) ?<\/p>\n\n\n\n<p><strong><a href=\"https:\/\/www.yorku.ca\/glendon\/future-students\/conditions-dadmission\/cegep\/?lang=fr\"><\/a><strong><a href=\"https:\/\/www.yorku.ca\/glendon\/future-students\/conditions-dadmission\/cegep\/?lang=fr\">\u00c9TUDIANTS DU C\u00c9GEP<\/a><\/strong><br><\/strong>Vous postulez aupr\u00e8s d'un coll\u00e8ge au Qu\u00e9bec ? Assurez-vous de v\u00e9rifier les exigences sp\u00e9cifiques.<\/p>\n\n\n\n<p><a href=\"https:\/\/www.yorku.ca\/glendon\/future-students\/conditions-dadmission\/mature-students\/?lang=fr\"><strong>\u00c9TUDIANTS ADULTES<\/strong><\/a><br>Vous avez 20 ans ou plus et avez \u00e9t\u00e9 inscrit pendant moins d\u2019une ann\u00e9e compl\u00e8te dans une universit\u00e9 ou un coll\u00e8ge ?<\/p>\n\n\n\n<p><a href=\"http:\/\/futurestudents.yorku.ca\/requirements\/aboriginal\"><strong>\u00c9TUDIANTS AUTOCHTONES<\/strong><\/a><br>Vous avez les comp\u00e9tences et l\u2019exp\u00e9rience n\u00e9cessaires pour r\u00e9ussir des \u00e9tudes universitaires ?<\/p>\n\n\n\n<p><a href=\"https:\/\/www.yorku.ca\/glendon\/future-students\/conditions-dadmission\/etudiants-libres\/?lang=fr\"><strong>\u00c9TUDIANTS LIBRES<\/strong><\/a><br>Vous avez d\u00e9j\u00e0 un dipl\u00f4me universitaire et souhaitez suivre des cours par int\u00e9r\u00eat personnel; vous voulez vous inscrire \u00e0 York avec une lettre de permission de votre universit\u00e9; ou vous voulez suivre les cours requis pour obtenir un titre professionnel ?<\/p>\n\n\n\n<p><a href=\"https:\/\/www.yorku.ca\/glendon\/future-students\/conditions-dadmission\/home-schooled-applicants\/?lang=fr\"><strong>\u00c9TUDIANTS AYANT RE\u00c7U UN ENSEIGNEMENT \u00c0 DOMICILE<\/strong><\/a><br>Vous n\u2019avez pas fait vos \u00e9tudes dans le cadre traditionnel d\u2019une \u00e9cole secondaire ?<\/p>\n\n\n\n<p><a href=\"https:\/\/www.yorku.ca\/glendon\/faites-votre-demande\/disabilities\/?lang=fr\"><strong>RENSEIGNEMENTS POUR LES CANDIDATS AYANT UN HANDICAP DIAGNOSTIQU\u00c9<\/strong><\/a><br>Si vous avez un handicap diagnostiqu\u00e9, nous vous encourageons \u00e0 nous en informer lors du processus d\u2019admission.<\/p>\n\n\n\n<p><a href=\"https:\/\/www.glendon.yorku.ca\/academic-services\/fr\/mon-dossier-academique\/reactiver-mon-dossier\/\"><strong>DE RETOUR \u00c0 YORK \/ R\u00c9ACTIVATION DE DOSSIER ?<\/strong><\/a><br>Vous n\u2019avez pas \u00e9t\u00e9 inscrit \u00e0 York depuis au moins un an? Vous pouvez simplement r\u00e9activer votre num\u00e9ro\/dossier d\u2019\u00e9tudiant.<\/p>\n<\/div>\n\n\n\n<div class=\"wp-block-column is-layout-flow wp-block-column-is-layout-flow\" style=\"flex-basis:33.33%\"><\/div>\n<\/div>\n","protected":false},"excerpt":{"rendered":"<p>\u00c9TUDIANTS DES \u00c9COLES SECONDAIRESVous fr\u00e9quentez actuellement \u00e0 temps plein une \u00e9cole secondaire, ou vous avez r\u00e9cemment obtenu votre dipl\u00f4me d\u2019\u00e9tudes secondaires ? \u00c9TUDIANTS INTERNATIONAUXVous n\u2019\u00eates ni citoyen canadien, ni r\u00e9sident permanent, et vous avez besoin d\u2019un permis d\u2019\u00e9tudes pour vous inscrire \u00e0 l\u2019universit\u00e9 ? TRANSFERT D\u2019UNE AUTRE UNIVERSIT\u00c9 OU D\u2019UN COLL\u00c8GEVous avez termin\u00e9 une ann\u00e9e [&hellip;]<\/p>\n","protected":false},"author":190,"featured_media":6540,"parent":5389,"menu_order":0,"comment_status":"closed","ping_status":"closed","template":"secondary-page.php","meta":{"_kad_blocks_custom_css":"","_kad_blocks_head_custom_js":"","_kad_blocks_body_custom_js":"","_kad_blocks_footer_custom_js":"","footnotes":""},"tags":[],"class_list":["post-7713","page","type-page","status-publish","has-post-thumbnail","hentry"],"acf":[],"yoast_head":"<!-- This site is optimized with the Yoast SEO plugin v24.0 - https:\/\/yoast.com\/wordpress\/plugins\/seo\/ -->\n<title>Conditions d\u2019admission | Glendon Campus<\/title>\n<meta name=\"robots\" content=\"index, follow, max-snippet:-1, max-image-preview:large, max-video-preview:-1\" \/>\n<link rel=\"canonical\" href=\"https:\/\/www.yorku.ca\/glendon\/future-students\/conditions-dadmission\/\" \/>\n<meta property=\"og:locale\" content=\"en_US\" \/>\n<meta property=\"og:type\" content=\"article\" \/>\n<meta property=\"og:title\" content=\"Conditions d\u2019admission | Glendon Campus\" \/>\n<meta property=\"og:description\" content=\"\u00c9TUDIANTS DES \u00c9COLES SECONDAIRESVous fr\u00e9quentez actuellement \u00e0 temps plein une \u00e9cole secondaire, ou vous avez r\u00e9cemment obtenu votre dipl\u00f4me d\u2019\u00e9tudes secondaires ? \u00c9TUDIANTS INTERNATIONAUXVous n\u2019\u00eates ni citoyen canadien, ni r\u00e9sident permanent, et vous avez besoin d\u2019un permis d\u2019\u00e9tudes pour vous inscrire \u00e0 l\u2019universit\u00e9 ? TRANSFERT D\u2019UNE AUTRE UNIVERSIT\u00c9 OU D\u2019UN COLL\u00c8GEVous avez termin\u00e9 une ann\u00e9e [&hellip;]\" \/>\n<meta property=\"og:url\" content=\"https:\/\/www.yorku.ca\/glendon\/future-students\/conditions-dadmission\/?lang=fr\" \/>\n<meta property=\"og:site_name\" content=\"Glendon Campus\" \/>\n<meta property=\"article:publisher\" content=\"https:\/\/www.facebook.com\/GlendonCampus\/\" \/>\n<meta property=\"article:modified_time\" content=\"2025-03-07T19:57:51+00:00\" \/>\n<meta property=\"og:image\" content=\"https:\/\/www.yorku.ca\/glendon\/wp-content\/uploads\/sites\/508\/2022\/09\/glendon-students-Glendon-SA-061-feature.jpg\" \/>\n\t<meta property=\"og:image:width\" content=\"1642\" \/>\n\t<meta property=\"og:image:height\" content=\"794\" \/>\n\t<meta property=\"og:image:type\" content=\"image\/jpeg\" \/>\n<meta name=\"twitter:card\" content=\"summary_large_image\" \/>\n<meta name=\"twitter:site\" content=\"@glendoncampus\" \/>\n<meta name=\"twitter:label1\" content=\"Est. reading time\" \/>\n\t<meta name=\"twitter:data1\" content=\"2 minutes\" \/>\n<script type=\"application\/ld+json\" class=\"yoast-schema-graph\">{\"@context\":\"https:\/\/schema.org\",\"@graph\":[{\"@type\":\"WebPage\",\"@id\":\"https:\/\/www.yorku.ca\/glendon\/future-students\/conditions-dadmission\/?lang=fr\",\"url\":\"https:\/\/www.yorku.ca\/glendon\/future-students\/conditions-dadmission\/?lang=fr\",\"name\":\"Conditions d\u2019admission | Glendon Campus\",\"isPartOf\":{\"@id\":\"https:\/\/www.yorku.ca\/glendon\/#website\"},\"primaryImageOfPage\":{\"@id\":\"https:\/\/www.yorku.ca\/glendon\/future-students\/conditions-dadmission\/?lang=fr#primaryimage\"},\"image\":{\"@id\":\"https:\/\/www.yorku.ca\/glendon\/future-students\/conditions-dadmission\/?lang=fr#primaryimage\"},\"thumbnailUrl\":\"https:\/\/www.yorku.ca\/glendon\/wp-content\/uploads\/sites\/508\/2022\/09\/glendon-students-Glendon-SA-061-feature.jpg\",\"datePublished\":\"2022-09-30T17:27:51+00:00\",\"dateModified\":\"2025-03-07T19:57:51+00:00\",\"breadcrumb\":{\"@id\":\"https:\/\/www.yorku.ca\/glendon\/future-students\/conditions-dadmission\/?lang=fr#breadcrumb\"},\"inLanguage\":\"en-US\",\"potentialAction\":[{\"@type\":\"ReadAction\",\"target\":[\"https:\/\/www.yorku.ca\/glendon\/future-students\/conditions-dadmission\/?lang=fr\"]}]},{\"@type\":\"ImageObject\",\"inLanguage\":\"en-US\",\"@id\":\"https:\/\/www.yorku.ca\/glendon\/future-students\/conditions-dadmission\/?lang=fr#primaryimage\",\"url\":\"https:\/\/www.yorku.ca\/glendon\/wp-content\/uploads\/sites\/508\/2022\/09\/glendon-students-Glendon-SA-061-feature.jpg\",\"contentUrl\":\"https:\/\/www.yorku.ca\/glendon\/wp-content\/uploads\/sites\/508\/2022\/09\/glendon-students-Glendon-SA-061-feature.jpg\",\"width\":1642,\"height\":794},{\"@type\":\"BreadcrumbList\",\"@id\":\"https:\/\/www.yorku.ca\/glendon\/future-students\/conditions-dadmission\/?lang=fr#breadcrumb\",\"itemListElement\":[{\"@type\":\"ListItem\",\"position\":1,\"name\":\"Home\",\"item\":\"\/glendon\/\"},{\"@type\":\"ListItem\",\"position\":2,\"name\":\"Glendon Campus\",\"item\":\"https:\/\/www.yorku.ca\/glendon\/\"},{\"@type\":\"ListItem\",\"position\":3,\"name\":\"Futurs \u00e9tudiants\",\"item\":\"https:\/\/www.yorku.ca\/glendon\/future-students\/\"},{\"@type\":\"ListItem\",\"position\":4,\"name\":\"Conditions d\u2019admission\"}]},{\"@type\":\"WebSite\",\"@id\":\"https:\/\/www.yorku.ca\/glendon\/#website\",\"url\":\"https:\/\/www.yorku.ca\/glendon\/\",\"name\":\"Glendon Campus\",\"description\":\"\",\"publisher\":{\"@id\":\"https:\/\/www.yorku.ca\/glendon\/#organization\"},\"potentialAction\":[{\"@type\":\"SearchAction\",\"target\":{\"@type\":\"EntryPoint\",\"urlTemplate\":\"https:\/\/www.yorku.ca\/glendon\/?s={search_term_string}\"},\"query-input\":{\"@type\":\"PropertyValueSpecification\",\"valueRequired\":true,\"valueName\":\"search_term_string\"}}],\"inLanguage\":\"en-US\"},{\"@type\":\"Organization\",\"@id\":\"https:\/\/www.yorku.ca\/glendon\/#organization\",\"name\":\"Glendon Campus\",\"url\":\"https:\/\/www.yorku.ca\/glendon\/\",\"logo\":{\"@type\":\"ImageObject\",\"inLanguage\":\"en-US\",\"@id\":\"https:\/\/www.yorku.ca\/glendon\/#\/schema\/logo\/image\/\",\"url\":\"https:\/\/www.yorku.ca\/glendon\/wp-content\/uploads\/sites\/508\/2023\/07\/Glendon-Campus-YorkU-Logo-.png\",\"contentUrl\":\"https:\/\/www.yorku.ca\/glendon\/wp-content\/uploads\/sites\/508\/2023\/07\/Glendon-Campus-YorkU-Logo-.png\",\"width\":5516,\"height\":601,\"caption\":\"Glendon Campus\"},\"image\":{\"@id\":\"https:\/\/www.yorku.ca\/glendon\/#\/schema\/logo\/image\/\"},\"sameAs\":[\"https:\/\/www.facebook.com\/GlendonCampus\/\",\"https:\/\/x.com\/glendoncampus\",\"https:\/\/www.instagram.com\/glendoncampus\/\",\"https:\/\/www.linkedin.com\/school\/glendon-campus\/\",\"https:\/\/www.youtube.com\/channel\/UC8bu5ntS7ZMGCURI0C-uENQ\",\"https:\/\/en.wikipedia.org\/wiki\/Glendon_College\"]}]}<\/script>\n<!-- \/ Yoast SEO plugin. -->","yoast_head_json":{"title":"Conditions d\u2019admission | Glendon Campus","robots":{"index":"index","follow":"follow","max-snippet":"max-snippet:-1","max-image-preview":"max-image-preview:large","max-video-preview":"max-video-preview:-1"},"canonical":"https:\/\/www.yorku.ca\/glendon\/future-students\/conditions-dadmission\/","og_locale":"en_US","og_type":"article","og_title":"Conditions d\u2019admission | Glendon Campus","og_description":"\u00c9TUDIANTS DES \u00c9COLES SECONDAIRESVous fr\u00e9quentez actuellement \u00e0 temps plein une \u00e9cole secondaire, ou vous avez r\u00e9cemment obtenu votre dipl\u00f4me d\u2019\u00e9tudes secondaires ? \u00c9TUDIANTS INTERNATIONAUXVous n\u2019\u00eates ni citoyen canadien, ni r\u00e9sident permanent, et vous avez besoin d\u2019un permis d\u2019\u00e9tudes pour vous inscrire \u00e0 l\u2019universit\u00e9 ? TRANSFERT D\u2019UNE AUTRE UNIVERSIT\u00c9 OU D\u2019UN COLL\u00c8GEVous avez termin\u00e9 une ann\u00e9e [&hellip;]","og_url":"https:\/\/www.yorku.ca\/glendon\/future-students\/conditions-dadmission\/?lang=fr","og_site_name":"Glendon Campus","article_publisher":"https:\/\/www.facebook.com\/GlendonCampus\/","article_modified_time":"2025-03-07T19:57:51+00:00","og_image":[{"width":1642,"height":794,"url":"https:\/\/www.yorku.ca\/glendon\/wp-content\/uploads\/sites\/508\/2022\/09\/glendon-students-Glendon-SA-061-feature.jpg","type":"image\/jpeg"}],"twitter_card":"summary_large_image","twitter_site":"@glendoncampus","twitter_misc":{"Est. reading time":"2 minutes"},"schema":{"@context":"https:\/\/schema.org","@graph":[{"@type":"WebPage","@id":"https:\/\/www.yorku.ca\/glendon\/future-students\/conditions-dadmission\/?lang=fr","url":"https:\/\/www.yorku.ca\/glendon\/future-students\/conditions-dadmission\/?lang=fr","name":"Conditions d\u2019admission | Glendon Campus","isPartOf":{"@id":"https:\/\/www.yorku.ca\/glendon\/#website"},"primaryImageOfPage":{"@id":"https:\/\/www.yorku.ca\/glendon\/future-students\/conditions-dadmission\/?lang=fr#primaryimage"},"image":{"@id":"https:\/\/www.yorku.ca\/glendon\/future-students\/conditions-dadmission\/?lang=fr#primaryimage"},"thumbnailUrl":"https:\/\/www.yorku.ca\/glendon\/wp-content\/uploads\/sites\/508\/2022\/09\/glendon-students-Glendon-SA-061-feature.jpg","datePublished":"2022-09-30T17:27:51+00:00","dateModified":"2025-03-07T19:57:51+00:00","breadcrumb":{"@id":"https:\/\/www.yorku.ca\/glendon\/future-students\/conditions-dadmission\/?lang=fr#breadcrumb"},"inLanguage":"en-US","potentialAction":[{"@type":"ReadAction","target":["https:\/\/www.yorku.ca\/glendon\/future-students\/conditions-dadmission\/?lang=fr"]}]},{"@type":"ImageObject","inLanguage":"en-US","@id":"https:\/\/www.yorku.ca\/glendon\/future-students\/conditions-dadmission\/?lang=fr#primaryimage","url":"https:\/\/www.yorku.ca\/glendon\/wp-content\/uploads\/sites\/508\/2022\/09\/glendon-students-Glendon-SA-061-feature.jpg","contentUrl":"https:\/\/www.yorku.ca\/glendon\/wp-content\/uploads\/sites\/508\/2022\/09\/glendon-students-Glendon-SA-061-feature.jpg","width":1642,"height":794},{"@type":"BreadcrumbList","@id":"https:\/\/www.yorku.ca\/glendon\/future-students\/conditions-dadmission\/?lang=fr#breadcrumb","itemListElement":[{"@type":"ListItem","position":1,"name":"Home","item":"\/glendon\/"},{"@type":"ListItem","position":2,"name":"Glendon Campus","item":"https:\/\/www.yorku.ca\/glendon\/"},{"@type":"ListItem","position":3,"name":"Futurs \u00e9tudiants","item":"https:\/\/www.yorku.ca\/glendon\/future-students\/"},{"@type":"ListItem","position":4,"name":"Conditions d\u2019admission"}]},{"@type":"WebSite","@id":"https:\/\/www.yorku.ca\/glendon\/#website","url":"https:\/\/www.yorku.ca\/glendon\/","name":"Glendon Campus","description":"","publisher":{"@id":"https:\/\/www.yorku.ca\/glendon\/#organization"},"potentialAction":[{"@type":"SearchAction","target":{"@type":"EntryPoint","urlTemplate":"https:\/\/www.yorku.ca\/glendon\/?s={search_term_string}"},"query-input":{"@type":"PropertyValueSpecification","valueRequired":true,"valueName":"search_term_string"}}],"inLanguage":"en-US"},{"@type":"Organization","@id":"https:\/\/www.yorku.ca\/glendon\/#organization","name":"Glendon Campus","url":"https:\/\/www.yorku.ca\/glendon\/","logo":{"@type":"ImageObject","inLanguage":"en-US","@id":"https:\/\/www.yorku.ca\/glendon\/#\/schema\/logo\/image\/","url":"https:\/\/www.yorku.ca\/glendon\/wp-content\/uploads\/sites\/508\/2023\/07\/Glendon-Campus-YorkU-Logo-.png","contentUrl":"https:\/\/www.yorku.ca\/glendon\/wp-content\/uploads\/sites\/508\/2023\/07\/Glendon-Campus-YorkU-Logo-.png","width":5516,"height":601,"caption":"Glendon Campus"},"image":{"@id":"https:\/\/www.yorku.ca\/glendon\/#\/schema\/logo\/image\/"},"sameAs":["https:\/\/www.facebook.com\/GlendonCampus\/","https:\/\/x.com\/glendoncampus","https:\/\/www.instagram.com\/glendoncampus\/","https:\/\/www.linkedin.com\/school\/glendon-campus\/","https:\/\/www.youtube.com\/channel\/UC8bu5ntS7ZMGCURI0C-uENQ","https:\/\/en.wikipedia.org\/wiki\/Glendon_College"]}]}},"taxonomy_info":[],"featured_image_src_large":["https:\/\/www.yorku.ca\/glendon\/wp-content\/uploads\/sites\/508\/2022\/09\/glendon-students-Glendon-SA-061-feature-1024x495.jpg",1024,495,true],"author_info":{"display_name":"rythera","author_link":"https:\/\/www.yorku.ca\/glendon\/author\/rythera\/"},"comment_info":0,"_links":{"self":[{"href":"https:\/\/www.yorku.ca\/glendon\/wp-json\/wp\/v2\/pages\/7713","targetHints":{"allow":["GET"]}}],"collection":[{"href":"https:\/\/www.yorku.ca\/glendon\/wp-json\/wp\/v2\/pages"}],"about":[{"href":"https:\/\/www.yorku.ca\/glendon\/wp-json\/wp\/v2\/types\/page"}],"author":[{"embeddable":true,"href":"https:\/\/www.yorku.ca\/glendon\/wp-json\/wp\/v2\/users\/190"}],"replies":[{"embeddable":true,"href":"https:\/\/www.yorku.ca\/glendon\/wp-json\/wp\/v2\/comments?post=7713"}],"version-history":[{"count":6,"href":"https:\/\/www.yorku.ca\/glendon\/wp-json\/wp\/v2\/pages\/7713\/revisions"}],"predecessor-version":[{"id":30120,"href":"https:\/\/www.yorku.ca\/glendon\/wp-json\/wp\/v2\/pages\/7713\/revisions\/30120"}],"up":[{"embeddable":true,"href":"https:\/\/www.yorku.ca\/glendon\/wp-json\/wp\/v2\/pages\/5389"}],"wp:featuredmedia":[{"embeddable":true,"href":"https:\/\/www.yorku.ca\/glendon\/wp-json\/wp\/v2\/media\/6540"}],"wp:attachment":[{"href":"https:\/\/www.yorku.ca\/glendon\/wp-json\/wp\/v2\/media?parent=7713"}],"wp:term":[{"taxonomy":"post_tag","embeddable":true,"href":"https:\/\/www.yorku.ca\/glendon\/wp-json\/wp\/v2\/tags?post=7713"}],"curies":[{"name":"wp","href":"https:\/\/api.w.org\/{rel}","templated":true}]}}