  {"id":7538,"date":"2022-09-29T11:27:03","date_gmt":"2022-09-29T15:27:03","guid":{"rendered":"https:\/\/www.yorku.ca\/glendon\/?page_id=7538"},"modified":"2024-11-06T10:21:04","modified_gmt":"2024-11-06T15:21:04","slug":"glendon-theatre","status":"publish","type":"page","link":"https:\/\/www.yorku.ca\/glendon\/glendon-theatre\/?lang=fr","title":{"rendered":"Th\u00e9\u00e2tre Glendon"},"content":{"rendered":"\n<div style=\"height:20px\" aria-hidden=\"true\" class=\"wp-block-spacer\"><\/div>\n\n\n\n<div class=\"wp-block-columns is-layout-flex wp-container-core-columns-is-layout-1 wp-block-columns-is-layout-flex\">\n<div class=\"wp-block-column is-layout-flow wp-block-column-is-layout-flow\" style=\"flex-basis:66.66%\">\n<p>Voyez par vous-m\u00eame le dynamisme de la communaut\u00e9 de Glendon! Le Th\u00e9\u00e2tre Glendon est le cadre de spectacles professionnels de haut niveau pr\u00e9sent\u00e9s par nos \u00e9tudiantes et \u00e9tudiants en Th\u00e9\u00e2tre et arts visuels, ainsi que par les membres de nos clubs d\u2019arts de la sc\u00e8ne \u2014 Alteri Productions, Glendon Dance Team et Glendon Performing Arts \u2014 le tout dans plusieurs langues. Consultez notre calendrier des \u00e9v\u00e9nements \u00e0 venir et d\u00e9couvrez comment vous pouvez vous impliquer dans les arts sur le campus, ainsi que les prix d\u2019excellence en th\u00e9\u00e2tre et arts visuels.&nbsp;&nbsp;<\/p>\n<\/div>\n\n\n\n<div class=\"wp-block-column is-layout-flow wp-block-column-is-layout-flow\" style=\"flex-basis:33.33%\">\n<h2 class=\"wp-block-heading text-uppercase h5\">Liens Directs<\/h2>\n\n\n\n<ul class=\"wp-block-list list-unstyled\">\n<li><a href=\"https:\/\/www.yorku.ca\/glendon\/dramaandcreativearts\/?lang=fr\">Programme de th\u00e9\u00e2tre et arts visuels<\/a><\/li>\n\n\n\n<li><a href=\"#club\">Impliquez-vous dans un club \u00e9tudiant<\/a><\/li>\n\n\n\n<li><a href=\"#awards\">Prix pour l'engagement \u00e9tudiant<\/a><\/li>\n\n\n\n<li><a href=\"#rent\">Louez le th\u00e9atre<\/a><\/li>\n\n\n\n<li><a href=\"#archives\">Archives de la biblioth\u00e8que<\/a><\/li>\n<\/ul>\n\n\n\n<div class=\"wp-block-buttons is-layout-flex wp-block-buttons-is-layout-flex\">\n<div class=\"wp-block-button\"><a class=\"wp-block-button__link has-white-color has-vivid-red-background-color has-text-color has-background has-link-color wp-element-button\" href=\"https:\/\/www.yorku.ca\/glendon\/glendon-theatre\/contact-us\/\"><i class=\"fas fa-paper-plane\"><\/i> Contactez-nous!<\/a><\/div>\n<\/div>\n<\/div>\n<\/div>\n\n\n\n<div style=\"height:50px\" aria-hidden=\"true\" class=\"wp-block-spacer\"><\/div>\n\n\n\n<div class=\"wp-block-columns is-layout-flex wp-container-core-columns-is-layout-3 wp-block-columns-is-layout-flex\">\n<div class=\"wp-block-column is-layout-flow wp-block-column-is-layout-flow\" style=\"flex-basis:66.66%\">\n<div class=\"wp-block-columns is-layout-flex wp-container-core-columns-is-layout-2 wp-block-columns-is-layout-flex\">\n<div class=\"wp-block-column is-layout-flow wp-block-column-is-layout-flow\" style=\"flex-basis:100%\">\n<h3 class=\"wp-block-heading\" id=\"club\">Impliquez-vous dans un club \u00e9tudiant&nbsp;<\/h3>\n<\/div>\n<\/div>\n\n\n\n<p>Amoureux et amoureuses du th\u00e9\u00e2tre, oyez, oyez! Devenez membre de la compagnie de production th\u00e9\u00e2trale&nbsp;<a href=\"https:\/\/www.instagram.com\/alteriproductions\/\" target=\"_blank\" rel=\"noreferrer noopener\">Alteri&nbsp;<\/a><a href=\"https:\/\/yorku.campuslabs.ca\/engage\/organization\/alteriproductionsalteri\" target=\"_blank\" rel=\"noreferrer noopener\">Productions<\/a>&nbsp;qui organise des spectacles et des \u00e9v\u00e9nements tout au long de l\u2019ann\u00e9e, notamment le tr\u00e8s estim\u00e9 festival Glendon<em>&nbsp;Fridge.<\/em>&nbsp;Si l\u2019expression par la danse vous passionne \u2014 que vous ayez d\u00e9j\u00e0 mis les pieds dans un studio ou non \u2014&nbsp;<a href=\"https:\/\/yorku.campuslabs.ca\/engage\/organization\/gdt_gl\" target=\"_blank\" rel=\"noreferrer noopener\">l\u2019\u00e9quipe de danse<\/a>&nbsp;de Glendon vous accueillera \u00e0 bras ouverts!&nbsp;<\/p>\n<\/div>\n\n\n\n<div class=\"wp-block-column is-layout-flow wp-block-column-is-layout-flow\" style=\"flex-basis:33.33%\">\n<figure class=\"wp-block-image size-large\"><img loading=\"lazy\" decoding=\"async\" width=\"1024\" height=\"577\" src=\"https:\/\/www.yorku.ca\/glendon\/wp-content\/uploads\/sites\/508\/2021\/10\/york-academic-life-students_dance2-1024x577.jpg\" alt=\"\" class=\"wp-image-1794\" srcset=\"https:\/\/www.yorku.ca\/glendon\/wp-content\/uploads\/sites\/508\/2021\/10\/york-academic-life-students_dance2-1024x577.jpg 1024w, https:\/\/www.yorku.ca\/glendon\/wp-content\/uploads\/sites\/508\/2021\/10\/york-academic-life-students_dance2-400x225.jpg 400w, https:\/\/www.yorku.ca\/glendon\/wp-content\/uploads\/sites\/508\/2021\/10\/york-academic-life-students_dance2-1536x865.jpg 1536w, https:\/\/www.yorku.ca\/glendon\/wp-content\/uploads\/sites\/508\/2021\/10\/york-academic-life-students_dance2.jpg 1642w\" sizes=\"auto, (max-width: 1024px) 100vw, 1024px\" \/><\/figure>\n<\/div>\n<\/div>\n\n\n\n<div style=\"height:50px\" aria-hidden=\"true\" class=\"wp-block-spacer\"><\/div>\n\n\n\n<div class=\"wp-block-columns is-layout-flex wp-container-core-columns-is-layout-4 wp-block-columns-is-layout-flex\">\n<div class=\"wp-block-column is-layout-flow wp-block-column-is-layout-flow\" style=\"flex-basis:33.3%\">\n<figure class=\"wp-block-image size-large border-md border-gl\"><img loading=\"lazy\" decoding=\"async\" width=\"1024\" height=\"577\" src=\"https:\/\/www.yorku.ca\/glendon\/wp-content\/uploads\/sites\/508\/2022\/08\/glendon-dsc02860-1024x577.jpg\" alt=\"Students on Glendon Campus.\" class=\"wp-image-6327\" srcset=\"https:\/\/www.yorku.ca\/glendon\/wp-content\/uploads\/sites\/508\/2022\/08\/glendon-dsc02860-1024x577.jpg 1024w, https:\/\/www.yorku.ca\/glendon\/wp-content\/uploads\/sites\/508\/2022\/08\/glendon-dsc02860-400x225.jpg 400w, https:\/\/www.yorku.ca\/glendon\/wp-content\/uploads\/sites\/508\/2022\/08\/glendon-dsc02860-1536x865.jpg 1536w, https:\/\/www.yorku.ca\/glendon\/wp-content\/uploads\/sites\/508\/2022\/08\/glendon-dsc02860.jpg 1642w\" sizes=\"auto, (max-width: 1024px) 100vw, 1024px\" \/><\/figure>\n<\/div>\n\n\n\n<div class=\"wp-block-column is-layout-flow wp-block-column-is-layout-flow\" style=\"flex-basis:66.6%\">\n<h3 class=\"wp-block-heading\" id=\"awards\">Prix pour l\u2019engagement \u00e9tudiant dans le domaine des arts&nbsp;<\/h3>\n\n\n\n<p>Nous voulons reconna\u00eetre votre d\u00e9vouement envers le th\u00e9\u00e2tre et les arts. En plus d\u2019un coup de pouce financier, les prix et bourses soulignent tous vos efforts, autant sur votre CV que sur votre relev\u00e9 de notes. <a href=\"https:\/\/www.yorku.ca\/glendon\/glendon-theatre\/awards\/?lang=fr\" target=\"_blank\" rel=\"noreferrer noopener\">Consultez les prix et bourses disponibles<\/a>.<\/p>\n\n\n\n<p><\/p>\n<\/div>\n<\/div>\n\n\n\n<div style=\"height:50px\" aria-hidden=\"true\" class=\"wp-block-spacer\"><\/div>\n\n\n\n<div class=\"wp-block-columns is-layout-flex wp-container-core-columns-is-layout-5 wp-block-columns-is-layout-flex\">\n<div class=\"wp-block-column is-layout-flow wp-block-column-is-layout-flow\" style=\"flex-basis:66.66%\">\n<h3 class=\"wp-block-heading\" id=\"rent\">Location d\u2019espace&nbsp;<\/h3>\n\n\n\n<p>D\u00e9couvrez comment utiliser nos installations \u2014 notamment <a href=\"https:\/\/www.yorku.ca\/glendon\/glendon-theatre\/rentals\/?lang=fr\" target=\"_blank\" rel=\"noreferrer noopener\">notre studio spacieux et nos \u00e9quipements d\u2019\u00e9clairage, audio et vid\u00e9o de haute technologie<\/a> \u2014 pour votre prochain \u00e9v\u00e9nement.\u00a0<\/p>\n<\/div>\n\n\n\n<div class=\"wp-block-column is-layout-flow wp-block-column-is-layout-flow\" style=\"flex-basis:33.33%\">\n<figure class=\"wp-block-image size-large border-md border-gl\"><img loading=\"lazy\" decoding=\"async\" width=\"1024\" height=\"577\" src=\"https:\/\/www.yorku.ca\/glendon\/wp-content\/uploads\/sites\/508\/2022\/08\/glendon-dsc02715-1024x577.jpg\" alt=\"Students on Glendon Campus.\" class=\"wp-image-6325\" srcset=\"https:\/\/www.yorku.ca\/glendon\/wp-content\/uploads\/sites\/508\/2022\/08\/glendon-dsc02715-1024x577.jpg 1024w, https:\/\/www.yorku.ca\/glendon\/wp-content\/uploads\/sites\/508\/2022\/08\/glendon-dsc02715-400x225.jpg 400w, https:\/\/www.yorku.ca\/glendon\/wp-content\/uploads\/sites\/508\/2022\/08\/glendon-dsc02715-1536x865.jpg 1536w, https:\/\/www.yorku.ca\/glendon\/wp-content\/uploads\/sites\/508\/2022\/08\/glendon-dsc02715.jpg 1642w\" sizes=\"auto, (max-width: 1024px) 100vw, 1024px\" \/><\/figure>\n<\/div>\n<\/div>\n\n\n\n<div style=\"height:50px\" aria-hidden=\"true\" class=\"wp-block-spacer\"><\/div>\n\n\n\n<div class=\"wp-block-columns is-layout-flex wp-container-core-columns-is-layout-6 wp-block-columns-is-layout-flex\">\n<div class=\"wp-block-column is-layout-flow wp-block-column-is-layout-flow\" style=\"flex-basis:33.3%\">\n<figure class=\"wp-block-image size-large border-md border-gl\"><img loading=\"lazy\" decoding=\"async\" width=\"1024\" height=\"577\" src=\"https:\/\/www.yorku.ca\/glendon\/wp-content\/uploads\/sites\/508\/2022\/09\/glendon-dsc03933-1024x577.jpg\" alt=\"Students on Glendon Campus.\" class=\"wp-image-6529\" srcset=\"https:\/\/www.yorku.ca\/glendon\/wp-content\/uploads\/sites\/508\/2022\/09\/glendon-dsc03933-1024x577.jpg 1024w, https:\/\/www.yorku.ca\/glendon\/wp-content\/uploads\/sites\/508\/2022\/09\/glendon-dsc03933-400x225.jpg 400w, https:\/\/www.yorku.ca\/glendon\/wp-content\/uploads\/sites\/508\/2022\/09\/glendon-dsc03933-1536x865.jpg 1536w, https:\/\/www.yorku.ca\/glendon\/wp-content\/uploads\/sites\/508\/2022\/09\/glendon-dsc03933.jpg 1642w\" sizes=\"auto, (max-width: 1024px) 100vw, 1024px\" \/><\/figure>\n<\/div>\n\n\n\n<div class=\"wp-block-column is-layout-flow wp-block-column-is-layout-flow\" style=\"flex-basis:66.6%\">\n<h3 class=\"wp-block-heading\" id=\"archives\">Archives de la biblioth\u00e8que<\/h3>\n\n\n\n<p>Vous pouvez trouver nos archives <a href=\"https:\/\/yorkspace.library.yorku.ca\/xmlui\/handle\/10315\/6211\" target=\"_blank\" rel=\"noreferrer noopener\">ici<\/a>.<\/p>\n<\/div>\n<\/div>\n\n\n\n<div style=\"height:100px\" aria-hidden=\"true\" class=\"wp-block-spacer\"><\/div>\n\n\n","protected":false},"excerpt":{"rendered":"<p>Voyez par vous-m\u00eame le dynamisme de la communaut\u00e9 de Glendon! Le Th\u00e9\u00e2tre Glendon est le cadre de spectacles professionnels de haut niveau pr\u00e9sent\u00e9s par nos \u00e9tudiantes et \u00e9tudiants en Th\u00e9\u00e2tre et arts visuels, ainsi que par les membres de nos clubs d\u2019arts de la sc\u00e8ne \u2014 Alteri Productions, Glendon Dance Team et Glendon Performing Arts [&hellip;]<\/p>\n","protected":false},"author":190,"featured_media":7524,"parent":0,"menu_order":0,"comment_status":"closed","ping_status":"closed","template":"secondary-page.php","meta":{"_kad_blocks_custom_css":"","_kad_blocks_head_custom_js":"","_kad_blocks_body_custom_js":"","_kad_blocks_footer_custom_js":"","footnotes":""},"tags":[],"class_list":["post-7538","page","type-page","status-publish","has-post-thumbnail","hentry"],"acf":[],"yoast_head":"<!-- This site is optimized with the Yoast SEO plugin v24.0 - https:\/\/yoast.com\/wordpress\/plugins\/seo\/ -->\n<title>Th\u00e9\u00e2tre Glendon | Glendon Campus | Universit\u00e9 York<\/title>\n<meta name=\"description\" content=\"Le Th\u00e9\u00e2tre Glendon du Campus Glendon de l&#039;Universit\u00e9 York est l&#039;endroit id\u00e9al pour assister \u00e0 des spectacles de premier plan offerts par des \u00e9tudiants en art dramatique ainsi que par nos clubs d&#039;arts de la sc\u00e8ne.\" \/>\n<meta name=\"robots\" content=\"index, follow, max-snippet:-1, max-image-preview:large, max-video-preview:-1\" \/>\n<link rel=\"canonical\" href=\"https:\/\/www.yorku.ca\/glendon\/glendon-theatre\/\" \/>\n<meta property=\"og:locale\" content=\"en_US\" \/>\n<meta property=\"og:type\" content=\"article\" \/>\n<meta property=\"og:title\" content=\"Th\u00e9\u00e2tre Glendon | Glendon Campus | Universit\u00e9 York\" \/>\n<meta property=\"og:description\" content=\"Le Th\u00e9\u00e2tre Glendon du Campus Glendon de l&#039;Universit\u00e9 York est l&#039;endroit id\u00e9al pour assister \u00e0 des spectacles de premier plan offerts par des \u00e9tudiants en art dramatique ainsi que par nos clubs d&#039;arts de la sc\u00e8ne.\" \/>\n<meta property=\"og:url\" content=\"https:\/\/www.yorku.ca\/glendon\/glendon-theatre\/?lang=fr\" \/>\n<meta property=\"og:site_name\" content=\"Glendon Campus\" \/>\n<meta property=\"article:publisher\" content=\"https:\/\/www.facebook.com\/GlendonCampus\/\" \/>\n<meta property=\"article:modified_time\" content=\"2024-11-06T15:21:04+00:00\" \/>\n<meta property=\"og:image\" content=\"https:\/\/www.yorku.ca\/glendon\/wp-content\/uploads\/sites\/508\/2022\/01\/artaud-dscf0357-feature.jpg\" \/>\n\t<meta property=\"og:image:width\" content=\"1642\" \/>\n\t<meta property=\"og:image:height\" content=\"799\" \/>\n\t<meta property=\"og:image:type\" content=\"image\/jpeg\" \/>\n<meta name=\"twitter:card\" content=\"summary_large_image\" \/>\n<meta name=\"twitter:site\" content=\"@glendoncampus\" \/>\n<meta name=\"twitter:label1\" content=\"Est. reading time\" \/>\n\t<meta name=\"twitter:data1\" content=\"3 minutes\" \/>\n<script type=\"application\/ld+json\" class=\"yoast-schema-graph\">{\"@context\":\"https:\/\/schema.org\",\"@graph\":[{\"@type\":\"WebPage\",\"@id\":\"https:\/\/www.yorku.ca\/glendon\/glendon-theatre\/?lang=fr\",\"url\":\"https:\/\/www.yorku.ca\/glendon\/glendon-theatre\/?lang=fr\",\"name\":\"Th\u00e9\u00e2tre Glendon | Glendon Campus | Universit\u00e9 York\",\"isPartOf\":{\"@id\":\"https:\/\/www.yorku.ca\/glendon\/#website\"},\"primaryImageOfPage\":{\"@id\":\"https:\/\/www.yorku.ca\/glendon\/glendon-theatre\/?lang=fr#primaryimage\"},\"image\":{\"@id\":\"https:\/\/www.yorku.ca\/glendon\/glendon-theatre\/?lang=fr#primaryimage\"},\"thumbnailUrl\":\"https:\/\/www.yorku.ca\/glendon\/wp-content\/uploads\/sites\/508\/2022\/01\/artaud-dscf0357-feature.jpg\",\"datePublished\":\"2022-09-29T15:27:03+00:00\",\"dateModified\":\"2024-11-06T15:21:04+00:00\",\"description\":\"Le Th\u00e9\u00e2tre Glendon du Campus Glendon de l'Universit\u00e9 York est l'endroit id\u00e9al pour assister \u00e0 des spectacles de premier plan offerts par des \u00e9tudiants en art dramatique ainsi que par nos clubs d'arts de la sc\u00e8ne.\",\"breadcrumb\":{\"@id\":\"https:\/\/www.yorku.ca\/glendon\/glendon-theatre\/?lang=fr#breadcrumb\"},\"inLanguage\":\"en-US\",\"potentialAction\":[{\"@type\":\"ReadAction\",\"target\":[\"https:\/\/www.yorku.ca\/glendon\/glendon-theatre\/?lang=fr\"]}]},{\"@type\":\"ImageObject\",\"inLanguage\":\"en-US\",\"@id\":\"https:\/\/www.yorku.ca\/glendon\/glendon-theatre\/?lang=fr#primaryimage\",\"url\":\"https:\/\/www.yorku.ca\/glendon\/wp-content\/uploads\/sites\/508\/2022\/01\/artaud-dscf0357-feature.jpg\",\"contentUrl\":\"https:\/\/www.yorku.ca\/glendon\/wp-content\/uploads\/sites\/508\/2022\/01\/artaud-dscf0357-feature.jpg\",\"width\":1642,\"height\":799},{\"@type\":\"BreadcrumbList\",\"@id\":\"https:\/\/www.yorku.ca\/glendon\/glendon-theatre\/?lang=fr#breadcrumb\",\"itemListElement\":[{\"@type\":\"ListItem\",\"position\":1,\"name\":\"Home\",\"item\":\"\/glendon\/\"},{\"@type\":\"ListItem\",\"position\":2,\"name\":\"Glendon Campus\",\"item\":\"https:\/\/www.yorku.ca\/glendon\/\"},{\"@type\":\"ListItem\",\"position\":3,\"name\":\"Th\u00e9\u00e2tre Glendon\"}]},{\"@type\":\"WebSite\",\"@id\":\"https:\/\/www.yorku.ca\/glendon\/#website\",\"url\":\"https:\/\/www.yorku.ca\/glendon\/\",\"name\":\"Glendon Campus\",\"description\":\"\",\"publisher\":{\"@id\":\"https:\/\/www.yorku.ca\/glendon\/#organization\"},\"potentialAction\":[{\"@type\":\"SearchAction\",\"target\":{\"@type\":\"EntryPoint\",\"urlTemplate\":\"https:\/\/www.yorku.ca\/glendon\/?s={search_term_string}\"},\"query-input\":{\"@type\":\"PropertyValueSpecification\",\"valueRequired\":true,\"valueName\":\"search_term_string\"}}],\"inLanguage\":\"en-US\"},{\"@type\":\"Organization\",\"@id\":\"https:\/\/www.yorku.ca\/glendon\/#organization\",\"name\":\"Glendon Campus\",\"url\":\"https:\/\/www.yorku.ca\/glendon\/\",\"logo\":{\"@type\":\"ImageObject\",\"inLanguage\":\"en-US\",\"@id\":\"https:\/\/www.yorku.ca\/glendon\/#\/schema\/logo\/image\/\",\"url\":\"https:\/\/www.yorku.ca\/glendon\/wp-content\/uploads\/sites\/508\/2023\/07\/Glendon-Campus-YorkU-Logo-.png\",\"contentUrl\":\"https:\/\/www.yorku.ca\/glendon\/wp-content\/uploads\/sites\/508\/2023\/07\/Glendon-Campus-YorkU-Logo-.png\",\"width\":5516,\"height\":601,\"caption\":\"Glendon Campus\"},\"image\":{\"@id\":\"https:\/\/www.yorku.ca\/glendon\/#\/schema\/logo\/image\/\"},\"sameAs\":[\"https:\/\/www.facebook.com\/GlendonCampus\/\",\"https:\/\/x.com\/glendoncampus\",\"https:\/\/www.instagram.com\/glendoncampus\/\",\"https:\/\/www.linkedin.com\/school\/glendon-campus\/\",\"https:\/\/www.youtube.com\/channel\/UC8bu5ntS7ZMGCURI0C-uENQ\",\"https:\/\/en.wikipedia.org\/wiki\/Glendon_College\"]}]}<\/script>\n<!-- \/ Yoast SEO plugin. -->","yoast_head_json":{"title":"Th\u00e9\u00e2tre Glendon | Glendon Campus | Universit\u00e9 York","description":"Le Th\u00e9\u00e2tre Glendon du Campus Glendon de l'Universit\u00e9 York est l'endroit id\u00e9al pour assister \u00e0 des spectacles de premier plan offerts par des \u00e9tudiants en art dramatique ainsi que par nos clubs d'arts de la sc\u00e8ne.","robots":{"index":"index","follow":"follow","max-snippet":"max-snippet:-1","max-image-preview":"max-image-preview:large","max-video-preview":"max-video-preview:-1"},"canonical":"https:\/\/www.yorku.ca\/glendon\/glendon-theatre\/","og_locale":"en_US","og_type":"article","og_title":"Th\u00e9\u00e2tre Glendon | Glendon Campus | Universit\u00e9 York","og_description":"Le Th\u00e9\u00e2tre Glendon du Campus Glendon de l'Universit\u00e9 York est l'endroit id\u00e9al pour assister \u00e0 des spectacles de premier plan offerts par des \u00e9tudiants en art dramatique ainsi que par nos clubs d'arts de la sc\u00e8ne.","og_url":"https:\/\/www.yorku.ca\/glendon\/glendon-theatre\/?lang=fr","og_site_name":"Glendon Campus","article_publisher":"https:\/\/www.facebook.com\/GlendonCampus\/","article_modified_time":"2024-11-06T15:21:04+00:00","og_image":[{"width":1642,"height":799,"url":"https:\/\/www.yorku.ca\/glendon\/wp-content\/uploads\/sites\/508\/2022\/01\/artaud-dscf0357-feature.jpg","type":"image\/jpeg"}],"twitter_card":"summary_large_image","twitter_site":"@glendoncampus","twitter_misc":{"Est. reading time":"3 minutes"},"schema":{"@context":"https:\/\/schema.org","@graph":[{"@type":"WebPage","@id":"https:\/\/www.yorku.ca\/glendon\/glendon-theatre\/?lang=fr","url":"https:\/\/www.yorku.ca\/glendon\/glendon-theatre\/?lang=fr","name":"Th\u00e9\u00e2tre Glendon | Glendon Campus | Universit\u00e9 York","isPartOf":{"@id":"https:\/\/www.yorku.ca\/glendon\/#website"},"primaryImageOfPage":{"@id":"https:\/\/www.yorku.ca\/glendon\/glendon-theatre\/?lang=fr#primaryimage"},"image":{"@id":"https:\/\/www.yorku.ca\/glendon\/glendon-theatre\/?lang=fr#primaryimage"},"thumbnailUrl":"https:\/\/www.yorku.ca\/glendon\/wp-content\/uploads\/sites\/508\/2022\/01\/artaud-dscf0357-feature.jpg","datePublished":"2022-09-29T15:27:03+00:00","dateModified":"2024-11-06T15:21:04+00:00","description":"Le Th\u00e9\u00e2tre Glendon du Campus Glendon de l'Universit\u00e9 York est l'endroit id\u00e9al pour assister \u00e0 des spectacles de premier plan offerts par des \u00e9tudiants en art dramatique ainsi que par nos clubs d'arts de la sc\u00e8ne.","breadcrumb":{"@id":"https:\/\/www.yorku.ca\/glendon\/glendon-theatre\/?lang=fr#breadcrumb"},"inLanguage":"en-US","potentialAction":[{"@type":"ReadAction","target":["https:\/\/www.yorku.ca\/glendon\/glendon-theatre\/?lang=fr"]}]},{"@type":"ImageObject","inLanguage":"en-US","@id":"https:\/\/www.yorku.ca\/glendon\/glendon-theatre\/?lang=fr#primaryimage","url":"https:\/\/www.yorku.ca\/glendon\/wp-content\/uploads\/sites\/508\/2022\/01\/artaud-dscf0357-feature.jpg","contentUrl":"https:\/\/www.yorku.ca\/glendon\/wp-content\/uploads\/sites\/508\/2022\/01\/artaud-dscf0357-feature.jpg","width":1642,"height":799},{"@type":"BreadcrumbList","@id":"https:\/\/www.yorku.ca\/glendon\/glendon-theatre\/?lang=fr#breadcrumb","itemListElement":[{"@type":"ListItem","position":1,"name":"Home","item":"\/glendon\/"},{"@type":"ListItem","position":2,"name":"Glendon Campus","item":"https:\/\/www.yorku.ca\/glendon\/"},{"@type":"ListItem","position":3,"name":"Th\u00e9\u00e2tre Glendon"}]},{"@type":"WebSite","@id":"https:\/\/www.yorku.ca\/glendon\/#website","url":"https:\/\/www.yorku.ca\/glendon\/","name":"Glendon Campus","description":"","publisher":{"@id":"https:\/\/www.yorku.ca\/glendon\/#organization"},"potentialAction":[{"@type":"SearchAction","target":{"@type":"EntryPoint","urlTemplate":"https:\/\/www.yorku.ca\/glendon\/?s={search_term_string}"},"query-input":{"@type":"PropertyValueSpecification","valueRequired":true,"valueName":"search_term_string"}}],"inLanguage":"en-US"},{"@type":"Organization","@id":"https:\/\/www.yorku.ca\/glendon\/#organization","name":"Glendon Campus","url":"https:\/\/www.yorku.ca\/glendon\/","logo":{"@type":"ImageObject","inLanguage":"en-US","@id":"https:\/\/www.yorku.ca\/glendon\/#\/schema\/logo\/image\/","url":"https:\/\/www.yorku.ca\/glendon\/wp-content\/uploads\/sites\/508\/2023\/07\/Glendon-Campus-YorkU-Logo-.png","contentUrl":"https:\/\/www.yorku.ca\/glendon\/wp-content\/uploads\/sites\/508\/2023\/07\/Glendon-Campus-YorkU-Logo-.png","width":5516,"height":601,"caption":"Glendon Campus"},"image":{"@id":"https:\/\/www.yorku.ca\/glendon\/#\/schema\/logo\/image\/"},"sameAs":["https:\/\/www.facebook.com\/GlendonCampus\/","https:\/\/x.com\/glendoncampus","https:\/\/www.instagram.com\/glendoncampus\/","https:\/\/www.linkedin.com\/school\/glendon-campus\/","https:\/\/www.youtube.com\/channel\/UC8bu5ntS7ZMGCURI0C-uENQ","https:\/\/en.wikipedia.org\/wiki\/Glendon_College"]}]}},"taxonomy_info":[],"featured_image_src_large":["https:\/\/www.yorku.ca\/glendon\/wp-content\/uploads\/sites\/508\/2022\/01\/artaud-dscf0357-feature-1024x498.jpg",1024,498,true],"author_info":{"display_name":"rythera","author_link":"https:\/\/www.yorku.ca\/glendon\/author\/rythera\/"},"comment_info":0,"_links":{"self":[{"href":"https:\/\/www.yorku.ca\/glendon\/wp-json\/wp\/v2\/pages\/7538","targetHints":{"allow":["GET"]}}],"collection":[{"href":"https:\/\/www.yorku.ca\/glendon\/wp-json\/wp\/v2\/pages"}],"about":[{"href":"https:\/\/www.yorku.ca\/glendon\/wp-json\/wp\/v2\/types\/page"}],"author":[{"embeddable":true,"href":"https:\/\/www.yorku.ca\/glendon\/wp-json\/wp\/v2\/users\/190"}],"replies":[{"embeddable":true,"href":"https:\/\/www.yorku.ca\/glendon\/wp-json\/wp\/v2\/comments?post=7538"}],"version-history":[{"count":15,"href":"https:\/\/www.yorku.ca\/glendon\/wp-json\/wp\/v2\/pages\/7538\/revisions"}],"predecessor-version":[{"id":25818,"href":"https:\/\/www.yorku.ca\/glendon\/wp-json\/wp\/v2\/pages\/7538\/revisions\/25818"}],"wp:featuredmedia":[{"embeddable":true,"href":"https:\/\/www.yorku.ca\/glendon\/wp-json\/wp\/v2\/media\/7524"}],"wp:attachment":[{"href":"https:\/\/www.yorku.ca\/glendon\/wp-json\/wp\/v2\/media?parent=7538"}],"wp:term":[{"taxonomy":"post_tag","embeddable":true,"href":"https:\/\/www.yorku.ca\/glendon\/wp-json\/wp\/v2\/tags?post=7538"}],"curies":[{"name":"wp","href":"https:\/\/api.w.org\/{rel}","templated":true}]}}