  {"id":7368,"date":"2022-09-27T12:50:52","date_gmt":"2022-09-27T16:50:52","guid":{"rendered":"https:\/\/www.yorku.ca\/glendon\/?page_id=7368"},"modified":"2024-06-19T19:48:52","modified_gmt":"2024-06-19T23:48:52","slug":"language-resources","status":"publish","type":"page","link":"https:\/\/www.yorku.ca\/glendon\/language-resources\/?lang=fr","title":{"rendered":"Ressources linguistiques"},"content":{"rendered":"\n<div style=\"height:20px\" aria-hidden=\"true\" class=\"wp-block-spacer\"><\/div>\n\n\n\n<div class=\"wp-block-columns is-layout-flex wp-container-core-columns-is-layout-1 wp-block-columns-is-layout-flex\">\n<div class=\"wp-block-column is-layout-flow wp-block-column-is-layout-flow\" style=\"flex-basis:66.66%\">\n<p>Nous sommes l\u00e0 pour appuyer votre apprentissage linguistique. Tout au long de votre formation, vous trouverez de l\u2019aide pour am\u00e9liorer vos comp\u00e9tences en lecture et en \u00e9criture, pour d\u00e9velopper votre capacit\u00e9 \u00e0 parler en public et pour pratiquer la langue de votre choix dans un environnement accueillant et s\u00e9curitaire. Gr\u00e2ce \u00e0 nos centres d\u2019apprentissage et de ressources, vous pourrez choisir les ateliers, activit\u00e9s et \u00e9v\u00e9nements li\u00e9s aux langues qui vous aideront \u00e0 am\u00e9liorer vos comp\u00e9tences et \u00e0 vous rapprocher de vos objectifs.&nbsp;<\/p>\n<\/div>\n\n\n\n<div class=\"wp-block-column is-layout-flow wp-block-column-is-layout-flow\" style=\"flex-basis:33.33%\"><\/div>\n<\/div>\n\n\n\n<div style=\"height:50px\" aria-hidden=\"true\" class=\"wp-block-spacer\"><\/div>\n\n\n\n<div class=\"wp-block-group grey-bg-block has-very-light-gray-background-color has-background is-layout-flow wp-block-group-is-layout-flow\">\n<div style=\"height:20px\" aria-hidden=\"true\" class=\"wp-block-spacer\"><\/div>\n\n\n\n<div class=\"wp-block-columns card-deck aspect-ratio is-layout-flex wp-container-core-columns-is-layout-2 wp-block-columns-is-layout-flex\">\n<div class=\"wp-block-column card rounded-0 bg-white is-layout-flow wp-block-column-is-layout-flow\">\n<figure class=\"wp-block-image size-full\"><img loading=\"lazy\" decoding=\"async\" width=\"1024\" height=\"577\" src=\"https:\/\/www.yorku.ca\/glendon\/wp-content\/uploads\/sites\/508\/2023\/03\/Untitled-design-2.png\" alt=\"\" class=\"wp-image-11896\" srcset=\"https:\/\/www.yorku.ca\/glendon\/wp-content\/uploads\/sites\/508\/2023\/03\/Untitled-design-2.png 1024w, https:\/\/www.yorku.ca\/glendon\/wp-content\/uploads\/sites\/508\/2023\/03\/Untitled-design-2-400x225.png 400w\" sizes=\"auto, (max-width: 1024px) 100vw, 1024px\" \/><\/figure>\n\n\n\n<div class=\"wp-block-group card-body is-layout-flow wp-block-group-is-layout-flow\">\n<h3 class=\"card-title h5 wp-block-heading\">Le Centre de formation linguistique pour les \u00e9tudes en fran\u00e7ais<\/h3>\n\n\n\n<p>Ici, vous aurez acc\u00e8s \u00e0 des experts et des ressources pour vous aider \u00e0 ma\u00eetriser davantage la langue fran\u00e7aise. Le Centre vous offrira de l'aide pour compl\u00e9ter vos cours en fran\u00e7ais et d\u00e9velopper vos comp\u00e9tences langagi\u00e8res peu importe votre niveau de fran\u00e7ais.<\/p>\n\n\n\n<p class=\"text-uppercase\"><a href=\"https:\/\/www.yorku.ca\/glendon\/language-resources\/le-centre-de-formation-linguistique-pour-les-etudes-en-francais\/?lang=fr\">Apprenez-en plus<\/a><\/p>\n<\/div>\n<\/div>\n\n\n\n<div class=\"wp-block-column card rounded-0 bg-white is-layout-flow wp-block-column-is-layout-flow\">\n<figure class=\"wp-block-image size-large\"><img loading=\"lazy\" decoding=\"async\" width=\"1024\" height=\"577\" src=\"https:\/\/www.yorku.ca\/glendon\/wp-content\/uploads\/sites\/508\/2021\/10\/york-academic-life-FES_students10-1024x577.jpg\" alt=\"Students on Glendon Campus.\" class=\"wp-image-2056\" srcset=\"https:\/\/www.yorku.ca\/glendon\/wp-content\/uploads\/sites\/508\/2021\/10\/york-academic-life-FES_students10-1024x577.jpg 1024w, https:\/\/www.yorku.ca\/glendon\/wp-content\/uploads\/sites\/508\/2021\/10\/york-academic-life-FES_students10-400x225.jpg 400w, https:\/\/www.yorku.ca\/glendon\/wp-content\/uploads\/sites\/508\/2021\/10\/york-academic-life-FES_students10-1536x865.jpg 1536w, https:\/\/www.yorku.ca\/glendon\/wp-content\/uploads\/sites\/508\/2021\/10\/york-academic-life-FES_students10.jpg 1642w\" sizes=\"auto, (max-width: 1024px) 100vw, 1024px\" \/><\/figure>\n\n\n\n<div class=\"wp-block-group card-body is-layout-flow wp-block-group-is-layout-flow\">\n<h3 class=\"card-title h5 wp-block-heading\">ESL Open Learning Centre<\/h3>\n\n\n\n<p class=\"card-text\">Vous aurez l\u2019occasion de d\u00e9velopper vos comp\u00e9tences en mati\u00e8re d\u2019\u00e9coute, de lecture, d\u2019\u00e9criture et d\u2019expression orale en petits groupes ou individuellement avec des formateurs linguistiques sympathiques. Vous pourrez \u00e9galement recevoir de l\u2019aide aux devoirs.&nbsp;<\/p>\n\n\n\n<p class=\"text-uppercase\"><a href=\"https:\/\/www.yorku.ca\/glendon\/esl-open-learning-centre\/?lang=fr&amp;repeat=w3tc\">Apprenez-en plus<\/a><\/p>\n<\/div>\n<\/div>\n<\/div>\n\n\n\n<div class=\"wp-block-columns card-deck aspect-ratio is-layout-flex wp-container-core-columns-is-layout-3 wp-block-columns-is-layout-flex\">\n<div class=\"wp-block-column card rounded-0 bg-white is-layout-flow wp-block-column-is-layout-flow\">\n<figure class=\"wp-block-image size-large\"><img loading=\"lazy\" decoding=\"async\" width=\"1024\" height=\"577\" src=\"https:\/\/www.yorku.ca\/glendon\/wp-content\/uploads\/sites\/508\/2021\/10\/glendon-campus-Quad-8-1024x577.jpg\" alt=\"An exterior shot of Glendon Campus.\" class=\"wp-image-2441\" srcset=\"https:\/\/www.yorku.ca\/glendon\/wp-content\/uploads\/sites\/508\/2021\/10\/glendon-campus-Quad-8-1024x577.jpg 1024w, https:\/\/www.yorku.ca\/glendon\/wp-content\/uploads\/sites\/508\/2021\/10\/glendon-campus-Quad-8-400x225.jpg 400w, https:\/\/www.yorku.ca\/glendon\/wp-content\/uploads\/sites\/508\/2021\/10\/glendon-campus-Quad-8-1536x865.jpg 1536w, https:\/\/www.yorku.ca\/glendon\/wp-content\/uploads\/sites\/508\/2021\/10\/glendon-campus-Quad-8.jpg 1642w\" sizes=\"auto, (max-width: 1024px) 100vw, 1024px\" \/><\/figure>\n\n\n\n<div class=\"wp-block-group card-body is-layout-flow wp-block-group-is-layout-flow\">\n<h3 class=\"card-title h5 wp-block-heading\">Centre de ressources espagnol&nbsp;<\/h3>\n\n\n\n<p class=\"card-text\">Cet espace unique en son genre en Ontario offre de nombreuses ressources consacr\u00e9es \u00e0 l\u2019\u00e9tude de la langue et des cultures hispaniques.<\/p>\n\n\n\n<p class=\"text-uppercase\"><a href=\"https:\/\/www.yorku.ca\/glendon\/centre-de-ressources-de-lespagnol\/?lang=fr&amp;repeat=w3tc\">Apprenez-en plus<\/a><\/p>\n<\/div>\n<\/div>\n\n\n\n<div class=\"wp-block-column card rounded-0 bg-white is-layout-flow wp-block-column-is-layout-flow\">\n<figure class=\"wp-block-image size-large\"><img loading=\"lazy\" decoding=\"async\" width=\"1024\" height=\"577\" src=\"https:\/\/www.yorku.ca\/glendon\/wp-content\/uploads\/sites\/508\/2021\/10\/glendon-MAPHD-FRENCH-STUDIES-FR-1024x577.jpg\" alt=\"Students on Glendon Campus.\" class=\"wp-image-2177\" srcset=\"https:\/\/www.yorku.ca\/glendon\/wp-content\/uploads\/sites\/508\/2021\/10\/glendon-MAPHD-FRENCH-STUDIES-FR-1024x577.jpg 1024w, https:\/\/www.yorku.ca\/glendon\/wp-content\/uploads\/sites\/508\/2021\/10\/glendon-MAPHD-FRENCH-STUDIES-FR-400x225.jpg 400w, https:\/\/www.yorku.ca\/glendon\/wp-content\/uploads\/sites\/508\/2021\/10\/glendon-MAPHD-FRENCH-STUDIES-FR-1536x865.jpg 1536w, https:\/\/www.yorku.ca\/glendon\/wp-content\/uploads\/sites\/508\/2021\/10\/glendon-MAPHD-FRENCH-STUDIES-FR.jpg 1642w\" sizes=\"auto, (max-width: 1024px) 100vw, 1024px\" \/><\/figure>\n\n\n\n<div class=\"wp-block-group card-body is-layout-flow wp-block-group-is-layout-flow\">\n<h3 class=\"card-title h5 wp-block-heading\">Le Salon Francophone<\/h3>\n\n\n\n<p>Rencontrez d\u2019autres \u00e9tudiants et des mentors dans cet environnement chaleureux pour discuter de sujets d\u2019actualit\u00e9, pour d\u00e9couvrir d\u2019autres cultures et pour am\u00e9liorer votre niveau de conversation en fran\u00e7ais.&nbsp;<\/p>\n\n\n\n<p class=\"text-uppercase\"><a href=\"https:\/\/www.yorku.ca\/glendon\/le-salon-francophone\/?lang=fr&amp;repeat=w3tc\">Apprenez-en plus<\/a><\/p>\n<\/div>\n<\/div>\n<\/div>\n\n\n\n<div style=\"height:20px\" aria-hidden=\"true\" class=\"wp-block-spacer\"><\/div>\n<\/div>\n\n\n\n<div style=\"height:100px\" aria-hidden=\"true\" class=\"wp-block-spacer\"><\/div>\n\n\n","protected":false},"excerpt":{"rendered":"<p>Nous sommes l\u00e0 pour appuyer votre apprentissage linguistique. Tout au long de votre formation, vous trouverez de l\u2019aide pour am\u00e9liorer vos comp\u00e9tences en lecture et en \u00e9criture, pour d\u00e9velopper votre capacit\u00e9 \u00e0 parler en public et pour pratiquer la langue de votre choix dans un environnement accueillant et s\u00e9curitaire. Gr\u00e2ce \u00e0 nos centres d\u2019apprentissage et [&hellip;]<\/p>\n","protected":false},"author":190,"featured_media":5483,"parent":0,"menu_order":0,"comment_status":"closed","ping_status":"closed","template":"secondary-page.php","meta":{"_kad_blocks_custom_css":"","_kad_blocks_head_custom_js":"","_kad_blocks_body_custom_js":"","_kad_blocks_footer_custom_js":"","footnotes":""},"tags":[],"class_list":["post-7368","page","type-page","status-publish","has-post-thumbnail","hentry"],"acf":[],"yoast_head":"<!-- This site is optimized with the Yoast SEO plugin v24.0 - https:\/\/yoast.com\/wordpress\/plugins\/seo\/ -->\n<title>Ressources linguistiques | Glendon Campus | Universit\u00e9 York<\/title>\n<meta name=\"description\" content=\"Obtenez des comp\u00e9tences en r\u00e9daction multilingue et d\u00e9veloppez votre prise de parole en public dans un environnement soutenu gr\u00e2ce aux centres d\u2019apprentissage et de ressource \u00e0 Glendon.\" \/>\n<meta name=\"robots\" content=\"index, follow, max-snippet:-1, max-image-preview:large, max-video-preview:-1\" \/>\n<link rel=\"canonical\" href=\"https:\/\/www.yorku.ca\/glendon\/language-resources\/\" \/>\n<meta property=\"og:locale\" content=\"en_US\" \/>\n<meta property=\"og:type\" content=\"article\" \/>\n<meta property=\"og:title\" content=\"Ressources linguistiques | Glendon Campus | Universit\u00e9 York\" \/>\n<meta property=\"og:description\" content=\"Obtenez des comp\u00e9tences en r\u00e9daction multilingue et d\u00e9veloppez votre prise de parole en public dans un environnement soutenu gr\u00e2ce aux centres d\u2019apprentissage et de ressource \u00e0 Glendon.\" \/>\n<meta property=\"og:url\" content=\"https:\/\/www.yorku.ca\/glendon\/language-resources\/?lang=fr\" \/>\n<meta property=\"og:site_name\" content=\"Glendon Campus\" \/>\n<meta property=\"article:publisher\" content=\"https:\/\/www.facebook.com\/GlendonCampus\/\" \/>\n<meta property=\"article:modified_time\" content=\"2024-06-19T23:48:52+00:00\" \/>\n<meta property=\"og:image\" content=\"https:\/\/www.yorku.ca\/glendon\/wp-content\/uploads\/sites\/508\/2022\/04\/Untitled-design-4.png\" \/>\n\t<meta property=\"og:image:width\" content=\"1642\" \/>\n\t<meta property=\"og:image:height\" content=\"925\" \/>\n\t<meta property=\"og:image:type\" content=\"image\/png\" \/>\n<meta name=\"twitter:card\" content=\"summary_large_image\" \/>\n<meta name=\"twitter:site\" content=\"@glendoncampus\" \/>\n<meta name=\"twitter:label1\" content=\"Est. reading time\" \/>\n\t<meta name=\"twitter:data1\" content=\"2 minutes\" \/>\n<script type=\"application\/ld+json\" class=\"yoast-schema-graph\">{\"@context\":\"https:\/\/schema.org\",\"@graph\":[{\"@type\":\"WebPage\",\"@id\":\"https:\/\/www.yorku.ca\/glendon\/language-resources\/?lang=fr\",\"url\":\"https:\/\/www.yorku.ca\/glendon\/language-resources\/?lang=fr\",\"name\":\"Ressources linguistiques | Glendon Campus | Universit\u00e9 York\",\"isPartOf\":{\"@id\":\"https:\/\/www.yorku.ca\/glendon\/#website\"},\"primaryImageOfPage\":{\"@id\":\"https:\/\/www.yorku.ca\/glendon\/language-resources\/?lang=fr#primaryimage\"},\"image\":{\"@id\":\"https:\/\/www.yorku.ca\/glendon\/language-resources\/?lang=fr#primaryimage\"},\"thumbnailUrl\":\"https:\/\/www.yorku.ca\/glendon\/wp-content\/uploads\/sites\/508\/2022\/04\/Untitled-design-4.png\",\"datePublished\":\"2022-09-27T16:50:52+00:00\",\"dateModified\":\"2024-06-19T23:48:52+00:00\",\"description\":\"Obtenez des comp\u00e9tences en r\u00e9daction multilingue et d\u00e9veloppez votre prise de parole en public dans un environnement soutenu gr\u00e2ce aux centres d\u2019apprentissage et de ressource \u00e0 Glendon.\",\"breadcrumb\":{\"@id\":\"https:\/\/www.yorku.ca\/glendon\/language-resources\/?lang=fr#breadcrumb\"},\"inLanguage\":\"en-US\",\"potentialAction\":[{\"@type\":\"ReadAction\",\"target\":[\"https:\/\/www.yorku.ca\/glendon\/language-resources\/?lang=fr\"]}]},{\"@type\":\"ImageObject\",\"inLanguage\":\"en-US\",\"@id\":\"https:\/\/www.yorku.ca\/glendon\/language-resources\/?lang=fr#primaryimage\",\"url\":\"https:\/\/www.yorku.ca\/glendon\/wp-content\/uploads\/sites\/508\/2022\/04\/Untitled-design-4.png\",\"contentUrl\":\"https:\/\/www.yorku.ca\/glendon\/wp-content\/uploads\/sites\/508\/2022\/04\/Untitled-design-4.png\",\"width\":1642,\"height\":925},{\"@type\":\"BreadcrumbList\",\"@id\":\"https:\/\/www.yorku.ca\/glendon\/language-resources\/?lang=fr#breadcrumb\",\"itemListElement\":[{\"@type\":\"ListItem\",\"position\":1,\"name\":\"Home\",\"item\":\"\/glendon\/\"},{\"@type\":\"ListItem\",\"position\":2,\"name\":\"Glendon Campus\",\"item\":\"https:\/\/www.yorku.ca\/glendon\/\"},{\"@type\":\"ListItem\",\"position\":3,\"name\":\"Ressources linguistiques\"}]},{\"@type\":\"WebSite\",\"@id\":\"https:\/\/www.yorku.ca\/glendon\/#website\",\"url\":\"https:\/\/www.yorku.ca\/glendon\/\",\"name\":\"Glendon Campus\",\"description\":\"\",\"publisher\":{\"@id\":\"https:\/\/www.yorku.ca\/glendon\/#organization\"},\"potentialAction\":[{\"@type\":\"SearchAction\",\"target\":{\"@type\":\"EntryPoint\",\"urlTemplate\":\"https:\/\/www.yorku.ca\/glendon\/?s={search_term_string}\"},\"query-input\":{\"@type\":\"PropertyValueSpecification\",\"valueRequired\":true,\"valueName\":\"search_term_string\"}}],\"inLanguage\":\"en-US\"},{\"@type\":\"Organization\",\"@id\":\"https:\/\/www.yorku.ca\/glendon\/#organization\",\"name\":\"Glendon Campus\",\"url\":\"https:\/\/www.yorku.ca\/glendon\/\",\"logo\":{\"@type\":\"ImageObject\",\"inLanguage\":\"en-US\",\"@id\":\"https:\/\/www.yorku.ca\/glendon\/#\/schema\/logo\/image\/\",\"url\":\"https:\/\/www.yorku.ca\/glendon\/wp-content\/uploads\/sites\/508\/2023\/07\/Glendon-Campus-YorkU-Logo-.png\",\"contentUrl\":\"https:\/\/www.yorku.ca\/glendon\/wp-content\/uploads\/sites\/508\/2023\/07\/Glendon-Campus-YorkU-Logo-.png\",\"width\":5516,\"height\":601,\"caption\":\"Glendon Campus\"},\"image\":{\"@id\":\"https:\/\/www.yorku.ca\/glendon\/#\/schema\/logo\/image\/\"},\"sameAs\":[\"https:\/\/www.facebook.com\/GlendonCampus\/\",\"https:\/\/x.com\/glendoncampus\",\"https:\/\/www.instagram.com\/glendoncampus\/\",\"https:\/\/www.linkedin.com\/school\/glendon-campus\/\",\"https:\/\/www.youtube.com\/channel\/UC8bu5ntS7ZMGCURI0C-uENQ\",\"https:\/\/en.wikipedia.org\/wiki\/Glendon_College\"]}]}<\/script>\n<!-- \/ Yoast SEO plugin. -->","yoast_head_json":{"title":"Ressources linguistiques | Glendon Campus | Universit\u00e9 York","description":"Obtenez des comp\u00e9tences en r\u00e9daction multilingue et d\u00e9veloppez votre prise de parole en public dans un environnement soutenu gr\u00e2ce aux centres d\u2019apprentissage et de ressource \u00e0 Glendon.","robots":{"index":"index","follow":"follow","max-snippet":"max-snippet:-1","max-image-preview":"max-image-preview:large","max-video-preview":"max-video-preview:-1"},"canonical":"https:\/\/www.yorku.ca\/glendon\/language-resources\/","og_locale":"en_US","og_type":"article","og_title":"Ressources linguistiques | Glendon Campus | Universit\u00e9 York","og_description":"Obtenez des comp\u00e9tences en r\u00e9daction multilingue et d\u00e9veloppez votre prise de parole en public dans un environnement soutenu gr\u00e2ce aux centres d\u2019apprentissage et de ressource \u00e0 Glendon.","og_url":"https:\/\/www.yorku.ca\/glendon\/language-resources\/?lang=fr","og_site_name":"Glendon Campus","article_publisher":"https:\/\/www.facebook.com\/GlendonCampus\/","article_modified_time":"2024-06-19T23:48:52+00:00","og_image":[{"width":1642,"height":925,"url":"https:\/\/www.yorku.ca\/glendon\/wp-content\/uploads\/sites\/508\/2022\/04\/Untitled-design-4.png","type":"image\/png"}],"twitter_card":"summary_large_image","twitter_site":"@glendoncampus","twitter_misc":{"Est. reading time":"2 minutes"},"schema":{"@context":"https:\/\/schema.org","@graph":[{"@type":"WebPage","@id":"https:\/\/www.yorku.ca\/glendon\/language-resources\/?lang=fr","url":"https:\/\/www.yorku.ca\/glendon\/language-resources\/?lang=fr","name":"Ressources linguistiques | Glendon Campus | Universit\u00e9 York","isPartOf":{"@id":"https:\/\/www.yorku.ca\/glendon\/#website"},"primaryImageOfPage":{"@id":"https:\/\/www.yorku.ca\/glendon\/language-resources\/?lang=fr#primaryimage"},"image":{"@id":"https:\/\/www.yorku.ca\/glendon\/language-resources\/?lang=fr#primaryimage"},"thumbnailUrl":"https:\/\/www.yorku.ca\/glendon\/wp-content\/uploads\/sites\/508\/2022\/04\/Untitled-design-4.png","datePublished":"2022-09-27T16:50:52+00:00","dateModified":"2024-06-19T23:48:52+00:00","description":"Obtenez des comp\u00e9tences en r\u00e9daction multilingue et d\u00e9veloppez votre prise de parole en public dans un environnement soutenu gr\u00e2ce aux centres d\u2019apprentissage et de ressource \u00e0 Glendon.","breadcrumb":{"@id":"https:\/\/www.yorku.ca\/glendon\/language-resources\/?lang=fr#breadcrumb"},"inLanguage":"en-US","potentialAction":[{"@type":"ReadAction","target":["https:\/\/www.yorku.ca\/glendon\/language-resources\/?lang=fr"]}]},{"@type":"ImageObject","inLanguage":"en-US","@id":"https:\/\/www.yorku.ca\/glendon\/language-resources\/?lang=fr#primaryimage","url":"https:\/\/www.yorku.ca\/glendon\/wp-content\/uploads\/sites\/508\/2022\/04\/Untitled-design-4.png","contentUrl":"https:\/\/www.yorku.ca\/glendon\/wp-content\/uploads\/sites\/508\/2022\/04\/Untitled-design-4.png","width":1642,"height":925},{"@type":"BreadcrumbList","@id":"https:\/\/www.yorku.ca\/glendon\/language-resources\/?lang=fr#breadcrumb","itemListElement":[{"@type":"ListItem","position":1,"name":"Home","item":"\/glendon\/"},{"@type":"ListItem","position":2,"name":"Glendon Campus","item":"https:\/\/www.yorku.ca\/glendon\/"},{"@type":"ListItem","position":3,"name":"Ressources linguistiques"}]},{"@type":"WebSite","@id":"https:\/\/www.yorku.ca\/glendon\/#website","url":"https:\/\/www.yorku.ca\/glendon\/","name":"Glendon Campus","description":"","publisher":{"@id":"https:\/\/www.yorku.ca\/glendon\/#organization"},"potentialAction":[{"@type":"SearchAction","target":{"@type":"EntryPoint","urlTemplate":"https:\/\/www.yorku.ca\/glendon\/?s={search_term_string}"},"query-input":{"@type":"PropertyValueSpecification","valueRequired":true,"valueName":"search_term_string"}}],"inLanguage":"en-US"},{"@type":"Organization","@id":"https:\/\/www.yorku.ca\/glendon\/#organization","name":"Glendon Campus","url":"https:\/\/www.yorku.ca\/glendon\/","logo":{"@type":"ImageObject","inLanguage":"en-US","@id":"https:\/\/www.yorku.ca\/glendon\/#\/schema\/logo\/image\/","url":"https:\/\/www.yorku.ca\/glendon\/wp-content\/uploads\/sites\/508\/2023\/07\/Glendon-Campus-YorkU-Logo-.png","contentUrl":"https:\/\/www.yorku.ca\/glendon\/wp-content\/uploads\/sites\/508\/2023\/07\/Glendon-Campus-YorkU-Logo-.png","width":5516,"height":601,"caption":"Glendon Campus"},"image":{"@id":"https:\/\/www.yorku.ca\/glendon\/#\/schema\/logo\/image\/"},"sameAs":["https:\/\/www.facebook.com\/GlendonCampus\/","https:\/\/x.com\/glendoncampus","https:\/\/www.instagram.com\/glendoncampus\/","https:\/\/www.linkedin.com\/school\/glendon-campus\/","https:\/\/www.youtube.com\/channel\/UC8bu5ntS7ZMGCURI0C-uENQ","https:\/\/en.wikipedia.org\/wiki\/Glendon_College"]}]}},"taxonomy_info":[],"featured_image_src_large":["https:\/\/www.yorku.ca\/glendon\/wp-content\/uploads\/sites\/508\/2022\/04\/Untitled-design-4-1024x577.png",1024,577,true],"author_info":{"display_name":"rythera","author_link":"https:\/\/www.yorku.ca\/glendon\/author\/rythera\/"},"comment_info":0,"_links":{"self":[{"href":"https:\/\/www.yorku.ca\/glendon\/wp-json\/wp\/v2\/pages\/7368","targetHints":{"allow":["GET"]}}],"collection":[{"href":"https:\/\/www.yorku.ca\/glendon\/wp-json\/wp\/v2\/pages"}],"about":[{"href":"https:\/\/www.yorku.ca\/glendon\/wp-json\/wp\/v2\/types\/page"}],"author":[{"embeddable":true,"href":"https:\/\/www.yorku.ca\/glendon\/wp-json\/wp\/v2\/users\/190"}],"replies":[{"embeddable":true,"href":"https:\/\/www.yorku.ca\/glendon\/wp-json\/wp\/v2\/comments?post=7368"}],"version-history":[{"count":5,"href":"https:\/\/www.yorku.ca\/glendon\/wp-json\/wp\/v2\/pages\/7368\/revisions"}],"predecessor-version":[{"id":11898,"href":"https:\/\/www.yorku.ca\/glendon\/wp-json\/wp\/v2\/pages\/7368\/revisions\/11898"}],"wp:featuredmedia":[{"embeddable":true,"href":"https:\/\/www.yorku.ca\/glendon\/wp-json\/wp\/v2\/media\/5483"}],"wp:attachment":[{"href":"https:\/\/www.yorku.ca\/glendon\/wp-json\/wp\/v2\/media?parent=7368"}],"wp:term":[{"taxonomy":"post_tag","embeddable":true,"href":"https:\/\/www.yorku.ca\/glendon\/wp-json\/wp\/v2\/tags?post=7368"}],"curies":[{"name":"wp","href":"https:\/\/api.w.org\/{rel}","templated":true}]}}