  {"id":30815,"date":"2025-04-01T11:04:16","date_gmt":"2025-04-01T15:04:16","guid":{"rendered":"https:\/\/www.yorku.ca\/glendon\/alumni-and-friends\/donor-impact-report-2020-2021\/"},"modified":"2025-04-07T09:55:34","modified_gmt":"2025-04-07T13:55:34","slug":"donor-impact-report-2020-2021","status":"publish","type":"page","link":"https:\/\/www.yorku.ca\/glendon\/alumni-and-friends\/donor-impact-report-2020-2021\/?lang=fr","title":{"rendered":"Rapport d'impact de vos dons 2020-2021"},"content":{"rendered":"\n<p><strong>NOUS VOUS EXPRIMONS NOTRE SINC\u00c8RE GRATITUDE<\/strong><\/p>\n\n\n\n<p>Votre don a un impact \u00e9norme! Les \u00e9tudiantes et \u00e9tudiants ainsi que notre campus ont b\u00e9n\u00e9fici\u00e9 de votre g\u00e9n\u00e9rosit\u00e9. Faisant \u00e9cho au messag<a href=\"https:\/\/youtu.be\/AqmHbljvY24\">e du principal Fiola aux donatrices et aux donateurs<\/a>, votre don est d\u2019une importance capitale!<\/p>\n\n\n\n<p>Saviez-vous que 67&nbsp;% de tous les dons sont vers\u00e9s \u00e0 l\u2019aide financi\u00e8re aux \u00e9tudiantes et \u00e9tudiants de Glendon? Nous vous invitons \u00e0 lire les t\u00e9moignages de deux des 300&nbsp;\u00e9tudiantes et \u00e9tudiants qui b\u00e9n\u00e9ficient directement de votre soutien.<\/p>\n\n\n\n<p><em>Dans leurs propres mots\u2026<\/em><\/p>\n\n\n\n<div class=\"wp-block-columns is-layout-flex wp-container-core-columns-is-layout-3 wp-block-columns-is-layout-flex\">\n<div class=\"wp-block-column is-layout-flow wp-block-column-is-layout-flow\">\n<div class=\"wp-block-columns is-layout-flex wp-container-core-columns-is-layout-1 wp-block-columns-is-layout-flex\">\n<div class=\"wp-block-column is-layout-flow wp-block-column-is-layout-flow\" style=\"flex-basis:15%\">\n<figure class=\"wp-block-image\"><a href=\"https:\/\/www.glendon.yorku.ca\/alumni\/wp-content\/uploads\/sites\/103\/Ren%C3%A9e-Charette-3.png\"><img decoding=\"async\" src=\"https:\/\/www.glendon.yorku.ca\/alumni\/wp-content\/uploads\/sites\/103\/Ren%C3%A9e-Charette-3-150x150.png\" alt=\"\" class=\"wp-image-13832\"\/><\/a><\/figure>\n<\/div>\n\n\n\n<div class=\"wp-block-column is-layout-flow wp-block-column-is-layout-flow\" style=\"flex-basis:66.66%\">\n<p>\u00ab Je suis profond\u00e9ment reconnaissante du soutien apport\u00e9 \u00e0 la reprise de mes \u00e9tudes apr\u00e8s 10 ans d\u2019absence de l\u2019\u00e9cole. En tant que m\u00e8re de deux jeunes enfants, dont l\u2019un vit avec une assistance m\u00e9dicale continue, ce parcours universitaire m\u2019aide \u00e0 garder espoir et \u00e0 m\u2019orienter au fur et \u00e0 mesure que ma vocation \u00e9volue. \u00bb\u00a0<strong>Ren\u00e9e, premi\u00e8re r\u00e9cipiendaire du prix Felicitas Svejda en biologie<\/strong><\/p>\n<\/div>\n<\/div>\n\n\n\n<div class=\"wp-block-columns is-layout-flex wp-container-core-columns-is-layout-2 wp-block-columns-is-layout-flex\">\n<div class=\"wp-block-column is-layout-flow wp-block-column-is-layout-flow\" style=\"flex-basis:15%\">\n<figure class=\"wp-block-image\"><a href=\"https:\/\/www.glendon.yorku.ca\/alumni\/wp-content\/uploads\/sites\/103\/Donor-Report-2020-21-Nekoda.jpg\"><img decoding=\"async\" src=\"https:\/\/www.glendon.yorku.ca\/alumni\/wp-content\/uploads\/sites\/103\/Donor-Report-2020-21-Nekoda-150x150.jpg\" alt=\"\" class=\"wp-image-13804\"\/><\/a><\/figure>\n<\/div>\n\n\n\n<div class=\"wp-block-column is-layout-flow wp-block-column-is-layout-flow\" style=\"flex-basis:66.66%\">\n<p>\u00ab Me d\u00e9cerner cette bourse est un cadeau incroyable. Non seulement cela me permet de payer mes \u00e9tudes, mais cela m\u2019a aussi inspir\u00e9e \u00e0 continuer de soutenir la communaut\u00e9 autochtone \u00e0 Glendon et au-del\u00e0. J\u2019esp\u00e8re que je pourrai aider les autres comme vous m\u2019avez aid\u00e9e. \u00bb\u00a0<strong>Nekoda, r\u00e9cipiendaire de la bourse des dipl\u00f4m\u00e9es et dipl\u00f4m\u00e9s de Glendon pour les \u00e9tudiantes et \u00e9tudiants autochtones<\/strong><\/p>\n<\/div>\n<\/div>\n<\/div>\n<\/div>\n\n\n\n<p><strong>RENCONTREZ NOS DONATRICES ET DONATEURS<\/strong><\/p>\n\n\n\n<p>Les donatrices et donateurs transforment l\u2019exp\u00e9rience Glendon pour d\u2019innombrables \u00e9tudiantes et \u00e9tudiants.<\/p>\n\n\n\n<p>Nous esp\u00e9rons que vous serez aussi inspir\u00e9s que nous par la g\u00e9n\u00e9rosit\u00e9 du regrett\u00e9&nbsp;<a href=\"https:\/\/www.glendon.yorku.ca\/alumni\/fr\/tentanda-via-le-parcours-inspirant-dalbert-tucker-de-decrocheur-au-poste-de-principal-du-campus-glendon-2\/\">Albert Tucker<\/a>, de la regrett\u00e9e&nbsp;<a href=\"https:\/\/www.glendon.yorku.ca\/alumni\/fr\/un-diplome-cree-un-prix-deducation-experientielle-a-la-memoire-dann-hilborn\/\">Ann Hilborn et de son compagnon Peter Clute<\/a>, de&nbsp;<a href=\"https:\/\/www.glendon.yorku.ca\/alumni\/fr\/des-experiences-mondiales-rendues-possibles-grace-au-don-genereux-dun-diplome-en-memoire-de-son-frere\/\">Mark R. Allio<\/a>&nbsp;et de&nbsp;<a href=\"https:\/\/www.glendon.yorku.ca\/alumni\/fr\/le-don-de-100%e2%80%89000-de-cette-diplomee-de-glendon-permettra-de-financer-des-possibilites-deducation-internationale\/\">Nancy Thornton<\/a>.<\/p>\n\n\n\n<figure class=\"wp-block-image aligncenter\"><a href=\"https:\/\/www.glendon.yorku.ca\/alumni\/wp-content\/uploads\/sites\/103\/Donors-2020-21.png\"><img decoding=\"async\" src=\"https:\/\/www.glendon.yorku.ca\/alumni\/wp-content\/uploads\/sites\/103\/Donors-2020-21-1024x315.png\" alt=\"\" class=\"wp-image-13810\"\/><\/a><\/figure>\n\n\n\n<p><strong>LA G\u00c9N\u00c9ROSIT\u00c9 DES MEMBRES DU GROUPE LIVING AND LEARNING IN RETIREMENT<\/strong><\/p>\n\n\n\n<p>Des g\u00e9n\u00e9rations d\u2019\u00e9tudiantes et \u00e9tudiants ont b\u00e9n\u00e9fici\u00e9 de plusieurs aides financi\u00e8res. Gr\u00e2ce aux dons individuels des membres du groupe Living and Learning In Retirement (LLIR<em>)<\/em>&nbsp;et aux dons p\u00e9riodiques de LLIR en tant qu\u2019organisation, cette tradition de longue date a eu un impact consid\u00e9rable sur Glendon, tout particuli\u00e8rement cette ann\u00e9e.<\/p>\n\n\n\n<p>Reconnaissant les besoins croissants de nos \u00e9tudiantes et \u00e9tudiants durant la pand\u00e9mie, les membres de LLIR ont g\u00e9n\u00e9reusement fait don de plus de 30\u2009000&nbsp;$ au&nbsp;<em>Fonds des Amis de Glendon pour situations critiques<\/em>&nbsp;au cours de l\u2019ann\u00e9e universitaire&nbsp;2021-2022. Ce fonds remplace un programme de pr\u00eats d\u2019urgence qui existe depuis longtemps et qui offrira d\u00e9sormais des bourses aux \u00e9tudiantes et \u00e9tudiants en situation d\u2019urgence.<\/p>\n\n\n\n<p>LLIR est un organisme b\u00e9n\u00e9vole ayant pour vocation d\u2019offrir des cours abordables, stimulants et attrayants \u00e0 une communaut\u00e9 de personnes \u00e2g\u00e9es. Chaque ann\u00e9e, le groupe LLIR encourage ses membres \u00e0 faire des dons pour soutenir l\u2019aide financi\u00e8re aux \u00e9tudiantes et \u00e9tudiants de Glendon. LLIR et Glendon entretiennent une relation mutuellement b\u00e9n\u00e9fique.<\/p>\n\n\n\n<p>&nbsp;Au cours de l\u2019ann\u00e9e \u00e9coul\u00e9e et avec la contribution de la haute direction de Glendon, LLIR a cr\u00e9\u00e9 un nouveau fonds&nbsp;:&nbsp;<em>le Fonds LLIR d\u2019opportunit\u00e9s aux \u00e9tudiants et \u00e9tudiantes de Glendon<\/em>. L\u2019objectif de ce nouveau fonds est d\u2019apporter une aide financi\u00e8re aux \u00e9tudiantes et \u00e9tudiants de groupes sous-repr\u00e9sent\u00e9s. Le conseil d\u2019administration de LLIR a g\u00e9n\u00e9reusement dot\u00e9 le nouveau fonds d\u2019un montant initial de 25\u2009000&nbsp;$ pour assurer un impact \u00e0 long terme. Les membres seront invit\u00e9s \u00e0 contribuer au nouveau fonds cet automne. Le financement initial de LLIR faisait partie d\u2019un don suppl\u00e9mentaire de 45\u2009000&nbsp;$ \u00e0 Glendon en avril dernier. Cela porte les contributions de LLIR et de ses membres \u00e0 plus de 75\u2009000&nbsp;$ en 2020-2021. Merci aux membres de LLIR! Votre impact sur la communaut\u00e9 de Glendon est incroyable!\u00a0<\/p>\n\n\n\n<figure class=\"wp-block-image aligncenter\"><a href=\"https:\/\/www.glendon.yorku.ca\/alumni\/wp-content\/uploads\/sites\/103\/Manoir-Donor-Report-2020-21.png\"><img decoding=\"async\" src=\"https:\/\/www.glendon.yorku.ca\/alumni\/wp-content\/uploads\/sites\/103\/Manoir-Donor-Report-2020-21.png\" alt=\"\" class=\"wp-image-13812\"\/><\/a><\/figure>\n\n\n\n<p><strong>L\u2019AECG CR\u00c9E UN NOUVEAU FONDS D\u2019ENTRAIDE POUR LES \u00c9TUDIANTES ET \u00c9TUDIANTS<\/strong><\/p>\n\n\n\n<p>Parmi ses nombreux projets visant \u00e0 soutenir les \u00e9tudiantes et \u00e9tudiants et \u00e0 b\u00e2tir une communaut\u00e9, l\u2019Association \u00e9tudiante du Coll\u00e8ge Glendon (AECG) a cr\u00e9\u00e9 un nouveau fonds, le&nbsp;<em>Fonds de l\u2019AECG pour situations critiques<\/em>, qui vise \u00e0 soutenir les \u00e9tudiantes et \u00e9tudiants dans le besoin. Ce projet a \u00e9t\u00e9 d\u00e9velopp\u00e9 par le pr\u00e9sident sortant, Mob\u00f3l\u00fawaj\u00edd\u00edde Joseph, et par la vice-pr\u00e9sidente sortante, Anjelica Ramsewack, qui avaient h\u00e2te de travailler avec le Bureau de l\u2019avancement de Glendon pour cr\u00e9er un soutien suppl\u00e9mentaire.<\/p>\n\n\n\n<p>Le financement sera attribu\u00e9 par l\u2019\u00e9quipe des Services financiers aux \u00e9tudiants afin que les \u00e9tudiantes et \u00e9tudiants puissent demander un soutien en toute confidentialit\u00e9. Au nom des nombreux \u00e9tudiants et \u00e9tudiantes qui b\u00e9n\u00e9ficieront de ce nouveau fonds, un grand merci \u00e0 l\u2019AECG!<\/p>\n\n\n\n<figure class=\"wp-block-image size-full\"><img loading=\"lazy\" decoding=\"async\" width=\"1024\" height=\"360\" src=\"https:\/\/www.yorku.ca\/glendon\/wp-content\/uploads\/sites\/508\/2025\/04\/EVERY-GIFT-MAKES-AN-IMPACT.png\" alt=\"\" class=\"wp-image-30818\" srcset=\"https:\/\/www.yorku.ca\/glendon\/wp-content\/uploads\/sites\/508\/2025\/04\/EVERY-GIFT-MAKES-AN-IMPACT.png 1024w, https:\/\/www.yorku.ca\/glendon\/wp-content\/uploads\/sites\/508\/2025\/04\/EVERY-GIFT-MAKES-AN-IMPACT-400x141.png 400w\" sizes=\"auto, (max-width: 1024px) 100vw, 1024px\" \/><\/figure>\n\n\n\n<p><a href=\"https:\/\/www.glendon.yorku.ca\/alumni\/wp-content\/uploads\/sites\/103\/Make-A-impact-EN.png\"><\/a><\/p>\n","protected":false},"excerpt":{"rendered":"<p>NOUS VOUS EXPRIMONS NOTRE SINC\u00c8RE GRATITUDE Votre don a un impact \u00e9norme! Les \u00e9tudiantes et \u00e9tudiants ainsi que notre campus ont b\u00e9n\u00e9fici\u00e9 de votre g\u00e9n\u00e9rosit\u00e9. Faisant \u00e9cho au message du principal Fiola aux donatrices et aux donateurs, votre don est d\u2019une importance capitale! Saviez-vous que 67&nbsp;% de tous les dons sont vers\u00e9s \u00e0 l\u2019aide financi\u00e8re [&hellip;]<\/p>\n","protected":false},"author":440,"featured_media":0,"parent":3000,"menu_order":0,"comment_status":"closed","ping_status":"closed","template":"","meta":{"_kad_blocks_custom_css":"","_kad_blocks_head_custom_js":"","_kad_blocks_body_custom_js":"","_kad_blocks_footer_custom_js":"","footnotes":""},"tags":[],"class_list":["post-30815","page","type-page","status-publish","hentry"],"acf":[],"yoast_head":"<!-- This site is optimized with the Yoast SEO plugin v24.0 - https:\/\/yoast.com\/wordpress\/plugins\/seo\/ -->\n<title>Rapport d&#039;impact de vos dons 2020-2021 | Glendon Campus<\/title>\n<meta name=\"robots\" content=\"index, follow, max-snippet:-1, max-image-preview:large, max-video-preview:-1\" \/>\n<link rel=\"canonical\" href=\"https:\/\/www.yorku.ca\/glendon\/alumni-and-friends\/donor-impact-report-2020-2021\/\" \/>\n<meta property=\"og:locale\" content=\"en_US\" \/>\n<meta property=\"og:type\" content=\"article\" \/>\n<meta property=\"og:title\" content=\"Rapport d&#039;impact de vos dons 2020-2021 | Glendon Campus\" \/>\n<meta property=\"og:description\" content=\"NOUS VOUS EXPRIMONS NOTRE SINC\u00c8RE GRATITUDE Votre don a un impact \u00e9norme! Les \u00e9tudiantes et \u00e9tudiants ainsi que notre campus ont b\u00e9n\u00e9fici\u00e9 de votre g\u00e9n\u00e9rosit\u00e9. Faisant \u00e9cho au message du principal Fiola aux donatrices et aux donateurs, votre don est d\u2019une importance capitale! Saviez-vous que 67&nbsp;% de tous les dons sont vers\u00e9s \u00e0 l\u2019aide financi\u00e8re [&hellip;]\" \/>\n<meta property=\"og:url\" content=\"https:\/\/www.yorku.ca\/glendon\/alumni-and-friends\/donor-impact-report-2020-2021\/?lang=fr\" \/>\n<meta property=\"og:site_name\" content=\"Glendon Campus\" \/>\n<meta property=\"article:publisher\" content=\"https:\/\/www.facebook.com\/GlendonCampus\/\" \/>\n<meta property=\"article:modified_time\" content=\"2025-04-07T13:55:34+00:00\" \/>\n<meta property=\"og:image\" content=\"https:\/\/www.yorku.ca\/glendon\/wp-content\/uploads\/sites\/508\/2023\/05\/38-5.jpg\" \/>\n\t<meta property=\"og:image:width\" content=\"600\" \/>\n\t<meta property=\"og:image:height\" content=\"399\" \/>\n\t<meta property=\"og:image:type\" content=\"image\/jpeg\" \/>\n<meta name=\"twitter:card\" content=\"summary_large_image\" \/>\n<meta name=\"twitter:site\" content=\"@glendoncampus\" \/>\n<meta name=\"twitter:label1\" content=\"Est. reading time\" \/>\n\t<meta name=\"twitter:data1\" content=\"4 minutes\" \/>\n<script type=\"application\/ld+json\" class=\"yoast-schema-graph\">{\"@context\":\"https:\/\/schema.org\",\"@graph\":[{\"@type\":\"WebPage\",\"@id\":\"https:\/\/www.yorku.ca\/glendon\/alumni-and-friends\/donor-impact-report-2020-2021\/?lang=fr\",\"url\":\"https:\/\/www.yorku.ca\/glendon\/alumni-and-friends\/donor-impact-report-2020-2021\/?lang=fr\",\"name\":\"Rapport d'impact de vos dons 2020-2021 | Glendon Campus\",\"isPartOf\":{\"@id\":\"https:\/\/www.yorku.ca\/glendon\/#website\"},\"primaryImageOfPage\":{\"@id\":\"https:\/\/www.yorku.ca\/glendon\/alumni-and-friends\/donor-impact-report-2020-2021\/?lang=fr#primaryimage\"},\"image\":{\"@id\":\"https:\/\/www.yorku.ca\/glendon\/alumni-and-friends\/donor-impact-report-2020-2021\/?lang=fr#primaryimage\"},\"thumbnailUrl\":\"https:\/\/www.glendon.yorku.ca\/alumni\/wp-content\/uploads\/sites\/103\/Ren%C3%A9e-Charette-3-150x150.png\",\"datePublished\":\"2025-04-01T15:04:16+00:00\",\"dateModified\":\"2025-04-07T13:55:34+00:00\",\"breadcrumb\":{\"@id\":\"https:\/\/www.yorku.ca\/glendon\/alumni-and-friends\/donor-impact-report-2020-2021\/?lang=fr#breadcrumb\"},\"inLanguage\":\"en-US\",\"potentialAction\":[{\"@type\":\"ReadAction\",\"target\":[\"https:\/\/www.yorku.ca\/glendon\/alumni-and-friends\/donor-impact-report-2020-2021\/?lang=fr\"]}]},{\"@type\":\"ImageObject\",\"inLanguage\":\"en-US\",\"@id\":\"https:\/\/www.yorku.ca\/glendon\/alumni-and-friends\/donor-impact-report-2020-2021\/?lang=fr#primaryimage\",\"url\":\"https:\/\/www.glendon.yorku.ca\/alumni\/wp-content\/uploads\/sites\/103\/Ren%C3%A9e-Charette-3-150x150.png\",\"contentUrl\":\"https:\/\/www.glendon.yorku.ca\/alumni\/wp-content\/uploads\/sites\/103\/Ren%C3%A9e-Charette-3-150x150.png\"},{\"@type\":\"BreadcrumbList\",\"@id\":\"https:\/\/www.yorku.ca\/glendon\/alumni-and-friends\/donor-impact-report-2020-2021\/?lang=fr#breadcrumb\",\"itemListElement\":[{\"@type\":\"ListItem\",\"position\":1,\"name\":\"Home\",\"item\":\"https:\/\/www.yorku.ca\/glendon\/\"},{\"@type\":\"ListItem\",\"position\":2,\"name\":\"Dipl\u00f4m\u00e9s et amis\",\"item\":\"https:\/\/www.yorku.ca\/glendon\/alumni-and-friends\/\"},{\"@type\":\"ListItem\",\"position\":3,\"name\":\"Rapport d'impact de vos dons 2020-2021\"}]},{\"@type\":\"WebSite\",\"@id\":\"https:\/\/www.yorku.ca\/glendon\/#website\",\"url\":\"https:\/\/www.yorku.ca\/glendon\/\",\"name\":\"Glendon Campus\",\"description\":\"\",\"publisher\":{\"@id\":\"https:\/\/www.yorku.ca\/glendon\/#organization\"},\"potentialAction\":[{\"@type\":\"SearchAction\",\"target\":{\"@type\":\"EntryPoint\",\"urlTemplate\":\"https:\/\/www.yorku.ca\/glendon\/?s={search_term_string}\"},\"query-input\":{\"@type\":\"PropertyValueSpecification\",\"valueRequired\":true,\"valueName\":\"search_term_string\"}}],\"inLanguage\":\"en-US\"},{\"@type\":\"Organization\",\"@id\":\"https:\/\/www.yorku.ca\/glendon\/#organization\",\"name\":\"Glendon Campus\",\"url\":\"https:\/\/www.yorku.ca\/glendon\/\",\"logo\":{\"@type\":\"ImageObject\",\"inLanguage\":\"en-US\",\"@id\":\"https:\/\/www.yorku.ca\/glendon\/#\/schema\/logo\/image\/\",\"url\":\"https:\/\/www.yorku.ca\/glendon\/wp-content\/uploads\/sites\/508\/2023\/07\/Glendon-Campus-YorkU-Logo-.png\",\"contentUrl\":\"https:\/\/www.yorku.ca\/glendon\/wp-content\/uploads\/sites\/508\/2023\/07\/Glendon-Campus-YorkU-Logo-.png\",\"width\":5516,\"height\":601,\"caption\":\"Glendon Campus\"},\"image\":{\"@id\":\"https:\/\/www.yorku.ca\/glendon\/#\/schema\/logo\/image\/\"},\"sameAs\":[\"https:\/\/www.facebook.com\/GlendonCampus\/\",\"https:\/\/x.com\/glendoncampus\",\"https:\/\/www.instagram.com\/glendoncampus\/\",\"https:\/\/www.linkedin.com\/school\/glendon-campus\/\",\"https:\/\/www.youtube.com\/channel\/UC8bu5ntS7ZMGCURI0C-uENQ\",\"https:\/\/en.wikipedia.org\/wiki\/Glendon_College\"]}]}<\/script>\n<!-- \/ Yoast SEO plugin. -->","yoast_head_json":{"title":"Rapport d'impact de vos dons 2020-2021 | Glendon Campus","robots":{"index":"index","follow":"follow","max-snippet":"max-snippet:-1","max-image-preview":"max-image-preview:large","max-video-preview":"max-video-preview:-1"},"canonical":"https:\/\/www.yorku.ca\/glendon\/alumni-and-friends\/donor-impact-report-2020-2021\/","og_locale":"en_US","og_type":"article","og_title":"Rapport d'impact de vos dons 2020-2021 | Glendon Campus","og_description":"NOUS VOUS EXPRIMONS NOTRE SINC\u00c8RE GRATITUDE Votre don a un impact \u00e9norme! Les \u00e9tudiantes et \u00e9tudiants ainsi que notre campus ont b\u00e9n\u00e9fici\u00e9 de votre g\u00e9n\u00e9rosit\u00e9. Faisant \u00e9cho au message du principal Fiola aux donatrices et aux donateurs, votre don est d\u2019une importance capitale! Saviez-vous que 67&nbsp;% de tous les dons sont vers\u00e9s \u00e0 l\u2019aide financi\u00e8re [&hellip;]","og_url":"https:\/\/www.yorku.ca\/glendon\/alumni-and-friends\/donor-impact-report-2020-2021\/?lang=fr","og_site_name":"Glendon Campus","article_publisher":"https:\/\/www.facebook.com\/GlendonCampus\/","article_modified_time":"2025-04-07T13:55:34+00:00","og_image":[{"width":600,"height":399,"url":"https:\/\/www.yorku.ca\/glendon\/wp-content\/uploads\/sites\/508\/2023\/05\/38-5.jpg","type":"image\/jpeg"}],"twitter_card":"summary_large_image","twitter_site":"@glendoncampus","twitter_misc":{"Est. reading time":"4 minutes"},"schema":{"@context":"https:\/\/schema.org","@graph":[{"@type":"WebPage","@id":"https:\/\/www.yorku.ca\/glendon\/alumni-and-friends\/donor-impact-report-2020-2021\/?lang=fr","url":"https:\/\/www.yorku.ca\/glendon\/alumni-and-friends\/donor-impact-report-2020-2021\/?lang=fr","name":"Rapport d'impact de vos dons 2020-2021 | Glendon Campus","isPartOf":{"@id":"https:\/\/www.yorku.ca\/glendon\/#website"},"primaryImageOfPage":{"@id":"https:\/\/www.yorku.ca\/glendon\/alumni-and-friends\/donor-impact-report-2020-2021\/?lang=fr#primaryimage"},"image":{"@id":"https:\/\/www.yorku.ca\/glendon\/alumni-and-friends\/donor-impact-report-2020-2021\/?lang=fr#primaryimage"},"thumbnailUrl":"https:\/\/www.glendon.yorku.ca\/alumni\/wp-content\/uploads\/sites\/103\/Ren%C3%A9e-Charette-3-150x150.png","datePublished":"2025-04-01T15:04:16+00:00","dateModified":"2025-04-07T13:55:34+00:00","breadcrumb":{"@id":"https:\/\/www.yorku.ca\/glendon\/alumni-and-friends\/donor-impact-report-2020-2021\/?lang=fr#breadcrumb"},"inLanguage":"en-US","potentialAction":[{"@type":"ReadAction","target":["https:\/\/www.yorku.ca\/glendon\/alumni-and-friends\/donor-impact-report-2020-2021\/?lang=fr"]}]},{"@type":"ImageObject","inLanguage":"en-US","@id":"https:\/\/www.yorku.ca\/glendon\/alumni-and-friends\/donor-impact-report-2020-2021\/?lang=fr#primaryimage","url":"https:\/\/www.glendon.yorku.ca\/alumni\/wp-content\/uploads\/sites\/103\/Ren%C3%A9e-Charette-3-150x150.png","contentUrl":"https:\/\/www.glendon.yorku.ca\/alumni\/wp-content\/uploads\/sites\/103\/Ren%C3%A9e-Charette-3-150x150.png"},{"@type":"BreadcrumbList","@id":"https:\/\/www.yorku.ca\/glendon\/alumni-and-friends\/donor-impact-report-2020-2021\/?lang=fr#breadcrumb","itemListElement":[{"@type":"ListItem","position":1,"name":"Home","item":"https:\/\/www.yorku.ca\/glendon\/"},{"@type":"ListItem","position":2,"name":"Dipl\u00f4m\u00e9s et amis","item":"https:\/\/www.yorku.ca\/glendon\/alumni-and-friends\/"},{"@type":"ListItem","position":3,"name":"Rapport d'impact de vos dons 2020-2021"}]},{"@type":"WebSite","@id":"https:\/\/www.yorku.ca\/glendon\/#website","url":"https:\/\/www.yorku.ca\/glendon\/","name":"Glendon Campus","description":"","publisher":{"@id":"https:\/\/www.yorku.ca\/glendon\/#organization"},"potentialAction":[{"@type":"SearchAction","target":{"@type":"EntryPoint","urlTemplate":"https:\/\/www.yorku.ca\/glendon\/?s={search_term_string}"},"query-input":{"@type":"PropertyValueSpecification","valueRequired":true,"valueName":"search_term_string"}}],"inLanguage":"en-US"},{"@type":"Organization","@id":"https:\/\/www.yorku.ca\/glendon\/#organization","name":"Glendon Campus","url":"https:\/\/www.yorku.ca\/glendon\/","logo":{"@type":"ImageObject","inLanguage":"en-US","@id":"https:\/\/www.yorku.ca\/glendon\/#\/schema\/logo\/image\/","url":"https:\/\/www.yorku.ca\/glendon\/wp-content\/uploads\/sites\/508\/2023\/07\/Glendon-Campus-YorkU-Logo-.png","contentUrl":"https:\/\/www.yorku.ca\/glendon\/wp-content\/uploads\/sites\/508\/2023\/07\/Glendon-Campus-YorkU-Logo-.png","width":5516,"height":601,"caption":"Glendon Campus"},"image":{"@id":"https:\/\/www.yorku.ca\/glendon\/#\/schema\/logo\/image\/"},"sameAs":["https:\/\/www.facebook.com\/GlendonCampus\/","https:\/\/x.com\/glendoncampus","https:\/\/www.instagram.com\/glendoncampus\/","https:\/\/www.linkedin.com\/school\/glendon-campus\/","https:\/\/www.youtube.com\/channel\/UC8bu5ntS7ZMGCURI0C-uENQ","https:\/\/en.wikipedia.org\/wiki\/Glendon_College"]}]}},"taxonomy_info":[],"featured_image_src_large":false,"author_info":{"display_name":"lmallet","author_link":"https:\/\/www.yorku.ca\/glendon\/author\/lmallet\/"},"comment_info":0,"_links":{"self":[{"href":"https:\/\/www.yorku.ca\/glendon\/wp-json\/wp\/v2\/pages\/30815","targetHints":{"allow":["GET"]}}],"collection":[{"href":"https:\/\/www.yorku.ca\/glendon\/wp-json\/wp\/v2\/pages"}],"about":[{"href":"https:\/\/www.yorku.ca\/glendon\/wp-json\/wp\/v2\/types\/page"}],"author":[{"embeddable":true,"href":"https:\/\/www.yorku.ca\/glendon\/wp-json\/wp\/v2\/users\/440"}],"replies":[{"embeddable":true,"href":"https:\/\/www.yorku.ca\/glendon\/wp-json\/wp\/v2\/comments?post=30815"}],"version-history":[{"count":1,"href":"https:\/\/www.yorku.ca\/glendon\/wp-json\/wp\/v2\/pages\/30815\/revisions"}],"predecessor-version":[{"id":30820,"href":"https:\/\/www.yorku.ca\/glendon\/wp-json\/wp\/v2\/pages\/30815\/revisions\/30820"}],"up":[{"embeddable":true,"href":"https:\/\/www.yorku.ca\/glendon\/wp-json\/wp\/v2\/pages\/3000"}],"wp:attachment":[{"href":"https:\/\/www.yorku.ca\/glendon\/wp-json\/wp\/v2\/media?parent=30815"}],"wp:term":[{"taxonomy":"post_tag","embeddable":true,"href":"https:\/\/www.yorku.ca\/glendon\/wp-json\/wp\/v2\/tags?post=30815"}],"curies":[{"name":"wp","href":"https:\/\/api.w.org\/{rel}","templated":true}]}}