  {"id":29296,"date":"2025-01-20T10:59:58","date_gmt":"2025-01-20T15:59:58","guid":{"rendered":"https:\/\/www.yorku.ca\/glendon\/future-students\/conditions-dadmission\/transfer-options\/cegep\/"},"modified":"2025-01-27T10:45:29","modified_gmt":"2025-01-27T15:45:29","slug":"cegep","status":"publish","type":"page","link":"https:\/\/www.yorku.ca\/glendon\/future-students\/conditions-dadmission\/transfer-options\/cegep\/?lang=fr","title":{"rendered":"C\u00c9GEP"},"content":{"rendered":"<style>.kt-tabs-id29296_a392f3-79 > .kt-tabs-content-wrap > .wp-block-kadence-tab{border-top:3px solid #0a6689;border-right:0px solid #0a6689;border-bottom:0px solid #0a6689;border-left:0px solid #0a6689;border-top-left-radius:0px;border-top-right-radius:0px;border-bottom-right-radius:0px;border-bottom-left-radius:0px;padding-top:var(--global-kb-spacing-sm, 1.5rem);padding-right:var(--global-kb-spacing-sm, 1.5rem);padding-bottom:var(--global-kb-spacing-sm, 1.5rem);padding-left:var(--global-kb-spacing-sm, 1.5rem);background:var(--global-palette9, #ffffff);}.wp-block-kadence-tabs .kt-tabs-id29296_a392f3-79 > .kt-tabs-title-list li{margin-top:0px;margin-right:8px;margin-bottom:0px;margin-left:0px;}.wp-block-kadence-tabs .kt-tabs-id29296_a392f3-79 > .kt-tabs-title-list li:last-child{margin-right:0px;}.wp-block-kadence-tabs .kt-tabs-id29296_a392f3-79 > .kt-tabs-title-list li .kt-tab-title, .wp-block-kadence-tabs .kt-tabs-id29296_a392f3-79 > .kt-tabs-content-wrap > .kt-tabs-accordion-title .kt-tab-title{line-height:1.4em;font-weight:regular;font-style:normal;border-top-width:0px;border-right-width:0px;border-bottom-width:0px;border-left-width:0px;border-top-left-radius:4px;border-top-right-radius:4px;border-bottom-right-radius:0px;border-bottom-left-radius:0px;padding-top:8px;padding-right:20px;padding-bottom:8px;padding-left:20px;border-color:var(--global-palette7, #eeeeee);color:var(--global-palette4, #2D3748);background:var(--global-palette7, #eeeeee);}.wp-block-kadence-tabs .kt-tabs-id29296_a392f3-79 > .kt-tabs-content-wrap > .kt-tabs-accordion-title .kt-tab-title{margin-top:0px;margin-right:8px;margin-bottom:0px;margin-left:0px;}.wp-block-kadence-tabs .kt-tabs-id29296_a392f3-79 > .kt-tabs-title-list li .kt-tab-title:hover, .wp-block-kadence-tabs .kt-tabs-id29296_a392f3-79 > .kt-tabs-content-wrap > .kt-tabs-accordion-title .kt-tab-title:hover{border-color:var(--global-palette7, #eeeeee);color:var(--global-palette3, #1A202C);background:var(--global-palette8, #F7FAFC);}.wp-block-kadence-tabs .kt-tabs-id29296_a392f3-79 > .kt-tabs-title-list li.kt-tab-title-active .kt-tab-title, .wp-block-kadence-tabs .kt-tabs-id29296_a392f3-79 > .kt-tabs-content-wrap > .kt-tabs-accordion-title.kt-tab-title-active .kt-tab-title{border-color:var(--global-palette7, #eeeeee);color:#ffffff;background:#0a6689;}@media all and (max-width: 1024px){.kt-tabs-id29296_a392f3-79 > .kt-tabs-content-wrap > .wp-block-kadence-tab{border-top:3px solid #0a6689;border-right:0px solid #0a6689;border-bottom:0px solid #0a6689;border-left:0px solid #0a6689;}}@media all and (max-width: 767px){.kt-tabs-id29296_a392f3-79 > .kt-tabs-content-wrap > .wp-block-kadence-tab{border-top:3px solid #0a6689;border-right:0px solid #0a6689;border-bottom:0px solid #0a6689;border-left:0px solid #0a6689;}}<\/style>\n<div class=\"wp-block-kadence-tabs alignnone\"><div class=\"kt-tabs-wrap kt-tabs-id29296_a392f3-79 kt-tabs-has-2-tabs kt-active-tab-1 kt-tabs-layout-tabs kt-tabs-tablet-layout-inherit kt-tabs-mobile-layout-inherit kt-tab-alignment-left \"><ul class=\"kt-tabs-title-list\"><li id=\"tab-conditionsdadmission\" class=\"kt-title-item kt-title-item-1 kt-tabs-svg-show-always kt-tabs-icon-side-right kt-tab-title-active\"><a href=\"#tab-conditionsdadmission\" data-tab=\"1\" class=\"kt-tab-title kt-tab-title-1 \"><span class=\"kt-title-text\">Conditions d'admission<\/span><\/a><\/li><li id=\"tab-demandedadmission\" class=\"kt-title-item kt-title-item-2 kt-tabs-svg-show-always kt-tabs-icon-side-right kt-tab-title-inactive\"><a href=\"#tab-demandedadmission\" data-tab=\"2\" class=\"kt-tab-title kt-tab-title-2 \"><span class=\"kt-title-text\">Demande d'admission<\/span><\/a><\/li><\/ul><div class=\"kt-tabs-content-wrap\">\n<div class=\"wp-block-kadence-tab kt-tab-inner-content kt-inner-tab-1 kt-inner-tabd8fb75-4b\"><div class=\"kt-tab-inner-content-inner\">\n<h2 class=\"wp-block-heading\">Conditions d\u2019admission g\u00e9n\u00e9rales<\/h2>\n\n\n\n<ul class=\"wp-block-list\">\n<li>Une ann\u00e9e de C\u00e9gep avec au moins 12 cours th\u00e9oriques d\u2019un semestre, incluant deux cours d\u2019anglais cod\u00e9s 603 (pour les anglophones) ou deux cours de fran\u00e7ais cod\u00e9s 601 (pour les francophones).<\/li>\n\n\n\n<li>Les cours \u00e9quivalents de l\u2019\u00e9cole secondaire ne sont pas accept\u00e9s.<\/li>\n\n\n\n<li>Les cours suppl\u00e9mentaires seront \u00e9valu\u00e9s en vue de l\u2019obtention d\u2019\u00e9quivalences.<\/li>\n\n\n\n<li>Les titulaires d\u2019un DEC pourraient se voir reconna\u00eetre jusqu\u2019\u00e0 un an d\u2019\u00e9tudes universitaires.<\/li>\n\n\n\n<li><strong>Recommend\u00e9es :&nbsp;<\/strong>Deux cours d\u2019anglais cod\u00e9s 603&nbsp;(pour les francophones).<\/li>\n<\/ul>\n\n\n\n<h2 class=\"wp-block-heading\">Conditions requises et recommand\u00e9es sp\u00e9cifiques au programme<\/h2>\n\n\n\n<ul class=\"wp-block-list\">\n<li>B.Sc. Biologie : Biologie 1, Chimie 1 &amp; 2 et&nbsp;Alg\u00e8bre lin\u00e9aire 1 requis ; Physique 1 &amp; 2&nbsp;fortement&nbsp;recommand\u00e9.<\/li>\n\n\n\n<li>B.A. \u00c9conomie et commerce et B.A.&nbsp;Science \u00e9conomique : un ant\u00e9c\u00e9dent en math\u00e9matiques est fortement recommand\u00e9.<\/li>\n\n\n\n<li>B.A. Communications : Deux cours d\u2019anglais cod\u00e9s 603 et&nbsp;&nbsp;deux cours de fran\u00e7ais cod\u00e9s 601 requis.<\/li>\n\n\n\n<li>i.B.A. \u00c9tudes internationales et B.A.A.&nbsp;Administration des affaires (double dipl\u00f4me)&nbsp;: Math\u00e9matiques avanc\u00e9es 12 avec une note minimale de 70% requise ; Calcul 1 requis.&nbsp;<a href=\"https:\/\/www.yorku.ca\/glendon\/businessinternational\/?lang=fr\" target=\"_blank\" rel=\"noreferrer noopener\">Candidature compl\u00e9mentaire<\/a>&nbsp;requise.<\/li>\n\n\n\n<li>B.A. Math\u00e9matiques : Alg\u00e8bre lin\u00e9aire 1 requis ; Calcul 1 recommand\u00e9.<\/li>\n\n\n\n<li>B.Sc. Psychologie : Math\u00e9matiques de niveau sup\u00e9rieur et Chimie 1 et 2 ou Physique 1 et 2 requis.<\/li>\n<\/ul>\n\n\n\n<ul class=\"wp-block-list\">\n<li><\/li>\n<\/ul>\n\n\n\n<h4 class=\"wp-block-heading\">REMARQUE :<\/h4>\n\n\n\n<p>Les crit\u00e8res d\u2019admission pr\u00e9sent\u00e9s ici sont uniquement les conditions minimales d\u2019admission. Celle-ci n\u2019est pas garantie et toutes les conditions peuvent \u00eatre modifi\u00e9es sans pr\u00e9avis. Les cours recommand\u00e9s vous aideront dans vos \u00e9tudes mais nous n\u2019en tenons pas compte pour d\u00e9terminer votre admission et l\u2019octroi de bourses d\u2019\u00e9tudes.<\/p>\n\n\n\n<p>Les exigences ci-dessus s\u2019appliquent \u00e0 tous les programmes, \u00e0 l\u2019exception de :<\/p>\n\n\n\n<ul class=\"wp-block-list\">\n<li><a href=\"https:\/\/www.glendon.yorku.ca\/futurestudents\/fr\/programmes\/iba\/\">Baccalaur\u00e9at \u00e8s arts international \u2014 trilingue<\/a><\/li>\n\n\n\n<li><a href=\"https:\/\/www.yorku.ca\/glendon\/bed\/?lang=fr\">Baccalaur\u00e9at en sciences de l\u2019\u00e9ducation<\/a><\/li>\n\n\n\n<li><a href=\"https:\/\/www.yorku.ca\/glendon\/translation\/?lang=fr\">Traduction<\/a><\/li>\n<\/ul>\n\n\n\n<h2 class=\"wp-block-heading\">Si vous avez un handicap diagnostiqu\u00e9<\/h2>\n\n\n\n<p>Si vous avez un handicap diagnostiqu\u00e9, des difficult\u00e9s d\u2019apprentissage ou un handicap physique ou psychologique, nous vous encourageons fortement \u00e0 nous en informer lors du processus d\u2019admission. M\u00eame si votre handicap n\u2019a pas d\u2019effet sur votre admissibilit\u00e9 \u00e0 Glendon (autrement dit, vous remplissez les crit\u00e8res d\u2019admission), nous voulons nous assurer que vous connaissez les services de soutien en place. En aucun cas, le fait de nous informer de votre handicap ne sera \u00e0 votre d\u00e9savantage.&nbsp;<a href=\"https:\/\/www.yorku.ca\/glendon\/faites-votre-demande\/disabilities\/?lang=fr\">Pour plus d\u2019informations &gt;&gt;<\/a><\/p>\n<\/div><\/div>\n\n\n\n<div class=\"wp-block-kadence-tab kt-tab-inner-content kt-inner-tab-2 kt-inner-tab35d619-34\"><div class=\"kt-tab-inner-content-inner\">\n<h2 class=\"wp-block-heading\">Comment faire votre demande<\/h2>\n\n\n\n<p>Veuillez faire votre demande par l\u2019interm\u00e9diaire du&nbsp;<a href=\"http:\/\/centre.ouac.on.ca\/\">Centre de demande d\u2019admission aux universit\u00e9s de l\u2019Ontario (OUAC)<\/a>&nbsp;pour commencer vos \u00e9tudes en septembre, en janvier ou en mai.&nbsp;Si vous faites une demande d\u2019admission uniquement \u00e0 l\u2019Universit\u00e9 York, vous pouvez soumettre une demande&nbsp;<a href=\"https:\/\/form.apps06.yorku.ca\/uaform\/\">directement du site web<\/a>.<\/p>\n\n\n\n<h2 class=\"wp-block-heading\">Documents \u00e0 envoyer au Bureau des admissions :<\/h2>\n\n\n\n<p>Assurez-vous d\u2019envoyer tous les documents requis d\u00e8s que vous faites une demande d\u2019admission.<\/p>\n\n\n\n<ol class=\"wp-block-list\">\n<li><strong>Relev\u00e9s de notes<br><\/strong>Veuillez demander \u00e0 votre \u00e9cole de faxer votre relev\u00e9 de notes au 416-487-6737&nbsp;<a href=\"https:\/\/www.yorku.ca\/glendon\/faites-votre-demande\/application-deadlines\/?lang=fr\">avant la date limite.<\/a>&nbsp;Vos notes finales officielles doivent nous \u00eatre envoy\u00e9es par la poste une fois disponibles.<br>Veuillez envoyer les documents exig\u00e9s au Bureau des admissions.<\/li>\n\n\n\n<li><a href=\"https:\/\/www.yorku.ca\/glendon\/faites-votre-demande\/exigences-linguistiques\/?lang=fr\">R\u00e9sultats d\u2019un test de comp\u00e9tence linguistique&nbsp;<\/a>(au besoin).<\/li>\n<\/ol>\n\n\n\n<h4 class=\"wp-block-heading\">REMARQUE :<\/h4>\n\n\n\n<p>Les relev\u00e9s officiels des notes finales doivent \u00eatre envoy\u00e9s directement au Bureau des admissions par l\u2019\u00e9tablissement d\u2019enseignement ou nous parvenir dans une enveloppe cachet\u00e9e par l\u2019\u00e9tablissement (et n\u2019ayant pas \u00e9t\u00e9 ouverte).<\/p>\n\n\n\n<h3 class=\"wp-block-heading\">Veuillez envoyer tous les documents exig\u00e9s au :<\/h3>\n\n\n\n<p>¿ì²¥ÊÓÆµ<br>Office of Admissions<br>Bennett Centre for Student Services<br>3rd Floor Reception<br>99 Ian Macdonald Blvd<br>Toronto, ON M3J 1P3<br>CANADA<\/p>\n\n\n\n<p><strong>Assurez-vous de faire votre demande avant&nbsp;<a href=\"https:\/\/www.yorku.ca\/glendon\/faites-votre-demande\/application-deadlines\/?lang=fr\">la date limite<\/a>.<\/strong><\/p>\n\n\n\n<h2 class=\"wp-block-heading\">Apr\u00e8s avoir fait votre demande<\/h2>\n\n\n\n<p>Apr\u00e8s que vous avez envoy\u00e9 votre demande d\u2019admission \u00e0 Glendon, nous resterons en contact avec vous et vous pourrez communiquer avec nous en tout temps. Vous recevrez un accus\u00e9 de r\u00e9ception de votre demande et un rappel concernant l\u2019envoi, en temps voulu, de tous les documents manquants.<\/p>\n\n\n\n<p>Pour v\u00e9rifier le statut de votre demande durant le processus d\u2019admission, veuillez vous connecter au site&nbsp;<a href=\"http:\/\/www.yorku.ca\/myfile\">MyFile<\/a>. Pour ouvrir une s\u00e9ance, il vous faudra votre num\u00e9ro de r\u00e9f\u00e9rence York.<\/p>\n\n\n\n<p><strong>Les offres d\u2019admission d\u00e9pendent des notes finales.<\/strong><\/p>\n<\/div><\/div>\n<\/div><\/div><\/div>\n","protected":false},"excerpt":{"rendered":"","protected":false},"author":440,"featured_media":0,"parent":29284,"menu_order":0,"comment_status":"closed","ping_status":"closed","template":"","meta":{"_kad_blocks_custom_css":"","_kad_blocks_head_custom_js":"","_kad_blocks_body_custom_js":"","_kad_blocks_footer_custom_js":"","footnotes":""},"tags":[],"class_list":["post-29296","page","type-page","status-publish","hentry"],"acf":[],"yoast_head":"<!-- This site is optimized with the Yoast SEO plugin v24.0 - https:\/\/yoast.com\/wordpress\/plugins\/seo\/ -->\n<title>C\u00c9GEP | Glendon Campus<\/title>\n<meta name=\"robots\" content=\"index, follow, max-snippet:-1, max-image-preview:large, max-video-preview:-1\" \/>\n<link rel=\"canonical\" href=\"https:\/\/www.yorku.ca\/glendon\/future-students\/conditions-dadmission\/transfer-options\/cegep\/\" \/>\n<meta property=\"og:locale\" content=\"en_US\" \/>\n<meta property=\"og:type\" content=\"article\" \/>\n<meta property=\"og:title\" content=\"C\u00c9GEP | Glendon Campus\" \/>\n<meta property=\"og:url\" content=\"https:\/\/www.yorku.ca\/glendon\/future-students\/conditions-dadmission\/transfer-options\/cegep\/?lang=fr\" \/>\n<meta property=\"og:site_name\" content=\"Glendon Campus\" \/>\n<meta property=\"article:publisher\" content=\"https:\/\/www.facebook.com\/GlendonCampus\/\" \/>\n<meta property=\"article:modified_time\" content=\"2025-01-27T15:45:29+00:00\" \/>\n<meta property=\"og:image\" content=\"https:\/\/www.yorku.ca\/glendon\/wp-content\/uploads\/sites\/508\/2021\/10\/glendon-campus-Glendon-Overall_Aerial-3.jpg\" \/>\n\t<meta property=\"og:image:width\" content=\"1642\" \/>\n\t<meta property=\"og:image:height\" content=\"925\" \/>\n\t<meta property=\"og:image:type\" content=\"image\/jpeg\" \/>\n<meta name=\"twitter:card\" content=\"summary_large_image\" \/>\n<meta name=\"twitter:site\" content=\"@glendoncampus\" \/>\n<meta name=\"twitter:label1\" content=\"Est. reading time\" \/>\n\t<meta name=\"twitter:data1\" content=\"4 minutes\" \/>\n<script type=\"application\/ld+json\" class=\"yoast-schema-graph\">{\"@context\":\"https:\/\/schema.org\",\"@graph\":[{\"@type\":\"WebPage\",\"@id\":\"https:\/\/www.yorku.ca\/glendon\/future-students\/conditions-dadmission\/transfer-options\/cegep\/?lang=fr\",\"url\":\"https:\/\/www.yorku.ca\/glendon\/future-students\/conditions-dadmission\/transfer-options\/cegep\/?lang=fr\",\"name\":\"C\u00c9GEP | Glendon Campus\",\"isPartOf\":{\"@id\":\"https:\/\/www.yorku.ca\/glendon\/#website\"},\"datePublished\":\"2025-01-20T15:59:58+00:00\",\"dateModified\":\"2025-01-27T15:45:29+00:00\",\"breadcrumb\":{\"@id\":\"https:\/\/www.yorku.ca\/glendon\/future-students\/conditions-dadmission\/transfer-options\/cegep\/?lang=fr#breadcrumb\"},\"inLanguage\":\"en-US\",\"potentialAction\":[{\"@type\":\"ReadAction\",\"target\":[\"https:\/\/www.yorku.ca\/glendon\/future-students\/conditions-dadmission\/transfer-options\/cegep\/?lang=fr\"]}]},{\"@type\":\"BreadcrumbList\",\"@id\":\"https:\/\/www.yorku.ca\/glendon\/future-students\/conditions-dadmission\/transfer-options\/cegep\/?lang=fr#breadcrumb\",\"itemListElement\":[{\"@type\":\"ListItem\",\"position\":1,\"name\":\"Home\",\"item\":\"https:\/\/www.yorku.ca\/glendon\/\"},{\"@type\":\"ListItem\",\"position\":2,\"name\":\"Futurs \u00e9tudiants\",\"item\":\"https:\/\/www.yorku.ca\/glendon\/future-students\/\"},{\"@type\":\"ListItem\",\"position\":3,\"name\":\"Conditions d\u2019admission\",\"item\":\"https:\/\/www.yorku.ca\/glendon\/future-students\/conditions-dadmission\/\"},{\"@type\":\"ListItem\",\"position\":4,\"name\":\"Options transfert\",\"item\":\"https:\/\/www.yorku.ca\/glendon\/future-students\/conditions-dadmission\/transfer-options\/\"},{\"@type\":\"ListItem\",\"position\":5,\"name\":\"C\u00c9GEP\"}]},{\"@type\":\"WebSite\",\"@id\":\"https:\/\/www.yorku.ca\/glendon\/#website\",\"url\":\"https:\/\/www.yorku.ca\/glendon\/\",\"name\":\"Glendon Campus\",\"description\":\"\",\"publisher\":{\"@id\":\"https:\/\/www.yorku.ca\/glendon\/#organization\"},\"potentialAction\":[{\"@type\":\"SearchAction\",\"target\":{\"@type\":\"EntryPoint\",\"urlTemplate\":\"https:\/\/www.yorku.ca\/glendon\/?s={search_term_string}\"},\"query-input\":{\"@type\":\"PropertyValueSpecification\",\"valueRequired\":true,\"valueName\":\"search_term_string\"}}],\"inLanguage\":\"en-US\"},{\"@type\":\"Organization\",\"@id\":\"https:\/\/www.yorku.ca\/glendon\/#organization\",\"name\":\"Glendon Campus\",\"url\":\"https:\/\/www.yorku.ca\/glendon\/\",\"logo\":{\"@type\":\"ImageObject\",\"inLanguage\":\"en-US\",\"@id\":\"https:\/\/www.yorku.ca\/glendon\/#\/schema\/logo\/image\/\",\"url\":\"https:\/\/www.yorku.ca\/glendon\/wp-content\/uploads\/sites\/508\/2023\/07\/Glendon-Campus-YorkU-Logo-.png\",\"contentUrl\":\"https:\/\/www.yorku.ca\/glendon\/wp-content\/uploads\/sites\/508\/2023\/07\/Glendon-Campus-YorkU-Logo-.png\",\"width\":5516,\"height\":601,\"caption\":\"Glendon Campus\"},\"image\":{\"@id\":\"https:\/\/www.yorku.ca\/glendon\/#\/schema\/logo\/image\/\"},\"sameAs\":[\"https:\/\/www.facebook.com\/GlendonCampus\/\",\"https:\/\/x.com\/glendoncampus\",\"https:\/\/www.instagram.com\/glendoncampus\/\",\"https:\/\/www.linkedin.com\/school\/glendon-campus\/\",\"https:\/\/www.youtube.com\/channel\/UC8bu5ntS7ZMGCURI0C-uENQ\",\"https:\/\/en.wikipedia.org\/wiki\/Glendon_College\"]}]}<\/script>\n<!-- \/ Yoast SEO plugin. -->","yoast_head_json":{"title":"C\u00c9GEP | Glendon Campus","robots":{"index":"index","follow":"follow","max-snippet":"max-snippet:-1","max-image-preview":"max-image-preview:large","max-video-preview":"max-video-preview:-1"},"canonical":"https:\/\/www.yorku.ca\/glendon\/future-students\/conditions-dadmission\/transfer-options\/cegep\/","og_locale":"en_US","og_type":"article","og_title":"C\u00c9GEP | Glendon Campus","og_url":"https:\/\/www.yorku.ca\/glendon\/future-students\/conditions-dadmission\/transfer-options\/cegep\/?lang=fr","og_site_name":"Glendon Campus","article_publisher":"https:\/\/www.facebook.com\/GlendonCampus\/","article_modified_time":"2025-01-27T15:45:29+00:00","og_image":[{"width":1642,"height":925,"url":"https:\/\/www.yorku.ca\/glendon\/wp-content\/uploads\/sites\/508\/2021\/10\/glendon-campus-Glendon-Overall_Aerial-3.jpg","type":"image\/jpeg"}],"twitter_card":"summary_large_image","twitter_site":"@glendoncampus","twitter_misc":{"Est. reading time":"4 minutes"},"schema":{"@context":"https:\/\/schema.org","@graph":[{"@type":"WebPage","@id":"https:\/\/www.yorku.ca\/glendon\/future-students\/conditions-dadmission\/transfer-options\/cegep\/?lang=fr","url":"https:\/\/www.yorku.ca\/glendon\/future-students\/conditions-dadmission\/transfer-options\/cegep\/?lang=fr","name":"C\u00c9GEP | Glendon Campus","isPartOf":{"@id":"https:\/\/www.yorku.ca\/glendon\/#website"},"datePublished":"2025-01-20T15:59:58+00:00","dateModified":"2025-01-27T15:45:29+00:00","breadcrumb":{"@id":"https:\/\/www.yorku.ca\/glendon\/future-students\/conditions-dadmission\/transfer-options\/cegep\/?lang=fr#breadcrumb"},"inLanguage":"en-US","potentialAction":[{"@type":"ReadAction","target":["https:\/\/www.yorku.ca\/glendon\/future-students\/conditions-dadmission\/transfer-options\/cegep\/?lang=fr"]}]},{"@type":"BreadcrumbList","@id":"https:\/\/www.yorku.ca\/glendon\/future-students\/conditions-dadmission\/transfer-options\/cegep\/?lang=fr#breadcrumb","itemListElement":[{"@type":"ListItem","position":1,"name":"Home","item":"https:\/\/www.yorku.ca\/glendon\/"},{"@type":"ListItem","position":2,"name":"Futurs \u00e9tudiants","item":"https:\/\/www.yorku.ca\/glendon\/future-students\/"},{"@type":"ListItem","position":3,"name":"Conditions d\u2019admission","item":"https:\/\/www.yorku.ca\/glendon\/future-students\/conditions-dadmission\/"},{"@type":"ListItem","position":4,"name":"Options transfert","item":"https:\/\/www.yorku.ca\/glendon\/future-students\/conditions-dadmission\/transfer-options\/"},{"@type":"ListItem","position":5,"name":"C\u00c9GEP"}]},{"@type":"WebSite","@id":"https:\/\/www.yorku.ca\/glendon\/#website","url":"https:\/\/www.yorku.ca\/glendon\/","name":"Glendon Campus","description":"","publisher":{"@id":"https:\/\/www.yorku.ca\/glendon\/#organization"},"potentialAction":[{"@type":"SearchAction","target":{"@type":"EntryPoint","urlTemplate":"https:\/\/www.yorku.ca\/glendon\/?s={search_term_string}"},"query-input":{"@type":"PropertyValueSpecification","valueRequired":true,"valueName":"search_term_string"}}],"inLanguage":"en-US"},{"@type":"Organization","@id":"https:\/\/www.yorku.ca\/glendon\/#organization","name":"Glendon Campus","url":"https:\/\/www.yorku.ca\/glendon\/","logo":{"@type":"ImageObject","inLanguage":"en-US","@id":"https:\/\/www.yorku.ca\/glendon\/#\/schema\/logo\/image\/","url":"https:\/\/www.yorku.ca\/glendon\/wp-content\/uploads\/sites\/508\/2023\/07\/Glendon-Campus-YorkU-Logo-.png","contentUrl":"https:\/\/www.yorku.ca\/glendon\/wp-content\/uploads\/sites\/508\/2023\/07\/Glendon-Campus-YorkU-Logo-.png","width":5516,"height":601,"caption":"Glendon Campus"},"image":{"@id":"https:\/\/www.yorku.ca\/glendon\/#\/schema\/logo\/image\/"},"sameAs":["https:\/\/www.facebook.com\/GlendonCampus\/","https:\/\/x.com\/glendoncampus","https:\/\/www.instagram.com\/glendoncampus\/","https:\/\/www.linkedin.com\/school\/glendon-campus\/","https:\/\/www.youtube.com\/channel\/UC8bu5ntS7ZMGCURI0C-uENQ","https:\/\/en.wikipedia.org\/wiki\/Glendon_College"]}]}},"taxonomy_info":[],"featured_image_src_large":false,"author_info":{"display_name":"lmallet","author_link":"https:\/\/www.yorku.ca\/glendon\/author\/lmallet\/"},"comment_info":0,"_links":{"self":[{"href":"https:\/\/www.yorku.ca\/glendon\/wp-json\/wp\/v2\/pages\/29296","targetHints":{"allow":["GET"]}}],"collection":[{"href":"https:\/\/www.yorku.ca\/glendon\/wp-json\/wp\/v2\/pages"}],"about":[{"href":"https:\/\/www.yorku.ca\/glendon\/wp-json\/wp\/v2\/types\/page"}],"author":[{"embeddable":true,"href":"https:\/\/www.yorku.ca\/glendon\/wp-json\/wp\/v2\/users\/440"}],"replies":[{"embeddable":true,"href":"https:\/\/www.yorku.ca\/glendon\/wp-json\/wp\/v2\/comments?post=29296"}],"version-history":[{"count":6,"href":"https:\/\/www.yorku.ca\/glendon\/wp-json\/wp\/v2\/pages\/29296\/revisions"}],"predecessor-version":[{"id":29310,"href":"https:\/\/www.yorku.ca\/glendon\/wp-json\/wp\/v2\/pages\/29296\/revisions\/29310"}],"up":[{"embeddable":true,"href":"https:\/\/www.yorku.ca\/glendon\/wp-json\/wp\/v2\/pages\/29284"}],"wp:attachment":[{"href":"https:\/\/www.yorku.ca\/glendon\/wp-json\/wp\/v2\/media?parent=29296"}],"wp:term":[{"taxonomy":"post_tag","embeddable":true,"href":"https:\/\/www.yorku.ca\/glendon\/wp-json\/wp\/v2\/tags?post=29296"}],"curies":[{"name":"wp","href":"https:\/\/api.w.org\/{rel}","templated":true}]}}