  {"id":29284,"date":"2025-01-20T10:21:41","date_gmt":"2025-01-20T15:21:41","guid":{"rendered":"https:\/\/www.yorku.ca\/glendon\/future-students\/conditions-dadmission\/transfer-options\/"},"modified":"2025-01-27T10:39:27","modified_gmt":"2025-01-27T15:39:27","slug":"transfer-options","status":"publish","type":"page","link":"https:\/\/www.yorku.ca\/glendon\/future-students\/conditions-dadmission\/transfer-options\/?lang=fr","title":{"rendered":"Options transfert"},"content":{"rendered":"\n<div class=\"wp-block-columns is-layout-flex wp-container-core-columns-is-layout-1 wp-block-columns-is-layout-flex\">\n<div class=\"wp-block-column is-layout-flow wp-block-column-is-layout-flow\">\n<div class=\"wp-block-buttons is-layout-flex wp-block-buttons-is-layout-flex\">\n<div class=\"wp-block-button has-custom-width wp-block-button__width-100 has-custom-font-size is-style-outline has-medium-font-size is-style-outline--1\"><a class=\"wp-block-button__link wp-element-button\" href=\"https:\/\/www.yorku.ca\/glendon\/future-students\/conditions-dadmission\/transfer-options\/transfer-students\/?lang=fr\">Je poursuis un&nbsp;programme d\u2019\u00e9tudes dans une universit\u00e9 ou un coll\u00e8ge au Canada ou d\u2019un autre pays.<\/a><\/div>\n<\/div>\n<\/div>\n\n\n\n<div class=\"wp-block-column is-layout-flow wp-block-column-is-layout-flow\">\n<div class=\"wp-block-buttons is-layout-flex wp-block-buttons-is-layout-flex\">\n<div class=\"wp-block-button has-custom-width wp-block-button__width-100 has-custom-font-size is-style-outline has-medium-font-size is-style-outline--2\"><a class=\"wp-block-button__link wp-element-button\" href=\"https:\/\/www.yorku.ca\/glendon\/future-students\/conditions-dadmission\/transfer-options\/cegep\/?lang=fr\">Je suis&nbsp;\u00e9tudiant dans un CEGEP.<br><\/a><\/div>\n<\/div>\n<\/div>\n<\/div>\n\n\n\n<h2 class=\"wp-block-heading\">L\u2019Universit\u00e9 York est un leader en mati\u00e8re de cr\u00e9dits de transfert et de mobilit\u00e9 des \u00e9tudiants<\/h2>\n\n\n\n<p>Chaque ann\u00e9e, plus de 6 000 \u00e9tudiants se joignent \u00e0 York apr\u00e8s avoir obtenu un transfert. Nous sommes fiers d\u2019offrir diverses voies d\u2019acc\u00e8s aux \u00e9tudiants qui souhaitent poursuivent leurs \u00e9tudes universitaires. Depuis pr\u00e8s de vingt ans, nous accordons des cr\u00e9dits de transfert \u00e0 divers groupes d\u2019\u00e9tudiants apr\u00e8s avoir proc\u00e9d\u00e9 \u00e0 un examen approfondi de leur dossier scolaire. Nous avons \u00e9t\u00e9 l\u2019une des premi\u00e8res universit\u00e9s \u00e0 accorder des cr\u00e9dits de transfert.<\/p>\n\n\n\n<p><br>Nous nous engageons \u00e0 vous guider pendant le processus de transfert et \u00e0 \u00e9valuer de mani\u00e8re \u00e9quitable et en temps opportun vos cr\u00e9dits de transfert. Pour ce faire, nous passerons en revue les d\u00e9tails de vos \u00e9tudes postsecondaires afin de d\u00e9terminer le nombre de cr\u00e9dits de transfert que vous recevrez. Lorsque vous rencontrerez votre conseiller p\u00e9dagogique, vous aurez ainsi les \u00e9l\u00e9ments n\u00e9cessaires pour faire des choix \u00e9clair\u00e9s et d\u00e9finir votre plan d\u2019\u00e9tudes.<\/p>\n\n\n\n<h2 class=\"wp-block-heading\">Vous voulez demander un transfert \u00e0 York, mais vous ne savez pas par o\u00f9 commencer ?<\/h2>\n\n\n\n<p>D\u00e9terminez le nombre de cr\u00e9dits transf\u00e9rables auxquels vous pourriez \u00eatre admissible gr\u00e2ce au&nbsp;<a href=\"http:\/\/bit.ly\/1hFN2iY\">nouveau Guide de reconnaissance des cr\u00e9dits du CATON<\/a>&nbsp;(C2CE). Il vous suffit d\u2019entrer les renseignements figurant sur vos relev\u00e9s de notes, et la base de donn\u00e9es recherchera les \u00e9quivalences de cours dans les 24 coll\u00e8ges et universit\u00e9s de l\u2019Ontario.<\/p>\n\n\n\n<p><br>\u00c0 l\u2019inverse, si vous \u00eates \u00e9tudiant \u00e0 York et souhaitez suivre des cours dans un autre \u00e9tablissement, C2CE peut vous aider \u00e0 trouver des cours donnant droit \u00e0 des cr\u00e9dits transf\u00e9rables, ou des cours pouvant compter pour l\u2019obtention de votre dipl\u00f4me \u00e0 York.<br><em>ONTransfer.ca est un guide non officiel sur la reconnaissance de cours d\u2019un \u00e9tablissement \u00e0 un autre. Vos notes et, dans certains cas, le programme que vous suivez seront pris en consid\u00e9ration par le coll\u00e8ge ou l\u2019universit\u00e9 o\u00f9 vous envisagez d\u2019\u00e9tudier.<\/em><\/p>\n\n\n\n<h2 class=\"wp-block-heading\">Si vous avez un handicap diagnostiqu\u00e9 :<\/h2>\n\n\n\n<p>Nous vous encourageons \u00e0 nous en informer lors du processus d\u2019admission. Si des circonstances att\u00e9nuantes ont eu un impact sur le rendement acad\u00e9mique d\u2019un(e) candidat(e), le Coll\u00e8ge universitaire Glendon l\u2019encourage \u00e0 soumettre&nbsp;<a href=\"https:\/\/forms.students.yorku.ca\/view.php?id=122955\">le formulaire de circonstances att\u00e9nuantes<\/a>&nbsp;pour consid\u00e9ration lors de l\u2019\u00e9valuation de son dossier. Veuillez consulter&nbsp;<a href=\"https:\/\/futurestudents.yorku.ca\/requirements\/extenuating-circumstances\">le site web du Bureau des Admissions de l\u2019Universit\u00e9 York<\/a>&nbsp;pour plus d\u2019information. Les candidat(e)s peuvent \u00e9galement&nbsp;contacter le Service de recrutement \u00e9tudiant de Glendon en leur envoyant&nbsp;<a href=\"mailto:liaison@glendon.yorku.ca\">un courriel<\/a>&nbsp;ou en composant le&nbsp;416-487-6710.<\/p>\n\n\n\n<h2 class=\"wp-block-heading\">Visiter le campus<\/h2>\n\n\n\n<p>Organisez&nbsp;une visite guid\u00e9e ou un rendez-vous avec un de nos agents de recrutement.<\/p>\n\n\n\n<div class=\"wp-block-buttons is-layout-flex wp-block-buttons-is-layout-flex\">\n<div class=\"wp-block-button\"><a class=\"wp-block-button__link has-vivid-red-background-color has-background wp-element-button\" href=\"https:\/\/www.yorku.ca\/glendon\/future-students\/evenements-de-recrutement-a-venir\/?lang=fr\">Apprenez-en plus<\/a><\/div>\n<\/div>\n\n\n\n<div style=\"height:100px\" aria-hidden=\"true\" class=\"wp-block-spacer\"><\/div>\n","protected":false},"excerpt":{"rendered":"<p>L\u2019Universit\u00e9 York est un leader en mati\u00e8re de cr\u00e9dits de transfert et de mobilit\u00e9 des \u00e9tudiants Chaque ann\u00e9e, plus de 6 000 \u00e9tudiants se joignent \u00e0 York apr\u00e8s avoir obtenu un transfert. Nous sommes fiers d\u2019offrir diverses voies d\u2019acc\u00e8s aux \u00e9tudiants qui souhaitent poursuivent leurs \u00e9tudes universitaires. Depuis pr\u00e8s de vingt ans, nous accordons des [&hellip;]<\/p>\n","protected":false},"author":440,"featured_media":0,"parent":7713,"menu_order":0,"comment_status":"closed","ping_status":"closed","template":"","meta":{"_kad_blocks_custom_css":"","_kad_blocks_head_custom_js":"","_kad_blocks_body_custom_js":"","_kad_blocks_footer_custom_js":"","footnotes":""},"tags":[],"class_list":["post-29284","page","type-page","status-publish","hentry"],"acf":[],"yoast_head":"<!-- This site is optimized with the Yoast SEO plugin v24.0 - https:\/\/yoast.com\/wordpress\/plugins\/seo\/ -->\n<title>Options transfert | Glendon Campus<\/title>\n<meta name=\"robots\" content=\"index, follow, max-snippet:-1, max-image-preview:large, max-video-preview:-1\" \/>\n<link rel=\"canonical\" href=\"https:\/\/www.yorku.ca\/glendon\/future-students\/conditions-dadmission\/transfer-options\/\" \/>\n<meta property=\"og:locale\" content=\"en_US\" \/>\n<meta property=\"og:type\" content=\"article\" \/>\n<meta property=\"og:title\" content=\"Options transfert | Glendon Campus\" \/>\n<meta property=\"og:description\" content=\"L\u2019Universit\u00e9 York est un leader en mati\u00e8re de cr\u00e9dits de transfert et de mobilit\u00e9 des \u00e9tudiants Chaque ann\u00e9e, plus de 6 000 \u00e9tudiants se joignent \u00e0 York apr\u00e8s avoir obtenu un transfert. Nous sommes fiers d\u2019offrir diverses voies d\u2019acc\u00e8s aux \u00e9tudiants qui souhaitent poursuivent leurs \u00e9tudes universitaires. Depuis pr\u00e8s de vingt ans, nous accordons des [&hellip;]\" \/>\n<meta property=\"og:url\" content=\"https:\/\/www.yorku.ca\/glendon\/future-students\/conditions-dadmission\/transfer-options\/?lang=fr\" \/>\n<meta property=\"og:site_name\" content=\"Glendon Campus\" \/>\n<meta property=\"article:publisher\" content=\"https:\/\/www.facebook.com\/GlendonCampus\/\" \/>\n<meta property=\"article:modified_time\" content=\"2025-01-27T15:39:27+00:00\" \/>\n<meta property=\"og:image\" content=\"https:\/\/www.yorku.ca\/glendon\/wp-content\/uploads\/sites\/508\/2021\/10\/glendon-campus-Glendon-Overall_Aerial-3.jpg\" \/>\n\t<meta property=\"og:image:width\" content=\"1642\" \/>\n\t<meta property=\"og:image:height\" content=\"925\" \/>\n\t<meta property=\"og:image:type\" content=\"image\/jpeg\" \/>\n<meta name=\"twitter:card\" content=\"summary_large_image\" \/>\n<meta name=\"twitter:site\" content=\"@glendoncampus\" \/>\n<meta name=\"twitter:label1\" content=\"Est. reading time\" \/>\n\t<meta name=\"twitter:data1\" content=\"3 minutes\" \/>\n<script type=\"application\/ld+json\" class=\"yoast-schema-graph\">{\"@context\":\"https:\/\/schema.org\",\"@graph\":[{\"@type\":\"WebPage\",\"@id\":\"https:\/\/www.yorku.ca\/glendon\/future-students\/conditions-dadmission\/transfer-options\/?lang=fr\",\"url\":\"https:\/\/www.yorku.ca\/glendon\/future-students\/conditions-dadmission\/transfer-options\/?lang=fr\",\"name\":\"Options transfert | Glendon Campus\",\"isPartOf\":{\"@id\":\"https:\/\/www.yorku.ca\/glendon\/#website\"},\"datePublished\":\"2025-01-20T15:21:41+00:00\",\"dateModified\":\"2025-01-27T15:39:27+00:00\",\"breadcrumb\":{\"@id\":\"https:\/\/www.yorku.ca\/glendon\/future-students\/conditions-dadmission\/transfer-options\/?lang=fr#breadcrumb\"},\"inLanguage\":\"en-US\",\"potentialAction\":[{\"@type\":\"ReadAction\",\"target\":[\"https:\/\/www.yorku.ca\/glendon\/future-students\/conditions-dadmission\/transfer-options\/?lang=fr\"]}]},{\"@type\":\"BreadcrumbList\",\"@id\":\"https:\/\/www.yorku.ca\/glendon\/future-students\/conditions-dadmission\/transfer-options\/?lang=fr#breadcrumb\",\"itemListElement\":[{\"@type\":\"ListItem\",\"position\":1,\"name\":\"Home\",\"item\":\"https:\/\/www.yorku.ca\/glendon\/\"},{\"@type\":\"ListItem\",\"position\":2,\"name\":\"Futurs \u00e9tudiants\",\"item\":\"https:\/\/www.yorku.ca\/glendon\/future-students\/\"},{\"@type\":\"ListItem\",\"position\":3,\"name\":\"Conditions d\u2019admission\",\"item\":\"https:\/\/www.yorku.ca\/glendon\/future-students\/conditions-dadmission\/\"},{\"@type\":\"ListItem\",\"position\":4,\"name\":\"Options transfert\"}]},{\"@type\":\"WebSite\",\"@id\":\"https:\/\/www.yorku.ca\/glendon\/#website\",\"url\":\"https:\/\/www.yorku.ca\/glendon\/\",\"name\":\"Glendon Campus\",\"description\":\"\",\"publisher\":{\"@id\":\"https:\/\/www.yorku.ca\/glendon\/#organization\"},\"potentialAction\":[{\"@type\":\"SearchAction\",\"target\":{\"@type\":\"EntryPoint\",\"urlTemplate\":\"https:\/\/www.yorku.ca\/glendon\/?s={search_term_string}\"},\"query-input\":{\"@type\":\"PropertyValueSpecification\",\"valueRequired\":true,\"valueName\":\"search_term_string\"}}],\"inLanguage\":\"en-US\"},{\"@type\":\"Organization\",\"@id\":\"https:\/\/www.yorku.ca\/glendon\/#organization\",\"name\":\"Glendon Campus\",\"url\":\"https:\/\/www.yorku.ca\/glendon\/\",\"logo\":{\"@type\":\"ImageObject\",\"inLanguage\":\"en-US\",\"@id\":\"https:\/\/www.yorku.ca\/glendon\/#\/schema\/logo\/image\/\",\"url\":\"https:\/\/www.yorku.ca\/glendon\/wp-content\/uploads\/sites\/508\/2023\/07\/Glendon-Campus-YorkU-Logo-.png\",\"contentUrl\":\"https:\/\/www.yorku.ca\/glendon\/wp-content\/uploads\/sites\/508\/2023\/07\/Glendon-Campus-YorkU-Logo-.png\",\"width\":5516,\"height\":601,\"caption\":\"Glendon Campus\"},\"image\":{\"@id\":\"https:\/\/www.yorku.ca\/glendon\/#\/schema\/logo\/image\/\"},\"sameAs\":[\"https:\/\/www.facebook.com\/GlendonCampus\/\",\"https:\/\/x.com\/glendoncampus\",\"https:\/\/www.instagram.com\/glendoncampus\/\",\"https:\/\/www.linkedin.com\/school\/glendon-campus\/\",\"https:\/\/www.youtube.com\/channel\/UC8bu5ntS7ZMGCURI0C-uENQ\",\"https:\/\/en.wikipedia.org\/wiki\/Glendon_College\"]}]}<\/script>\n<!-- \/ Yoast SEO plugin. -->","yoast_head_json":{"title":"Options transfert | Glendon Campus","robots":{"index":"index","follow":"follow","max-snippet":"max-snippet:-1","max-image-preview":"max-image-preview:large","max-video-preview":"max-video-preview:-1"},"canonical":"https:\/\/www.yorku.ca\/glendon\/future-students\/conditions-dadmission\/transfer-options\/","og_locale":"en_US","og_type":"article","og_title":"Options transfert | Glendon Campus","og_description":"L\u2019Universit\u00e9 York est un leader en mati\u00e8re de cr\u00e9dits de transfert et de mobilit\u00e9 des \u00e9tudiants Chaque ann\u00e9e, plus de 6 000 \u00e9tudiants se joignent \u00e0 York apr\u00e8s avoir obtenu un transfert. Nous sommes fiers d\u2019offrir diverses voies d\u2019acc\u00e8s aux \u00e9tudiants qui souhaitent poursuivent leurs \u00e9tudes universitaires. Depuis pr\u00e8s de vingt ans, nous accordons des [&hellip;]","og_url":"https:\/\/www.yorku.ca\/glendon\/future-students\/conditions-dadmission\/transfer-options\/?lang=fr","og_site_name":"Glendon Campus","article_publisher":"https:\/\/www.facebook.com\/GlendonCampus\/","article_modified_time":"2025-01-27T15:39:27+00:00","og_image":[{"width":1642,"height":925,"url":"https:\/\/www.yorku.ca\/glendon\/wp-content\/uploads\/sites\/508\/2021\/10\/glendon-campus-Glendon-Overall_Aerial-3.jpg","type":"image\/jpeg"}],"twitter_card":"summary_large_image","twitter_site":"@glendoncampus","twitter_misc":{"Est. reading time":"3 minutes"},"schema":{"@context":"https:\/\/schema.org","@graph":[{"@type":"WebPage","@id":"https:\/\/www.yorku.ca\/glendon\/future-students\/conditions-dadmission\/transfer-options\/?lang=fr","url":"https:\/\/www.yorku.ca\/glendon\/future-students\/conditions-dadmission\/transfer-options\/?lang=fr","name":"Options transfert | Glendon Campus","isPartOf":{"@id":"https:\/\/www.yorku.ca\/glendon\/#website"},"datePublished":"2025-01-20T15:21:41+00:00","dateModified":"2025-01-27T15:39:27+00:00","breadcrumb":{"@id":"https:\/\/www.yorku.ca\/glendon\/future-students\/conditions-dadmission\/transfer-options\/?lang=fr#breadcrumb"},"inLanguage":"en-US","potentialAction":[{"@type":"ReadAction","target":["https:\/\/www.yorku.ca\/glendon\/future-students\/conditions-dadmission\/transfer-options\/?lang=fr"]}]},{"@type":"BreadcrumbList","@id":"https:\/\/www.yorku.ca\/glendon\/future-students\/conditions-dadmission\/transfer-options\/?lang=fr#breadcrumb","itemListElement":[{"@type":"ListItem","position":1,"name":"Home","item":"https:\/\/www.yorku.ca\/glendon\/"},{"@type":"ListItem","position":2,"name":"Futurs \u00e9tudiants","item":"https:\/\/www.yorku.ca\/glendon\/future-students\/"},{"@type":"ListItem","position":3,"name":"Conditions d\u2019admission","item":"https:\/\/www.yorku.ca\/glendon\/future-students\/conditions-dadmission\/"},{"@type":"ListItem","position":4,"name":"Options transfert"}]},{"@type":"WebSite","@id":"https:\/\/www.yorku.ca\/glendon\/#website","url":"https:\/\/www.yorku.ca\/glendon\/","name":"Glendon Campus","description":"","publisher":{"@id":"https:\/\/www.yorku.ca\/glendon\/#organization"},"potentialAction":[{"@type":"SearchAction","target":{"@type":"EntryPoint","urlTemplate":"https:\/\/www.yorku.ca\/glendon\/?s={search_term_string}"},"query-input":{"@type":"PropertyValueSpecification","valueRequired":true,"valueName":"search_term_string"}}],"inLanguage":"en-US"},{"@type":"Organization","@id":"https:\/\/www.yorku.ca\/glendon\/#organization","name":"Glendon Campus","url":"https:\/\/www.yorku.ca\/glendon\/","logo":{"@type":"ImageObject","inLanguage":"en-US","@id":"https:\/\/www.yorku.ca\/glendon\/#\/schema\/logo\/image\/","url":"https:\/\/www.yorku.ca\/glendon\/wp-content\/uploads\/sites\/508\/2023\/07\/Glendon-Campus-YorkU-Logo-.png","contentUrl":"https:\/\/www.yorku.ca\/glendon\/wp-content\/uploads\/sites\/508\/2023\/07\/Glendon-Campus-YorkU-Logo-.png","width":5516,"height":601,"caption":"Glendon Campus"},"image":{"@id":"https:\/\/www.yorku.ca\/glendon\/#\/schema\/logo\/image\/"},"sameAs":["https:\/\/www.facebook.com\/GlendonCampus\/","https:\/\/x.com\/glendoncampus","https:\/\/www.instagram.com\/glendoncampus\/","https:\/\/www.linkedin.com\/school\/glendon-campus\/","https:\/\/www.youtube.com\/channel\/UC8bu5ntS7ZMGCURI0C-uENQ","https:\/\/en.wikipedia.org\/wiki\/Glendon_College"]}]}},"taxonomy_info":[],"featured_image_src_large":false,"author_info":{"display_name":"lmallet","author_link":"https:\/\/www.yorku.ca\/glendon\/author\/lmallet\/"},"comment_info":0,"_links":{"self":[{"href":"https:\/\/www.yorku.ca\/glendon\/wp-json\/wp\/v2\/pages\/29284","targetHints":{"allow":["GET"]}}],"collection":[{"href":"https:\/\/www.yorku.ca\/glendon\/wp-json\/wp\/v2\/pages"}],"about":[{"href":"https:\/\/www.yorku.ca\/glendon\/wp-json\/wp\/v2\/types\/page"}],"author":[{"embeddable":true,"href":"https:\/\/www.yorku.ca\/glendon\/wp-json\/wp\/v2\/users\/440"}],"replies":[{"embeddable":true,"href":"https:\/\/www.yorku.ca\/glendon\/wp-json\/wp\/v2\/comments?post=29284"}],"version-history":[{"count":5,"href":"https:\/\/www.yorku.ca\/glendon\/wp-json\/wp\/v2\/pages\/29284\/revisions"}],"predecessor-version":[{"id":29305,"href":"https:\/\/www.yorku.ca\/glendon\/wp-json\/wp\/v2\/pages\/29284\/revisions\/29305"}],"up":[{"embeddable":true,"href":"https:\/\/www.yorku.ca\/glendon\/wp-json\/wp\/v2\/pages\/7713"}],"wp:attachment":[{"href":"https:\/\/www.yorku.ca\/glendon\/wp-json\/wp\/v2\/media?parent=29284"}],"wp:term":[{"taxonomy":"post_tag","embeddable":true,"href":"https:\/\/www.yorku.ca\/glendon\/wp-json\/wp\/v2\/tags?post=29284"}],"curies":[{"name":"wp","href":"https:\/\/api.w.org\/{rel}","templated":true}]}}