  {"id":29072,"date":"2025-01-20T09:39:07","date_gmt":"2025-01-20T14:39:07","guid":{"rendered":"https:\/\/www.yorku.ca\/glendon\/faites-votre-demande\/application-deadlines\/"},"modified":"2025-01-20T09:43:35","modified_gmt":"2025-01-20T14:43:35","slug":"application-deadlines","status":"publish","type":"page","link":"https:\/\/www.yorku.ca\/glendon\/faites-votre-demande\/application-deadlines\/?lang=fr","title":{"rendered":"Dates limites"},"content":{"rendered":"\n<p>Soumettez votre candidature avant la (les) date(s) indiqu\u00e9e(s) ci-dessous pour une prise en compte garantie. Veuillez noter que la date limite de soumission des documents compl\u00e9mentaires (le cas \u00e9ch\u00e9ant) varie selon le programme.<\/p>\n\n\n\n<p>Les candidatures re\u00e7ues avant la date limite seront pleinement prises en consid\u00e9ration pour le(s) programme(s) choisi(s) et les bourses associ\u00e9es. Les demandes tardives ou incompl\u00e8tes (y compris les demandes compl\u00e9mentaires) peuvent entra\u00eener la saturation d\u2019un programme, des retards dans la d\u00e9livrance du permis d\u2019\u00e9tudes et\/ou une r\u00e9duction du nombre d\u2019options d\u2019inscription aux cours.<\/p>\n\n\n\n<figure class=\"wp-block-table\"><table class=\"has-fixed-layout\"><thead><tr><th>Semestre<\/th><th>Date limite<\/th><\/tr><\/thead><tbody><tr><td>Automne 2025 (septembre)<\/td><td><strong>Candidats des \u00e9coles secondaires de l\u2019Ontario<\/strong><br>15 janvier 2025<br><br><strong>Candidats des \u00e9coles secondaires \u00e0 l\u2019ext\u00e9rieur de l\u2019Ontario<\/strong><br>3 f\u00e9vrier 2025<br><br><strong>Candidats de transfert d\u2019une universit\u00e9\/d\u2019un coll\u00e8ge ou candidats adultes\u00a0au Canada<\/strong><br>3 f\u00e9vrier 2025<br><br><strong>Candidats internationaux*<\/strong><br>3 f\u00e9vrier 2025<\/td><\/tr><\/tbody><\/table><\/figure>\n\n\n\n<p><strong>*Veuillez noter<\/strong>&nbsp;que nous continuerons \u00e0 accepter et \u00e0 \u00e9valuer les demandes jusqu\u2019\u00e0 ce que chaque programme soit complet. Afin de disposer du temps n\u00e9cessaire pour demander un permis d\u2019\u00e9tudes (le cas \u00e9ch\u00e9ant), nous vous recommandons de d\u00e9poser votre candidature le plus t\u00f4t possible.<\/p>\n\n\n\n<p><strong>**B.\u00c9d. :<\/strong>&nbsp;Si vous \u00eates un \u00e9l\u00e8ve actuel du secondaire qui \u00e9tudie \u00e0 l\u2019ext\u00e9rieur de l\u2019Ontario, ou si vous avez obtenu votre dipl\u00f4me d\u2019\u00e9tudes secondaires mais n\u2019avez pas fr\u00e9quent\u00e9 d\u2019\u00e9tablissement postsecondaire, veuillez pr\u00e9senter<a href=\"https:\/\/www.ouac.on.ca\/fr\/ouac-105\/\">&nbsp;votre demande par l\u2019interm\u00e9diaire du OUAC en utilisant le formulaire 105<\/a>. Apr\u00e8s avoir fait une demande d\u2019admission \u00e0 un programme de baccalaur\u00e9at de Glendon (par exemple, \u00c9tudes fran\u00e7aises) et avoir re\u00e7u un num\u00e9ro de r\u00e9f\u00e9rence de York, veuillez&nbsp;<a href=\"https:\/\/eduforms.apps01.yorku.ca\/machform\/view.php?id=248580\">soumettre le formulaire de&nbsp;\u00ab&nbsp;Faculty of Education Direct Entry (Pre Education) Concurrent&nbsp;\u00bb&nbsp;<\/a>avant le 1er f\u00e9vrier.&nbsp;<\/p>\n\n\n\n<p>Consultez&nbsp;<a href=\"https:\/\/futurestudents.yorku.ca\/requirements\/deadlines\">le site web de l\u2019Universit\u00e9 York<\/a>&nbsp;pour conna\u00eetre les dates limites de d\u00e9p\u00f4t des demandes suppl\u00e9mentaires pour l\u2019\u00e9ducation simultan\u00e9e, le double dipl\u00f4me en \u00e9tudes internationales et en administration des affaires et le&nbsp;<a href=\"https:\/\/schulich.yorku.ca\/pathway-to-master-of-management-program\/\">Schulich PMMP.<\/a><\/p>\n","protected":false},"excerpt":{"rendered":"<p>Soumettez votre candidature avant la (les) date(s) indiqu\u00e9e(s) ci-dessous pour une prise en compte garantie. Veuillez noter que la date limite de soumission des documents compl\u00e9mentaires (le cas \u00e9ch\u00e9ant) varie selon le programme. Les candidatures re\u00e7ues avant la date limite seront pleinement prises en consid\u00e9ration pour le(s) programme(s) choisi(s) et les bourses associ\u00e9es. Les demandes [&hellip;]<\/p>\n","protected":false},"author":440,"featured_media":0,"parent":7726,"menu_order":0,"comment_status":"closed","ping_status":"closed","template":"","meta":{"_kad_blocks_custom_css":"","_kad_blocks_head_custom_js":"","_kad_blocks_body_custom_js":"","_kad_blocks_footer_custom_js":"","footnotes":""},"tags":[],"class_list":["post-29072","page","type-page","status-publish","hentry"],"acf":[],"yoast_head":"<!-- This site is optimized with the Yoast SEO plugin v24.0 - https:\/\/yoast.com\/wordpress\/plugins\/seo\/ -->\n<title>Dates limites | Glendon Campus<\/title>\n<meta name=\"robots\" content=\"index, follow, max-snippet:-1, max-image-preview:large, max-video-preview:-1\" \/>\n<link rel=\"canonical\" href=\"https:\/\/www.yorku.ca\/glendon\/faites-votre-demande\/application-deadlines\/\" \/>\n<meta property=\"og:locale\" content=\"en_US\" \/>\n<meta property=\"og:type\" content=\"article\" \/>\n<meta property=\"og:title\" content=\"Dates limites | Glendon Campus\" \/>\n<meta property=\"og:description\" content=\"Soumettez votre candidature avant la (les) date(s) indiqu\u00e9e(s) ci-dessous pour une prise en compte garantie. Veuillez noter que la date limite de soumission des documents compl\u00e9mentaires (le cas \u00e9ch\u00e9ant) varie selon le programme. Les candidatures re\u00e7ues avant la date limite seront pleinement prises en consid\u00e9ration pour le(s) programme(s) choisi(s) et les bourses associ\u00e9es. Les demandes [&hellip;]\" \/>\n<meta property=\"og:url\" content=\"https:\/\/www.yorku.ca\/glendon\/faites-votre-demande\/application-deadlines\/?lang=fr\" \/>\n<meta property=\"og:site_name\" content=\"Glendon Campus\" \/>\n<meta property=\"article:publisher\" content=\"https:\/\/www.facebook.com\/GlendonCampus\/\" \/>\n<meta property=\"article:modified_time\" content=\"2025-01-20T14:43:35+00:00\" \/>\n<meta property=\"og:image\" content=\"https:\/\/www.yorku.ca\/glendon\/wp-content\/uploads\/sites\/508\/2021\/10\/glendon-campus-Glendon-Overall_Aerial-3.jpg\" \/>\n\t<meta property=\"og:image:width\" content=\"1642\" \/>\n\t<meta property=\"og:image:height\" content=\"925\" \/>\n\t<meta property=\"og:image:type\" content=\"image\/jpeg\" \/>\n<meta name=\"twitter:card\" content=\"summary_large_image\" \/>\n<meta name=\"twitter:site\" content=\"@glendoncampus\" \/>\n<meta name=\"twitter:label1\" content=\"Est. reading time\" \/>\n\t<meta name=\"twitter:data1\" content=\"2 minutes\" \/>\n<script type=\"application\/ld+json\" class=\"yoast-schema-graph\">{\"@context\":\"https:\/\/schema.org\",\"@graph\":[{\"@type\":\"WebPage\",\"@id\":\"https:\/\/www.yorku.ca\/glendon\/faites-votre-demande\/application-deadlines\/?lang=fr\",\"url\":\"https:\/\/www.yorku.ca\/glendon\/faites-votre-demande\/application-deadlines\/?lang=fr\",\"name\":\"Dates limites | Glendon Campus\",\"isPartOf\":{\"@id\":\"https:\/\/www.yorku.ca\/glendon\/#website\"},\"datePublished\":\"2025-01-20T14:39:07+00:00\",\"dateModified\":\"2025-01-20T14:43:35+00:00\",\"breadcrumb\":{\"@id\":\"https:\/\/www.yorku.ca\/glendon\/faites-votre-demande\/application-deadlines\/?lang=fr#breadcrumb\"},\"inLanguage\":\"en-US\",\"potentialAction\":[{\"@type\":\"ReadAction\",\"target\":[\"https:\/\/www.yorku.ca\/glendon\/faites-votre-demande\/application-deadlines\/?lang=fr\"]}]},{\"@type\":\"BreadcrumbList\",\"@id\":\"https:\/\/www.yorku.ca\/glendon\/faites-votre-demande\/application-deadlines\/?lang=fr#breadcrumb\",\"itemListElement\":[{\"@type\":\"ListItem\",\"position\":1,\"name\":\"Home\",\"item\":\"https:\/\/www.yorku.ca\/glendon\/\"},{\"@type\":\"ListItem\",\"position\":2,\"name\":\"Faites votre demande\",\"item\":\"https:\/\/www.yorku.ca\/glendon\/faites-votre-demande\/\"},{\"@type\":\"ListItem\",\"position\":3,\"name\":\"Dates limites\"}]},{\"@type\":\"WebSite\",\"@id\":\"https:\/\/www.yorku.ca\/glendon\/#website\",\"url\":\"https:\/\/www.yorku.ca\/glendon\/\",\"name\":\"Glendon Campus\",\"description\":\"\",\"publisher\":{\"@id\":\"https:\/\/www.yorku.ca\/glendon\/#organization\"},\"potentialAction\":[{\"@type\":\"SearchAction\",\"target\":{\"@type\":\"EntryPoint\",\"urlTemplate\":\"https:\/\/www.yorku.ca\/glendon\/?s={search_term_string}\"},\"query-input\":{\"@type\":\"PropertyValueSpecification\",\"valueRequired\":true,\"valueName\":\"search_term_string\"}}],\"inLanguage\":\"en-US\"},{\"@type\":\"Organization\",\"@id\":\"https:\/\/www.yorku.ca\/glendon\/#organization\",\"name\":\"Glendon Campus\",\"url\":\"https:\/\/www.yorku.ca\/glendon\/\",\"logo\":{\"@type\":\"ImageObject\",\"inLanguage\":\"en-US\",\"@id\":\"https:\/\/www.yorku.ca\/glendon\/#\/schema\/logo\/image\/\",\"url\":\"https:\/\/www.yorku.ca\/glendon\/wp-content\/uploads\/sites\/508\/2023\/07\/Glendon-Campus-YorkU-Logo-.png\",\"contentUrl\":\"https:\/\/www.yorku.ca\/glendon\/wp-content\/uploads\/sites\/508\/2023\/07\/Glendon-Campus-YorkU-Logo-.png\",\"width\":5516,\"height\":601,\"caption\":\"Glendon Campus\"},\"image\":{\"@id\":\"https:\/\/www.yorku.ca\/glendon\/#\/schema\/logo\/image\/\"},\"sameAs\":[\"https:\/\/www.facebook.com\/GlendonCampus\/\",\"https:\/\/x.com\/glendoncampus\",\"https:\/\/www.instagram.com\/glendoncampus\/\",\"https:\/\/www.linkedin.com\/school\/glendon-campus\/\",\"https:\/\/www.youtube.com\/channel\/UC8bu5ntS7ZMGCURI0C-uENQ\",\"https:\/\/en.wikipedia.org\/wiki\/Glendon_College\"]}]}<\/script>\n<!-- \/ Yoast SEO plugin. -->","yoast_head_json":{"title":"Dates limites | Glendon Campus","robots":{"index":"index","follow":"follow","max-snippet":"max-snippet:-1","max-image-preview":"max-image-preview:large","max-video-preview":"max-video-preview:-1"},"canonical":"https:\/\/www.yorku.ca\/glendon\/faites-votre-demande\/application-deadlines\/","og_locale":"en_US","og_type":"article","og_title":"Dates limites | Glendon Campus","og_description":"Soumettez votre candidature avant la (les) date(s) indiqu\u00e9e(s) ci-dessous pour une prise en compte garantie. Veuillez noter que la date limite de soumission des documents compl\u00e9mentaires (le cas \u00e9ch\u00e9ant) varie selon le programme. Les candidatures re\u00e7ues avant la date limite seront pleinement prises en consid\u00e9ration pour le(s) programme(s) choisi(s) et les bourses associ\u00e9es. Les demandes [&hellip;]","og_url":"https:\/\/www.yorku.ca\/glendon\/faites-votre-demande\/application-deadlines\/?lang=fr","og_site_name":"Glendon Campus","article_publisher":"https:\/\/www.facebook.com\/GlendonCampus\/","article_modified_time":"2025-01-20T14:43:35+00:00","og_image":[{"width":1642,"height":925,"url":"https:\/\/www.yorku.ca\/glendon\/wp-content\/uploads\/sites\/508\/2021\/10\/glendon-campus-Glendon-Overall_Aerial-3.jpg","type":"image\/jpeg"}],"twitter_card":"summary_large_image","twitter_site":"@glendoncampus","twitter_misc":{"Est. reading time":"2 minutes"},"schema":{"@context":"https:\/\/schema.org","@graph":[{"@type":"WebPage","@id":"https:\/\/www.yorku.ca\/glendon\/faites-votre-demande\/application-deadlines\/?lang=fr","url":"https:\/\/www.yorku.ca\/glendon\/faites-votre-demande\/application-deadlines\/?lang=fr","name":"Dates limites | Glendon Campus","isPartOf":{"@id":"https:\/\/www.yorku.ca\/glendon\/#website"},"datePublished":"2025-01-20T14:39:07+00:00","dateModified":"2025-01-20T14:43:35+00:00","breadcrumb":{"@id":"https:\/\/www.yorku.ca\/glendon\/faites-votre-demande\/application-deadlines\/?lang=fr#breadcrumb"},"inLanguage":"en-US","potentialAction":[{"@type":"ReadAction","target":["https:\/\/www.yorku.ca\/glendon\/faites-votre-demande\/application-deadlines\/?lang=fr"]}]},{"@type":"BreadcrumbList","@id":"https:\/\/www.yorku.ca\/glendon\/faites-votre-demande\/application-deadlines\/?lang=fr#breadcrumb","itemListElement":[{"@type":"ListItem","position":1,"name":"Home","item":"https:\/\/www.yorku.ca\/glendon\/"},{"@type":"ListItem","position":2,"name":"Faites votre demande","item":"https:\/\/www.yorku.ca\/glendon\/faites-votre-demande\/"},{"@type":"ListItem","position":3,"name":"Dates limites"}]},{"@type":"WebSite","@id":"https:\/\/www.yorku.ca\/glendon\/#website","url":"https:\/\/www.yorku.ca\/glendon\/","name":"Glendon Campus","description":"","publisher":{"@id":"https:\/\/www.yorku.ca\/glendon\/#organization"},"potentialAction":[{"@type":"SearchAction","target":{"@type":"EntryPoint","urlTemplate":"https:\/\/www.yorku.ca\/glendon\/?s={search_term_string}"},"query-input":{"@type":"PropertyValueSpecification","valueRequired":true,"valueName":"search_term_string"}}],"inLanguage":"en-US"},{"@type":"Organization","@id":"https:\/\/www.yorku.ca\/glendon\/#organization","name":"Glendon Campus","url":"https:\/\/www.yorku.ca\/glendon\/","logo":{"@type":"ImageObject","inLanguage":"en-US","@id":"https:\/\/www.yorku.ca\/glendon\/#\/schema\/logo\/image\/","url":"https:\/\/www.yorku.ca\/glendon\/wp-content\/uploads\/sites\/508\/2023\/07\/Glendon-Campus-YorkU-Logo-.png","contentUrl":"https:\/\/www.yorku.ca\/glendon\/wp-content\/uploads\/sites\/508\/2023\/07\/Glendon-Campus-YorkU-Logo-.png","width":5516,"height":601,"caption":"Glendon Campus"},"image":{"@id":"https:\/\/www.yorku.ca\/glendon\/#\/schema\/logo\/image\/"},"sameAs":["https:\/\/www.facebook.com\/GlendonCampus\/","https:\/\/x.com\/glendoncampus","https:\/\/www.instagram.com\/glendoncampus\/","https:\/\/www.linkedin.com\/school\/glendon-campus\/","https:\/\/www.youtube.com\/channel\/UC8bu5ntS7ZMGCURI0C-uENQ","https:\/\/en.wikipedia.org\/wiki\/Glendon_College"]}]}},"taxonomy_info":[],"featured_image_src_large":false,"author_info":{"display_name":"lmallet","author_link":"https:\/\/www.yorku.ca\/glendon\/author\/lmallet\/"},"comment_info":0,"_links":{"self":[{"href":"https:\/\/www.yorku.ca\/glendon\/wp-json\/wp\/v2\/pages\/29072","targetHints":{"allow":["GET"]}}],"collection":[{"href":"https:\/\/www.yorku.ca\/glendon\/wp-json\/wp\/v2\/pages"}],"about":[{"href":"https:\/\/www.yorku.ca\/glendon\/wp-json\/wp\/v2\/types\/page"}],"author":[{"embeddable":true,"href":"https:\/\/www.yorku.ca\/glendon\/wp-json\/wp\/v2\/users\/440"}],"replies":[{"embeddable":true,"href":"https:\/\/www.yorku.ca\/glendon\/wp-json\/wp\/v2\/comments?post=29072"}],"version-history":[{"count":1,"href":"https:\/\/www.yorku.ca\/glendon\/wp-json\/wp\/v2\/pages\/29072\/revisions"}],"predecessor-version":[{"id":29074,"href":"https:\/\/www.yorku.ca\/glendon\/wp-json\/wp\/v2\/pages\/29072\/revisions\/29074"}],"up":[{"embeddable":true,"href":"https:\/\/www.yorku.ca\/glendon\/wp-json\/wp\/v2\/pages\/7726"}],"wp:attachment":[{"href":"https:\/\/www.yorku.ca\/glendon\/wp-json\/wp\/v2\/media?parent=29072"}],"wp:term":[{"taxonomy":"post_tag","embeddable":true,"href":"https:\/\/www.yorku.ca\/glendon\/wp-json\/wp\/v2\/tags?post=29072"}],"curies":[{"name":"wp","href":"https:\/\/api.w.org\/{rel}","templated":true}]}}