  {"id":28630,"date":"2025-01-15T14:30:27","date_gmt":"2025-01-15T19:30:27","guid":{"rendered":"https:\/\/www.yorku.ca\/glendon\/?page_id=28630"},"modified":"2025-01-17T12:41:05","modified_gmt":"2025-01-17T17:41:05","slug":"eleves-des-ecoles-secondaires","status":"publish","type":"page","link":"https:\/\/www.yorku.ca\/glendon\/future-students\/conditions-dadmission\/eleves-des-ecoles-secondaires\/?lang=fr","title":{"rendered":"\u00c9l\u00e8ves des \u00e9coles secondaires"},"content":{"rendered":"\n<div class=\"wp-block-columns is-layout-flex wp-container-core-columns-is-layout-1 wp-block-columns-is-layout-flex\">\n<div class=\"wp-block-column is-layout-flow wp-block-column-is-layout-flow\">\n<div class=\"wp-block-buttons is-layout-flex wp-block-buttons-is-layout-flex\">\n<div class=\"wp-block-button is-style-outline is-style-outline--1\"><a class=\"wp-block-button__link wp-element-button\" href=\"https:\/\/www.yorku.ca\/glendon\/future-students\/conditions-dadmission\/eleves-des-ecoles-secondaires\/etudiants-des-ecoles-secondaires-de-l-ontario\/?lang=fr\">Je suis un&nbsp;\u00e9l\u00e8ve de 12e ann\u00e9e dans une \u00e9cole secondaire de l\u2019Ontario.<\/a><\/div>\n<\/div>\n<\/div>\n\n\n\n<div class=\"wp-block-column is-layout-flow wp-block-column-is-layout-flow\">\n<div class=\"wp-block-buttons is-layout-flex wp-block-buttons-is-layout-flex\">\n<div class=\"wp-block-button is-style-outline is-style-outline--2\"><a class=\"wp-block-button__link wp-element-button\" href=\"https:\/\/www.yorku.ca\/glendon\/future-students\/conditions-dadmission\/eleves-des-ecoles-secondaires\/etudiants-des-ecoles-secondaires-au-canada\/?lang=fr\">Je suis un &nbsp;\u00e9l\u00e8ve d\u2019une \u00e9cole secondaire canadienne situ\u00e9e \u00e0 l\u2019ext\u00e9rieur de l\u2019Ontario.<\/a><\/div>\n<\/div>\n<\/div>\n\n\n\n<div class=\"wp-block-column is-layout-flow wp-block-column-is-layout-flow\">\n<div class=\"wp-block-buttons is-layout-flex wp-block-buttons-is-layout-flex\">\n<div class=\"wp-block-button is-style-outline is-style-outline--3\"><a class=\"wp-block-button__link wp-element-button\" href=\"https:\/\/www.yorku.ca\/glendon\/future-students\/conditions-dadmission\/eleves-des-ecoles-secondaires\/ib\/?lang=fr\">Je poursuis le programme menant au&nbsp;dipl\u00f4me de baccalaur\u00e9at international (BI).<\/a><\/div>\n<\/div>\n<\/div>\n<\/div>\n\n\n\n<p>Si vous avez un handicap diagnostiqu\u00e9, nous vous encourageons \u00e0 nous en informer lors du processus d\u2019admission. Si des circonstances att\u00e9nuantes ont eu un impact sur le rendement acad\u00e9mique d\u2019un(e) candidat(e), le Coll\u00e8ge universitaire Glendon l\u2019encourage \u00e0 soumettre&nbsp;<a href=\"https:\/\/forms.students.yorku.ca\/view.php?id=122955\">le formulaire de circonstances att\u00e9nuantes<\/a>&nbsp;pour consid\u00e9ration lors de l\u2019\u00e9valuation de son dossier. Veuillez consulter&nbsp;<a href=\"https:\/\/futurestudents.yorku.ca\/requirements\/extenuating-circumstances\">le site web du Bureau des Admissions de l\u2019Universit\u00e9 York<\/a>&nbsp;pour plus d\u2019information. Les candidat(e)s peuvent \u00e9galement contacter le Service de recrutement \u00e9tudiant de Glendon en nous envoyant&nbsp;<a href=\"mailto:liaison@glendon.yorku.ca\">un courriel<\/a>&nbsp;ou en composant le&nbsp;416-487-6710.<\/p>\n\n\n\n<div style=\"height:100px\" aria-hidden=\"true\" class=\"wp-block-spacer\"><\/div>\n","protected":false},"excerpt":{"rendered":"<p>Si vous avez un handicap diagnostiqu\u00e9, nous vous encourageons \u00e0 nous en informer lors du processus d\u2019admission. Si des circonstances att\u00e9nuantes ont eu un impact sur le rendement acad\u00e9mique d\u2019un(e) candidat(e), le Coll\u00e8ge universitaire Glendon l\u2019encourage \u00e0 soumettre&nbsp;le formulaire de circonstances att\u00e9nuantes&nbsp;pour consid\u00e9ration lors de l\u2019\u00e9valuation de son dossier. Veuillez consulter&nbsp;le site web du Bureau [&hellip;]<\/p>\n","protected":false},"author":440,"featured_media":0,"parent":7713,"menu_order":0,"comment_status":"closed","ping_status":"closed","template":"","meta":{"_kad_blocks_custom_css":"","_kad_blocks_head_custom_js":"","_kad_blocks_body_custom_js":"","_kad_blocks_footer_custom_js":"","footnotes":""},"tags":[],"class_list":["post-28630","page","type-page","status-publish","hentry"],"acf":[],"yoast_head":"<!-- This site is optimized with the Yoast SEO plugin v24.0 - https:\/\/yoast.com\/wordpress\/plugins\/seo\/ -->\n<title>\u00c9l\u00e8ves des \u00e9coles secondaires | Glendon Campus<\/title>\n<meta name=\"robots\" content=\"index, follow, max-snippet:-1, max-image-preview:large, max-video-preview:-1\" \/>\n<link rel=\"canonical\" href=\"https:\/\/www.yorku.ca\/glendon\/future-students\/conditions-dadmission\/eleves-des-ecoles-secondaires\/\" \/>\n<meta property=\"og:locale\" content=\"en_US\" \/>\n<meta property=\"og:type\" content=\"article\" \/>\n<meta property=\"og:title\" content=\"\u00c9l\u00e8ves des \u00e9coles secondaires | Glendon Campus\" \/>\n<meta property=\"og:description\" content=\"Si vous avez un handicap diagnostiqu\u00e9, nous vous encourageons \u00e0 nous en informer lors du processus d\u2019admission. Si des circonstances att\u00e9nuantes ont eu un impact sur le rendement acad\u00e9mique d\u2019un(e) candidat(e), le Coll\u00e8ge universitaire Glendon l\u2019encourage \u00e0 soumettre&nbsp;le formulaire de circonstances att\u00e9nuantes&nbsp;pour consid\u00e9ration lors de l\u2019\u00e9valuation de son dossier. Veuillez consulter&nbsp;le site web du Bureau [&hellip;]\" \/>\n<meta property=\"og:url\" content=\"https:\/\/www.yorku.ca\/glendon\/future-students\/conditions-dadmission\/eleves-des-ecoles-secondaires\/?lang=fr\" \/>\n<meta property=\"og:site_name\" content=\"Glendon Campus\" \/>\n<meta property=\"article:publisher\" content=\"https:\/\/www.facebook.com\/GlendonCampus\/\" \/>\n<meta property=\"article:modified_time\" content=\"2025-01-17T17:41:05+00:00\" \/>\n<meta property=\"og:image\" content=\"https:\/\/www.yorku.ca\/glendon\/wp-content\/uploads\/sites\/508\/2021\/10\/glendon-campus-Glendon-Overall_Aerial-3.jpg\" \/>\n\t<meta property=\"og:image:width\" content=\"1642\" \/>\n\t<meta property=\"og:image:height\" content=\"925\" \/>\n\t<meta property=\"og:image:type\" content=\"image\/jpeg\" \/>\n<meta name=\"twitter:card\" content=\"summary_large_image\" \/>\n<meta name=\"twitter:site\" content=\"@glendoncampus\" \/>\n<meta name=\"twitter:label1\" content=\"Est. reading time\" \/>\n\t<meta name=\"twitter:data1\" content=\"1 minute\" \/>\n<script type=\"application\/ld+json\" class=\"yoast-schema-graph\">{\"@context\":\"https:\/\/schema.org\",\"@graph\":[{\"@type\":\"WebPage\",\"@id\":\"https:\/\/www.yorku.ca\/glendon\/future-students\/conditions-dadmission\/eleves-des-ecoles-secondaires\/?lang=fr\",\"url\":\"https:\/\/www.yorku.ca\/glendon\/future-students\/conditions-dadmission\/eleves-des-ecoles-secondaires\/?lang=fr\",\"name\":\"\u00c9l\u00e8ves des \u00e9coles secondaires | Glendon Campus\",\"isPartOf\":{\"@id\":\"https:\/\/www.yorku.ca\/glendon\/#website\"},\"datePublished\":\"2025-01-15T19:30:27+00:00\",\"dateModified\":\"2025-01-17T17:41:05+00:00\",\"breadcrumb\":{\"@id\":\"https:\/\/www.yorku.ca\/glendon\/future-students\/conditions-dadmission\/eleves-des-ecoles-secondaires\/?lang=fr#breadcrumb\"},\"inLanguage\":\"en-US\",\"potentialAction\":[{\"@type\":\"ReadAction\",\"target\":[\"https:\/\/www.yorku.ca\/glendon\/future-students\/conditions-dadmission\/eleves-des-ecoles-secondaires\/?lang=fr\"]}]},{\"@type\":\"BreadcrumbList\",\"@id\":\"https:\/\/www.yorku.ca\/glendon\/future-students\/conditions-dadmission\/eleves-des-ecoles-secondaires\/?lang=fr#breadcrumb\",\"itemListElement\":[{\"@type\":\"ListItem\",\"position\":1,\"name\":\"Home\",\"item\":\"https:\/\/www.yorku.ca\/glendon\/\"},{\"@type\":\"ListItem\",\"position\":2,\"name\":\"Futurs \u00e9tudiants\",\"item\":\"https:\/\/www.yorku.ca\/glendon\/future-students\/\"},{\"@type\":\"ListItem\",\"position\":3,\"name\":\"Conditions d\u2019admission\",\"item\":\"https:\/\/www.yorku.ca\/glendon\/future-students\/conditions-dadmission\/\"},{\"@type\":\"ListItem\",\"position\":4,\"name\":\"\u00c9l\u00e8ves des \u00e9coles secondaires\"}]},{\"@type\":\"WebSite\",\"@id\":\"https:\/\/www.yorku.ca\/glendon\/#website\",\"url\":\"https:\/\/www.yorku.ca\/glendon\/\",\"name\":\"Glendon Campus\",\"description\":\"\",\"publisher\":{\"@id\":\"https:\/\/www.yorku.ca\/glendon\/#organization\"},\"potentialAction\":[{\"@type\":\"SearchAction\",\"target\":{\"@type\":\"EntryPoint\",\"urlTemplate\":\"https:\/\/www.yorku.ca\/glendon\/?s={search_term_string}\"},\"query-input\":{\"@type\":\"PropertyValueSpecification\",\"valueRequired\":true,\"valueName\":\"search_term_string\"}}],\"inLanguage\":\"en-US\"},{\"@type\":\"Organization\",\"@id\":\"https:\/\/www.yorku.ca\/glendon\/#organization\",\"name\":\"Glendon Campus\",\"url\":\"https:\/\/www.yorku.ca\/glendon\/\",\"logo\":{\"@type\":\"ImageObject\",\"inLanguage\":\"en-US\",\"@id\":\"https:\/\/www.yorku.ca\/glendon\/#\/schema\/logo\/image\/\",\"url\":\"https:\/\/www.yorku.ca\/glendon\/wp-content\/uploads\/sites\/508\/2023\/07\/Glendon-Campus-YorkU-Logo-.png\",\"contentUrl\":\"https:\/\/www.yorku.ca\/glendon\/wp-content\/uploads\/sites\/508\/2023\/07\/Glendon-Campus-YorkU-Logo-.png\",\"width\":5516,\"height\":601,\"caption\":\"Glendon Campus\"},\"image\":{\"@id\":\"https:\/\/www.yorku.ca\/glendon\/#\/schema\/logo\/image\/\"},\"sameAs\":[\"https:\/\/www.facebook.com\/GlendonCampus\/\",\"https:\/\/x.com\/glendoncampus\",\"https:\/\/www.instagram.com\/glendoncampus\/\",\"https:\/\/www.linkedin.com\/school\/glendon-campus\/\",\"https:\/\/www.youtube.com\/channel\/UC8bu5ntS7ZMGCURI0C-uENQ\",\"https:\/\/en.wikipedia.org\/wiki\/Glendon_College\"]}]}<\/script>\n<!-- \/ Yoast SEO plugin. -->","yoast_head_json":{"title":"\u00c9l\u00e8ves des \u00e9coles secondaires | Glendon Campus","robots":{"index":"index","follow":"follow","max-snippet":"max-snippet:-1","max-image-preview":"max-image-preview:large","max-video-preview":"max-video-preview:-1"},"canonical":"https:\/\/www.yorku.ca\/glendon\/future-students\/conditions-dadmission\/eleves-des-ecoles-secondaires\/","og_locale":"en_US","og_type":"article","og_title":"\u00c9l\u00e8ves des \u00e9coles secondaires | Glendon Campus","og_description":"Si vous avez un handicap diagnostiqu\u00e9, nous vous encourageons \u00e0 nous en informer lors du processus d\u2019admission. Si des circonstances att\u00e9nuantes ont eu un impact sur le rendement acad\u00e9mique d\u2019un(e) candidat(e), le Coll\u00e8ge universitaire Glendon l\u2019encourage \u00e0 soumettre&nbsp;le formulaire de circonstances att\u00e9nuantes&nbsp;pour consid\u00e9ration lors de l\u2019\u00e9valuation de son dossier. Veuillez consulter&nbsp;le site web du Bureau [&hellip;]","og_url":"https:\/\/www.yorku.ca\/glendon\/future-students\/conditions-dadmission\/eleves-des-ecoles-secondaires\/?lang=fr","og_site_name":"Glendon Campus","article_publisher":"https:\/\/www.facebook.com\/GlendonCampus\/","article_modified_time":"2025-01-17T17:41:05+00:00","og_image":[{"width":1642,"height":925,"url":"https:\/\/www.yorku.ca\/glendon\/wp-content\/uploads\/sites\/508\/2021\/10\/glendon-campus-Glendon-Overall_Aerial-3.jpg","type":"image\/jpeg"}],"twitter_card":"summary_large_image","twitter_site":"@glendoncampus","twitter_misc":{"Est. reading time":"1 minute"},"schema":{"@context":"https:\/\/schema.org","@graph":[{"@type":"WebPage","@id":"https:\/\/www.yorku.ca\/glendon\/future-students\/conditions-dadmission\/eleves-des-ecoles-secondaires\/?lang=fr","url":"https:\/\/www.yorku.ca\/glendon\/future-students\/conditions-dadmission\/eleves-des-ecoles-secondaires\/?lang=fr","name":"\u00c9l\u00e8ves des \u00e9coles secondaires | Glendon Campus","isPartOf":{"@id":"https:\/\/www.yorku.ca\/glendon\/#website"},"datePublished":"2025-01-15T19:30:27+00:00","dateModified":"2025-01-17T17:41:05+00:00","breadcrumb":{"@id":"https:\/\/www.yorku.ca\/glendon\/future-students\/conditions-dadmission\/eleves-des-ecoles-secondaires\/?lang=fr#breadcrumb"},"inLanguage":"en-US","potentialAction":[{"@type":"ReadAction","target":["https:\/\/www.yorku.ca\/glendon\/future-students\/conditions-dadmission\/eleves-des-ecoles-secondaires\/?lang=fr"]}]},{"@type":"BreadcrumbList","@id":"https:\/\/www.yorku.ca\/glendon\/future-students\/conditions-dadmission\/eleves-des-ecoles-secondaires\/?lang=fr#breadcrumb","itemListElement":[{"@type":"ListItem","position":1,"name":"Home","item":"https:\/\/www.yorku.ca\/glendon\/"},{"@type":"ListItem","position":2,"name":"Futurs \u00e9tudiants","item":"https:\/\/www.yorku.ca\/glendon\/future-students\/"},{"@type":"ListItem","position":3,"name":"Conditions d\u2019admission","item":"https:\/\/www.yorku.ca\/glendon\/future-students\/conditions-dadmission\/"},{"@type":"ListItem","position":4,"name":"\u00c9l\u00e8ves des \u00e9coles secondaires"}]},{"@type":"WebSite","@id":"https:\/\/www.yorku.ca\/glendon\/#website","url":"https:\/\/www.yorku.ca\/glendon\/","name":"Glendon Campus","description":"","publisher":{"@id":"https:\/\/www.yorku.ca\/glendon\/#organization"},"potentialAction":[{"@type":"SearchAction","target":{"@type":"EntryPoint","urlTemplate":"https:\/\/www.yorku.ca\/glendon\/?s={search_term_string}"},"query-input":{"@type":"PropertyValueSpecification","valueRequired":true,"valueName":"search_term_string"}}],"inLanguage":"en-US"},{"@type":"Organization","@id":"https:\/\/www.yorku.ca\/glendon\/#organization","name":"Glendon Campus","url":"https:\/\/www.yorku.ca\/glendon\/","logo":{"@type":"ImageObject","inLanguage":"en-US","@id":"https:\/\/www.yorku.ca\/glendon\/#\/schema\/logo\/image\/","url":"https:\/\/www.yorku.ca\/glendon\/wp-content\/uploads\/sites\/508\/2023\/07\/Glendon-Campus-YorkU-Logo-.png","contentUrl":"https:\/\/www.yorku.ca\/glendon\/wp-content\/uploads\/sites\/508\/2023\/07\/Glendon-Campus-YorkU-Logo-.png","width":5516,"height":601,"caption":"Glendon Campus"},"image":{"@id":"https:\/\/www.yorku.ca\/glendon\/#\/schema\/logo\/image\/"},"sameAs":["https:\/\/www.facebook.com\/GlendonCampus\/","https:\/\/x.com\/glendoncampus","https:\/\/www.instagram.com\/glendoncampus\/","https:\/\/www.linkedin.com\/school\/glendon-campus\/","https:\/\/www.youtube.com\/channel\/UC8bu5ntS7ZMGCURI0C-uENQ","https:\/\/en.wikipedia.org\/wiki\/Glendon_College"]}]}},"taxonomy_info":[],"featured_image_src_large":false,"author_info":{"display_name":"lmallet","author_link":"https:\/\/www.yorku.ca\/glendon\/author\/lmallet\/"},"comment_info":0,"_links":{"self":[{"href":"https:\/\/www.yorku.ca\/glendon\/wp-json\/wp\/v2\/pages\/28630","targetHints":{"allow":["GET"]}}],"collection":[{"href":"https:\/\/www.yorku.ca\/glendon\/wp-json\/wp\/v2\/pages"}],"about":[{"href":"https:\/\/www.yorku.ca\/glendon\/wp-json\/wp\/v2\/types\/page"}],"author":[{"embeddable":true,"href":"https:\/\/www.yorku.ca\/glendon\/wp-json\/wp\/v2\/users\/440"}],"replies":[{"embeddable":true,"href":"https:\/\/www.yorku.ca\/glendon\/wp-json\/wp\/v2\/comments?post=28630"}],"version-history":[{"count":6,"href":"https:\/\/www.yorku.ca\/glendon\/wp-json\/wp\/v2\/pages\/28630\/revisions"}],"predecessor-version":[{"id":29014,"href":"https:\/\/www.yorku.ca\/glendon\/wp-json\/wp\/v2\/pages\/28630\/revisions\/29014"}],"up":[{"embeddable":true,"href":"https:\/\/www.yorku.ca\/glendon\/wp-json\/wp\/v2\/pages\/7713"}],"wp:attachment":[{"href":"https:\/\/www.yorku.ca\/glendon\/wp-json\/wp\/v2\/media?parent=28630"}],"wp:term":[{"taxonomy":"post_tag","embeddable":true,"href":"https:\/\/www.yorku.ca\/glendon\/wp-json\/wp\/v2\/tags?post=28630"}],"curies":[{"name":"wp","href":"https:\/\/api.w.org\/{rel}","templated":true}]}}