  {"id":26877,"date":"2024-12-12T11:41:41","date_gmt":"2024-12-12T16:41:41","guid":{"rendered":"https:\/\/www.yorku.ca\/glendon\/faites-votre-demande\/international-students\/"},"modified":"2025-11-27T12:12:11","modified_gmt":"2025-11-27T17:12:11","slug":"international-students","status":"publish","type":"page","link":"https:\/\/www.yorku.ca\/glendon\/faites-votre-demande\/international-students\/?lang=fr","title":{"rendered":"Conditions d\u2019admission: \u00e9tudiants internationaux"},"content":{"rendered":"\n<p>Les \u00e9tudiants internationaux constituent une partie importante de l\u2019identit\u00e9 de Glendon. Originaires de plus de 100 pays, nos nouveaux Glendoniens parlent plus de 40 langues. Nous accordons beaucoup d\u2019importance \u00e0 notre diversit\u00e9 culturelle et linguistique et les \u00e9tudiants internationaux jouent un grand r\u00f4le \u00e0 cet \u00e9gard.<\/p>\n\n\n\n<figure class=\"wp-block-image size-large\"><a href=\"https:\/\/www.glendon.yorku.ca\/futurestudents\/wp-content\/uploads\/sites\/215\/610986C_Glendon_Brochure_INT_FRN_web.pdf\" target=\"_blank\" rel=\"noreferrer noopener\"><img loading=\"lazy\" decoding=\"async\" width=\"1024\" height=\"226\" src=\"https:\/\/www.yorku.ca\/glendon\/wp-content\/uploads\/sites\/508\/2024\/12\/image-1024x226.jpeg\" alt=\"\" class=\"wp-image-26881\" title=\"Glendon-International-Students-brochure-banner-FR\" srcset=\"https:\/\/www.yorku.ca\/glendon\/wp-content\/uploads\/sites\/508\/2024\/12\/image-1024x226.jpeg 1024w, https:\/\/www.yorku.ca\/glendon\/wp-content\/uploads\/sites\/508\/2024\/12\/image-400x88.jpeg 400w, https:\/\/www.yorku.ca\/glendon\/wp-content\/uploads\/sites\/508\/2024\/12\/image-1536x339.jpeg 1536w, https:\/\/www.yorku.ca\/glendon\/wp-content\/uploads\/sites\/508\/2024\/12\/image.jpeg 2000w\" sizes=\"auto, (max-width: 1024px) 100vw, 1024px\" \/><\/a><\/figure>\n\n\n\n<p>Cliquez sur le profil ci-dessous qui vous d\u00e9crit le mieux, pour conna\u00eetre les conditions d\u2019admission, les d\u00e9lais et la mani\u00e8re de postuler.<\/p>\n\n\n<style>.kb-table-container26877_d4ccf9-16{overflow-x:auto;}.kb-table26877_d4ccf9-16 td:nth-of-type(1), .kb-table26877_d4ccf9-16 th:nth-of-type(1){width:30%;}.kb-table26877_d4ccf9-16{table-layout:fixed;width:100%;}.kb-table-container .kb-table26877_d4ccf9-16 th{padding-top:var(--global-kb-spacing-xxs, 0.5rem);padding-right:var(--global-kb-spacing-xxs, 0.5rem);padding-bottom:var(--global-kb-spacing-xxs, 0.5rem);padding-left:var(--global-kb-spacing-xxs, 0.5rem);text-align:center;}.kb-table-container .kb-table26877_d4ccf9-16 caption{text-align:center;}.kb-table-container .kb-table26877_d4ccf9-16 td{padding-top:var(--global-kb-spacing-xxs, 0.5rem);padding-right:var(--global-kb-spacing-xxs, 0.5rem);padding-bottom:var(--global-kb-spacing-xxs, 0.5rem);padding-left:var(--global-kb-spacing-xxs, 0.5rem);text-align:left;}.kb-table-container .kb-table26877_d4ccf9-16 td, .kb-table26877_d4ccf9-16 th{border-top:1px solid #000000;border-right:1px solid #000000;border-bottom:1px solid #000000;border-left:1px solid #000000;}@media all and (max-width: 1024px){.kb-table-container .kb-table26877_d4ccf9-16 td, .kb-table26877_d4ccf9-16 th{border-top:1px solid #000000;border-right:1px solid #000000;border-bottom:1px solid #000000;border-left:1px solid #000000;}}@media all and (max-width: 767px){.kb-table-container .kb-table26877_d4ccf9-16 td, .kb-table26877_d4ccf9-16 th{border-top:1px solid #000000;border-right:1px solid #000000;border-bottom:1px solid #000000;border-left:1px solid #000000;}}<\/style><div class=\"kb-table-container kb-table-container26877_d4ccf9-16 wp-block-kadence-table\"><table class=\"kb-table kb-table26877_d4ccf9-16\">\n<tr class=\"kb-table-row kb-table-row26877_82bcd3-5d\">\n<td class=\"kb-table-data kb-table-data26877_8bb312-02\">\n\n<p>Je suis le&nbsp;<a href=\"https:\/\/www.glendon.yorku.ca\/futurestudents\/fr\/admission\/etudiants-internationaux\/etudiants-americains\/\">programme d\u2019\u00e9tudes des \u00e9coles secondaires des \u00c9tats-Unis.<\/a><\/p>\n\n<\/td>\n<\/tr>\n\n<tr class=\"kb-table-row kb-table-row26877_692359-03\">\n<td class=\"kb-table-data kb-table-data26877_b2b09c-bb\">\n\n<p>Je suis un&nbsp;<a href=\"https:\/\/www.glendon.yorku.ca\/futurestudents\/fr\/admission\/conditions\/transfert\/transferts\/\">programme d\u2019\u00e9tude dans une universit\u00e9 dans un autre pays.<\/a><\/p>\n\n<\/td>\n<\/tr>\n\n<tr class=\"kb-table-row kb-table-row26877_d640b4-4d\">\n<td class=\"kb-table-data kb-table-data26877_b619cd-50\">\n\n<p>Je suis le&nbsp;<a href=\"https:\/\/www.glendon.yorku.ca\/futurestudents\/fr\/admission\/etudiants-internationaux\/baccalaureat-francais\/\">programme d\u2019\u00e9tudes du Baccalaur\u00e9at fran\u00e7ais.<\/a><\/p>\n\n<\/td>\n<\/tr>\n\n<tr class=\"kb-table-row kb-table-row26877_386447-a0\">\n<td class=\"kb-table-data kb-table-data26877_7e19fa-f5\">\n\n<p>Je suis les cours&nbsp;<a href=\"https:\/\/www.glendon.yorku.ca\/futurestudents\/fr\/admission\/etudiants-internationaux\/gce-cape\/\">GCE ou CAPE.<\/a><\/p>\n\n<\/td>\n<\/tr>\n\n<tr class=\"kb-table-row kb-table-row26877_0e78f4-ef\">\n<td class=\"kb-table-data kb-table-data26877_e79c43-d7\">\n\n<p>Je suis le&nbsp;<a href=\"https:\/\/www.glendon.yorku.ca\/futurestudents\/fr\/admission\/conditions\/ecoles-secondaire\/bi\/\">Baccalaur\u00e9at international<\/a>.<\/p>\n\n<\/td>\n<\/tr>\n\n<tr class=\"kb-table-row kb-table-row26877_e08881-96\">\n<td class=\"kb-table-data kb-table-data26877_881e89-56\">\n\n<p>Aucune des situations ci-dessus ne s\u2019applique \u00e0 mon cas; je suis&nbsp;<a href=\"https:\/\/futurestudents.yorku.ca\/requirements\">un programme d\u2019\u00e9tudes diff\u00e9rent.<\/a><\/p>\n\n<\/td>\n<\/tr>\n<\/table><\/div>\n\n\n<p>Les universit\u00e9s de l\u2019Ontario peuvent exiger les candidats du premier cycle de soumettre leurs relev\u00e9s de notes officiels internationaux directement \u00e0&nbsp;<a href=\"http:\/\/www.wes.org\/ca\/fr\/\" target=\"_blank\" rel=\"noreferrer noopener\">World Education Services (WES) Canada<\/a>&nbsp;pour une v\u00e9rification dans le cadre du processus d\u2019admission. Les universit\u00e9s informeront les candidats qui doivent soumettre leurs relev\u00e9s de notes internationaux quant aux exigences particuli\u00e8res de soumission de WES Canada.<\/p>\n\n\n\n<p>Si le fran\u00e7ais ou l\u2019anglais n\u2019est pas votre langue maternelle, assurez-vous de rencontrer nos\u00a0<a href=\"https:\/\/www.yorku.ca\/glendon\/faites-votre-demande\/exigences-linguistiques\/?lang=fr\" target=\"_blank\" rel=\"noreferrer noopener\">exigences linguistiques<\/a>\u00a0pour l\u2019admission.<\/p>\n\n\n\n<p>Si vous avez un handicap diagnostiqu\u00e9, nous vous encourageons \u00e0 nous en informer lors du processus d\u2019admission. Si des circonstances att\u00e9nuantes ont eu un impact sur le rendement acad\u00e9mique d\u2019un(e) candidat(e), le Coll\u00e8ge universitaire Glendon l\u2019encourage \u00e0 soumettre&nbsp;<a href=\"https:\/\/forms.students.yorku.ca\/view.php?id=122955\">le formulaire de circonstances att\u00e9nuantes<\/a>&nbsp;pour consid\u00e9ration lors de l\u2019\u00e9valuation de son dossier. Veuillez consulter&nbsp;<a href=\"https:\/\/futurestudents.yorku.ca\/requirements\/extenuating-circumstances\">le site web du Bureau des Admissions de l\u2019Universit\u00e9 York<\/a>&nbsp;pour plus d\u2019information. Les candidat(e)s peuvent \u00e9galement contacter le Service de recrutement \u00e9tudiant de Glendon en leur envoyant&nbsp;<a href=\"mailto:liaison@glendon.yorku.ca\">un courriel<\/a>&nbsp;ou en composant le&nbsp;416-487-6710.<\/p>\n\n\n\n<div class=\"wp-block-columns is-layout-flex wp-container-core-columns-is-layout-28f84493 wp-block-columns-is-layout-flex\">\n<div class=\"wp-block-column is-layout-flow wp-block-column-is-layout-flow\" style=\"flex-basis:66.66%\">\n<h2 class=\"wp-block-heading\">Pourquoi choisir Glendon?<\/h2>\n\n\n\n<h3 class=\"wp-block-heading\">Notre avantage linguistique.<\/h3>\n\n\n\n<p>Tous les \u00e9tudiants de Glendon \u00e9tudient dans deux langues, le fran\u00e7ais et l\u2019anglais, et entre 20 et 30 % d\u2019entre eux \u00e9tudient dans trois langues ou plus! Nous d\u00e9cernons des certificats de bilinguisme ou de trilinguisme, en plus d\u2019offrir des cours de catalan, d\u2019ojibw\u00e9 et de roumain. Si les langues vous passionnent, l\u2019environnement multilingue de Glendon sera id\u00e9al pour vous.<\/p>\n\n\n\n<h3 class=\"wp-block-heading\">Notre orientation internationale.<\/h3>\n\n\n\n<p>Avec pr\u00e8s de 200 cours ax\u00e9s sur des questions internationales, un campus multiculturel, et des dipl\u00f4mes uniques de B.A. et de B.Sc. international, Glendon comprend l\u2019importance d\u2019une formation orient\u00e9e sur l\u2019international. Nos \u00e9tudiants sont trois fois plus nombreux que la moyenne nationale \u00e0 participer \u00e0 des \u00e9changes, et nous avons \u00e9t\u00e9 les premiers au Canada \u00e0 cr\u00e9er un programme d\u2019\u00c9tudes internationales. Notre communaut\u00e9 refl\u00e8te notre esprit international : nos \u00e9tudiants et membres du personnel sont originaires de plus de 130 pays!<\/p>\n\n\n\n<h3 class=\"wp-block-heading\">Excellence acad\u00e9mique.<\/h3>\n\n\n\n<p>Glendon est la seule universit\u00e9 dans le sud de l\u2019Ontario \u00e0 offrir des programmes de sciences bilingues, notamment en biologie, psychologie et sciences de l\u2019environnement. Les \u00e9tudiants de Glendon ont aussi acc\u00e8s au campus Keele de York, o\u00f9 sont offerts 5 000 cours portant sur un vaste \u00e9ventail de domaines.<\/p>\n\n\n\n<h3 class=\"wp-block-heading\">Ici vous \u00eates chez vous.<\/h3>\n\n\n\n<p>Avec un campus confortable, un comit\u00e9 d\u2019accueil chaleureux dans les r\u00e9sidences et une moyenne de 26 \u00e9tudiants par classe, Glendon forme une communaut\u00e9 soud\u00e9e d\u2019\u00e9tudiants, de professeurs et de membres du personnel. Ici chacun est pr\u00eat \u00e0 aider les \u00e9tudiants internationaux \u00e0 se sentir chez eux. Parmi nos ressources, le Club international de Glendon, compos\u00e9 de Glendoniens, aide les \u00e9tudiants internationaux et ceux qui participent \u00e0 un \u00e9change, \u00e0 s\u2019adapter \u00e0 leur nouveau pays et \u00e0 leur nouvelle universit\u00e9.<\/p>\n\n\n\n<h3 class=\"wp-block-heading\">Le meilleur de deux mondes.<\/h3>\n\n\n\n<p>Situ\u00e9 pr\u00e8s d\u2019un des plus beaux quartiers r\u00e9sidentiels de Toronto, Glendon donne sur une rivi\u00e8re et une zone bois\u00e9e. La beaut\u00e9 de notre campus a des avantages tangibles : la nature environnante accro\u00eet le bien-\u00eatre physique et mental des \u00e9tudiants et nous sommes fiers d\u2019\u00eatre compar\u00e9s \u00e0 Narnia. Pour autant, Glendon est situ\u00e9 \u00e0 30 minutes seulement en transport public du centre-ville de Toronto, la ville la plus importante et la plus multiculturelle du Canada, et aussi la capitale commerciale du pays. Que vous recherchiez un endroit paisible et tranquille ou une vie urbaine dynamique, Glendon r\u00e9pondra \u00e0 vos attentes.<\/p>\n\n\n\n<h2 class=\"wp-block-heading\">T\u00e9moignages d\u2019\u00e9tudiants<\/h2>\n\n\n\n<figure class=\"wp-block-image alignleft\"><a href=\"https:\/\/www.glendon.yorku.ca\/futurestudents-new\/wp-content\/uploads\/sites\/215\/Isabel.png\"><img decoding=\"async\" src=\"https:\/\/www.glendon.yorku.ca\/futurestudents-new\/wp-content\/uploads\/sites\/215\/Isabel.png\" alt=\"Isabel\" class=\"wp-image-5263\"\/><\/a><\/figure>\n\n\n\n<p>Isabel est une \u00e9tudiante internationale qui vient d\u2019une \u00e9cole secondaire \u00e9quatorienne. Elle fait une majeure en Sciences politiques.&nbsp;<a target=\"_blank\" href=\"https:\/\/isabeldagl.wordpress.com\/\" rel=\"noreferrer noopener\">Lisez son blogue pour d\u00e9couvrir son exp\u00e9rience \u00e0 Glendon.<\/a><\/p>\n\n\n\n<p><em>\u00ab&nbsp;L\u2019\u00e9t\u00e9 avant de venir \u00e0 Glendon, je craignais de trop attendre de ce petit campus. \u00c0 mon arriv\u00e9e, j\u2019ai constat\u00e9, qu\u2019avec tout ce que l\u2019universit\u00e9 avait \u00e0 offrir, Glendon r\u00e9pondait non seulement \u00e0 mes attentes, mais les d\u00e9passait.&nbsp;\u00bb<\/em><\/p>\n<\/div>\n\n\n\n<div class=\"wp-block-column is-layout-flow wp-block-column-is-layout-flow\" style=\"flex-basis:33.33%\">\n<h3 class=\"wp-block-heading\">Liens importants<\/h3>\n\n\n\n<p><i class=\"fas fa-file-alt\"><\/i> Documents d'immigration<\/p>\n\n\n\n<p><i class=\"fas fa-folder\"><\/i> Liste de v\u00e9rification pour votre d\u00e9part<\/p>\n\n\n\n<p><i class=\"fas fa-university\"><\/i> Institutions financi\u00e8res<\/p>\n\n\n\n<p><i class=\"fas fa-bus\"><\/i> Comment se rendre \u00e0 Glendon<\/p>\n\n\n\n<p><i class=\"fas fa-home\"><\/i> Vivre en r\u00e9sidence<\/p>\n<\/div>\n<\/div>\n","protected":false},"excerpt":{"rendered":"<p>Les \u00e9tudiants internationaux constituent une partie importante de l\u2019identit\u00e9 de Glendon. Originaires de plus de 100 pays, nos nouveaux Glendoniens parlent plus de 40 langues. Nous accordons beaucoup d\u2019importance \u00e0 notre diversit\u00e9 culturelle et linguistique et les \u00e9tudiants internationaux jouent un grand r\u00f4le \u00e0 cet \u00e9gard. Cliquez sur le profil ci-dessous qui vous d\u00e9crit le [&hellip;]<\/p>\n","protected":false},"author":440,"featured_media":0,"parent":7726,"menu_order":0,"comment_status":"closed","ping_status":"closed","template":"","meta":{"_acf_changed":false,"_kad_blocks_custom_css":"","_kad_blocks_head_custom_js":"","_kad_blocks_body_custom_js":"","_kad_blocks_footer_custom_js":"","footnotes":""},"tags":[],"class_list":["post-26877","page","type-page","status-publish","hentry"],"acf":[],"yoast_head":"<!-- This site is optimized with the Yoast SEO plugin v27.3 - https:\/\/yoast.com\/product\/yoast-seo-wordpress\/ -->\n<title>Conditions d\u2019admission: \u00e9tudiants internationaux | Glendon Campus<\/title>\n<meta name=\"robots\" content=\"index, follow, max-snippet:-1, max-image-preview:large, max-video-preview:-1\" \/>\n<link rel=\"canonical\" href=\"https:\/\/www.yorku.ca\/glendon\/faites-votre-demande\/international-students\/\" \/>\n<meta property=\"og:locale\" content=\"en_US\" \/>\n<meta property=\"og:type\" content=\"article\" \/>\n<meta property=\"og:title\" content=\"Conditions d\u2019admission: \u00e9tudiants internationaux | Glendon Campus\" \/>\n<meta property=\"og:description\" content=\"Les \u00e9tudiants internationaux constituent une partie importante de l\u2019identit\u00e9 de Glendon. Originaires de plus de 100 pays, nos nouveaux Glendoniens parlent plus de 40 langues. Nous accordons beaucoup d\u2019importance \u00e0 notre diversit\u00e9 culturelle et linguistique et les \u00e9tudiants internationaux jouent un grand r\u00f4le \u00e0 cet \u00e9gard. Cliquez sur le profil ci-dessous qui vous d\u00e9crit le [&hellip;]\" \/>\n<meta property=\"og:url\" content=\"https:\/\/www.yorku.ca\/glendon\/faites-votre-demande\/international-students\/?lang=fr\" \/>\n<meta property=\"og:site_name\" content=\"Glendon Campus\" \/>\n<meta property=\"article:publisher\" content=\"https:\/\/www.facebook.com\/GlendonCampus\/\" \/>\n<meta property=\"article:modified_time\" content=\"2025-11-27T17:12:11+00:00\" \/>\n<meta property=\"og:image\" content=\"https:\/\/www.yorku.ca\/glendon\/wp-content\/uploads\/sites\/508\/2024\/12\/image.jpeg\" \/>\n\t<meta property=\"og:image:width\" content=\"2000\" \/>\n\t<meta property=\"og:image:height\" content=\"442\" \/>\n\t<meta property=\"og:image:type\" content=\"image\/jpeg\" \/>\n<meta name=\"twitter:card\" content=\"summary_large_image\" \/>\n<meta name=\"twitter:site\" content=\"@glendoncampus\" \/>\n<meta name=\"twitter:label1\" content=\"Est. reading time\" \/>\n\t<meta name=\"twitter:data1\" content=\"4 minutes\" \/>\n<script type=\"application\/ld+json\" class=\"yoast-schema-graph\">{\"@context\":\"https:\\\/\\\/schema.org\",\"@graph\":[{\"@type\":\"WebPage\",\"@id\":\"https:\\\/\\\/www.yorku.ca\\\/glendon\\\/faites-votre-demande\\\/international-students\\\/?lang=fr\",\"url\":\"https:\\\/\\\/www.yorku.ca\\\/glendon\\\/faites-votre-demande\\\/international-students\\\/?lang=fr\",\"name\":\"Conditions d\u2019admission: \u00e9tudiants internationaux | Glendon Campus\",\"isPartOf\":{\"@id\":\"https:\\\/\\\/www.yorku.ca\\\/glendon\\\/#website\"},\"primaryImageOfPage\":{\"@id\":\"https:\\\/\\\/www.yorku.ca\\\/glendon\\\/faites-votre-demande\\\/international-students\\\/?lang=fr#primaryimage\"},\"image\":{\"@id\":\"https:\\\/\\\/www.yorku.ca\\\/glendon\\\/faites-votre-demande\\\/international-students\\\/?lang=fr#primaryimage\"},\"thumbnailUrl\":\"https:\\\/\\\/www.yorku.ca\\\/glendon\\\/wp-content\\\/uploads\\\/sites\\\/508\\\/2024\\\/12\\\/image-1024x226.jpeg\",\"datePublished\":\"2024-12-12T16:41:41+00:00\",\"dateModified\":\"2025-11-27T17:12:11+00:00\",\"breadcrumb\":{\"@id\":\"https:\\\/\\\/www.yorku.ca\\\/glendon\\\/faites-votre-demande\\\/international-students\\\/?lang=fr#breadcrumb\"},\"inLanguage\":\"en-US\",\"potentialAction\":[{\"@type\":\"ReadAction\",\"target\":[\"https:\\\/\\\/www.yorku.ca\\\/glendon\\\/faites-votre-demande\\\/international-students\\\/?lang=fr\"]}]},{\"@type\":\"ImageObject\",\"inLanguage\":\"en-US\",\"@id\":\"https:\\\/\\\/www.yorku.ca\\\/glendon\\\/faites-votre-demande\\\/international-students\\\/?lang=fr#primaryimage\",\"url\":\"https:\\\/\\\/www.yorku.ca\\\/glendon\\\/wp-content\\\/uploads\\\/sites\\\/508\\\/2024\\\/12\\\/image.jpeg\",\"contentUrl\":\"https:\\\/\\\/www.yorku.ca\\\/glendon\\\/wp-content\\\/uploads\\\/sites\\\/508\\\/2024\\\/12\\\/image.jpeg\",\"width\":2000,\"height\":442},{\"@type\":\"BreadcrumbList\",\"@id\":\"https:\\\/\\\/www.yorku.ca\\\/glendon\\\/faites-votre-demande\\\/international-students\\\/?lang=fr#breadcrumb\",\"itemListElement\":[{\"@type\":\"ListItem\",\"position\":1,\"name\":\"Home\",\"item\":\"https:\\\/\\\/www.yorku.ca\\\/glendon\\\/\"},{\"@type\":\"ListItem\",\"position\":2,\"name\":\"Faites votre demande\",\"item\":\"https:\\\/\\\/www.yorku.ca\\\/glendon\\\/faites-votre-demande\\\/\"},{\"@type\":\"ListItem\",\"position\":3,\"name\":\"Conditions d\u2019admission: \u00e9tudiants internationaux\"}]},{\"@type\":\"WebSite\",\"@id\":\"https:\\\/\\\/www.yorku.ca\\\/glendon\\\/#website\",\"url\":\"https:\\\/\\\/www.yorku.ca\\\/glendon\\\/\",\"name\":\"Glendon Campus\",\"description\":\"\",\"publisher\":{\"@id\":\"https:\\\/\\\/www.yorku.ca\\\/glendon\\\/#organization\"},\"potentialAction\":[{\"@type\":\"SearchAction\",\"target\":{\"@type\":\"EntryPoint\",\"urlTemplate\":\"https:\\\/\\\/www.yorku.ca\\\/glendon\\\/?s={search_term_string}\"},\"query-input\":{\"@type\":\"PropertyValueSpecification\",\"valueRequired\":true,\"valueName\":\"search_term_string\"}}],\"inLanguage\":\"en-US\"},{\"@type\":\"Organization\",\"@id\":\"https:\\\/\\\/www.yorku.ca\\\/glendon\\\/#organization\",\"name\":\"Glendon Campus\",\"url\":\"https:\\\/\\\/www.yorku.ca\\\/glendon\\\/\",\"logo\":{\"@type\":\"ImageObject\",\"inLanguage\":\"en-US\",\"@id\":\"https:\\\/\\\/www.yorku.ca\\\/glendon\\\/#\\\/schema\\\/logo\\\/image\\\/\",\"url\":\"https:\\\/\\\/www.yorku.ca\\\/glendon\\\/wp-content\\\/uploads\\\/sites\\\/508\\\/2023\\\/07\\\/Glendon-Campus-YorkU-Logo-.png\",\"contentUrl\":\"https:\\\/\\\/www.yorku.ca\\\/glendon\\\/wp-content\\\/uploads\\\/sites\\\/508\\\/2023\\\/07\\\/Glendon-Campus-YorkU-Logo-.png\",\"width\":5516,\"height\":601,\"caption\":\"Glendon Campus\"},\"image\":{\"@id\":\"https:\\\/\\\/www.yorku.ca\\\/glendon\\\/#\\\/schema\\\/logo\\\/image\\\/\"},\"sameAs\":[\"https:\\\/\\\/www.facebook.com\\\/GlendonCampus\\\/\",\"https:\\\/\\\/x.com\\\/glendoncampus\",\"https:\\\/\\\/www.instagram.com\\\/glendoncampus\\\/\",\"https:\\\/\\\/www.linkedin.com\\\/school\\\/glendon-campus\\\/\",\"https:\\\/\\\/www.youtube.com\\\/channel\\\/UC8bu5ntS7ZMGCURI0C-uENQ\",\"https:\\\/\\\/en.wikipedia.org\\\/wiki\\\/Glendon_College\"]}]}<\/script>\n<!-- \/ Yoast SEO plugin. -->","yoast_head_json":{"title":"Conditions d\u2019admission: \u00e9tudiants internationaux | Glendon Campus","robots":{"index":"index","follow":"follow","max-snippet":"max-snippet:-1","max-image-preview":"max-image-preview:large","max-video-preview":"max-video-preview:-1"},"canonical":"https:\/\/www.yorku.ca\/glendon\/faites-votre-demande\/international-students\/","og_locale":"en_US","og_type":"article","og_title":"Conditions d\u2019admission: \u00e9tudiants internationaux | Glendon Campus","og_description":"Les \u00e9tudiants internationaux constituent une partie importante de l\u2019identit\u00e9 de Glendon. Originaires de plus de 100 pays, nos nouveaux Glendoniens parlent plus de 40 langues. Nous accordons beaucoup d\u2019importance \u00e0 notre diversit\u00e9 culturelle et linguistique et les \u00e9tudiants internationaux jouent un grand r\u00f4le \u00e0 cet \u00e9gard. Cliquez sur le profil ci-dessous qui vous d\u00e9crit le [&hellip;]","og_url":"https:\/\/www.yorku.ca\/glendon\/faites-votre-demande\/international-students\/?lang=fr","og_site_name":"Glendon Campus","article_publisher":"https:\/\/www.facebook.com\/GlendonCampus\/","article_modified_time":"2025-11-27T17:12:11+00:00","og_image":[{"width":2000,"height":442,"url":"https:\/\/www.yorku.ca\/glendon\/wp-content\/uploads\/sites\/508\/2024\/12\/image.jpeg","type":"image\/jpeg"}],"twitter_card":"summary_large_image","twitter_site":"@glendoncampus","twitter_misc":{"Est. reading time":"4 minutes"},"schema":{"@context":"https:\/\/schema.org","@graph":[{"@type":"WebPage","@id":"https:\/\/www.yorku.ca\/glendon\/faites-votre-demande\/international-students\/?lang=fr","url":"https:\/\/www.yorku.ca\/glendon\/faites-votre-demande\/international-students\/?lang=fr","name":"Conditions d\u2019admission: \u00e9tudiants internationaux | Glendon Campus","isPartOf":{"@id":"https:\/\/www.yorku.ca\/glendon\/#website"},"primaryImageOfPage":{"@id":"https:\/\/www.yorku.ca\/glendon\/faites-votre-demande\/international-students\/?lang=fr#primaryimage"},"image":{"@id":"https:\/\/www.yorku.ca\/glendon\/faites-votre-demande\/international-students\/?lang=fr#primaryimage"},"thumbnailUrl":"https:\/\/www.yorku.ca\/glendon\/wp-content\/uploads\/sites\/508\/2024\/12\/image-1024x226.jpeg","datePublished":"2024-12-12T16:41:41+00:00","dateModified":"2025-11-27T17:12:11+00:00","breadcrumb":{"@id":"https:\/\/www.yorku.ca\/glendon\/faites-votre-demande\/international-students\/?lang=fr#breadcrumb"},"inLanguage":"en-US","potentialAction":[{"@type":"ReadAction","target":["https:\/\/www.yorku.ca\/glendon\/faites-votre-demande\/international-students\/?lang=fr"]}]},{"@type":"ImageObject","inLanguage":"en-US","@id":"https:\/\/www.yorku.ca\/glendon\/faites-votre-demande\/international-students\/?lang=fr#primaryimage","url":"https:\/\/www.yorku.ca\/glendon\/wp-content\/uploads\/sites\/508\/2024\/12\/image.jpeg","contentUrl":"https:\/\/www.yorku.ca\/glendon\/wp-content\/uploads\/sites\/508\/2024\/12\/image.jpeg","width":2000,"height":442},{"@type":"BreadcrumbList","@id":"https:\/\/www.yorku.ca\/glendon\/faites-votre-demande\/international-students\/?lang=fr#breadcrumb","itemListElement":[{"@type":"ListItem","position":1,"name":"Home","item":"https:\/\/www.yorku.ca\/glendon\/"},{"@type":"ListItem","position":2,"name":"Faites votre demande","item":"https:\/\/www.yorku.ca\/glendon\/faites-votre-demande\/"},{"@type":"ListItem","position":3,"name":"Conditions d\u2019admission: \u00e9tudiants internationaux"}]},{"@type":"WebSite","@id":"https:\/\/www.yorku.ca\/glendon\/#website","url":"https:\/\/www.yorku.ca\/glendon\/","name":"Glendon Campus","description":"","publisher":{"@id":"https:\/\/www.yorku.ca\/glendon\/#organization"},"potentialAction":[{"@type":"SearchAction","target":{"@type":"EntryPoint","urlTemplate":"https:\/\/www.yorku.ca\/glendon\/?s={search_term_string}"},"query-input":{"@type":"PropertyValueSpecification","valueRequired":true,"valueName":"search_term_string"}}],"inLanguage":"en-US"},{"@type":"Organization","@id":"https:\/\/www.yorku.ca\/glendon\/#organization","name":"Glendon Campus","url":"https:\/\/www.yorku.ca\/glendon\/","logo":{"@type":"ImageObject","inLanguage":"en-US","@id":"https:\/\/www.yorku.ca\/glendon\/#\/schema\/logo\/image\/","url":"https:\/\/www.yorku.ca\/glendon\/wp-content\/uploads\/sites\/508\/2023\/07\/Glendon-Campus-YorkU-Logo-.png","contentUrl":"https:\/\/www.yorku.ca\/glendon\/wp-content\/uploads\/sites\/508\/2023\/07\/Glendon-Campus-YorkU-Logo-.png","width":5516,"height":601,"caption":"Glendon Campus"},"image":{"@id":"https:\/\/www.yorku.ca\/glendon\/#\/schema\/logo\/image\/"},"sameAs":["https:\/\/www.facebook.com\/GlendonCampus\/","https:\/\/x.com\/glendoncampus","https:\/\/www.instagram.com\/glendoncampus\/","https:\/\/www.linkedin.com\/school\/glendon-campus\/","https:\/\/www.youtube.com\/channel\/UC8bu5ntS7ZMGCURI0C-uENQ","https:\/\/en.wikipedia.org\/wiki\/Glendon_College"]}]}},"taxonomy_info":[],"featured_image_src_large":false,"author_info":{"display_name":"lmallet","author_link":"https:\/\/www.yorku.ca\/glendon\/author\/lmallet\/"},"comment_info":0,"_links":{"self":[{"href":"https:\/\/www.yorku.ca\/glendon\/wp-json\/wp\/v2\/pages\/26877","targetHints":{"allow":["GET"]}}],"collection":[{"href":"https:\/\/www.yorku.ca\/glendon\/wp-json\/wp\/v2\/pages"}],"about":[{"href":"https:\/\/www.yorku.ca\/glendon\/wp-json\/wp\/v2\/types\/page"}],"author":[{"embeddable":true,"href":"https:\/\/www.yorku.ca\/glendon\/wp-json\/wp\/v2\/users\/440"}],"replies":[{"embeddable":true,"href":"https:\/\/www.yorku.ca\/glendon\/wp-json\/wp\/v2\/comments?post=26877"}],"version-history":[{"count":4,"href":"https:\/\/www.yorku.ca\/glendon\/wp-json\/wp\/v2\/pages\/26877\/revisions"}],"predecessor-version":[{"id":35162,"href":"https:\/\/www.yorku.ca\/glendon\/wp-json\/wp\/v2\/pages\/26877\/revisions\/35162"}],"up":[{"embeddable":true,"href":"https:\/\/www.yorku.ca\/glendon\/wp-json\/wp\/v2\/pages\/7726"}],"wp:attachment":[{"href":"https:\/\/www.yorku.ca\/glendon\/wp-json\/wp\/v2\/media?parent=26877"}],"wp:term":[{"taxonomy":"post_tag","embeddable":true,"href":"https:\/\/www.yorku.ca\/glendon\/wp-json\/wp\/v2\/tags?post=26877"}],"curies":[{"name":"wp","href":"https:\/\/api.w.org\/{rel}","templated":true}]}}