  {"id":26836,"date":"2024-12-12T10:15:04","date_gmt":"2024-12-12T15:15:04","guid":{"rendered":"https:\/\/www.yorku.ca\/glendon\/future-students\/conditions-dadmission\/mature-students\/"},"modified":"2025-01-27T14:13:46","modified_gmt":"2025-01-27T19:13:46","slug":"mature-students","status":"publish","type":"page","link":"https:\/\/www.yorku.ca\/glendon\/future-students\/conditions-dadmission\/mature-students\/?lang=fr","title":{"rendered":"\u00c9tudiants adultes"},"content":{"rendered":"<style>.kt-tabs-id26836_720877-f2 > .kt-tabs-content-wrap > .wp-block-kadence-tab{border-top:3px solid #0a6689;border-right:0px solid #0a6689;border-bottom:0px solid #0a6689;border-left:0px solid #0a6689;border-top-left-radius:0px;border-top-right-radius:0px;border-bottom-right-radius:0px;border-bottom-left-radius:0px;padding-top:var(--global-kb-spacing-sm, 1.5rem);padding-right:var(--global-kb-spacing-sm, 1.5rem);padding-bottom:var(--global-kb-spacing-sm, 1.5rem);padding-left:var(--global-kb-spacing-sm, 1.5rem);background:var(--global-palette9, #ffffff);}.wp-block-kadence-tabs .kt-tabs-id26836_720877-f2 > .kt-tabs-title-list li{margin-top:0px;margin-right:8px;margin-bottom:0px;margin-left:0px;}.wp-block-kadence-tabs .kt-tabs-id26836_720877-f2 > .kt-tabs-title-list li:last-child{margin-right:0px;}.wp-block-kadence-tabs .kt-tabs-id26836_720877-f2 > .kt-tabs-title-list li .kt-tab-title, .wp-block-kadence-tabs .kt-tabs-id26836_720877-f2 > .kt-tabs-content-wrap > .kt-tabs-accordion-title .kt-tab-title{line-height:1.4em;font-weight:regular;font-style:normal;border-top-width:0px;border-right-width:0px;border-bottom-width:0px;border-left-width:0px;border-top-left-radius:4px;border-top-right-radius:4px;border-bottom-right-radius:0px;border-bottom-left-radius:0px;padding-top:8px;padding-right:20px;padding-bottom:8px;padding-left:20px;border-color:var(--global-palette7, #eeeeee);color:var(--global-palette4, #2D3748);background:var(--global-palette7, #eeeeee);}.wp-block-kadence-tabs .kt-tabs-id26836_720877-f2 > .kt-tabs-content-wrap > .kt-tabs-accordion-title .kt-tab-title{margin-top:0px;margin-right:8px;margin-bottom:0px;margin-left:0px;}.wp-block-kadence-tabs .kt-tabs-id26836_720877-f2 > .kt-tabs-title-list li .kt-tab-title:hover, .wp-block-kadence-tabs .kt-tabs-id26836_720877-f2 > .kt-tabs-content-wrap > .kt-tabs-accordion-title .kt-tab-title:hover{border-color:var(--global-palette7, #eeeeee);color:var(--global-palette3, #1A202C);background:var(--global-palette8, #F7FAFC);}.wp-block-kadence-tabs .kt-tabs-id26836_720877-f2 > .kt-tabs-title-list li.kt-tab-title-active .kt-tab-title, .wp-block-kadence-tabs .kt-tabs-id26836_720877-f2 > .kt-tabs-content-wrap > .kt-tabs-accordion-title.kt-tab-title-active .kt-tab-title{border-color:var(--global-palette7, #eeeeee);color:#ffffff;background:#0a6689;}@media all and (max-width: 1024px){.kt-tabs-id26836_720877-f2 > .kt-tabs-content-wrap > .wp-block-kadence-tab{border-top:3px solid #0a6689;border-right:0px solid #0a6689;border-bottom:0px solid #0a6689;border-left:0px solid #0a6689;}}@media all and (max-width: 767px){.kt-tabs-id26836_720877-f2 > .kt-tabs-content-wrap > .wp-block-kadence-tab{border-top:3px solid #0a6689;border-right:0px solid #0a6689;border-bottom:0px solid #0a6689;border-left:0px solid #0a6689;}}<\/style>\n<div class=\"wp-block-kadence-tabs alignnone\"><div class=\"kt-tabs-wrap kt-tabs-id26836_720877-f2 kt-tabs-has-2-tabs kt-active-tab-1 kt-tabs-layout-tabs kt-tabs-tablet-layout-inherit kt-tabs-mobile-layout-inherit kt-tab-alignment-left \"><ul class=\"kt-tabs-title-list\"><li id=\"tab-conditionsdadmission\" class=\"kt-title-item kt-title-item-1 kt-tabs-svg-show-always kt-tabs-icon-side-right kt-tab-title-active\"><a href=\"#tab-conditionsdadmission\" data-tab=\"1\" class=\"kt-tab-title kt-tab-title-1 \"><span class=\"kt-title-text\">Conditions d'admission<\/span><\/a><\/li><li id=\"tab-demandedadmission\" class=\"kt-title-item kt-title-item-2 kt-tabs-svg-show-always kt-tabs-icon-side-right kt-tab-title-inactive\"><a href=\"#tab-demandedadmission\" data-tab=\"2\" class=\"kt-tab-title kt-tab-title-2 \"><span class=\"kt-title-text\">Demande d'admission<\/span><\/a><\/li><\/ul><div class=\"kt-tabs-content-wrap\">\n<div class=\"wp-block-kadence-tab kt-tab-inner-content kt-inner-tab-1 kt-inner-tab612db1-a6\"><div class=\"kt-tab-inner-content-inner\">\n<h2 class=\"wp-block-heading\">Conditions d\u2019admission g\u00e9n\u00e9rales<\/h2>\n\n\n\n<p>Le statut d\u2019\u00e9tudiant adulte vise \u00e0 permettre \u00e0 des candidats de d\u00e9montrer leur potentiel de r\u00e9ussite en mati\u00e8re d\u2019\u00e9tudes gr\u00e2ce \u00e0 l\u2019application de crit\u00e8res qui ne sont pas strictement li\u00e9s aux \u00e9tudes. Par exemple, vous manquez peut-\u00eatre de pr\u00e9paration th\u00e9orique mais vous avez plusieurs ann\u00e9es d\u2019exp\u00e9rience professionnelle et une exp\u00e9rience de vie qui d\u00e9montrent vos capacit\u00e9s \u00e0 r\u00e9ussir des \u00e9tudes universitaires.<\/p>\n\n\n\n<p>De nombreux candidats croient \u00e0 tort que la cat\u00e9gorie \u00ab&nbsp;\u00e9tudiants adultes&nbsp;\u00bb permet d\u2019\u00eatre admis en d\u00e9pit de r\u00e9sultats scolaires m\u00e9diocres. Ce n\u2019est pas le cas.<\/p>\n\n\n\n<h2 class=\"wp-block-heading\">Pour poser votre candidature dans la cat\u00e9gorie \u00ab candidat adulte \u00bb, vous&nbsp; devez :<\/h2>\n\n\n\n<ul class=\"wp-block-list\">\n<li>avoir au moins 20 ans par la fin de l\u2019ann\u00e9e civile de l\u2019admission \u00e0 l\u2019Universit\u00e9 ;<\/li>\n\n\n\n<li>avoir quitt\u00e9 l\u2019\u00e9cole secondaire \u00e0 temps plein depuis au moins deux ans ou \u00eatre retourn\u00e9 \u00e0 l\u2019\u00e9cole apr\u00e8s deux ans d\u2019absence pour am\u00e9liorer vos notes&nbsp;;<\/li>\n\n\n\n<li>avoir \u00e9t\u00e9 inscrit pendant moins d\u2019une ann\u00e9e compl\u00e8te dans une universit\u00e9 accr\u00e9dit\u00e9e ou un coll\u00e8ge accr\u00e9dit\u00e9 ;<\/li>\n\n\n\n<li>ne pas avoir obtenu de mauvais r\u00e9sultats scolaires ;<\/li>\n\n\n\n<li>avoir d\u00e9montr\u00e9 un potentiel de r\u00e9ussite dans le cadre d\u2019activit\u00e9s scolaires, professionnelles ou de b\u00e9n\u00e9volat, et gr\u00e2ce \u00e0 d\u2019autres r\u00e9alisations.<\/li>\n<\/ul>\n\n\n\n<p>Assurez-vous de satisfaire aux\u00a0<a href=\"https:\/\/www.yorku.ca\/glendon\/faites-votre-demande\/exigences-linguistiques\/?lang=fr\">exigences linguistiques.<\/a><\/p>\n\n\n\n<p>REMARQUE : Les crit\u00e8res d\u2019admission pr\u00e9sent\u00e9s ici sont uniquement les conditions minimales d\u2019admission. Celle-ci n\u2019est pas garantie et toutes les conditions peuvent \u00eatre modifi\u00e9es sans pr\u00e9avis. Les cours recommand\u00e9s vous aideront dans vos \u00e9tudes mais nous n\u2019en tenons pas compte pour d\u00e9terminer votre admission et l\u2019octroi de bourses d\u2019\u00e9tudes.<\/p>\n\n\n\n<p>Les exigences ci-dessus s\u2019appliquent \u00e0 tous les programmes, \u00e0 l\u2019exception de :<\/p>\n\n\n\n<ul class=\"wp-block-list\">\n<li><a href=\"https:\/\/www.glendon.yorku.ca\/futurestudents\/fr\/programmes\/iba\/\">Baccalaur\u00e9at \u00e8s arts international \u2014 trilingue<\/a><\/li>\n\n\n\n<li><a href=\"https:\/\/www.yorku.ca\/glendon\/bed\/?lang=fr\">Baccalaur\u00e9at en sciences de l\u2019\u00e9ducation<\/a><\/li>\n\n\n\n<li><a href=\"https:\/\/www.yorku.ca\/glendon\/translation\/?lang=fr\">Traduction<\/a><\/li>\n<\/ul>\n\n\n\n<h2 class=\"wp-block-heading\">Si vous avez un handicap diagnostiqu\u00e9<\/h2>\n\n\n\n<p>Si vous avez un handicap diagnostiqu\u00e9, des difficult\u00e9s d\u2019apprentissage ou un handicap physique ou psychologique, nous vous encourageons fortement \u00e0 nous en informer lors du processus d\u2019admission. M\u00eame si votre handicap n\u2019a pas d\u2019effet sur votre admissibilit\u00e9 \u00e0 Glendon (autrement dit, vous remplissez les crit\u00e8res d\u2019admission), nous voulons nous assurer que vous connaissez les services de soutien en place. En aucun cas, le fait de nous informer de votre handicap ne sera \u00e0 votre d\u00e9savantage.\u00a0<a href=\"https:\/\/www.yorku.ca\/glendon\/faites-votre-demande\/disabilities\/?lang=fr\">Pour plus d\u2019informations >><\/a><\/p>\n\n\n\n<p>Communiquez avec nous au 416-487-6710 ou&nbsp;<a href=\"mailto:liaison@glendon.yorku.ca\">liaison@glendon.yorku.ca<\/a>&nbsp;pour organiser une visite guid\u00e9e et un rendez-vous avec un de nos agents de recrutement.<\/p>\n<\/div><\/div>\n\n\n\n<div class=\"wp-block-kadence-tab kt-tab-inner-content kt-inner-tab-2 kt-inner-tab6b89d1-be\"><div class=\"kt-tab-inner-content-inner\">\n<h2 class=\"wp-block-heading\">Comment faire votre demande<\/h2>\n\n\n\n<p>Veuillez faire votre demande par l\u2019interm\u00e9diaire du&nbsp;<a href=\"http:\/\/centre.ouac.on.ca\/\">Centre de demande d\u2019admission aux universit\u00e9s de l\u2019Ontario (OUAC)<\/a>&nbsp;pour commencer vos \u00e9tudes en septembre ou en janvier. Aucun de nos programmes n\u2019offre une entr\u00e9e en mai. Si vous faites une demande d\u2019admission uniquement \u00e0 l\u2019Universit\u00e9 York, vous pouvez soumettre une demande&nbsp;<a href=\"https:\/\/form.apps06.yorku.ca\/uaform\/\">directement du site web<\/a>.<\/p>\n\n\n\n<h2 class=\"wp-block-heading\">Documents \u00e0 envoyer au Bureau des admissions :<\/h2>\n\n\n\n<p>Assurez-vous d\u2019envoyer tous les documents requis d\u00e8s que vous faites une demande d\u2019admission.<\/p>\n\n\n\n<ol class=\"wp-block-list\">\n<li><strong>Relev\u00e9s de notes<\/strong><br>Veuillez envoyer les relev\u00e9s de notes officiels pour tous les cours termin\u00e9s dans un coll\u00e8ge ou une universit\u00e9, m\u00eame si les \u00e9tudes \u00e9taient \u00e0 temps partiel ou remontent \u00e0 plusieurs ann\u00e9es. Si vous suivez actuellement des cours, veuillez envoyer un relev\u00e9 de notes officiel indiquant les cours que vous suivez et les notes obtenues jusqu\u2019\u00e0 pr\u00e9sent, puis un autre relev\u00e9 \u00e0 la fin du semestre.Veuillez aussi envoyer vos relev\u00e9s de notes de l\u2019\u00e9cole secondaire si vous avez termin\u00e9 vos \u00e9tudes secondaires dans les cinq derni\u00e8res ann\u00e9es.<\/li>\n\n\n\n<li><strong><a href=\"https:\/\/www.yorku.ca\/glendon\/faites-votre-demande\/exigences-linguistiques\/?lang=fr\">R\u00e9sultats d\u2019un test de comp\u00e9tence linguistique\u00a0<\/a><\/strong>(si besoin).<\/li>\n\n\n\n<li><strong>Lettre\/curriculum vitae<\/strong><br>Veuillez envoyer un curriculum vitae et une lettre d\u2019une ou deux pages pr\u00e9sentant:<\/li>\n\n\n\n<li>vos motifs pour souhaiter entreprendre des \u00e9tudes universitaires ;<\/li>\n\n\n\n<li>vos objectifs de carri\u00e8re ;<\/li>\n\n\n\n<li>vos comp\u00e9tences et activit\u00e9s qui contribueront \u00e0 votre r\u00e9ussite universitaire,<br>par exemple: vos exp\u00e9riences de travail ou de b\u00e9n\u00e9volat, activit\u00e9s de perfectionnement professionnel, \u00e9tudes et int\u00e9r\u00eats personnels ;<\/li>\n\n\n\n<li>des explications\/documents concernant de faibles r\u00e9sultats scolaires ant\u00e9rieurs.<\/li>\n\n\n\n<li><strong>Descriptions des cours suivis dans un coll\u00e8ge ou une universit\u00e9<\/strong><br>Pour \u00e9valuer votre admissibilit\u00e9 \u00e0 des cr\u00e9dits universitaires, il nous faut une description d\u00e9taill\u00e9e des cours th\u00e9oriques que vous avez termin\u00e9s dans un coll\u00e8ge ou une universit\u00e9 accr\u00e9dit\u00e9e situ\u00e9e en dehors du Canada ou des \u00c9tats-Unis. Les descriptions de cours doivent \u00eatre fournies par votre ancien \u00e9tablissement ou \u00eatre affich\u00e9es sur le site Internet de l\u2019\u00e9tablissement.<br><strong>REMARQUE :&nbsp;<\/strong>Les relev\u00e9s de notes officiels doivent \u00eatre envoy\u00e9s directement au Bureau des admissions par l\u2019\u00e9tablissement d\u2019enseignement ou nous parvenir dans une enveloppe cachet\u00e9e par l\u2019\u00e9tablissement (et n\u2019ayant pas \u00e9t\u00e9 ouverte).Les documents qui ne sont pas en anglais ou en fran\u00e7ais doivent \u00eatre traduits par un traducteur agr\u00e9\u00e9 ; la traduction sera jointe aux originaux.Veuillez vous assurer d\u2019utiliser le m\u00eame nom sur tous les documents que vous soumettez, pour \u00e9viter tout retard dans le traitement de votre demande. Il faut parfois 3 \u00e0 4 semaines pour que nous recevions des documents post\u00e9s \u00e0 l\u2019ext\u00e9rieur du Canada.<\/li>\n<\/ol>\n\n\n\n<h3 class=\"wp-block-heading\">Veuillez envoyer tous les documents exig\u00e9s au :<\/h3>\n\n\n\n<p>¿ì²¥ÊÓÆµ<br>Office of Admissions<br>Bennett Centre for Student Services<br>3rd Floor Reception<br>99 Ian Macdonald Blvd<br>Toronto, ON M3J 1P3<br>CANADA<\/p>\n\n\n\n<p><strong>Assurez-vous de faire votre demande avant\u00a0<a href=\"https:\/\/www.yorku.ca\/glendon\/faites-votre-demande\/application-deadlines\/?lang=fr\">la date limite<\/a>.<\/strong><\/p>\n\n\n\n<h2 class=\"wp-block-heading\">Apr\u00e8s avoir fait votre demande<\/h2>\n\n\n\n<p>Apr\u00e8s que vous avez envoy\u00e9 votre demande d\u2019admission \u00e0 Glendon, nous resterons en contact avec vous et vous pourrez communiquer avec nous en tout temps. Vous recevrez un accus\u00e9 de r\u00e9ception de votre demande et un rappel concernant l\u2019envoi, en temps voulu, de tous les documents manquants.<\/p>\n\n\n\n<p>Pour v\u00e9rifier le statut de votre demande durant le processus d\u2019admission, veuillez vous connecter au site&nbsp;<a href=\"http:\/\/www.yorku.ca\/myfile\">MyFile<\/a>. Pour ouvrir une s\u00e9ance, il vous faudra votre num\u00e9ro de r\u00e9f\u00e9rence de York.<\/p>\n\n\n\n<p><strong>Les offres d\u2019admission d\u00e9pendent des notes finales.<\/strong><\/p>\n<\/div><\/div>\n<\/div><\/div><\/div>\n","protected":false},"excerpt":{"rendered":"","protected":false},"author":440,"featured_media":0,"parent":7713,"menu_order":0,"comment_status":"closed","ping_status":"closed","template":"","meta":{"_kad_blocks_custom_css":"","_kad_blocks_head_custom_js":"","_kad_blocks_body_custom_js":"","_kad_blocks_footer_custom_js":"","footnotes":""},"tags":[],"class_list":["post-26836","page","type-page","status-publish","hentry"],"acf":[],"yoast_head":"<!-- This site is optimized with the Yoast SEO plugin v24.0 - https:\/\/yoast.com\/wordpress\/plugins\/seo\/ -->\n<title>\u00c9tudiants adultes | Glendon Campus<\/title>\n<meta name=\"robots\" content=\"index, follow, max-snippet:-1, max-image-preview:large, max-video-preview:-1\" \/>\n<link rel=\"canonical\" href=\"https:\/\/www.yorku.ca\/glendon\/future-students\/conditions-dadmission\/mature-students\/\" \/>\n<meta property=\"og:locale\" content=\"en_US\" \/>\n<meta property=\"og:type\" content=\"article\" \/>\n<meta property=\"og:title\" content=\"\u00c9tudiants adultes | Glendon Campus\" \/>\n<meta property=\"og:url\" content=\"https:\/\/www.yorku.ca\/glendon\/future-students\/conditions-dadmission\/mature-students\/?lang=fr\" \/>\n<meta property=\"og:site_name\" content=\"Glendon Campus\" \/>\n<meta property=\"article:publisher\" content=\"https:\/\/www.facebook.com\/GlendonCampus\/\" \/>\n<meta property=\"article:modified_time\" content=\"2025-01-27T19:13:46+00:00\" \/>\n<meta property=\"og:image\" content=\"https:\/\/www.yorku.ca\/glendon\/wp-content\/uploads\/sites\/508\/2021\/10\/glendon-campus-Glendon-Overall_Aerial-3.jpg\" \/>\n\t<meta property=\"og:image:width\" content=\"1642\" \/>\n\t<meta property=\"og:image:height\" content=\"925\" \/>\n\t<meta property=\"og:image:type\" content=\"image\/jpeg\" \/>\n<meta name=\"twitter:card\" content=\"summary_large_image\" \/>\n<meta name=\"twitter:site\" content=\"@glendoncampus\" \/>\n<meta name=\"twitter:label1\" content=\"Est. reading time\" \/>\n\t<meta name=\"twitter:data1\" content=\"5 minutes\" \/>\n<script type=\"application\/ld+json\" class=\"yoast-schema-graph\">{\"@context\":\"https:\/\/schema.org\",\"@graph\":[{\"@type\":\"WebPage\",\"@id\":\"https:\/\/www.yorku.ca\/glendon\/future-students\/conditions-dadmission\/mature-students\/?lang=fr\",\"url\":\"https:\/\/www.yorku.ca\/glendon\/future-students\/conditions-dadmission\/mature-students\/?lang=fr\",\"name\":\"\u00c9tudiants adultes | Glendon Campus\",\"isPartOf\":{\"@id\":\"https:\/\/www.yorku.ca\/glendon\/#website\"},\"datePublished\":\"2024-12-12T15:15:04+00:00\",\"dateModified\":\"2025-01-27T19:13:46+00:00\",\"breadcrumb\":{\"@id\":\"https:\/\/www.yorku.ca\/glendon\/future-students\/conditions-dadmission\/mature-students\/?lang=fr#breadcrumb\"},\"inLanguage\":\"en-US\",\"potentialAction\":[{\"@type\":\"ReadAction\",\"target\":[\"https:\/\/www.yorku.ca\/glendon\/future-students\/conditions-dadmission\/mature-students\/?lang=fr\"]}]},{\"@type\":\"BreadcrumbList\",\"@id\":\"https:\/\/www.yorku.ca\/glendon\/future-students\/conditions-dadmission\/mature-students\/?lang=fr#breadcrumb\",\"itemListElement\":[{\"@type\":\"ListItem\",\"position\":1,\"name\":\"Home\",\"item\":\"https:\/\/www.yorku.ca\/glendon\/\"},{\"@type\":\"ListItem\",\"position\":2,\"name\":\"Futurs \u00e9tudiants\",\"item\":\"https:\/\/www.yorku.ca\/glendon\/future-students\/\"},{\"@type\":\"ListItem\",\"position\":3,\"name\":\"Conditions d\u2019admission\",\"item\":\"https:\/\/www.yorku.ca\/glendon\/future-students\/conditions-dadmission\/\"},{\"@type\":\"ListItem\",\"position\":4,\"name\":\"\u00c9tudiants adultes\"}]},{\"@type\":\"WebSite\",\"@id\":\"https:\/\/www.yorku.ca\/glendon\/#website\",\"url\":\"https:\/\/www.yorku.ca\/glendon\/\",\"name\":\"Glendon Campus\",\"description\":\"\",\"publisher\":{\"@id\":\"https:\/\/www.yorku.ca\/glendon\/#organization\"},\"potentialAction\":[{\"@type\":\"SearchAction\",\"target\":{\"@type\":\"EntryPoint\",\"urlTemplate\":\"https:\/\/www.yorku.ca\/glendon\/?s={search_term_string}\"},\"query-input\":{\"@type\":\"PropertyValueSpecification\",\"valueRequired\":true,\"valueName\":\"search_term_string\"}}],\"inLanguage\":\"en-US\"},{\"@type\":\"Organization\",\"@id\":\"https:\/\/www.yorku.ca\/glendon\/#organization\",\"name\":\"Glendon Campus\",\"url\":\"https:\/\/www.yorku.ca\/glendon\/\",\"logo\":{\"@type\":\"ImageObject\",\"inLanguage\":\"en-US\",\"@id\":\"https:\/\/www.yorku.ca\/glendon\/#\/schema\/logo\/image\/\",\"url\":\"https:\/\/www.yorku.ca\/glendon\/wp-content\/uploads\/sites\/508\/2023\/07\/Glendon-Campus-YorkU-Logo-.png\",\"contentUrl\":\"https:\/\/www.yorku.ca\/glendon\/wp-content\/uploads\/sites\/508\/2023\/07\/Glendon-Campus-YorkU-Logo-.png\",\"width\":5516,\"height\":601,\"caption\":\"Glendon Campus\"},\"image\":{\"@id\":\"https:\/\/www.yorku.ca\/glendon\/#\/schema\/logo\/image\/\"},\"sameAs\":[\"https:\/\/www.facebook.com\/GlendonCampus\/\",\"https:\/\/x.com\/glendoncampus\",\"https:\/\/www.instagram.com\/glendoncampus\/\",\"https:\/\/www.linkedin.com\/school\/glendon-campus\/\",\"https:\/\/www.youtube.com\/channel\/UC8bu5ntS7ZMGCURI0C-uENQ\",\"https:\/\/en.wikipedia.org\/wiki\/Glendon_College\"]}]}<\/script>\n<!-- \/ Yoast SEO plugin. -->","yoast_head_json":{"title":"\u00c9tudiants adultes | Glendon Campus","robots":{"index":"index","follow":"follow","max-snippet":"max-snippet:-1","max-image-preview":"max-image-preview:large","max-video-preview":"max-video-preview:-1"},"canonical":"https:\/\/www.yorku.ca\/glendon\/future-students\/conditions-dadmission\/mature-students\/","og_locale":"en_US","og_type":"article","og_title":"\u00c9tudiants adultes | Glendon Campus","og_url":"https:\/\/www.yorku.ca\/glendon\/future-students\/conditions-dadmission\/mature-students\/?lang=fr","og_site_name":"Glendon Campus","article_publisher":"https:\/\/www.facebook.com\/GlendonCampus\/","article_modified_time":"2025-01-27T19:13:46+00:00","og_image":[{"width":1642,"height":925,"url":"https:\/\/www.yorku.ca\/glendon\/wp-content\/uploads\/sites\/508\/2021\/10\/glendon-campus-Glendon-Overall_Aerial-3.jpg","type":"image\/jpeg"}],"twitter_card":"summary_large_image","twitter_site":"@glendoncampus","twitter_misc":{"Est. reading time":"5 minutes"},"schema":{"@context":"https:\/\/schema.org","@graph":[{"@type":"WebPage","@id":"https:\/\/www.yorku.ca\/glendon\/future-students\/conditions-dadmission\/mature-students\/?lang=fr","url":"https:\/\/www.yorku.ca\/glendon\/future-students\/conditions-dadmission\/mature-students\/?lang=fr","name":"\u00c9tudiants adultes | Glendon Campus","isPartOf":{"@id":"https:\/\/www.yorku.ca\/glendon\/#website"},"datePublished":"2024-12-12T15:15:04+00:00","dateModified":"2025-01-27T19:13:46+00:00","breadcrumb":{"@id":"https:\/\/www.yorku.ca\/glendon\/future-students\/conditions-dadmission\/mature-students\/?lang=fr#breadcrumb"},"inLanguage":"en-US","potentialAction":[{"@type":"ReadAction","target":["https:\/\/www.yorku.ca\/glendon\/future-students\/conditions-dadmission\/mature-students\/?lang=fr"]}]},{"@type":"BreadcrumbList","@id":"https:\/\/www.yorku.ca\/glendon\/future-students\/conditions-dadmission\/mature-students\/?lang=fr#breadcrumb","itemListElement":[{"@type":"ListItem","position":1,"name":"Home","item":"https:\/\/www.yorku.ca\/glendon\/"},{"@type":"ListItem","position":2,"name":"Futurs \u00e9tudiants","item":"https:\/\/www.yorku.ca\/glendon\/future-students\/"},{"@type":"ListItem","position":3,"name":"Conditions d\u2019admission","item":"https:\/\/www.yorku.ca\/glendon\/future-students\/conditions-dadmission\/"},{"@type":"ListItem","position":4,"name":"\u00c9tudiants adultes"}]},{"@type":"WebSite","@id":"https:\/\/www.yorku.ca\/glendon\/#website","url":"https:\/\/www.yorku.ca\/glendon\/","name":"Glendon Campus","description":"","publisher":{"@id":"https:\/\/www.yorku.ca\/glendon\/#organization"},"potentialAction":[{"@type":"SearchAction","target":{"@type":"EntryPoint","urlTemplate":"https:\/\/www.yorku.ca\/glendon\/?s={search_term_string}"},"query-input":{"@type":"PropertyValueSpecification","valueRequired":true,"valueName":"search_term_string"}}],"inLanguage":"en-US"},{"@type":"Organization","@id":"https:\/\/www.yorku.ca\/glendon\/#organization","name":"Glendon Campus","url":"https:\/\/www.yorku.ca\/glendon\/","logo":{"@type":"ImageObject","inLanguage":"en-US","@id":"https:\/\/www.yorku.ca\/glendon\/#\/schema\/logo\/image\/","url":"https:\/\/www.yorku.ca\/glendon\/wp-content\/uploads\/sites\/508\/2023\/07\/Glendon-Campus-YorkU-Logo-.png","contentUrl":"https:\/\/www.yorku.ca\/glendon\/wp-content\/uploads\/sites\/508\/2023\/07\/Glendon-Campus-YorkU-Logo-.png","width":5516,"height":601,"caption":"Glendon Campus"},"image":{"@id":"https:\/\/www.yorku.ca\/glendon\/#\/schema\/logo\/image\/"},"sameAs":["https:\/\/www.facebook.com\/GlendonCampus\/","https:\/\/x.com\/glendoncampus","https:\/\/www.instagram.com\/glendoncampus\/","https:\/\/www.linkedin.com\/school\/glendon-campus\/","https:\/\/www.youtube.com\/channel\/UC8bu5ntS7ZMGCURI0C-uENQ","https:\/\/en.wikipedia.org\/wiki\/Glendon_College"]}]}},"taxonomy_info":[],"featured_image_src_large":false,"author_info":{"display_name":"lmallet","author_link":"https:\/\/www.yorku.ca\/glendon\/author\/lmallet\/"},"comment_info":0,"_links":{"self":[{"href":"https:\/\/www.yorku.ca\/glendon\/wp-json\/wp\/v2\/pages\/26836","targetHints":{"allow":["GET"]}}],"collection":[{"href":"https:\/\/www.yorku.ca\/glendon\/wp-json\/wp\/v2\/pages"}],"about":[{"href":"https:\/\/www.yorku.ca\/glendon\/wp-json\/wp\/v2\/types\/page"}],"author":[{"embeddable":true,"href":"https:\/\/www.yorku.ca\/glendon\/wp-json\/wp\/v2\/users\/440"}],"replies":[{"embeddable":true,"href":"https:\/\/www.yorku.ca\/glendon\/wp-json\/wp\/v2\/comments?post=26836"}],"version-history":[{"count":3,"href":"https:\/\/www.yorku.ca\/glendon\/wp-json\/wp\/v2\/pages\/26836\/revisions"}],"predecessor-version":[{"id":29363,"href":"https:\/\/www.yorku.ca\/glendon\/wp-json\/wp\/v2\/pages\/26836\/revisions\/29363"}],"up":[{"embeddable":true,"href":"https:\/\/www.yorku.ca\/glendon\/wp-json\/wp\/v2\/pages\/7713"}],"wp:attachment":[{"href":"https:\/\/www.yorku.ca\/glendon\/wp-json\/wp\/v2\/media?parent=26836"}],"wp:term":[{"taxonomy":"post_tag","embeddable":true,"href":"https:\/\/www.yorku.ca\/glendon\/wp-json\/wp\/v2\/tags?post=26836"}],"curies":[{"name":"wp","href":"https:\/\/api.w.org\/{rel}","templated":true}]}}