  {"id":26607,"date":"2024-11-29T10:26:39","date_gmt":"2024-11-29T15:26:39","guid":{"rendered":"https:\/\/www.yorku.ca\/glendon\/supports-and-services\/counseling-de-glendon\/health-services\/"},"modified":"2024-11-29T11:43:08","modified_gmt":"2024-11-29T16:43:08","slug":"health-services","status":"publish","type":"page","link":"https:\/\/www.yorku.ca\/glendon\/supports-and-services\/counseling-de-glendon\/health-services\/?lang=fr","title":{"rendered":"Services de sant\u00e9"},"content":{"rendered":"\n<p>Dans le cadre des Services de counseling, de sant\u00e9 et de bien-\u00eatre, l\u2019\u00e9quipe des Services de sant\u00e9 soutient les \u00e9tudiants sur les campus de York en leur apprenant \u00e0 adopter des approches proactives pour maintenir une bonne sant\u00e9 et un bien-\u00eatre positif.<\/p>\n\n\n\n<div style=\"height:35px\" aria-hidden=\"true\" class=\"wp-block-spacer\"><\/div>\n\n\n\n<div class=\"wp-block-columns card-deck aspect-ratio fade-bottom is-layout-flex wp-container-core-columns-is-layout-1 wp-block-columns-is-layout-flex\">\n<div class=\"wp-block-column card rounded-0 bg-white is-layout-flow wp-block-column-is-layout-flow\">\n<figure class=\"wp-block-image size-large\"><img loading=\"lazy\" decoding=\"async\" width=\"1024\" height=\"683\" src=\"https:\/\/www.yorku.ca\/glendon\/wp-content\/uploads\/sites\/508\/2024\/10\/library-1024x683.png\" alt=\"\" class=\"wp-image-24379\" srcset=\"https:\/\/www.yorku.ca\/glendon\/wp-content\/uploads\/sites\/508\/2024\/10\/library-1024x683.png 1024w, https:\/\/www.yorku.ca\/glendon\/wp-content\/uploads\/sites\/508\/2024\/10\/library-400x267.png 400w, https:\/\/www.yorku.ca\/glendon\/wp-content\/uploads\/sites\/508\/2024\/10\/library-391x260.png 391w, https:\/\/www.yorku.ca\/glendon\/wp-content\/uploads\/sites\/508\/2024\/10\/library-1536x1024.png 1536w, https:\/\/www.yorku.ca\/glendon\/wp-content\/uploads\/sites\/508\/2024\/10\/library.png 1728w\" sizes=\"auto, (max-width: 1024px) 100vw, 1024px\" \/><\/figure>\n\n\n\n<div class=\"wp-block-group card-body is-layout-flow wp-block-group-is-layout-flow\">\n<h2 class=\"wp-block-heading card-title h5\">\u00c9ducation et promotion de la sant\u00e9<\/h2>\n\n\n\n<p class=\"card-text\">Dans le cadre du service de conseil, de sant\u00e9 et de bien-\u00eatre des \u00e9tudiants, l'\u00e9quipe des services de sant\u00e9 soutient les \u00e9tudiants sur tous les campus de York en leur apprenant \u00e0 d\u00e9velopper des approches proactives pour maintenir un \u00e9tat de sant\u00e9 et de bien-\u00eatre positif.<\/p>\n\n\n\n<p><a href=\"https:\/\/students.yorku.ca\/counselling\/health-education-promotion\">En savoir plus sur le programme, les ressources et les activit\u00e9s de sensibilisation sur le campus.<\/a><\/p>\n<\/div>\n<\/div>\n\n\n\n<div class=\"wp-block-column card rounded-0 bg-white is-layout-flow wp-block-column-is-layout-flow\">\n<figure class=\"wp-block-image size-full\"><img loading=\"lazy\" decoding=\"async\" width=\"640\" height=\"427\" src=\"https:\/\/www.yorku.ca\/glendon\/wp-content\/uploads\/sites\/508\/2024\/09\/N8A1824.jpg\" alt=\"\" class=\"wp-image-22947\" srcset=\"https:\/\/www.yorku.ca\/glendon\/wp-content\/uploads\/sites\/508\/2024\/09\/N8A1824.jpg 640w, https:\/\/www.yorku.ca\/glendon\/wp-content\/uploads\/sites\/508\/2024\/09\/N8A1824-400x267.jpg 400w, https:\/\/www.yorku.ca\/glendon\/wp-content\/uploads\/sites\/508\/2024\/09\/N8A1824-391x260.jpg 391w\" sizes=\"auto, (max-width: 640px) 100vw, 640px\" \/><\/figure>\n\n\n\n<div class=\"wp-block-group card-body is-layout-flow wp-block-group-is-layout-flow\">\n<h2 class=\"wp-block-heading card-title h5\">Sant\u00e9 des \u00e9tudiants<\/h2>\n\n\n\n<p>Nos infirmi\u00e8res de sant\u00e9 publique proposent des programmes d'\u00e9ducation \u00e0 la sant\u00e9 qui cr\u00e9ent des environnements sains sur les campus en utilisant des approches holistiques et culturellement comp\u00e9tentes de la sant\u00e9 des \u00e9tudiants. Nous nous engageons \u00e0 d\u00e9fendre les besoins des \u00e9tudiants dans le but de r\u00e9duire les in\u00e9galit\u00e9s sociales et d'am\u00e9liorer les r\u00e9sultats en mati\u00e8re de sant\u00e9 pour tous.<\/p>\n\n\n\n<p class=\"text-uppercase\"><a href=\"https:\/\/students.yorku.ca\/health\/\">Trouver des ressources en mati\u00e8re de sant\u00e9 pour les \u00e9tudiants.<\/a><\/p>\n<\/div>\n<\/div>\n<\/div>\n","protected":false},"excerpt":{"rendered":"<p>Dans le cadre des Services de counseling, de sant\u00e9 et de bien-\u00eatre, l\u2019\u00e9quipe des Services de sant\u00e9 soutient les \u00e9tudiants sur les campus de York en leur apprenant \u00e0 adopter des approches proactives pour maintenir une bonne sant\u00e9 et un bien-\u00eatre positif. \u00c9ducation et promotion de la sant\u00e9 Dans le cadre du service de conseil, [&hellip;]<\/p>\n","protected":false},"author":1515,"featured_media":23930,"parent":7779,"menu_order":0,"comment_status":"closed","ping_status":"closed","template":"","meta":{"_kad_blocks_custom_css":"","_kad_blocks_head_custom_js":"","_kad_blocks_body_custom_js":"","_kad_blocks_footer_custom_js":"","footnotes":""},"tags":[],"class_list":["post-26607","page","type-page","status-publish","has-post-thumbnail","hentry"],"acf":[],"yoast_head":"<!-- This site is optimized with the Yoast SEO plugin v24.0 - https:\/\/yoast.com\/wordpress\/plugins\/seo\/ -->\n<title>Services de sant\u00e9 | Glendon Campus<\/title>\n<meta name=\"robots\" content=\"index, follow, max-snippet:-1, max-image-preview:large, max-video-preview:-1\" \/>\n<link rel=\"canonical\" href=\"https:\/\/www.yorku.ca\/glendon\/supports-and-services\/counseling-de-glendon\/health-services\/\" \/>\n<meta property=\"og:locale\" content=\"en_US\" \/>\n<meta property=\"og:type\" content=\"article\" \/>\n<meta property=\"og:title\" content=\"Services de sant\u00e9 | Glendon Campus\" \/>\n<meta property=\"og:description\" content=\"Dans le cadre des Services de counseling, de sant\u00e9 et de bien-\u00eatre, l\u2019\u00e9quipe des Services de sant\u00e9 soutient les \u00e9tudiants sur les campus de York en leur apprenant \u00e0 adopter des approches proactives pour maintenir une bonne sant\u00e9 et un bien-\u00eatre positif. \u00c9ducation et promotion de la sant\u00e9 Dans le cadre du service de conseil, [&hellip;]\" \/>\n<meta property=\"og:url\" content=\"https:\/\/www.yorku.ca\/glendon\/supports-and-services\/counseling-de-glendon\/health-services\/?lang=fr\" \/>\n<meta property=\"og:site_name\" content=\"Glendon Campus\" \/>\n<meta property=\"article:publisher\" content=\"https:\/\/www.facebook.com\/GlendonCampus\/\" \/>\n<meta property=\"article:modified_time\" content=\"2024-11-29T16:43:08+00:00\" \/>\n<meta property=\"og:image\" content=\"https:\/\/www.yorku.ca\/glendon\/wp-content\/uploads\/sites\/508\/2024\/10\/N8A1200-1024x683.png\" \/>\n\t<meta property=\"og:image:width\" content=\"1024\" \/>\n\t<meta property=\"og:image:height\" content=\"683\" \/>\n\t<meta property=\"og:image:type\" content=\"image\/png\" \/>\n<meta name=\"twitter:card\" content=\"summary_large_image\" \/>\n<meta name=\"twitter:site\" content=\"@glendoncampus\" \/>\n<meta name=\"twitter:label1\" content=\"Est. reading time\" \/>\n\t<meta name=\"twitter:data1\" content=\"1 minute\" \/>\n<script type=\"application\/ld+json\" class=\"yoast-schema-graph\">{\"@context\":\"https:\/\/schema.org\",\"@graph\":[{\"@type\":\"WebPage\",\"@id\":\"https:\/\/www.yorku.ca\/glendon\/supports-and-services\/counseling-de-glendon\/health-services\/?lang=fr\",\"url\":\"https:\/\/www.yorku.ca\/glendon\/supports-and-services\/counseling-de-glendon\/health-services\/?lang=fr\",\"name\":\"Services de sant\u00e9 | Glendon Campus\",\"isPartOf\":{\"@id\":\"https:\/\/www.yorku.ca\/glendon\/#website\"},\"primaryImageOfPage\":{\"@id\":\"https:\/\/www.yorku.ca\/glendon\/supports-and-services\/counseling-de-glendon\/health-services\/?lang=fr#primaryimage\"},\"image\":{\"@id\":\"https:\/\/www.yorku.ca\/glendon\/supports-and-services\/counseling-de-glendon\/health-services\/?lang=fr#primaryimage\"},\"thumbnailUrl\":\"https:\/\/www.yorku.ca\/glendon\/wp-content\/uploads\/sites\/508\/2024\/10\/N8A1200.png\",\"datePublished\":\"2024-11-29T15:26:39+00:00\",\"dateModified\":\"2024-11-29T16:43:08+00:00\",\"breadcrumb\":{\"@id\":\"https:\/\/www.yorku.ca\/glendon\/supports-and-services\/counseling-de-glendon\/health-services\/?lang=fr#breadcrumb\"},\"inLanguage\":\"en-US\",\"potentialAction\":[{\"@type\":\"ReadAction\",\"target\":[\"https:\/\/www.yorku.ca\/glendon\/supports-and-services\/counseling-de-glendon\/health-services\/?lang=fr\"]}]},{\"@type\":\"ImageObject\",\"inLanguage\":\"en-US\",\"@id\":\"https:\/\/www.yorku.ca\/glendon\/supports-and-services\/counseling-de-glendon\/health-services\/?lang=fr#primaryimage\",\"url\":\"https:\/\/www.yorku.ca\/glendon\/wp-content\/uploads\/sites\/508\/2024\/10\/N8A1200.png\",\"contentUrl\":\"https:\/\/www.yorku.ca\/glendon\/wp-content\/uploads\/sites\/508\/2024\/10\/N8A1200.png\",\"width\":3994,\"height\":2664,\"caption\":\"Glendon Students\"},{\"@type\":\"BreadcrumbList\",\"@id\":\"https:\/\/www.yorku.ca\/glendon\/supports-and-services\/counseling-de-glendon\/health-services\/?lang=fr#breadcrumb\",\"itemListElement\":[{\"@type\":\"ListItem\",\"position\":1,\"name\":\"Home\",\"item\":\"https:\/\/www.yorku.ca\/glendon\/\"},{\"@type\":\"ListItem\",\"position\":2,\"name\":\"Soutien et services\",\"item\":\"https:\/\/www.yorku.ca\/glendon\/supports-and-services\/\"},{\"@type\":\"ListItem\",\"position\":3,\"name\":\"Services de counseling, de sant\u00e9 et de bien-\u00eatre pour la population \u00e9tudiante de Glendon (SCHW)\",\"item\":\"https:\/\/www.yorku.ca\/glendon\/supports-and-services\/counseling-de-glendon\/\"},{\"@type\":\"ListItem\",\"position\":4,\"name\":\"Services de sant\u00e9\"}]},{\"@type\":\"WebSite\",\"@id\":\"https:\/\/www.yorku.ca\/glendon\/#website\",\"url\":\"https:\/\/www.yorku.ca\/glendon\/\",\"name\":\"Glendon Campus\",\"description\":\"\",\"publisher\":{\"@id\":\"https:\/\/www.yorku.ca\/glendon\/#organization\"},\"potentialAction\":[{\"@type\":\"SearchAction\",\"target\":{\"@type\":\"EntryPoint\",\"urlTemplate\":\"https:\/\/www.yorku.ca\/glendon\/?s={search_term_string}\"},\"query-input\":{\"@type\":\"PropertyValueSpecification\",\"valueRequired\":true,\"valueName\":\"search_term_string\"}}],\"inLanguage\":\"en-US\"},{\"@type\":\"Organization\",\"@id\":\"https:\/\/www.yorku.ca\/glendon\/#organization\",\"name\":\"Glendon Campus\",\"url\":\"https:\/\/www.yorku.ca\/glendon\/\",\"logo\":{\"@type\":\"ImageObject\",\"inLanguage\":\"en-US\",\"@id\":\"https:\/\/www.yorku.ca\/glendon\/#\/schema\/logo\/image\/\",\"url\":\"https:\/\/www.yorku.ca\/glendon\/wp-content\/uploads\/sites\/508\/2023\/07\/Glendon-Campus-YorkU-Logo-.png\",\"contentUrl\":\"https:\/\/www.yorku.ca\/glendon\/wp-content\/uploads\/sites\/508\/2023\/07\/Glendon-Campus-YorkU-Logo-.png\",\"width\":5516,\"height\":601,\"caption\":\"Glendon Campus\"},\"image\":{\"@id\":\"https:\/\/www.yorku.ca\/glendon\/#\/schema\/logo\/image\/\"},\"sameAs\":[\"https:\/\/www.facebook.com\/GlendonCampus\/\",\"https:\/\/x.com\/glendoncampus\",\"https:\/\/www.instagram.com\/glendoncampus\/\",\"https:\/\/www.linkedin.com\/school\/glendon-campus\/\",\"https:\/\/www.youtube.com\/channel\/UC8bu5ntS7ZMGCURI0C-uENQ\",\"https:\/\/en.wikipedia.org\/wiki\/Glendon_College\"]}]}<\/script>\n<!-- \/ Yoast SEO plugin. -->","yoast_head_json":{"title":"Services de sant\u00e9 | Glendon Campus","robots":{"index":"index","follow":"follow","max-snippet":"max-snippet:-1","max-image-preview":"max-image-preview:large","max-video-preview":"max-video-preview:-1"},"canonical":"https:\/\/www.yorku.ca\/glendon\/supports-and-services\/counseling-de-glendon\/health-services\/","og_locale":"en_US","og_type":"article","og_title":"Services de sant\u00e9 | Glendon Campus","og_description":"Dans le cadre des Services de counseling, de sant\u00e9 et de bien-\u00eatre, l\u2019\u00e9quipe des Services de sant\u00e9 soutient les \u00e9tudiants sur les campus de York en leur apprenant \u00e0 adopter des approches proactives pour maintenir une bonne sant\u00e9 et un bien-\u00eatre positif. \u00c9ducation et promotion de la sant\u00e9 Dans le cadre du service de conseil, [&hellip;]","og_url":"https:\/\/www.yorku.ca\/glendon\/supports-and-services\/counseling-de-glendon\/health-services\/?lang=fr","og_site_name":"Glendon Campus","article_publisher":"https:\/\/www.facebook.com\/GlendonCampus\/","article_modified_time":"2024-11-29T16:43:08+00:00","og_image":[{"width":1024,"height":683,"url":"https:\/\/www.yorku.ca\/glendon\/wp-content\/uploads\/sites\/508\/2024\/10\/N8A1200-1024x683.png","type":"image\/png"}],"twitter_card":"summary_large_image","twitter_site":"@glendoncampus","twitter_misc":{"Est. reading time":"1 minute"},"schema":{"@context":"https:\/\/schema.org","@graph":[{"@type":"WebPage","@id":"https:\/\/www.yorku.ca\/glendon\/supports-and-services\/counseling-de-glendon\/health-services\/?lang=fr","url":"https:\/\/www.yorku.ca\/glendon\/supports-and-services\/counseling-de-glendon\/health-services\/?lang=fr","name":"Services de sant\u00e9 | Glendon Campus","isPartOf":{"@id":"https:\/\/www.yorku.ca\/glendon\/#website"},"primaryImageOfPage":{"@id":"https:\/\/www.yorku.ca\/glendon\/supports-and-services\/counseling-de-glendon\/health-services\/?lang=fr#primaryimage"},"image":{"@id":"https:\/\/www.yorku.ca\/glendon\/supports-and-services\/counseling-de-glendon\/health-services\/?lang=fr#primaryimage"},"thumbnailUrl":"https:\/\/www.yorku.ca\/glendon\/wp-content\/uploads\/sites\/508\/2024\/10\/N8A1200.png","datePublished":"2024-11-29T15:26:39+00:00","dateModified":"2024-11-29T16:43:08+00:00","breadcrumb":{"@id":"https:\/\/www.yorku.ca\/glendon\/supports-and-services\/counseling-de-glendon\/health-services\/?lang=fr#breadcrumb"},"inLanguage":"en-US","potentialAction":[{"@type":"ReadAction","target":["https:\/\/www.yorku.ca\/glendon\/supports-and-services\/counseling-de-glendon\/health-services\/?lang=fr"]}]},{"@type":"ImageObject","inLanguage":"en-US","@id":"https:\/\/www.yorku.ca\/glendon\/supports-and-services\/counseling-de-glendon\/health-services\/?lang=fr#primaryimage","url":"https:\/\/www.yorku.ca\/glendon\/wp-content\/uploads\/sites\/508\/2024\/10\/N8A1200.png","contentUrl":"https:\/\/www.yorku.ca\/glendon\/wp-content\/uploads\/sites\/508\/2024\/10\/N8A1200.png","width":3994,"height":2664,"caption":"Glendon Students"},{"@type":"BreadcrumbList","@id":"https:\/\/www.yorku.ca\/glendon\/supports-and-services\/counseling-de-glendon\/health-services\/?lang=fr#breadcrumb","itemListElement":[{"@type":"ListItem","position":1,"name":"Home","item":"https:\/\/www.yorku.ca\/glendon\/"},{"@type":"ListItem","position":2,"name":"Soutien et services","item":"https:\/\/www.yorku.ca\/glendon\/supports-and-services\/"},{"@type":"ListItem","position":3,"name":"Services de counseling, de sant\u00e9 et de bien-\u00eatre pour la population \u00e9tudiante de Glendon (SCHW)","item":"https:\/\/www.yorku.ca\/glendon\/supports-and-services\/counseling-de-glendon\/"},{"@type":"ListItem","position":4,"name":"Services de sant\u00e9"}]},{"@type":"WebSite","@id":"https:\/\/www.yorku.ca\/glendon\/#website","url":"https:\/\/www.yorku.ca\/glendon\/","name":"Glendon Campus","description":"","publisher":{"@id":"https:\/\/www.yorku.ca\/glendon\/#organization"},"potentialAction":[{"@type":"SearchAction","target":{"@type":"EntryPoint","urlTemplate":"https:\/\/www.yorku.ca\/glendon\/?s={search_term_string}"},"query-input":{"@type":"PropertyValueSpecification","valueRequired":true,"valueName":"search_term_string"}}],"inLanguage":"en-US"},{"@type":"Organization","@id":"https:\/\/www.yorku.ca\/glendon\/#organization","name":"Glendon Campus","url":"https:\/\/www.yorku.ca\/glendon\/","logo":{"@type":"ImageObject","inLanguage":"en-US","@id":"https:\/\/www.yorku.ca\/glendon\/#\/schema\/logo\/image\/","url":"https:\/\/www.yorku.ca\/glendon\/wp-content\/uploads\/sites\/508\/2023\/07\/Glendon-Campus-YorkU-Logo-.png","contentUrl":"https:\/\/www.yorku.ca\/glendon\/wp-content\/uploads\/sites\/508\/2023\/07\/Glendon-Campus-YorkU-Logo-.png","width":5516,"height":601,"caption":"Glendon Campus"},"image":{"@id":"https:\/\/www.yorku.ca\/glendon\/#\/schema\/logo\/image\/"},"sameAs":["https:\/\/www.facebook.com\/GlendonCampus\/","https:\/\/x.com\/glendoncampus","https:\/\/www.instagram.com\/glendoncampus\/","https:\/\/www.linkedin.com\/school\/glendon-campus\/","https:\/\/www.youtube.com\/channel\/UC8bu5ntS7ZMGCURI0C-uENQ","https:\/\/en.wikipedia.org\/wiki\/Glendon_College"]}]}},"taxonomy_info":[],"featured_image_src_large":["https:\/\/www.yorku.ca\/glendon\/wp-content\/uploads\/sites\/508\/2024\/10\/N8A1200-1024x683.png",1024,683,true],"author_info":{"display_name":"aalekyan","author_link":"https:\/\/www.yorku.ca\/glendon\/author\/aalekyan\/"},"comment_info":0,"_links":{"self":[{"href":"https:\/\/www.yorku.ca\/glendon\/wp-json\/wp\/v2\/pages\/26607","targetHints":{"allow":["GET"]}}],"collection":[{"href":"https:\/\/www.yorku.ca\/glendon\/wp-json\/wp\/v2\/pages"}],"about":[{"href":"https:\/\/www.yorku.ca\/glendon\/wp-json\/wp\/v2\/types\/page"}],"author":[{"embeddable":true,"href":"https:\/\/www.yorku.ca\/glendon\/wp-json\/wp\/v2\/users\/1515"}],"replies":[{"embeddable":true,"href":"https:\/\/www.yorku.ca\/glendon\/wp-json\/wp\/v2\/comments?post=26607"}],"version-history":[{"count":5,"href":"https:\/\/www.yorku.ca\/glendon\/wp-json\/wp\/v2\/pages\/26607\/revisions"}],"predecessor-version":[{"id":26624,"href":"https:\/\/www.yorku.ca\/glendon\/wp-json\/wp\/v2\/pages\/26607\/revisions\/26624"}],"up":[{"embeddable":true,"href":"https:\/\/www.yorku.ca\/glendon\/wp-json\/wp\/v2\/pages\/7779"}],"wp:featuredmedia":[{"embeddable":true,"href":"https:\/\/www.yorku.ca\/glendon\/wp-json\/wp\/v2\/media\/23930"}],"wp:attachment":[{"href":"https:\/\/www.yorku.ca\/glendon\/wp-json\/wp\/v2\/media?parent=26607"}],"wp:term":[{"taxonomy":"post_tag","embeddable":true,"href":"https:\/\/www.yorku.ca\/glendon\/wp-json\/wp\/v2\/tags?post=26607"}],"curies":[{"name":"wp","href":"https:\/\/api.w.org\/{rel}","templated":true}]}}