  {"id":26320,"date":"2024-12-06T13:41:57","date_gmt":"2024-12-06T18:41:57","guid":{"rendered":"https:\/\/www.yorku.ca\/glendon\/?page_id=26320"},"modified":"2025-01-27T14:23:49","modified_gmt":"2025-01-27T19:23:49","slug":"home-schooled-applicants","status":"publish","type":"page","link":"https:\/\/www.yorku.ca\/glendon\/future-students\/conditions-dadmission\/home-schooled-applicants\/?lang=fr","title":{"rendered":"Enseignement \u00e0 domicile"},"content":{"rendered":"<style>.kt-tabs-id26320_4e9e86-83 > .kt-tabs-content-wrap > .wp-block-kadence-tab{border-top:1px solid #bcbcbc;border-right:1px solid #bcbcbc;border-bottom:1px solid #bcbcbc;border-left:1px solid #bcbcbc;border-top-left-radius:0px;border-top-right-radius:0px;border-bottom-right-radius:0px;border-bottom-left-radius:0px;padding-top:var(--global-kb-spacing-sm, 1.5rem);padding-right:var(--global-kb-spacing-sm, 1.5rem);padding-bottom:var(--global-kb-spacing-sm, 1.5rem);padding-left:var(--global-kb-spacing-sm, 1.5rem);background:var(--global-palette9, #ffffff);}.wp-block-kadence-tabs .kt-tabs-id26320_4e9e86-83 > .kt-tabs-title-list li{margin-top:0px;margin-right:8px;margin-bottom:-1px;margin-left:0px;}.wp-block-kadence-tabs .kt-tabs-id26320_4e9e86-83 > .kt-tabs-title-list li:last-child{margin-right:0px;}.wp-block-kadence-tabs .kt-tabs-id26320_4e9e86-83 > .kt-tabs-title-list li .kt-tab-title, .wp-block-kadence-tabs .kt-tabs-id26320_4e9e86-83 > .kt-tabs-content-wrap > .kt-tabs-accordion-title .kt-tab-title{line-height:1.4em;font-weight:regular;font-style:normal;border-top-width:1px;border-right-width:1px;border-bottom-width:0px;border-left-width:1px;border-top-left-radius:4px;border-top-right-radius:4px;border-bottom-right-radius:0px;border-bottom-left-radius:0px;padding-top:8px;padding-right:20px;padding-bottom:8px;padding-left:20px;border-color:var(--global-palette7, #eeeeee);color:var(--global-palette5, #444444);background:var(--global-palette9, #ffffff);}.wp-block-kadence-tabs .kt-tabs-id26320_4e9e86-83 > .kt-tabs-content-wrap > .kt-tabs-accordion-title .kt-tab-title{margin-top:0px;margin-right:8px;margin-bottom:-1px;margin-left:0px;}.wp-block-kadence-tabs .kt-tabs-id26320_4e9e86-83 > .kt-tabs-title-list li .kt-tab-title:hover, .wp-block-kadence-tabs .kt-tabs-id26320_4e9e86-83 > .kt-tabs-content-wrap > .kt-tabs-accordion-title .kt-tab-title:hover{border-color:var(--global-palette8, #F7FAFC);color:var(--global-palette5, #444444);background:var(--global-palette9, #ffffff);}.wp-block-kadence-tabs .kt-tabs-id26320_4e9e86-83 > .kt-tabs-title-list li.kt-tab-title-active .kt-tab-title, .wp-block-kadence-tabs .kt-tabs-id26320_4e9e86-83 > .kt-tabs-content-wrap > .kt-tabs-accordion-title.kt-tab-title-active .kt-tab-title{border-color:#bcbcbc;color:var(--global-palette5, #444444);background:var(--global-palette9, #ffffff);}@media all and (max-width: 1024px){.kt-tabs-id26320_4e9e86-83 > .kt-tabs-content-wrap > .wp-block-kadence-tab{border-top:1px solid #bcbcbc;border-right:1px solid #bcbcbc;border-bottom:1px solid #bcbcbc;border-left:1px solid #bcbcbc;}}@media all and (max-width: 767px){.kt-tabs-id26320_4e9e86-83 > .kt-tabs-content-wrap > .wp-block-kadence-tab{border-top:1px solid #bcbcbc;border-right:1px solid #bcbcbc;border-bottom:1px solid #bcbcbc;border-left:1px solid #bcbcbc;}}<\/style>\n<div class=\"wp-block-kadence-tabs alignnone\"><div class=\"kt-tabs-wrap kt-tabs-id26320_4e9e86-83 kt-tabs-has-2-tabs kt-active-tab-1 kt-tabs-layout-tabs kt-tabs-tablet-layout-inherit kt-tabs-mobile-layout-inherit kt-tab-alignment-left \"><ul class=\"kt-tabs-title-list\"><li id=\"tab-conditionsdadmission\" class=\"kt-title-item kt-title-item-1 kt-tabs-svg-show-always kt-tabs-icon-side-right kt-tab-title-active\"><a href=\"#tab-conditionsdadmission\" data-tab=\"1\" class=\"kt-tab-title kt-tab-title-1 \"><span class=\"kt-title-text\">Conditions d'admission<\/span><\/a><\/li><li id=\"tab-demandedadmission\" class=\"kt-title-item kt-title-item-2 kt-tabs-svg-show-always kt-tabs-icon-side-right kt-tab-title-inactive\"><a href=\"#tab-demandedadmission\" data-tab=\"2\" class=\"kt-tab-title kt-tab-title-2 \"><span class=\"kt-title-text\">Demande d'admission<\/span><\/a><\/li><\/ul><div class=\"kt-tabs-content-wrap\">\n<div class=\"wp-block-kadence-tab kt-tab-inner-content kt-inner-tab-1 kt-inner-tab82cedc-2b\"><div class=\"kt-tab-inner-content-inner\">\n<h2 class=\"wp-block-heading\">Conditions d\u2019admission g\u00e9n\u00e9rales<\/h2>\n\n\n\n<p>Vous devez fournir une preuve officielle de votre r\u00e9ussite scolaire au niveau de l\u2019enseignement secondaire&nbsp;:<\/p>\n\n\n\n<ul class=\"wp-block-list\">\n<li>Notes finales pour 6 cours de 12<sup>e<\/sup>&nbsp;ann\u00e9e U\/M ou CPO (y&nbsp;compris les cours pr\u00e9alables du programme demand\u00e9) que vous avez suivis par correspondance, dans le cadre de cours du soir ou par l\u2019interm\u00e9diaire de TFO. Ou bien vous pouvez pr\u00e9senter vos r\u00e9sultats \u00e0 des examens administr\u00e9s par d\u2019autres organisations, par exemple vos r\u00e9sultats au \u00ab&nbsp;Advanced Placement (AP)&nbsp;\u00bb ou \u00e0 des cours de niveau avanc\u00e9 sanctionn\u00e9s par les examens du General Certificate of Education (GCE). (Remarque&nbsp;: les \u00e9tudiants peuvent s\u2019inscrire pour passer les examens AP et GCE en tant que candidats ind\u00e9pendants.)<\/li>\n\n\n\n<li>Vous pourriez aussi devoir fournir une preuve de comp\u00e9tence linguistique.<\/li>\n\n\n\n<li>Vous pourriez \u00eatre admissible \u00e0 des bourses d\u2019entr\u00e9e en fonction des moyennes g\u00e9n\u00e9rales obtenues pour les six cours de 12<sup>e<\/sup>&nbsp;ann\u00e9e U\/M ou des cours \u00e9quivalents.<\/li>\n<\/ul>\n\n\n\n<h2 class=\"wp-block-heading\">Si vous n\u2019avez pas de notes finales pour les cours que vous avez suivis&nbsp;:<\/h2>\n\n\n\n<ul class=\"wp-block-list\">\n<li>Vous devez soumettre vos r\u00e9sultats \u00e0 des tests normalis\u00e9s comme le SAT (Scholastic Aptitude Test) auquel vous devrez avoir obtenu un r\u00e9sultat minimal de 550 (test verbal) et de 550 (math\u00e9matiques) ou un r\u00e9sultat combin\u00e9 de 24 \u00e0 l\u2019ACT (American College Testing).<\/li>\n\n\n\n<li>Vous pourriez devoir fournir une preuve de comp\u00e9tence linguistique.<\/li>\n\n\n\n<li>Votre demande d\u2019admission sera revue par un sous-comit\u00e9 d\u2019admission. Si vous \u00eates admis, vous n\u2019aurez droit \u00e0 aucune bourse d\u2019entr\u00e9e. \u00c0 la fin de votre premi\u00e8re ann\u00e9e d\u2019\u00e9tudes, vous pourriez \u00eatre admissible \u00e0 des bourses pour \u00e9tudiant en cours d\u2019\u00e9tudes, si vous r\u00e9pondez aux conditions exig\u00e9es.<\/li>\n\n\n\n<li>Assurez-vous de satisfaire aux\u00a0<a href=\"https:\/\/www.yorku.ca\/glendon\/faites-votre-demande\/exigences-linguistiques\/?lang=fr\">exigences linguistiques.<\/a><\/li>\n<\/ul>\n\n\n\n<h4 class=\"wp-block-heading\">REMARQUE :<\/h4>\n\n\n\n<p>Les crit\u00e8res d\u2019admission pr\u00e9sent\u00e9s ici sont uniquement les conditions minimales d\u2019admission. Celle-ci n\u2019est pas garantie et toutes les conditions peuvent \u00eatre modifi\u00e9es sans pr\u00e9avis. Les cours recommand\u00e9s vous aideront dans vos \u00e9tudes mais nous n\u2019en tenons pas compte pour d\u00e9terminer votre admission et l\u2019octroi de bourses d\u2019\u00e9tudes.<\/p>\n\n\n\n<p>Les exigences ci-dessus s\u2019appliquent \u00e0 tous les programmes, \u00e0 l\u2019exception de :<\/p>\n\n\n\n<ul class=\"wp-block-list\">\n<li><a href=\"https:\/\/www.glendon.yorku.ca\/futurestudents\/fr\/programmes\/iba\/\">Baccalaur\u00e9at \u00e8s arts international \u2014 trilingue<\/a><\/li>\n\n\n\n<li><a href=\"https:\/\/www.yorku.ca\/glendon\/bed\/?lang=fr\">Baccalaur\u00e9at en sciences de l\u2019\u00e9ducation<\/a><\/li>\n\n\n\n<li><a href=\"https:\/\/www.yorku.ca\/glendon\/translation\/?lang=fr\">Traduction<\/a><\/li>\n<\/ul>\n\n\n\n<h2 class=\"wp-block-heading\">Si vous avez un handicap diagnostiqu\u00e9<\/h2>\n\n\n\n<p>Si vous avez un handicap diagnostiqu\u00e9, des difficult\u00e9s d\u2019apprentissage ou un handicap physique ou psychologique, nous vous encourageons fortement \u00e0 nous en informer lors du processus d\u2019admission. M\u00eame si votre handicap n\u2019a pas d\u2019effet sur votre admissibilit\u00e9 \u00e0 Glendon (autrement dit, vous remplissez les crit\u00e8res d\u2019admission), nous voulons nous assurer que vous connaissez les services de soutien en place. En aucun cas, le fait de nous informer de votre handicap ne sera \u00e0 votre d\u00e9savantage.\u00a0<a href=\"https:\/\/www.yorku.ca\/glendon\/faites-votre-demande\/disabilities\/?lang=fr\">Pour plus d\u2019informations >><\/a><\/p>\n<\/div><\/div>\n\n\n\n<div class=\"wp-block-kadence-tab kt-tab-inner-content kt-inner-tab-2 kt-inner-tab4c5a4f-6b\"><div class=\"kt-tab-inner-content-inner\">\n<h2 class=\"wp-block-heading\">Comment faire votre demande<\/h2>\n\n\n\n<p>Veuillez faire votre demande par l\u2019interm\u00e9diaire du&nbsp;<a href=\"http:\/\/centre.ouac.on.ca\/\">Centre de demande d\u2019admission aux universit\u00e9s de l\u2019Ontario (OUAC)<\/a>&nbsp;pour commencer vos \u00e9tudes en septembre ou en janvier. Aucun de nos programmes n\u2019offre une entr\u00e9e en mai. Si vous faites une demande d\u2019admission uniquement \u00e0 l\u2019Universit\u00e9 de York, vous pouvez soumettre une demande&nbsp;<a href=\"https:\/\/form.apps06.yorku.ca\/uaform\/\">directement du site web<\/a>.<\/p>\n\n\n\n<h3 class=\"wp-block-heading\">Veuillez envoyer tous les documents exig\u00e9s au :<\/h3>\n\n\n\n<p>¿ì²¥ÊÓÆµ<br>Office of Admissions<br>Bennett Centre for Student Services<br>3rd Floor Reception<br>99 Ian Macdonald Blvd<br>Toronto, ON M3J 1P3<br>CANADA<\/p>\n\n\n\n<p><strong>Assurez-vous de faire votre demande avant\u00a0<a href=\"https:\/\/www.yorku.ca\/glendon\/faites-votre-demande\/application-deadlines\/?lang=fr\">la date limite<\/a>.<\/strong><\/p>\n\n\n\n<h2 class=\"wp-block-heading\">Apr\u00e8s avoir fait votre demande<\/h2>\n\n\n\n<p>Apr\u00e8s que vous avez envoy\u00e9 votre demande d\u2019admission \u00e0 Glendon, nous resterons en contact avec vous et vous pourrez communiquer avec nous en tout temps. Vous recevrez un accus\u00e9 de r\u00e9ception de votre demande et un rappel concernant l\u2019envoi, en temps voulu, de tous les documents manquants.<\/p>\n\n\n\n<p>Pour v\u00e9rifier le statut de votre demande durant le processus d\u2019admission, veuillez vous connecter au site&nbsp;<a href=\"http:\/\/www.yorku.ca\/myfile\">MyFile<\/a>. Pour ouvrir une s\u00e9ance, il vous faudra votre num\u00e9ro de r\u00e9f\u00e9rence de York.<\/p>\n\n\n\n<h2 class=\"wp-block-heading\"><a><\/a>Demande de report d\u2019admission<\/h2>\n\n\n\n<p>Le campus Glendon de l\u2019Universit\u00e9 York reconna\u00eet que certains candidats, une fois admis, font face \u00e0 des situations personnelles particuli\u00e8res pouvant justifier une demande de report d\u2019admission jusqu\u2019\u00e0 la prochaine session universitaire.<\/p>\n\n\n\n<p>Les \u00e9tudiants de premi\u00e8re ann\u00e9e nouvellement admis pour une entr\u00e9e en septembre peuvent demander&nbsp;<a href=\"https:\/\/www.glendon.yorku.ca\/futurestudents-new\/francais\/admission\/demandes\/reportdadmission.pdf\">un report d\u2019admission<\/a>&nbsp;en soumettant le formulaire de Demande de report d\u2019admission. Les reports d\u2019admission sont accord\u00e9s \u00e0 la discr\u00e9tion de l\u2019Universit\u00e9. Toutes les conditions doivent \u00eatre remplies pour qu\u2019un report soit accord\u00e9.<\/p>\n\n\n\n<p><strong>Les offres d\u2019admission d\u00e9pendent des notes finales.<\/strong><\/p>\n<\/div><\/div>\n<\/div><\/div><\/div>\n\n\n\n<p><\/p>\n","protected":false},"excerpt":{"rendered":"","protected":false},"author":440,"featured_media":0,"parent":7713,"menu_order":0,"comment_status":"closed","ping_status":"closed","template":"","meta":{"_kad_blocks_custom_css":"","_kad_blocks_head_custom_js":"","_kad_blocks_body_custom_js":"","_kad_blocks_footer_custom_js":"","footnotes":""},"tags":[],"class_list":["post-26320","page","type-page","status-publish","hentry"],"acf":[],"yoast_head":"<!-- This site is optimized with the Yoast SEO plugin v24.0 - https:\/\/yoast.com\/wordpress\/plugins\/seo\/ -->\n<title>Enseignement \u00e0 domicile | Glendon Campus<\/title>\n<meta name=\"robots\" content=\"index, follow, max-snippet:-1, max-image-preview:large, max-video-preview:-1\" \/>\n<link rel=\"canonical\" href=\"https:\/\/www.yorku.ca\/glendon\/future-students\/conditions-dadmission\/home-schooled-applicants\/\" \/>\n<meta property=\"og:locale\" content=\"en_US\" \/>\n<meta property=\"og:type\" content=\"article\" \/>\n<meta property=\"og:title\" content=\"Enseignement \u00e0 domicile | Glendon Campus\" \/>\n<meta property=\"og:url\" content=\"https:\/\/www.yorku.ca\/glendon\/future-students\/conditions-dadmission\/home-schooled-applicants\/?lang=fr\" \/>\n<meta property=\"og:site_name\" content=\"Glendon Campus\" \/>\n<meta property=\"article:publisher\" content=\"https:\/\/www.facebook.com\/GlendonCampus\/\" \/>\n<meta property=\"article:modified_time\" content=\"2025-01-27T19:23:49+00:00\" \/>\n<meta property=\"og:image\" content=\"https:\/\/www.yorku.ca\/glendon\/wp-content\/uploads\/sites\/508\/2021\/10\/glendon-campus-Glendon-Overall_Aerial-3.jpg\" \/>\n\t<meta property=\"og:image:width\" content=\"1642\" \/>\n\t<meta property=\"og:image:height\" content=\"925\" \/>\n\t<meta property=\"og:image:type\" content=\"image\/jpeg\" \/>\n<meta name=\"twitter:card\" content=\"summary_large_image\" \/>\n<meta name=\"twitter:site\" content=\"@glendoncampus\" \/>\n<meta name=\"twitter:label1\" content=\"Est. reading time\" \/>\n\t<meta name=\"twitter:data1\" content=\"4 minutes\" \/>\n<script type=\"application\/ld+json\" class=\"yoast-schema-graph\">{\"@context\":\"https:\/\/schema.org\",\"@graph\":[{\"@type\":\"WebPage\",\"@id\":\"https:\/\/www.yorku.ca\/glendon\/future-students\/conditions-dadmission\/home-schooled-applicants\/?lang=fr\",\"url\":\"https:\/\/www.yorku.ca\/glendon\/future-students\/conditions-dadmission\/home-schooled-applicants\/?lang=fr\",\"name\":\"Enseignement \u00e0 domicile | Glendon Campus\",\"isPartOf\":{\"@id\":\"https:\/\/www.yorku.ca\/glendon\/#website\"},\"datePublished\":\"2024-12-06T18:41:57+00:00\",\"dateModified\":\"2025-01-27T19:23:49+00:00\",\"breadcrumb\":{\"@id\":\"https:\/\/www.yorku.ca\/glendon\/future-students\/conditions-dadmission\/home-schooled-applicants\/?lang=fr#breadcrumb\"},\"inLanguage\":\"en-US\",\"potentialAction\":[{\"@type\":\"ReadAction\",\"target\":[\"https:\/\/www.yorku.ca\/glendon\/future-students\/conditions-dadmission\/home-schooled-applicants\/?lang=fr\"]}]},{\"@type\":\"BreadcrumbList\",\"@id\":\"https:\/\/www.yorku.ca\/glendon\/future-students\/conditions-dadmission\/home-schooled-applicants\/?lang=fr#breadcrumb\",\"itemListElement\":[{\"@type\":\"ListItem\",\"position\":1,\"name\":\"Home\",\"item\":\"https:\/\/www.yorku.ca\/glendon\/\"},{\"@type\":\"ListItem\",\"position\":2,\"name\":\"Futurs \u00e9tudiants\",\"item\":\"https:\/\/www.yorku.ca\/glendon\/future-students\/\"},{\"@type\":\"ListItem\",\"position\":3,\"name\":\"Conditions d\u2019admission\",\"item\":\"https:\/\/www.yorku.ca\/glendon\/future-students\/conditions-dadmission\/\"},{\"@type\":\"ListItem\",\"position\":4,\"name\":\"Enseignement \u00e0 domicile\"}]},{\"@type\":\"WebSite\",\"@id\":\"https:\/\/www.yorku.ca\/glendon\/#website\",\"url\":\"https:\/\/www.yorku.ca\/glendon\/\",\"name\":\"Glendon Campus\",\"description\":\"\",\"publisher\":{\"@id\":\"https:\/\/www.yorku.ca\/glendon\/#organization\"},\"potentialAction\":[{\"@type\":\"SearchAction\",\"target\":{\"@type\":\"EntryPoint\",\"urlTemplate\":\"https:\/\/www.yorku.ca\/glendon\/?s={search_term_string}\"},\"query-input\":{\"@type\":\"PropertyValueSpecification\",\"valueRequired\":true,\"valueName\":\"search_term_string\"}}],\"inLanguage\":\"en-US\"},{\"@type\":\"Organization\",\"@id\":\"https:\/\/www.yorku.ca\/glendon\/#organization\",\"name\":\"Glendon Campus\",\"url\":\"https:\/\/www.yorku.ca\/glendon\/\",\"logo\":{\"@type\":\"ImageObject\",\"inLanguage\":\"en-US\",\"@id\":\"https:\/\/www.yorku.ca\/glendon\/#\/schema\/logo\/image\/\",\"url\":\"https:\/\/www.yorku.ca\/glendon\/wp-content\/uploads\/sites\/508\/2023\/07\/Glendon-Campus-YorkU-Logo-.png\",\"contentUrl\":\"https:\/\/www.yorku.ca\/glendon\/wp-content\/uploads\/sites\/508\/2023\/07\/Glendon-Campus-YorkU-Logo-.png\",\"width\":5516,\"height\":601,\"caption\":\"Glendon Campus\"},\"image\":{\"@id\":\"https:\/\/www.yorku.ca\/glendon\/#\/schema\/logo\/image\/\"},\"sameAs\":[\"https:\/\/www.facebook.com\/GlendonCampus\/\",\"https:\/\/x.com\/glendoncampus\",\"https:\/\/www.instagram.com\/glendoncampus\/\",\"https:\/\/www.linkedin.com\/school\/glendon-campus\/\",\"https:\/\/www.youtube.com\/channel\/UC8bu5ntS7ZMGCURI0C-uENQ\",\"https:\/\/en.wikipedia.org\/wiki\/Glendon_College\"]}]}<\/script>\n<!-- \/ Yoast SEO plugin. -->","yoast_head_json":{"title":"Enseignement \u00e0 domicile | Glendon Campus","robots":{"index":"index","follow":"follow","max-snippet":"max-snippet:-1","max-image-preview":"max-image-preview:large","max-video-preview":"max-video-preview:-1"},"canonical":"https:\/\/www.yorku.ca\/glendon\/future-students\/conditions-dadmission\/home-schooled-applicants\/","og_locale":"en_US","og_type":"article","og_title":"Enseignement \u00e0 domicile | Glendon Campus","og_url":"https:\/\/www.yorku.ca\/glendon\/future-students\/conditions-dadmission\/home-schooled-applicants\/?lang=fr","og_site_name":"Glendon Campus","article_publisher":"https:\/\/www.facebook.com\/GlendonCampus\/","article_modified_time":"2025-01-27T19:23:49+00:00","og_image":[{"width":1642,"height":925,"url":"https:\/\/www.yorku.ca\/glendon\/wp-content\/uploads\/sites\/508\/2021\/10\/glendon-campus-Glendon-Overall_Aerial-3.jpg","type":"image\/jpeg"}],"twitter_card":"summary_large_image","twitter_site":"@glendoncampus","twitter_misc":{"Est. reading time":"4 minutes"},"schema":{"@context":"https:\/\/schema.org","@graph":[{"@type":"WebPage","@id":"https:\/\/www.yorku.ca\/glendon\/future-students\/conditions-dadmission\/home-schooled-applicants\/?lang=fr","url":"https:\/\/www.yorku.ca\/glendon\/future-students\/conditions-dadmission\/home-schooled-applicants\/?lang=fr","name":"Enseignement \u00e0 domicile | Glendon Campus","isPartOf":{"@id":"https:\/\/www.yorku.ca\/glendon\/#website"},"datePublished":"2024-12-06T18:41:57+00:00","dateModified":"2025-01-27T19:23:49+00:00","breadcrumb":{"@id":"https:\/\/www.yorku.ca\/glendon\/future-students\/conditions-dadmission\/home-schooled-applicants\/?lang=fr#breadcrumb"},"inLanguage":"en-US","potentialAction":[{"@type":"ReadAction","target":["https:\/\/www.yorku.ca\/glendon\/future-students\/conditions-dadmission\/home-schooled-applicants\/?lang=fr"]}]},{"@type":"BreadcrumbList","@id":"https:\/\/www.yorku.ca\/glendon\/future-students\/conditions-dadmission\/home-schooled-applicants\/?lang=fr#breadcrumb","itemListElement":[{"@type":"ListItem","position":1,"name":"Home","item":"https:\/\/www.yorku.ca\/glendon\/"},{"@type":"ListItem","position":2,"name":"Futurs \u00e9tudiants","item":"https:\/\/www.yorku.ca\/glendon\/future-students\/"},{"@type":"ListItem","position":3,"name":"Conditions d\u2019admission","item":"https:\/\/www.yorku.ca\/glendon\/future-students\/conditions-dadmission\/"},{"@type":"ListItem","position":4,"name":"Enseignement \u00e0 domicile"}]},{"@type":"WebSite","@id":"https:\/\/www.yorku.ca\/glendon\/#website","url":"https:\/\/www.yorku.ca\/glendon\/","name":"Glendon Campus","description":"","publisher":{"@id":"https:\/\/www.yorku.ca\/glendon\/#organization"},"potentialAction":[{"@type":"SearchAction","target":{"@type":"EntryPoint","urlTemplate":"https:\/\/www.yorku.ca\/glendon\/?s={search_term_string}"},"query-input":{"@type":"PropertyValueSpecification","valueRequired":true,"valueName":"search_term_string"}}],"inLanguage":"en-US"},{"@type":"Organization","@id":"https:\/\/www.yorku.ca\/glendon\/#organization","name":"Glendon Campus","url":"https:\/\/www.yorku.ca\/glendon\/","logo":{"@type":"ImageObject","inLanguage":"en-US","@id":"https:\/\/www.yorku.ca\/glendon\/#\/schema\/logo\/image\/","url":"https:\/\/www.yorku.ca\/glendon\/wp-content\/uploads\/sites\/508\/2023\/07\/Glendon-Campus-YorkU-Logo-.png","contentUrl":"https:\/\/www.yorku.ca\/glendon\/wp-content\/uploads\/sites\/508\/2023\/07\/Glendon-Campus-YorkU-Logo-.png","width":5516,"height":601,"caption":"Glendon Campus"},"image":{"@id":"https:\/\/www.yorku.ca\/glendon\/#\/schema\/logo\/image\/"},"sameAs":["https:\/\/www.facebook.com\/GlendonCampus\/","https:\/\/x.com\/glendoncampus","https:\/\/www.instagram.com\/glendoncampus\/","https:\/\/www.linkedin.com\/school\/glendon-campus\/","https:\/\/www.youtube.com\/channel\/UC8bu5ntS7ZMGCURI0C-uENQ","https:\/\/en.wikipedia.org\/wiki\/Glendon_College"]}]}},"taxonomy_info":[],"featured_image_src_large":false,"author_info":{"display_name":"lmallet","author_link":"https:\/\/www.yorku.ca\/glendon\/author\/lmallet\/"},"comment_info":0,"_links":{"self":[{"href":"https:\/\/www.yorku.ca\/glendon\/wp-json\/wp\/v2\/pages\/26320","targetHints":{"allow":["GET"]}}],"collection":[{"href":"https:\/\/www.yorku.ca\/glendon\/wp-json\/wp\/v2\/pages"}],"about":[{"href":"https:\/\/www.yorku.ca\/glendon\/wp-json\/wp\/v2\/types\/page"}],"author":[{"embeddable":true,"href":"https:\/\/www.yorku.ca\/glendon\/wp-json\/wp\/v2\/users\/440"}],"replies":[{"embeddable":true,"href":"https:\/\/www.yorku.ca\/glendon\/wp-json\/wp\/v2\/comments?post=26320"}],"version-history":[{"count":5,"href":"https:\/\/www.yorku.ca\/glendon\/wp-json\/wp\/v2\/pages\/26320\/revisions"}],"predecessor-version":[{"id":29373,"href":"https:\/\/www.yorku.ca\/glendon\/wp-json\/wp\/v2\/pages\/26320\/revisions\/29373"}],"up":[{"embeddable":true,"href":"https:\/\/www.yorku.ca\/glendon\/wp-json\/wp\/v2\/pages\/7713"}],"wp:attachment":[{"href":"https:\/\/www.yorku.ca\/glendon\/wp-json\/wp\/v2\/media?parent=26320"}],"wp:term":[{"taxonomy":"post_tag","embeddable":true,"href":"https:\/\/www.yorku.ca\/glendon\/wp-json\/wp\/v2\/tags?post=26320"}],"curies":[{"name":"wp","href":"https:\/\/api.w.org\/{rel}","templated":true}]}}