  {"id":26302,"date":"2025-01-20T09:59:13","date_gmt":"2025-01-20T14:59:13","guid":{"rendered":"https:\/\/www.yorku.ca\/glendon\/?page_id=26302"},"modified":"2025-11-27T12:14:43","modified_gmt":"2025-11-27T17:14:43","slug":"exigences-linguistiques","status":"publish","type":"page","link":"https:\/\/www.yorku.ca\/glendon\/faites-votre-demande\/exigences-linguistiques\/?lang=fr","title":{"rendered":"Exigences linguistiques \u00e0 l'admission"},"content":{"rendered":"\n<div style=\"height:35px\" aria-hidden=\"true\" class=\"wp-block-spacer\"><\/div>\n\n\n\n<div class=\"wp-block-group has-background is-layout-constrained wp-block-group-is-layout-constrained\" style=\"background-color:#e4e4e4\">\n<p>L\u2019Universit\u00e9 York a une exigence linguistique g\u00e9n\u00e9rale pour tous les candidats. Les candidats de Glendon peuvent fournir une preuve de comp\u00e9tences linguistiques en fran\u00e7ais ou en anglais. Si vous prouvez vos comp\u00e9tences linguistiques en fran\u00e7ais, aucune comp\u00e9tence minimale n\u2019est exig\u00e9e en anglais.<\/p>\n\n\n\n<p>Vous pourriez r\u00e9pondre \u00e0 nos exigences linguistiques si vous avez termin\u00e9 avec succ\u00e8s \u2014 ou \u00eates sur le point de le faire \u2014 soit :<\/p>\n<\/div>\n\n\n\n<ul class=\"wp-block-list\">\n<li>quatre ann\u00e9es d\u2019\u00e9tudes secondaires en fran\u00e7ais ou en anglais&nbsp;au Canada ;<\/li>\n\n\n\n<li>quatre ann\u00e9es compl\u00e8tes d\u2019\u00e9tudes secondaires en fran\u00e7ais ou en&nbsp;anglais dans un pays o\u00f9 le fran\u00e7ais ou l\u2019anglais est une langue officielle ou la premi\u00e8re langue d\u2019enseignement ;<\/li>\n\n\n\n<li>une ann\u00e9e compl\u00e8te d\u2019\u00e9tudes en fran\u00e7ais ou en anglais dans un programme accr\u00e9dit\u00e9 menant \u00e0 un dipl\u00f4me universitaire, dans un pays o\u00f9 le fran\u00e7ais ou l\u2019anglais est une langue officielle ; ou<\/li>\n\n\n\n<li>deux ann\u00e9es compl\u00e8tes d\u2019\u00e9tudes en fran\u00e7ais ou en anglais dans un programme accr\u00e9dit\u00e9 menant \u00e0 un dipl\u00f4me coll\u00e9gial\/technique, dans un pays o\u00f9 le fran\u00e7ais ou l\u2019anglais est une langue officielle ou la premi\u00e8re langue d\u2019enseignement.<\/li>\n\n\n\n<li>les \u00e9tudiants qui ont termin\u00e9, ou sont sur le point de terminer,&nbsp;<strong>le dipl\u00f4me du Baccalaur\u00e9at International (IB) en anglais ou en fran\u00e7ais<\/strong>&nbsp;peuvent r\u00e9pondre \u00e0 nos exigences linguistiques. Les \u00e9tudiants doivent montrer la r\u00e9ussite du dipl\u00f4me de l\u2019IB une fois celui-ci d\u00e9cern\u00e9.<\/li>\n<\/ul>\n\n\n\n<p>Remarque : Nous ne consid\u00e9rons pas les cours d\u2019anglais langue seconde, les cours d\u2019anglais des ann\u00e9es sup\u00e9rieures \u00e0 l\u2019\u00e9cole secondaire, ni les lettres des candidats comme des preuves de comp\u00e9tences linguistiques.<\/p>\n\n\n\n<p>Ces exigences ne sont qu\u2019\u00e0 titre de renseignements. Nous nous r\u00e9servons le droit d\u2019exiger les r\u00e9sultats d\u2019un test de comp\u00e9tences linguistiques. Si vous n\u2019\u00eates pas s\u00fbr de r\u00e9pondre \u00e0 nos exigences linguistiques, veuillez envoyer le plus t\u00f4t possible vos r\u00e9sultats \u00e0 un test de comp\u00e9tences linguistiques en anglais, afin d\u2019\u00e9viter tout risque de retard dans le traitement de votre demande d\u2019admission.<\/p>\n\n\n\n<p>En tant qu\u2019\u00e9tudiant de Glendon, vous pouvez fournir une preuve de vos comp\u00e9tences linguistiques en anglais ou en fran\u00e7ais. Si vous ne rencontrez pas les exigences ci-dessus, vous pouvez vous pr\u00e9senter \u00e0 l\u2019un des tests de langue anglaise suivants :<\/p>\n\n\n\n<figure class=\"wp-block-table\"><table class=\"has-fixed-layout\"><tbody><tr><td><strong>Tests de langue accept\u00e9s<\/strong><\/td><td><strong>R\u00e9sultat minimum requis<\/strong><\/td><\/tr><tr><td>TOEFL<br><a href=\"http:\/\/www.ets.org\/portal\/site\/ets\/menuitem.fab2360b1645a1de9b3a0779f1751509\/?vgnextoid=69c0197a484f4010VgnVCM10000022f95190RCRD\">Test of English as a Foreign Language<\/a><br><em>Le code TOEFL pour York est 0894<\/em><\/td><td>iBT : 88<\/td><\/tr><tr><td>IELTS (Academic)<br><a href=\"http:\/\/www.ielts.org\/\">International English Language Testing Service<\/a><\/td><td>6,5<\/td><\/tr><tr><td>Pearson PTE Academic<\/td><td>60<\/td><\/tr><tr><td>TFI<br><a href=\"https:\/\/www.ets.org\/tfi\">Test de fran\u00e7ais international<\/a><\/td><td>785<\/td><\/tr><tr><td>Test de connaissance du fran\u00e7ais (TCF)<\/td><td>B2<\/td><\/tr><tr><td>Test d\u2019\u00e9valuation de fran\u00e7ais (TEF)<\/td><td>B2<\/td><\/tr><tr><td>Dipl\u00f4me d\u2019etudes en langue fran\u00e7aise (DELF)<\/td><td>B2<\/td><\/tr><tr><td>Diplome approfondi de langue fran\u00e7aise (DALF)<\/td><td>C1 ou C2<\/td><\/tr><tr><td>Test de placement en anglais de Duolingo<\/td><td>120 ou plus<\/td><\/tr><tr><td>CAEL<\/td><td>60<\/td><\/tr><\/tbody><\/table><\/figure>\n\n\n\n<p>*Les \u00e9tudiants ayant obtenu des r\u00e9sultats insuffisants \u00e0 un test de comp\u00e9tence en anglais peuvent am\u00e9liorer leur niveau et tout de m\u00eame \u00eatre admis \u00e0 York en suivant un programme \u00e0 l\u2019<a href=\"http:\/\/continue.yorku.ca\/english-language-institute\/\">Institut de langue anglaise de l\u2019Universit\u00e9 York (YUELI)<\/a>. Le YUELI offre un enseignement de l\u2019anglais de la plus haute qualit\u00e9, accueillant chaque ann\u00e9e plus de 2 000 \u00e9tudiants provenant de plus de 50 pays diff\u00e9rents. Ses programmes comprennent des cours de pr\u00e9paration universitaire pour les \u00e9tudiants de premier cycle et des cycles sup\u00e9rieurs, des instituts de langue d\u2019\u00e9t\u00e9 ainsi que des programmes personnalis\u00e9s. Visitez le <a href=\"http:\/\/continue.yorku.ca\/english-language-institute\/\">YUELI<\/a> pour consulter la liste compl\u00e8te des programmes et services.<br>**Afin de satisfaire \u00e0 nos exigences linguistiques, vous devez avoir r\u00e9ussi l\u2019un des tests de comp\u00e9tences linguistiques acceptables au cours des 2 derni\u00e8res ann\u00e9es. \u00c0 partir de mai 2019, le YELT n\u2019est plus offert par l\u2019Universit\u00e9 York.&nbsp;<\/p>\n\n\n\n<div style=\"height:100px\" aria-hidden=\"true\" class=\"wp-block-spacer\"><\/div>\n","protected":false},"excerpt":{"rendered":"<p>L\u2019Universit\u00e9 York a une exigence linguistique g\u00e9n\u00e9rale pour tous les candidats. Les candidats de Glendon peuvent fournir une preuve de comp\u00e9tences linguistiques en fran\u00e7ais ou en anglais. Si vous prouvez vos comp\u00e9tences linguistiques en fran\u00e7ais, aucune comp\u00e9tence minimale n\u2019est exig\u00e9e en anglais. Vous pourriez r\u00e9pondre \u00e0 nos exigences linguistiques si vous avez termin\u00e9 avec succ\u00e8s [&hellip;]<\/p>\n","protected":false},"author":440,"featured_media":31236,"parent":7726,"menu_order":0,"comment_status":"closed","ping_status":"closed","template":"secondary-page.php","meta":{"_kad_blocks_custom_css":"","_kad_blocks_head_custom_js":"","_kad_blocks_body_custom_js":"","_kad_blocks_footer_custom_js":"","footnotes":""},"tags":[],"class_list":["post-26302","page","type-page","status-publish","has-post-thumbnail","hentry"],"acf":[],"yoast_head":"<!-- This site is optimized with the Yoast SEO plugin v24.0 - https:\/\/yoast.com\/wordpress\/plugins\/seo\/ -->\n<title>Exigences linguistiques \u00e0 l&#039;admission | Glendon Campus<\/title>\n<meta name=\"robots\" content=\"index, follow, max-snippet:-1, max-image-preview:large, max-video-preview:-1\" \/>\n<link rel=\"canonical\" href=\"https:\/\/www.yorku.ca\/glendon\/faites-votre-demande\/exigences-linguistiques\/\" \/>\n<meta property=\"og:locale\" content=\"en_US\" \/>\n<meta property=\"og:type\" content=\"article\" \/>\n<meta property=\"og:title\" content=\"Exigences linguistiques \u00e0 l&#039;admission | Glendon Campus\" \/>\n<meta property=\"og:description\" content=\"L\u2019Universit\u00e9 York a une exigence linguistique g\u00e9n\u00e9rale pour tous les candidats. Les candidats de Glendon peuvent fournir une preuve de comp\u00e9tences linguistiques en fran\u00e7ais ou en anglais. Si vous prouvez vos comp\u00e9tences linguistiques en fran\u00e7ais, aucune comp\u00e9tence minimale n\u2019est exig\u00e9e en anglais. Vous pourriez r\u00e9pondre \u00e0 nos exigences linguistiques si vous avez termin\u00e9 avec succ\u00e8s [&hellip;]\" \/>\n<meta property=\"og:url\" content=\"https:\/\/www.yorku.ca\/glendon\/faites-votre-demande\/exigences-linguistiques\/?lang=fr\" \/>\n<meta property=\"og:site_name\" content=\"Glendon Campus\" \/>\n<meta property=\"article:publisher\" content=\"https:\/\/www.facebook.com\/GlendonCampus\/\" \/>\n<meta property=\"article:modified_time\" content=\"2025-11-27T17:14:43+00:00\" \/>\n<meta property=\"og:image\" content=\"https:\/\/www.yorku.ca\/glendon\/wp-content\/uploads\/sites\/508\/2025\/03\/International-Scholarship-scaled.jpg\" \/>\n\t<meta property=\"og:image:width\" content=\"2560\" \/>\n\t<meta property=\"og:image:height\" content=\"1707\" \/>\n\t<meta property=\"og:image:type\" content=\"image\/jpeg\" \/>\n<meta name=\"twitter:card\" content=\"summary_large_image\" \/>\n<meta name=\"twitter:site\" content=\"@glendoncampus\" \/>\n<meta name=\"twitter:label1\" content=\"Est. reading time\" \/>\n\t<meta name=\"twitter:data1\" content=\"3 minutes\" \/>\n<script type=\"application\/ld+json\" class=\"yoast-schema-graph\">{\"@context\":\"https:\/\/schema.org\",\"@graph\":[{\"@type\":\"WebPage\",\"@id\":\"https:\/\/www.yorku.ca\/glendon\/faites-votre-demande\/exigences-linguistiques\/?lang=fr\",\"url\":\"https:\/\/www.yorku.ca\/glendon\/faites-votre-demande\/exigences-linguistiques\/?lang=fr\",\"name\":\"Exigences linguistiques \u00e0 l'admission | Glendon Campus\",\"isPartOf\":{\"@id\":\"https:\/\/www.yorku.ca\/glendon\/#website\"},\"primaryImageOfPage\":{\"@id\":\"https:\/\/www.yorku.ca\/glendon\/faites-votre-demande\/exigences-linguistiques\/?lang=fr#primaryimage\"},\"image\":{\"@id\":\"https:\/\/www.yorku.ca\/glendon\/faites-votre-demande\/exigences-linguistiques\/?lang=fr#primaryimage\"},\"thumbnailUrl\":\"https:\/\/www.yorku.ca\/glendon\/wp-content\/uploads\/sites\/508\/2025\/03\/International-Scholarship-scaled.jpg\",\"datePublished\":\"2025-01-20T14:59:13+00:00\",\"dateModified\":\"2025-11-27T17:14:43+00:00\",\"breadcrumb\":{\"@id\":\"https:\/\/www.yorku.ca\/glendon\/faites-votre-demande\/exigences-linguistiques\/?lang=fr#breadcrumb\"},\"inLanguage\":\"en-US\",\"potentialAction\":[{\"@type\":\"ReadAction\",\"target\":[\"https:\/\/www.yorku.ca\/glendon\/faites-votre-demande\/exigences-linguistiques\/?lang=fr\"]}]},{\"@type\":\"ImageObject\",\"inLanguage\":\"en-US\",\"@id\":\"https:\/\/www.yorku.ca\/glendon\/faites-votre-demande\/exigences-linguistiques\/?lang=fr#primaryimage\",\"url\":\"https:\/\/www.yorku.ca\/glendon\/wp-content\/uploads\/sites\/508\/2025\/03\/International-Scholarship-scaled.jpg\",\"contentUrl\":\"https:\/\/www.yorku.ca\/glendon\/wp-content\/uploads\/sites\/508\/2025\/03\/International-Scholarship-scaled.jpg\",\"width\":2560,\"height\":1707},{\"@type\":\"BreadcrumbList\",\"@id\":\"https:\/\/www.yorku.ca\/glendon\/faites-votre-demande\/exigences-linguistiques\/?lang=fr#breadcrumb\",\"itemListElement\":[{\"@type\":\"ListItem\",\"position\":1,\"name\":\"Home\",\"item\":\"\/glendon\/\"},{\"@type\":\"ListItem\",\"position\":2,\"name\":\"Glendon Campus\",\"item\":\"https:\/\/www.yorku.ca\/glendon\/\"},{\"@type\":\"ListItem\",\"position\":3,\"name\":\"Faites votre demande\",\"item\":\"https:\/\/www.yorku.ca\/glendon\/faites-votre-demande\/\"},{\"@type\":\"ListItem\",\"position\":4,\"name\":\"Exigences linguistiques \u00e0 l'admission\"}]},{\"@type\":\"WebSite\",\"@id\":\"https:\/\/www.yorku.ca\/glendon\/#website\",\"url\":\"https:\/\/www.yorku.ca\/glendon\/\",\"name\":\"Glendon Campus\",\"description\":\"\",\"publisher\":{\"@id\":\"https:\/\/www.yorku.ca\/glendon\/#organization\"},\"potentialAction\":[{\"@type\":\"SearchAction\",\"target\":{\"@type\":\"EntryPoint\",\"urlTemplate\":\"https:\/\/www.yorku.ca\/glendon\/?s={search_term_string}\"},\"query-input\":{\"@type\":\"PropertyValueSpecification\",\"valueRequired\":true,\"valueName\":\"search_term_string\"}}],\"inLanguage\":\"en-US\"},{\"@type\":\"Organization\",\"@id\":\"https:\/\/www.yorku.ca\/glendon\/#organization\",\"name\":\"Glendon Campus\",\"url\":\"https:\/\/www.yorku.ca\/glendon\/\",\"logo\":{\"@type\":\"ImageObject\",\"inLanguage\":\"en-US\",\"@id\":\"https:\/\/www.yorku.ca\/glendon\/#\/schema\/logo\/image\/\",\"url\":\"https:\/\/www.yorku.ca\/glendon\/wp-content\/uploads\/sites\/508\/2023\/07\/Glendon-Campus-YorkU-Logo-.png\",\"contentUrl\":\"https:\/\/www.yorku.ca\/glendon\/wp-content\/uploads\/sites\/508\/2023\/07\/Glendon-Campus-YorkU-Logo-.png\",\"width\":5516,\"height\":601,\"caption\":\"Glendon Campus\"},\"image\":{\"@id\":\"https:\/\/www.yorku.ca\/glendon\/#\/schema\/logo\/image\/\"},\"sameAs\":[\"https:\/\/www.facebook.com\/GlendonCampus\/\",\"https:\/\/x.com\/glendoncampus\",\"https:\/\/www.instagram.com\/glendoncampus\/\",\"https:\/\/www.linkedin.com\/school\/glendon-campus\/\",\"https:\/\/www.youtube.com\/channel\/UC8bu5ntS7ZMGCURI0C-uENQ\",\"https:\/\/en.wikipedia.org\/wiki\/Glendon_College\"]}]}<\/script>\n<!-- \/ Yoast SEO plugin. -->","yoast_head_json":{"title":"Exigences linguistiques \u00e0 l'admission | Glendon Campus","robots":{"index":"index","follow":"follow","max-snippet":"max-snippet:-1","max-image-preview":"max-image-preview:large","max-video-preview":"max-video-preview:-1"},"canonical":"https:\/\/www.yorku.ca\/glendon\/faites-votre-demande\/exigences-linguistiques\/","og_locale":"en_US","og_type":"article","og_title":"Exigences linguistiques \u00e0 l'admission | Glendon Campus","og_description":"L\u2019Universit\u00e9 York a une exigence linguistique g\u00e9n\u00e9rale pour tous les candidats. Les candidats de Glendon peuvent fournir une preuve de comp\u00e9tences linguistiques en fran\u00e7ais ou en anglais. Si vous prouvez vos comp\u00e9tences linguistiques en fran\u00e7ais, aucune comp\u00e9tence minimale n\u2019est exig\u00e9e en anglais. Vous pourriez r\u00e9pondre \u00e0 nos exigences linguistiques si vous avez termin\u00e9 avec succ\u00e8s [&hellip;]","og_url":"https:\/\/www.yorku.ca\/glendon\/faites-votre-demande\/exigences-linguistiques\/?lang=fr","og_site_name":"Glendon Campus","article_publisher":"https:\/\/www.facebook.com\/GlendonCampus\/","article_modified_time":"2025-11-27T17:14:43+00:00","og_image":[{"width":2560,"height":1707,"url":"https:\/\/www.yorku.ca\/glendon\/wp-content\/uploads\/sites\/508\/2025\/03\/International-Scholarship-scaled.jpg","type":"image\/jpeg"}],"twitter_card":"summary_large_image","twitter_site":"@glendoncampus","twitter_misc":{"Est. reading time":"3 minutes"},"schema":{"@context":"https:\/\/schema.org","@graph":[{"@type":"WebPage","@id":"https:\/\/www.yorku.ca\/glendon\/faites-votre-demande\/exigences-linguistiques\/?lang=fr","url":"https:\/\/www.yorku.ca\/glendon\/faites-votre-demande\/exigences-linguistiques\/?lang=fr","name":"Exigences linguistiques \u00e0 l'admission | Glendon Campus","isPartOf":{"@id":"https:\/\/www.yorku.ca\/glendon\/#website"},"primaryImageOfPage":{"@id":"https:\/\/www.yorku.ca\/glendon\/faites-votre-demande\/exigences-linguistiques\/?lang=fr#primaryimage"},"image":{"@id":"https:\/\/www.yorku.ca\/glendon\/faites-votre-demande\/exigences-linguistiques\/?lang=fr#primaryimage"},"thumbnailUrl":"https:\/\/www.yorku.ca\/glendon\/wp-content\/uploads\/sites\/508\/2025\/03\/International-Scholarship-scaled.jpg","datePublished":"2025-01-20T14:59:13+00:00","dateModified":"2025-11-27T17:14:43+00:00","breadcrumb":{"@id":"https:\/\/www.yorku.ca\/glendon\/faites-votre-demande\/exigences-linguistiques\/?lang=fr#breadcrumb"},"inLanguage":"en-US","potentialAction":[{"@type":"ReadAction","target":["https:\/\/www.yorku.ca\/glendon\/faites-votre-demande\/exigences-linguistiques\/?lang=fr"]}]},{"@type":"ImageObject","inLanguage":"en-US","@id":"https:\/\/www.yorku.ca\/glendon\/faites-votre-demande\/exigences-linguistiques\/?lang=fr#primaryimage","url":"https:\/\/www.yorku.ca\/glendon\/wp-content\/uploads\/sites\/508\/2025\/03\/International-Scholarship-scaled.jpg","contentUrl":"https:\/\/www.yorku.ca\/glendon\/wp-content\/uploads\/sites\/508\/2025\/03\/International-Scholarship-scaled.jpg","width":2560,"height":1707},{"@type":"BreadcrumbList","@id":"https:\/\/www.yorku.ca\/glendon\/faites-votre-demande\/exigences-linguistiques\/?lang=fr#breadcrumb","itemListElement":[{"@type":"ListItem","position":1,"name":"Home","item":"\/glendon\/"},{"@type":"ListItem","position":2,"name":"Glendon Campus","item":"https:\/\/www.yorku.ca\/glendon\/"},{"@type":"ListItem","position":3,"name":"Faites votre demande","item":"https:\/\/www.yorku.ca\/glendon\/faites-votre-demande\/"},{"@type":"ListItem","position":4,"name":"Exigences linguistiques \u00e0 l'admission"}]},{"@type":"WebSite","@id":"https:\/\/www.yorku.ca\/glendon\/#website","url":"https:\/\/www.yorku.ca\/glendon\/","name":"Glendon Campus","description":"","publisher":{"@id":"https:\/\/www.yorku.ca\/glendon\/#organization"},"potentialAction":[{"@type":"SearchAction","target":{"@type":"EntryPoint","urlTemplate":"https:\/\/www.yorku.ca\/glendon\/?s={search_term_string}"},"query-input":{"@type":"PropertyValueSpecification","valueRequired":true,"valueName":"search_term_string"}}],"inLanguage":"en-US"},{"@type":"Organization","@id":"https:\/\/www.yorku.ca\/glendon\/#organization","name":"Glendon Campus","url":"https:\/\/www.yorku.ca\/glendon\/","logo":{"@type":"ImageObject","inLanguage":"en-US","@id":"https:\/\/www.yorku.ca\/glendon\/#\/schema\/logo\/image\/","url":"https:\/\/www.yorku.ca\/glendon\/wp-content\/uploads\/sites\/508\/2023\/07\/Glendon-Campus-YorkU-Logo-.png","contentUrl":"https:\/\/www.yorku.ca\/glendon\/wp-content\/uploads\/sites\/508\/2023\/07\/Glendon-Campus-YorkU-Logo-.png","width":5516,"height":601,"caption":"Glendon Campus"},"image":{"@id":"https:\/\/www.yorku.ca\/glendon\/#\/schema\/logo\/image\/"},"sameAs":["https:\/\/www.facebook.com\/GlendonCampus\/","https:\/\/x.com\/glendoncampus","https:\/\/www.instagram.com\/glendoncampus\/","https:\/\/www.linkedin.com\/school\/glendon-campus\/","https:\/\/www.youtube.com\/channel\/UC8bu5ntS7ZMGCURI0C-uENQ","https:\/\/en.wikipedia.org\/wiki\/Glendon_College"]}]}},"taxonomy_info":[],"featured_image_src_large":["https:\/\/www.yorku.ca\/glendon\/wp-content\/uploads\/sites\/508\/2025\/03\/International-Scholarship-1024x683.jpg",1024,683,true],"author_info":{"display_name":"lmallet","author_link":"https:\/\/www.yorku.ca\/glendon\/author\/lmallet\/"},"comment_info":0,"_links":{"self":[{"href":"https:\/\/www.yorku.ca\/glendon\/wp-json\/wp\/v2\/pages\/26302","targetHints":{"allow":["GET"]}}],"collection":[{"href":"https:\/\/www.yorku.ca\/glendon\/wp-json\/wp\/v2\/pages"}],"about":[{"href":"https:\/\/www.yorku.ca\/glendon\/wp-json\/wp\/v2\/types\/page"}],"author":[{"embeddable":true,"href":"https:\/\/www.yorku.ca\/glendon\/wp-json\/wp\/v2\/users\/440"}],"replies":[{"embeddable":true,"href":"https:\/\/www.yorku.ca\/glendon\/wp-json\/wp\/v2\/comments?post=26302"}],"version-history":[{"count":6,"href":"https:\/\/www.yorku.ca\/glendon\/wp-json\/wp\/v2\/pages\/26302\/revisions"}],"predecessor-version":[{"id":35165,"href":"https:\/\/www.yorku.ca\/glendon\/wp-json\/wp\/v2\/pages\/26302\/revisions\/35165"}],"up":[{"embeddable":true,"href":"https:\/\/www.yorku.ca\/glendon\/wp-json\/wp\/v2\/pages\/7726"}],"wp:featuredmedia":[{"embeddable":true,"href":"https:\/\/www.yorku.ca\/glendon\/wp-json\/wp\/v2\/media\/31236"}],"wp:attachment":[{"href":"https:\/\/www.yorku.ca\/glendon\/wp-json\/wp\/v2\/media?parent=26302"}],"wp:term":[{"taxonomy":"post_tag","embeddable":true,"href":"https:\/\/www.yorku.ca\/glendon\/wp-json\/wp\/v2\/tags?post=26302"}],"curies":[{"name":"wp","href":"https:\/\/api.w.org\/{rel}","templated":true}]}}