  {"id":26298,"date":"2025-01-27T14:16:11","date_gmt":"2025-01-27T19:16:11","guid":{"rendered":"https:\/\/www.yorku.ca\/glendon\/?page_id=26298"},"modified":"2025-01-27T14:18:14","modified_gmt":"2025-01-27T19:18:14","slug":"etudiants-libres","status":"publish","type":"page","link":"https:\/\/www.yorku.ca\/glendon\/future-students\/conditions-dadmission\/etudiants-libres\/?lang=fr","title":{"rendered":"\u00c9tudiants libres"},"content":{"rendered":"\n<p>Veuillez obtenir un formulaire de demande d\u2019admission&nbsp;<a href=\"https:\/\/form.apps06.yorku.ca\/uaform\/\">ici<\/a>.<\/p>\n\n\n\n<h2 class=\"wp-block-heading\">Vous \u00eates un \u00e9tudiant libre si:<\/h2>\n\n\n\n<ol class=\"wp-block-list\">\n<li>Vous \u00e9tudiez actuellement \u00e0 une autre universit\u00e9 et vous voudriez suivre des cours \u00e0 au campus Glendon de l\u2019Universit\u00e9 York avec une lettre de permission.<\/li>\n\n\n\n<li>Vous poss\u00e9dez d\u00e9j\u00e0 un dipl\u00f4me universitaire (de 3 ans minimum) d\u2019une universit\u00e9 accredit\u00e9e.<\/li>\n\n\n\n<li>Vous ne poss\u00e9dez pas de dipl\u00f4me universitaire, mais vous voudriez suivre des cours \u00e0 York pour satisfaire aux exigences acad\u00e9miques ou de d\u00e9veloppement de carri\u00e8re d\u2019une d\u00e9signation professionnelle.<\/li>\n<\/ol>\n\n\n\n<h2 class=\"wp-block-heading\">Comment faire votre demande&nbsp;<\/h2>\n\n\n\n<ul class=\"wp-block-list\">\n<li>Si vous souhaitez suivre des cours \u00e0 York qui compteront pour l\u2019obtention d\u2019un dipl\u00f4me dans une autre universit\u00e9, cette derni\u00e8re doit nous fournir une lettre officielle de permission.<\/li>\n\n\n\n<li>Si vous avez d\u00e9j\u00e0 un dipl\u00f4me, l\u2019universit\u00e9 accr\u00e9dit\u00e9e o\u00f9 vous avez \u00e9tudi\u00e9 doit nous fournir un relev\u00e9 de notes officiel certifiant l\u2019obtention d\u2019un dipl\u00f4me.<\/li>\n\n\n\n<li>Assurez-vous de satisfaire aux&nbsp;<a href=\"https:\/\/www.yorku.ca\/glendon\/apply\/language-requirements\/\">exigences linguistiques.<\/a><\/li>\n\n\n\n<li>Pour plus de renseignements au sujet des \u00e9tudiant libres, veuillez visiter\u00a0<a href=\"https:\/\/futurestudents.yorku.ca\/requirements\/visiting\">cette page<\/a>\u00a0(en anglais).<\/li>\n<\/ul>\n\n\n\n<h2 class=\"wp-block-heading\">Veuillez envoyer tous les documents exig\u00e9s au :<\/h2>\n\n\n\n<p>快播视频<br>Office of Admissions<br>Bennett Centre for Student Services<br>3rd Floor Reception<br>99 Ian Macdonald Blvd<br>Toronto, ON M3J 1P3<br>CANADA<\/p>\n","protected":false},"excerpt":{"rendered":"<p>Veuillez obtenir un formulaire de demande d\u2019admission&nbsp;ici. Vous \u00eates un \u00e9tudiant libre si: Comment faire votre demande&nbsp; Veuillez envoyer tous les documents exig\u00e9s au : 快播视频Office of AdmissionsBennett Centre for Student Services3rd Floor Reception99 Ian Macdonald BlvdToronto, ON M3J 1P3CANADA<\/p>\n","protected":false},"author":440,"featured_media":0,"parent":7713,"menu_order":0,"comment_status":"closed","ping_status":"closed","template":"","meta":{"_kad_blocks_custom_css":"","_kad_blocks_head_custom_js":"","_kad_blocks_body_custom_js":"","_kad_blocks_footer_custom_js":"","footnotes":""},"tags":[],"class_list":["post-26298","page","type-page","status-publish","hentry"],"acf":[],"yoast_head":"<!-- This site is optimized with the Yoast SEO plugin v24.0 - https:\/\/yoast.com\/wordpress\/plugins\/seo\/ -->\n<title>\u00c9tudiants libres | Glendon Campus<\/title>\n<meta name=\"robots\" content=\"index, follow, max-snippet:-1, max-image-preview:large, max-video-preview:-1\" \/>\n<link rel=\"canonical\" href=\"https:\/\/www.yorku.ca\/glendon\/future-students\/conditions-dadmission\/etudiants-libres\/\" \/>\n<meta property=\"og:locale\" content=\"en_US\" \/>\n<meta property=\"og:type\" content=\"article\" \/>\n<meta property=\"og:title\" content=\"\u00c9tudiants libres | Glendon Campus\" \/>\n<meta property=\"og:description\" content=\"Veuillez obtenir un formulaire de demande d\u2019admission&nbsp;ici. Vous \u00eates un \u00e9tudiant libre si: Comment faire votre demande&nbsp; Veuillez envoyer tous les documents exig\u00e9s au : 快播视频Office of AdmissionsBennett Centre for Student Services3rd Floor Reception99 Ian Macdonald BlvdToronto, ON M3J 1P3CANADA\" \/>\n<meta property=\"og:url\" content=\"https:\/\/www.yorku.ca\/glendon\/future-students\/conditions-dadmission\/etudiants-libres\/?lang=fr\" \/>\n<meta property=\"og:site_name\" content=\"Glendon Campus\" \/>\n<meta property=\"article:publisher\" content=\"https:\/\/www.facebook.com\/GlendonCampus\/\" \/>\n<meta property=\"article:modified_time\" content=\"2025-01-27T19:18:14+00:00\" \/>\n<meta property=\"og:image\" content=\"https:\/\/www.yorku.ca\/glendon\/wp-content\/uploads\/sites\/508\/2021\/10\/glendon-campus-Glendon-Overall_Aerial-3.jpg\" \/>\n\t<meta property=\"og:image:width\" content=\"1642\" \/>\n\t<meta property=\"og:image:height\" content=\"925\" \/>\n\t<meta property=\"og:image:type\" content=\"image\/jpeg\" \/>\n<meta name=\"twitter:card\" content=\"summary_large_image\" \/>\n<meta name=\"twitter:site\" content=\"@glendoncampus\" \/>\n<meta name=\"twitter:label1\" content=\"Est. reading time\" \/>\n\t<meta name=\"twitter:data1\" content=\"1 minute\" \/>\n<script type=\"application\/ld+json\" class=\"yoast-schema-graph\">{\"@context\":\"https:\/\/schema.org\",\"@graph\":[{\"@type\":\"WebPage\",\"@id\":\"https:\/\/www.yorku.ca\/glendon\/future-students\/conditions-dadmission\/etudiants-libres\/?lang=fr\",\"url\":\"https:\/\/www.yorku.ca\/glendon\/future-students\/conditions-dadmission\/etudiants-libres\/?lang=fr\",\"name\":\"\u00c9tudiants libres | Glendon Campus\",\"isPartOf\":{\"@id\":\"https:\/\/www.yorku.ca\/glendon\/#website\"},\"datePublished\":\"2025-01-27T19:16:11+00:00\",\"dateModified\":\"2025-01-27T19:18:14+00:00\",\"breadcrumb\":{\"@id\":\"https:\/\/www.yorku.ca\/glendon\/future-students\/conditions-dadmission\/etudiants-libres\/?lang=fr#breadcrumb\"},\"inLanguage\":\"en-US\",\"potentialAction\":[{\"@type\":\"ReadAction\",\"target\":[\"https:\/\/www.yorku.ca\/glendon\/future-students\/conditions-dadmission\/etudiants-libres\/?lang=fr\"]}]},{\"@type\":\"BreadcrumbList\",\"@id\":\"https:\/\/www.yorku.ca\/glendon\/future-students\/conditions-dadmission\/etudiants-libres\/?lang=fr#breadcrumb\",\"itemListElement\":[{\"@type\":\"ListItem\",\"position\":1,\"name\":\"Home\",\"item\":\"https:\/\/www.yorku.ca\/glendon\/\"},{\"@type\":\"ListItem\",\"position\":2,\"name\":\"Futurs \u00e9tudiants\",\"item\":\"https:\/\/www.yorku.ca\/glendon\/future-students\/\"},{\"@type\":\"ListItem\",\"position\":3,\"name\":\"Conditions d\u2019admission\",\"item\":\"https:\/\/www.yorku.ca\/glendon\/future-students\/conditions-dadmission\/\"},{\"@type\":\"ListItem\",\"position\":4,\"name\":\"\u00c9tudiants libres\"}]},{\"@type\":\"WebSite\",\"@id\":\"https:\/\/www.yorku.ca\/glendon\/#website\",\"url\":\"https:\/\/www.yorku.ca\/glendon\/\",\"name\":\"Glendon Campus\",\"description\":\"\",\"publisher\":{\"@id\":\"https:\/\/www.yorku.ca\/glendon\/#organization\"},\"potentialAction\":[{\"@type\":\"SearchAction\",\"target\":{\"@type\":\"EntryPoint\",\"urlTemplate\":\"https:\/\/www.yorku.ca\/glendon\/?s={search_term_string}\"},\"query-input\":{\"@type\":\"PropertyValueSpecification\",\"valueRequired\":true,\"valueName\":\"search_term_string\"}}],\"inLanguage\":\"en-US\"},{\"@type\":\"Organization\",\"@id\":\"https:\/\/www.yorku.ca\/glendon\/#organization\",\"name\":\"Glendon Campus\",\"url\":\"https:\/\/www.yorku.ca\/glendon\/\",\"logo\":{\"@type\":\"ImageObject\",\"inLanguage\":\"en-US\",\"@id\":\"https:\/\/www.yorku.ca\/glendon\/#\/schema\/logo\/image\/\",\"url\":\"https:\/\/www.yorku.ca\/glendon\/wp-content\/uploads\/sites\/508\/2023\/07\/Glendon-Campus-YorkU-Logo-.png\",\"contentUrl\":\"https:\/\/www.yorku.ca\/glendon\/wp-content\/uploads\/sites\/508\/2023\/07\/Glendon-Campus-YorkU-Logo-.png\",\"width\":5516,\"height\":601,\"caption\":\"Glendon Campus\"},\"image\":{\"@id\":\"https:\/\/www.yorku.ca\/glendon\/#\/schema\/logo\/image\/\"},\"sameAs\":[\"https:\/\/www.facebook.com\/GlendonCampus\/\",\"https:\/\/x.com\/glendoncampus\",\"https:\/\/www.instagram.com\/glendoncampus\/\",\"https:\/\/www.linkedin.com\/school\/glendon-campus\/\",\"https:\/\/www.youtube.com\/channel\/UC8bu5ntS7ZMGCURI0C-uENQ\",\"https:\/\/en.wikipedia.org\/wiki\/Glendon_College\"]}]}<\/script>\n<!-- \/ Yoast SEO plugin. -->","yoast_head_json":{"title":"\u00c9tudiants libres | Glendon Campus","robots":{"index":"index","follow":"follow","max-snippet":"max-snippet:-1","max-image-preview":"max-image-preview:large","max-video-preview":"max-video-preview:-1"},"canonical":"https:\/\/www.yorku.ca\/glendon\/future-students\/conditions-dadmission\/etudiants-libres\/","og_locale":"en_US","og_type":"article","og_title":"\u00c9tudiants libres | Glendon Campus","og_description":"Veuillez obtenir un formulaire de demande d\u2019admission&nbsp;ici. Vous \u00eates un \u00e9tudiant libre si: Comment faire votre demande&nbsp; Veuillez envoyer tous les documents exig\u00e9s au : 快播视频Office of AdmissionsBennett Centre for Student Services3rd Floor Reception99 Ian Macdonald BlvdToronto, ON M3J 1P3CANADA","og_url":"https:\/\/www.yorku.ca\/glendon\/future-students\/conditions-dadmission\/etudiants-libres\/?lang=fr","og_site_name":"Glendon Campus","article_publisher":"https:\/\/www.facebook.com\/GlendonCampus\/","article_modified_time":"2025-01-27T19:18:14+00:00","og_image":[{"width":1642,"height":925,"url":"https:\/\/www.yorku.ca\/glendon\/wp-content\/uploads\/sites\/508\/2021\/10\/glendon-campus-Glendon-Overall_Aerial-3.jpg","type":"image\/jpeg"}],"twitter_card":"summary_large_image","twitter_site":"@glendoncampus","twitter_misc":{"Est. reading time":"1 minute"},"schema":{"@context":"https:\/\/schema.org","@graph":[{"@type":"WebPage","@id":"https:\/\/www.yorku.ca\/glendon\/future-students\/conditions-dadmission\/etudiants-libres\/?lang=fr","url":"https:\/\/www.yorku.ca\/glendon\/future-students\/conditions-dadmission\/etudiants-libres\/?lang=fr","name":"\u00c9tudiants libres | Glendon Campus","isPartOf":{"@id":"https:\/\/www.yorku.ca\/glendon\/#website"},"datePublished":"2025-01-27T19:16:11+00:00","dateModified":"2025-01-27T19:18:14+00:00","breadcrumb":{"@id":"https:\/\/www.yorku.ca\/glendon\/future-students\/conditions-dadmission\/etudiants-libres\/?lang=fr#breadcrumb"},"inLanguage":"en-US","potentialAction":[{"@type":"ReadAction","target":["https:\/\/www.yorku.ca\/glendon\/future-students\/conditions-dadmission\/etudiants-libres\/?lang=fr"]}]},{"@type":"BreadcrumbList","@id":"https:\/\/www.yorku.ca\/glendon\/future-students\/conditions-dadmission\/etudiants-libres\/?lang=fr#breadcrumb","itemListElement":[{"@type":"ListItem","position":1,"name":"Home","item":"https:\/\/www.yorku.ca\/glendon\/"},{"@type":"ListItem","position":2,"name":"Futurs \u00e9tudiants","item":"https:\/\/www.yorku.ca\/glendon\/future-students\/"},{"@type":"ListItem","position":3,"name":"Conditions d\u2019admission","item":"https:\/\/www.yorku.ca\/glendon\/future-students\/conditions-dadmission\/"},{"@type":"ListItem","position":4,"name":"\u00c9tudiants libres"}]},{"@type":"WebSite","@id":"https:\/\/www.yorku.ca\/glendon\/#website","url":"https:\/\/www.yorku.ca\/glendon\/","name":"Glendon Campus","description":"","publisher":{"@id":"https:\/\/www.yorku.ca\/glendon\/#organization"},"potentialAction":[{"@type":"SearchAction","target":{"@type":"EntryPoint","urlTemplate":"https:\/\/www.yorku.ca\/glendon\/?s={search_term_string}"},"query-input":{"@type":"PropertyValueSpecification","valueRequired":true,"valueName":"search_term_string"}}],"inLanguage":"en-US"},{"@type":"Organization","@id":"https:\/\/www.yorku.ca\/glendon\/#organization","name":"Glendon Campus","url":"https:\/\/www.yorku.ca\/glendon\/","logo":{"@type":"ImageObject","inLanguage":"en-US","@id":"https:\/\/www.yorku.ca\/glendon\/#\/schema\/logo\/image\/","url":"https:\/\/www.yorku.ca\/glendon\/wp-content\/uploads\/sites\/508\/2023\/07\/Glendon-Campus-YorkU-Logo-.png","contentUrl":"https:\/\/www.yorku.ca\/glendon\/wp-content\/uploads\/sites\/508\/2023\/07\/Glendon-Campus-YorkU-Logo-.png","width":5516,"height":601,"caption":"Glendon Campus"},"image":{"@id":"https:\/\/www.yorku.ca\/glendon\/#\/schema\/logo\/image\/"},"sameAs":["https:\/\/www.facebook.com\/GlendonCampus\/","https:\/\/x.com\/glendoncampus","https:\/\/www.instagram.com\/glendoncampus\/","https:\/\/www.linkedin.com\/school\/glendon-campus\/","https:\/\/www.youtube.com\/channel\/UC8bu5ntS7ZMGCURI0C-uENQ","https:\/\/en.wikipedia.org\/wiki\/Glendon_College"]}]}},"taxonomy_info":[],"featured_image_src_large":false,"author_info":{"display_name":"lmallet","author_link":"https:\/\/www.yorku.ca\/glendon\/author\/lmallet\/"},"comment_info":0,"_links":{"self":[{"href":"https:\/\/www.yorku.ca\/glendon\/wp-json\/wp\/v2\/pages\/26298","targetHints":{"allow":["GET"]}}],"collection":[{"href":"https:\/\/www.yorku.ca\/glendon\/wp-json\/wp\/v2\/pages"}],"about":[{"href":"https:\/\/www.yorku.ca\/glendon\/wp-json\/wp\/v2\/types\/page"}],"author":[{"embeddable":true,"href":"https:\/\/www.yorku.ca\/glendon\/wp-json\/wp\/v2\/users\/440"}],"replies":[{"embeddable":true,"href":"https:\/\/www.yorku.ca\/glendon\/wp-json\/wp\/v2\/comments?post=26298"}],"version-history":[{"count":3,"href":"https:\/\/www.yorku.ca\/glendon\/wp-json\/wp\/v2\/pages\/26298\/revisions"}],"predecessor-version":[{"id":29366,"href":"https:\/\/www.yorku.ca\/glendon\/wp-json\/wp\/v2\/pages\/26298\/revisions\/29366"}],"up":[{"embeddable":true,"href":"https:\/\/www.yorku.ca\/glendon\/wp-json\/wp\/v2\/pages\/7713"}],"wp:attachment":[{"href":"https:\/\/www.yorku.ca\/glendon\/wp-json\/wp\/v2\/media?parent=26298"}],"wp:term":[{"taxonomy":"post_tag","embeddable":true,"href":"https:\/\/www.yorku.ca\/glendon\/wp-json\/wp\/v2\/tags?post=26298"}],"curies":[{"name":"wp","href":"https:\/\/api.w.org\/{rel}","templated":true}]}}