  {"id":25815,"date":"2024-11-05T13:14:32","date_gmt":"2024-11-05T18:14:32","guid":{"rendered":"https:\/\/www.yorku.ca\/glendon\/glendon-theatre\/rentals\/"},"modified":"2024-11-06T10:20:05","modified_gmt":"2024-11-06T15:20:05","slug":"rentals","status":"publish","type":"page","link":"https:\/\/www.yorku.ca\/glendon\/glendon-theatre\/rentals\/?lang=fr","title":{"rendered":"Location"},"content":{"rendered":"\n<figure class=\"wp-block-image size-large\"><img loading=\"lazy\" decoding=\"async\" width=\"1024\" height=\"547\" src=\"https:\/\/www.yorku.ca\/glendon\/wp-content\/uploads\/sites\/508\/2024\/11\/Theatre-Glendon-blank-v2023-1024x547.jpg\" alt=\"\" class=\"wp-image-25461\" srcset=\"https:\/\/www.yorku.ca\/glendon\/wp-content\/uploads\/sites\/508\/2024\/11\/Theatre-Glendon-blank-v2023-1024x547.jpg 1024w, https:\/\/www.yorku.ca\/glendon\/wp-content\/uploads\/sites\/508\/2024\/11\/Theatre-Glendon-blank-v2023-400x214.jpg 400w, https:\/\/www.yorku.ca\/glendon\/wp-content\/uploads\/sites\/508\/2024\/11\/Theatre-Glendon-blank-v2023-1536x821.jpg 1536w, https:\/\/www.yorku.ca\/glendon\/wp-content\/uploads\/sites\/508\/2024\/11\/Theatre-Glendon-blank-v2023.jpg 1782w\" sizes=\"auto, (max-width: 1024px) 100vw, 1024px\" \/><\/figure>\n\n\n\n<h3 class=\"wp-block-heading\">CONTACT:<\/h3>\n\n\n\n<div class=\"wp-block-buttons is-layout-flex wp-block-buttons-is-layout-flex\">\n<div class=\"wp-block-button\"><a class=\"wp-block-button__link has-white-color has-vivid-red-background-color has-text-color has-background has-link-color wp-element-button\" href=\"https:\/\/www.yorku.ca\/glendon\/glendon-theatre\/contact-us\/\"><i class=\"fas fa-paper-plane\"><\/i> Contactez-nous!<\/a><\/div>\n<\/div>\n\n\n\n<h3 class=\"wp-block-heading\">CARACT\u00c9RISTIQUES :<\/h3>\n\n\n\n<ul class=\"wp-block-list\">\n<li>Grande salle avec une capacit\u00e9 de 80 \u00e0 150 personnes.<\/li>\n\n\n\n<li>Loges s\u00e9par\u00e9es pour une dizaine de personnes.<\/li>\n\n\n\n<li>Une immense fen\u00eatre murale avec une vue magnifique sur le parc.<\/li>\n\n\n\n<li>Un inventaire complet d\u2019accessoires, \u00e9clairage, \u00e9quipement audio visuel et vid\u00e9o et une s\u00e9lection de rideaux noirs et autres couvertures.<\/li>\n\n\n\n<li>Un directeur technique professionnel.<\/li>\n\n\n\n<li>La possibilit\u00e9 de loger sur le campus.<\/li>\n\n\n\n<li>Stationnement.<\/li>\n\n\n\n<li>Un endroit idyllique \u00e0 10 minutes du centre ville de Toronto.<\/li>\n<\/ul>\n\n\n\n<h3 class=\"wp-block-heading\">T\u00c9L\u00c9CHARGEMENTS<\/h3>\n\n\n\n<ul class=\"wp-block-list\">\n<li>Plan et \u00e9l\u00e9vation 90 si\u00e8ges: <a href=\"https:\/\/www.yorku.ca\/glendon\/wp-content\/uploads\/sites\/508\/2024\/11\/TGT-blank-90seat-prosc-plan-and-elevation.pdf\">90seat-prosc-plan-and-elevation.pdf<\/a><a href=\"https:\/\/www.glendon.yorku.ca\/theatre\/wp-content\/uploads\/sites\/34\/Glendon-Tech-Inventory-online.pdf\"><\/a><\/li>\n\n\n\n<li><a href=\"https:\/\/www.glendon.yorku.ca\/theatre\/wp-content\/uploads\/sites\/34\/CampusMap.pdf\"><\/a>Inventair Technique: <a href=\"https:\/\/www.yorku.ca\/glendon\/wp-content\/uploads\/sites\/508\/2024\/11\/Glendon-Tech-Inventory-online-2023.pdf\">Glendon-Tech-Inventory-online-2023<\/a><a href=\"https:\/\/www.glendon.yorku.ca\/theatre\/wp-content\/uploads\/sites\/34\/CampusMap.pdf\"><\/a><\/li>\n\n\n\n<li>Carte du campus: <a href=\"https:\/\/www.yorku.ca\/glendon\/wp-content\/uploads\/sites\/508\/2024\/11\/CampusMap.pdf\">campusmap.pdf<\/a><\/li>\n\n\n\n<li><a href=\"https:\/\/www.glendon.yorku.ca\/theatre\/wp-content\/uploads\/sites\/34\/summer-stock-LXplot1.pdf\"><\/a><a href=\"https:\/\/www.yorku.ca\/glendon\/wp-content\/uploads\/sites\/508\/2024\/11\/summer-stock-LXplot-1-1.pdf\">Summer stock LX plot<\/a><\/li>\n<\/ul>\n","protected":false},"excerpt":{"rendered":"<p>CONTACT: CARACT\u00c9RISTIQUES : T\u00c9L\u00c9CHARGEMENTS<\/p>\n","protected":false},"author":440,"featured_media":0,"parent":7538,"menu_order":0,"comment_status":"closed","ping_status":"closed","template":"","meta":{"_kad_blocks_custom_css":"","_kad_blocks_head_custom_js":"","_kad_blocks_body_custom_js":"","_kad_blocks_footer_custom_js":"","footnotes":""},"tags":[],"class_list":["post-25815","page","type-page","status-publish","hentry"],"acf":[],"yoast_head":"<!-- This site is optimized with the Yoast SEO plugin v24.0 - https:\/\/yoast.com\/wordpress\/plugins\/seo\/ -->\n<title>Location | Glendon Campus<\/title>\n<meta name=\"robots\" content=\"index, follow, max-snippet:-1, max-image-preview:large, max-video-preview:-1\" \/>\n<link rel=\"canonical\" href=\"https:\/\/www.yorku.ca\/glendon\/glendon-theatre\/rentals\/\" \/>\n<meta property=\"og:locale\" content=\"en_US\" \/>\n<meta property=\"og:type\" content=\"article\" \/>\n<meta property=\"og:title\" content=\"Location | Glendon Campus\" \/>\n<meta property=\"og:description\" content=\"CONTACT: CARACT\u00c9RISTIQUES : T\u00c9L\u00c9CHARGEMENTS\" \/>\n<meta property=\"og:url\" content=\"https:\/\/www.yorku.ca\/glendon\/glendon-theatre\/rentals\/?lang=fr\" \/>\n<meta property=\"og:site_name\" content=\"Glendon Campus\" \/>\n<meta property=\"article:publisher\" content=\"https:\/\/www.facebook.com\/GlendonCampus\/\" \/>\n<meta property=\"article:modified_time\" content=\"2024-11-06T15:20:05+00:00\" \/>\n<meta property=\"og:image\" content=\"https:\/\/www.yorku.ca\/glendon\/wp-content\/uploads\/sites\/508\/2024\/11\/Theatre-Glendon-blank-v2023-1024x547.jpg\" \/>\n<meta name=\"twitter:card\" content=\"summary_large_image\" \/>\n<meta name=\"twitter:site\" content=\"@glendoncampus\" \/>\n<meta name=\"twitter:label1\" content=\"Est. reading time\" \/>\n\t<meta name=\"twitter:data1\" content=\"1 minute\" \/>\n<script type=\"application\/ld+json\" class=\"yoast-schema-graph\">{\"@context\":\"https:\/\/schema.org\",\"@graph\":[{\"@type\":\"WebPage\",\"@id\":\"https:\/\/www.yorku.ca\/glendon\/glendon-theatre\/rentals\/?lang=fr\",\"url\":\"https:\/\/www.yorku.ca\/glendon\/glendon-theatre\/rentals\/?lang=fr\",\"name\":\"Location | Glendon Campus\",\"isPartOf\":{\"@id\":\"https:\/\/www.yorku.ca\/glendon\/#website\"},\"primaryImageOfPage\":{\"@id\":\"https:\/\/www.yorku.ca\/glendon\/glendon-theatre\/rentals\/?lang=fr#primaryimage\"},\"image\":{\"@id\":\"https:\/\/www.yorku.ca\/glendon\/glendon-theatre\/rentals\/?lang=fr#primaryimage\"},\"thumbnailUrl\":\"https:\/\/www.yorku.ca\/glendon\/wp-content\/uploads\/sites\/508\/2024\/11\/Theatre-Glendon-blank-v2023-1024x547.jpg\",\"datePublished\":\"2024-11-05T18:14:32+00:00\",\"dateModified\":\"2024-11-06T15:20:05+00:00\",\"breadcrumb\":{\"@id\":\"https:\/\/www.yorku.ca\/glendon\/glendon-theatre\/rentals\/?lang=fr#breadcrumb\"},\"inLanguage\":\"en-US\",\"potentialAction\":[{\"@type\":\"ReadAction\",\"target\":[\"https:\/\/www.yorku.ca\/glendon\/glendon-theatre\/rentals\/?lang=fr\"]}]},{\"@type\":\"ImageObject\",\"inLanguage\":\"en-US\",\"@id\":\"https:\/\/www.yorku.ca\/glendon\/glendon-theatre\/rentals\/?lang=fr#primaryimage\",\"url\":\"https:\/\/www.yorku.ca\/glendon\/wp-content\/uploads\/sites\/508\/2024\/11\/Theatre-Glendon-blank-v2023.jpg\",\"contentUrl\":\"https:\/\/www.yorku.ca\/glendon\/wp-content\/uploads\/sites\/508\/2024\/11\/Theatre-Glendon-blank-v2023.jpg\",\"width\":1782,\"height\":952},{\"@type\":\"BreadcrumbList\",\"@id\":\"https:\/\/www.yorku.ca\/glendon\/glendon-theatre\/rentals\/?lang=fr#breadcrumb\",\"itemListElement\":[{\"@type\":\"ListItem\",\"position\":1,\"name\":\"Home\",\"item\":\"https:\/\/www.yorku.ca\/glendon\/\"},{\"@type\":\"ListItem\",\"position\":2,\"name\":\"Th\u00e9\u00e2tre Glendon\",\"item\":\"https:\/\/www.yorku.ca\/glendon\/glendon-theatre\/\"},{\"@type\":\"ListItem\",\"position\":3,\"name\":\"Location\"}]},{\"@type\":\"WebSite\",\"@id\":\"https:\/\/www.yorku.ca\/glendon\/#website\",\"url\":\"https:\/\/www.yorku.ca\/glendon\/\",\"name\":\"Glendon Campus\",\"description\":\"\",\"publisher\":{\"@id\":\"https:\/\/www.yorku.ca\/glendon\/#organization\"},\"potentialAction\":[{\"@type\":\"SearchAction\",\"target\":{\"@type\":\"EntryPoint\",\"urlTemplate\":\"https:\/\/www.yorku.ca\/glendon\/?s={search_term_string}\"},\"query-input\":{\"@type\":\"PropertyValueSpecification\",\"valueRequired\":true,\"valueName\":\"search_term_string\"}}],\"inLanguage\":\"en-US\"},{\"@type\":\"Organization\",\"@id\":\"https:\/\/www.yorku.ca\/glendon\/#organization\",\"name\":\"Glendon Campus\",\"url\":\"https:\/\/www.yorku.ca\/glendon\/\",\"logo\":{\"@type\":\"ImageObject\",\"inLanguage\":\"en-US\",\"@id\":\"https:\/\/www.yorku.ca\/glendon\/#\/schema\/logo\/image\/\",\"url\":\"https:\/\/www.yorku.ca\/glendon\/wp-content\/uploads\/sites\/508\/2023\/07\/Glendon-Campus-YorkU-Logo-.png\",\"contentUrl\":\"https:\/\/www.yorku.ca\/glendon\/wp-content\/uploads\/sites\/508\/2023\/07\/Glendon-Campus-YorkU-Logo-.png\",\"width\":5516,\"height\":601,\"caption\":\"Glendon Campus\"},\"image\":{\"@id\":\"https:\/\/www.yorku.ca\/glendon\/#\/schema\/logo\/image\/\"},\"sameAs\":[\"https:\/\/www.facebook.com\/GlendonCampus\/\",\"https:\/\/x.com\/glendoncampus\",\"https:\/\/www.instagram.com\/glendoncampus\/\",\"https:\/\/www.linkedin.com\/school\/glendon-campus\/\",\"https:\/\/www.youtube.com\/channel\/UC8bu5ntS7ZMGCURI0C-uENQ\",\"https:\/\/en.wikipedia.org\/wiki\/Glendon_College\"]}]}<\/script>\n<!-- \/ Yoast SEO plugin. -->","yoast_head_json":{"title":"Location | Glendon Campus","robots":{"index":"index","follow":"follow","max-snippet":"max-snippet:-1","max-image-preview":"max-image-preview:large","max-video-preview":"max-video-preview:-1"},"canonical":"https:\/\/www.yorku.ca\/glendon\/glendon-theatre\/rentals\/","og_locale":"en_US","og_type":"article","og_title":"Location | Glendon Campus","og_description":"CONTACT: CARACT\u00c9RISTIQUES : T\u00c9L\u00c9CHARGEMENTS","og_url":"https:\/\/www.yorku.ca\/glendon\/glendon-theatre\/rentals\/?lang=fr","og_site_name":"Glendon Campus","article_publisher":"https:\/\/www.facebook.com\/GlendonCampus\/","article_modified_time":"2024-11-06T15:20:05+00:00","og_image":[{"url":"https:\/\/www.yorku.ca\/glendon\/wp-content\/uploads\/sites\/508\/2024\/11\/Theatre-Glendon-blank-v2023-1024x547.jpg","type":"","width":"","height":""}],"twitter_card":"summary_large_image","twitter_site":"@glendoncampus","twitter_misc":{"Est. reading time":"1 minute"},"schema":{"@context":"https:\/\/schema.org","@graph":[{"@type":"WebPage","@id":"https:\/\/www.yorku.ca\/glendon\/glendon-theatre\/rentals\/?lang=fr","url":"https:\/\/www.yorku.ca\/glendon\/glendon-theatre\/rentals\/?lang=fr","name":"Location | Glendon Campus","isPartOf":{"@id":"https:\/\/www.yorku.ca\/glendon\/#website"},"primaryImageOfPage":{"@id":"https:\/\/www.yorku.ca\/glendon\/glendon-theatre\/rentals\/?lang=fr#primaryimage"},"image":{"@id":"https:\/\/www.yorku.ca\/glendon\/glendon-theatre\/rentals\/?lang=fr#primaryimage"},"thumbnailUrl":"https:\/\/www.yorku.ca\/glendon\/wp-content\/uploads\/sites\/508\/2024\/11\/Theatre-Glendon-blank-v2023-1024x547.jpg","datePublished":"2024-11-05T18:14:32+00:00","dateModified":"2024-11-06T15:20:05+00:00","breadcrumb":{"@id":"https:\/\/www.yorku.ca\/glendon\/glendon-theatre\/rentals\/?lang=fr#breadcrumb"},"inLanguage":"en-US","potentialAction":[{"@type":"ReadAction","target":["https:\/\/www.yorku.ca\/glendon\/glendon-theatre\/rentals\/?lang=fr"]}]},{"@type":"ImageObject","inLanguage":"en-US","@id":"https:\/\/www.yorku.ca\/glendon\/glendon-theatre\/rentals\/?lang=fr#primaryimage","url":"https:\/\/www.yorku.ca\/glendon\/wp-content\/uploads\/sites\/508\/2024\/11\/Theatre-Glendon-blank-v2023.jpg","contentUrl":"https:\/\/www.yorku.ca\/glendon\/wp-content\/uploads\/sites\/508\/2024\/11\/Theatre-Glendon-blank-v2023.jpg","width":1782,"height":952},{"@type":"BreadcrumbList","@id":"https:\/\/www.yorku.ca\/glendon\/glendon-theatre\/rentals\/?lang=fr#breadcrumb","itemListElement":[{"@type":"ListItem","position":1,"name":"Home","item":"https:\/\/www.yorku.ca\/glendon\/"},{"@type":"ListItem","position":2,"name":"Th\u00e9\u00e2tre Glendon","item":"https:\/\/www.yorku.ca\/glendon\/glendon-theatre\/"},{"@type":"ListItem","position":3,"name":"Location"}]},{"@type":"WebSite","@id":"https:\/\/www.yorku.ca\/glendon\/#website","url":"https:\/\/www.yorku.ca\/glendon\/","name":"Glendon Campus","description":"","publisher":{"@id":"https:\/\/www.yorku.ca\/glendon\/#organization"},"potentialAction":[{"@type":"SearchAction","target":{"@type":"EntryPoint","urlTemplate":"https:\/\/www.yorku.ca\/glendon\/?s={search_term_string}"},"query-input":{"@type":"PropertyValueSpecification","valueRequired":true,"valueName":"search_term_string"}}],"inLanguage":"en-US"},{"@type":"Organization","@id":"https:\/\/www.yorku.ca\/glendon\/#organization","name":"Glendon Campus","url":"https:\/\/www.yorku.ca\/glendon\/","logo":{"@type":"ImageObject","inLanguage":"en-US","@id":"https:\/\/www.yorku.ca\/glendon\/#\/schema\/logo\/image\/","url":"https:\/\/www.yorku.ca\/glendon\/wp-content\/uploads\/sites\/508\/2023\/07\/Glendon-Campus-YorkU-Logo-.png","contentUrl":"https:\/\/www.yorku.ca\/glendon\/wp-content\/uploads\/sites\/508\/2023\/07\/Glendon-Campus-YorkU-Logo-.png","width":5516,"height":601,"caption":"Glendon Campus"},"image":{"@id":"https:\/\/www.yorku.ca\/glendon\/#\/schema\/logo\/image\/"},"sameAs":["https:\/\/www.facebook.com\/GlendonCampus\/","https:\/\/x.com\/glendoncampus","https:\/\/www.instagram.com\/glendoncampus\/","https:\/\/www.linkedin.com\/school\/glendon-campus\/","https:\/\/www.youtube.com\/channel\/UC8bu5ntS7ZMGCURI0C-uENQ","https:\/\/en.wikipedia.org\/wiki\/Glendon_College"]}]}},"taxonomy_info":[],"featured_image_src_large":false,"author_info":{"display_name":"lmallet","author_link":"https:\/\/www.yorku.ca\/glendon\/author\/lmallet\/"},"comment_info":0,"_links":{"self":[{"href":"https:\/\/www.yorku.ca\/glendon\/wp-json\/wp\/v2\/pages\/25815","targetHints":{"allow":["GET"]}}],"collection":[{"href":"https:\/\/www.yorku.ca\/glendon\/wp-json\/wp\/v2\/pages"}],"about":[{"href":"https:\/\/www.yorku.ca\/glendon\/wp-json\/wp\/v2\/types\/page"}],"author":[{"embeddable":true,"href":"https:\/\/www.yorku.ca\/glendon\/wp-json\/wp\/v2\/users\/440"}],"replies":[{"embeddable":true,"href":"https:\/\/www.yorku.ca\/glendon\/wp-json\/wp\/v2\/comments?post=25815"}],"version-history":[{"count":1,"href":"https:\/\/www.yorku.ca\/glendon\/wp-json\/wp\/v2\/pages\/25815\/revisions"}],"predecessor-version":[{"id":25817,"href":"https:\/\/www.yorku.ca\/glendon\/wp-json\/wp\/v2\/pages\/25815\/revisions\/25817"}],"up":[{"embeddable":true,"href":"https:\/\/www.yorku.ca\/glendon\/wp-json\/wp\/v2\/pages\/7538"}],"wp:attachment":[{"href":"https:\/\/www.yorku.ca\/glendon\/wp-json\/wp\/v2\/media?parent=25815"}],"wp:term":[{"taxonomy":"post_tag","embeddable":true,"href":"https:\/\/www.yorku.ca\/glendon\/wp-json\/wp\/v2\/tags?post=25815"}],"curies":[{"name":"wp","href":"https:\/\/api.w.org\/{rel}","templated":true}]}}