  {"id":20385,"date":"2024-06-11T12:16:48","date_gmt":"2024-06-11T16:16:48","guid":{"rendered":"https:\/\/www.yorku.ca\/glendon\/?page_id=20385"},"modified":"2024-06-11T12:16:52","modified_gmt":"2024-06-11T16:16:52","slug":"rencontrez-notre-principal","status":"publish","type":"page","link":"https:\/\/www.yorku.ca\/glendon\/rencontrez-notre-principal\/?lang=fr","title":{"rendered":"Rencontrez notre principal"},"content":{"rendered":"\n<div style=\"height:20px\" aria-hidden=\"true\" class=\"wp-block-spacer\"><\/div>\n\n\n\n<div class=\"wp-block-columns is-layout-flex wp-container-core-columns-is-layout-1 wp-block-columns-is-layout-flex\">\n<div class=\"wp-block-column is-layout-flow wp-block-column-is-layout-flow\" style=\"flex-basis:66.66%\">\n<p>Rencontrez Marco Fiola, directeur du coll\u00e8ge et du campus Glendon. Recevez un accueil en bonne et due forme dans la communaut\u00e9 amicale, solidaire et multiculturelle de Glendon. D\u00e9couvrez toutes les raisons pour lesquelles vous devriez choisir Glendon \u2014 un campus dynamique au c\u0153ur de Toronto, la plus grande et la plus diversifi\u00e9e des m\u00e9tropoles au Canada \u2014 un endroit pour apprendre, grandir et lancer votre carri\u00e8re.<\/p>\n<\/div>\n\n\n\n<div class=\"wp-block-column is-layout-flow wp-block-column-is-layout-flow\" style=\"flex-basis:33.33%\"><\/div>\n<\/div>\n\n\n\n<div style=\"height:80px\" aria-hidden=\"true\" class=\"wp-block-spacer\"><\/div>\n\n\n\n<div class=\"wp-block-group grey-bg-block has-very-light-gray-background-color has-background is-layout-flow wp-block-group-is-layout-flow\">\n<div class=\"wp-block-group is-layout-flow wp-block-group-is-layout-flow\">\n<div style=\"height:20px\" aria-hidden=\"true\" class=\"wp-block-spacer\"><\/div>\n\n\n\n<div class=\"wp-block-columns is-layout-flex wp-container-core-columns-is-layout-2 wp-block-columns-is-layout-flex\">\n<div class=\"wp-block-column is-layout-flow wp-block-column-is-layout-flow\" style=\"flex-basis:33.3%\">\n<figure class=\"wp-block-image size-large border-md border-gl\"><img loading=\"lazy\" decoding=\"async\" width=\"1024\" height=\"577\" src=\"https:\/\/www.yorku.ca\/glendon\/wp-content\/uploads\/sites\/508\/2021\/12\/glendon-jalani-RGB_DSC_5693-1024x577.jpg\" alt=\"Marco Fiola\" class=\"wp-image-4313\" srcset=\"https:\/\/www.yorku.ca\/glendon\/wp-content\/uploads\/sites\/508\/2021\/12\/glendon-jalani-RGB_DSC_5693-1024x577.jpg 1024w, https:\/\/www.yorku.ca\/glendon\/wp-content\/uploads\/sites\/508\/2021\/12\/glendon-jalani-RGB_DSC_5693-400x225.jpg 400w, https:\/\/www.yorku.ca\/glendon\/wp-content\/uploads\/sites\/508\/2021\/12\/glendon-jalani-RGB_DSC_5693-1536x865.jpg 1536w, https:\/\/www.yorku.ca\/glendon\/wp-content\/uploads\/sites\/508\/2021\/12\/glendon-jalani-RGB_DSC_5693.jpg 1642w\" sizes=\"auto, (max-width: 1024px) 100vw, 1024px\" \/><\/figure>\n<\/div>\n\n\n\n<div class=\"wp-block-column is-layout-flow wp-block-column-is-layout-flow\" style=\"flex-basis:66.6%\">\n<h3 class=\"wp-block-heading\">Message du principal<\/h3>\n\n\n\n<hr class=\"wp-block-separator\"\/>\n\n\n\n<p>En ma qualit\u00e9 de principal, je suis fier de vous accueillir sur ce site Web. Glendon est le campus fondateur de l\u2019Universit\u00e9 York et l\u2019une de ses 11 facult\u00e9s.<\/p>\n\n\n\n<p>Situ\u00e9 dans la m\u00e9tropole cosmopolite de Toronto, le campus est am\u00e9nag\u00e9 sur le territoire ancestral de nombreuses nations autochtones. D\u2019ailleurs, Toronto est toujours le foyer d\u2019un grand nombre de peuples autochtones. Nous leur rendons hommage pour la sauvegarde de ce territoire et nous nous engageons quotidiennement \u00e0 continuer de le pr\u00e9server.<\/p>\n\n\n\n<p><strong>Glendon, c\u2019est une institution importante,<\/strong>&nbsp;un \u00e9l\u00e9ment cl\u00e9 de l\u2019Universit\u00e9 York, universit\u00e9 de renomm\u00e9e mondiale. Nos quelque 2500 \u00e9tudiants b\u00e9n\u00e9ficient des m\u00eames privil\u00e8ges que tous les autres membres de la grande famille de York, la troisi\u00e8me au Canada par la taille de sa population \u00e9tudiante. \u00c9tudier \u00e0 Glendon, c\u2019est se joindre \u00e0 cette grande institution, tout en fr\u00e9quentant un campus aux dimensions humaines.<\/p>\n\n\n\n<p><strong>Glendon s\u2019inscrit dans la tradition des arts lib\u00e9raux,<\/strong>&nbsp;mais il est unique dans le monde universitaire au Canada. Glendon s\u2019engage \u00e0 promouvoir le bilinguisme et le biculturalisme qui ont fait la renomm\u00e9e du Canada et il ne s\u2019arr\u00eate pas l\u00e0 : Glendon reconna\u00eet l\u2019importance de la pluralit\u00e9, du plurilinguisme et du multiculturalisme.<\/p>\n\n\n\n<p><strong>Glendon, c\u2019est une institution fi\u00e8re de sa diversit\u00e9.<\/strong>&nbsp;Notre population \u00e9tudiante, venue de partout au Canada et des quatre coins du monde, nous rappelle constamment le r\u00f4le de Glendon dans le monde, et l\u2019importance du monde pour Glendon. Le pluralisme et la diversit\u00e9 ne sont pas que des objectifs \u00e0 atteindre, mais des valeurs qui sous-tendent chacun des aspects de la vie universitaire et culturelle du campus. C\u2019est l\u00e0 notre force et notre vocation.<\/p>\n\n\n\n<p><strong>Glendon, c\u2019est une institution internationale.<\/strong>&nbsp;Que ce soit par les pr\u00e9occupations internationales de notre corps professoral, par la promotion des \u00e9changes \u00e0 l\u2019\u00e9tranger, ou par l\u2019orientation de nos programmes ouverts sur le monde, nous formons une population \u00e9tudiante pour des carri\u00e8res o\u00f9 les fronti\u00e8res ont de moins en moins d\u2019importance et d\u2019effet concret. \u00c0 Glendon, nous croyons que la cl\u00e9 du succ\u00e8s de toute formation universitaire pour le XXIe si\u00e8cle passe par la capacit\u00e9 d\u2019aplanir les barri\u00e8res linguistiques et culturelles et de communiquer au-del\u00e0 des limites du langage et de l\u2019expression culturelle. Avec un dipl\u00f4me de Glendon en main, le monde est \u00e0 votre port\u00e9e.<\/p>\n\n\n\n<p><strong>Glendon, c\u2019est une institution dynamique, en perp\u00e9tuel changement.<\/strong>&nbsp;Fond\u00e9 conform\u00e9ment \u00e0 la tradition des coll\u00e8ges d\u2019arts lib\u00e9raux dans les ann\u00e9es 1960, une \u00e8re qui a vu l\u2019\u00e9mergence de nombreux mouvements sociaux importants, Glendon s\u2019\u00e9tait alors engag\u00e9 \u00e0 r\u00e9pondre aux besoins de l\u2019\u00e9poque, une mission que nous continuons de remplir, ann\u00e9e apr\u00e8s ann\u00e9e, en harmonie avec les changements observ\u00e9s dans le monde et en fonction des besoins de la population \u00e9tudiante. Glendon revoit sans cesse sa&nbsp;<a href=\"https:\/\/www.glendon.yorku.ca\/futurestudents\/fr\/programmes\/premier-cycle\/\" rel=\"noreferrer noopener\" target=\"_blank\">programmation<\/a>, tout en continuant d\u2019offrir une programmation innovante ax\u00e9e sur les arts lib\u00e9raux. Les nouveaux programmes en&nbsp;<a href=\"https:\/\/www.glendon.yorku.ca\/communications\/fr\/\" rel=\"noreferrer noopener\" target=\"_blank\">communication<\/a>, en&nbsp;<a href=\"https:\/\/www.glendon.yorku.ca\/business-international\/fr\/\" rel=\"noreferrer noopener\" target=\"_blank\">administration des affaires<\/a>&nbsp;et en&nbsp;<a href=\"https:\/\/www.glendon.yorku.ca\/biology\/fr\/\" rel=\"noreferrer noopener\" target=\"_blank\">sciences<\/a>&nbsp;t\u00e9moignent de l\u2019innovation au c\u0153ur de Glendon. Cependant, nous maintenons fermement notre engagement envers notre vocation de coll\u00e8ge d\u2019arts lib\u00e9raux, une vocation qui fait l\u2019excellence de notre r\u00e9putation depuis plus d\u2019un demi-si\u00e8cle.<\/p>\n\n\n\n<p><strong>Glendon, c\u2019est une institution fi\u00e8re.<\/strong>&nbsp;Les&nbsp;<a href=\"https:\/\/www.glendon.yorku.ca\/alumni\/fr\/profils-des-diplomes\/\" rel=\"noreferrer noopener\" target=\"_blank\">dipl\u00f4m\u00e9s et dipl\u00f4m\u00e9es<\/a>&nbsp;de Glendon s\u2019illustrent et laissent leur marque dans les arts, les sciences, les communications, le service public, les relations internationales, pour ne nommer que quelques sph\u00e8res de la soci\u00e9t\u00e9. Tous et toutes ont choisi de fr\u00e9quenter Glendon, un campus aux dimensions modestes, parce qu\u2019il leur a permis d\u2019embrasser des carri\u00e8res et des projets de grande envergure, de changer le monde et de remettre en question les id\u00e9es re\u00e7ues.<\/p>\n\n\n\n<p><strong>Glendon, c\u2019est une communaut\u00e9 scientifique, engag\u00e9e envers la recherche.<\/strong>&nbsp;Notre population \u00e9tudiante, notre corps professoral et notre personnel cherchent sans rel\u00e2che \u00e0 r\u00e9pondre aux questions les plus pressantes que se pose la soci\u00e9t\u00e9 contemporaine. Qu\u2019il s\u2019agisse de racisme, de relations familiales, de la\u00efcit\u00e9 ou de convergence de l\u2019art et des mouvements sociaux, de l\u2019Union europ\u00e9enne, de la culture num\u00e9rique, du comportement des primates ou encore du contact entre les langues et les cultures, Glendon constitue une communaut\u00e9 de recherche et un terreau fertile o\u00f9 prennent naissance des id\u00e9es novatrices et inspirantes pour les chefs de file de demain.<\/p>\n\n\n\n<p><strong>Glendon, c\u2019est une institution inclusive.<\/strong>&nbsp;Notre mission est r\u00e9solument ax\u00e9e sur la cr\u00e9ation et la transmission de savoirs qui passent par l\u2019appr\u00e9hension de l\u2019inconnu et de l\u2019alt\u00e9rit\u00e9. Plus pertinent que jamais, Glendon ne se contente pas de d\u00e9fendre les principes d\u2019ouverture d\u2019esprit, de curiosit\u00e9 intellectuelle, d\u2019empathie culturelle, d\u2019\u00e9galit\u00e9 des genres, des droits de la communaut\u00e9 LBGTQ2S+, de lutte contre le racisme, de r\u00e9conciliation avec les peuples autochtones et d\u2019\u00e9panouissement mutuel. Notre approche passe par le prisme du plurilinguisme exp\u00e9rientiel, lequel nourrit un d\u00e9sir profond de se conna\u00eetre soi-m\u00eame et de chercher \u00e0 mieux conna\u00eetre les autres. \u00c0 Glendon, s\u2019engager sur la voie du plurilinguisme, c\u2019est plus qu\u2019une question de ma\u00eetrise de l\u2019orthographe et des verbes irr\u00e9guliers\u202f: c\u2019est un acte de reconnaissance de l\u2019importance de la diversit\u00e9 et de l\u2019inclusivit\u00e9.<\/p>\n\n\n\n<p>Notre devise, Alteri saeculo \u2013 pour les g\u00e9n\u00e9rations futures \u2013, nous rappelle que notre enseignement et nos recherches servent \u00e0 b\u00e2tir l\u2019avenir. Notre approche repose sur ce que l\u2019exp\u00e9rience nous a appris par le pass\u00e9, sur ce que nous observons du monde qui nous entoure, et sur notre engagement \u00e0 former les jeunes pour les g\u00e9n\u00e9rations \u00e0 venir.<\/p>\n\n\n\n<p><strong>Glendon, c\u2019est une institution pour la soci\u00e9t\u00e9 actuelle,<\/strong>&nbsp;un \u00e9tablissement d\u2019enseignement et de recherche universitaire vou\u00e9 \u00e0 pr\u00e9parer les jeunes \u00e0 imaginer et \u00e0 fa\u00e7onner le monde de demain.<\/p>\n\n\n\n<p><strong>Marco Fiola<\/strong><br>Principal<\/p>\n<\/div>\n<\/div>\n\n\n\n<div style=\"height:20px\" aria-hidden=\"true\" class=\"wp-block-spacer\"><\/div>\n<\/div>\n<\/div>\n\n\n\n<div style=\"height:40px\" aria-hidden=\"true\" class=\"wp-block-spacer\"><\/div>\n\n\n\n<p><meta charset=\"utf-8\">D\u00e9couvrez comment Glendon <a href=\"https:\/\/www.yorku.ca\/glendon\/strategicdirection\/?lang=fr\"><strong>d\u00e9finit l'avenir<\/strong><\/a>.<\/p>\n\n\n\n<div style=\"height:100px\" aria-hidden=\"true\" class=\"wp-block-spacer\"><\/div>\n\n\n","protected":false},"excerpt":{"rendered":"<p>Rencontrez Marco Fiola, directeur du coll\u00e8ge et du campus Glendon. Recevez un accueil en bonne et due forme dans la communaut\u00e9 amicale, solidaire et multiculturelle de Glendon. D\u00e9couvrez toutes les raisons pour lesquelles vous devriez choisir Glendon \u2014 un campus dynamique au c\u0153ur de Toronto, la plus grande et la plus diversifi\u00e9e des m\u00e9tropoles au [&hellip;]<\/p>\n","protected":false},"author":2166,"featured_media":6501,"parent":0,"menu_order":0,"comment_status":"closed","ping_status":"closed","template":"secondary-page.php","meta":{"_kad_blocks_custom_css":"","_kad_blocks_head_custom_js":"","_kad_blocks_body_custom_js":"","_kad_blocks_footer_custom_js":"","footnotes":""},"tags":[],"class_list":["post-20385","page","type-page","status-publish","has-post-thumbnail","hentry"],"acf":[],"yoast_head":"<!-- This site is optimized with the Yoast SEO plugin v24.0 - https:\/\/yoast.com\/wordpress\/plugins\/seo\/ -->\n<title>Rencontrez notre principal | Glendon Campus | Universit\u00e9 York<\/title>\n<meta name=\"description\" content=\"Rencontrez Marco Fiola, directeur du Coll\u00e8ge et Campus Glendon. Le leader qui fa\u00e7onne la communaut\u00e9 amicale, solidaire et multiculturelle de Glendon.\" \/>\n<meta name=\"robots\" content=\"index, follow, max-snippet:-1, max-image-preview:large, max-video-preview:-1\" \/>\n<link rel=\"canonical\" href=\"https:\/\/www.yorku.ca\/glendon\/rencontrez-notre-principal\/\" \/>\n<meta property=\"og:locale\" content=\"en_US\" \/>\n<meta property=\"og:type\" content=\"article\" \/>\n<meta property=\"og:title\" content=\"Rencontrez notre principal | Glendon Campus | Universit\u00e9 York\" \/>\n<meta property=\"og:description\" content=\"Rencontrez Marco Fiola, directeur du Coll\u00e8ge et Campus Glendon. Le leader qui fa\u00e7onne la communaut\u00e9 amicale, solidaire et multiculturelle de Glendon.\" \/>\n<meta property=\"og:url\" content=\"https:\/\/www.yorku.ca\/glendon\/rencontrez-notre-principal\/?lang=fr\" \/>\n<meta property=\"og:site_name\" content=\"Glendon Campus\" \/>\n<meta property=\"article:publisher\" content=\"https:\/\/www.facebook.com\/GlendonCampus\/\" \/>\n<meta property=\"article:modified_time\" content=\"2024-06-11T16:16:52+00:00\" \/>\n<meta property=\"og:image\" content=\"https:\/\/www.yorku.ca\/glendon\/wp-content\/uploads\/sites\/508\/2022\/09\/glendon-jalani-RGB_DSC_5693-feature.jpg\" \/>\n\t<meta property=\"og:image:width\" content=\"1642\" \/>\n\t<meta property=\"og:image:height\" content=\"654\" \/>\n\t<meta property=\"og:image:type\" content=\"image\/jpeg\" \/>\n<meta name=\"twitter:card\" content=\"summary_large_image\" \/>\n<meta name=\"twitter:site\" content=\"@glendoncampus\" \/>\n<meta name=\"twitter:label1\" content=\"Est. reading time\" \/>\n\t<meta name=\"twitter:data1\" content=\"5 minutes\" \/>\n<script type=\"application\/ld+json\" class=\"yoast-schema-graph\">{\"@context\":\"https:\/\/schema.org\",\"@graph\":[{\"@type\":\"WebPage\",\"@id\":\"https:\/\/www.yorku.ca\/glendon\/rencontrez-notre-principal\/?lang=fr\",\"url\":\"https:\/\/www.yorku.ca\/glendon\/rencontrez-notre-principal\/?lang=fr\",\"name\":\"Rencontrez notre principal | Glendon Campus | Universit\u00e9 York\",\"isPartOf\":{\"@id\":\"https:\/\/www.yorku.ca\/glendon\/#website\"},\"primaryImageOfPage\":{\"@id\":\"https:\/\/www.yorku.ca\/glendon\/rencontrez-notre-principal\/?lang=fr#primaryimage\"},\"image\":{\"@id\":\"https:\/\/www.yorku.ca\/glendon\/rencontrez-notre-principal\/?lang=fr#primaryimage\"},\"thumbnailUrl\":\"https:\/\/www.yorku.ca\/glendon\/wp-content\/uploads\/sites\/508\/2022\/09\/glendon-jalani-RGB_DSC_5693-feature.jpg\",\"datePublished\":\"2024-06-11T16:16:48+00:00\",\"dateModified\":\"2024-06-11T16:16:52+00:00\",\"description\":\"Rencontrez Marco Fiola, directeur du Coll\u00e8ge et Campus Glendon. Le leader qui fa\u00e7onne la communaut\u00e9 amicale, solidaire et multiculturelle de Glendon.\",\"breadcrumb\":{\"@id\":\"https:\/\/www.yorku.ca\/glendon\/rencontrez-notre-principal\/?lang=fr#breadcrumb\"},\"inLanguage\":\"en-US\",\"potentialAction\":[{\"@type\":\"ReadAction\",\"target\":[\"https:\/\/www.yorku.ca\/glendon\/rencontrez-notre-principal\/?lang=fr\"]}]},{\"@type\":\"ImageObject\",\"inLanguage\":\"en-US\",\"@id\":\"https:\/\/www.yorku.ca\/glendon\/rencontrez-notre-principal\/?lang=fr#primaryimage\",\"url\":\"https:\/\/www.yorku.ca\/glendon\/wp-content\/uploads\/sites\/508\/2022\/09\/glendon-jalani-RGB_DSC_5693-feature.jpg\",\"contentUrl\":\"https:\/\/www.yorku.ca\/glendon\/wp-content\/uploads\/sites\/508\/2022\/09\/glendon-jalani-RGB_DSC_5693-feature.jpg\",\"width\":1642,\"height\":654},{\"@type\":\"BreadcrumbList\",\"@id\":\"https:\/\/www.yorku.ca\/glendon\/rencontrez-notre-principal\/?lang=fr#breadcrumb\",\"itemListElement\":[{\"@type\":\"ListItem\",\"position\":1,\"name\":\"Home\",\"item\":\"\/glendon\/\"},{\"@type\":\"ListItem\",\"position\":2,\"name\":\"Glendon Campus\",\"item\":\"https:\/\/www.yorku.ca\/glendon\/\"},{\"@type\":\"ListItem\",\"position\":3,\"name\":\"Rencontrez notre principal\"}]},{\"@type\":\"WebSite\",\"@id\":\"https:\/\/www.yorku.ca\/glendon\/#website\",\"url\":\"https:\/\/www.yorku.ca\/glendon\/\",\"name\":\"Glendon Campus\",\"description\":\"\",\"publisher\":{\"@id\":\"https:\/\/www.yorku.ca\/glendon\/#organization\"},\"potentialAction\":[{\"@type\":\"SearchAction\",\"target\":{\"@type\":\"EntryPoint\",\"urlTemplate\":\"https:\/\/www.yorku.ca\/glendon\/?s={search_term_string}\"},\"query-input\":{\"@type\":\"PropertyValueSpecification\",\"valueRequired\":true,\"valueName\":\"search_term_string\"}}],\"inLanguage\":\"en-US\"},{\"@type\":\"Organization\",\"@id\":\"https:\/\/www.yorku.ca\/glendon\/#organization\",\"name\":\"Glendon Campus\",\"url\":\"https:\/\/www.yorku.ca\/glendon\/\",\"logo\":{\"@type\":\"ImageObject\",\"inLanguage\":\"en-US\",\"@id\":\"https:\/\/www.yorku.ca\/glendon\/#\/schema\/logo\/image\/\",\"url\":\"https:\/\/www.yorku.ca\/glendon\/wp-content\/uploads\/sites\/508\/2023\/07\/Glendon-Campus-YorkU-Logo-.png\",\"contentUrl\":\"https:\/\/www.yorku.ca\/glendon\/wp-content\/uploads\/sites\/508\/2023\/07\/Glendon-Campus-YorkU-Logo-.png\",\"width\":5516,\"height\":601,\"caption\":\"Glendon Campus\"},\"image\":{\"@id\":\"https:\/\/www.yorku.ca\/glendon\/#\/schema\/logo\/image\/\"},\"sameAs\":[\"https:\/\/www.facebook.com\/GlendonCampus\/\",\"https:\/\/x.com\/glendoncampus\",\"https:\/\/www.instagram.com\/glendoncampus\/\",\"https:\/\/www.linkedin.com\/school\/glendon-campus\/\",\"https:\/\/www.youtube.com\/channel\/UC8bu5ntS7ZMGCURI0C-uENQ\",\"https:\/\/en.wikipedia.org\/wiki\/Glendon_College\"]}]}<\/script>\n<!-- \/ Yoast SEO plugin. -->","yoast_head_json":{"title":"Rencontrez notre principal | Glendon Campus | Universit\u00e9 York","description":"Rencontrez Marco Fiola, directeur du Coll\u00e8ge et Campus Glendon. Le leader qui fa\u00e7onne la communaut\u00e9 amicale, solidaire et multiculturelle de Glendon.","robots":{"index":"index","follow":"follow","max-snippet":"max-snippet:-1","max-image-preview":"max-image-preview:large","max-video-preview":"max-video-preview:-1"},"canonical":"https:\/\/www.yorku.ca\/glendon\/rencontrez-notre-principal\/","og_locale":"en_US","og_type":"article","og_title":"Rencontrez notre principal | Glendon Campus | Universit\u00e9 York","og_description":"Rencontrez Marco Fiola, directeur du Coll\u00e8ge et Campus Glendon. Le leader qui fa\u00e7onne la communaut\u00e9 amicale, solidaire et multiculturelle de Glendon.","og_url":"https:\/\/www.yorku.ca\/glendon\/rencontrez-notre-principal\/?lang=fr","og_site_name":"Glendon Campus","article_publisher":"https:\/\/www.facebook.com\/GlendonCampus\/","article_modified_time":"2024-06-11T16:16:52+00:00","og_image":[{"width":1642,"height":654,"url":"https:\/\/www.yorku.ca\/glendon\/wp-content\/uploads\/sites\/508\/2022\/09\/glendon-jalani-RGB_DSC_5693-feature.jpg","type":"image\/jpeg"}],"twitter_card":"summary_large_image","twitter_site":"@glendoncampus","twitter_misc":{"Est. reading time":"5 minutes"},"schema":{"@context":"https:\/\/schema.org","@graph":[{"@type":"WebPage","@id":"https:\/\/www.yorku.ca\/glendon\/rencontrez-notre-principal\/?lang=fr","url":"https:\/\/www.yorku.ca\/glendon\/rencontrez-notre-principal\/?lang=fr","name":"Rencontrez notre principal | Glendon Campus | Universit\u00e9 York","isPartOf":{"@id":"https:\/\/www.yorku.ca\/glendon\/#website"},"primaryImageOfPage":{"@id":"https:\/\/www.yorku.ca\/glendon\/rencontrez-notre-principal\/?lang=fr#primaryimage"},"image":{"@id":"https:\/\/www.yorku.ca\/glendon\/rencontrez-notre-principal\/?lang=fr#primaryimage"},"thumbnailUrl":"https:\/\/www.yorku.ca\/glendon\/wp-content\/uploads\/sites\/508\/2022\/09\/glendon-jalani-RGB_DSC_5693-feature.jpg","datePublished":"2024-06-11T16:16:48+00:00","dateModified":"2024-06-11T16:16:52+00:00","description":"Rencontrez Marco Fiola, directeur du Coll\u00e8ge et Campus Glendon. Le leader qui fa\u00e7onne la communaut\u00e9 amicale, solidaire et multiculturelle de Glendon.","breadcrumb":{"@id":"https:\/\/www.yorku.ca\/glendon\/rencontrez-notre-principal\/?lang=fr#breadcrumb"},"inLanguage":"en-US","potentialAction":[{"@type":"ReadAction","target":["https:\/\/www.yorku.ca\/glendon\/rencontrez-notre-principal\/?lang=fr"]}]},{"@type":"ImageObject","inLanguage":"en-US","@id":"https:\/\/www.yorku.ca\/glendon\/rencontrez-notre-principal\/?lang=fr#primaryimage","url":"https:\/\/www.yorku.ca\/glendon\/wp-content\/uploads\/sites\/508\/2022\/09\/glendon-jalani-RGB_DSC_5693-feature.jpg","contentUrl":"https:\/\/www.yorku.ca\/glendon\/wp-content\/uploads\/sites\/508\/2022\/09\/glendon-jalani-RGB_DSC_5693-feature.jpg","width":1642,"height":654},{"@type":"BreadcrumbList","@id":"https:\/\/www.yorku.ca\/glendon\/rencontrez-notre-principal\/?lang=fr#breadcrumb","itemListElement":[{"@type":"ListItem","position":1,"name":"Home","item":"\/glendon\/"},{"@type":"ListItem","position":2,"name":"Glendon Campus","item":"https:\/\/www.yorku.ca\/glendon\/"},{"@type":"ListItem","position":3,"name":"Rencontrez notre principal"}]},{"@type":"WebSite","@id":"https:\/\/www.yorku.ca\/glendon\/#website","url":"https:\/\/www.yorku.ca\/glendon\/","name":"Glendon Campus","description":"","publisher":{"@id":"https:\/\/www.yorku.ca\/glendon\/#organization"},"potentialAction":[{"@type":"SearchAction","target":{"@type":"EntryPoint","urlTemplate":"https:\/\/www.yorku.ca\/glendon\/?s={search_term_string}"},"query-input":{"@type":"PropertyValueSpecification","valueRequired":true,"valueName":"search_term_string"}}],"inLanguage":"en-US"},{"@type":"Organization","@id":"https:\/\/www.yorku.ca\/glendon\/#organization","name":"Glendon Campus","url":"https:\/\/www.yorku.ca\/glendon\/","logo":{"@type":"ImageObject","inLanguage":"en-US","@id":"https:\/\/www.yorku.ca\/glendon\/#\/schema\/logo\/image\/","url":"https:\/\/www.yorku.ca\/glendon\/wp-content\/uploads\/sites\/508\/2023\/07\/Glendon-Campus-YorkU-Logo-.png","contentUrl":"https:\/\/www.yorku.ca\/glendon\/wp-content\/uploads\/sites\/508\/2023\/07\/Glendon-Campus-YorkU-Logo-.png","width":5516,"height":601,"caption":"Glendon Campus"},"image":{"@id":"https:\/\/www.yorku.ca\/glendon\/#\/schema\/logo\/image\/"},"sameAs":["https:\/\/www.facebook.com\/GlendonCampus\/","https:\/\/x.com\/glendoncampus","https:\/\/www.instagram.com\/glendoncampus\/","https:\/\/www.linkedin.com\/school\/glendon-campus\/","https:\/\/www.youtube.com\/channel\/UC8bu5ntS7ZMGCURI0C-uENQ","https:\/\/en.wikipedia.org\/wiki\/Glendon_College"]}]}},"taxonomy_info":[],"featured_image_src_large":["https:\/\/www.yorku.ca\/glendon\/wp-content\/uploads\/sites\/508\/2022\/09\/glendon-jalani-RGB_DSC_5693-feature-1024x408.jpg",1024,408,true],"author_info":{"display_name":"pandassi","author_link":"https:\/\/www.yorku.ca\/glendon\/author\/pandassi\/"},"comment_info":0,"_links":{"self":[{"href":"https:\/\/www.yorku.ca\/glendon\/wp-json\/wp\/v2\/pages\/20385","targetHints":{"allow":["GET"]}}],"collection":[{"href":"https:\/\/www.yorku.ca\/glendon\/wp-json\/wp\/v2\/pages"}],"about":[{"href":"https:\/\/www.yorku.ca\/glendon\/wp-json\/wp\/v2\/types\/page"}],"author":[{"embeddable":true,"href":"https:\/\/www.yorku.ca\/glendon\/wp-json\/wp\/v2\/users\/2166"}],"replies":[{"embeddable":true,"href":"https:\/\/www.yorku.ca\/glendon\/wp-json\/wp\/v2\/comments?post=20385"}],"version-history":[{"count":1,"href":"https:\/\/www.yorku.ca\/glendon\/wp-json\/wp\/v2\/pages\/20385\/revisions"}],"predecessor-version":[{"id":20386,"href":"https:\/\/www.yorku.ca\/glendon\/wp-json\/wp\/v2\/pages\/20385\/revisions\/20386"}],"wp:featuredmedia":[{"embeddable":true,"href":"https:\/\/www.yorku.ca\/glendon\/wp-json\/wp\/v2\/media\/6501"}],"wp:attachment":[{"href":"https:\/\/www.yorku.ca\/glendon\/wp-json\/wp\/v2\/media?parent=20385"}],"wp:term":[{"taxonomy":"post_tag","embeddable":true,"href":"https:\/\/www.yorku.ca\/glendon\/wp-json\/wp\/v2\/tags?post=20385"}],"curies":[{"name":"wp","href":"https:\/\/api.w.org\/{rel}","templated":true}]}}