  {"id":14905,"date":"2023-07-25T16:16:48","date_gmt":"2023-07-25T20:16:48","guid":{"rendered":"https:\/\/www.yorku.ca\/glendon\/?page_id=14905"},"modified":"2025-08-13T10:56:37","modified_gmt":"2025-08-13T14:56:37","slug":"arriving-at-glendon","status":"publish","type":"page","link":"https:\/\/www.yorku.ca\/glendon\/international-students\/arriving-at-glendon\/?lang=fr","title":{"rendered":"Votre arriv\u00e9e \u00e0 Glendon"},"content":{"rendered":"\n<p>Bienvenue \u00e0 Glendon! Que vous vous appr\u00eatiez \u00e0&nbsp; vous joindre \u00e0 nous durant l\u2019\u00e9t\u00e9, l\u2019automne ou l\u2019hiver, les renseignements ci-dessous vous aideront \u00e0 vous pr\u00e9parer \u00e0 la vie \u00e0 Glendon et au Canada.&nbsp;<\/p>\n\n\n\n<div style=\"height:24px\" aria-hidden=\"true\" class=\"wp-block-spacer\"><\/div>\n\n\n\n<h2 class=\"wp-block-heading\">Pr\u00e9parations avant le d\u00e9part<\/h2>\n\n\n<style>.kt-accordion-id14905_e5e3a0-6d .kt-accordion-inner-wrap{column-gap:var(--global-kb-gap-md, 2rem);row-gap:8px;}.kt-accordion-id14905_e5e3a0-6d .kt-accordion-panel-inner{padding-top:var(--global-kb-spacing-sm, 1.5rem);padding-right:var(--global-kb-spacing-sm, 1.5rem);padding-bottom:var(--global-kb-spacing-sm, 1.5rem);padding-left:var(--global-kb-spacing-sm, 1.5rem);}.kt-accordion-id14905_e5e3a0-6d .wp-block-kadence-pane .kt-accordion-header-wrap .kt-blocks-accordion-header{padding-top:var(--global-kb-spacing-xxs, 0.5rem);padding-right:var(--global-kb-spacing-xs, 1rem);padding-bottom:var(--global-kb-spacing-xxs, 0.5rem);padding-left:var(--global-kb-spacing-xs, 1rem);}@media all and (max-width: 767px){.kt-accordion-id14905_e5e3a0-6d .kt-accordion-inner-wrap{display:block;}.kt-accordion-id14905_e5e3a0-6d .kt-accordion-inner-wrap .kt-accordion-pane:not(:first-child){margin-top:8px;}}<\/style>\n<div class=\"wp-block-kadence-accordion alignnone\"><div class=\"kt-accordion-wrap kt-accordion-id14905_e5e3a0-6d kt-accordion-has-7-panes kt-active-pane-0 kt-accordion-block kt-pane-header-alignment-left kt-accodion-icon-style-arrow kt-accodion-icon-side-right\" style=\"max-width:none\"><div class=\"kt-accordion-inner-wrap\" data-allow-multiple-open=\"true\" data-start-open=\"0\">\n<div class=\"wp-block-kadence-pane kt-accordion-pane kt-accordion-pane-4 kt-pane14905_4b7576-64\"><div class=\"kt-accordion-header-wrap\"><button class=\"kt-blocks-accordion-header kt-acccordion-button-label-show\" type=\"button\"><span class=\"kt-blocks-accordion-title-wrap\"><span class=\"kt-blocks-accordion-title\">Le logement<\/span><\/span><span class=\"kt-blocks-accordion-icon-trigger\"><\/span><\/button><\/div><div class=\"kt-accordion-panel kt-accordion-panel-hidden\"><div class=\"kt-accordion-panel-inner\">\n<p>Avez-vous d\u00e9j\u00e0 d\u00e9cid\u00e9 o\u00f9 vous vivrez quand vous arriverez au Canada<s> <\/s>? Vivre en r\u00e9sidence est un excellent moyen de participer \u00e0 la vie universitaire et \u00e0 la vie du campus. Cela vous \u00e9vite \u00e9galement le stress de la recherche d\u2019un logement hors campus sur le march\u00e9 locatif tendu de Toronto. Les r\u00e9sidences ouvriront leurs portes aux \u00e9tudiants de premi\u00e8re ann\u00e9e le samedi 24 ao\u00fbt. Pour faire une demande de r\u00e9sidence et en savoir plus, veuillez consulter <a href=\"https:\/\/www.yorku.ca\/housing\/residences-glendon\/?lang=fr\" target=\"_blank\" rel=\"noreferrer noopener\">le site Web du logement<\/a>.\u00a0<\/p>\n<\/div><\/div><\/div>\n<\/div><\/div><\/div>\n\n\n\n<div style=\"height:50px\" aria-hidden=\"true\" class=\"wp-block-spacer\"><\/div>\n\n\n\n<h2 class=\"wp-block-heading\">L\u2019arriv\u00e9e au Canada<\/h2>\n\n\n<style>.kt-accordion-id14905_8bb155-9a .kt-accordion-inner-wrap{column-gap:var(--global-kb-gap-md, 2rem);row-gap:8px;}.kt-accordion-id14905_8bb155-9a .kt-accordion-panel-inner{padding-top:var(--global-kb-spacing-sm, 1.5rem);padding-right:var(--global-kb-spacing-sm, 1.5rem);padding-bottom:var(--global-kb-spacing-sm, 1.5rem);padding-left:var(--global-kb-spacing-sm, 1.5rem);}.kt-accordion-id14905_8bb155-9a .wp-block-kadence-pane .kt-accordion-header-wrap .kt-blocks-accordion-header{padding-top:var(--global-kb-spacing-xxs, 0.5rem);padding-right:var(--global-kb-spacing-xs, 1rem);padding-bottom:var(--global-kb-spacing-xxs, 0.5rem);padding-left:var(--global-kb-spacing-xs, 1rem);}@media all and (max-width: 767px){.kt-accordion-id14905_8bb155-9a .kt-accordion-inner-wrap{display:block;}.kt-accordion-id14905_8bb155-9a .kt-accordion-inner-wrap .kt-accordion-pane:not(:first-child){margin-top:8px;}}<\/style>\n<div class=\"wp-block-kadence-accordion alignnone\"><div class=\"kt-accordion-wrap kt-accordion-id14905_8bb155-9a kt-accordion-has-6-panes kt-active-pane-0 kt-accordion-block kt-pane-header-alignment-left kt-accodion-icon-style-arrow kt-accodion-icon-side-right\" style=\"max-width:none\"><div class=\"kt-accordion-inner-wrap\" data-allow-multiple-open=\"true\" data-start-open=\"0\">\n<div class=\"wp-block-kadence-pane kt-accordion-pane kt-accordion-pane-6 kt-pane14905_2c9726-b7\"><div class=\"kt-accordion-header-wrap\"><button class=\"kt-blocks-accordion-header kt-acccordion-button-label-show\" type=\"button\"><span class=\"kt-blocks-accordion-title-wrap\"><span class=\"kt-blocks-accordion-title\">Permis d\u2019\u00e9tudes et immigration&nbsp;<\/span><\/span><span class=\"kt-blocks-accordion-icon-trigger\"><\/span><\/button><\/div><div class=\"kt-accordion-panel kt-accordion-panel-hidden\"><div class=\"kt-accordion-panel-inner\">\n<p>En tant qu\u2019\u00e9tudiant\u00b7e international\u00b7e, vous aurez besoin d\u2019un permis d\u2019\u00e9tudes pour entrer et rester au Canada pendant la dur\u00e9e de vos \u00e9tudes. Pour plus d\u2019informations, consultez le <a href=\"https:\/\/yorkinternational.yorku.ca\/immigration-overview\/\" target=\"_blank\" rel=\"noreferrer noopener\">site Web de York International.<\/a><\/p>\n<\/div><\/div><\/div>\n\n\n\n<div class=\"wp-block-kadence-pane kt-accordion-pane kt-accordion-pane-3 kt-pane14905_6a59e3-fd\"><div class=\"kt-accordion-header-wrap\"><button class=\"kt-blocks-accordion-header kt-acccordion-button-label-show\" type=\"button\"><span class=\"kt-blocks-accordion-title-wrap\"><span class=\"kt-blocks-accordion-title\">Documents \u00e0 apporter<\/span><\/span><span class=\"kt-blocks-accordion-icon-trigger\"><\/span><\/button><\/div><div class=\"kt-accordion-panel kt-accordion-panel-hidden\"><div class=\"kt-accordion-panel-inner\">\n<p>Lorsque vous arriverez \u00e0 l\u2019a\u00e9roport international Pearson de Toronto, vous vous pr\u00e9senterez \u00e0 un agent d\u2019immigration canadien. Consultez la liste des documents que vous devez <a href=\"https:\/\/yorkinternational.yorku.ca\/arriving-in-toronto-and-york-university\/\" target=\"_blank\" rel=\"noreferrer noopener\">apporter ici<\/a>.&nbsp;<\/p>\n<\/div><\/div><\/div>\n<\/div><\/div><\/div>\n\n\n\n<div style=\"height:50px\" aria-hidden=\"true\" class=\"wp-block-spacer\"><\/div>\n\n\n\n<div class=\"wp-block-buttons is-layout-flex wp-block-buttons-is-layout-flex\">\n<div class=\"wp-block-button\"><a class=\"wp-block-button__link has-background wp-element-button\" href=\"https:\/\/www.yorku.ca\/glendon\/wp-content\/uploads\/sites\/508\/2025\/05\/Guide-de-letudiant.e-international.e.pdf\" style=\"background-color:#004b8d\">Guide de l'\u00e9tudiant\u00b7e international\u00b7e<\/a><\/div>\n<\/div>\n\n\n\n<div style=\"height:49px\" aria-hidden=\"true\" class=\"wp-block-spacer\"><\/div>\n\n\n\n<h2 class=\"wp-block-heading\">Apprendre \u00e0 conna\u00eetre le Canada<\/h2>\n\n\n\n<p>Pour en savoir plus sur le Canada et l\u2019Ontario, regardez ces <a href=\"https:\/\/www.internationalstudentconnect.org\/fr\/vid%C3%A9ointroduction-%C3%A0-l%E2%80%99ontario\" target=\"_blank\" rel=\"noreferrer noopener\">vid\u00e9os ici<\/a><s> <\/s>! Vous pouvez trouver des informations sur la g\u00e9ographie, les peuples fondateurs et la culture du Canada <a href=\"https:\/\/www.internationalstudentconnect.org\/fr\/%C3%A9tudier-au-canada\" target=\"_blank\" rel=\"noreferrer noopener\">ici<\/a>.<\/p>\n\n\n\n<div style=\"height:39px\" aria-hidden=\"true\" class=\"wp-block-spacer\"><\/div>\n\n\n\n<h2 class=\"wp-block-heading mb-3\">Pour nous contacter<\/h2>\n\n\n\n<div class=\"wp-block-columns contact-block is-layout-flex wp-container-core-columns-is-layout-1 wp-block-columns-is-layout-flex\">\n<div class=\"wp-block-column is-layout-flow wp-block-column-is-layout-flow\">\n<h3 class=\"wp-block-heading h6 text-uppercase text-primary border-bottom pb-2 mb-2\">Affaires \u00e9tudiantes\u202f:<\/h3>\n\n\n\n<p>Nous sommes l\u00e0 pour vous aider<s> <\/s>! Si vous avez des questions, n\u2019h\u00e9sitez pas \u00e0 nous contacter \u00e0:<\/p>\n\n\n\n<p><strong><meta charset=\"utf-8\"><\/strong><i class=\"fas fa-envelope\"><\/i> <meta charset=\"utf-8\"><a href=\"mailto:studentaffairs@glendon.yorku.ca\">studentaffairs@glendon.yorku.ca<\/a><\/p>\n\n\n\n<p><meta charset=\"utf-8\"><i class=\"fas fa-phone\"><\/i> 416-487-6716 (pendant les heures de bureau)<\/p>\n\n\n\n<p><meta charset=\"utf-8\"><\/meta><i class=\"fas fa-map-marker\"><\/i> 2275 Bayview Avenue, North York, ON M4N 3M6, Bureau YH B108.\u00a0<\/p>\n\n\n\n<div style=\"height:16px\" aria-hidden=\"true\" class=\"wp-block-spacer\"><\/div>\n<\/div>\n\n\n\n<div class=\"wp-block-column is-layout-flow wp-block-column-is-layout-flow\">\n<h3 class=\"wp-block-heading h6 text-uppercase text-primary border-bottom pb-2 mb-2\">Urgences en mati\u00e8re de s\u00e9curit\u00e9 et situations urgentes\u202f:<\/h3>\n\n\n\n<p>En cas de danger de mort, lorsque des personnes ou des biens sont en danger imm\u00e9diat\u202f:&nbsp;&nbsp;<\/p>\n\n\n\n<ol class=\"wp-block-list\">\n<li>Appelez d\u2019abord les services d\u2019urgence 911 (police, ambulance, pompiers).&nbsp;&nbsp;<\/li>\n\n\n\n<li>Appelez ensuite les Services de s\u00e9curit\u00e9 de York au 416-736-5333, ou au 416-736-5470 pour les ATS.&nbsp;&nbsp;<\/li>\n<\/ol>\n\n\n\n<div style=\"height:22px\" aria-hidden=\"true\" class=\"wp-block-spacer\"><\/div>\n\n\n\n<h3 class=\"wp-block-heading h6 text-uppercase text-primary border-bottom pb-2 mb-2\">Questions de s\u00e9curit\u00e9 non urgentes\u202f:&nbsp;&nbsp;<\/h3>\n\n\n\n<p>Pour signaler un incident de s\u00e9curit\u00e9 non urgent aux Services de s\u00e9curit\u00e9 de York\u202f:<\/p>\n\n\n\n<p>Appelez le 416-650-8000 ou, pour les ATS, le 416-736-5470.&nbsp;<\/p>\n<\/div>\n<\/div>\n","protected":false},"excerpt":{"rendered":"<p>Bienvenue \u00e0 Glendon! Que vous vous appr\u00eatiez \u00e0&nbsp; vous joindre \u00e0 nous durant l\u2019\u00e9t\u00e9, l\u2019automne ou l\u2019hiver, les renseignements ci-dessous vous aideront \u00e0 vous pr\u00e9parer \u00e0 la vie \u00e0 Glendon et au Canada.&nbsp; Pr\u00e9parations avant le d\u00e9part L\u2019arriv\u00e9e au Canada Apprendre \u00e0 conna\u00eetre le Canada Pour en savoir plus sur le Canada et l\u2019Ontario, regardez [&hellip;]<\/p>\n","protected":false},"author":1911,"featured_media":0,"parent":10477,"menu_order":0,"comment_status":"closed","ping_status":"closed","template":"","meta":{"_kad_blocks_custom_css":"","_kad_blocks_head_custom_js":"","_kad_blocks_body_custom_js":"","_kad_blocks_footer_custom_js":"","footnotes":""},"tags":[],"class_list":["post-14905","page","type-page","status-publish","hentry"],"acf":[],"yoast_head":"<!-- This site is optimized with the Yoast SEO plugin v24.0 - https:\/\/yoast.com\/wordpress\/plugins\/seo\/ -->\n<title>Votre arriv\u00e9 au Campus Glendon | Universit\u00e9 York<\/title>\n<meta name=\"description\" content=\"Pr\u00e9parez-vous pour votre premier jour au campus Glendon de l&#039;Universit\u00e9 York en tant qu&#039;\u00e9tudiant international en obtenant votre permis d&#039;\u00e9tudes, en planifiant votre immigration et en vous pr\u00e9parant \u00e0 votre nouveau parcours acad\u00e9mique.\" \/>\n<meta name=\"robots\" content=\"index, follow, max-snippet:-1, max-image-preview:large, max-video-preview:-1\" \/>\n<link rel=\"canonical\" href=\"https:\/\/www.yorku.ca\/glendon\/international-students\/arriving-at-glendon\/\" \/>\n<meta property=\"og:locale\" content=\"en_US\" \/>\n<meta property=\"og:type\" content=\"article\" \/>\n<meta property=\"og:title\" content=\"Votre arriv\u00e9 au Campus Glendon | Universit\u00e9 York\" \/>\n<meta property=\"og:description\" content=\"Pr\u00e9parez-vous pour votre premier jour au campus Glendon de l&#039;Universit\u00e9 York en tant qu&#039;\u00e9tudiant international en obtenant votre permis d&#039;\u00e9tudes, en planifiant votre immigration et en vous pr\u00e9parant \u00e0 votre nouveau parcours acad\u00e9mique.\" \/>\n<meta property=\"og:url\" content=\"https:\/\/www.yorku.ca\/glendon\/international-students\/arriving-at-glendon\/?lang=fr\" \/>\n<meta property=\"og:site_name\" content=\"Glendon Campus\" \/>\n<meta property=\"article:publisher\" content=\"https:\/\/www.facebook.com\/GlendonCampus\/\" \/>\n<meta property=\"article:modified_time\" content=\"2025-08-13T14:56:37+00:00\" \/>\n<meta property=\"og:image\" content=\"https:\/\/www.yorku.ca\/glendon\/wp-content\/uploads\/sites\/508\/2021\/10\/glendon-campus-Glendon-Overall_Aerial-3.jpg\" \/>\n\t<meta property=\"og:image:width\" content=\"1642\" \/>\n\t<meta property=\"og:image:height\" content=\"925\" \/>\n\t<meta property=\"og:image:type\" content=\"image\/jpeg\" \/>\n<meta name=\"twitter:card\" content=\"summary_large_image\" \/>\n<meta name=\"twitter:site\" content=\"@glendoncampus\" \/>\n<meta name=\"twitter:label1\" content=\"Est. reading time\" \/>\n\t<meta name=\"twitter:data1\" content=\"6 minutes\" \/>\n<script type=\"application\/ld+json\" class=\"yoast-schema-graph\">{\"@context\":\"https:\/\/schema.org\",\"@graph\":[{\"@type\":\"WebPage\",\"@id\":\"https:\/\/www.yorku.ca\/glendon\/international-students\/arriving-at-glendon\/?lang=fr\",\"url\":\"https:\/\/www.yorku.ca\/glendon\/international-students\/arriving-at-glendon\/?lang=fr\",\"name\":\"Votre arriv\u00e9 au Campus Glendon | Universit\u00e9 York\",\"isPartOf\":{\"@id\":\"https:\/\/www.yorku.ca\/glendon\/#website\"},\"datePublished\":\"2023-07-25T20:16:48+00:00\",\"dateModified\":\"2025-08-13T14:56:37+00:00\",\"description\":\"Pr\u00e9parez-vous pour votre premier jour au campus Glendon de l'Universit\u00e9 York en tant qu'\u00e9tudiant international en obtenant votre permis d'\u00e9tudes, en planifiant votre immigration et en vous pr\u00e9parant \u00e0 votre nouveau parcours acad\u00e9mique.\",\"breadcrumb\":{\"@id\":\"https:\/\/www.yorku.ca\/glendon\/international-students\/arriving-at-glendon\/?lang=fr#breadcrumb\"},\"inLanguage\":\"en-US\",\"potentialAction\":[{\"@type\":\"ReadAction\",\"target\":[\"https:\/\/www.yorku.ca\/glendon\/international-students\/arriving-at-glendon\/?lang=fr\"]}]},{\"@type\":\"BreadcrumbList\",\"@id\":\"https:\/\/www.yorku.ca\/glendon\/international-students\/arriving-at-glendon\/?lang=fr#breadcrumb\",\"itemListElement\":[{\"@type\":\"ListItem\",\"position\":1,\"name\":\"Home\",\"item\":\"https:\/\/www.yorku.ca\/glendon\/\"},{\"@type\":\"ListItem\",\"position\":2,\"name\":\"Pour la population \u00e9tudiante internationale\",\"item\":\"https:\/\/www.yorku.ca\/glendon\/international-students\/\"},{\"@type\":\"ListItem\",\"position\":3,\"name\":\"Votre arriv\u00e9e \u00e0 Glendon\"}]},{\"@type\":\"WebSite\",\"@id\":\"https:\/\/www.yorku.ca\/glendon\/#website\",\"url\":\"https:\/\/www.yorku.ca\/glendon\/\",\"name\":\"Glendon Campus\",\"description\":\"\",\"publisher\":{\"@id\":\"https:\/\/www.yorku.ca\/glendon\/#organization\"},\"potentialAction\":[{\"@type\":\"SearchAction\",\"target\":{\"@type\":\"EntryPoint\",\"urlTemplate\":\"https:\/\/www.yorku.ca\/glendon\/?s={search_term_string}\"},\"query-input\":{\"@type\":\"PropertyValueSpecification\",\"valueRequired\":true,\"valueName\":\"search_term_string\"}}],\"inLanguage\":\"en-US\"},{\"@type\":\"Organization\",\"@id\":\"https:\/\/www.yorku.ca\/glendon\/#organization\",\"name\":\"Glendon Campus\",\"url\":\"https:\/\/www.yorku.ca\/glendon\/\",\"logo\":{\"@type\":\"ImageObject\",\"inLanguage\":\"en-US\",\"@id\":\"https:\/\/www.yorku.ca\/glendon\/#\/schema\/logo\/image\/\",\"url\":\"https:\/\/www.yorku.ca\/glendon\/wp-content\/uploads\/sites\/508\/2023\/07\/Glendon-Campus-YorkU-Logo-.png\",\"contentUrl\":\"https:\/\/www.yorku.ca\/glendon\/wp-content\/uploads\/sites\/508\/2023\/07\/Glendon-Campus-YorkU-Logo-.png\",\"width\":5516,\"height\":601,\"caption\":\"Glendon Campus\"},\"image\":{\"@id\":\"https:\/\/www.yorku.ca\/glendon\/#\/schema\/logo\/image\/\"},\"sameAs\":[\"https:\/\/www.facebook.com\/GlendonCampus\/\",\"https:\/\/x.com\/glendoncampus\",\"https:\/\/www.instagram.com\/glendoncampus\/\",\"https:\/\/www.linkedin.com\/school\/glendon-campus\/\",\"https:\/\/www.youtube.com\/channel\/UC8bu5ntS7ZMGCURI0C-uENQ\",\"https:\/\/en.wikipedia.org\/wiki\/Glendon_College\"]}]}<\/script>\n<!-- \/ Yoast SEO plugin. -->","yoast_head_json":{"title":"Votre arriv\u00e9 au Campus Glendon | Universit\u00e9 York","description":"Pr\u00e9parez-vous pour votre premier jour au campus Glendon de l'Universit\u00e9 York en tant qu'\u00e9tudiant international en obtenant votre permis d'\u00e9tudes, en planifiant votre immigration et en vous pr\u00e9parant \u00e0 votre nouveau parcours acad\u00e9mique.","robots":{"index":"index","follow":"follow","max-snippet":"max-snippet:-1","max-image-preview":"max-image-preview:large","max-video-preview":"max-video-preview:-1"},"canonical":"https:\/\/www.yorku.ca\/glendon\/international-students\/arriving-at-glendon\/","og_locale":"en_US","og_type":"article","og_title":"Votre arriv\u00e9 au Campus Glendon | Universit\u00e9 York","og_description":"Pr\u00e9parez-vous pour votre premier jour au campus Glendon de l'Universit\u00e9 York en tant qu'\u00e9tudiant international en obtenant votre permis d'\u00e9tudes, en planifiant votre immigration et en vous pr\u00e9parant \u00e0 votre nouveau parcours acad\u00e9mique.","og_url":"https:\/\/www.yorku.ca\/glendon\/international-students\/arriving-at-glendon\/?lang=fr","og_site_name":"Glendon Campus","article_publisher":"https:\/\/www.facebook.com\/GlendonCampus\/","article_modified_time":"2025-08-13T14:56:37+00:00","og_image":[{"width":1642,"height":925,"url":"https:\/\/www.yorku.ca\/glendon\/wp-content\/uploads\/sites\/508\/2021\/10\/glendon-campus-Glendon-Overall_Aerial-3.jpg","type":"image\/jpeg"}],"twitter_card":"summary_large_image","twitter_site":"@glendoncampus","twitter_misc":{"Est. reading time":"6 minutes"},"schema":{"@context":"https:\/\/schema.org","@graph":[{"@type":"WebPage","@id":"https:\/\/www.yorku.ca\/glendon\/international-students\/arriving-at-glendon\/?lang=fr","url":"https:\/\/www.yorku.ca\/glendon\/international-students\/arriving-at-glendon\/?lang=fr","name":"Votre arriv\u00e9 au Campus Glendon | Universit\u00e9 York","isPartOf":{"@id":"https:\/\/www.yorku.ca\/glendon\/#website"},"datePublished":"2023-07-25T20:16:48+00:00","dateModified":"2025-08-13T14:56:37+00:00","description":"Pr\u00e9parez-vous pour votre premier jour au campus Glendon de l'Universit\u00e9 York en tant qu'\u00e9tudiant international en obtenant votre permis d'\u00e9tudes, en planifiant votre immigration et en vous pr\u00e9parant \u00e0 votre nouveau parcours acad\u00e9mique.","breadcrumb":{"@id":"https:\/\/www.yorku.ca\/glendon\/international-students\/arriving-at-glendon\/?lang=fr#breadcrumb"},"inLanguage":"en-US","potentialAction":[{"@type":"ReadAction","target":["https:\/\/www.yorku.ca\/glendon\/international-students\/arriving-at-glendon\/?lang=fr"]}]},{"@type":"BreadcrumbList","@id":"https:\/\/www.yorku.ca\/glendon\/international-students\/arriving-at-glendon\/?lang=fr#breadcrumb","itemListElement":[{"@type":"ListItem","position":1,"name":"Home","item":"https:\/\/www.yorku.ca\/glendon\/"},{"@type":"ListItem","position":2,"name":"Pour la population \u00e9tudiante internationale","item":"https:\/\/www.yorku.ca\/glendon\/international-students\/"},{"@type":"ListItem","position":3,"name":"Votre arriv\u00e9e \u00e0 Glendon"}]},{"@type":"WebSite","@id":"https:\/\/www.yorku.ca\/glendon\/#website","url":"https:\/\/www.yorku.ca\/glendon\/","name":"Glendon Campus","description":"","publisher":{"@id":"https:\/\/www.yorku.ca\/glendon\/#organization"},"potentialAction":[{"@type":"SearchAction","target":{"@type":"EntryPoint","urlTemplate":"https:\/\/www.yorku.ca\/glendon\/?s={search_term_string}"},"query-input":{"@type":"PropertyValueSpecification","valueRequired":true,"valueName":"search_term_string"}}],"inLanguage":"en-US"},{"@type":"Organization","@id":"https:\/\/www.yorku.ca\/glendon\/#organization","name":"Glendon Campus","url":"https:\/\/www.yorku.ca\/glendon\/","logo":{"@type":"ImageObject","inLanguage":"en-US","@id":"https:\/\/www.yorku.ca\/glendon\/#\/schema\/logo\/image\/","url":"https:\/\/www.yorku.ca\/glendon\/wp-content\/uploads\/sites\/508\/2023\/07\/Glendon-Campus-YorkU-Logo-.png","contentUrl":"https:\/\/www.yorku.ca\/glendon\/wp-content\/uploads\/sites\/508\/2023\/07\/Glendon-Campus-YorkU-Logo-.png","width":5516,"height":601,"caption":"Glendon Campus"},"image":{"@id":"https:\/\/www.yorku.ca\/glendon\/#\/schema\/logo\/image\/"},"sameAs":["https:\/\/www.facebook.com\/GlendonCampus\/","https:\/\/x.com\/glendoncampus","https:\/\/www.instagram.com\/glendoncampus\/","https:\/\/www.linkedin.com\/school\/glendon-campus\/","https:\/\/www.youtube.com\/channel\/UC8bu5ntS7ZMGCURI0C-uENQ","https:\/\/en.wikipedia.org\/wiki\/Glendon_College"]}]}},"taxonomy_info":[],"featured_image_src_large":false,"author_info":{"display_name":"ab0701","author_link":"https:\/\/www.yorku.ca\/glendon\/author\/ab0701\/"},"comment_info":0,"_links":{"self":[{"href":"https:\/\/www.yorku.ca\/glendon\/wp-json\/wp\/v2\/pages\/14905","targetHints":{"allow":["GET"]}}],"collection":[{"href":"https:\/\/www.yorku.ca\/glendon\/wp-json\/wp\/v2\/pages"}],"about":[{"href":"https:\/\/www.yorku.ca\/glendon\/wp-json\/wp\/v2\/types\/page"}],"author":[{"embeddable":true,"href":"https:\/\/www.yorku.ca\/glendon\/wp-json\/wp\/v2\/users\/1911"}],"replies":[{"embeddable":true,"href":"https:\/\/www.yorku.ca\/glendon\/wp-json\/wp\/v2\/comments?post=14905"}],"version-history":[{"count":5,"href":"https:\/\/www.yorku.ca\/glendon\/wp-json\/wp\/v2\/pages\/14905\/revisions"}],"predecessor-version":[{"id":33516,"href":"https:\/\/www.yorku.ca\/glendon\/wp-json\/wp\/v2\/pages\/14905\/revisions\/33516"}],"up":[{"embeddable":true,"href":"https:\/\/www.yorku.ca\/glendon\/wp-json\/wp\/v2\/pages\/10477"}],"wp:attachment":[{"href":"https:\/\/www.yorku.ca\/glendon\/wp-json\/wp\/v2\/media?parent=14905"}],"wp:term":[{"taxonomy":"post_tag","embeddable":true,"href":"https:\/\/www.yorku.ca\/glendon\/wp-json\/wp\/v2\/tags?post=14905"}],"curies":[{"name":"wp","href":"https:\/\/api.w.org\/{rel}","templated":true}]}}