  {"id":10940,"date":"2023-01-09T10:08:30","date_gmt":"2023-01-09T15:08:30","guid":{"rendered":"https:\/\/www.yorku.ca\/glendon\/supports-and-services\/safe-spaces\/"},"modified":"2025-09-12T09:07:37","modified_gmt":"2025-09-12T13:07:37","slug":"safe-spaces","status":"publish","type":"page","link":"https:\/\/www.yorku.ca\/glendon\/supports-and-services\/safe-spaces\/?lang=fr","title":{"rendered":"Espaces s\u00e9curitaires \u00e0 Glendon"},"content":{"rendered":"\n<div style=\"height:38px\" aria-hidden=\"true\" class=\"wp-block-spacer\"><\/div>\n\n\n\n<p>Le campus Glendon et l\u2019Universit\u00e9 York s\u2019engagent \u00e0 offrir des espaces positifs et s\u00e9curitaires sur les campus.&nbsp;<\/p>\n\n\n\n<div style=\"height:44px\" aria-hidden=\"true\" class=\"wp-block-spacer\"><\/div>\n\n\n\n<div class=\"wp-block-cover is-light\" style=\"min-height:294px;aspect-ratio:unset;\"><span aria-hidden=\"true\" class=\"wp-block-cover__background has-background-dim-0 has-background-dim\"><\/span><img loading=\"lazy\" decoding=\"async\" width=\"1642\" height=\"925\" class=\"wp-block-cover__image-background wp-image-2439\" alt=\"\" src=\"https:\/\/www.yorku.ca\/glendon\/wp-content\/uploads\/sites\/508\/2021\/10\/glendon-campus-Quad-5.jpg\" data-object-fit=\"cover\" srcset=\"https:\/\/www.yorku.ca\/glendon\/wp-content\/uploads\/sites\/508\/2021\/10\/glendon-campus-Quad-5.jpg 1642w, https:\/\/www.yorku.ca\/glendon\/wp-content\/uploads\/sites\/508\/2021\/10\/glendon-campus-Quad-5-400x225.jpg 400w, https:\/\/www.yorku.ca\/glendon\/wp-content\/uploads\/sites\/508\/2021\/10\/glendon-campus-Quad-5-1024x577.jpg 1024w, https:\/\/www.yorku.ca\/glendon\/wp-content\/uploads\/sites\/508\/2021\/10\/glendon-campus-Quad-5-1536x865.jpg 1536w\" sizes=\"auto, (max-width: 1642px) 100vw, 1642px\" \/><div class=\"wp-block-cover__inner-container is-layout-flow wp-block-cover-is-layout-flow\">\n<p class=\"has-text-align-center has-large-font-size\"><\/p>\n<\/div><\/div>\n\n\n\n<div style=\"height:32px\" aria-hidden=\"true\" class=\"wp-block-spacer\"><\/div>\n\n\n\n<h2 class=\"wp-block-heading\">Banque alimentaire <\/h2>\n\n\n\n<p>La banque alimentaire est situ\u00e9e au Pavillon York C110 et elle est ouverte \u00e0 tous les membres de la communaut\u00e9 de Glendon. Pour acc\u00e9der \u00e0 la banque alimentaire, veuillez contacter le Bureau des affaires \u00e9tudiantes. Les \u00e9tudiants qui vivent en r\u00e9sidence peuvent communiquer avec leur Don pour y avoir acc\u00e8s.<\/p>\n\n\n\n<hr class=\"wp-block-separator has-css-opacity is-style-wide\"\/>\n\n\n\n<h2 class=\"wp-block-heading\">Centre interreligieux<\/h2>\n\n\n\n<p>Le centre interreligieux, situ\u00e9 au Pavillon York C132, est ouvert \u00e0 tous les \u00e9tudiants et le personnel de toutes confessions pour la pri\u00e8re et la m\u00e9ditation. L\u2019utilisation du Centre se fait sur le principe du premier arriv\u00e9, premier servi, et aucune r\u00e9servation n\u2019est n\u00e9cessaire. Nous demandons aux \u00e9tudiants et \u00e9tudiantes de ne pas rester plus de 30\u00a0minutes dans le centre.<\/p>\n\n\n\n<p><strong>Ce&nbsp;Centre est mis&nbsp;\u00e0&nbsp;votre disposition pour la pri\u00e8re et la&nbsp;m\u00e9ditation&nbsp;uniquement<\/strong>.&nbsp;<\/p>\n\n\n\n<p>Aucune autre&nbsp;activit\u00e9 (par exemple, lieu d\u2019\u00e9tude, rassemblement,&nbsp;\u00e9v\u00e9nement) n\u2019est autoris\u00e9e&nbsp;dans cet espace. Il est interdit d\u2019y consommer des aliments et des boissons.<\/p>\n\n\n\n<p>Le&nbsp;Centre doit rester&nbsp;sans d\u00e9nomination religieuse, ce qui veut dire qu\u2019aucun livre et article religieux et aucune affiche&nbsp;n\u2019y sont autoris\u00e9s de fa\u00e7on permanente.&nbsp;<\/p>\n\n\n\n<p>Pour toutes questions, contactez le Bureau des affaires \u00e9tudiantes \u2013 416&nbsp;487-6716 \u2013 Pavillon York B108 \u2013 <a href=\"mailto:studentaffairs@glendon.yorku.ca\">studentaffairs@glendon.yorku.ca<\/a><\/p>\n\n\n\n<hr class=\"wp-block-separator has-css-opacity is-style-wide\"\/>\n\n\n\n<h2 class=\"wp-block-heading\">Salle d\u2019allaitement<\/h2>\n\n\n\n<p>Besoin d\u2019espace pour allaiter? Veuillez communiquer avec le Bureau des affaires \u00e9tudiantes pour avoir acc\u00e8s \u00e0 une salle de soins infirmiers situ\u00e9e dans la r\u00e9sidence Hilliard. Contactez le Bureau des affaires \u00e9tudiantes pour plus de d\u00e9tails.<\/p>\n\n\n\n<hr class=\"wp-block-separator has-css-opacity is-style-wide\"\/>\n\n\n\n<h2 class=\"wp-block-heading\"> Autres soutiens et services <\/h2>\n\n\n\n<ul class=\"wp-block-list\">\n<li><a href=\"https:\/\/thecentre.yorku.ca\/\" target=\"_blank\" rel=\"noreferrer noopener\">Le Centre d'intervention, de soutien et d'\u00e9ducation contre la violence sexuelle<\/a><\/li>\n\n\n\n<li><a href=\"https:\/\/oscr.students.yorku.ca\/\">Bureau des relations avec la communaut\u00e9 \u00e9tudiante<\/a><\/li>\n\n\n\n<li><a href=\"https:\/\/www.yorku.ca\/glendon\/supports-and-services\/services-en-accessibilite-de-glendon\/?lang=fr\">Services d\u2019accessibilit\u00e9 pour les \u00e9tudiants \u00e0 Glendon&nbsp;<\/a><\/li>\n\n\n\n<li><a href=\"https:\/\/www.yorku.ca\/glendon\/supports-and-services\/counseling-de-glendon\/?lang=fr\">Services de counseling \u00e0 Glendon<\/a>&nbsp;<\/li>\n<\/ul>\n\n\n\n<p>Coordonn\u00e9es: Bureau des affaires \u00e9tudiantes, 416 487-6716, <a href=\"mailto:studentaffairs@glendon.yorku.ca\" target=\"_blank\" rel=\"noreferrer noopener\">studentaffairs@glendon.yorku.ca<\/a>&nbsp;&nbsp;<\/p>\n\n\n\n<p><\/p>\n\n\n\n<div style=\"height:100px\" aria-hidden=\"true\" class=\"wp-block-spacer\"><\/div>\n","protected":false},"excerpt":{"rendered":"<p>Le campus Glendon et l\u2019Universit\u00e9 York s\u2019engagent \u00e0 offrir des espaces positifs et s\u00e9curitaires sur les campus.&nbsp; Banque alimentaire La banque alimentaire est situ\u00e9e au Pavillon York C110 et elle est ouverte \u00e0 tous les membres de la communaut\u00e9 de Glendon. Pour acc\u00e9der \u00e0 la banque alimentaire, veuillez contacter le Bureau des affaires \u00e9tudiantes. Les [&hellip;]<\/p>\n","protected":false},"author":275,"featured_media":0,"parent":7336,"menu_order":0,"comment_status":"closed","ping_status":"closed","template":"","meta":{"_kad_blocks_custom_css":"","_kad_blocks_head_custom_js":"","_kad_blocks_body_custom_js":"","_kad_blocks_footer_custom_js":"","footnotes":""},"tags":[],"class_list":["post-10940","page","type-page","status-publish","hentry"],"acf":[],"yoast_head":"<!-- This site is optimized with the Yoast SEO plugin v24.0 - https:\/\/yoast.com\/wordpress\/plugins\/seo\/ -->\n<title>Les espaces s\u00e9curitaires au Campus Glendon | Universit\u00e9 York<\/title>\n<meta name=\"description\" content=\"D\u00e9couvrez les espaces de s\u00e9curit\u00e9 et de soutien du campus Glendon et de l\u2019Universit\u00e9 York, comme la banque alimentaire, le centre interconfessionnel et la salle d\u2019allaitement, d\u00e9di\u00e9s \u00e0 la promotion d\u2019un environnement positif sur le campus.\" \/>\n<meta name=\"robots\" content=\"index, follow, max-snippet:-1, max-image-preview:large, max-video-preview:-1\" \/>\n<link rel=\"canonical\" href=\"https:\/\/www.yorku.ca\/glendon\/supports-and-services\/safe-spaces\/\" \/>\n<meta property=\"og:locale\" content=\"en_US\" \/>\n<meta property=\"og:type\" content=\"article\" \/>\n<meta property=\"og:title\" content=\"Les espaces s\u00e9curitaires au Campus Glendon | Universit\u00e9 York\" \/>\n<meta property=\"og:description\" content=\"D\u00e9couvrez les espaces de s\u00e9curit\u00e9 et de soutien du campus Glendon et de l\u2019Universit\u00e9 York, comme la banque alimentaire, le centre interconfessionnel et la salle d\u2019allaitement, d\u00e9di\u00e9s \u00e0 la promotion d\u2019un environnement positif sur le campus.\" \/>\n<meta property=\"og:url\" content=\"https:\/\/www.yorku.ca\/glendon\/supports-and-services\/safe-spaces\/?lang=fr\" \/>\n<meta property=\"og:site_name\" content=\"Glendon Campus\" \/>\n<meta property=\"article:publisher\" content=\"https:\/\/www.facebook.com\/GlendonCampus\/\" \/>\n<meta property=\"article:modified_time\" content=\"2025-09-12T13:07:37+00:00\" \/>\n<meta property=\"og:image\" content=\"https:\/\/www.yorku.ca\/glendon\/wp-content\/uploads\/sites\/508\/2021\/10\/glendon-campus-Quad-5.jpg\" \/>\n\t<meta property=\"og:image:width\" content=\"1642\" \/>\n\t<meta property=\"og:image:height\" content=\"925\" \/>\n\t<meta property=\"og:image:type\" content=\"image\/jpeg\" \/>\n<meta name=\"twitter:card\" content=\"summary_large_image\" \/>\n<meta name=\"twitter:site\" content=\"@glendoncampus\" \/>\n<meta name=\"twitter:label1\" content=\"Est. reading time\" \/>\n\t<meta name=\"twitter:data1\" content=\"2 minutes\" \/>\n<script type=\"application\/ld+json\" class=\"yoast-schema-graph\">{\"@context\":\"https:\/\/schema.org\",\"@graph\":[{\"@type\":\"WebPage\",\"@id\":\"https:\/\/www.yorku.ca\/glendon\/supports-and-services\/safe-spaces\/?lang=fr\",\"url\":\"https:\/\/www.yorku.ca\/glendon\/supports-and-services\/safe-spaces\/?lang=fr\",\"name\":\"Les espaces s\u00e9curitaires au Campus Glendon | Universit\u00e9 York\",\"isPartOf\":{\"@id\":\"https:\/\/www.yorku.ca\/glendon\/#website\"},\"primaryImageOfPage\":{\"@id\":\"https:\/\/www.yorku.ca\/glendon\/supports-and-services\/safe-spaces\/?lang=fr#primaryimage\"},\"image\":{\"@id\":\"https:\/\/www.yorku.ca\/glendon\/supports-and-services\/safe-spaces\/?lang=fr#primaryimage\"},\"thumbnailUrl\":\"https:\/\/www.yorku.ca\/glendon\/wp-content\/uploads\/sites\/508\/2021\/10\/glendon-campus-Quad-5.jpg\",\"datePublished\":\"2023-01-09T15:08:30+00:00\",\"dateModified\":\"2025-09-12T13:07:37+00:00\",\"description\":\"D\u00e9couvrez les espaces de s\u00e9curit\u00e9 et de soutien du campus Glendon et de l\u2019Universit\u00e9 York, comme la banque alimentaire, le centre interconfessionnel et la salle d\u2019allaitement, d\u00e9di\u00e9s \u00e0 la promotion d\u2019un environnement positif sur le campus.\",\"breadcrumb\":{\"@id\":\"https:\/\/www.yorku.ca\/glendon\/supports-and-services\/safe-spaces\/?lang=fr#breadcrumb\"},\"inLanguage\":\"en-US\",\"potentialAction\":[{\"@type\":\"ReadAction\",\"target\":[\"https:\/\/www.yorku.ca\/glendon\/supports-and-services\/safe-spaces\/?lang=fr\"]}]},{\"@type\":\"ImageObject\",\"inLanguage\":\"en-US\",\"@id\":\"https:\/\/www.yorku.ca\/glendon\/supports-and-services\/safe-spaces\/?lang=fr#primaryimage\",\"url\":\"https:\/\/www.yorku.ca\/glendon\/wp-content\/uploads\/sites\/508\/2021\/10\/glendon-campus-Quad-5.jpg\",\"contentUrl\":\"https:\/\/www.yorku.ca\/glendon\/wp-content\/uploads\/sites\/508\/2021\/10\/glendon-campus-Quad-5.jpg\",\"width\":1642,\"height\":925,\"caption\":\"An exterior shot of Glendon Campus.\"},{\"@type\":\"BreadcrumbList\",\"@id\":\"https:\/\/www.yorku.ca\/glendon\/supports-and-services\/safe-spaces\/?lang=fr#breadcrumb\",\"itemListElement\":[{\"@type\":\"ListItem\",\"position\":1,\"name\":\"Home\",\"item\":\"https:\/\/www.yorku.ca\/glendon\/\"},{\"@type\":\"ListItem\",\"position\":2,\"name\":\"Soutien et services\",\"item\":\"https:\/\/www.yorku.ca\/glendon\/supports-and-services\/\"},{\"@type\":\"ListItem\",\"position\":3,\"name\":\"Espaces s\u00e9curitaires \u00e0 Glendon\"}]},{\"@type\":\"WebSite\",\"@id\":\"https:\/\/www.yorku.ca\/glendon\/#website\",\"url\":\"https:\/\/www.yorku.ca\/glendon\/\",\"name\":\"Glendon Campus\",\"description\":\"\",\"publisher\":{\"@id\":\"https:\/\/www.yorku.ca\/glendon\/#organization\"},\"potentialAction\":[{\"@type\":\"SearchAction\",\"target\":{\"@type\":\"EntryPoint\",\"urlTemplate\":\"https:\/\/www.yorku.ca\/glendon\/?s={search_term_string}\"},\"query-input\":{\"@type\":\"PropertyValueSpecification\",\"valueRequired\":true,\"valueName\":\"search_term_string\"}}],\"inLanguage\":\"en-US\"},{\"@type\":\"Organization\",\"@id\":\"https:\/\/www.yorku.ca\/glendon\/#organization\",\"name\":\"Glendon Campus\",\"url\":\"https:\/\/www.yorku.ca\/glendon\/\",\"logo\":{\"@type\":\"ImageObject\",\"inLanguage\":\"en-US\",\"@id\":\"https:\/\/www.yorku.ca\/glendon\/#\/schema\/logo\/image\/\",\"url\":\"https:\/\/www.yorku.ca\/glendon\/wp-content\/uploads\/sites\/508\/2023\/07\/Glendon-Campus-YorkU-Logo-.png\",\"contentUrl\":\"https:\/\/www.yorku.ca\/glendon\/wp-content\/uploads\/sites\/508\/2023\/07\/Glendon-Campus-YorkU-Logo-.png\",\"width\":5516,\"height\":601,\"caption\":\"Glendon Campus\"},\"image\":{\"@id\":\"https:\/\/www.yorku.ca\/glendon\/#\/schema\/logo\/image\/\"},\"sameAs\":[\"https:\/\/www.facebook.com\/GlendonCampus\/\",\"https:\/\/x.com\/glendoncampus\",\"https:\/\/www.instagram.com\/glendoncampus\/\",\"https:\/\/www.linkedin.com\/school\/glendon-campus\/\",\"https:\/\/www.youtube.com\/channel\/UC8bu5ntS7ZMGCURI0C-uENQ\",\"https:\/\/en.wikipedia.org\/wiki\/Glendon_College\"]}]}<\/script>\n<!-- \/ Yoast SEO plugin. -->","yoast_head_json":{"title":"Les espaces s\u00e9curitaires au Campus Glendon | Universit\u00e9 York","description":"D\u00e9couvrez les espaces de s\u00e9curit\u00e9 et de soutien du campus Glendon et de l\u2019Universit\u00e9 York, comme la banque alimentaire, le centre interconfessionnel et la salle d\u2019allaitement, d\u00e9di\u00e9s \u00e0 la promotion d\u2019un environnement positif sur le campus.","robots":{"index":"index","follow":"follow","max-snippet":"max-snippet:-1","max-image-preview":"max-image-preview:large","max-video-preview":"max-video-preview:-1"},"canonical":"https:\/\/www.yorku.ca\/glendon\/supports-and-services\/safe-spaces\/","og_locale":"en_US","og_type":"article","og_title":"Les espaces s\u00e9curitaires au Campus Glendon | Universit\u00e9 York","og_description":"D\u00e9couvrez les espaces de s\u00e9curit\u00e9 et de soutien du campus Glendon et de l\u2019Universit\u00e9 York, comme la banque alimentaire, le centre interconfessionnel et la salle d\u2019allaitement, d\u00e9di\u00e9s \u00e0 la promotion d\u2019un environnement positif sur le campus.","og_url":"https:\/\/www.yorku.ca\/glendon\/supports-and-services\/safe-spaces\/?lang=fr","og_site_name":"Glendon Campus","article_publisher":"https:\/\/www.facebook.com\/GlendonCampus\/","article_modified_time":"2025-09-12T13:07:37+00:00","og_image":[{"width":1642,"height":925,"url":"https:\/\/www.yorku.ca\/glendon\/wp-content\/uploads\/sites\/508\/2021\/10\/glendon-campus-Quad-5.jpg","type":"image\/jpeg"}],"twitter_card":"summary_large_image","twitter_site":"@glendoncampus","twitter_misc":{"Est. reading time":"2 minutes"},"schema":{"@context":"https:\/\/schema.org","@graph":[{"@type":"WebPage","@id":"https:\/\/www.yorku.ca\/glendon\/supports-and-services\/safe-spaces\/?lang=fr","url":"https:\/\/www.yorku.ca\/glendon\/supports-and-services\/safe-spaces\/?lang=fr","name":"Les espaces s\u00e9curitaires au Campus Glendon | Universit\u00e9 York","isPartOf":{"@id":"https:\/\/www.yorku.ca\/glendon\/#website"},"primaryImageOfPage":{"@id":"https:\/\/www.yorku.ca\/glendon\/supports-and-services\/safe-spaces\/?lang=fr#primaryimage"},"image":{"@id":"https:\/\/www.yorku.ca\/glendon\/supports-and-services\/safe-spaces\/?lang=fr#primaryimage"},"thumbnailUrl":"https:\/\/www.yorku.ca\/glendon\/wp-content\/uploads\/sites\/508\/2021\/10\/glendon-campus-Quad-5.jpg","datePublished":"2023-01-09T15:08:30+00:00","dateModified":"2025-09-12T13:07:37+00:00","description":"D\u00e9couvrez les espaces de s\u00e9curit\u00e9 et de soutien du campus Glendon et de l\u2019Universit\u00e9 York, comme la banque alimentaire, le centre interconfessionnel et la salle d\u2019allaitement, d\u00e9di\u00e9s \u00e0 la promotion d\u2019un environnement positif sur le campus.","breadcrumb":{"@id":"https:\/\/www.yorku.ca\/glendon\/supports-and-services\/safe-spaces\/?lang=fr#breadcrumb"},"inLanguage":"en-US","potentialAction":[{"@type":"ReadAction","target":["https:\/\/www.yorku.ca\/glendon\/supports-and-services\/safe-spaces\/?lang=fr"]}]},{"@type":"ImageObject","inLanguage":"en-US","@id":"https:\/\/www.yorku.ca\/glendon\/supports-and-services\/safe-spaces\/?lang=fr#primaryimage","url":"https:\/\/www.yorku.ca\/glendon\/wp-content\/uploads\/sites\/508\/2021\/10\/glendon-campus-Quad-5.jpg","contentUrl":"https:\/\/www.yorku.ca\/glendon\/wp-content\/uploads\/sites\/508\/2021\/10\/glendon-campus-Quad-5.jpg","width":1642,"height":925,"caption":"An exterior shot of Glendon Campus."},{"@type":"BreadcrumbList","@id":"https:\/\/www.yorku.ca\/glendon\/supports-and-services\/safe-spaces\/?lang=fr#breadcrumb","itemListElement":[{"@type":"ListItem","position":1,"name":"Home","item":"https:\/\/www.yorku.ca\/glendon\/"},{"@type":"ListItem","position":2,"name":"Soutien et services","item":"https:\/\/www.yorku.ca\/glendon\/supports-and-services\/"},{"@type":"ListItem","position":3,"name":"Espaces s\u00e9curitaires \u00e0 Glendon"}]},{"@type":"WebSite","@id":"https:\/\/www.yorku.ca\/glendon\/#website","url":"https:\/\/www.yorku.ca\/glendon\/","name":"Glendon Campus","description":"","publisher":{"@id":"https:\/\/www.yorku.ca\/glendon\/#organization"},"potentialAction":[{"@type":"SearchAction","target":{"@type":"EntryPoint","urlTemplate":"https:\/\/www.yorku.ca\/glendon\/?s={search_term_string}"},"query-input":{"@type":"PropertyValueSpecification","valueRequired":true,"valueName":"search_term_string"}}],"inLanguage":"en-US"},{"@type":"Organization","@id":"https:\/\/www.yorku.ca\/glendon\/#organization","name":"Glendon Campus","url":"https:\/\/www.yorku.ca\/glendon\/","logo":{"@type":"ImageObject","inLanguage":"en-US","@id":"https:\/\/www.yorku.ca\/glendon\/#\/schema\/logo\/image\/","url":"https:\/\/www.yorku.ca\/glendon\/wp-content\/uploads\/sites\/508\/2023\/07\/Glendon-Campus-YorkU-Logo-.png","contentUrl":"https:\/\/www.yorku.ca\/glendon\/wp-content\/uploads\/sites\/508\/2023\/07\/Glendon-Campus-YorkU-Logo-.png","width":5516,"height":601,"caption":"Glendon Campus"},"image":{"@id":"https:\/\/www.yorku.ca\/glendon\/#\/schema\/logo\/image\/"},"sameAs":["https:\/\/www.facebook.com\/GlendonCampus\/","https:\/\/x.com\/glendoncampus","https:\/\/www.instagram.com\/glendoncampus\/","https:\/\/www.linkedin.com\/school\/glendon-campus\/","https:\/\/www.youtube.com\/channel\/UC8bu5ntS7ZMGCURI0C-uENQ","https:\/\/en.wikipedia.org\/wiki\/Glendon_College"]}]}},"taxonomy_info":[],"featured_image_src_large":false,"author_info":{"display_name":"Anna Mossakowska","author_link":"https:\/\/www.yorku.ca\/glendon\/author\/anyamoss\/"},"comment_info":0,"_links":{"self":[{"href":"https:\/\/www.yorku.ca\/glendon\/wp-json\/wp\/v2\/pages\/10940","targetHints":{"allow":["GET"]}}],"collection":[{"href":"https:\/\/www.yorku.ca\/glendon\/wp-json\/wp\/v2\/pages"}],"about":[{"href":"https:\/\/www.yorku.ca\/glendon\/wp-json\/wp\/v2\/types\/page"}],"author":[{"embeddable":true,"href":"https:\/\/www.yorku.ca\/glendon\/wp-json\/wp\/v2\/users\/275"}],"replies":[{"embeddable":true,"href":"https:\/\/www.yorku.ca\/glendon\/wp-json\/wp\/v2\/comments?post=10940"}],"version-history":[{"count":13,"href":"https:\/\/www.yorku.ca\/glendon\/wp-json\/wp\/v2\/pages\/10940\/revisions"}],"predecessor-version":[{"id":33673,"href":"https:\/\/www.yorku.ca\/glendon\/wp-json\/wp\/v2\/pages\/10940\/revisions\/33673"}],"up":[{"embeddable":true,"href":"https:\/\/www.yorku.ca\/glendon\/wp-json\/wp\/v2\/pages\/7336"}],"wp:attachment":[{"href":"https:\/\/www.yorku.ca\/glendon\/wp-json\/wp\/v2\/media?parent=10940"}],"wp:term":[{"taxonomy":"post_tag","embeddable":true,"href":"https:\/\/www.yorku.ca\/glendon\/wp-json\/wp\/v2\/tags?post=10940"}],"curies":[{"name":"wp","href":"https:\/\/api.w.org\/{rel}","templated":true}]}}