  {"id":538,"date":"2026-03-02T13:19:22","date_gmt":"2026-03-02T18:19:22","guid":{"rendered":"https:\/\/www.yorku.ca\/glendon\/student-financial-servicesdev\/thank-your-donor\/"},"modified":"2026-03-02T13:33:55","modified_gmt":"2026-03-02T18:33:55","slug":"thank-your-donor","status":"publish","type":"page","link":"https:\/\/www.yorku.ca\/glendon\/student-financial-services\/thank-your-donor\/?lang=fr","title":{"rendered":"Remerciez votre donateur"},"content":{"rendered":"\n<div style=\"height:25px\" aria-hidden=\"true\" class=\"wp-block-spacer\"><\/div>\n\n\n\n<figure class=\"wp-block-image size-full\"><img loading=\"lazy\" decoding=\"async\" width=\"847\" height=\"274\" src=\"https:\/\/www.yorku.ca\/glendon\/student-financial-services\/wp-content\/uploads\/sites\/1038\/2026\/03\/Award-Donor_FR.jpg\" alt=\"\" class=\"wp-image-539\" srcset=\"https:\/\/www.yorku.ca\/glendon\/student-financial-services\/wp-content\/uploads\/sites\/1038\/2026\/03\/Award-Donor_FR.jpg 847w, https:\/\/www.yorku.ca\/glendon\/student-financial-services\/wp-content\/uploads\/sites\/1038\/2026\/03\/Award-Donor_FR-400x129.jpg 400w\" sizes=\"auto, (max-width: 847px) 100vw, 847px\" \/><\/figure>\n\n\n\n<div style=\"height:25px\" aria-hidden=\"true\" class=\"wp-block-spacer\"><\/div>\n\n\n\n<h2 class=\"wp-block-heading\">F<strong><strong>\u00e9licitations pour votre r\u00e9ception d\u2019une bourse d\u2019\u00e9tude<\/strong><\/strong>!<strong>\u00a0<\/strong><\/h2>\n\n\n\n<div style=\"height:25px\" aria-hidden=\"true\" class=\"wp-block-spacer\"><\/div>\n\n\n\n<p>Chaque ann\u00e9e, l\u2019universit\u00e9 York octroi plus de 25 millions de dollars en bourses et prix aux \u00e9tudiants de premier cycle. Votre mot de remerciement nous permettra de montrer \u00e0 nos donateurs l\u2019importance et l\u2019impact positif de leur g\u00e9n\u00e9rosit\u00e9.<\/p>\n\n\n\n<div style=\"height:25px\" aria-hidden=\"true\" class=\"wp-block-spacer\"><\/div>\n\n\n\n<p>NOTE :<\/p>\n\n\n\n<ul class=\"wp-block-list\">\n<li>Utiliser vos propres mots pour plus d\u2019authenticit\u00e9.<\/li>\n\n\n\n<li>Si vous avez re\u00e7u plus d\u2019une bourse ou une bourse de m\u00e9rite, vous pouvez soumettre une note de remerciement pour toutes les bourses re\u00e7ues. Veuillez marquer les noms de toutes les bourses dans la section appropri\u00e9e du formulaire.<\/li>\n\n\n\n<li>Veuillez s\u2019il vous plait relire soigneusement vos r\u00e9ponses avant de soumettre le formulaire.<\/li>\n<\/ul>\n\n\n\n<p>Si vous avez des questions ou des pr\u00e9occupations en ce qui concerne les renseignements recueillis dans ce formulaire, ou leur utilisation, veuillez <a href=\"https:\/\/www.yorku.ca\/glendon\/student-financial-services\/contact\/?lang=fr\" target=\"_blank\" rel=\"noreferrer noopener\">contacter le bureau des services financiers aux \u00e9tudiants \u00e0 Glendon<\/a>.<\/p>\n\n\n\n<div style=\"height:25px\" aria-hidden=\"true\" class=\"wp-block-spacer\"><\/div>\n\n\n\n<div class=\"wp-block-buttons is-layout-flex wp-block-buttons-is-layout-flex\">\n<div class=\"wp-block-button\"><a class=\"wp-block-button__link has-glendon-blue-background-color has-background wp-element-button\" href=\"https:\/\/www.yorku.ca\/glendon\/student-financial-services\/thank-you-feedback-form\/\" target=\"_blank\" rel=\"noreferrer noopener\">Soumettez votre formulaire de remerciement<\/a><\/div>\n<\/div>\n\n\n\n<div style=\"height:100px\" aria-hidden=\"true\" class=\"wp-block-spacer\"><\/div>\n\n\n\n<p>Vous avez une question rapide pour laquelle vous d\u00e9sirez une r\u00e9ponse vite-faite? Visitez <a href=\"https:\/\/www.yorku.ca\/glendon\/student-financial-services\/glendon-student-financial-services-faq\/?lang=fr\" target=\"_blank\" rel=\"noreferrer noopener\">notre page FAQ<\/a><\/p>\n\n\n\n<div style=\"height:100px\" aria-hidden=\"true\" class=\"wp-block-spacer\"><\/div>\n","protected":false},"excerpt":{"rendered":"<p>F\u00e9licitations pour votre r\u00e9ception d\u2019une bourse d\u2019\u00e9tude!\u00a0 Chaque ann\u00e9e, l\u2019universit\u00e9 York octroi plus de 25 millions de dollars en bourses et prix aux \u00e9tudiants de premier cycle. Votre mot de remerciement nous permettra de montrer \u00e0 nos donateurs l\u2019importance et l\u2019impact positif de leur g\u00e9n\u00e9rosit\u00e9. NOTE : Si vous avez des questions ou des pr\u00e9occupations [&hellip;]<\/p>\n","protected":false},"author":1199,"featured_media":526,"parent":0,"menu_order":0,"comment_status":"closed","ping_status":"closed","template":"","meta":{"_kad_blocks_custom_css":"","_kad_blocks_head_custom_js":"","_kad_blocks_body_custom_js":"","_kad_blocks_footer_custom_js":"","footnotes":""},"tags":[],"class_list":["post-538","page","type-page","status-publish","has-post-thumbnail","hentry"],"yoast_head":"<!-- This site is optimized with the Yoast SEO plugin v27.3 - https:\/\/yoast.com\/product\/yoast-seo-wordpress\/ -->\n<title>Remerciez votre donateur - Student Financial Services<\/title>\n<meta name=\"robots\" content=\"noindex, follow, max-snippet:-1, max-image-preview:large, max-video-preview:-1\" \/>\n<meta property=\"og:locale\" content=\"en_US\" \/>\n<meta property=\"og:type\" content=\"article\" \/>\n<meta property=\"og:title\" content=\"Remerciez votre donateur - Student Financial Services\" \/>\n<meta property=\"og:description\" content=\"F\u00e9licitations pour votre r\u00e9ception d\u2019une bourse d\u2019\u00e9tude!\u00a0 Chaque ann\u00e9e, l\u2019universit\u00e9 York octroi plus de 25 millions de dollars en bourses et prix aux \u00e9tudiants de premier cycle. Votre mot de remerciement nous permettra de montrer \u00e0 nos donateurs l\u2019importance et l\u2019impact positif de leur g\u00e9n\u00e9rosit\u00e9. NOTE : Si vous avez des questions ou des pr\u00e9occupations [&hellip;]\" \/>\n<meta property=\"og:url\" content=\"https:\/\/www.yorku.ca\/glendon\/student-financial-services\/thank-your-donor\/\" \/>\n<meta property=\"og:site_name\" content=\"Student Financial Services\" \/>\n<meta property=\"article:modified_time\" content=\"2026-03-02T18:33:55+00:00\" \/>\n<meta property=\"og:image\" content=\"https:\/\/www.yorku.ca\/glendon\/student-financial-services\/wp-content\/uploads\/sites\/1038\/2026\/03\/Award-Donor-copy.jpg\" \/>\n\t<meta property=\"og:image:width\" content=\"847\" \/>\n\t<meta property=\"og:image:height\" content=\"274\" \/>\n\t<meta property=\"og:image:type\" content=\"image\/jpeg\" \/>\n<meta name=\"twitter:card\" content=\"summary_large_image\" \/>\n<meta name=\"twitter:label1\" content=\"Est. reading time\" \/>\n\t<meta name=\"twitter:data1\" content=\"2 minutes\" \/>\n<script type=\"application\/ld+json\" class=\"yoast-schema-graph\">{\"@context\":\"https:\\\/\\\/schema.org\",\"@graph\":[{\"@type\":\"WebPage\",\"@id\":\"https:\\\/\\\/www.yorku.ca\\\/glendon\\\/student-financial-services\\\/thank-your-donor\\\/\",\"url\":\"https:\\\/\\\/www.yorku.ca\\\/glendon\\\/student-financial-services\\\/thank-your-donor\\\/\",\"name\":\"Remerciez votre donateur - Student Financial Services\",\"isPartOf\":{\"@id\":\"https:\\\/\\\/www.yorku.ca\\\/glendon\\\/student-financial-services\\\/#website\"},\"primaryImageOfPage\":{\"@id\":\"https:\\\/\\\/www.yorku.ca\\\/glendon\\\/student-financial-services\\\/thank-your-donor\\\/#primaryimage\"},\"image\":{\"@id\":\"https:\\\/\\\/www.yorku.ca\\\/glendon\\\/student-financial-services\\\/thank-your-donor\\\/#primaryimage\"},\"thumbnailUrl\":\"https:\\\/\\\/www.yorku.ca\\\/glendon\\\/student-financial-services\\\/wp-content\\\/uploads\\\/sites\\\/1038\\\/2026\\\/03\\\/Award-Donor-copy.jpg\",\"datePublished\":\"2026-03-02T18:19:22+00:00\",\"dateModified\":\"2026-03-02T18:33:55+00:00\",\"breadcrumb\":{\"@id\":\"https:\\\/\\\/www.yorku.ca\\\/glendon\\\/student-financial-services\\\/thank-your-donor\\\/#breadcrumb\"},\"inLanguage\":\"en-US\",\"potentialAction\":[{\"@type\":\"ReadAction\",\"target\":[\"https:\\\/\\\/www.yorku.ca\\\/glendon\\\/student-financial-services\\\/thank-your-donor\\\/\"]}]},{\"@type\":\"ImageObject\",\"inLanguage\":\"en-US\",\"@id\":\"https:\\\/\\\/www.yorku.ca\\\/glendon\\\/student-financial-services\\\/thank-your-donor\\\/#primaryimage\",\"url\":\"https:\\\/\\\/www.yorku.ca\\\/glendon\\\/student-financial-services\\\/wp-content\\\/uploads\\\/sites\\\/1038\\\/2026\\\/03\\\/Award-Donor-copy.jpg\",\"contentUrl\":\"https:\\\/\\\/www.yorku.ca\\\/glendon\\\/student-financial-services\\\/wp-content\\\/uploads\\\/sites\\\/1038\\\/2026\\\/03\\\/Award-Donor-copy.jpg\",\"width\":847,\"height\":274},{\"@type\":\"BreadcrumbList\",\"@id\":\"https:\\\/\\\/www.yorku.ca\\\/glendon\\\/student-financial-services\\\/thank-your-donor\\\/#breadcrumb\",\"itemListElement\":[{\"@type\":\"ListItem\",\"position\":1,\"name\":\"Home\",\"item\":\"https:\\\/\\\/www.yorku.ca\\\/glendon\\\/student-financial-services\\\/\"},{\"@type\":\"ListItem\",\"position\":2,\"name\":\"Remerciez votre donateur\"}]},{\"@type\":\"WebSite\",\"@id\":\"https:\\\/\\\/www.yorku.ca\\\/glendon\\\/student-financial-services\\\/#website\",\"url\":\"https:\\\/\\\/www.yorku.ca\\\/glendon\\\/student-financial-services\\\/\",\"name\":\"Student Financial Services\",\"description\":\"Just another York Central CMS Sites site\",\"potentialAction\":[{\"@type\":\"SearchAction\",\"target\":{\"@type\":\"EntryPoint\",\"urlTemplate\":\"https:\\\/\\\/www.yorku.ca\\\/glendon\\\/student-financial-services\\\/?s={search_term_string}\"},\"query-input\":{\"@type\":\"PropertyValueSpecification\",\"valueRequired\":true,\"valueName\":\"search_term_string\"}}],\"inLanguage\":\"en-US\"}]}<\/script>\n<!-- \/ Yoast SEO plugin. -->","yoast_head_json":{"title":"Remerciez votre donateur - Student Financial Services","robots":{"index":"noindex","follow":"follow","max-snippet":"max-snippet:-1","max-image-preview":"max-image-preview:large","max-video-preview":"max-video-preview:-1"},"og_locale":"en_US","og_type":"article","og_title":"Remerciez votre donateur - Student Financial Services","og_description":"F\u00e9licitations pour votre r\u00e9ception d\u2019une bourse d\u2019\u00e9tude!\u00a0 Chaque ann\u00e9e, l\u2019universit\u00e9 York octroi plus de 25 millions de dollars en bourses et prix aux \u00e9tudiants de premier cycle. Votre mot de remerciement nous permettra de montrer \u00e0 nos donateurs l\u2019importance et l\u2019impact positif de leur g\u00e9n\u00e9rosit\u00e9. NOTE : Si vous avez des questions ou des pr\u00e9occupations [&hellip;]","og_url":"https:\/\/www.yorku.ca\/glendon\/student-financial-services\/thank-your-donor\/","og_site_name":"Student Financial Services","article_modified_time":"2026-03-02T18:33:55+00:00","og_image":[{"width":847,"height":274,"url":"https:\/\/www.yorku.ca\/glendon\/student-financial-services\/wp-content\/uploads\/sites\/1038\/2026\/03\/Award-Donor-copy.jpg","type":"image\/jpeg"}],"twitter_card":"summary_large_image","twitter_misc":{"Est. reading time":"2 minutes"},"schema":{"@context":"https:\/\/schema.org","@graph":[{"@type":"WebPage","@id":"https:\/\/www.yorku.ca\/glendon\/student-financial-services\/thank-your-donor\/","url":"https:\/\/www.yorku.ca\/glendon\/student-financial-services\/thank-your-donor\/","name":"Remerciez votre donateur - Student Financial Services","isPartOf":{"@id":"https:\/\/www.yorku.ca\/glendon\/student-financial-services\/#website"},"primaryImageOfPage":{"@id":"https:\/\/www.yorku.ca\/glendon\/student-financial-services\/thank-your-donor\/#primaryimage"},"image":{"@id":"https:\/\/www.yorku.ca\/glendon\/student-financial-services\/thank-your-donor\/#primaryimage"},"thumbnailUrl":"https:\/\/www.yorku.ca\/glendon\/student-financial-services\/wp-content\/uploads\/sites\/1038\/2026\/03\/Award-Donor-copy.jpg","datePublished":"2026-03-02T18:19:22+00:00","dateModified":"2026-03-02T18:33:55+00:00","breadcrumb":{"@id":"https:\/\/www.yorku.ca\/glendon\/student-financial-services\/thank-your-donor\/#breadcrumb"},"inLanguage":"en-US","potentialAction":[{"@type":"ReadAction","target":["https:\/\/www.yorku.ca\/glendon\/student-financial-services\/thank-your-donor\/"]}]},{"@type":"ImageObject","inLanguage":"en-US","@id":"https:\/\/www.yorku.ca\/glendon\/student-financial-services\/thank-your-donor\/#primaryimage","url":"https:\/\/www.yorku.ca\/glendon\/student-financial-services\/wp-content\/uploads\/sites\/1038\/2026\/03\/Award-Donor-copy.jpg","contentUrl":"https:\/\/www.yorku.ca\/glendon\/student-financial-services\/wp-content\/uploads\/sites\/1038\/2026\/03\/Award-Donor-copy.jpg","width":847,"height":274},{"@type":"BreadcrumbList","@id":"https:\/\/www.yorku.ca\/glendon\/student-financial-services\/thank-your-donor\/#breadcrumb","itemListElement":[{"@type":"ListItem","position":1,"name":"Home","item":"https:\/\/www.yorku.ca\/glendon\/student-financial-services\/"},{"@type":"ListItem","position":2,"name":"Remerciez votre donateur"}]},{"@type":"WebSite","@id":"https:\/\/www.yorku.ca\/glendon\/student-financial-services\/#website","url":"https:\/\/www.yorku.ca\/glendon\/student-financial-services\/","name":"Student Financial Services","description":"Just another York Central CMS Sites site","potentialAction":[{"@type":"SearchAction","target":{"@type":"EntryPoint","urlTemplate":"https:\/\/www.yorku.ca\/glendon\/student-financial-services\/?s={search_term_string}"},"query-input":{"@type":"PropertyValueSpecification","valueRequired":true,"valueName":"search_term_string"}}],"inLanguage":"en-US"}]}},"taxonomy_info":[],"featured_image_src_large":["https:\/\/www.yorku.ca\/glendon\/student-financial-services\/wp-content\/uploads\/sites\/1038\/2026\/03\/Award-Donor-copy.jpg",847,274,false],"author_info":{"display_name":"gillest","author_link":"https:\/\/www.yorku.ca\/glendon\/student-financial-services\/author\/gillest\/"},"comment_info":0,"_links":{"self":[{"href":"https:\/\/www.yorku.ca\/glendon\/student-financial-services\/wp-json\/wp\/v2\/pages\/538","targetHints":{"allow":["GET"]}}],"collection":[{"href":"https:\/\/www.yorku.ca\/glendon\/student-financial-services\/wp-json\/wp\/v2\/pages"}],"about":[{"href":"https:\/\/www.yorku.ca\/glendon\/student-financial-services\/wp-json\/wp\/v2\/types\/page"}],"author":[{"embeddable":true,"href":"https:\/\/www.yorku.ca\/glendon\/student-financial-services\/wp-json\/wp\/v2\/users\/1199"}],"replies":[{"embeddable":true,"href":"https:\/\/www.yorku.ca\/glendon\/student-financial-services\/wp-json\/wp\/v2\/comments?post=538"}],"version-history":[{"count":5,"href":"https:\/\/www.yorku.ca\/glendon\/student-financial-services\/wp-json\/wp\/v2\/pages\/538\/revisions"}],"predecessor-version":[{"id":551,"href":"https:\/\/www.yorku.ca\/glendon\/student-financial-services\/wp-json\/wp\/v2\/pages\/538\/revisions\/551"}],"wp:featuredmedia":[{"embeddable":true,"href":"https:\/\/www.yorku.ca\/glendon\/student-financial-services\/wp-json\/wp\/v2\/media\/526"}],"wp:attachment":[{"href":"https:\/\/www.yorku.ca\/glendon\/student-financial-services\/wp-json\/wp\/v2\/media?parent=538"}],"wp:term":[{"taxonomy":"post_tag","embeddable":true,"href":"https:\/\/www.yorku.ca\/glendon\/student-financial-services\/wp-json\/wp\/v2\/tags?post=538"}],"curies":[{"name":"wp","href":"https:\/\/api.w.org\/{rel}","templated":true}]}}