  {"id":372,"date":"2020-06-24T15:07:16","date_gmt":"2020-06-24T19:07:16","guid":{"rendered":"https:\/\/www.yorku.ca\/glendon\/student-financial-servicesdev\/contact\/"},"modified":"2026-04-06T11:14:25","modified_gmt":"2026-04-06T15:14:25","slug":"contact","status":"publish","type":"page","link":"https:\/\/www.yorku.ca\/glendon\/student-financial-services\/contact\/?lang=fr","title":{"rendered":"Contact"},"content":{"rendered":"\n<p><br>Le bureau des services financiers est ouvert du lundi au vendredi. Vous pouvez obtenir des r\u00e9ponses \u00e0 vos questions au guichet, par courriel, par t\u00e9l\u00e9phone ou via Zoom. Le moyen le plus rapide de nous joindre est de nous <a href=\"mailto:finance@glendon.yorku.ca\">envoyez un courriel<\/a>, ou de passer nous voir au guichet pour discuter.<\/p>\n\n\n\n<div style=\"height:25px\" aria-hidden=\"true\" class=\"wp-block-spacer\"><\/div>\n\n\n\n<h2 class=\"wp-block-heading\">Heures d'ouvertures<\/h2>\n\n\n\n<div style=\"height:25px\" aria-hidden=\"true\" class=\"wp-block-spacer\"><\/div>\n\n\n\n<div class=\"wp-block-columns is-layout-flex wp-container-core-columns-is-layout-28f84493 wp-block-columns-is-layout-flex\">\n<div class=\"wp-block-column is-layout-flow wp-block-column-is-layout-flow\">\n<h4 class=\"wp-block-heading\">En pr\u00e9sentiel:<\/h4>\n\n\n\n<p><strong>Lundi au jeudi<\/strong> - au comptoir et au t\u00e9l\u00e9phone:<\/p>\n\n\n\n<p>10h00-12h30, 13h30-16h00<\/p>\n\n\n\n<p><strong>Vendredi:<\/strong><\/p>\n\n\n\n<p>10h00-12h30 - au comptoir et au t\u00e9l\u00e9phone<\/p>\n\n\n\n<p><em>Ferm\u00e9 en apr\u00e8s-midi<\/em><\/p>\n<\/div>\n\n\n\n<div class=\"wp-block-column is-layout-flow wp-block-column-is-layout-flow\">\n<h4 class=\"wp-block-heading\">Sur Zoom (sans rendez-vous)<\/h4>\n\n\n\n<p><strong>Mardi: <\/strong>13h30-16h00<\/p>\n\n\n\n<p><strong>Mercredi:<\/strong> 10h00-12h30<\/p>\n\n\n\n<p><strong>Vendredi: <\/strong>10h00-12h00<\/p>\n\n\n\n<div style=\"height:25px\" aria-hidden=\"true\" class=\"wp-block-spacer\"><\/div>\n\n\n\n<div class=\"wp-block-buttons is-layout-flex wp-block-buttons-is-layout-flex\">\n<div class=\"wp-block-button is-style-blue is-style-blue--1\"><a class=\"wp-block-button__link wp-element-button\" href=\"https:\/\/www.yorku.ca\/glendon\/student-financial-services\/zoom-drop-in-hours\/?lang=fr\" target=\"_blank\" rel=\"noreferrer noopener\">Connectez-vous ici<\/a><\/div>\n<\/div>\n<\/div>\n<\/div>\n\n\n\n<div style=\"height:25px\" aria-hidden=\"true\" class=\"wp-block-spacer\"><\/div>\n\n\n\n<div style=\"height:45px\" aria-hidden=\"true\" class=\"wp-block-spacer\"><\/div>\n\n\n\n<h2 class=\"wp-block-heading\">Contactez notre \u00e9quipe<\/h2>\n\n\n\n<div style=\"height:25px\" aria-hidden=\"true\" class=\"wp-block-spacer\"><\/div>\n\n\n\n<p>416-487-6701<\/p>\n\n\n\n<p>finance@glendon.yorku.ca<\/p>\n\n\n\n<p>*Veuillez indiquer votre num\u00e9ro \u00e9tudiant lorsque vous nous envoyez un courriel.  Nous visons \u00e0 vous r\u00e9pondre dans 4 jours ouvrables ou moins. <\/p>\n\n\n\n<div style=\"height:50px\" aria-hidden=\"true\" class=\"wp-block-spacer\"><\/div>\n\n\n\n<p>Vous avez une question rapide pour laquelle vous d\u00e9sirez une r\u00e9ponse vite-faite? Visitez <a href=\"https:\/\/www.yorku.ca\/glendon\/student-financial-services\/glendon-student-financial-services-faq\/?lang=fr\" target=\"_blank\" rel=\"noreferrer noopener\">notre page FAQ<\/a><\/p>\n\n\n\n<div style=\"height:100px\" aria-hidden=\"true\" class=\"wp-block-spacer\"><\/div>\n","protected":false},"excerpt":{"rendered":"<p>Le bureau des services financiers est ouvert du lundi au vendredi. Vous pouvez obtenir des r\u00e9ponses \u00e0 vos questions au guichet, par courriel, par t\u00e9l\u00e9phone ou via Zoom. Le moyen le plus rapide de nous joindre est de nous envoyez un courriel, ou de passer nous voir au guichet pour discuter. Heures d'ouvertures En pr\u00e9sentiel: [&hellip;]<\/p>\n","protected":false},"author":2,"featured_media":351,"parent":0,"menu_order":0,"comment_status":"closed","ping_status":"closed","template":"secondary-page.php","meta":{"_kad_blocks_custom_css":"","_kad_blocks_head_custom_js":"","_kad_blocks_body_custom_js":"","_kad_blocks_footer_custom_js":"","footnotes":""},"tags":[],"class_list":["post-372","page","type-page","status-publish","has-post-thumbnail","hentry"],"yoast_head":"<!-- This site is optimized with the Yoast SEO plugin v27.3 - https:\/\/yoast.com\/product\/yoast-seo-wordpress\/ -->\n<title>Contact - Student Financial Services<\/title>\n<meta name=\"description\" content=\"Contactez les Services financiers de Glendon pour des conseils sur RAFEO, les frais, les paiements, les bourses et la planification.\" \/>\n<meta name=\"robots\" content=\"noindex, follow, max-snippet:-1, max-image-preview:large, max-video-preview:-1\" \/>\n<meta property=\"og:locale\" content=\"en_US\" \/>\n<meta property=\"og:type\" content=\"article\" \/>\n<meta property=\"og:title\" content=\"Contact - Student Financial Services\" \/>\n<meta property=\"og:description\" content=\"Contactez les Services financiers de Glendon pour des conseils sur RAFEO, les frais, les paiements, les bourses et la planification.\" \/>\n<meta property=\"og:url\" content=\"https:\/\/www.yorku.ca\/glendon\/student-financial-services\/contact\/?lang=fr\" \/>\n<meta property=\"og:site_name\" content=\"Student Financial Services\" \/>\n<meta property=\"article:modified_time\" content=\"2026-04-06T15:14:25+00:00\" \/>\n<meta property=\"og:image\" content=\"https:\/\/www.yorku.ca\/glendon\/student-financial-services\/wp-content\/uploads\/sites\/1038\/2026\/02\/MG_8037_feature-211.jpeg\" \/>\n\t<meta property=\"og:image:width\" content=\"1642\" \/>\n\t<meta property=\"og:image:height\" content=\"768\" \/>\n\t<meta property=\"og:image:type\" content=\"image\/jpeg\" \/>\n<meta name=\"twitter:card\" content=\"summary_large_image\" \/>\n<meta name=\"twitter:label1\" content=\"Est. reading time\" \/>\n\t<meta name=\"twitter:data1\" content=\"1 minute\" \/>\n<script type=\"application\/ld+json\" class=\"yoast-schema-graph\">{\"@context\":\"https:\\\/\\\/schema.org\",\"@graph\":[{\"@type\":\"WebPage\",\"@id\":\"https:\\\/\\\/www.yorku.ca\\\/glendon\\\/student-financial-services\\\/contact\\\/?lang=fr\",\"url\":\"https:\\\/\\\/www.yorku.ca\\\/glendon\\\/student-financial-services\\\/contact\\\/?lang=fr\",\"name\":\"Contact - Student Financial Services\",\"isPartOf\":{\"@id\":\"https:\\\/\\\/www.yorku.ca\\\/glendon\\\/student-financial-services\\\/#website\"},\"primaryImageOfPage\":{\"@id\":\"https:\\\/\\\/www.yorku.ca\\\/glendon\\\/student-financial-services\\\/contact\\\/?lang=fr#primaryimage\"},\"image\":{\"@id\":\"https:\\\/\\\/www.yorku.ca\\\/glendon\\\/student-financial-services\\\/contact\\\/?lang=fr#primaryimage\"},\"thumbnailUrl\":\"https:\\\/\\\/www.yorku.ca\\\/glendon\\\/student-financial-services\\\/wp-content\\\/uploads\\\/sites\\\/1038\\\/2026\\\/02\\\/MG_8037_feature-211.jpeg\",\"datePublished\":\"2020-06-24T19:07:16+00:00\",\"dateModified\":\"2026-04-06T15:14:25+00:00\",\"description\":\"Contactez les Services financiers de Glendon pour des conseils sur RAFEO, les frais, les paiements, les bourses et la planification.\",\"breadcrumb\":{\"@id\":\"https:\\\/\\\/www.yorku.ca\\\/glendon\\\/student-financial-services\\\/contact\\\/?lang=fr#breadcrumb\"},\"inLanguage\":\"en-US\",\"potentialAction\":[{\"@type\":\"ReadAction\",\"target\":[\"https:\\\/\\\/www.yorku.ca\\\/glendon\\\/student-financial-services\\\/contact\\\/?lang=fr\"]}]},{\"@type\":\"ImageObject\",\"inLanguage\":\"en-US\",\"@id\":\"https:\\\/\\\/www.yorku.ca\\\/glendon\\\/student-financial-services\\\/contact\\\/?lang=fr#primaryimage\",\"url\":\"https:\\\/\\\/www.yorku.ca\\\/glendon\\\/student-financial-services\\\/wp-content\\\/uploads\\\/sites\\\/1038\\\/2026\\\/02\\\/MG_8037_feature-211.jpeg\",\"contentUrl\":\"https:\\\/\\\/www.yorku.ca\\\/glendon\\\/student-financial-services\\\/wp-content\\\/uploads\\\/sites\\\/1038\\\/2026\\\/02\\\/MG_8037_feature-211.jpeg\",\"width\":1642,\"height\":768},{\"@type\":\"BreadcrumbList\",\"@id\":\"https:\\\/\\\/www.yorku.ca\\\/glendon\\\/student-financial-services\\\/contact\\\/?lang=fr#breadcrumb\",\"itemListElement\":[{\"@type\":\"ListItem\",\"position\":1,\"name\":\"Home\",\"item\":\"\\\/glendon\\\/\"},{\"@type\":\"ListItem\",\"position\":2,\"name\":\"Student Financial Services\",\"item\":\"https:\\\/\\\/www.yorku.ca\\\/glendon\\\/student-financial-services\\\/\"},{\"@type\":\"ListItem\",\"position\":3,\"name\":\"Contact\"}]},{\"@type\":\"WebSite\",\"@id\":\"https:\\\/\\\/www.yorku.ca\\\/glendon\\\/student-financial-services\\\/#website\",\"url\":\"https:\\\/\\\/www.yorku.ca\\\/glendon\\\/student-financial-services\\\/\",\"name\":\"Student Financial Services\",\"description\":\"Just another York Central CMS Sites site\",\"potentialAction\":[{\"@type\":\"SearchAction\",\"target\":{\"@type\":\"EntryPoint\",\"urlTemplate\":\"https:\\\/\\\/www.yorku.ca\\\/glendon\\\/student-financial-services\\\/?s={search_term_string}\"},\"query-input\":{\"@type\":\"PropertyValueSpecification\",\"valueRequired\":true,\"valueName\":\"search_term_string\"}}],\"inLanguage\":\"en-US\"}]}<\/script>\n<!-- \/ Yoast SEO plugin. -->","yoast_head_json":{"title":"Contact - Student Financial Services","description":"Contactez les Services financiers de Glendon pour des conseils sur RAFEO, les frais, les paiements, les bourses et la planification.","robots":{"index":"noindex","follow":"follow","max-snippet":"max-snippet:-1","max-image-preview":"max-image-preview:large","max-video-preview":"max-video-preview:-1"},"og_locale":"en_US","og_type":"article","og_title":"Contact - Student Financial Services","og_description":"Contactez les Services financiers de Glendon pour des conseils sur RAFEO, les frais, les paiements, les bourses et la planification.","og_url":"https:\/\/www.yorku.ca\/glendon\/student-financial-services\/contact\/?lang=fr","og_site_name":"Student Financial Services","article_modified_time":"2026-04-06T15:14:25+00:00","og_image":[{"width":1642,"height":768,"url":"https:\/\/www.yorku.ca\/glendon\/student-financial-services\/wp-content\/uploads\/sites\/1038\/2026\/02\/MG_8037_feature-211.jpeg","type":"image\/jpeg"}],"twitter_card":"summary_large_image","twitter_misc":{"Est. reading time":"1 minute"},"schema":{"@context":"https:\/\/schema.org","@graph":[{"@type":"WebPage","@id":"https:\/\/www.yorku.ca\/glendon\/student-financial-services\/contact\/?lang=fr","url":"https:\/\/www.yorku.ca\/glendon\/student-financial-services\/contact\/?lang=fr","name":"Contact - Student Financial Services","isPartOf":{"@id":"https:\/\/www.yorku.ca\/glendon\/student-financial-services\/#website"},"primaryImageOfPage":{"@id":"https:\/\/www.yorku.ca\/glendon\/student-financial-services\/contact\/?lang=fr#primaryimage"},"image":{"@id":"https:\/\/www.yorku.ca\/glendon\/student-financial-services\/contact\/?lang=fr#primaryimage"},"thumbnailUrl":"https:\/\/www.yorku.ca\/glendon\/student-financial-services\/wp-content\/uploads\/sites\/1038\/2026\/02\/MG_8037_feature-211.jpeg","datePublished":"2020-06-24T19:07:16+00:00","dateModified":"2026-04-06T15:14:25+00:00","description":"Contactez les Services financiers de Glendon pour des conseils sur RAFEO, les frais, les paiements, les bourses et la planification.","breadcrumb":{"@id":"https:\/\/www.yorku.ca\/glendon\/student-financial-services\/contact\/?lang=fr#breadcrumb"},"inLanguage":"en-US","potentialAction":[{"@type":"ReadAction","target":["https:\/\/www.yorku.ca\/glendon\/student-financial-services\/contact\/?lang=fr"]}]},{"@type":"ImageObject","inLanguage":"en-US","@id":"https:\/\/www.yorku.ca\/glendon\/student-financial-services\/contact\/?lang=fr#primaryimage","url":"https:\/\/www.yorku.ca\/glendon\/student-financial-services\/wp-content\/uploads\/sites\/1038\/2026\/02\/MG_8037_feature-211.jpeg","contentUrl":"https:\/\/www.yorku.ca\/glendon\/student-financial-services\/wp-content\/uploads\/sites\/1038\/2026\/02\/MG_8037_feature-211.jpeg","width":1642,"height":768},{"@type":"BreadcrumbList","@id":"https:\/\/www.yorku.ca\/glendon\/student-financial-services\/contact\/?lang=fr#breadcrumb","itemListElement":[{"@type":"ListItem","position":1,"name":"Home","item":"\/glendon\/"},{"@type":"ListItem","position":2,"name":"Student Financial Services","item":"https:\/\/www.yorku.ca\/glendon\/student-financial-services\/"},{"@type":"ListItem","position":3,"name":"Contact"}]},{"@type":"WebSite","@id":"https:\/\/www.yorku.ca\/glendon\/student-financial-services\/#website","url":"https:\/\/www.yorku.ca\/glendon\/student-financial-services\/","name":"Student Financial Services","description":"Just another York Central CMS Sites site","potentialAction":[{"@type":"SearchAction","target":{"@type":"EntryPoint","urlTemplate":"https:\/\/www.yorku.ca\/glendon\/student-financial-services\/?s={search_term_string}"},"query-input":{"@type":"PropertyValueSpecification","valueRequired":true,"valueName":"search_term_string"}}],"inLanguage":"en-US"}]}},"taxonomy_info":[],"featured_image_src_large":["https:\/\/www.yorku.ca\/glendon\/student-financial-services\/wp-content\/uploads\/sites\/1038\/2026\/02\/MG_8037_feature-211-1024x479.jpeg",1024,479,true],"author_info":{"display_name":"Alice","author_link":"https:\/\/www.yorku.ca\/glendon\/student-financial-services\/author\/alicet\/"},"comment_info":0,"_links":{"self":[{"href":"https:\/\/www.yorku.ca\/glendon\/student-financial-services\/wp-json\/wp\/v2\/pages\/372","targetHints":{"allow":["GET"]}}],"collection":[{"href":"https:\/\/www.yorku.ca\/glendon\/student-financial-services\/wp-json\/wp\/v2\/pages"}],"about":[{"href":"https:\/\/www.yorku.ca\/glendon\/student-financial-services\/wp-json\/wp\/v2\/types\/page"}],"author":[{"embeddable":true,"href":"https:\/\/www.yorku.ca\/glendon\/student-financial-services\/wp-json\/wp\/v2\/users\/2"}],"replies":[{"embeddable":true,"href":"https:\/\/www.yorku.ca\/glendon\/student-financial-services\/wp-json\/wp\/v2\/comments?post=372"}],"version-history":[{"count":16,"href":"https:\/\/www.yorku.ca\/glendon\/student-financial-services\/wp-json\/wp\/v2\/pages\/372\/revisions"}],"predecessor-version":[{"id":727,"href":"https:\/\/www.yorku.ca\/glendon\/student-financial-services\/wp-json\/wp\/v2\/pages\/372\/revisions\/727"}],"wp:featuredmedia":[{"embeddable":true,"href":"https:\/\/www.yorku.ca\/glendon\/student-financial-services\/wp-json\/wp\/v2\/media\/351"}],"wp:attachment":[{"href":"https:\/\/www.yorku.ca\/glendon\/student-financial-services\/wp-json\/wp\/v2\/media?parent=372"}],"wp:term":[{"taxonomy":"post_tag","embeddable":true,"href":"https:\/\/www.yorku.ca\/glendon\/student-financial-services\/wp-json\/wp\/v2\/tags?post=372"}],"curies":[{"name":"wp","href":"https:\/\/api.w.org\/{rel}","templated":true}]}}