  {"id":175,"date":"2020-07-16T10:32:36","date_gmt":"2020-07-16T14:32:36","guid":{"rendered":"https:\/\/www.yorku.ca\/glendon-student-financial-servicesdev\/?page_id=175"},"modified":"2026-04-06T11:21:55","modified_gmt":"2026-04-06T15:21:55","slug":"page-de-garde","status":"publish","type":"page","link":"https:\/\/www.yorku.ca\/glendon\/student-financial-services\/page-de-garde\/?lang=fr","title":{"rendered":"Services financiers aux \u00e9tudiants"},"content":{"rendered":"\n<div style=\"height:35px\" aria-hidden=\"true\" class=\"wp-block-spacer\"><\/div>\n\n\n\n<h2 class=\"wp-block-heading\">Bienvenue!<\/h2>\n\n\n\n<div style=\"height:25px\" aria-hidden=\"true\" class=\"wp-block-spacer\"><\/div>\n\n\n\n<p>Les \u00e9tudiants de Glendon peuvent obtenir des conseils et de l'aide directement sur leur campus.<\/p>\n\n\n\n<p>Que vous ayez des questions sur les frais, l'aide financi\u00e8re, les bourses d'\u00e9tudes et les bourses d'entretien, ou que vous ayez besoin d'aide pour la planification, la budg\u00e9tisation ou les remboursements, notre \u00e9quipe est l\u00e0 pour vous aider !<\/p>\n\n\n\n<div style=\"height:25px\" aria-hidden=\"true\" class=\"wp-block-spacer\"><\/div>\n\n\n\n<h3 class=\"wp-block-heading\">Navigation<\/h3>\n\n\n\n<p>Le menu en haut de la page est votre ressource essentielle pour naviguer sur le site : tout ce dont vous avez besoin s'y trouve !<\/p>\n\n\n\n<div style=\"height:25px\" aria-hidden=\"true\" class=\"wp-block-spacer\"><\/div>\n\n\n\n<h3 class=\"wp-block-heading\">Liens rapides<\/h3>\n\n\n\n<p>Voici quelques liens pour un acc\u00e8s rapide.<\/p>\n\n\n\n<div class=\"wp-block-columns is-layout-flex wp-container-core-columns-is-layout-1 wp-block-columns-is-layout-flex\">\n<div class=\"wp-block-column is-layout-flow wp-block-column-is-layout-flow\">\n<ul class=\"wp-block-list\">\n<li><a href=\"https:\/\/students.yorku.ca\/sfs\/my-student-account\" target=\"_blank\" rel=\"noreferrer noopener\">My Student Account<\/a><\/li>\n\n\n\n<li><a href=\"https:\/\/students.yorku.ca\/fr\/sfs\/paying-my-account\" target=\"_blank\" rel=\"noreferrer noopener\">Payer mon compte<\/a><\/li>\n\n\n\n<li><a href=\"https:\/\/students.yorku.ca\/fr\/sfs\/tax-forms-and-filing\" target=\"_blank\" rel=\"noreferrer noopener\">Formulaires d'imp\u00f4ts<\/a><\/li>\n<\/ul>\n\n\n\n<div style=\"height:25px\" aria-hidden=\"true\" class=\"wp-block-spacer\"><\/div>\n<\/div>\n\n\n\n<div class=\"wp-block-column is-layout-flow wp-block-column-is-layout-flow\">\n<ul class=\"wp-block-list\">\n<li><a href=\"https:\/\/www.yorku.ca\/glendon\/student-financial-services\/scholarships-bursaries-and-awards\/?lang=fr\" target=\"_blank\" rel=\"noreferrer noopener\">Bourses d'\u00e9tudes et prix<\/a><\/li>\n\n\n\n<li><a href=\"https:\/\/students.yorku.ca\/fr\/sfs\/awards-and-scholarships\" target=\"_blank\" rel=\"noreferrer noopener\">Application FAAS<\/a><\/li>\n\n\n\n<li><a href=\"http:\/\/osap.students.yorku.ca\/\" target=\"_blank\" rel=\"noreferrer noopener\">RAFEO<\/a><\/li>\n<\/ul>\n<\/div>\n\n\n\n<div class=\"wp-block-column is-layout-flow wp-block-column-is-layout-flow\">\n<ul class=\"wp-block-list\">\n<li><a href=\"https:\/\/www.yorku.ca\/glendon\/student-financial-services\/financial-planning\/?lang=fr\" target=\"_blank\" rel=\"noreferrer noopener\">Planification financi\u00e8re<\/a><\/li>\n\n\n\n<li><a href=\"https:\/\/students.yorku.ca\/fr\/sfs\/refunds\" target=\"_blank\" rel=\"noreferrer noopener\">Remboursements<\/a><\/li>\n\n\n\n<li><a href=\"https:\/\/students.yorku.ca\/fr\/sfs\/financial-petitions\" target=\"_blank\" rel=\"noreferrer noopener\">P\u00e9titions<\/a><\/li>\n<\/ul>\n<\/div>\n<\/div>\n\n\n\n<div class=\"wp-block-columns card-deck aspect-ratio fade-bottom is-layout-flex wp-container-core-columns-is-layout-2 wp-block-columns-is-layout-flex\">\n<div class=\"wp-block-column card rounded-0 bg-white is-layout-flow wp-block-column-is-layout-flow\">\n<figure class=\"wp-block-image size-full\"><img loading=\"lazy\" decoding=\"async\" width=\"1024\" height=\"577\" src=\"https:\/\/www.yorku.ca\/glendon\/student-financial-services\/wp-content\/uploads\/sites\/1038\/2026\/03\/image-3.png\" alt=\"\" class=\"wp-image-704\" srcset=\"https:\/\/www.yorku.ca\/glendon\/student-financial-services\/wp-content\/uploads\/sites\/1038\/2026\/03\/image-3.png 1024w, https:\/\/www.yorku.ca\/glendon\/student-financial-services\/wp-content\/uploads\/sites\/1038\/2026\/03\/image-3-400x225.png 400w\" sizes=\"auto, (max-width: 1024px) 100vw, 1024px\" \/><\/figure>\n\n\n\n<div class=\"wp-block-group card-body is-layout-flow wp-block-group-is-layout-flow\">\n<h2 class=\"wp-block-heading card-title h5\">Services acad\u00e9miques<\/h2>\n\n\n\n<p class=\"card-text\">Obtenez de l\u2019aide avec les exigences de dipl\u00f4me, les dossiers \u00e9tudiants, le statut acad\u00e9mique, les changements de dipl\u00f4me ou de programme, les p\u00e9titions acad\u00e9miques, l\u2019inscription aux cours, et plus encore.<\/p>\n\n\n\n<p class=\"text-uppercase\"><a href=\"https:\/\/www.yorku.ca\/glendon\/academic-services\/?lang=fr\" target=\"_blank\" rel=\"noreferrer noopener\">Plus d'information<\/a><\/p>\n<\/div>\n<\/div>\n\n\n\n<div class=\"wp-block-column card rounded-0 bg-white is-layout-flow wp-block-column-is-layout-flow\">\n<figure class=\"wp-block-image size-full\"><img loading=\"lazy\" decoding=\"async\" width=\"1024\" height=\"577\" src=\"https:\/\/www.yorku.ca\/glendon\/student-financial-services\/wp-content\/uploads\/sites\/1038\/2026\/03\/image-4.png\" alt=\"\" class=\"wp-image-706\" srcset=\"https:\/\/www.yorku.ca\/glendon\/student-financial-services\/wp-content\/uploads\/sites\/1038\/2026\/03\/image-4.png 1024w, https:\/\/www.yorku.ca\/glendon\/student-financial-services\/wp-content\/uploads\/sites\/1038\/2026\/03\/image-4-400x225.png 400w\" sizes=\"auto, (max-width: 1024px) 100vw, 1024px\" \/><\/figure>\n\n\n\n<div class=\"wp-block-group card-body is-layout-flow wp-block-group-is-layout-flow\">\n<h2 class=\"wp-block-heading card-title h5\">Ressources linguistiques<\/h2>\n\n\n\n<p>Obtenez le soutien dont vous avez besoin tout au long de votre parcours d\u2019apprentissage des langues \u00e0 Glendon.<\/p>\n\n\n\n<p class=\"text-uppercase\"><a href=\"https:\/\/www.yorku.ca\/glendon\/language-resources\/?lang=fr\" target=\"_blank\" rel=\"noreferrer noopener\">Plus d'information<\/a><\/p>\n<\/div>\n<\/div>\n\n\n\n<div class=\"wp-block-column card rounded-0 bg-white is-layout-flow wp-block-column-is-layout-flow\">\n<figure class=\"wp-block-image size-full\"><img loading=\"lazy\" decoding=\"async\" width=\"1024\" height=\"577\" src=\"https:\/\/www.yorku.ca\/glendon\/student-financial-services\/wp-content\/uploads\/sites\/1038\/2026\/03\/image-5.png\" alt=\"\" class=\"wp-image-708\" srcset=\"https:\/\/www.yorku.ca\/glendon\/student-financial-services\/wp-content\/uploads\/sites\/1038\/2026\/03\/image-5.png 1024w, https:\/\/www.yorku.ca\/glendon\/student-financial-services\/wp-content\/uploads\/sites\/1038\/2026\/03\/image-5-400x225.png 400w\" sizes=\"auto, (max-width: 1024px) 100vw, 1024px\" \/><\/figure>\n\n\n\n<div class=\"wp-block-group card-body is-layout-flow wp-block-group-is-layout-flow\">\n<h2 class=\"wp-block-heading card-title h5\">Ressources additionelles<\/h2>\n\n\n\n<p class=\"card-text\">Trouvez des ressources, des services et des communaut\u00e9s qui favorisent la r\u00e9ussite et le bien\u2011\u00eatre personnel.<\/p>\n\n\n\n<p class=\"text-uppercase\"><a href=\"https:\/\/www.yorku.ca\/glendon\/current-students\/?lang=fr\" target=\"_blank\" rel=\"noreferrer noopener\">Plus d'information<\/a><\/p>\n<\/div>\n<\/div>\n<\/div>\n\n\n\n<div style=\"height:25px\" aria-hidden=\"true\" class=\"wp-block-spacer\"><\/div>\n\n\n\n<h3 class=\"wp-block-heading\">Contactez-nous<\/h3>\n\n\n\n<p>Cliquez sur le lien \u00ab <a href=\"https:\/\/www.yorku.ca\/glendon\/academic-services\/contact\/?lang=fr\" target=\"_blank\" rel=\"noreferrer noopener\">Contactez-nous<\/a> \u00bb ici ou dans le menu pour conna\u00eetre nos heures d'ouverture et les moyens de nous joindre.<\/p>\n\n\n\n<div style=\"height:45px\" aria-hidden=\"true\" class=\"wp-block-spacer\"><\/div>\n\n\n\n<p>Vous avez une question rapide pour laquelle vous d\u00e9sirez une r\u00e9ponse vite-faite? Visitez <a href=\"https:\/\/www.yorku.ca\/glendon\/student-financial-services\/glendon-student-financial-services-faq\/?lang=fr\" target=\"_blank\" rel=\"noreferrer noopener\">notre page FAQ<\/a><\/p>\n\n\n\n<div style=\"height:100px\" aria-hidden=\"true\" class=\"wp-block-spacer\"><\/div>\n","protected":false},"excerpt":{"rendered":"<p>Bienvenue! Les \u00e9tudiants de Glendon peuvent obtenir des conseils et de l'aide directement sur leur campus. Que vous ayez des questions sur les frais, l'aide financi\u00e8re, les bourses d'\u00e9tudes et les bourses d'entretien, ou que vous ayez besoin d'aide pour la planification, la budg\u00e9tisation ou les remboursements, notre \u00e9quipe est l\u00e0 pour vous aider ! [&hellip;]<\/p>\n","protected":false},"author":2,"featured_media":341,"parent":0,"menu_order":0,"comment_status":"closed","ping_status":"closed","template":"secondary-page.php","meta":{"_kad_blocks_custom_css":"","_kad_blocks_head_custom_js":"","_kad_blocks_body_custom_js":"","_kad_blocks_footer_custom_js":"","footnotes":""},"tags":[],"class_list":["post-175","page","type-page","status-publish","has-post-thumbnail","hentry"],"yoast_head":"<!-- This site is optimized with the Yoast SEO plugin v24.0 - https:\/\/yoast.com\/wordpress\/plugins\/seo\/ -->\n<title>Services financiers aux \u00e9tudiants - Student Financial Services<\/title>\n<meta name=\"description\" content=\"Renseignez\u2011vous sur l\u2019aide financi\u00e8re, le RAFEO, les bourses, les frais les services de soutien offerts aux \u00e9tudiants de Glendon.\" \/>\n<meta name=\"robots\" content=\"noindex, follow, max-snippet:-1, max-image-preview:large, max-video-preview:-1\" \/>\n<meta property=\"og:locale\" content=\"en_US\" \/>\n<meta property=\"og:type\" content=\"article\" \/>\n<meta property=\"og:title\" content=\"Services financiers aux \u00e9tudiants - Student Financial Services\" \/>\n<meta property=\"og:description\" content=\"Renseignez\u2011vous sur l\u2019aide financi\u00e8re, le RAFEO, les bourses, les frais les services de soutien offerts aux \u00e9tudiants de Glendon.\" \/>\n<meta property=\"og:url\" content=\"https:\/\/www.yorku.ca\/glendon\/student-financial-services\/page-de-garde\/?lang=fr\" \/>\n<meta property=\"og:site_name\" content=\"Student Financial Services\" \/>\n<meta property=\"article:modified_time\" content=\"2026-04-06T15:21:55+00:00\" \/>\n<meta property=\"og:image\" content=\"https:\/\/www.yorku.ca\/glendon\/student-financial-services\/wp-content\/uploads\/sites\/1038\/2026\/02\/dsc03840-1642x925-111.jpg\" \/>\n\t<meta property=\"og:image:width\" content=\"1642\" \/>\n\t<meta property=\"og:image:height\" content=\"925\" \/>\n\t<meta property=\"og:image:type\" content=\"image\/jpeg\" \/>\n<meta name=\"twitter:card\" content=\"summary_large_image\" \/>\n<meta name=\"twitter:label1\" content=\"Est. reading time\" \/>\n\t<meta name=\"twitter:data1\" content=\"2 minutes\" \/>\n<script type=\"application\/ld+json\" class=\"yoast-schema-graph\">{\"@context\":\"https:\/\/schema.org\",\"@graph\":[{\"@type\":\"WebPage\",\"@id\":\"https:\/\/www.yorku.ca\/glendon\/student-financial-services\/page-de-garde\/?lang=fr\",\"url\":\"https:\/\/www.yorku.ca\/glendon\/student-financial-services\/page-de-garde\/?lang=fr\",\"name\":\"Services financiers aux \u00e9tudiants - Student Financial Services\",\"isPartOf\":{\"@id\":\"https:\/\/www.yorku.ca\/glendon\/student-financial-services\/#website\"},\"primaryImageOfPage\":{\"@id\":\"https:\/\/www.yorku.ca\/glendon\/student-financial-services\/page-de-garde\/?lang=fr#primaryimage\"},\"image\":{\"@id\":\"https:\/\/www.yorku.ca\/glendon\/student-financial-services\/page-de-garde\/?lang=fr#primaryimage\"},\"thumbnailUrl\":\"https:\/\/www.yorku.ca\/glendon\/student-financial-services\/wp-content\/uploads\/sites\/1038\/2026\/02\/dsc03840-1642x925-111.jpg\",\"datePublished\":\"2020-07-16T14:32:36+00:00\",\"dateModified\":\"2026-04-06T15:21:55+00:00\",\"description\":\"Renseignez\u2011vous sur l\u2019aide financi\u00e8re, le RAFEO, les bourses, les frais les services de soutien offerts aux \u00e9tudiants de Glendon.\",\"breadcrumb\":{\"@id\":\"https:\/\/www.yorku.ca\/glendon\/student-financial-services\/page-de-garde\/?lang=fr#breadcrumb\"},\"inLanguage\":\"en-US\",\"potentialAction\":[{\"@type\":\"ReadAction\",\"target\":[\"https:\/\/www.yorku.ca\/glendon\/student-financial-services\/page-de-garde\/?lang=fr\"]}]},{\"@type\":\"ImageObject\",\"inLanguage\":\"en-US\",\"@id\":\"https:\/\/www.yorku.ca\/glendon\/student-financial-services\/page-de-garde\/?lang=fr#primaryimage\",\"url\":\"https:\/\/www.yorku.ca\/glendon\/student-financial-services\/wp-content\/uploads\/sites\/1038\/2026\/02\/dsc03840-1642x925-111.jpg\",\"contentUrl\":\"https:\/\/www.yorku.ca\/glendon\/student-financial-services\/wp-content\/uploads\/sites\/1038\/2026\/02\/dsc03840-1642x925-111.jpg\",\"width\":1642,\"height\":925},{\"@type\":\"BreadcrumbList\",\"@id\":\"https:\/\/www.yorku.ca\/glendon\/student-financial-services\/page-de-garde\/?lang=fr#breadcrumb\",\"itemListElement\":[{\"@type\":\"ListItem\",\"position\":1,\"name\":\"Home\",\"item\":\"\/glendon\/\"},{\"@type\":\"ListItem\",\"position\":2,\"name\":\"Student Financial Services\",\"item\":\"https:\/\/www.yorku.ca\/glendon\/student-financial-services\/\"},{\"@type\":\"ListItem\",\"position\":3,\"name\":\"Services financiers aux \u00e9tudiants\"}]},{\"@type\":\"WebSite\",\"@id\":\"https:\/\/www.yorku.ca\/glendon\/student-financial-services\/#website\",\"url\":\"https:\/\/www.yorku.ca\/glendon\/student-financial-services\/\",\"name\":\"Student Financial Services\",\"description\":\"Just another York Central CMS Sites site\",\"potentialAction\":[{\"@type\":\"SearchAction\",\"target\":{\"@type\":\"EntryPoint\",\"urlTemplate\":\"https:\/\/www.yorku.ca\/glendon\/student-financial-services\/?s={search_term_string}\"},\"query-input\":{\"@type\":\"PropertyValueSpecification\",\"valueRequired\":true,\"valueName\":\"search_term_string\"}}],\"inLanguage\":\"en-US\"}]}<\/script>\n<!-- \/ Yoast SEO plugin. -->","yoast_head_json":{"title":"Services financiers aux \u00e9tudiants - Student Financial Services","description":"Renseignez\u2011vous sur l\u2019aide financi\u00e8re, le RAFEO, les bourses, les frais les services de soutien offerts aux \u00e9tudiants de Glendon.","robots":{"index":"noindex","follow":"follow","max-snippet":"max-snippet:-1","max-image-preview":"max-image-preview:large","max-video-preview":"max-video-preview:-1"},"og_locale":"en_US","og_type":"article","og_title":"Services financiers aux \u00e9tudiants - Student Financial Services","og_description":"Renseignez\u2011vous sur l\u2019aide financi\u00e8re, le RAFEO, les bourses, les frais les services de soutien offerts aux \u00e9tudiants de Glendon.","og_url":"https:\/\/www.yorku.ca\/glendon\/student-financial-services\/page-de-garde\/?lang=fr","og_site_name":"Student Financial Services","article_modified_time":"2026-04-06T15:21:55+00:00","og_image":[{"width":1642,"height":925,"url":"https:\/\/www.yorku.ca\/glendon\/student-financial-services\/wp-content\/uploads\/sites\/1038\/2026\/02\/dsc03840-1642x925-111.jpg","type":"image\/jpeg"}],"twitter_card":"summary_large_image","twitter_misc":{"Est. reading time":"2 minutes"},"schema":{"@context":"https:\/\/schema.org","@graph":[{"@type":"WebPage","@id":"https:\/\/www.yorku.ca\/glendon\/student-financial-services\/page-de-garde\/?lang=fr","url":"https:\/\/www.yorku.ca\/glendon\/student-financial-services\/page-de-garde\/?lang=fr","name":"Services financiers aux \u00e9tudiants - Student Financial Services","isPartOf":{"@id":"https:\/\/www.yorku.ca\/glendon\/student-financial-services\/#website"},"primaryImageOfPage":{"@id":"https:\/\/www.yorku.ca\/glendon\/student-financial-services\/page-de-garde\/?lang=fr#primaryimage"},"image":{"@id":"https:\/\/www.yorku.ca\/glendon\/student-financial-services\/page-de-garde\/?lang=fr#primaryimage"},"thumbnailUrl":"https:\/\/www.yorku.ca\/glendon\/student-financial-services\/wp-content\/uploads\/sites\/1038\/2026\/02\/dsc03840-1642x925-111.jpg","datePublished":"2020-07-16T14:32:36+00:00","dateModified":"2026-04-06T15:21:55+00:00","description":"Renseignez\u2011vous sur l\u2019aide financi\u00e8re, le RAFEO, les bourses, les frais les services de soutien offerts aux \u00e9tudiants de Glendon.","breadcrumb":{"@id":"https:\/\/www.yorku.ca\/glendon\/student-financial-services\/page-de-garde\/?lang=fr#breadcrumb"},"inLanguage":"en-US","potentialAction":[{"@type":"ReadAction","target":["https:\/\/www.yorku.ca\/glendon\/student-financial-services\/page-de-garde\/?lang=fr"]}]},{"@type":"ImageObject","inLanguage":"en-US","@id":"https:\/\/www.yorku.ca\/glendon\/student-financial-services\/page-de-garde\/?lang=fr#primaryimage","url":"https:\/\/www.yorku.ca\/glendon\/student-financial-services\/wp-content\/uploads\/sites\/1038\/2026\/02\/dsc03840-1642x925-111.jpg","contentUrl":"https:\/\/www.yorku.ca\/glendon\/student-financial-services\/wp-content\/uploads\/sites\/1038\/2026\/02\/dsc03840-1642x925-111.jpg","width":1642,"height":925},{"@type":"BreadcrumbList","@id":"https:\/\/www.yorku.ca\/glendon\/student-financial-services\/page-de-garde\/?lang=fr#breadcrumb","itemListElement":[{"@type":"ListItem","position":1,"name":"Home","item":"\/glendon\/"},{"@type":"ListItem","position":2,"name":"Student Financial Services","item":"https:\/\/www.yorku.ca\/glendon\/student-financial-services\/"},{"@type":"ListItem","position":3,"name":"Services financiers aux \u00e9tudiants"}]},{"@type":"WebSite","@id":"https:\/\/www.yorku.ca\/glendon\/student-financial-services\/#website","url":"https:\/\/www.yorku.ca\/glendon\/student-financial-services\/","name":"Student Financial Services","description":"Just another York Central CMS Sites site","potentialAction":[{"@type":"SearchAction","target":{"@type":"EntryPoint","urlTemplate":"https:\/\/www.yorku.ca\/glendon\/student-financial-services\/?s={search_term_string}"},"query-input":{"@type":"PropertyValueSpecification","valueRequired":true,"valueName":"search_term_string"}}],"inLanguage":"en-US"}]}},"taxonomy_info":[],"featured_image_src_large":["https:\/\/www.yorku.ca\/glendon\/student-financial-services\/wp-content\/uploads\/sites\/1038\/2026\/02\/dsc03840-1642x925-111-1024x577.jpg",1024,577,true],"author_info":{"display_name":"Alice","author_link":"https:\/\/www.yorku.ca\/glendon\/student-financial-services\/author\/alicet\/"},"comment_info":0,"_links":{"self":[{"href":"https:\/\/www.yorku.ca\/glendon\/student-financial-services\/wp-json\/wp\/v2\/pages\/175","targetHints":{"allow":["GET"]}}],"collection":[{"href":"https:\/\/www.yorku.ca\/glendon\/student-financial-services\/wp-json\/wp\/v2\/pages"}],"about":[{"href":"https:\/\/www.yorku.ca\/glendon\/student-financial-services\/wp-json\/wp\/v2\/types\/page"}],"author":[{"embeddable":true,"href":"https:\/\/www.yorku.ca\/glendon\/student-financial-services\/wp-json\/wp\/v2\/users\/2"}],"replies":[{"embeddable":true,"href":"https:\/\/www.yorku.ca\/glendon\/student-financial-services\/wp-json\/wp\/v2\/comments?post=175"}],"version-history":[{"count":10,"href":"https:\/\/www.yorku.ca\/glendon\/student-financial-services\/wp-json\/wp\/v2\/pages\/175\/revisions"}],"predecessor-version":[{"id":732,"href":"https:\/\/www.yorku.ca\/glendon\/student-financial-services\/wp-json\/wp\/v2\/pages\/175\/revisions\/732"}],"wp:featuredmedia":[{"embeddable":true,"href":"https:\/\/www.yorku.ca\/glendon\/student-financial-services\/wp-json\/wp\/v2\/media\/341"}],"wp:attachment":[{"href":"https:\/\/www.yorku.ca\/glendon\/student-financial-services\/wp-json\/wp\/v2\/media?parent=175"}],"wp:term":[{"taxonomy":"post_tag","embeddable":true,"href":"https:\/\/www.yorku.ca\/glendon\/student-financial-services\/wp-json\/wp\/v2\/tags?post=175"}],"curies":[{"name":"wp","href":"https:\/\/api.w.org\/{rel}","templated":true}]}}