  {"id":329,"date":"2022-04-19T17:23:14","date_gmt":"2022-04-19T21:23:14","guid":{"rendered":"https:\/\/www.yorku.ca\/glendon\/strategic-direction\/?page_id=329"},"modified":"2024-03-25T15:32:01","modified_gmt":"2024-03-25T19:32:01","slug":"reunion-du-conseil-de-la-faculte","status":"publish","type":"page","link":"https:\/\/www.yorku.ca\/glendon\/strategicdirection\/reunion-du-conseil-de-la-faculte\/?lang=fr","title":{"rendered":"Consultation communautaire"},"content":{"rendered":"\n<p>Apr\u00e8s la pr\u00e9sentation des recommandations au Conseil de la Facult\u00e9 de Glendon le 22 avril 2022, un processus de consultation \u00e9largi aura lieu. Cette consultation continue sera organis\u00e9e au sein de la communaut\u00e9 de York; les membres du corps professoral, les charg\u00e9s de cours, le personnel et les \u00e9tudiants seront invit\u00e9s \u00e0 y participer. <strong><a href=\"https:\/\/www.yorku.ca\/glendon\/strategicdirection\/py-staff-area\/additional-documents\/?lang=fr\">Tous les documents <meta charset=\"utf-8\">pr\u00e9sent\u00e9s lors des s\u00e9ances de consultation se trouvent ici.<\/a><\/strong><\/p>\n\n\n\n<div style=\"height:40px\" aria-hidden=\"true\" class=\"wp-block-spacer\"><\/div>\n\n\n\n<div class=\"wp-block-columns is-layout-flex wp-container-core-columns-is-layout-1 wp-block-columns-is-layout-flex\">\n<div class=\"wp-block-column is-layout-flow wp-block-column-is-layout-flow\">\n<hr class=\"wp-block-separator\"\/>\n\n\n\n<h2 class=\"h6 text-uppercase text-primary wp-block-heading\"><strong><strong><strong>PARTICIPATION DU <strong><strong>S\u00c9NAT <\/strong><\/strong> <\/strong> <\/strong> <\/strong><\/h2>\n\n\n\n<p>Le jeudi 15 f\u00e9vrier, une motion d\u2019approbation de la proposition a \u00e9t\u00e9 adopt\u00e9e au S\u00e9nat et la proposition doit \u00eatre examin\u00e9e par le conseil d\u2019administration et ses comit\u00e9s pertinents.<\/p>\n<\/div>\n\n\n\n<div class=\"wp-block-column is-layout-flow wp-block-column-is-layout-flow\">\n<hr class=\"wp-block-separator\"\/>\n\n\n\n<h6 class=\"has-vivid-red-color has-text-color wp-block-heading\"><strong><strong>PARTICIPATION DU <strong>S\u00c9NAT <\/strong><\/strong><\/strong><\/h6>\n\n\n\n<p>Le jeudi 25 janvier, un avis de motion a \u00e9t\u00e9 pr\u00e9sent\u00e9 au S\u00e9nat ouvrant la discussion avant qu\u2019une motion formelle ne soit inscrite \u00e0 l\u2019ordre du jour du S\u00e9nat.<\/p>\n<\/div>\n\n\n\n<div class=\"wp-block-column is-layout-flow wp-block-column-is-layout-flow\">\n<hr class=\"wp-block-separator\"\/>\n\n\n\n<h6 class=\"has-vivid-red-color has-text-color wp-block-heading\">PARTICIPATION DU <strong><strong>COMIT\u00c9 DE LA POLITIQUE ACAD<strong><strong>\u00c9MIQUE<\/strong><\/strong><\/strong><\/strong>, DE LA PLANTIFICATION ET DE LA RECHERCHE <\/h6>\n\n\n\n<p>Le jeudi 18 janvier, il y a eu une discussion et un vote en faveur de la proposition.<\/p>\n<\/div>\n\n\n\n<div class=\"wp-block-column is-layout-flow wp-block-column-is-layout-flow\">\n<hr class=\"wp-block-separator\"\/>\n\n\n\n<h6 class=\"has-vivid-red-color has-text-color wp-block-heading\"><strong><strong><strong>ENGAGEMENT AVEC<strong><strong> FACULT\u00c9<\/strong><\/strong>S ET PROGRAMMES BAS<strong><strong><strong><strong><strong>\u00c9<\/strong><\/strong><\/strong><\/strong><\/strong><\/strong><\/strong><\/strong>S<strong><strong><strong> <strong><strong><strong><strong>\u00c0<\/strong><\/strong><\/strong><\/strong> KEELE <\/strong><\/strong><\/strong><\/h6>\n\n\n\n<p>Le projet de la restructuration propos\u00e9e des d\u00e9partements de La proposition de restructuration des d\u00e9partements acad\u00e9miques de Glendon approuv\u00e9e par le Conseil de la facult\u00e9 de Glendon a \u00e9t\u00e9 de nouveau diffus\u00e9e en novembre et d\u00e9cembre&nbsp;2023 aupr\u00e8s des unit\u00e9s de Keele dont les programmes recoupent ceux du Coll\u00e8ge Glendon. Les pr\u00e9sidences et directions d\u2019unit\u00e9 ont \u00e9t\u00e9 invit\u00e9es \u00e0 formuler des commentaires, \u00e0 discuter et\/ou \u00e0 apporter leur soutien. <\/p>\n<\/div>\n<\/div>\n\n\n\n<div class=\"wp-block-columns is-layout-flex wp-container-core-columns-is-layout-2 wp-block-columns-is-layout-flex\">\n<div class=\"wp-block-column is-layout-flow wp-block-column-is-layout-flow\">\n<hr class=\"wp-block-separator\"\/>\n\n\n\n<h2 class=\"h6 text-uppercase text-primary wp-block-heading\"><strong><strong><strong><strong><strong>R<strong>\u00c9UNION DU CONSEIL DE LA FACULT<strong><strong>\u00c9<\/strong><\/strong><\/strong><\/strong><\/strong>  <\/strong> <\/strong> <\/strong><\/h2>\n\n\n\n<p>Le projet de la restructuration propos\u00e9e des d\u00e9partements de La proposition de restructuration des d\u00e9partements acad\u00e9miques de  Le vendredi\u00a024\u00a0novembre\u00a02023, le Conseil de la facult\u00e9 de Glendon a vot\u00e9 en faveur de la proposition de restructuration des d\u00e9partements acad\u00e9miques de Glendon. <\/p>\n<\/div>\n\n\n\n<div class=\"wp-block-column is-layout-flow wp-block-column-is-layout-flow\">\n<hr class=\"wp-block-separator\"\/>\n\n\n\n<h6 class=\"has-vivid-red-color has-text-color wp-block-heading\"><strong><strong> <strong><strong>R\u00c9UNION SP<strong><strong>\u00c9<\/strong><\/strong>CIALE DU CONSEIL DE LA FACULT\u00c9<\/strong><\/strong>  <\/strong><\/strong><\/h6>\n\n\n\n<p>Une r\u00e9union sp\u00e9ciale du Conseil de la facult\u00e9 a eu lieu le vendredi\u00a03\u00a0novembre\u00a02023 pour discuter de la proposition de restructuration des d\u00e9partements acad\u00e9miques de Glendon. <\/p>\n<\/div>\n\n\n\n<div class=\"wp-block-column is-layout-flow wp-block-column-is-layout-flow\">\n<hr class=\"wp-block-separator\"\/>\n\n\n\n<h6 class=\"has-vivid-red-color has-text-color wp-block-heading\"><strong><strong><strong><strong><strong>ENGAGEMENT <strong>\u00c0<\/strong> TENIR DES RECONTRES AVEC LES <strong><strong> FACULT\u00c9<\/strong><\/strong>S ET PROGRAMMES BAS<strong><strong><strong><strong><strong>\u00c9<\/strong><\/strong><\/strong><\/strong><\/strong><\/strong><\/strong><\/strong>S<strong><strong><strong> <strong><strong><strong><strong>\u00c0<\/strong><\/strong><\/strong><\/strong> KEELE <\/strong><\/strong><\/strong> <\/strong><\/strong><\/h6>\n\n\n\n<p>Le projet de la restructuration propos\u00e9e des d\u00e9partements de Glendon a \u00e9t\u00e9 diffus\u00e9 en juillet\u00a02023 aupr\u00e8s des unit\u00e9s de Keele qui ont des liens avec le Coll\u00e8ge Glendon. Les pr\u00e9sidences et directions d\u2019unit\u00e9 ont \u00e9t\u00e9 invit\u00e9es \u00e0 formuler des commentaires, \u00e0 discuter et\/ou \u00e0 apporter leur soutien.  <\/p>\n<\/div>\n\n\n\n<div class=\"wp-block-column is-layout-flow wp-block-column-is-layout-flow\">\n<hr class=\"wp-block-separator\"\/>\n\n\n\n<h6 class=\"has-vivid-red-color has-text-color wp-block-heading\"><strong><strong><strong>CONVERSATION COMMUNAUTAIRE <strong><strong><strong><strong><strong><strong>\u00c0<\/strong><\/strong><\/strong><\/strong><\/strong><\/strong> <\/strong><\/strong><\/strong> GLENDON<strong><strong><strong> <\/strong><\/strong><\/strong><\/h6>\n\n\n\n<p>La pr\u00e9sidente et vice-chanceli\u00e8re, Rhonda Lenton, et le principal du Coll\u00e8ge universitaire Glendon ont tenu le 14 mars 2023 <a href=\"https:\/\/www.youtube.com\/watch?v=PWqJCLMh5Po\">une conversation communautaire<\/a> avec l\u2019\u00e9quipe de direction de York pour r\u00e9pondre aux questions, commentaires et pr\u00e9occupations. <\/p>\n<\/div>\n<\/div>\n\n\n\n<div class=\"wp-block-group is-layout-flow wp-block-group-is-layout-flow\">\n<div class=\"wp-block-columns is-layout-flex wp-container-core-columns-is-layout-3 wp-block-columns-is-layout-flex\">\n<div class=\"wp-block-column is-layout-flow wp-block-column-is-layout-flow\">\n<hr class=\"wp-block-separator\"\/>\n\n\n\n<h2 class=\"h6 text-uppercase text-primary wp-block-heading\"><strong><strong><strong><strong><strong><strong><strong><strong><strong><strong><strong><strong><strong>Conversation avec la communaut\u00e9 de Glendon<\/strong> <\/strong> <\/strong><\/strong><\/strong><\/strong>  <\/strong><\/strong><\/strong> <\/strong>   <\/strong> <\/strong> <\/strong><\/h2>\n\n\n\n<p>Les professeurs permanents ont la possibilit\u00e9 de discuter et de poser des questions sur le processus d\u2019harmonisation des dipl\u00f4mes lors d\u2019une rencontre le 14\u00a0f\u00e9vrier 2023.   <\/p>\n<\/div>\n\n\n\n<div class=\"wp-block-column is-layout-flow wp-block-column-is-layout-flow\">\n<hr class=\"wp-block-separator\"\/>\n\n\n\n<h2 class=\"h6 text-uppercase text-primary wp-block-heading\"><strong><strong><strong><strong><strong><strong> <strong><strong><strong><strong>Sondage exploratoire<\/strong><\/strong><\/strong><\/strong> <\/strong><\/strong> <\/strong><\/strong><\/strong><\/strong> <\/h2>\n\n\n\n<p>Un sondage quant \u00e0 la restructuration acad\u00e9mique a \u00e9t\u00e9 compl\u00e9t\u00e9, puis partag\u00e9 lors de la rencontre du Conseil de la facult\u00e9 le 3 f\u00e9vrier 2023.  <\/p>\n<\/div>\n\n\n\n<div class=\"wp-block-column is-layout-flow wp-block-column-is-layout-flow\">\n<hr class=\"wp-block-separator\"\/>\n\n\n\n<h2 class=\"h6 text-uppercase text-primary wp-block-heading\"><strong><strong><strong><strong><strong><strong><strong><strong>Mobilisation des facult\u00e9s et programmes<\/strong> <\/strong> <\/strong><\/strong> <\/strong><\/strong><\/strong><\/strong><\/h2>\n\n\n\n<p>Une s\u00e9rie de <a href=\"https:\/\/www.yorku.ca\/glendon\/strategicdirection\/wp-content\/uploads\/sites\/597\/2023\/02\/Consultations-avec-les-facultes-et-programmes-2023-1.pdf\">consultations<\/a> avec les facult\u00e9s et les responsables de programmes sur l\u2019harmonisation des dipl\u00f4mes a lieu en f\u00e9vrier-mars 2023. Des invitations ont \u00e9t\u00e9 envoy\u00e9es \u00e0 la direction des programmes et d\u00e9partements \u00e0 des fins de partage avec le corps professoral.    <\/p>\n<\/div>\n\n\n\n<div class=\"wp-block-column is-layout-flow wp-block-column-is-layout-flow\">\n<hr class=\"wp-block-separator\"\/>\n\n\n\n<h2 class=\"h6 text-uppercase text-primary wp-block-heading\"><strong><strong><strong><strong><strong><strong><strong>Conversation avec la communaut\u00e9 de Glendon <\/strong><\/strong><\/strong> <\/strong><\/strong> <\/strong><\/strong><\/h2>\n\n\n\n<p>La communaut\u00e9 a eu l\u2019occasion de s\u2019engager et de poser des questions sur le repositionnement lors de la rencontre du 10\u00a0novembre 2022.   <\/p>\n<\/div>\n<\/div>\n\n\n\n<div class=\"wp-block-columns is-layout-flex wp-container-core-columns-is-layout-4 wp-block-columns-is-layout-flex\">\n<div class=\"wp-block-column is-layout-flow wp-block-column-is-layout-flow\">\n<hr class=\"wp-block-separator\"\/>\n\n\n\n<h2 class=\"h6 text-uppercase text-primary wp-block-heading\"><strong><strong><strong><strong><strong><strong>R\u00e9union du conseil de la facult\u00e9 <\/strong> <\/strong><\/strong> <\/strong><\/strong><\/strong><\/h2>\n\n\n\n<p>Une pr\u00e9sentation au sujet du positionnement strat\u00e9gique propos\u00e9 \u00e0 Glendon a eu lieu le 28\u00a0octobre 2022. L\u2019objectif est d\u2019assurer la mise en \u0153uvre compl\u00e8te des programmes r\u00e9vis\u00e9s d\u2019ici septembre 2024 et d\u2019approuver les changements de nom des programmes d\u2019ici mai 2023.     <\/p>\n<\/div>\n\n\n\n<div class=\"wp-block-column is-layout-flow wp-block-column-is-layout-flow\">\n<hr class=\"wp-block-separator\"\/>\n\n\n\n<h2 class=\"h6 text-uppercase text-primary wp-block-heading\"><strong><strong><strong><strong><strong><strong><strong>Engagement \u00e0 tenir des rencontres avec les Facult\u00e9s et programmes bas\u00e9s \u00e0 Keele <\/strong><\/strong> <strong><strong> <\/strong><\/strong><\/strong><\/strong> <\/strong> <\/strong> <\/strong><\/h2>\n\n\n\n<p>Les consultations avec les Facult\u00e9s et les programmes qui ont des recoupements avec le Coll\u00e8ge Glendon ont eu lieu en \u00e9t\u00e9 et automne\u00a02022.    <\/p>\n<\/div>\n\n\n\n<div class=\"wp-block-column is-layout-flow wp-block-column-is-layout-flow\">\n<hr class=\"wp-block-separator\"\/>\n\n\n\n<h2 class=\"h6 text-uppercase text-primary wp-block-heading\"><strong><strong><strong><strong><strong><strong><strong><strong><strong><strong><strong><strong>Mise \u00e0 jour pour la communaut\u00e9 des dipl\u00f4m\u00e9s <\/strong><\/strong><\/strong><\/strong><\/strong><\/strong> <\/strong><\/strong>  <\/strong><\/strong> <\/strong> <\/strong><\/h2>\n\n\n\n<p>Le principal de Glendon a co-organis\u00e9\u00a0<a href=\"http:\/\/york.imodules.com\/controls\/email_marketing\/view_in_browser.aspx?sid=1853&amp;gid=2&amp;sendId=151977&amp;ecatid=16&amp;puid=df199511-76c5-4297-a10b-ea6e7fd9d414\">un \u00e9v\u00e9nement<\/a>\u00a0sur le nouveau positionnement strat\u00e9gique le 9\u00a0juin 2022.  <\/p>\n<\/div>\n\n\n\n<div class=\"wp-block-column is-layout-flow wp-block-column-is-layout-flow\">\n<hr class=\"wp-block-separator\"\/>\n\n\n\n<h2 class=\"h6 text-uppercase text-primary wp-block-heading\"><strong><strong><strong><strong><strong><strong><strong><strong><strong><strong><strong><strong><strong><strong><strong><strong>Le principal de Glendon a rencontr\u00e9 les diff\u00e9rents d\u00e9partements<\/strong> <\/strong><\/strong><\/strong><\/strong><\/strong><\/strong><\/strong> <\/strong><\/strong><\/strong><\/strong><\/strong><\/strong><\/strong><\/strong><\/h2>\n\n\n\n<p>Des r\u00e9unions avec le principal de Glendon ont eu lieu en avril et en mai 2022. <\/p>\n<\/div>\n<\/div>\n\n\n\n<div class=\"wp-block-columns is-layout-flex wp-container-core-columns-is-layout-5 wp-block-columns-is-layout-flex\">\n<div class=\"wp-block-column is-layout-flow wp-block-column-is-layout-flow\">\n<hr class=\"wp-block-separator\"\/>\n\n\n\n<h2 class=\"h6 text-uppercase text-primary wp-block-heading\"><strong><strong><strong><strong><strong><strong><strong><strong><strong><strong><strong><strong><strong><strong><strong><strong>Conversation avec la communaut\u00e9 de Glendon<\/strong><\/strong><\/strong><\/strong><\/strong><\/strong> <\/strong><\/strong> <\/strong><\/strong><\/strong><\/strong><\/strong><\/strong><\/strong><\/strong><\/h2>\n\n\n\n<p>La communaut\u00e9 a eu l\u2019occasion de partager ses r\u00e9flexions sur le repositionnement lors d\u2019un \u00e9v\u00e9nement le 13\u00a0mai 2022.    <\/p>\n<\/div>\n\n\n\n<div class=\"wp-block-column is-layout-flow wp-block-column-is-layout-flow\">\n<hr class=\"wp-block-separator\"\/>\n\n\n\n<h2 class=\"h6 text-uppercase text-primary wp-block-heading\"><strong><strong><strong><strong><strong><strong><strong><strong><strong><strong><strong><strong><strong><strong><strong><strong>R\u00e9union du conseil de la facult\u00e9<\/strong> <\/strong> <\/strong><\/strong><\/strong><\/strong><\/strong> <\/strong> <\/strong><\/strong><\/strong><\/strong><\/strong><\/strong> <\/strong><\/strong><\/h2>\n\n\n\n<p>Le principal de Glendon a pr\u00e9sent\u00e9 la ou les options d\u2019orientation strat\u00e9gique au Conseil de la Facult\u00e9 le 22\u00a0avril 2022.\u00a0   <\/p>\n<\/div>\n\n\n\n<div class=\"wp-block-column is-layout-flow wp-block-column-is-layout-flow\">\n<hr class=\"wp-block-separator\"\/>\n\n\n\n<h2 class=\"h6 text-uppercase text-primary wp-block-heading\"><strong><strong><strong><strong><strong><strong><strong><strong><strong><strong><strong><strong><strong>Engagement \u00e0 tenir une rencontre avec le Comit\u00e9 de la politique acad\u00e9mique, de la planification et de la recherche et d\u2019autres comit\u00e9s du S\u00e9nat de l\u2019Universit\u00e9 York, le cas \u00e9ch\u00e9ant<\/strong>  <\/strong><\/strong><\/strong><\/strong> <\/strong><\/strong> <\/strong><\/strong><\/strong><\/strong><\/strong> <\/strong><\/h2>\n\n\n\n<p> Les recommandations ont \u00e9t\u00e9 pr\u00e9sent\u00e9es au comit\u00e9 pour discussion lors d\u2019une r\u00e9union virtuelle au printemps\u00a02022 \u00a0    <\/p>\n<\/div>\n\n\n\n<div class=\"wp-block-column is-layout-flow wp-block-column-is-layout-flow\">\n<hr class=\"wp-block-separator\"\/>\n\n\n\n<h2 class=\"h6 text-uppercase text-primary wp-block-heading\"><strong><strong><strong><strong><strong>R\u00e9unions du comit\u00e9 consultatif<\/strong><\/strong><\/strong><\/strong><\/strong><\/h2>\n\n\n\n<p>Le comit\u00e9 consultatif s\u2019est r\u00e9uni et a formul\u00e9 des conseils au principal de Glendon les\u00a0: 10 et 25\u00a0janvier, 9 et 22\u00a0f\u00e9vrier et 10\u00a0mars 2022.\u00a0    <\/p>\n<\/div>\n<\/div>\n\n\n\n<div class=\"wp-block-columns is-layout-flex wp-container-core-columns-is-layout-6 wp-block-columns-is-layout-flex\">\n<div class=\"wp-block-column is-layout-flow wp-block-column-is-layout-flow\">\n<hr class=\"wp-block-separator\"\/>\n\n\n\n<h2 class=\"h6 text-uppercase text-primary wp-block-heading\"><strong><strong><strong><strong>CR\u00c9ATION DU CONSULTATIF<\/strong> DU PRINCIPAL <\/strong><\/strong><\/strong><\/h2>\n\n\n\n<p>Le principal de Glendon a pr\u00e9sent\u00e9 la ou les Le comit\u00e9 consultatif du principal a \u00e9t\u00e9 cr\u00e9\u00e9 \u00e0 l\u2019automne\u00a02021, regroupant des membres du corps professoral, du personnel, de la communaut\u00e9 \u00e9tudiante, des dipl\u00f4m\u00e9s et de la communaut\u00e9. D\u00e9but de l\u2019\u00e9tude de la structure, des exigences, du processus d\u2019inscription des programmes de Glendon et d\u2019autres statistiques.    <\/p>\n<\/div>\n\n\n\n<div class=\"wp-block-column is-layout-flow wp-block-column-is-layout-flow\"><\/div>\n<\/div>\n<\/div>\n\n\n\n<div style=\"height:50px\" aria-hidden=\"true\" class=\"wp-block-spacer\"><\/div>\n\n\n\n<h2 class=\"border-top pt-2 wp-block-heading\">Documents de consultation<\/h2>\n\n\n\n<p>De plus amples informations sur les documents de consultation communautaire sont&nbsp;<a href=\"https:\/\/www.yorku.ca\/glendon\/strategicdirection\/py-staff-area\/additional-documents\/?lang=fr\">disponibles ici<\/a>.<\/p>\n\n\n\n<div style=\"height:100px\" aria-hidden=\"true\" class=\"wp-block-spacer\"><\/div>\n","protected":false},"excerpt":{"rendered":"<p>Apr\u00e8s la pr\u00e9sentation des recommandations au Conseil de la Facult\u00e9 de Glendon le 22 avril 2022, un processus de consultation \u00e9largi aura lieu. Cette consultation continue sera organis\u00e9e au sein de la communaut\u00e9 de York; les membres du corps professoral, les charg\u00e9s de cours, le personnel et les \u00e9tudiants seront invit\u00e9s \u00e0 y participer. Tous [&hellip;]<\/p>\n","protected":false},"author":8,"featured_media":0,"parent":0,"menu_order":0,"comment_status":"closed","ping_status":"closed","template":"","meta":{"_kad_blocks_custom_css":"","_kad_blocks_head_custom_js":"","_kad_blocks_body_custom_js":"","_kad_blocks_footer_custom_js":"","footnotes":""},"tags":[],"class_list":["post-329","page","type-page","status-publish","hentry"],"yoast_head":"<!-- This site is optimized with the Yoast SEO plugin v24.0 - https:\/\/yoast.com\/wordpress\/plugins\/seo\/ -->\n<title>Consultation communautaire - Strategic Direction<\/title>\n<meta name=\"robots\" content=\"index, follow, max-snippet:-1, max-image-preview:large, max-video-preview:-1\" \/>\n<link rel=\"canonical\" href=\"https:\/\/www.yorku.ca\/glendon\/strategicdirection\/reunion-du-conseil-de-la-faculte\/?lang=fr\" \/>\n<meta property=\"og:locale\" content=\"en_US\" \/>\n<meta property=\"og:type\" content=\"article\" \/>\n<meta property=\"og:title\" content=\"Consultation communautaire - Strategic Direction\" \/>\n<meta property=\"og:description\" content=\"Apr\u00e8s la pr\u00e9sentation des recommandations au Conseil de la Facult\u00e9 de Glendon le 22 avril 2022, un processus de consultation \u00e9largi aura lieu. Cette consultation continue sera organis\u00e9e au sein de la communaut\u00e9 de York; les membres du corps professoral, les charg\u00e9s de cours, le personnel et les \u00e9tudiants seront invit\u00e9s \u00e0 y participer. Tous [&hellip;]\" \/>\n<meta property=\"og:url\" content=\"https:\/\/www.yorku.ca\/glendon\/strategicdirection\/reunion-du-conseil-de-la-faculte\/?lang=fr\" \/>\n<meta property=\"og:site_name\" content=\"Strategic Direction\" \/>\n<meta property=\"article:modified_time\" content=\"2024-03-25T19:32:01+00:00\" \/>\n<meta name=\"twitter:card\" content=\"summary_large_image\" \/>\n<meta name=\"twitter:label1\" content=\"Est. reading time\" \/>\n\t<meta name=\"twitter:data1\" content=\"4 minutes\" \/>\n<script type=\"application\/ld+json\" class=\"yoast-schema-graph\">{\"@context\":\"https:\/\/schema.org\",\"@graph\":[{\"@type\":\"WebPage\",\"@id\":\"https:\/\/www.yorku.ca\/glendon\/strategicdirection\/reunion-du-conseil-de-la-faculte\/?lang=fr\",\"url\":\"https:\/\/www.yorku.ca\/glendon\/strategicdirection\/reunion-du-conseil-de-la-faculte\/?lang=fr\",\"name\":\"Consultation communautaire - Strategic Direction\",\"isPartOf\":{\"@id\":\"https:\/\/www.yorku.ca\/glendon\/strategicdirection\/?lang=fr\/#website\"},\"datePublished\":\"2022-04-19T21:23:14+00:00\",\"dateModified\":\"2024-03-25T19:32:01+00:00\",\"breadcrumb\":{\"@id\":\"https:\/\/www.yorku.ca\/glendon\/strategicdirection\/reunion-du-conseil-de-la-faculte\/?lang=fr#breadcrumb\"},\"inLanguage\":\"en-US\",\"potentialAction\":[{\"@type\":\"ReadAction\",\"target\":[\"https:\/\/www.yorku.ca\/glendon\/strategicdirection\/reunion-du-conseil-de-la-faculte\/?lang=fr\"]}]},{\"@type\":\"BreadcrumbList\",\"@id\":\"https:\/\/www.yorku.ca\/glendon\/strategicdirection\/reunion-du-conseil-de-la-faculte\/?lang=fr#breadcrumb\",\"itemListElement\":[{\"@type\":\"ListItem\",\"position\":1,\"name\":\"Home\",\"item\":\"https:\/\/www.yorku.ca\/glendon\/strategicdirection\/\"},{\"@type\":\"ListItem\",\"position\":2,\"name\":\"Consultation communautaire\"}]},{\"@type\":\"WebSite\",\"@id\":\"https:\/\/www.yorku.ca\/glendon\/strategicdirection\/?lang=fr\/#website\",\"url\":\"https:\/\/www.yorku.ca\/glendon\/strategicdirection\/?lang=fr\/\",\"name\":\"Strategic Direction\",\"description\":\"\",\"potentialAction\":[{\"@type\":\"SearchAction\",\"target\":{\"@type\":\"EntryPoint\",\"urlTemplate\":\"https:\/\/www.yorku.ca\/glendon\/strategicdirection\/?lang=fr\/?s={search_term_string}\"},\"query-input\":{\"@type\":\"PropertyValueSpecification\",\"valueRequired\":true,\"valueName\":\"search_term_string\"}}],\"inLanguage\":\"en-US\"}]}<\/script>\n<!-- \/ Yoast SEO plugin. -->","yoast_head_json":{"title":"Consultation communautaire - Strategic Direction","robots":{"index":"index","follow":"follow","max-snippet":"max-snippet:-1","max-image-preview":"max-image-preview:large","max-video-preview":"max-video-preview:-1"},"canonical":"https:\/\/www.yorku.ca\/glendon\/strategicdirection\/reunion-du-conseil-de-la-faculte\/?lang=fr","og_locale":"en_US","og_type":"article","og_title":"Consultation communautaire - Strategic Direction","og_description":"Apr\u00e8s la pr\u00e9sentation des recommandations au Conseil de la Facult\u00e9 de Glendon le 22 avril 2022, un processus de consultation \u00e9largi aura lieu. Cette consultation continue sera organis\u00e9e au sein de la communaut\u00e9 de York; les membres du corps professoral, les charg\u00e9s de cours, le personnel et les \u00e9tudiants seront invit\u00e9s \u00e0 y participer. Tous [&hellip;]","og_url":"https:\/\/www.yorku.ca\/glendon\/strategicdirection\/reunion-du-conseil-de-la-faculte\/?lang=fr","og_site_name":"Strategic Direction","article_modified_time":"2024-03-25T19:32:01+00:00","twitter_card":"summary_large_image","twitter_misc":{"Est. reading time":"4 minutes"},"schema":{"@context":"https:\/\/schema.org","@graph":[{"@type":"WebPage","@id":"https:\/\/www.yorku.ca\/glendon\/strategicdirection\/reunion-du-conseil-de-la-faculte\/?lang=fr","url":"https:\/\/www.yorku.ca\/glendon\/strategicdirection\/reunion-du-conseil-de-la-faculte\/?lang=fr","name":"Consultation communautaire - Strategic Direction","isPartOf":{"@id":"https:\/\/www.yorku.ca\/glendon\/strategicdirection\/?lang=fr\/#website"},"datePublished":"2022-04-19T21:23:14+00:00","dateModified":"2024-03-25T19:32:01+00:00","breadcrumb":{"@id":"https:\/\/www.yorku.ca\/glendon\/strategicdirection\/reunion-du-conseil-de-la-faculte\/?lang=fr#breadcrumb"},"inLanguage":"en-US","potentialAction":[{"@type":"ReadAction","target":["https:\/\/www.yorku.ca\/glendon\/strategicdirection\/reunion-du-conseil-de-la-faculte\/?lang=fr"]}]},{"@type":"BreadcrumbList","@id":"https:\/\/www.yorku.ca\/glendon\/strategicdirection\/reunion-du-conseil-de-la-faculte\/?lang=fr#breadcrumb","itemListElement":[{"@type":"ListItem","position":1,"name":"Home","item":"https:\/\/www.yorku.ca\/glendon\/strategicdirection\/"},{"@type":"ListItem","position":2,"name":"Consultation communautaire"}]},{"@type":"WebSite","@id":"https:\/\/www.yorku.ca\/glendon\/strategicdirection\/?lang=fr\/#website","url":"https:\/\/www.yorku.ca\/glendon\/strategicdirection\/?lang=fr\/","name":"Strategic Direction","description":"","potentialAction":[{"@type":"SearchAction","target":{"@type":"EntryPoint","urlTemplate":"https:\/\/www.yorku.ca\/glendon\/strategicdirection\/?lang=fr\/?s={search_term_string}"},"query-input":{"@type":"PropertyValueSpecification","valueRequired":true,"valueName":"search_term_string"}}],"inLanguage":"en-US"}]}},"taxonomy_info":[],"featured_image_src_large":false,"author_info":{"display_name":"jmiller4","author_link":"https:\/\/www.yorku.ca\/glendon\/strategicdirection\/author\/jmiller4\/"},"comment_info":0,"_links":{"self":[{"href":"https:\/\/www.yorku.ca\/glendon\/strategicdirection\/wp-json\/wp\/v2\/pages\/329","targetHints":{"allow":["GET"]}}],"collection":[{"href":"https:\/\/www.yorku.ca\/glendon\/strategicdirection\/wp-json\/wp\/v2\/pages"}],"about":[{"href":"https:\/\/www.yorku.ca\/glendon\/strategicdirection\/wp-json\/wp\/v2\/types\/page"}],"author":[{"embeddable":true,"href":"https:\/\/www.yorku.ca\/glendon\/strategicdirection\/wp-json\/wp\/v2\/users\/8"}],"replies":[{"embeddable":true,"href":"https:\/\/www.yorku.ca\/glendon\/strategicdirection\/wp-json\/wp\/v2\/comments?post=329"}],"version-history":[{"count":56,"href":"https:\/\/www.yorku.ca\/glendon\/strategicdirection\/wp-json\/wp\/v2\/pages\/329\/revisions"}],"predecessor-version":[{"id":1135,"href":"https:\/\/www.yorku.ca\/glendon\/strategicdirection\/wp-json\/wp\/v2\/pages\/329\/revisions\/1135"}],"wp:attachment":[{"href":"https:\/\/www.yorku.ca\/glendon\/strategicdirection\/wp-json\/wp\/v2\/media?parent=329"}],"wp:term":[{"taxonomy":"post_tag","embeddable":true,"href":"https:\/\/www.yorku.ca\/glendon\/strategicdirection\/wp-json\/wp\/v2\/tags?post=329"}],"curies":[{"name":"wp","href":"https:\/\/api.w.org\/{rel}","templated":true}]}}