  {"id":175,"date":"2020-07-16T10:32:36","date_gmt":"2020-07-16T14:32:36","guid":{"rendered":"https:\/\/www.yorku.ca\/glendon-strategic-direction\/?page_id=175"},"modified":"2024-03-25T14:54:03","modified_gmt":"2024-03-25T18:54:03","slug":"page-de-garde","status":"publish","type":"page","link":"https:\/\/www.yorku.ca\/glendon\/strategicdirection\/page-de-garde\/?lang=fr","title":{"rendered":"D\u00e9finir l\u2019avenir du Coll\u00e8ge Glendon"},"content":{"rendered":"\n<div class=\"wp-block-columns is-layout-flex wp-container-core-columns-is-layout-1 wp-block-columns-is-layout-flex\">\n<div class=\"wp-block-column is-layout-flow wp-block-column-is-layout-flow\" style=\"flex-basis:66.66%\">\n<p>Le Coll\u00e8ge Glendon est le campus fondateur de l\u2019Universit\u00e9 York. Fond\u00e9 en 1966, Glendon continue de jouer un r\u00f4le essentiel de d\u00e9fense des principes de bilinguisme et de biculturalisme au Canada, en enseignement sup\u00e9rieur.<\/p>\n\n\n\n<p>Depuis l\u2019automne 2021, Glendon se livre \u00e0 un exercice de repositionnement strat\u00e9gique. Comme il s\u2019agit du premier exercice de ce type depuis des d\u00e9cennies, les membres du corps professoral, du personnel, de la communaut\u00e9 \u00e9tudiante, les dipl\u00f4m\u00e9s et autres membres de la communaut\u00e9 ont \u00e9t\u00e9&nbsp;inclus<strong>&nbsp;<\/strong>dans&nbsp;ce processus de consultation m\u00fbrement r\u00e9fl\u00e9chie.<\/p>\n\n\n\n<p>Afin de garantir que la communaut\u00e9 \u00e9tudiante re\u00e7oive une \u00e9ducation de haute qualit\u00e9, y compris en communication interculturelle, dans un environnement de vie et d\u2019apprentissage plurilingue, l\u2019exercice de repositionnement m\u00e8nera \u00e0 une nouvelle orientation strat\u00e9gique pour Glendon qui s\u2019alignera sur le Plan acad\u00e9mique de l\u2019Universit\u00e9.<\/p>\n<\/div>\n\n\n\n<div class=\"wp-block-column is-layout-flow wp-block-column-is-layout-flow\" style=\"flex-basis:33.33%\">\n<figure class=\"wp-block-image size-large\"><img loading=\"lazy\" decoding=\"async\" width=\"1024\" height=\"682\" src=\"https:\/\/www.yorku.ca\/glendon\/strategicdirection\/wp-content\/uploads\/sites\/597\/2022\/04\/aerial_glendon-1-1024x682.jpg\" alt=\"glendon campus from above\" class=\"wp-image-303\" srcset=\"https:\/\/www.yorku.ca\/glendon\/strategicdirection\/wp-content\/uploads\/sites\/597\/2022\/04\/aerial_glendon-1-1024x682.jpg 1024w, https:\/\/www.yorku.ca\/glendon\/strategicdirection\/wp-content\/uploads\/sites\/597\/2022\/04\/aerial_glendon-1-400x266.jpg 400w, https:\/\/www.yorku.ca\/glendon\/strategicdirection\/wp-content\/uploads\/sites\/597\/2022\/04\/aerial_glendon-1.jpg 1153w\" sizes=\"auto, (max-width: 1024px) 100vw, 1024px\" \/><\/figure>\n<\/div>\n<\/div>\n\n\n\n<div style=\"height:40px\" aria-hidden=\"true\" class=\"wp-block-spacer\"><\/div>\n\n\n\n<div class=\"wp-block-group grey-bg-block has-very-light-gray-background-color has-background is-layout-flow wp-block-group-is-layout-flow\">\n<div class=\"wp-block-group is-layout-flow wp-block-group-is-layout-flow\">\n<div class=\"wp-block-columns is-layout-flex wp-container-core-columns-is-layout-2 wp-block-columns-is-layout-flex\">\n<div class=\"wp-block-column is-layout-flow wp-block-column-is-layout-flow\">\n<hr class=\"wp-block-separator\"\/>\n\n\n\n<h2 class=\"wp-block-heading\"><strong>Engager la communaut\u00e9<\/strong><\/h2>\n<\/div>\n\n\n\n<div class=\"wp-block-column is-layout-flow wp-block-column-is-layout-flow\">\n<hr class=\"wp-block-separator\"\/>\n\n\n\n<h3 class=\"h5 text-uppercase text-primary wp-block-heading\"><strong>Session d'automne <\/strong><\/h3>\n\n\n\n<p>Une proposition finale de restructuration des d\u00e9partements de Glendon est pass\u00e9e par les processus de gouvernance coll\u00e9giale&nbsp;:<\/p>\n\n\n\n<ul class=\"wp-block-list\"><li><strong><strong>3&nbsp;novembre&nbsp;:<\/strong> <\/strong>proposition re\u00e7ue au Conseil sp\u00e9cial de la facult\u00e9 de Glendon.<\/li><\/ul>\n\n\n\n<ul class=\"wp-block-list\"><li><strong><strong>24&nbsp;novembre&nbsp;:<\/strong> <\/strong>proposition re\u00e7ue au Conseil de la facult\u00e9 de Glendon.<\/li><\/ul>\n<\/div>\n\n\n\n<div class=\"wp-block-column is-layout-flow wp-block-column-is-layout-flow\">\n<hr class=\"wp-block-separator\"\/>\n\n\n\n<h3 class=\"h5 text-uppercase text-primary wp-block-heading\"><strong>Session d\u2019hiver<\/strong> <\/h3>\n\n\n\n<p>La proposition finale est soumise aux processus de gouvernance&nbsp;:<\/p>\n\n\n\n<ul class=\"wp-block-list\"><li><strong>18 janvier:<\/strong> discussion de la proposition au sein du Comit\u00e9 de la politique acad\u00e9mique, de la planification et de la recherche.<\/li><\/ul>\n\n\n\n<p><\/p>\n\n\n\n<ul class=\"wp-block-list\"><li><strong>25\u00a0janvier\u00a0:<\/strong> avis de motion au S\u00e9nat.<\/li><\/ul>\n\n\n\n<p><\/p>\n\n\n\n<ul class=\"wp-block-list\"><li><strong>15\u00a0f\u00e9vrier 2024<\/strong>\u00a0: une motion visant \u00e0 approuver la proposition de restructuration des d\u00e9partements a \u00e9t\u00e9 adopt\u00e9e par le S\u00e9nat.<\/li><\/ul>\n<\/div>\n<\/div>\n<\/div>\n<\/div>\n","protected":false},"excerpt":{"rendered":"<p>Le Coll\u00e8ge Glendon est le campus fondateur de l\u2019Universit\u00e9 York. Fond\u00e9 en 1966, Glendon continue de jouer un r\u00f4le essentiel de d\u00e9fense des principes de bilinguisme et de biculturalisme au Canada, en enseignement sup\u00e9rieur. Depuis l\u2019automne 2021, Glendon se livre \u00e0 un exercice de repositionnement strat\u00e9gique. Comme il s\u2019agit du premier exercice de ce type [&hellip;]<\/p>\n","protected":false},"author":2,"featured_media":0,"parent":0,"menu_order":0,"comment_status":"closed","ping_status":"closed","template":"","meta":{"_kad_blocks_custom_css":"","_kad_blocks_head_custom_js":"","_kad_blocks_body_custom_js":"","_kad_blocks_footer_custom_js":"","footnotes":""},"tags":[],"class_list":["post-175","page","type-page","status-publish","hentry"],"yoast_head":"<!-- This site is optimized with the Yoast SEO plugin v24.0 - https:\/\/yoast.com\/wordpress\/plugins\/seo\/ -->\n<title>D\u00e9finir l\u2019avenir du Coll\u00e8ge Glendon - Strategic Direction<\/title>\n<meta name=\"robots\" content=\"index, follow, max-snippet:-1, max-image-preview:large, max-video-preview:-1\" \/>\n<link rel=\"canonical\" href=\"https:\/\/www.yorku.ca\/glendon\/strategicdirection\/?lang=fr\" \/>\n<meta property=\"og:locale\" content=\"en_US\" \/>\n<meta property=\"og:type\" content=\"article\" \/>\n<meta property=\"og:title\" content=\"D\u00e9finir l\u2019avenir du Coll\u00e8ge Glendon - Strategic Direction\" \/>\n<meta property=\"og:description\" content=\"Le Coll\u00e8ge Glendon est le campus fondateur de l\u2019Universit\u00e9 York. Fond\u00e9 en 1966, Glendon continue de jouer un r\u00f4le essentiel de d\u00e9fense des principes de bilinguisme et de biculturalisme au Canada, en enseignement sup\u00e9rieur. Depuis l\u2019automne 2021, Glendon se livre \u00e0 un exercice de repositionnement strat\u00e9gique. Comme il s\u2019agit du premier exercice de ce type [&hellip;]\" \/>\n<meta property=\"og:url\" content=\"https:\/\/www.yorku.ca\/glendon\/strategicdirection\/?lang=fr\" \/>\n<meta property=\"og:site_name\" content=\"Strategic Direction\" \/>\n<meta property=\"article:modified_time\" content=\"2024-03-25T18:54:03+00:00\" \/>\n<meta property=\"og:image\" content=\"https:\/\/www.yorku.ca\/glendon\/strategicdirection\/wp-content\/uploads\/sites\/597\/2022\/04\/aerial_glendon-1-1024x682.jpg\" \/>\n<meta name=\"twitter:card\" content=\"summary_large_image\" \/>\n<meta name=\"twitter:label1\" content=\"Est. reading time\" \/>\n\t<meta name=\"twitter:data1\" content=\"2 minutes\" \/>\n<script type=\"application\/ld+json\" class=\"yoast-schema-graph\">{\"@context\":\"https:\/\/schema.org\",\"@graph\":[{\"@type\":\"WebPage\",\"@id\":\"https:\/\/www.yorku.ca\/glendon\/strategicdirection\/?lang=fr\",\"url\":\"https:\/\/www.yorku.ca\/glendon\/strategicdirection\/?lang=fr\",\"name\":\"D\u00e9finir l\u2019avenir du Coll\u00e8ge Glendon - Strategic Direction\",\"isPartOf\":{\"@id\":\"https:\/\/www.yorku.ca\/glendon\/strategicdirection\/?lang=fr\/#website\"},\"primaryImageOfPage\":{\"@id\":\"https:\/\/www.yorku.ca\/glendon\/strategicdirection\/?lang=fr#primaryimage\"},\"image\":{\"@id\":\"https:\/\/www.yorku.ca\/glendon\/strategicdirection\/?lang=fr#primaryimage\"},\"thumbnailUrl\":\"https:\/\/www.yorku.ca\/glendon\/strategicdirection\/wp-content\/uploads\/sites\/597\/2022\/04\/aerial_glendon-1-1024x682.jpg\",\"datePublished\":\"2020-07-16T14:32:36+00:00\",\"dateModified\":\"2024-03-25T18:54:03+00:00\",\"breadcrumb\":{\"@id\":\"https:\/\/www.yorku.ca\/glendon\/strategicdirection\/?lang=fr#breadcrumb\"},\"inLanguage\":\"en-US\",\"potentialAction\":[{\"@type\":\"ReadAction\",\"target\":[\"https:\/\/www.yorku.ca\/glendon\/strategicdirection\/?lang=fr\"]}]},{\"@type\":\"ImageObject\",\"inLanguage\":\"en-US\",\"@id\":\"https:\/\/www.yorku.ca\/glendon\/strategicdirection\/?lang=fr#primaryimage\",\"url\":\"https:\/\/www.yorku.ca\/glendon\/strategicdirection\/wp-content\/uploads\/sites\/597\/2022\/04\/aerial_glendon-1.jpg\",\"contentUrl\":\"https:\/\/www.yorku.ca\/glendon\/strategicdirection\/wp-content\/uploads\/sites\/597\/2022\/04\/aerial_glendon-1.jpg\",\"width\":1153,\"height\":768,\"caption\":\"glendon campus from above\"},{\"@type\":\"BreadcrumbList\",\"@id\":\"https:\/\/www.yorku.ca\/glendon\/strategicdirection\/?lang=fr#breadcrumb\",\"itemListElement\":[{\"@type\":\"ListItem\",\"position\":1,\"name\":\"Home\",\"item\":\"https:\/\/www.yorku.ca\/glendon\/strategicdirection\/\"},{\"@type\":\"ListItem\",\"position\":2,\"name\":\"D\u00e9finir l\u2019avenir du Coll\u00e8ge Glendon\"}]},{\"@type\":\"WebSite\",\"@id\":\"https:\/\/www.yorku.ca\/glendon\/strategicdirection\/?lang=fr\/#website\",\"url\":\"https:\/\/www.yorku.ca\/glendon\/strategicdirection\/?lang=fr\/\",\"name\":\"Strategic Direction\",\"description\":\"\",\"potentialAction\":[{\"@type\":\"SearchAction\",\"target\":{\"@type\":\"EntryPoint\",\"urlTemplate\":\"https:\/\/www.yorku.ca\/glendon\/strategicdirection\/?lang=fr\/?s={search_term_string}\"},\"query-input\":{\"@type\":\"PropertyValueSpecification\",\"valueRequired\":true,\"valueName\":\"search_term_string\"}}],\"inLanguage\":\"en-US\"}]}<\/script>\n<!-- \/ Yoast SEO plugin. -->","yoast_head_json":{"title":"D\u00e9finir l\u2019avenir du Coll\u00e8ge Glendon - Strategic Direction","robots":{"index":"index","follow":"follow","max-snippet":"max-snippet:-1","max-image-preview":"max-image-preview:large","max-video-preview":"max-video-preview:-1"},"canonical":"https:\/\/www.yorku.ca\/glendon\/strategicdirection\/?lang=fr","og_locale":"en_US","og_type":"article","og_title":"D\u00e9finir l\u2019avenir du Coll\u00e8ge Glendon - Strategic Direction","og_description":"Le Coll\u00e8ge Glendon est le campus fondateur de l\u2019Universit\u00e9 York. Fond\u00e9 en 1966, Glendon continue de jouer un r\u00f4le essentiel de d\u00e9fense des principes de bilinguisme et de biculturalisme au Canada, en enseignement sup\u00e9rieur. Depuis l\u2019automne 2021, Glendon se livre \u00e0 un exercice de repositionnement strat\u00e9gique. Comme il s\u2019agit du premier exercice de ce type [&hellip;]","og_url":"https:\/\/www.yorku.ca\/glendon\/strategicdirection\/?lang=fr","og_site_name":"Strategic Direction","article_modified_time":"2024-03-25T18:54:03+00:00","og_image":[{"url":"https:\/\/www.yorku.ca\/glendon\/strategicdirection\/wp-content\/uploads\/sites\/597\/2022\/04\/aerial_glendon-1-1024x682.jpg","type":"","width":"","height":""}],"twitter_card":"summary_large_image","twitter_misc":{"Est. reading time":"2 minutes"},"schema":{"@context":"https:\/\/schema.org","@graph":[{"@type":"WebPage","@id":"https:\/\/www.yorku.ca\/glendon\/strategicdirection\/?lang=fr","url":"https:\/\/www.yorku.ca\/glendon\/strategicdirection\/?lang=fr","name":"D\u00e9finir l\u2019avenir du Coll\u00e8ge Glendon - Strategic Direction","isPartOf":{"@id":"https:\/\/www.yorku.ca\/glendon\/strategicdirection\/?lang=fr\/#website"},"primaryImageOfPage":{"@id":"https:\/\/www.yorku.ca\/glendon\/strategicdirection\/?lang=fr#primaryimage"},"image":{"@id":"https:\/\/www.yorku.ca\/glendon\/strategicdirection\/?lang=fr#primaryimage"},"thumbnailUrl":"https:\/\/www.yorku.ca\/glendon\/strategicdirection\/wp-content\/uploads\/sites\/597\/2022\/04\/aerial_glendon-1-1024x682.jpg","datePublished":"2020-07-16T14:32:36+00:00","dateModified":"2024-03-25T18:54:03+00:00","breadcrumb":{"@id":"https:\/\/www.yorku.ca\/glendon\/strategicdirection\/?lang=fr#breadcrumb"},"inLanguage":"en-US","potentialAction":[{"@type":"ReadAction","target":["https:\/\/www.yorku.ca\/glendon\/strategicdirection\/?lang=fr"]}]},{"@type":"ImageObject","inLanguage":"en-US","@id":"https:\/\/www.yorku.ca\/glendon\/strategicdirection\/?lang=fr#primaryimage","url":"https:\/\/www.yorku.ca\/glendon\/strategicdirection\/wp-content\/uploads\/sites\/597\/2022\/04\/aerial_glendon-1.jpg","contentUrl":"https:\/\/www.yorku.ca\/glendon\/strategicdirection\/wp-content\/uploads\/sites\/597\/2022\/04\/aerial_glendon-1.jpg","width":1153,"height":768,"caption":"glendon campus from above"},{"@type":"BreadcrumbList","@id":"https:\/\/www.yorku.ca\/glendon\/strategicdirection\/?lang=fr#breadcrumb","itemListElement":[{"@type":"ListItem","position":1,"name":"Home","item":"https:\/\/www.yorku.ca\/glendon\/strategicdirection\/"},{"@type":"ListItem","position":2,"name":"D\u00e9finir l\u2019avenir du Coll\u00e8ge Glendon"}]},{"@type":"WebSite","@id":"https:\/\/www.yorku.ca\/glendon\/strategicdirection\/?lang=fr\/#website","url":"https:\/\/www.yorku.ca\/glendon\/strategicdirection\/?lang=fr\/","name":"Strategic Direction","description":"","potentialAction":[{"@type":"SearchAction","target":{"@type":"EntryPoint","urlTemplate":"https:\/\/www.yorku.ca\/glendon\/strategicdirection\/?lang=fr\/?s={search_term_string}"},"query-input":{"@type":"PropertyValueSpecification","valueRequired":true,"valueName":"search_term_string"}}],"inLanguage":"en-US"}]}},"taxonomy_info":[],"featured_image_src_large":false,"author_info":{"display_name":"Alice","author_link":"https:\/\/www.yorku.ca\/glendon\/strategicdirection\/author\/alicet\/"},"comment_info":0,"_links":{"self":[{"href":"https:\/\/www.yorku.ca\/glendon\/strategicdirection\/wp-json\/wp\/v2\/pages\/175","targetHints":{"allow":["GET"]}}],"collection":[{"href":"https:\/\/www.yorku.ca\/glendon\/strategicdirection\/wp-json\/wp\/v2\/pages"}],"about":[{"href":"https:\/\/www.yorku.ca\/glendon\/strategicdirection\/wp-json\/wp\/v2\/types\/page"}],"author":[{"embeddable":true,"href":"https:\/\/www.yorku.ca\/glendon\/strategicdirection\/wp-json\/wp\/v2\/users\/2"}],"replies":[{"embeddable":true,"href":"https:\/\/www.yorku.ca\/glendon\/strategicdirection\/wp-json\/wp\/v2\/comments?post=175"}],"version-history":[{"count":16,"href":"https:\/\/www.yorku.ca\/glendon\/strategicdirection\/wp-json\/wp\/v2\/pages\/175\/revisions"}],"predecessor-version":[{"id":1122,"href":"https:\/\/www.yorku.ca\/glendon\/strategicdirection\/wp-json\/wp\/v2\/pages\/175\/revisions\/1122"}],"wp:attachment":[{"href":"https:\/\/www.yorku.ca\/glendon\/strategicdirection\/wp-json\/wp\/v2\/media?parent=175"}],"wp:term":[{"taxonomy":"post_tag","embeddable":true,"href":"https:\/\/www.yorku.ca\/glendon\/strategicdirection\/wp-json\/wp\/v2\/tags?post=175"}],"curies":[{"name":"wp","href":"https:\/\/api.w.org\/{rel}","templated":true}]}}