  {"id":1625,"date":"2021-12-24T17:15:02","date_gmt":"2021-12-24T22:15:02","guid":{"rendered":"https:\/\/www.yorku.ca\/glendon\/sexualitystudies\/?page_id=1625"},"modified":"2024-08-29T13:27:14","modified_gmt":"2024-08-29T17:27:14","slug":"contact","status":"publish","type":"page","link":"https:\/\/www.yorku.ca\/glendon\/sexualitystudies\/contact\/?lang=fr","title":{"rendered":"Contactez-nous"},"content":{"rendered":"\n<h2 class=\"wp-block-heading mb-3\">Comment nous joindre<\/h2>\n\n\n\n<div class=\"wp-block-columns contact-block is-layout-flex wp-container-core-columns-is-layout-1 wp-block-columns-is-layout-flex\">\n<div class=\"wp-block-column is-layout-flow wp-block-column-is-layout-flow\">\n<h3 class=\"wp-block-heading h6 text-uppercase text-primary border-bottom pb-2 mb-2\">\u00c9tudes sur la sexualit\u00e9<\/h3>\n\n\n\n<p><i class=\"fas fa-map-marker\"><\/i> Campus Glendon<br>2275, avenue Bayview, YH 215<br>Toronto, ON <br>M4N 3M6<\/p>\n\n\n\n<p><i class=\"fas fa-phone\"><\/i> (416) 736-2100<\/p>\n\n\n\n<p><i class=\"fas fa-envelope\"><\/i> <a href=\"mailto:sexuality@glendon.yorku.ca\" target=\"_blank\" rel=\"noreferrer noopener\">sexuality@glendon.yorku.ca<\/a><\/p>\n\n\n\n<p><i class=\"fas fa-clock\"><\/i> <strong>Bureau :<\/strong><br>Lundi au vendredi<br>8 h 00 \u00e0 16 h 00<\/p>\n\n\n\n<p><strong>Comptoir<strong>&nbsp;\u00e9tu<\/strong>diants-es<\/strong><br>Lundi au vendredi<br>8 h 00 \u00e0 16 h 00 <br><br><\/p>\n<\/div>\n\n\n\n<div class=\"wp-block-column is-layout-flow wp-block-column-is-layout-flow\">\n<h3 class=\"wp-block-heading h6 text-uppercase text-primary border-bottom pb-2 mb-2\">PERSONNEL<\/h3>\n\n\n\n<p><strong>Coordonnatrice:<\/strong><br>Gertrude Mianda<br><i class=\"fas fa-phone\"><\/i> (416)-736-2100 poste 88381<br><i class=\"fas fa-envelope\"><\/i> <a href=\"mailto:mianda@yorku.ca\" target=\"_blank\" rel=\"noreferrer noopener\">mianda@yorku.ca<\/a><\/p>\n\n\n\n<p><strong>Adjointe administrative :<\/strong><br><i class=\"fas fa-phone\"><\/i> (416)-736-2100 x 88209<br><i class=\"fas fa-envelope\"><\/i> <a href=\"mailto:sexuality@glendon.yorku.ca\" target=\"_blank\" rel=\"noreferrer noopener\">sexuality@glendon.yorku.ca<\/a><\/p>\n<\/div>\n\n\n\n<div class=\"wp-block-column is-layout-flow wp-block-column-is-layout-flow\">\n<h3 class=\"wp-block-heading h6 text-uppercase text-primary border-bottom pb-2 mb-2\">SERVICES ACAD\u00c9MIQUES<\/h3>\n\n\n\n<p><i class=\"fas fa-phone\"><\/i> (416) 487-6715<\/p>\n\n\n\n<p><i class=\"fas fa-envelope\"><\/i> <a href=\"#acadservices@glendon.yorku.ca\">acadservices@glendon.yorku.ca<\/a><\/p>\n<\/div>\n<\/div>\n","protected":false},"excerpt":{"rendered":"<p>Comment nous joindre \u00c9tudes sur la sexualit\u00e9 Campus Glendon2275, avenue Bayview, YH 215Toronto, ON M4N 3M6 (416) 736-2100 sexuality@glendon.yorku.ca Bureau :Lundi au vendredi8 h 00 \u00e0 16 h 00 Comptoir&nbsp;\u00e9tudiants-esLundi au vendredi8 h 00 \u00e0 16 h 00 PERSONNEL Coordonnatrice:Gertrude Mianda (416)-736-2100 poste 88381 mianda@yorku.ca Adjointe administrative : (416)-736-2100 x 88209 sexuality@glendon.yorku.ca SERVICES ACAD\u00c9MIQUES (416) [&hellip;]<\/p>\n","protected":false},"author":834,"featured_media":0,"parent":0,"menu_order":0,"comment_status":"closed","ping_status":"closed","template":"","meta":{"_kad_blocks_custom_css":"","_kad_blocks_head_custom_js":"","_kad_blocks_body_custom_js":"","_kad_blocks_footer_custom_js":"","footnotes":""},"tags":[],"class_list":["post-1625","page","type-page","status-publish","hentry"],"yoast_head":"<!-- This site is optimized with the Yoast SEO plugin v24.0 - https:\/\/yoast.com\/wordpress\/plugins\/seo\/ -->\n<title>Contacter le d\u00e9partement d&#039;\u00e9tudes sur la sexualit\u00e9 | Campus Glendon | Universit\u00e9 York<\/title>\n<meta name=\"description\" content=\"Contactez le d\u00e9partement d&#039;\u00e9tudes sur la sexualit\u00e9 \u00e0 Glendon.\" \/>\n<meta name=\"robots\" content=\"index, follow, max-snippet:-1, max-image-preview:large, max-video-preview:-1\" \/>\n<link rel=\"canonical\" href=\"https:\/\/www.yorku.ca\/glendon\/sexualitystudies\/contact\/\" \/>\n<meta property=\"og:locale\" content=\"en_US\" \/>\n<meta property=\"og:type\" content=\"article\" \/>\n<meta property=\"og:title\" content=\"Contacter le d\u00e9partement d&#039;\u00e9tudes sur la sexualit\u00e9 | Campus Glendon | Universit\u00e9 York\" \/>\n<meta property=\"og:description\" content=\"Contactez le d\u00e9partement d&#039;\u00e9tudes sur la sexualit\u00e9 \u00e0 Glendon.\" \/>\n<meta property=\"og:url\" content=\"https:\/\/www.yorku.ca\/glendon\/sexualitystudies\/contact\/?lang=fr\" \/>\n<meta property=\"og:site_name\" content=\"Sexuality Studies\" \/>\n<meta property=\"article:modified_time\" content=\"2024-08-29T17:27:14+00:00\" \/>\n<meta name=\"twitter:card\" content=\"summary_large_image\" \/>\n<meta name=\"twitter:label1\" content=\"Est. reading time\" \/>\n\t<meta name=\"twitter:data1\" content=\"1 minute\" \/>\n<script type=\"application\/ld+json\" class=\"yoast-schema-graph\">{\"@context\":\"https:\/\/schema.org\",\"@graph\":[{\"@type\":\"WebPage\",\"@id\":\"https:\/\/www.yorku.ca\/glendon\/sexualitystudies\/contact\/?lang=fr\",\"url\":\"https:\/\/www.yorku.ca\/glendon\/sexualitystudies\/contact\/?lang=fr\",\"name\":\"Contacter le d\u00e9partement d'\u00e9tudes sur la sexualit\u00e9 | Campus Glendon | Universit\u00e9 York\",\"isPartOf\":{\"@id\":\"https:\/\/www.yorku.ca\/glendon\/sexualitystudies\/#website\"},\"datePublished\":\"2021-12-24T22:15:02+00:00\",\"dateModified\":\"2024-08-29T17:27:14+00:00\",\"description\":\"Contactez le d\u00e9partement d'\u00e9tudes sur la sexualit\u00e9 \u00e0 Glendon.\",\"breadcrumb\":{\"@id\":\"https:\/\/www.yorku.ca\/glendon\/sexualitystudies\/contact\/?lang=fr#breadcrumb\"},\"inLanguage\":\"en-US\",\"potentialAction\":[{\"@type\":\"ReadAction\",\"target\":[\"https:\/\/www.yorku.ca\/glendon\/sexualitystudies\/contact\/?lang=fr\"]}]},{\"@type\":\"BreadcrumbList\",\"@id\":\"https:\/\/www.yorku.ca\/glendon\/sexualitystudies\/contact\/?lang=fr#breadcrumb\",\"itemListElement\":[{\"@type\":\"ListItem\",\"position\":1,\"name\":\"Home\",\"item\":\"https:\/\/www.yorku.ca\/glendon\/sexualitystudies\/\"},{\"@type\":\"ListItem\",\"position\":2,\"name\":\"Contactez-nous\"}]},{\"@type\":\"WebSite\",\"@id\":\"https:\/\/www.yorku.ca\/glendon\/sexualitystudies\/#website\",\"url\":\"https:\/\/www.yorku.ca\/glendon\/sexualitystudies\/\",\"name\":\"Sexuality Studies\",\"description\":\"\",\"publisher\":{\"@id\":\"https:\/\/www.yorku.ca\/glendon\/sexualitystudies\/#organization\"},\"potentialAction\":[{\"@type\":\"SearchAction\",\"target\":{\"@type\":\"EntryPoint\",\"urlTemplate\":\"https:\/\/www.yorku.ca\/glendon\/sexualitystudies\/?s={search_term_string}\"},\"query-input\":{\"@type\":\"PropertyValueSpecification\",\"valueRequired\":true,\"valueName\":\"search_term_string\"}}],\"inLanguage\":\"en-US\"},{\"@type\":\"Organization\",\"@id\":\"https:\/\/www.yorku.ca\/glendon\/sexualitystudies\/#organization\",\"name\":\"Glendon School Of Sexuality Studies\",\"url\":\"https:\/\/www.yorku.ca\/glendon\/sexualitystudies\/\",\"logo\":{\"@type\":\"ImageObject\",\"inLanguage\":\"en-US\",\"@id\":\"https:\/\/www.yorku.ca\/glendon\/sexualitystudies\/#\/schema\/logo\/image\/\",\"url\":\"https:\/\/www.yorku.ca\/glendon\/sexualitystudies\/wp-content\/uploads\/sites\/152\/2022\/05\/Gledon-Logo.png\",\"contentUrl\":\"https:\/\/www.yorku.ca\/glendon\/sexualitystudies\/wp-content\/uploads\/sites\/152\/2022\/05\/Gledon-Logo.png\",\"width\":2623,\"height\":601,\"caption\":\"Glendon School Of Sexuality Studies\"},\"image\":{\"@id\":\"https:\/\/www.yorku.ca\/glendon\/sexualitystudies\/#\/schema\/logo\/image\/\"}}]}<\/script>\n<!-- \/ Yoast SEO plugin. -->","yoast_head_json":{"title":"Contacter le d\u00e9partement d'\u00e9tudes sur la sexualit\u00e9 | Campus Glendon | Universit\u00e9 York","description":"Contactez le d\u00e9partement d'\u00e9tudes sur la sexualit\u00e9 \u00e0 Glendon.","robots":{"index":"index","follow":"follow","max-snippet":"max-snippet:-1","max-image-preview":"max-image-preview:large","max-video-preview":"max-video-preview:-1"},"canonical":"https:\/\/www.yorku.ca\/glendon\/sexualitystudies\/contact\/","og_locale":"en_US","og_type":"article","og_title":"Contacter le d\u00e9partement d'\u00e9tudes sur la sexualit\u00e9 | Campus Glendon | Universit\u00e9 York","og_description":"Contactez le d\u00e9partement d'\u00e9tudes sur la sexualit\u00e9 \u00e0 Glendon.","og_url":"https:\/\/www.yorku.ca\/glendon\/sexualitystudies\/contact\/?lang=fr","og_site_name":"Sexuality Studies","article_modified_time":"2024-08-29T17:27:14+00:00","twitter_card":"summary_large_image","twitter_misc":{"Est. reading time":"1 minute"},"schema":{"@context":"https:\/\/schema.org","@graph":[{"@type":"WebPage","@id":"https:\/\/www.yorku.ca\/glendon\/sexualitystudies\/contact\/?lang=fr","url":"https:\/\/www.yorku.ca\/glendon\/sexualitystudies\/contact\/?lang=fr","name":"Contacter le d\u00e9partement d'\u00e9tudes sur la sexualit\u00e9 | Campus Glendon | Universit\u00e9 York","isPartOf":{"@id":"https:\/\/www.yorku.ca\/glendon\/sexualitystudies\/#website"},"datePublished":"2021-12-24T22:15:02+00:00","dateModified":"2024-08-29T17:27:14+00:00","description":"Contactez le d\u00e9partement d'\u00e9tudes sur la sexualit\u00e9 \u00e0 Glendon.","breadcrumb":{"@id":"https:\/\/www.yorku.ca\/glendon\/sexualitystudies\/contact\/?lang=fr#breadcrumb"},"inLanguage":"en-US","potentialAction":[{"@type":"ReadAction","target":["https:\/\/www.yorku.ca\/glendon\/sexualitystudies\/contact\/?lang=fr"]}]},{"@type":"BreadcrumbList","@id":"https:\/\/www.yorku.ca\/glendon\/sexualitystudies\/contact\/?lang=fr#breadcrumb","itemListElement":[{"@type":"ListItem","position":1,"name":"Home","item":"https:\/\/www.yorku.ca\/glendon\/sexualitystudies\/"},{"@type":"ListItem","position":2,"name":"Contactez-nous"}]},{"@type":"WebSite","@id":"https:\/\/www.yorku.ca\/glendon\/sexualitystudies\/#website","url":"https:\/\/www.yorku.ca\/glendon\/sexualitystudies\/","name":"Sexuality Studies","description":"","publisher":{"@id":"https:\/\/www.yorku.ca\/glendon\/sexualitystudies\/#organization"},"potentialAction":[{"@type":"SearchAction","target":{"@type":"EntryPoint","urlTemplate":"https:\/\/www.yorku.ca\/glendon\/sexualitystudies\/?s={search_term_string}"},"query-input":{"@type":"PropertyValueSpecification","valueRequired":true,"valueName":"search_term_string"}}],"inLanguage":"en-US"},{"@type":"Organization","@id":"https:\/\/www.yorku.ca\/glendon\/sexualitystudies\/#organization","name":"Glendon School Of Sexuality Studies","url":"https:\/\/www.yorku.ca\/glendon\/sexualitystudies\/","logo":{"@type":"ImageObject","inLanguage":"en-US","@id":"https:\/\/www.yorku.ca\/glendon\/sexualitystudies\/#\/schema\/logo\/image\/","url":"https:\/\/www.yorku.ca\/glendon\/sexualitystudies\/wp-content\/uploads\/sites\/152\/2022\/05\/Gledon-Logo.png","contentUrl":"https:\/\/www.yorku.ca\/glendon\/sexualitystudies\/wp-content\/uploads\/sites\/152\/2022\/05\/Gledon-Logo.png","width":2623,"height":601,"caption":"Glendon School Of Sexuality Studies"},"image":{"@id":"https:\/\/www.yorku.ca\/glendon\/sexualitystudies\/#\/schema\/logo\/image\/"}}]}},"taxonomy_info":[],"featured_image_src_large":false,"author_info":{"display_name":"nanyeung","author_link":"https:\/\/www.yorku.ca\/glendon\/sexualitystudies\/author\/nanyeung\/"},"comment_info":0,"_links":{"self":[{"href":"https:\/\/www.yorku.ca\/glendon\/sexualitystudies\/wp-json\/wp\/v2\/pages\/1625","targetHints":{"allow":["GET"]}}],"collection":[{"href":"https:\/\/www.yorku.ca\/glendon\/sexualitystudies\/wp-json\/wp\/v2\/pages"}],"about":[{"href":"https:\/\/www.yorku.ca\/glendon\/sexualitystudies\/wp-json\/wp\/v2\/types\/page"}],"author":[{"embeddable":true,"href":"https:\/\/www.yorku.ca\/glendon\/sexualitystudies\/wp-json\/wp\/v2\/users\/834"}],"replies":[{"embeddable":true,"href":"https:\/\/www.yorku.ca\/glendon\/sexualitystudies\/wp-json\/wp\/v2\/comments?post=1625"}],"version-history":[{"count":27,"href":"https:\/\/www.yorku.ca\/glendon\/sexualitystudies\/wp-json\/wp\/v2\/pages\/1625\/revisions"}],"predecessor-version":[{"id":2101,"href":"https:\/\/www.yorku.ca\/glendon\/sexualitystudies\/wp-json\/wp\/v2\/pages\/1625\/revisions\/2101"}],"wp:attachment":[{"href":"https:\/\/www.yorku.ca\/glendon\/sexualitystudies\/wp-json\/wp\/v2\/media?parent=1625"}],"wp:term":[{"taxonomy":"post_tag","embeddable":true,"href":"https:\/\/www.yorku.ca\/glendon\/sexualitystudies\/wp-json\/wp\/v2\/tags?post=1625"}],"curies":[{"name":"wp","href":"https:\/\/api.w.org\/{rel}","templated":true}]}}