  {"id":5159,"date":"2025-10-29T14:10:08","date_gmt":"2025-10-29T18:10:08","guid":{"rendered":"https:\/\/www.yorku.ca\/glendon\/genial\/glendon-genial-students-receive-a-total-of-5500-seed-funding-from-the-2025-student-entrepreneurship-competition-sponsored-by-desjardins\/"},"modified":"2025-10-31T13:40:17","modified_gmt":"2025-10-31T17:40:17","slug":"glendon-genial-students-receive-a-total-of-5500-seed-funding-from-the-2025-student-entrepreneurship-competition-sponsored-by-desjardins","status":"publish","type":"page","link":"https:\/\/www.yorku.ca\/glendon\/genial\/glendon-genial-students-receive-a-total-of-5500-seed-funding-from-the-2025-student-entrepreneurship-competition-sponsored-by-desjardins\/?lang=fr","title":{"rendered":"Les \u00e9tudiants de Glendon GENIAL re\u00e7oivent un financement de d\u00e9marrage total de 5 500 $ dans le cadre de la Comp\u00e9tition d\u2019entrepreneuriat \u00e9tudiant 2025, commandit\u00e9e par Desjardins"},"content":{"rendered":"\n<p>Par Hana Schaeffer &amp; Josie Hu | October 28, 2025<\/p>\n\n\n\n<figure class=\"wp-block-image size-large is-resized\"><img loading=\"lazy\" decoding=\"async\" width=\"1024\" height=\"545\" src=\"https:\/\/www.yorku.ca\/glendon\/genial\/wp-content\/uploads\/sites\/879\/2025\/10\/1759784369912-1024x545.jpeg\" alt=\"\" class=\"wp-image-5141\" style=\"width:1110px;height:auto\" srcset=\"https:\/\/www.yorku.ca\/glendon\/genial\/wp-content\/uploads\/sites\/879\/2025\/10\/1759784369912-1024x545.jpeg 1024w, https:\/\/www.yorku.ca\/glendon\/genial\/wp-content\/uploads\/sites\/879\/2025\/10\/1759784369912-400x213.jpeg 400w, https:\/\/www.yorku.ca\/glendon\/genial\/wp-content\/uploads\/sites\/879\/2025\/10\/1759784369912-1536x817.jpeg 1536w, https:\/\/www.yorku.ca\/glendon\/genial\/wp-content\/uploads\/sites\/879\/2025\/10\/1759784369912.jpeg 2048w\" sizes=\"auto, (max-width: 1024px) 100vw, 1024px\" \/><\/figure>\n\n\n\n<p>Le 2 octobre, <strong>Glendon GENIAL<\/strong> a organis\u00e9 sa comp\u00e9tition annuelle d\u2019entrepreneuriat \u00e9tudiant, fi\u00e8rement commandit\u00e9 par <strong>Desjardins<\/strong>. Cet \u00e9v\u00e9nement fait partie de la phase finale du programme <strong>Passeport de comp\u00e9tences entrepreneuriales (PCE)<\/strong>, qui aide les \u00e9tudiants \u00e0 d\u00e9velopper les comp\u00e9tences essentielles pour identifier, d\u00e9couvrir et exploiter des opportunit\u00e9s d\u2019affaires. Le PCE est un programme bilingue de 15 semaines con\u00e7u pour pr\u00e9parer les \u00e9tudiants au d\u00e9but de leur parcours entrepreneurial.&nbsp;<\/p>\n\n\n\n<p>Quatre \u00e9tudiants ont particip\u00e9 au concours d\u2019entrepreneuriat \u00e9tudiant. Diandra Tchoupou, fondatrice de Zeafro Beauty Zone, a remport\u00e9 le premier prix de 2 000 $ ainsi que le prix du choix du public de 500 $. Zeinab Ayad, fondatrice de Embroidery Zeynab, a obtenu le deuxi\u00e8me prix de 1 500 $. Magali Assouman, fondatrice de Ass\u00f4 Tomato Sauce, a re\u00e7u le troisi\u00e8me prix de 1 000 $. Enfin, Ghyslaine Tchoupou, fondatrice de Kerry Cake Design, a remport\u00e9 le quatri\u00e8me prix de 500 $.\u00a0<\/p>\n\n\n\n<div class=\"wp-block-columns are-vertically-aligned-center is-layout-flex wp-container-core-columns-is-layout-1 wp-block-columns-is-layout-flex\">\n<div class=\"wp-block-column is-vertically-aligned-center is-layout-flow wp-block-column-is-layout-flow\">\n<div class=\"wp-block-group is-layout-constrained wp-block-group-is-layout-constrained\">\n<p class=\"has-text-align-left\"><strong>L\u2019initiative Glendon ENtrepreneuriat et INnovation \u00c0 L\u2019international (GENIAL) <\/strong>a \u00e9t\u00e9 lanc\u00e9e en 2018 par Dr. Angelo Dossou-Yovo, professeur agr\u00e9g\u00e9 en gestion et en entrepreneuriat. Cette initiative repose sur quatre piliers : un programme parascolaire bilingue en entrepreneuriat, des cours exp\u00e9rientiels en entrepreneuriat et innovation, un programme de recherche en innovation et entrepreneuriat, et un incubateur d\u2019entreprises \u00e9tudiantes.&nbsp;<\/p>\n\n\n\n<p><\/p>\n\n\n\n<p class=\"has-text-align-left\"><strong>Glendon GENIAL <\/strong>est une initiative qui vise \u00e0 soutenir et \u00e0 mobiliser les entrepreneurs de la communaut\u00e9 francophone et francophile de la grande r\u00e9gion de Toronto.&nbsp;<\/p>\n<\/div>\n<\/div>\n\n\n\n<div class=\"wp-block-column is-vertically-aligned-center is-layout-flow wp-block-column-is-layout-flow\">\n<figure class=\"wp-block-image aligncenter size-full is-resized\"><img loading=\"lazy\" decoding=\"async\" width=\"535\" height=\"401\" src=\"https:\/\/www.yorku.ca\/glendon\/genial\/wp-content\/uploads\/sites\/879\/2025\/10\/image-edited-1.png\" alt=\"\" class=\"wp-image-5149\" style=\"width:472px;height:auto\" srcset=\"https:\/\/www.yorku.ca\/glendon\/genial\/wp-content\/uploads\/sites\/879\/2025\/10\/image-edited-1.png 535w, https:\/\/www.yorku.ca\/glendon\/genial\/wp-content\/uploads\/sites\/879\/2025\/10\/image-edited-1-400x300.png 400w\" sizes=\"auto, (max-width: 535px) 100vw, 535px\" \/><\/figure>\n<\/div>\n<\/div>\n\n\n\n<p>Cette ann\u00e9e, GENIAL a eu le plaisir d\u2019accueillir comme conf\u00e9renci\u00e8re principale Alexandra Kapelos-Peters, fondatrice et PDG de cansulta ainsi que pr\u00e9sidente de AKP Solutions. La citation suivante tir\u00e9e de son discours \u2014 <em>\u00ab la r\u00e9silience est le carburant, et la vision est la boussole \u00bb<\/em> \u2014 a \u00e9t\u00e9 une source de motivation majeure pour les \u00e9tudiants afin de poursuivre leurs passions entrepreneuriales.&nbsp;<\/p>\n\n\n\n<p>Les \u00e9tudiants ont \u00e9galement b\u00e9n\u00e9fici\u00e9 de pr\u00e9cieux conseils et commentaires de la part d\u2019un jury compos\u00e9 de Hermine Mbondo, fondatrice et pr\u00e9sidente de B4brand, Joe Tamko, fondateur et consultant en strat\u00e9gie de marque et communication chez NGU, ainsi que d\u2019Alexandra Kapelos-Peters.&nbsp;<\/p>\n\n\n\n<p>Les r\u00e9ussites d\u2019apprentissage des \u00e9tudiants ayant compl\u00e9t\u00e9 le programme PCE se refl\u00e8tent clairement dans les t\u00e9moignages ci-dessous :&nbsp;<\/p>\n\n\n\n<p><em>\u00ab Ce que j'ai le plus appr\u00e9ci\u00e9, c'est le soutien incroyable des mentors et de l'\u00e9quipe. Leurs conseils m'ont aid\u00e9 \u00e0 organiser mes id\u00e9es, \u00e0 am\u00e9liorer ma strat\u00e9gie et \u00e0 pr\u00e9senter mon projet avec confiance. Les ateliers et les s\u00e9ances de r\u00e9troaction m'ont \u00e9galement aid\u00e9 \u00e0 grandir tant sur le plan personnel que professionnel. Gr\u00e2ce \u00e0 ce programme, j'ai d\u00e9sormais une vision claire de l'avenir de mon entreprise et je me sens plus pr\u00eat que jamais \u00e0 poursuivre son d\u00e9veloppement au Canada. Je suis tr\u00e8s reconnaissant d'avoir eu cette opportunit\u00e9 et je recommanderais le programme PCE \u00e0 tout \u00e9tudiant qui souhaite concr\u00e9tiser son id\u00e9e. \u00bb&nbsp;&nbsp;<\/em><\/p>\n\n\n\n<p class=\"has-text-align-right\">- Zeinab Ayad, fondatrice de Embroidery Zeynab&nbsp;<\/p>\n\n\n\n<p><em>\u201cGr\u00e2ce au programme ESP, j\u2019ai pu structurer et affiner mon projet de salon d\u00e9di\u00e9 \u00e0 la communaut\u00e9 \u00e0 cheveux cr\u00e9pus et fris\u00e9s, ax\u00e9 sur l'exp\u00e9rience client et le rapport qualit\u00e9 prix. J\u2019ai appris \u00e0 mieux comprendre les besoins de ma client\u00e8le cible, \u00e0 d\u00e9velopper une proposition de valeur claire et \u00e0 envisager des strat\u00e9gies concr\u00e8tes pour faire \u00e9voluer mon entreprise.\u202f\u201d&nbsp;&nbsp;<\/em><\/p>\n\n\n\n<p class=\"has-text-align-right\">- Diandra Tchoupou, fondatrice de Zeafro Beauty Zone&nbsp;<\/p>\n\n\n\n<p><\/p>\n","protected":false},"excerpt":{"rendered":"<p>Par Hana Schaeffer &amp; Josie Hu | October 28, 2025 Le 2 octobre, Glendon GENIAL a organis\u00e9 sa comp\u00e9tition annuelle d\u2019entrepreneuriat \u00e9tudiant, fi\u00e8rement commandit\u00e9 par Desjardins. Cet \u00e9v\u00e9nement fait partie de la phase finale du programme Passeport de comp\u00e9tences entrepreneuriales (PCE), qui aide les \u00e9tudiants \u00e0 d\u00e9velopper les comp\u00e9tences essentielles pour identifier, d\u00e9couvrir et exploiter [&hellip;]<\/p>\n","protected":false},"author":2309,"featured_media":0,"parent":0,"menu_order":0,"comment_status":"closed","ping_status":"closed","template":"","meta":{"_kad_blocks_custom_css":"","_kad_blocks_head_custom_js":"","_kad_blocks_body_custom_js":"","_kad_blocks_footer_custom_js":"","_monsterinsights_skip_tracking":false,"_monsterinsights_sitenote_active":false,"_monsterinsights_sitenote_note":"","_monsterinsights_sitenote_category":0,"footnotes":""},"tags":[],"class_list":["post-5159","page","type-page","status-publish","hentry"],"yoast_head":"<!-- This site is optimized with the Yoast SEO plugin v24.0 - https:\/\/yoast.com\/wordpress\/plugins\/seo\/ -->\n<title>Les \u00e9tudiants de Glendon GENIAL re\u00e7oivent un financement de d\u00e9marrage total de 5 500 $ dans le cadre de la Comp\u00e9tition d\u2019entrepreneuriat \u00e9tudiant 2025, commandit\u00e9e par Desjardins - Glendon ENtrepreneuriat et Innovation A L&#039;international (GENIAL)<\/title>\n<meta name=\"robots\" content=\"index, follow, max-snippet:-1, max-image-preview:large, max-video-preview:-1\" \/>\n<link rel=\"canonical\" href=\"https:\/\/www.yorku.ca\/glendon\/genial\/glendon-genial-students-receive-a-total-of-5500-seed-funding-from-the-2025-student-entrepreneurship-competition-sponsored-by-desjardins\/?lang=fr\" \/>\n<meta property=\"og:locale\" content=\"en_US\" \/>\n<meta property=\"og:type\" content=\"article\" \/>\n<meta property=\"og:title\" content=\"Les \u00e9tudiants de Glendon GENIAL re\u00e7oivent un financement de d\u00e9marrage total de 5 500 $ dans le cadre de la Comp\u00e9tition d\u2019entrepreneuriat \u00e9tudiant 2025, commandit\u00e9e par Desjardins - Glendon ENtrepreneuriat et Innovation A L&#039;international (GENIAL)\" \/>\n<meta property=\"og:description\" content=\"Par Hana Schaeffer &amp; Josie Hu | October 28, 2025 Le 2 octobre, Glendon GENIAL a organis\u00e9 sa comp\u00e9tition annuelle d\u2019entrepreneuriat \u00e9tudiant, fi\u00e8rement commandit\u00e9 par Desjardins. Cet \u00e9v\u00e9nement fait partie de la phase finale du programme Passeport de comp\u00e9tences entrepreneuriales (PCE), qui aide les \u00e9tudiants \u00e0 d\u00e9velopper les comp\u00e9tences essentielles pour identifier, d\u00e9couvrir et exploiter [&hellip;]\" \/>\n<meta property=\"og:url\" content=\"https:\/\/www.yorku.ca\/glendon\/genial\/glendon-genial-students-receive-a-total-of-5500-seed-funding-from-the-2025-student-entrepreneurship-competition-sponsored-by-desjardins\/?lang=fr\" \/>\n<meta property=\"og:site_name\" content=\"Glendon ENtrepreneuriat et Innovation A L&#039;international (GENIAL)\" \/>\n<meta property=\"article:modified_time\" content=\"2025-10-31T17:40:17+00:00\" \/>\n<meta property=\"og:image\" content=\"https:\/\/www.yorku.ca\/glendon\/genial\/wp-content\/uploads\/sites\/879\/2025\/10\/1759784369912.jpeg\" \/>\n\t<meta property=\"og:image:width\" content=\"2048\" \/>\n\t<meta property=\"og:image:height\" content=\"1089\" \/>\n\t<meta property=\"og:image:type\" content=\"image\/jpeg\" \/>\n<meta name=\"twitter:card\" content=\"summary_large_image\" \/>\n<meta name=\"twitter:label1\" content=\"Est. reading time\" \/>\n\t<meta name=\"twitter:data1\" content=\"3 minutes\" \/>\n<script type=\"application\/ld+json\" class=\"yoast-schema-graph\">{\"@context\":\"https:\/\/schema.org\",\"@graph\":[{\"@type\":\"WebPage\",\"@id\":\"https:\/\/www.yorku.ca\/glendon\/genial\/glendon-genial-students-receive-a-total-of-5500-seed-funding-from-the-2025-student-entrepreneurship-competition-sponsored-by-desjardins\/?lang=fr\",\"url\":\"https:\/\/www.yorku.ca\/glendon\/genial\/glendon-genial-students-receive-a-total-of-5500-seed-funding-from-the-2025-student-entrepreneurship-competition-sponsored-by-desjardins\/?lang=fr\",\"name\":\"Les \u00e9tudiants de Glendon GENIAL re\u00e7oivent un financement de d\u00e9marrage total de 5 500 $ dans le cadre de la Comp\u00e9tition d\u2019entrepreneuriat \u00e9tudiant 2025, commandit\u00e9e par Desjardins - Glendon ENtrepreneuriat et Innovation A L&#039;international (GENIAL)\",\"isPartOf\":{\"@id\":\"https:\/\/www.yorku.ca\/glendon\/genial\/#website\"},\"primaryImageOfPage\":{\"@id\":\"https:\/\/www.yorku.ca\/glendon\/genial\/glendon-genial-students-receive-a-total-of-5500-seed-funding-from-the-2025-student-entrepreneurship-competition-sponsored-by-desjardins\/?lang=fr#primaryimage\"},\"image\":{\"@id\":\"https:\/\/www.yorku.ca\/glendon\/genial\/glendon-genial-students-receive-a-total-of-5500-seed-funding-from-the-2025-student-entrepreneurship-competition-sponsored-by-desjardins\/?lang=fr#primaryimage\"},\"thumbnailUrl\":\"https:\/\/www.yorku.ca\/glendon\/genial\/wp-content\/uploads\/sites\/879\/2025\/10\/1759784369912-1024x545.jpeg\",\"datePublished\":\"2025-10-29T18:10:08+00:00\",\"dateModified\":\"2025-10-31T17:40:17+00:00\",\"breadcrumb\":{\"@id\":\"https:\/\/www.yorku.ca\/glendon\/genial\/glendon-genial-students-receive-a-total-of-5500-seed-funding-from-the-2025-student-entrepreneurship-competition-sponsored-by-desjardins\/?lang=fr#breadcrumb\"},\"inLanguage\":\"en-US\",\"potentialAction\":[{\"@type\":\"ReadAction\",\"target\":[\"https:\/\/www.yorku.ca\/glendon\/genial\/glendon-genial-students-receive-a-total-of-5500-seed-funding-from-the-2025-student-entrepreneurship-competition-sponsored-by-desjardins\/?lang=fr\"]}]},{\"@type\":\"ImageObject\",\"inLanguage\":\"en-US\",\"@id\":\"https:\/\/www.yorku.ca\/glendon\/genial\/glendon-genial-students-receive-a-total-of-5500-seed-funding-from-the-2025-student-entrepreneurship-competition-sponsored-by-desjardins\/?lang=fr#primaryimage\",\"url\":\"https:\/\/www.yorku.ca\/glendon\/genial\/wp-content\/uploads\/sites\/879\/2025\/10\/1759784369912.jpeg\",\"contentUrl\":\"https:\/\/www.yorku.ca\/glendon\/genial\/wp-content\/uploads\/sites\/879\/2025\/10\/1759784369912.jpeg\",\"width\":2048,\"height\":1089},{\"@type\":\"BreadcrumbList\",\"@id\":\"https:\/\/www.yorku.ca\/glendon\/genial\/glendon-genial-students-receive-a-total-of-5500-seed-funding-from-the-2025-student-entrepreneurship-competition-sponsored-by-desjardins\/?lang=fr#breadcrumb\",\"itemListElement\":[{\"@type\":\"ListItem\",\"position\":1,\"name\":\"Home\",\"item\":\"https:\/\/www.yorku.ca\/glendon\/genial\/\"},{\"@type\":\"ListItem\",\"position\":2,\"name\":\"Les \u00e9tudiants de Glendon GENIAL re\u00e7oivent un financement de d\u00e9marrage total de 5 500 $ dans le cadre de la Comp\u00e9tition d\u2019entrepreneuriat \u00e9tudiant 2025, commandit\u00e9e par Desjardins\"}]},{\"@type\":\"WebSite\",\"@id\":\"https:\/\/www.yorku.ca\/glendon\/genial\/#website\",\"url\":\"https:\/\/www.yorku.ca\/glendon\/genial\/\",\"name\":\"Glendon ENtrepreneuriat et Innovation A L&#039;international (GENIAL)\",\"description\":\"Glendon GENIAL Initiative\",\"potentialAction\":[{\"@type\":\"SearchAction\",\"target\":{\"@type\":\"EntryPoint\",\"urlTemplate\":\"https:\/\/www.yorku.ca\/glendon\/genial\/?s={search_term_string}\"},\"query-input\":{\"@type\":\"PropertyValueSpecification\",\"valueRequired\":true,\"valueName\":\"search_term_string\"}}],\"inLanguage\":\"en-US\"}]}<\/script>\n<!-- \/ Yoast SEO plugin. -->","yoast_head_json":{"title":"Les \u00e9tudiants de Glendon GENIAL re\u00e7oivent un financement de d\u00e9marrage total de 5 500 $ dans le cadre de la Comp\u00e9tition d\u2019entrepreneuriat \u00e9tudiant 2025, commandit\u00e9e par Desjardins - Glendon ENtrepreneuriat et Innovation A L&#039;international (GENIAL)","robots":{"index":"index","follow":"follow","max-snippet":"max-snippet:-1","max-image-preview":"max-image-preview:large","max-video-preview":"max-video-preview:-1"},"canonical":"https:\/\/www.yorku.ca\/glendon\/genial\/glendon-genial-students-receive-a-total-of-5500-seed-funding-from-the-2025-student-entrepreneurship-competition-sponsored-by-desjardins\/?lang=fr","og_locale":"en_US","og_type":"article","og_title":"Les \u00e9tudiants de Glendon GENIAL re\u00e7oivent un financement de d\u00e9marrage total de 5 500 $ dans le cadre de la Comp\u00e9tition d\u2019entrepreneuriat \u00e9tudiant 2025, commandit\u00e9e par Desjardins - Glendon ENtrepreneuriat et Innovation A L&#039;international (GENIAL)","og_description":"Par Hana Schaeffer &amp; Josie Hu | October 28, 2025 Le 2 octobre, Glendon GENIAL a organis\u00e9 sa comp\u00e9tition annuelle d\u2019entrepreneuriat \u00e9tudiant, fi\u00e8rement commandit\u00e9 par Desjardins. Cet \u00e9v\u00e9nement fait partie de la phase finale du programme Passeport de comp\u00e9tences entrepreneuriales (PCE), qui aide les \u00e9tudiants \u00e0 d\u00e9velopper les comp\u00e9tences essentielles pour identifier, d\u00e9couvrir et exploiter [&hellip;]","og_url":"https:\/\/www.yorku.ca\/glendon\/genial\/glendon-genial-students-receive-a-total-of-5500-seed-funding-from-the-2025-student-entrepreneurship-competition-sponsored-by-desjardins\/?lang=fr","og_site_name":"Glendon ENtrepreneuriat et Innovation A L&#039;international (GENIAL)","article_modified_time":"2025-10-31T17:40:17+00:00","og_image":[{"width":2048,"height":1089,"url":"https:\/\/www.yorku.ca\/glendon\/genial\/wp-content\/uploads\/sites\/879\/2025\/10\/1759784369912.jpeg","type":"image\/jpeg"}],"twitter_card":"summary_large_image","twitter_misc":{"Est. reading time":"3 minutes"},"schema":{"@context":"https:\/\/schema.org","@graph":[{"@type":"WebPage","@id":"https:\/\/www.yorku.ca\/glendon\/genial\/glendon-genial-students-receive-a-total-of-5500-seed-funding-from-the-2025-student-entrepreneurship-competition-sponsored-by-desjardins\/?lang=fr","url":"https:\/\/www.yorku.ca\/glendon\/genial\/glendon-genial-students-receive-a-total-of-5500-seed-funding-from-the-2025-student-entrepreneurship-competition-sponsored-by-desjardins\/?lang=fr","name":"Les \u00e9tudiants de Glendon GENIAL re\u00e7oivent un financement de d\u00e9marrage total de 5 500 $ dans le cadre de la Comp\u00e9tition d\u2019entrepreneuriat \u00e9tudiant 2025, commandit\u00e9e par Desjardins - Glendon ENtrepreneuriat et Innovation A L&#039;international (GENIAL)","isPartOf":{"@id":"https:\/\/www.yorku.ca\/glendon\/genial\/#website"},"primaryImageOfPage":{"@id":"https:\/\/www.yorku.ca\/glendon\/genial\/glendon-genial-students-receive-a-total-of-5500-seed-funding-from-the-2025-student-entrepreneurship-competition-sponsored-by-desjardins\/?lang=fr#primaryimage"},"image":{"@id":"https:\/\/www.yorku.ca\/glendon\/genial\/glendon-genial-students-receive-a-total-of-5500-seed-funding-from-the-2025-student-entrepreneurship-competition-sponsored-by-desjardins\/?lang=fr#primaryimage"},"thumbnailUrl":"https:\/\/www.yorku.ca\/glendon\/genial\/wp-content\/uploads\/sites\/879\/2025\/10\/1759784369912-1024x545.jpeg","datePublished":"2025-10-29T18:10:08+00:00","dateModified":"2025-10-31T17:40:17+00:00","breadcrumb":{"@id":"https:\/\/www.yorku.ca\/glendon\/genial\/glendon-genial-students-receive-a-total-of-5500-seed-funding-from-the-2025-student-entrepreneurship-competition-sponsored-by-desjardins\/?lang=fr#breadcrumb"},"inLanguage":"en-US","potentialAction":[{"@type":"ReadAction","target":["https:\/\/www.yorku.ca\/glendon\/genial\/glendon-genial-students-receive-a-total-of-5500-seed-funding-from-the-2025-student-entrepreneurship-competition-sponsored-by-desjardins\/?lang=fr"]}]},{"@type":"ImageObject","inLanguage":"en-US","@id":"https:\/\/www.yorku.ca\/glendon\/genial\/glendon-genial-students-receive-a-total-of-5500-seed-funding-from-the-2025-student-entrepreneurship-competition-sponsored-by-desjardins\/?lang=fr#primaryimage","url":"https:\/\/www.yorku.ca\/glendon\/genial\/wp-content\/uploads\/sites\/879\/2025\/10\/1759784369912.jpeg","contentUrl":"https:\/\/www.yorku.ca\/glendon\/genial\/wp-content\/uploads\/sites\/879\/2025\/10\/1759784369912.jpeg","width":2048,"height":1089},{"@type":"BreadcrumbList","@id":"https:\/\/www.yorku.ca\/glendon\/genial\/glendon-genial-students-receive-a-total-of-5500-seed-funding-from-the-2025-student-entrepreneurship-competition-sponsored-by-desjardins\/?lang=fr#breadcrumb","itemListElement":[{"@type":"ListItem","position":1,"name":"Home","item":"https:\/\/www.yorku.ca\/glendon\/genial\/"},{"@type":"ListItem","position":2,"name":"Les \u00e9tudiants de Glendon GENIAL re\u00e7oivent un financement de d\u00e9marrage total de 5 500 $ dans le cadre de la Comp\u00e9tition d\u2019entrepreneuriat \u00e9tudiant 2025, commandit\u00e9e par Desjardins"}]},{"@type":"WebSite","@id":"https:\/\/www.yorku.ca\/glendon\/genial\/#website","url":"https:\/\/www.yorku.ca\/glendon\/genial\/","name":"Glendon ENtrepreneuriat et Innovation A L&#039;international (GENIAL)","description":"Glendon GENIAL Initiative","potentialAction":[{"@type":"SearchAction","target":{"@type":"EntryPoint","urlTemplate":"https:\/\/www.yorku.ca\/glendon\/genial\/?s={search_term_string}"},"query-input":{"@type":"PropertyValueSpecification","valueRequired":true,"valueName":"search_term_string"}}],"inLanguage":"en-US"}]}},"taxonomy_info":[],"featured_image_src_large":false,"author_info":{"display_name":"josiehu","author_link":"https:\/\/www.yorku.ca\/glendon\/genial\/author\/josiehu\/"},"comment_info":0,"_links":{"self":[{"href":"https:\/\/www.yorku.ca\/glendon\/genial\/wp-json\/wp\/v2\/pages\/5159","targetHints":{"allow":["GET"]}}],"collection":[{"href":"https:\/\/www.yorku.ca\/glendon\/genial\/wp-json\/wp\/v2\/pages"}],"about":[{"href":"https:\/\/www.yorku.ca\/glendon\/genial\/wp-json\/wp\/v2\/types\/page"}],"author":[{"embeddable":true,"href":"https:\/\/www.yorku.ca\/glendon\/genial\/wp-json\/wp\/v2\/users\/2309"}],"replies":[{"embeddable":true,"href":"https:\/\/www.yorku.ca\/glendon\/genial\/wp-json\/wp\/v2\/comments?post=5159"}],"version-history":[{"count":3,"href":"https:\/\/www.yorku.ca\/glendon\/genial\/wp-json\/wp\/v2\/pages\/5159\/revisions"}],"predecessor-version":[{"id":5166,"href":"https:\/\/www.yorku.ca\/glendon\/genial\/wp-json\/wp\/v2\/pages\/5159\/revisions\/5166"}],"wp:attachment":[{"href":"https:\/\/www.yorku.ca\/glendon\/genial\/wp-json\/wp\/v2\/media?parent=5159"}],"wp:term":[{"taxonomy":"post_tag","embeddable":true,"href":"https:\/\/www.yorku.ca\/glendon\/genial\/wp-json\/wp\/v2\/tags?post=5159"}],"curies":[{"name":"wp","href":"https:\/\/api.w.org\/{rel}","templated":true}]}}