  {"id":5105,"date":"2025-10-15T11:06:57","date_gmt":"2025-10-15T15:06:57","guid":{"rendered":"https:\/\/www.yorku.ca\/glendon\/genial\/upcoming-workshop-project-management-basics-skills-for-entrepreneurs\/"},"modified":"2025-10-15T11:39:54","modified_gmt":"2025-10-15T15:39:54","slug":"upcoming-workshop-project-management-basics-skills-for-entrepreneurs","status":"publish","type":"page","link":"https:\/\/www.yorku.ca\/glendon\/genial\/upcoming-workshop-project-management-basics-skills-for-entrepreneurs\/?lang=fr","title":{"rendered":"Atelier \u00e0 venir : Comp\u00e9tences de base en gestion de projet pour les entrepreneurs"},"content":{"rendered":"\n<div style=\"height:35px\" aria-hidden=\"true\" class=\"wp-block-spacer\"><\/div>\n\n\n\n<p>Nous sommes ravis d\u2019annoncer notre prochain atelier intitul\u00e9 <strong>\u00ab Comp\u00e9tences de base en gestion de projet pour les entrepreneurs \u00bb<\/strong>, con\u00e7u pour aider les participants \u00e0 d\u00e9velopper des connaissances fondamentales en gestion de projet et \u00e0 apprendre \u00e0 utiliser des outils leur permettant d\u2019atteindre plus efficacement leurs objectifs dans le lancement et le d\u00e9veloppement de leur entreprise.<\/p>\n\n\n\n<hr class=\"wp-block-separator has-alpha-channel-opacity\"\/>\n\n\n\n<p><strong>Date :<\/strong> <strong>29 octobre<\/strong>, <strong>2025<\/strong><br><strong>Heure :<\/strong> <strong>19h00 \u2013 21h00 (en ligne)<\/strong><br><strong>Lieu :<\/strong> Virtuel (le lien sera envoy\u00e9 apr\u00e8s confirmation)<br><strong>Inscription <\/strong>: contactez <strong>Hana <\/strong>\u00e0 hanas13@yorku.ca pour vous inscrire<\/p>\n\n\n\n<hr class=\"wp-block-separator has-alpha-channel-opacity\"\/>\n\n\n\n<p>Les participants apprendront \u00e0 :<\/p>\n\n\n\n<ul class=\"wp-block-list\">\n<li>Comprendre les concepts fondamentaux et le vocabulaire de la gestion de projet<\/li>\n\n\n\n<li>Aligner la planification des projets avec les objectifs strat\u00e9giques d\u2019une entreprise<\/li>\n\n\n\n<li>Faire la distinction entre gestion de projet et gestion des op\u00e9rations, et entre le cycle de vie d\u2019un projet et celui d\u2019une entreprise<\/li>\n\n\n\n<li>D\u00e9couvrir les outils et comp\u00e9tences essentiels \u00e0 la gestion de projets entrepreneuriaux<\/li>\n\n\n\n<li>Appliquer ces outils pour planifier, ex\u00e9cuter et suivre les projets tout au long du cycle de vie d\u2019une entreprise, et capitaliser sur les enseignements tir\u00e9s<\/li>\n<\/ul>\n\n\n\n<p>Cette session permettra aux participants de mieux comprendre comment concr\u00e9tiser leur vision entrepreneuriale, gr\u00e2ce \u00e0 des outils et des approches adapt\u00e9es.<\/p>\n","protected":false},"excerpt":{"rendered":"<p>Nous sommes ravis d\u2019annoncer notre prochain atelier intitul\u00e9 \u00ab Comp\u00e9tences de base en gestion de projet pour les entrepreneurs \u00bb, con\u00e7u pour aider les participants \u00e0 d\u00e9velopper des connaissances fondamentales en gestion de projet et \u00e0 apprendre \u00e0 utiliser des outils leur permettant d\u2019atteindre plus efficacement leurs objectifs dans le lancement et le d\u00e9veloppement de [&hellip;]<\/p>\n","protected":false},"author":2309,"featured_media":0,"parent":0,"menu_order":0,"comment_status":"closed","ping_status":"closed","template":"","meta":{"_kad_blocks_custom_css":"","_kad_blocks_head_custom_js":"","_kad_blocks_body_custom_js":"","_kad_blocks_footer_custom_js":"","_monsterinsights_skip_tracking":false,"_monsterinsights_sitenote_active":false,"_monsterinsights_sitenote_note":"","_monsterinsights_sitenote_category":0,"footnotes":""},"tags":[],"class_list":["post-5105","page","type-page","status-publish","hentry"],"yoast_head":"<!-- This site is optimized with the Yoast SEO plugin v24.0 - https:\/\/yoast.com\/wordpress\/plugins\/seo\/ -->\n<title>Atelier \u00e0 venir : Comp\u00e9tences de base en gestion de projet pour les entrepreneurs - Glendon ENtrepreneuriat et Innovation A L&#039;international (GENIAL)<\/title>\n<meta name=\"robots\" content=\"index, follow, max-snippet:-1, max-image-preview:large, max-video-preview:-1\" \/>\n<link rel=\"canonical\" href=\"https:\/\/www.yorku.ca\/glendon\/genial\/upcoming-workshop-project-management-basics-skills-for-entrepreneurs\/?lang=fr\" \/>\n<meta property=\"og:locale\" content=\"en_US\" \/>\n<meta property=\"og:type\" content=\"article\" \/>\n<meta property=\"og:title\" content=\"Atelier \u00e0 venir : Comp\u00e9tences de base en gestion de projet pour les entrepreneurs - Glendon ENtrepreneuriat et Innovation A L&#039;international (GENIAL)\" \/>\n<meta property=\"og:description\" content=\"Nous sommes ravis d\u2019annoncer notre prochain atelier intitul\u00e9 \u00ab Comp\u00e9tences de base en gestion de projet pour les entrepreneurs \u00bb, con\u00e7u pour aider les participants \u00e0 d\u00e9velopper des connaissances fondamentales en gestion de projet et \u00e0 apprendre \u00e0 utiliser des outils leur permettant d\u2019atteindre plus efficacement leurs objectifs dans le lancement et le d\u00e9veloppement de [&hellip;]\" \/>\n<meta property=\"og:url\" content=\"https:\/\/www.yorku.ca\/glendon\/genial\/upcoming-workshop-project-management-basics-skills-for-entrepreneurs\/?lang=fr\" \/>\n<meta property=\"og:site_name\" content=\"Glendon ENtrepreneuriat et Innovation A L&#039;international (GENIAL)\" \/>\n<meta property=\"article:modified_time\" content=\"2025-10-15T15:39:54+00:00\" \/>\n<meta name=\"twitter:card\" content=\"summary_large_image\" \/>\n<meta name=\"twitter:label1\" content=\"Est. reading time\" \/>\n\t<meta name=\"twitter:data1\" content=\"1 minute\" \/>\n<script type=\"application\/ld+json\" class=\"yoast-schema-graph\">{\"@context\":\"https:\/\/schema.org\",\"@graph\":[{\"@type\":\"WebPage\",\"@id\":\"https:\/\/www.yorku.ca\/glendon\/genial\/upcoming-workshop-project-management-basics-skills-for-entrepreneurs\/?lang=fr\",\"url\":\"https:\/\/www.yorku.ca\/glendon\/genial\/upcoming-workshop-project-management-basics-skills-for-entrepreneurs\/?lang=fr\",\"name\":\"Atelier \u00e0 venir : Comp\u00e9tences de base en gestion de projet pour les entrepreneurs - Glendon ENtrepreneuriat et Innovation A L&#039;international (GENIAL)\",\"isPartOf\":{\"@id\":\"https:\/\/www.yorku.ca\/glendon\/genial\/#website\"},\"datePublished\":\"2025-10-15T15:06:57+00:00\",\"dateModified\":\"2025-10-15T15:39:54+00:00\",\"breadcrumb\":{\"@id\":\"https:\/\/www.yorku.ca\/glendon\/genial\/upcoming-workshop-project-management-basics-skills-for-entrepreneurs\/?lang=fr#breadcrumb\"},\"inLanguage\":\"en-US\",\"potentialAction\":[{\"@type\":\"ReadAction\",\"target\":[\"https:\/\/www.yorku.ca\/glendon\/genial\/upcoming-workshop-project-management-basics-skills-for-entrepreneurs\/?lang=fr\"]}]},{\"@type\":\"BreadcrumbList\",\"@id\":\"https:\/\/www.yorku.ca\/glendon\/genial\/upcoming-workshop-project-management-basics-skills-for-entrepreneurs\/?lang=fr#breadcrumb\",\"itemListElement\":[{\"@type\":\"ListItem\",\"position\":1,\"name\":\"Home\",\"item\":\"https:\/\/www.yorku.ca\/glendon\/genial\/\"},{\"@type\":\"ListItem\",\"position\":2,\"name\":\"Atelier \u00e0 venir : Comp\u00e9tences de base en gestion de projet pour les entrepreneurs\"}]},{\"@type\":\"WebSite\",\"@id\":\"https:\/\/www.yorku.ca\/glendon\/genial\/#website\",\"url\":\"https:\/\/www.yorku.ca\/glendon\/genial\/\",\"name\":\"Glendon ENtrepreneuriat et Innovation A L&#039;international (GENIAL)\",\"description\":\"Glendon GENIAL Initiative\",\"potentialAction\":[{\"@type\":\"SearchAction\",\"target\":{\"@type\":\"EntryPoint\",\"urlTemplate\":\"https:\/\/www.yorku.ca\/glendon\/genial\/?s={search_term_string}\"},\"query-input\":{\"@type\":\"PropertyValueSpecification\",\"valueRequired\":true,\"valueName\":\"search_term_string\"}}],\"inLanguage\":\"en-US\"}]}<\/script>\n<!-- \/ Yoast SEO plugin. -->","yoast_head_json":{"title":"Atelier \u00e0 venir : Comp\u00e9tences de base en gestion de projet pour les entrepreneurs - Glendon ENtrepreneuriat et Innovation A L&#039;international (GENIAL)","robots":{"index":"index","follow":"follow","max-snippet":"max-snippet:-1","max-image-preview":"max-image-preview:large","max-video-preview":"max-video-preview:-1"},"canonical":"https:\/\/www.yorku.ca\/glendon\/genial\/upcoming-workshop-project-management-basics-skills-for-entrepreneurs\/?lang=fr","og_locale":"en_US","og_type":"article","og_title":"Atelier \u00e0 venir : Comp\u00e9tences de base en gestion de projet pour les entrepreneurs - Glendon ENtrepreneuriat et Innovation A L&#039;international (GENIAL)","og_description":"Nous sommes ravis d\u2019annoncer notre prochain atelier intitul\u00e9 \u00ab Comp\u00e9tences de base en gestion de projet pour les entrepreneurs \u00bb, con\u00e7u pour aider les participants \u00e0 d\u00e9velopper des connaissances fondamentales en gestion de projet et \u00e0 apprendre \u00e0 utiliser des outils leur permettant d\u2019atteindre plus efficacement leurs objectifs dans le lancement et le d\u00e9veloppement de [&hellip;]","og_url":"https:\/\/www.yorku.ca\/glendon\/genial\/upcoming-workshop-project-management-basics-skills-for-entrepreneurs\/?lang=fr","og_site_name":"Glendon ENtrepreneuriat et Innovation A L&#039;international (GENIAL)","article_modified_time":"2025-10-15T15:39:54+00:00","twitter_card":"summary_large_image","twitter_misc":{"Est. reading time":"1 minute"},"schema":{"@context":"https:\/\/schema.org","@graph":[{"@type":"WebPage","@id":"https:\/\/www.yorku.ca\/glendon\/genial\/upcoming-workshop-project-management-basics-skills-for-entrepreneurs\/?lang=fr","url":"https:\/\/www.yorku.ca\/glendon\/genial\/upcoming-workshop-project-management-basics-skills-for-entrepreneurs\/?lang=fr","name":"Atelier \u00e0 venir : Comp\u00e9tences de base en gestion de projet pour les entrepreneurs - Glendon ENtrepreneuriat et Innovation A L&#039;international (GENIAL)","isPartOf":{"@id":"https:\/\/www.yorku.ca\/glendon\/genial\/#website"},"datePublished":"2025-10-15T15:06:57+00:00","dateModified":"2025-10-15T15:39:54+00:00","breadcrumb":{"@id":"https:\/\/www.yorku.ca\/glendon\/genial\/upcoming-workshop-project-management-basics-skills-for-entrepreneurs\/?lang=fr#breadcrumb"},"inLanguage":"en-US","potentialAction":[{"@type":"ReadAction","target":["https:\/\/www.yorku.ca\/glendon\/genial\/upcoming-workshop-project-management-basics-skills-for-entrepreneurs\/?lang=fr"]}]},{"@type":"BreadcrumbList","@id":"https:\/\/www.yorku.ca\/glendon\/genial\/upcoming-workshop-project-management-basics-skills-for-entrepreneurs\/?lang=fr#breadcrumb","itemListElement":[{"@type":"ListItem","position":1,"name":"Home","item":"https:\/\/www.yorku.ca\/glendon\/genial\/"},{"@type":"ListItem","position":2,"name":"Atelier \u00e0 venir : Comp\u00e9tences de base en gestion de projet pour les entrepreneurs"}]},{"@type":"WebSite","@id":"https:\/\/www.yorku.ca\/glendon\/genial\/#website","url":"https:\/\/www.yorku.ca\/glendon\/genial\/","name":"Glendon ENtrepreneuriat et Innovation A L&#039;international (GENIAL)","description":"Glendon GENIAL Initiative","potentialAction":[{"@type":"SearchAction","target":{"@type":"EntryPoint","urlTemplate":"https:\/\/www.yorku.ca\/glendon\/genial\/?s={search_term_string}"},"query-input":{"@type":"PropertyValueSpecification","valueRequired":true,"valueName":"search_term_string"}}],"inLanguage":"en-US"}]}},"taxonomy_info":[],"featured_image_src_large":false,"author_info":{"display_name":"josiehu","author_link":"https:\/\/www.yorku.ca\/glendon\/genial\/author\/josiehu\/"},"comment_info":0,"_links":{"self":[{"href":"https:\/\/www.yorku.ca\/glendon\/genial\/wp-json\/wp\/v2\/pages\/5105","targetHints":{"allow":["GET"]}}],"collection":[{"href":"https:\/\/www.yorku.ca\/glendon\/genial\/wp-json\/wp\/v2\/pages"}],"about":[{"href":"https:\/\/www.yorku.ca\/glendon\/genial\/wp-json\/wp\/v2\/types\/page"}],"author":[{"embeddable":true,"href":"https:\/\/www.yorku.ca\/glendon\/genial\/wp-json\/wp\/v2\/users\/2309"}],"replies":[{"embeddable":true,"href":"https:\/\/www.yorku.ca\/glendon\/genial\/wp-json\/wp\/v2\/comments?post=5105"}],"version-history":[{"count":9,"href":"https:\/\/www.yorku.ca\/glendon\/genial\/wp-json\/wp\/v2\/pages\/5105\/revisions"}],"predecessor-version":[{"id":5122,"href":"https:\/\/www.yorku.ca\/glendon\/genial\/wp-json\/wp\/v2\/pages\/5105\/revisions\/5122"}],"wp:attachment":[{"href":"https:\/\/www.yorku.ca\/glendon\/genial\/wp-json\/wp\/v2\/media?parent=5105"}],"wp:term":[{"taxonomy":"post_tag","embeddable":true,"href":"https:\/\/www.yorku.ca\/glendon\/genial\/wp-json\/wp\/v2\/tags?post=5105"}],"curies":[{"name":"wp","href":"https:\/\/api.w.org\/{rel}","templated":true}]}}