  {"id":4795,"date":"2025-10-02T11:30:01","date_gmt":"2025-10-02T15:30:01","guid":{"rendered":"https:\/\/www.yorku.ca\/glendon\/genial\/?page_id=4795"},"modified":"2025-10-10T16:36:15","modified_gmt":"2025-10-10T20:36:15","slug":"embroidery-zeynab","status":"publish","type":"page","link":"https:\/\/www.yorku.ca\/glendon\/genial\/embroidery-zeynab\/?lang=fr","title":{"rendered":"Embroidery Zeynab"},"content":{"rendered":"\n<figure class=\"wp-block-image aligncenter size-large\"><img loading=\"lazy\" decoding=\"async\" width=\"820\" height=\"1024\" src=\"https:\/\/www.yorku.ca\/glendon\/genial\/wp-content\/uploads\/sites\/879\/2025\/06\/Zeynab-photo-820x1024.jpg\" alt=\"\" class=\"wp-image-4537\" srcset=\"https:\/\/www.yorku.ca\/glendon\/genial\/wp-content\/uploads\/sites\/879\/2025\/06\/Zeynab-photo-820x1024.jpg 820w, https:\/\/www.yorku.ca\/glendon\/genial\/wp-content\/uploads\/sites\/879\/2025\/06\/Zeynab-photo-320x400.jpg 320w, https:\/\/www.yorku.ca\/glendon\/genial\/wp-content\/uploads\/sites\/879\/2025\/06\/Zeynab-photo-1229x1536.jpg 1229w, https:\/\/www.yorku.ca\/glendon\/genial\/wp-content\/uploads\/sites\/879\/2025\/06\/Zeynab-photo.jpg 1440w\" sizes=\"auto, (max-width: 820px) 100vw, 820px\" \/><\/figure>\n\n\n\n<p><\/p>\n\n\n\n<p><\/p>\n\n\n\n<div class=\"wp-block-columns is-layout-flex wp-container-core-columns-is-layout-1 wp-block-columns-is-layout-flex\">\n<div class=\"wp-block-column is-layout-flow wp-block-column-is-layout-flow\" style=\"flex-basis:33.3%\">\n<figure class=\"wp-block-image size-full\"><img loading=\"lazy\" decoding=\"async\" width=\"576\" height=\"431\" src=\"https:\/\/www.yorku.ca\/glendon\/genial\/wp-content\/uploads\/sites\/879\/2025\/10\/Logo-Zeynab-576x1024-1.png\" alt=\"\" class=\"wp-image-5029\" srcset=\"https:\/\/www.yorku.ca\/glendon\/genial\/wp-content\/uploads\/sites\/879\/2025\/10\/Logo-Zeynab-576x1024-1.png 576w, https:\/\/www.yorku.ca\/glendon\/genial\/wp-content\/uploads\/sites\/879\/2025\/10\/Logo-Zeynab-576x1024-1-400x299.png 400w\" sizes=\"auto, (max-width: 576px) 100vw, 576px\" \/><\/figure>\n<\/div>\n\n\n\n<div class=\"wp-block-column is-layout-flow wp-block-column-is-layout-flow\" style=\"flex-basis:66.6%\">\n<h2 class=\"wp-block-heading\">\u00c0 propos de nous<\/h2>\n\n\n\n<p>Embroidery Zeynab est une entreprise qui cr\u00e9e des cadeaux et des \u0153uvres enti\u00e8rement faits \u00e0 la main et personnalis\u00e9s. Elle est \u00e9thique, artisanale et raconte une histoire.<\/p>\n<\/div>\n<\/div>\n\n\n\n<div class=\"wp-block-columns is-layout-flex wp-container-core-columns-is-layout-2 wp-block-columns-is-layout-flex\">\n<div class=\"wp-block-column is-layout-flow wp-block-column-is-layout-flow\" style=\"flex-basis:66.66%\">\n<h2 class=\"wp-block-heading\">Notre Histoire<\/h2>\n\n\n\n<p>Zeynab est une jeune \u00e9tudiante qui vivait en C\u00f4te d'Ivoire et a cr\u00e9\u00e9 cette entreprise pour le plaisir. Lorsqu'elle a constat\u00e9 que ses produits \u00e9taient appr\u00e9ci\u00e9s, elle a d\u00e9cid\u00e9 de relancer son entreprise au Canada.<\/p>\n<\/div>\n\n\n\n<div class=\"wp-block-column is-layout-flow wp-block-column-is-layout-flow\" style=\"flex-basis:33.33%\">\n<figure class=\"wp-block-image size-large\"><img loading=\"lazy\" decoding=\"async\" width=\"768\" height=\"1024\" src=\"https:\/\/www.yorku.ca\/glendon\/genial\/wp-content\/uploads\/sites\/879\/2025\/06\/Zeynab-headshot-768x1024.jpg\" alt=\"\" class=\"wp-image-4544\" srcset=\"https:\/\/www.yorku.ca\/glendon\/genial\/wp-content\/uploads\/sites\/879\/2025\/06\/Zeynab-headshot-768x1024.jpg 768w, https:\/\/www.yorku.ca\/glendon\/genial\/wp-content\/uploads\/sites\/879\/2025\/06\/Zeynab-headshot-300x400.jpg 300w, https:\/\/www.yorku.ca\/glendon\/genial\/wp-content\/uploads\/sites\/879\/2025\/06\/Zeynab-headshot-1152x1536.jpg 1152w, https:\/\/www.yorku.ca\/glendon\/genial\/wp-content\/uploads\/sites\/879\/2025\/06\/Zeynab-headshot-1536x2048.jpg 1536w, https:\/\/www.yorku.ca\/glendon\/genial\/wp-content\/uploads\/sites\/879\/2025\/06\/Zeynab-headshot.jpg 1920w\" sizes=\"auto, (max-width: 768px) 100vw, 768px\" \/><\/figure>\n<\/div>\n<\/div>\n\n\n\n<div class=\"wp-block-columns learnmore-block is-layout-flex wp-container-core-columns-is-layout-3 wp-block-columns-is-layout-flex\">\n<div class=\"wp-block-column is-vertically-aligned-top is-layout-flow wp-block-column-is-layout-flow\" style=\"flex-basis:60%\">\n<h2 class=\"wp-block-heading\">En savoir plus<\/h2>\n\n\n\n<p><\/p>\n<\/div>\n\n\n\n<div class=\"wp-block-column is-vertically-aligned-center is-layout-flow wp-block-column-is-layout-flow\">\n<div class=\"wp-block-buttons is-content-justification-center is-layout-flex wp-container-core-buttons-is-layout-1 wp-block-buttons-is-layout-flex\">\n<div class=\"wp-block-button\"><a class=\"wp-block-button__link wp-element-button\" href=\"mailto:zeynab.ayad@icloud.com\">Courriel<\/a><\/div>\n\n\n\n<div class=\"wp-block-button\"><a class=\"wp-block-button__link wp-element-button\" href=\"https:\/\/www.linkedin.com\/in\/zeinab-ayad-5270a5302?lipi=urn%3Ali%3Apage%3Ad_flagship3_profile_view_base_contact_details%3BlbgRETXJR86pfynB%2FLzZEw%3D%3D\">LinkedIn<\/a><\/div>\n<\/div>\n<\/div>\n<\/div>\n","protected":false},"excerpt":{"rendered":"<p>\u00c0 propos de nous Embroidery Zeynab est une entreprise qui cr\u00e9e des cadeaux et des \u0153uvres enti\u00e8rement faits \u00e0 la main et personnalis\u00e9s. Elle est \u00e9thique, artisanale et raconte une histoire. Notre Histoire Zeynab est une jeune \u00e9tudiante qui vivait en C\u00f4te d'Ivoire et a cr\u00e9\u00e9 cette entreprise pour le plaisir. Lorsqu'elle a constat\u00e9 que [&hellip;]<\/p>\n","protected":false},"author":2309,"featured_media":0,"parent":0,"menu_order":0,"comment_status":"closed","ping_status":"closed","template":"","meta":{"_kad_blocks_custom_css":"","_kad_blocks_head_custom_js":"","_kad_blocks_body_custom_js":"","_kad_blocks_footer_custom_js":"","_monsterinsights_skip_tracking":false,"_monsterinsights_sitenote_active":false,"_monsterinsights_sitenote_note":"","_monsterinsights_sitenote_category":0,"footnotes":""},"tags":[],"class_list":["post-4795","page","type-page","status-publish","hentry"],"yoast_head":"<!-- This site is optimized with the Yoast SEO plugin v24.0 - https:\/\/yoast.com\/wordpress\/plugins\/seo\/ -->\n<title>Embroidery Zeynab - Glendon ENtrepreneuriat et Innovation A L&#039;international (GENIAL)<\/title>\n<meta name=\"robots\" content=\"index, follow, max-snippet:-1, max-image-preview:large, max-video-preview:-1\" \/>\n<link rel=\"canonical\" href=\"https:\/\/www.yorku.ca\/glendon\/genial\/embroidery-zeynab\/?lang=fr\" \/>\n<meta property=\"og:locale\" content=\"en_US\" \/>\n<meta property=\"og:type\" content=\"article\" \/>\n<meta property=\"og:title\" content=\"Embroidery Zeynab - Glendon ENtrepreneuriat et Innovation A L&#039;international (GENIAL)\" \/>\n<meta property=\"og:description\" content=\"\u00c0 propos de nous Embroidery Zeynab est une entreprise qui cr\u00e9e des cadeaux et des \u0153uvres enti\u00e8rement faits \u00e0 la main et personnalis\u00e9s. Elle est \u00e9thique, artisanale et raconte une histoire. Notre Histoire Zeynab est une jeune \u00e9tudiante qui vivait en C\u00f4te d&#039;Ivoire et a cr\u00e9\u00e9 cette entreprise pour le plaisir. Lorsqu&#039;elle a constat\u00e9 que [&hellip;]\" \/>\n<meta property=\"og:url\" content=\"https:\/\/www.yorku.ca\/glendon\/genial\/embroidery-zeynab\/?lang=fr\" \/>\n<meta property=\"og:site_name\" content=\"Glendon ENtrepreneuriat et Innovation A L&#039;international (GENIAL)\" \/>\n<meta property=\"article:modified_time\" content=\"2025-10-10T20:36:15+00:00\" \/>\n<meta property=\"og:image\" content=\"https:\/\/www.yorku.ca\/glendon\/genial\/wp-content\/uploads\/sites\/879\/2025\/06\/Zeynab-photo.jpg\" \/>\n\t<meta property=\"og:image:width\" content=\"1440\" \/>\n\t<meta property=\"og:image:height\" content=\"1799\" \/>\n\t<meta property=\"og:image:type\" content=\"image\/jpeg\" \/>\n<meta name=\"twitter:card\" content=\"summary_large_image\" \/>\n<meta name=\"twitter:label1\" content=\"Est. reading time\" \/>\n\t<meta name=\"twitter:data1\" content=\"1 minute\" \/>\n<script type=\"application\/ld+json\" class=\"yoast-schema-graph\">{\"@context\":\"https:\/\/schema.org\",\"@graph\":[{\"@type\":\"WebPage\",\"@id\":\"https:\/\/www.yorku.ca\/glendon\/genial\/embroidery-zeynab\/?lang=fr\",\"url\":\"https:\/\/www.yorku.ca\/glendon\/genial\/embroidery-zeynab\/?lang=fr\",\"name\":\"Embroidery Zeynab - Glendon ENtrepreneuriat et Innovation A L&#039;international (GENIAL)\",\"isPartOf\":{\"@id\":\"https:\/\/www.yorku.ca\/glendon\/genial\/#website\"},\"primaryImageOfPage\":{\"@id\":\"https:\/\/www.yorku.ca\/glendon\/genial\/embroidery-zeynab\/?lang=fr#primaryimage\"},\"image\":{\"@id\":\"https:\/\/www.yorku.ca\/glendon\/genial\/embroidery-zeynab\/?lang=fr#primaryimage\"},\"thumbnailUrl\":\"https:\/\/www.yorku.ca\/glendon\/genial\/wp-content\/uploads\/sites\/879\/2025\/06\/Zeynab-photo-820x1024.jpg\",\"datePublished\":\"2025-10-02T15:30:01+00:00\",\"dateModified\":\"2025-10-10T20:36:15+00:00\",\"breadcrumb\":{\"@id\":\"https:\/\/www.yorku.ca\/glendon\/genial\/embroidery-zeynab\/?lang=fr#breadcrumb\"},\"inLanguage\":\"en-US\",\"potentialAction\":[{\"@type\":\"ReadAction\",\"target\":[\"https:\/\/www.yorku.ca\/glendon\/genial\/embroidery-zeynab\/?lang=fr\"]}]},{\"@type\":\"ImageObject\",\"inLanguage\":\"en-US\",\"@id\":\"https:\/\/www.yorku.ca\/glendon\/genial\/embroidery-zeynab\/?lang=fr#primaryimage\",\"url\":\"https:\/\/www.yorku.ca\/glendon\/genial\/wp-content\/uploads\/sites\/879\/2025\/06\/Zeynab-photo.jpg\",\"contentUrl\":\"https:\/\/www.yorku.ca\/glendon\/genial\/wp-content\/uploads\/sites\/879\/2025\/06\/Zeynab-photo.jpg\",\"width\":1440,\"height\":1799},{\"@type\":\"BreadcrumbList\",\"@id\":\"https:\/\/www.yorku.ca\/glendon\/genial\/embroidery-zeynab\/?lang=fr#breadcrumb\",\"itemListElement\":[{\"@type\":\"ListItem\",\"position\":1,\"name\":\"Home\",\"item\":\"https:\/\/www.yorku.ca\/glendon\/genial\/\"},{\"@type\":\"ListItem\",\"position\":2,\"name\":\"Embroidery Zeynab\"}]},{\"@type\":\"WebSite\",\"@id\":\"https:\/\/www.yorku.ca\/glendon\/genial\/#website\",\"url\":\"https:\/\/www.yorku.ca\/glendon\/genial\/\",\"name\":\"Glendon ENtrepreneuriat et Innovation A L&#039;international (GENIAL)\",\"description\":\"Glendon GENIAL Initiative\",\"potentialAction\":[{\"@type\":\"SearchAction\",\"target\":{\"@type\":\"EntryPoint\",\"urlTemplate\":\"https:\/\/www.yorku.ca\/glendon\/genial\/?s={search_term_string}\"},\"query-input\":{\"@type\":\"PropertyValueSpecification\",\"valueRequired\":true,\"valueName\":\"search_term_string\"}}],\"inLanguage\":\"en-US\"}]}<\/script>\n<!-- \/ Yoast SEO plugin. -->","yoast_head_json":{"title":"Embroidery Zeynab - Glendon ENtrepreneuriat et Innovation A L&#039;international (GENIAL)","robots":{"index":"index","follow":"follow","max-snippet":"max-snippet:-1","max-image-preview":"max-image-preview:large","max-video-preview":"max-video-preview:-1"},"canonical":"https:\/\/www.yorku.ca\/glendon\/genial\/embroidery-zeynab\/?lang=fr","og_locale":"en_US","og_type":"article","og_title":"Embroidery Zeynab - Glendon ENtrepreneuriat et Innovation A L&#039;international (GENIAL)","og_description":"\u00c0 propos de nous Embroidery Zeynab est une entreprise qui cr\u00e9e des cadeaux et des \u0153uvres enti\u00e8rement faits \u00e0 la main et personnalis\u00e9s. Elle est \u00e9thique, artisanale et raconte une histoire. Notre Histoire Zeynab est une jeune \u00e9tudiante qui vivait en C\u00f4te d'Ivoire et a cr\u00e9\u00e9 cette entreprise pour le plaisir. Lorsqu'elle a constat\u00e9 que [&hellip;]","og_url":"https:\/\/www.yorku.ca\/glendon\/genial\/embroidery-zeynab\/?lang=fr","og_site_name":"Glendon ENtrepreneuriat et Innovation A L&#039;international (GENIAL)","article_modified_time":"2025-10-10T20:36:15+00:00","og_image":[{"width":1440,"height":1799,"url":"https:\/\/www.yorku.ca\/glendon\/genial\/wp-content\/uploads\/sites\/879\/2025\/06\/Zeynab-photo.jpg","type":"image\/jpeg"}],"twitter_card":"summary_large_image","twitter_misc":{"Est. reading time":"1 minute"},"schema":{"@context":"https:\/\/schema.org","@graph":[{"@type":"WebPage","@id":"https:\/\/www.yorku.ca\/glendon\/genial\/embroidery-zeynab\/?lang=fr","url":"https:\/\/www.yorku.ca\/glendon\/genial\/embroidery-zeynab\/?lang=fr","name":"Embroidery Zeynab - Glendon ENtrepreneuriat et Innovation A L&#039;international (GENIAL)","isPartOf":{"@id":"https:\/\/www.yorku.ca\/glendon\/genial\/#website"},"primaryImageOfPage":{"@id":"https:\/\/www.yorku.ca\/glendon\/genial\/embroidery-zeynab\/?lang=fr#primaryimage"},"image":{"@id":"https:\/\/www.yorku.ca\/glendon\/genial\/embroidery-zeynab\/?lang=fr#primaryimage"},"thumbnailUrl":"https:\/\/www.yorku.ca\/glendon\/genial\/wp-content\/uploads\/sites\/879\/2025\/06\/Zeynab-photo-820x1024.jpg","datePublished":"2025-10-02T15:30:01+00:00","dateModified":"2025-10-10T20:36:15+00:00","breadcrumb":{"@id":"https:\/\/www.yorku.ca\/glendon\/genial\/embroidery-zeynab\/?lang=fr#breadcrumb"},"inLanguage":"en-US","potentialAction":[{"@type":"ReadAction","target":["https:\/\/www.yorku.ca\/glendon\/genial\/embroidery-zeynab\/?lang=fr"]}]},{"@type":"ImageObject","inLanguage":"en-US","@id":"https:\/\/www.yorku.ca\/glendon\/genial\/embroidery-zeynab\/?lang=fr#primaryimage","url":"https:\/\/www.yorku.ca\/glendon\/genial\/wp-content\/uploads\/sites\/879\/2025\/06\/Zeynab-photo.jpg","contentUrl":"https:\/\/www.yorku.ca\/glendon\/genial\/wp-content\/uploads\/sites\/879\/2025\/06\/Zeynab-photo.jpg","width":1440,"height":1799},{"@type":"BreadcrumbList","@id":"https:\/\/www.yorku.ca\/glendon\/genial\/embroidery-zeynab\/?lang=fr#breadcrumb","itemListElement":[{"@type":"ListItem","position":1,"name":"Home","item":"https:\/\/www.yorku.ca\/glendon\/genial\/"},{"@type":"ListItem","position":2,"name":"Embroidery Zeynab"}]},{"@type":"WebSite","@id":"https:\/\/www.yorku.ca\/glendon\/genial\/#website","url":"https:\/\/www.yorku.ca\/glendon\/genial\/","name":"Glendon ENtrepreneuriat et Innovation A L&#039;international (GENIAL)","description":"Glendon GENIAL Initiative","potentialAction":[{"@type":"SearchAction","target":{"@type":"EntryPoint","urlTemplate":"https:\/\/www.yorku.ca\/glendon\/genial\/?s={search_term_string}"},"query-input":{"@type":"PropertyValueSpecification","valueRequired":true,"valueName":"search_term_string"}}],"inLanguage":"en-US"}]}},"taxonomy_info":[],"featured_image_src_large":false,"author_info":{"display_name":"josiehu","author_link":"https:\/\/www.yorku.ca\/glendon\/genial\/author\/josiehu\/"},"comment_info":0,"_links":{"self":[{"href":"https:\/\/www.yorku.ca\/glendon\/genial\/wp-json\/wp\/v2\/pages\/4795","targetHints":{"allow":["GET"]}}],"collection":[{"href":"https:\/\/www.yorku.ca\/glendon\/genial\/wp-json\/wp\/v2\/pages"}],"about":[{"href":"https:\/\/www.yorku.ca\/glendon\/genial\/wp-json\/wp\/v2\/types\/page"}],"author":[{"embeddable":true,"href":"https:\/\/www.yorku.ca\/glendon\/genial\/wp-json\/wp\/v2\/users\/2309"}],"replies":[{"embeddable":true,"href":"https:\/\/www.yorku.ca\/glendon\/genial\/wp-json\/wp\/v2\/comments?post=4795"}],"version-history":[{"count":5,"href":"https:\/\/www.yorku.ca\/glendon\/genial\/wp-json\/wp\/v2\/pages\/4795\/revisions"}],"predecessor-version":[{"id":5077,"href":"https:\/\/www.yorku.ca\/glendon\/genial\/wp-json\/wp\/v2\/pages\/4795\/revisions\/5077"}],"wp:attachment":[{"href":"https:\/\/www.yorku.ca\/glendon\/genial\/wp-json\/wp\/v2\/media?parent=4795"}],"wp:term":[{"taxonomy":"post_tag","embeddable":true,"href":"https:\/\/www.yorku.ca\/glendon\/genial\/wp-json\/wp\/v2\/tags?post=4795"}],"curies":[{"name":"wp","href":"https:\/\/api.w.org\/{rel}","templated":true}]}}