  {"id":4777,"date":"2025-09-16T15:35:55","date_gmt":"2025-09-16T19:35:55","guid":{"rendered":"https:\/\/www.yorku.ca\/glendon\/genial\/directions\/"},"modified":"2025-11-10T15:06:50","modified_gmt":"2025-11-10T20:06:50","slug":"directions","status":"publish","type":"page","link":"https:\/\/www.yorku.ca\/glendon\/genial\/directions\/?lang=fr","title":{"rendered":"Lieu d'\u00e9v\u00e9nement GENIAL"},"content":{"rendered":"\n<p>Nous avons le plaisir de vous accueillir au Campus Glendon de l'Universit\u00e9 York, le <strong>2 octobre de 17h30 \u00e0 20h30<\/strong> pour notre <strong>Comp\u00e9tition d\u2019entrepreneuriat \u00e9tudiant 2025<\/strong>.<\/p>\n\n\n\n<div class=\"wp-block-columns is-layout-flex wp-container-core-columns-is-layout-1 wp-block-columns-is-layout-flex\">\n<div class=\"wp-block-column is-layout-flow wp-block-column-is-layout-flow\" style=\"flex-basis:66.66%\">\n<h2 class=\"wp-block-heading\">Lieu de l'\u00e9v\u00e9nement<\/h2>\n\n\n\n<p class=\"has-vivid-red-color has-text-color has-link-color wp-elements-84b3d95ab4a62073550b1166d3c218a4\"><i class=\"fas fa-map-marker\"><\/i> <strong>Centre d\u2019Excellence<\/strong> - 2275 Bayview Avenue, Toronto, ON M4N 3M6<\/p>\n<\/div>\n\n\n\n<div class=\"wp-block-column is-layout-flow wp-block-column-is-layout-flow\" style=\"flex-basis:33.33%\">\n<h2 class=\"wp-block-heading text-uppercase h5\">Liens rapides<\/h2>\n\n\n\n<ul class=\"wp-block-list list-unstyled\">\n<li><a href=\"https:\/\/www.yorku.ca\/glendon\/genial\/2025-student-entrepreneurship-competition\/?lang=fr\" target=\"_blank\" rel=\"noreferrer noopener\">D\u00e9roul\u00e9 de l\u2019\u00e9v\u00e9nement<\/a><\/li>\n\n\n\n<li><a href=\"https:\/\/www.yorku.ca\/glendon\/genial\/contactez-nous\/?lang=fr\" target=\"_blank\" rel=\"noreferrer noopener\">Contactez-nous<\/a><\/li>\n<\/ul>\n<\/div>\n<\/div>\n\n\n\n<figure class=\"wp-block-image aligncenter size-large is-resized\"><img loading=\"lazy\" decoding=\"async\" width=\"1024\" height=\"683\" src=\"https:\/\/www.yorku.ca\/glendon\/genial\/wp-content\/uploads\/sites\/879\/2025\/07\/glendon_center_exterior3-1024x683.jpeg\" alt=\"\" class=\"wp-image-4597\" style=\"width:688px;height:auto\" srcset=\"https:\/\/www.yorku.ca\/glendon\/genial\/wp-content\/uploads\/sites\/879\/2025\/07\/glendon_center_exterior3-1024x683.jpeg 1024w, https:\/\/www.yorku.ca\/glendon\/genial\/wp-content\/uploads\/sites\/879\/2025\/07\/glendon_center_exterior3-400x267.jpeg 400w, https:\/\/www.yorku.ca\/glendon\/genial\/wp-content\/uploads\/sites\/879\/2025\/07\/glendon_center_exterior3-391x260.jpeg 391w, https:\/\/www.yorku.ca\/glendon\/genial\/wp-content\/uploads\/sites\/879\/2025\/07\/glendon_center_exterior3-1536x1024.jpeg 1536w, https:\/\/www.yorku.ca\/glendon\/genial\/wp-content\/uploads\/sites\/879\/2025\/07\/glendon_center_exterior3.jpeg 1728w\" sizes=\"auto, (max-width: 1024px) 100vw, 1024px\" \/><figcaption class=\"wp-element-caption\">Ce b\u00e2timent en verre est le premier b\u00e2timent que vous voyez \u00e0 l'entr\u00e9e du campus lorsque vous arrivez \u00e0 partir de Lawrence et Bayview.<\/figcaption><\/figure>\n\n\n\n<h3 class=\"wp-block-heading\">Pour ceux qui conduisent<\/h3>\n\n\n\n<div class=\"wp-block-columns is-layout-flex wp-container-core-columns-is-layout-2 wp-block-columns-is-layout-flex\">\n<div class=\"wp-block-column is-layout-flow wp-block-column-is-layout-flow\" style=\"flex-basis:66.66%\">\n<figure class=\"wp-block-image size-large\"><img loading=\"lazy\" decoding=\"async\" width=\"1024\" height=\"562\" src=\"https:\/\/www.yorku.ca\/glendon\/genial\/wp-content\/uploads\/sites\/879\/2025\/07\/Capture1-1024x562.png\" alt=\"\" class=\"wp-image-4619\" srcset=\"https:\/\/www.yorku.ca\/glendon\/genial\/wp-content\/uploads\/sites\/879\/2025\/07\/Capture1-1024x562.png 1024w, https:\/\/www.yorku.ca\/glendon\/genial\/wp-content\/uploads\/sites\/879\/2025\/07\/Capture1-400x220.png 400w, https:\/\/www.yorku.ca\/glendon\/genial\/wp-content\/uploads\/sites\/879\/2025\/07\/Capture1.png 1421w\" sizes=\"auto, (max-width: 1024px) 100vw, 1024px\" \/><figcaption class=\"wp-element-caption\">Stationnement principal du lieu de l'\u00e9v\u00e9nement<\/figcaption><\/figure>\n<\/div>\n\n\n\n<div class=\"wp-block-column is-layout-flow wp-block-column-is-layout-flow\" style=\"flex-basis:33.33%\">\n<div style=\"height:45px\" aria-hidden=\"true\" class=\"wp-block-spacer\"><\/div>\n\n\n\n<p>Vous trouverez <strong>le stationnement principal<\/strong> <strong>(Aire de stationnement F)<\/strong> de Glendon au Centre athl\u00e9tique de Glendon (GAC). Il y a une petite passerelle avec une s\u00e9rie d'escaliers en mont\u00e9e.<\/p>\n<\/div>\n<\/div>\n\n\n\n<div class=\"wp-block-columns is-layout-flex wp-container-core-columns-is-layout-3 wp-block-columns-is-layout-flex\">\n<div class=\"wp-block-column is-layout-flow wp-block-column-is-layout-flow\" style=\"flex-basis:66.66%\">\n<div style=\"height:45px\" aria-hidden=\"true\" class=\"wp-block-spacer\"><\/div>\n\n\n\n<p>Si vous avez des besoins en mati\u00e8re d'accessibilit\u00e9, veuillez arriver un peu plus t\u00f4t pour acc\u00e9der au stationnement plus petit (Aire de stationnement A) situ\u00e9 pr\u00e8s de l'entr\u00e9e principale du b\u00e2timent o\u00f9 aura lieu l\u2019\u00e9v\u00e9nement (pour acc\u00e9der \u00e0 ce stationnement : entrez dans le campus Glendon et tournez \u00e0 droite).<\/p>\n<\/div>\n\n\n\n<div class=\"wp-block-column is-layout-flow wp-block-column-is-layout-flow\" style=\"flex-basis:33.33%\">\n<figure class=\"wp-block-image size-full\"><img loading=\"lazy\" decoding=\"async\" width=\"599\" height=\"456\" src=\"https:\/\/www.yorku.ca\/glendon\/genial\/wp-content\/uploads\/sites\/879\/2025\/07\/Capture.png\" alt=\"\" class=\"wp-image-4613\" srcset=\"https:\/\/www.yorku.ca\/glendon\/genial\/wp-content\/uploads\/sites\/879\/2025\/07\/Capture.png 599w, https:\/\/www.yorku.ca\/glendon\/genial\/wp-content\/uploads\/sites\/879\/2025\/07\/Capture-400x305.png 400w\" sizes=\"auto, (max-width: 599px) 100vw, 599px\" \/><\/figure>\n<\/div>\n<\/div>\n\n\n\n<p>Veuillez noter que <strong>le stationnement est payant. <\/strong>Pour payer, il suffit de t\u00e9l\u00e9charger l\u2019application Honk <strong>OU<\/strong> de scanner le code QR que vous trouverez sur les panneaux sur place. Pour plus de renseignements, veuillez voir ci-dessous :<\/p>\n\n\n\n<details class=\"wp-block-details is-layout-flow wp-block-details-is-layout-flow\"><summary><strong>HONK MOBILE APP<\/strong> - <strong>Instructions pour effectuer le paiement<\/strong><br><\/summary>\n<p class=\"has-text-align-left\"><a href=\"https:\/\/honktap-help.honkmobile.com\/\" target=\"_blank\" rel=\"noreferrer noopener\">Honk Help<\/a><\/p>\n<\/details>\n\n\n\n<details class=\"wp-block-details is-layout-flow wp-block-details-is-layout-flow\"><summary><strong>HONK MOBILE APP<\/strong> - <strong>Instructions pour les invit\u00e9s munis d'un code promotionnel<\/strong><br><\/summary>\n<p>1.&nbsp;&nbsp; Download the Honk App from your device\u2019s App Store or Goggle Play&nbsp;&nbsp;&nbsp;<\/p>\n\n\n\n<p>2.&nbsp;&nbsp; Set up your account&nbsp;&nbsp;&nbsp;&nbsp;<\/p>\n\n\n\n<p>When you arrive at <strong>Glendon campus<\/strong> you will open the App and follow these instructions:&nbsp;&nbsp;&nbsp;<\/p>\n\n\n\n<p>1.&nbsp;&nbsp; Choose your location\/zone:&nbsp; <strong>Upper Lot (A and B) Zone #7721&nbsp;&nbsp;<\/strong>OR <strong>Lower Lot (F and G) Zone #7722&nbsp;&nbsp;<\/strong>&nbsp;<\/p>\n\n\n\n<p>2.&nbsp;&nbsp; Select the amount of time for your stay (hint: it\u2019s safest to select the daily max)&nbsp;&nbsp;&nbsp;<\/p>\n\n\n\n<p>3.&nbsp;&nbsp; Follow the prompts to login or sign up for a HONK account - you will need <strong>an email address, mobile phone number and your license plate.<\/strong> You will not require a payment method <strong>if you have a promo code<\/strong>, as your&nbsp;promo code provides you with complimentary parking&nbsp;&nbsp;&nbsp;<\/p>\n\n\n\n<p>4.&nbsp;&nbsp; Once you are logged in, you will be directed back to the <em>checkout page<\/em> for the time and date you had selected - please ensure that your license plate number is correct.&nbsp;&nbsp;&nbsp;&nbsp;<\/p>\n\n\n\n<p>5.&nbsp;&nbsp; In order to receive complimentary parking, click <strong>Add Promo <\/strong>and enter your promo code.<strong> <\/strong>Click&nbsp;Apply.&nbsp;&nbsp;&nbsp;&nbsp;<\/p>\n\n\n\n<p>6.&nbsp;&nbsp; Click \u2018Park for Free\u2019 and you\u2019re all set!&nbsp;&nbsp;&nbsp;<\/p>\n\n\n\n<p>7.&nbsp;&nbsp; You will receive an email receipt within minutes of your purchase, and your parking session&nbsp;details can always be found in the menu under \u2018sessions\u2019 and \u2018receipts\u2019<\/p>\n<\/details>\n\n\n\n<div style=\"height:43px\" aria-hidden=\"true\" class=\"wp-block-spacer\"><\/div>\n\n\n\n<h3 class=\"wp-block-heading\">Pour ceux qui prennent les transports<\/h3>\n\n\n\n<p>De la station de m\u00e9tro Lawrence, en raison de travaux de construction, veuillez <strong>marcher vers le sud pendant environ 5 minutes<\/strong> jusqu'\u00e0 atteindre l'intersection de Yonge et Lawrence. Ensuite, prenez le bus 124 en direction de Sunnybrook ou le bus 162 Lawrence-Donway en direction Don Mills, puis descendez \u00e0 Lawrence et Bayview \u00e0 l\u2019arr\u00eat Toronto French School Glendon Campus ¿ì²¥ÊÓÆµ.<\/p>\n\n\n\n<div style=\"height:30px\" aria-hidden=\"true\" class=\"wp-block-spacer\"><\/div>\n\n\n\n<h3 class=\"wp-block-heading\">Besoin d'aide<\/h3>\n\n\n\n<p>Pour toute information compl\u00e9mentaire, veuillez contacter nous \u00e0 <a href=\"mailto:carmeli@yorku.ca\">genial@glendon.yorku.ca<\/a>.<\/p>\n\n\n\n<div style=\"height:100px\" aria-hidden=\"true\" class=\"wp-block-spacer\"><\/div>\n\n\n\n<p><\/p>\n\n\n\n<div class=\"wp-block-columns learnmore-block is-layout-flex wp-container-core-columns-is-layout-4 wp-block-columns-is-layout-flex\">\n<div class=\"wp-block-column is-vertically-aligned-top is-layout-flow wp-block-column-is-layout-flow\" style=\"flex-basis:60%\">\n<p><\/p>\n\n\n\n<h2 class=\"wp-block-heading\">D\u00e9couvrez notre offre selon votre profil<\/h2>\n\n\n\n<p>Cliquez sur les boutons respectifs ou contactez-nous avec vos questions.<\/p>\n<\/div>\n\n\n\n<div class=\"wp-block-column is-vertically-aligned-center is-layout-flow wp-block-column-is-layout-flow\">\n<div class=\"wp-block-buttons is-horizontal is-content-justification-center is-layout-flex wp-container-core-buttons-is-layout-1 wp-block-buttons-is-layout-flex\">\n<div class=\"wp-block-button\"><a class=\"wp-block-button__link wp-element-button\" href=\"https:\/\/forms.office.com\/Pages\/ResponsePage.aspx?id=GBNTNBFw1E-H8KQ4FsSb0Mj79mjHJqRLqSLw-kkQtdJUMU1LT1g4Q1cxQzlLUVVaOVRMSzY4WEExVC4u\" target=\"_blank\" rel=\"noreferrer noopener\">Etudiants<\/a><\/div>\n\n\n\n<div class=\"wp-block-button\"><a class=\"wp-block-button__link wp-element-button\" href=\"https:\/\/forms.office.com\/Pages\/ResponsePage.aspx?id=GBNTNBFw1E-H8KQ4FsSb0Mj79mjHJqRLqSLw-kkQtdJUQzhTMlVZQVpRS0lHN1g1UkpLWElPMFpWQi4u\" target=\"_blank\" rel=\"noreferrer noopener\">Professionnels<\/a><\/div>\n\n\n\n<div class=\"wp-block-button\"><a class=\"wp-block-button__link wp-element-button\" href=\"https:\/\/forms.office.com\/pages\/responsepage.aspx?id=GBNTNBFw1E-H8KQ4FsSb0Mj79mjHJqRLqSLw-kkQtdJUQVFEU0RHREUyTjNUSlJJVktTUFNIMFA4MC4u\" target=\"_blank\" rel=\"noreferrer noopener\">Partenaires<\/a><\/div>\n\n\n\n<div class=\"wp-block-button\"><a class=\"wp-block-button__link wp-element-button\" href=\"https:\/\/www.yorku.ca\/glendon\/genial\/genial-newsletter\/?lang=fr\" target=\"_blank\" rel=\"noreferrer noopener\">Infolettre<\/a><\/div>\n\n\n\n<div class=\"wp-block-button\"><a class=\"wp-block-button__link wp-element-button\" href=\"https:\/\/forms.office.com\/r\/7yndf6U0Y7\" target=\"_blank\" rel=\"noreferrer noopener\">Contactez-nous<\/a><\/div>\n<\/div>\n<\/div>\n<\/div>\n\n\n\n<div class=\"wp-block-group is-layout-flow wp-block-group-is-layout-flow\">\n<div class=\"wp-block-columns social-bar-block is-layout-flex wp-container-core-columns-is-layout-5 wp-block-columns-is-layout-flex\">\n<div class=\"wp-block-column is-layout-flow wp-block-column-is-layout-flow\">\n<h2 class=\"wp-block-heading h6 text-white text-center\">Connect with GENIAL<\/h2>\n<\/div>\n\n\n\n<div class=\"wp-block-column is-layout-flow wp-block-column-is-layout-flow\">\n<ul class=\"wp-block-social-links aligncenter my-2 is-style-default is-layout-flex wp-block-social-links-is-layout-flex\"><li class=\"wp-social-link wp-social-link-instagram  wp-block-social-link\"><a href=\"https:\/\/www.instagram.com\/glendongenial\/\" class=\"wp-block-social-link-anchor\"><svg width=\"24\" height=\"24\" viewBox=\"0 0 24 24\" version=\"1.1\" xmlns=\"http:\/\/www.w3.org\/2000\/svg\" aria-hidden=\"true\" focusable=\"false\"><path d=\"M12,4.622c2.403,0,2.688,0.009,3.637,0.052c0.877,0.04,1.354,0.187,1.671,0.31c0.42,0.163,0.72,0.358,1.035,0.673 c0.315,0.315,0.51,0.615,0.673,1.035c0.123,0.317,0.27,0.794,0.31,1.671c0.043,0.949,0.052,1.234,0.052,3.637 s-0.009,2.688-0.052,3.637c-0.04,0.877-0.187,1.354-0.31,1.671c-0.163,0.42-0.358,0.72-0.673,1.035 c-0.315,0.315-0.615,0.51-1.035,0.673c-0.317,0.123-0.794,0.27-1.671,0.31c-0.949,0.043-1.233,0.052-3.637,0.052 s-2.688-0.009-3.637-0.052c-0.877-0.04-1.354-0.187-1.671-0.31c-0.42-0.163-0.72-0.358-1.035-0.673 c-0.315-0.315-0.51-0.615-0.673-1.035c-0.123-0.317-0.27-0.794-0.31-1.671C4.631,14.688,4.622,14.403,4.622,12 s0.009-2.688,0.052-3.637c0.04-0.877,0.187-1.354,0.31-1.671c0.163-0.42,0.358-0.72,0.673-1.035 c0.315-0.315,0.615-0.51,1.035-0.673c0.317-0.123,0.794-0.27,1.671-0.31C9.312,4.631,9.597,4.622,12,4.622 M12,3 C9.556,3,9.249,3.01,8.289,3.054C7.331,3.098,6.677,3.25,6.105,3.472C5.513,3.702,5.011,4.01,4.511,4.511 c-0.5,0.5-0.808,1.002-1.038,1.594C3.25,6.677,3.098,7.331,3.054,8.289C3.01,9.249,3,9.556,3,12c0,2.444,0.01,2.751,0.054,3.711 c0.044,0.958,0.196,1.612,0.418,2.185c0.23,0.592,0.538,1.094,1.038,1.594c0.5,0.5,1.002,0.808,1.594,1.038 c0.572,0.222,1.227,0.375,2.185,0.418C9.249,20.99,9.556,21,12,21s2.751-0.01,3.711-0.054c0.958-0.044,1.612-0.196,2.185-0.418 c0.592-0.23,1.094-0.538,1.594-1.038c0.5-0.5,0.808-1.002,1.038-1.594c0.222-0.572,0.375-1.227,0.418-2.185 C20.99,14.751,21,14.444,21,12s-0.01-2.751-0.054-3.711c-0.044-0.958-0.196-1.612-0.418-2.185c-0.23-0.592-0.538-1.094-1.038-1.594 c-0.5-0.5-1.002-0.808-1.594-1.038c-0.572-0.222-1.227-0.375-2.185-0.418C14.751,3.01,14.444,3,12,3L12,3z M12,7.378 c-2.552,0-4.622,2.069-4.622,4.622S9.448,16.622,12,16.622s4.622-2.069,4.622-4.622S14.552,7.378,12,7.378z M12,15 c-1.657,0-3-1.343-3-3s1.343-3,3-3s3,1.343,3,3S13.657,15,12,15z M16.804,6.116c-0.596,0-1.08,0.484-1.08,1.08 s0.484,1.08,1.08,1.08c0.596,0,1.08-0.484,1.08-1.08S17.401,6.116,16.804,6.116z\"><\/path><\/svg><span class=\"wp-block-social-link-label screen-reader-text\">Instagram<\/span><\/a><\/li>\n\n<li class=\"wp-social-link wp-social-link-linkedin  wp-block-social-link\"><a href=\"https:\/\/www.linkedin.com\/company\/glendon-genial\/\" class=\"wp-block-social-link-anchor\"><svg width=\"24\" height=\"24\" viewBox=\"0 0 24 24\" version=\"1.1\" xmlns=\"http:\/\/www.w3.org\/2000\/svg\" aria-hidden=\"true\" focusable=\"false\"><path d=\"M19.7,3H4.3C3.582,3,3,3.582,3,4.3v15.4C3,20.418,3.582,21,4.3,21h15.4c0.718,0,1.3-0.582,1.3-1.3V4.3 C21,3.582,20.418,3,19.7,3z M8.339,18.338H5.667v-8.59h2.672V18.338z M7.004,8.574c-0.857,0-1.549-0.694-1.549-1.548 c0-0.855,0.691-1.548,1.549-1.548c0.854,0,1.547,0.694,1.547,1.548C8.551,7.881,7.858,8.574,7.004,8.574z M18.339,18.338h-2.669 v-4.177c0-0.996-0.017-2.278-1.387-2.278c-1.389,0-1.601,1.086-1.601,2.206v4.249h-2.667v-8.59h2.559v1.174h0.037 c0.356-0.675,1.227-1.387,2.526-1.387c2.703,0,3.203,1.779,3.203,4.092V18.338z\"><\/path><\/svg><span class=\"wp-block-social-link-label screen-reader-text\">LinkedIn<\/span><\/a><\/li>\n\n<li class=\"wp-social-link wp-social-link-twitter  wp-block-social-link\"><a href=\"https:\/\/x.com\/glendongenial?lang=en&#038;mx=2\" class=\"wp-block-social-link-anchor\"><svg width=\"24\" height=\"24\" viewBox=\"0 0 24 24\" version=\"1.1\" xmlns=\"http:\/\/www.w3.org\/2000\/svg\" aria-hidden=\"true\" focusable=\"false\"><path d=\"M22.23,5.924c-0.736,0.326-1.527,0.547-2.357,0.646c0.847-0.508,1.498-1.312,1.804-2.27 c-0.793,0.47-1.671,0.812-2.606,0.996C18.324,4.498,17.257,4,16.077,4c-2.266,0-4.103,1.837-4.103,4.103 c0,0.322,0.036,0.635,0.106,0.935C8.67,8.867,5.647,7.234,3.623,4.751C3.27,5.357,3.067,6.062,3.067,6.814 c0,1.424,0.724,2.679,1.825,3.415c-0.673-0.021-1.305-0.206-1.859-0.513c0,0.017,0,0.034,0,0.052c0,1.988,1.414,3.647,3.292,4.023 c-0.344,0.094-0.707,0.144-1.081,0.144c-0.264,0-0.521-0.026-0.772-0.074c0.522,1.63,2.038,2.816,3.833,2.85 c-1.404,1.1-3.174,1.756-5.096,1.756c-0.331,0-0.658-0.019-0.979-0.057c1.816,1.164,3.973,1.843,6.29,1.843 c7.547,0,11.675-6.252,11.675-11.675c0-0.178-0.004-0.355-0.012-0.531C20.985,7.47,21.68,6.747,22.23,5.924z\"><\/path><\/svg><span class=\"wp-block-social-link-label screen-reader-text\">Twitter<\/span><\/a><\/li><\/ul>\n<\/div>\n<\/div>\n<\/div>\n\n\n\n<p><\/p>\n\n\n\n<p><\/p>\n","protected":false},"excerpt":{"rendered":"<p>Nous avons le plaisir de vous accueillir au Campus Glendon de l'Universit\u00e9 York, le 2 octobre de 17h30 \u00e0 20h30 pour notre Comp\u00e9tition d\u2019entrepreneuriat \u00e9tudiant 2025. Lieu de l'\u00e9v\u00e9nement Centre d\u2019Excellence - 2275 Bayview Avenue, Toronto, ON M4N 3M6 Liens rapides Pour ceux qui conduisent Vous trouverez le stationnement principal (Aire de stationnement F) de [&hellip;]<\/p>\n","protected":false},"author":2309,"featured_media":0,"parent":0,"menu_order":0,"comment_status":"closed","ping_status":"closed","template":"","meta":{"_kad_blocks_custom_css":"","_kad_blocks_head_custom_js":"","_kad_blocks_body_custom_js":"","_kad_blocks_footer_custom_js":"","_monsterinsights_skip_tracking":false,"_monsterinsights_sitenote_active":false,"_monsterinsights_sitenote_note":"","_monsterinsights_sitenote_category":0,"footnotes":""},"tags":[],"class_list":["post-4777","page","type-page","status-publish","hentry"],"yoast_head":"<!-- This site is optimized with the Yoast SEO plugin v24.0 - https:\/\/yoast.com\/wordpress\/plugins\/seo\/ -->\n<title>Lieu d&#039;\u00e9v\u00e9nement GENIAL - Glendon ENtrepreneuriat et Innovation A L&#039;international (GENIAL)<\/title>\n<meta name=\"robots\" content=\"index, follow, max-snippet:-1, max-image-preview:large, max-video-preview:-1\" \/>\n<link rel=\"canonical\" href=\"https:\/\/www.yorku.ca\/glendon\/genial\/directions\/?lang=fr\" \/>\n<meta property=\"og:locale\" content=\"en_US\" \/>\n<meta property=\"og:type\" content=\"article\" \/>\n<meta property=\"og:title\" content=\"Lieu d&#039;\u00e9v\u00e9nement GENIAL - Glendon ENtrepreneuriat et Innovation A L&#039;international (GENIAL)\" \/>\n<meta property=\"og:description\" content=\"Nous avons le plaisir de vous accueillir au Campus Glendon de l&#039;Universit\u00e9 York, le 2 octobre de 17h30 \u00e0 20h30 pour notre Comp\u00e9tition d\u2019entrepreneuriat \u00e9tudiant 2025. Lieu de l&#039;\u00e9v\u00e9nement Centre d\u2019Excellence - 2275 Bayview Avenue, Toronto, ON M4N 3M6 Liens rapides Pour ceux qui conduisent Vous trouverez le stationnement principal (Aire de stationnement F) de [&hellip;]\" \/>\n<meta property=\"og:url\" content=\"https:\/\/www.yorku.ca\/glendon\/genial\/directions\/?lang=fr\" \/>\n<meta property=\"og:site_name\" content=\"Glendon ENtrepreneuriat et Innovation A L&#039;international (GENIAL)\" \/>\n<meta property=\"article:modified_time\" content=\"2025-11-10T20:06:50+00:00\" \/>\n<meta property=\"og:image\" content=\"https:\/\/www.yorku.ca\/glendon\/genial\/wp-content\/uploads\/sites\/879\/2025\/07\/glendon_center_exterior3.jpeg\" \/>\n\t<meta property=\"og:image:width\" content=\"1728\" \/>\n\t<meta property=\"og:image:height\" content=\"1152\" \/>\n\t<meta property=\"og:image:type\" content=\"image\/jpeg\" \/>\n<meta name=\"twitter:card\" content=\"summary_large_image\" \/>\n<meta name=\"twitter:label1\" content=\"Est. reading time\" \/>\n\t<meta name=\"twitter:data1\" content=\"3 minutes\" \/>\n<script type=\"application\/ld+json\" class=\"yoast-schema-graph\">{\"@context\":\"https:\/\/schema.org\",\"@graph\":[{\"@type\":\"WebPage\",\"@id\":\"https:\/\/www.yorku.ca\/glendon\/genial\/directions\/?lang=fr\",\"url\":\"https:\/\/www.yorku.ca\/glendon\/genial\/directions\/?lang=fr\",\"name\":\"Lieu d'\u00e9v\u00e9nement GENIAL - Glendon ENtrepreneuriat et Innovation A L&#039;international (GENIAL)\",\"isPartOf\":{\"@id\":\"https:\/\/www.yorku.ca\/glendon\/genial\/#website\"},\"primaryImageOfPage\":{\"@id\":\"https:\/\/www.yorku.ca\/glendon\/genial\/directions\/?lang=fr#primaryimage\"},\"image\":{\"@id\":\"https:\/\/www.yorku.ca\/glendon\/genial\/directions\/?lang=fr#primaryimage\"},\"thumbnailUrl\":\"https:\/\/www.yorku.ca\/glendon\/genial\/wp-content\/uploads\/sites\/879\/2025\/07\/glendon_center_exterior3-1024x683.jpeg\",\"datePublished\":\"2025-09-16T19:35:55+00:00\",\"dateModified\":\"2025-11-10T20:06:50+00:00\",\"breadcrumb\":{\"@id\":\"https:\/\/www.yorku.ca\/glendon\/genial\/directions\/?lang=fr#breadcrumb\"},\"inLanguage\":\"en-US\",\"potentialAction\":[{\"@type\":\"ReadAction\",\"target\":[\"https:\/\/www.yorku.ca\/glendon\/genial\/directions\/?lang=fr\"]}]},{\"@type\":\"ImageObject\",\"inLanguage\":\"en-US\",\"@id\":\"https:\/\/www.yorku.ca\/glendon\/genial\/directions\/?lang=fr#primaryimage\",\"url\":\"https:\/\/www.yorku.ca\/glendon\/genial\/wp-content\/uploads\/sites\/879\/2025\/07\/glendon_center_exterior3.jpeg\",\"contentUrl\":\"https:\/\/www.yorku.ca\/glendon\/genial\/wp-content\/uploads\/sites\/879\/2025\/07\/glendon_center_exterior3.jpeg\",\"width\":1728,\"height\":1152,\"caption\":\"glendon_center_exterior\"},{\"@type\":\"BreadcrumbList\",\"@id\":\"https:\/\/www.yorku.ca\/glendon\/genial\/directions\/?lang=fr#breadcrumb\",\"itemListElement\":[{\"@type\":\"ListItem\",\"position\":1,\"name\":\"Home\",\"item\":\"https:\/\/www.yorku.ca\/glendon\/genial\/\"},{\"@type\":\"ListItem\",\"position\":2,\"name\":\"Lieu d'\u00e9v\u00e9nement GENIAL\"}]},{\"@type\":\"WebSite\",\"@id\":\"https:\/\/www.yorku.ca\/glendon\/genial\/#website\",\"url\":\"https:\/\/www.yorku.ca\/glendon\/genial\/\",\"name\":\"Glendon ENtrepreneuriat et Innovation A L&#039;international (GENIAL)\",\"description\":\"Glendon GENIAL Initiative\",\"potentialAction\":[{\"@type\":\"SearchAction\",\"target\":{\"@type\":\"EntryPoint\",\"urlTemplate\":\"https:\/\/www.yorku.ca\/glendon\/genial\/?s={search_term_string}\"},\"query-input\":{\"@type\":\"PropertyValueSpecification\",\"valueRequired\":true,\"valueName\":\"search_term_string\"}}],\"inLanguage\":\"en-US\"}]}<\/script>\n<!-- \/ Yoast SEO plugin. -->","yoast_head_json":{"title":"Lieu d'\u00e9v\u00e9nement GENIAL - Glendon ENtrepreneuriat et Innovation A L&#039;international (GENIAL)","robots":{"index":"index","follow":"follow","max-snippet":"max-snippet:-1","max-image-preview":"max-image-preview:large","max-video-preview":"max-video-preview:-1"},"canonical":"https:\/\/www.yorku.ca\/glendon\/genial\/directions\/?lang=fr","og_locale":"en_US","og_type":"article","og_title":"Lieu d'\u00e9v\u00e9nement GENIAL - Glendon ENtrepreneuriat et Innovation A L&#039;international (GENIAL)","og_description":"Nous avons le plaisir de vous accueillir au Campus Glendon de l'Universit\u00e9 York, le 2 octobre de 17h30 \u00e0 20h30 pour notre Comp\u00e9tition d\u2019entrepreneuriat \u00e9tudiant 2025. Lieu de l'\u00e9v\u00e9nement Centre d\u2019Excellence - 2275 Bayview Avenue, Toronto, ON M4N 3M6 Liens rapides Pour ceux qui conduisent Vous trouverez le stationnement principal (Aire de stationnement F) de [&hellip;]","og_url":"https:\/\/www.yorku.ca\/glendon\/genial\/directions\/?lang=fr","og_site_name":"Glendon ENtrepreneuriat et Innovation A L&#039;international (GENIAL)","article_modified_time":"2025-11-10T20:06:50+00:00","og_image":[{"width":1728,"height":1152,"url":"https:\/\/www.yorku.ca\/glendon\/genial\/wp-content\/uploads\/sites\/879\/2025\/07\/glendon_center_exterior3.jpeg","type":"image\/jpeg"}],"twitter_card":"summary_large_image","twitter_misc":{"Est. reading time":"3 minutes"},"schema":{"@context":"https:\/\/schema.org","@graph":[{"@type":"WebPage","@id":"https:\/\/www.yorku.ca\/glendon\/genial\/directions\/?lang=fr","url":"https:\/\/www.yorku.ca\/glendon\/genial\/directions\/?lang=fr","name":"Lieu d'\u00e9v\u00e9nement GENIAL - Glendon ENtrepreneuriat et Innovation A L&#039;international (GENIAL)","isPartOf":{"@id":"https:\/\/www.yorku.ca\/glendon\/genial\/#website"},"primaryImageOfPage":{"@id":"https:\/\/www.yorku.ca\/glendon\/genial\/directions\/?lang=fr#primaryimage"},"image":{"@id":"https:\/\/www.yorku.ca\/glendon\/genial\/directions\/?lang=fr#primaryimage"},"thumbnailUrl":"https:\/\/www.yorku.ca\/glendon\/genial\/wp-content\/uploads\/sites\/879\/2025\/07\/glendon_center_exterior3-1024x683.jpeg","datePublished":"2025-09-16T19:35:55+00:00","dateModified":"2025-11-10T20:06:50+00:00","breadcrumb":{"@id":"https:\/\/www.yorku.ca\/glendon\/genial\/directions\/?lang=fr#breadcrumb"},"inLanguage":"en-US","potentialAction":[{"@type":"ReadAction","target":["https:\/\/www.yorku.ca\/glendon\/genial\/directions\/?lang=fr"]}]},{"@type":"ImageObject","inLanguage":"en-US","@id":"https:\/\/www.yorku.ca\/glendon\/genial\/directions\/?lang=fr#primaryimage","url":"https:\/\/www.yorku.ca\/glendon\/genial\/wp-content\/uploads\/sites\/879\/2025\/07\/glendon_center_exterior3.jpeg","contentUrl":"https:\/\/www.yorku.ca\/glendon\/genial\/wp-content\/uploads\/sites\/879\/2025\/07\/glendon_center_exterior3.jpeg","width":1728,"height":1152,"caption":"glendon_center_exterior"},{"@type":"BreadcrumbList","@id":"https:\/\/www.yorku.ca\/glendon\/genial\/directions\/?lang=fr#breadcrumb","itemListElement":[{"@type":"ListItem","position":1,"name":"Home","item":"https:\/\/www.yorku.ca\/glendon\/genial\/"},{"@type":"ListItem","position":2,"name":"Lieu d'\u00e9v\u00e9nement GENIAL"}]},{"@type":"WebSite","@id":"https:\/\/www.yorku.ca\/glendon\/genial\/#website","url":"https:\/\/www.yorku.ca\/glendon\/genial\/","name":"Glendon ENtrepreneuriat et Innovation A L&#039;international (GENIAL)","description":"Glendon GENIAL Initiative","potentialAction":[{"@type":"SearchAction","target":{"@type":"EntryPoint","urlTemplate":"https:\/\/www.yorku.ca\/glendon\/genial\/?s={search_term_string}"},"query-input":{"@type":"PropertyValueSpecification","valueRequired":true,"valueName":"search_term_string"}}],"inLanguage":"en-US"}]}},"taxonomy_info":[],"featured_image_src_large":false,"author_info":{"display_name":"josiehu","author_link":"https:\/\/www.yorku.ca\/glendon\/genial\/author\/josiehu\/"},"comment_info":0,"_links":{"self":[{"href":"https:\/\/www.yorku.ca\/glendon\/genial\/wp-json\/wp\/v2\/pages\/4777","targetHints":{"allow":["GET"]}}],"collection":[{"href":"https:\/\/www.yorku.ca\/glendon\/genial\/wp-json\/wp\/v2\/pages"}],"about":[{"href":"https:\/\/www.yorku.ca\/glendon\/genial\/wp-json\/wp\/v2\/types\/page"}],"author":[{"embeddable":true,"href":"https:\/\/www.yorku.ca\/glendon\/genial\/wp-json\/wp\/v2\/users\/2309"}],"replies":[{"embeddable":true,"href":"https:\/\/www.yorku.ca\/glendon\/genial\/wp-json\/wp\/v2\/comments?post=4777"}],"version-history":[{"count":5,"href":"https:\/\/www.yorku.ca\/glendon\/genial\/wp-json\/wp\/v2\/pages\/4777\/revisions"}],"predecessor-version":[{"id":5209,"href":"https:\/\/www.yorku.ca\/glendon\/genial\/wp-json\/wp\/v2\/pages\/4777\/revisions\/5209"}],"wp:attachment":[{"href":"https:\/\/www.yorku.ca\/glendon\/genial\/wp-json\/wp\/v2\/media?parent=4777"}],"wp:term":[{"taxonomy":"post_tag","embeddable":true,"href":"https:\/\/www.yorku.ca\/glendon\/genial\/wp-json\/wp\/v2\/tags?post=4777"}],"curies":[{"name":"wp","href":"https:\/\/api.w.org\/{rel}","templated":true}]}}