  {"id":4768,"date":"2025-09-30T14:24:03","date_gmt":"2025-09-30T18:24:03","guid":{"rendered":"https:\/\/www.yorku.ca\/glendon\/genial\/2025-student-entrepreneurship-competition\/"},"modified":"2025-09-30T16:43:17","modified_gmt":"2025-09-30T20:43:17","slug":"2025-student-entrepreneurship-competition","status":"publish","type":"page","link":"https:\/\/www.yorku.ca\/glendon\/genial\/2025-student-entrepreneurship-competition\/?lang=fr","title":{"rendered":"D\u00e9roulement de l\u2019\u00e9v\u00e9nement GENIAL 2025"},"content":{"rendered":"\n<figure class=\"wp-block-gallery aligncenter has-nested-images columns-default is-cropped wp-block-gallery-1 is-layout-flex wp-block-gallery-is-layout-flex\">\n<figure class=\"wp-block-image size-full\"><img loading=\"lazy\" decoding=\"async\" width=\"912\" height=\"373\" data-id=\"4698\" src=\"https:\/\/www.yorku.ca\/glendon\/genial\/wp-content\/uploads\/sites\/879\/2024\/08\/Screenshot-2025-07-24-134245.png\" alt=\"\" class=\"wp-image-4698\" srcset=\"https:\/\/www.yorku.ca\/glendon\/genial\/wp-content\/uploads\/sites\/879\/2024\/08\/Screenshot-2025-07-24-134245.png 912w, https:\/\/www.yorku.ca\/glendon\/genial\/wp-content\/uploads\/sites\/879\/2024\/08\/Screenshot-2025-07-24-134245-400x164.png 400w\" sizes=\"auto, (max-width: 912px) 100vw, 912px\" \/><\/figure>\n<\/figure>\n\n\n\n<p class=\"has-text-color has-link-color wp-elements-72779b9db1ebfc11fe1f9d5ad3514570\" style=\"color:#212529\">Date: jeudi, octobre 2nd, 2025<\/p>\n\n\n\n<p>Heure: 17 h 30 \u00e0 20 h 30<\/p>\n\n\n\n<p>Lieu: Coll\u00e8ge universitaire Glendon Centre d\u2019Excellence, 2275 Bayview Avenue, Toronto<\/p>\n\n\n\n<h2 class=\"wp-block-heading has-text-align-center\"><strong>D\u00e9roulement de l\u2019\u00e9v\u00e9nement<\/strong><\/h2>\n\n\n\n<p>17h30&nbsp;&nbsp;&nbsp;&nbsp;&nbsp;&nbsp;&nbsp;&nbsp;&nbsp;&nbsp;&nbsp;&nbsp;&nbsp;&nbsp;&nbsp;&nbsp; Les portes s\u2019ouvres aux invit\u00e9.e.s, la r\u00e9ception commence<\/p>\n\n\n\n<p>18h00&nbsp;&nbsp;&nbsp;&nbsp;&nbsp;&nbsp;&nbsp;&nbsp;&nbsp;&nbsp;&nbsp;&nbsp;&nbsp;&nbsp;&nbsp;&nbsp; D\u00e9but des discours dans la salle A100<\/p>\n\n\n\n<p><em>18h00 \u2013 Ma\u00eetre de c\u00e9r\u00e9monie&nbsp;: bienvenue, pr\u00e9sentations et remarques d'ouverture<\/em><\/p>\n\n\n\n<p><em>18h03 \u2013 Discours du Principal de Glendon<\/em><\/p>\n\n\n\n<p><em>18h06 - Discours de Desjardins<\/em><\/p>\n\n\n\n<p><em>18h11 - Discours des conf\u00e9renci\u00e8res<\/em><\/p>\n\n\n\n<p>18h20&nbsp;&nbsp;&nbsp;&nbsp;&nbsp;&nbsp;&nbsp;&nbsp;&nbsp;&nbsp;&nbsp;&nbsp;&nbsp;&nbsp;&nbsp;&nbsp; Fin des discours, d\u00e9but des pr\u00e9sentations des \u00e9tudiant.e.s&nbsp;<\/p>\n\n\n\n<p><em>6:21 - <\/em><em>Pr\u00e9sentations des \u00e9tudiant.e.s<\/em><\/p>\n\n\n\n<p><em>7:07 - <\/em><em>Commentaires des juges<\/em><\/p>\n\n\n\n<p><em>7:19 - <\/em><em>P\u00e9riode de vote des juges et du public<\/em><\/p>\n\n\n\n<p><em>7:24 - <\/em><em>Remise des prix<\/em><\/p>\n\n\n\n<p>19h29&nbsp;&nbsp;&nbsp;&nbsp;&nbsp;&nbsp;&nbsp;&nbsp;&nbsp;&nbsp;&nbsp;&nbsp;&nbsp;&nbsp;&nbsp;&nbsp; Fin des pr\u00e9sentations des \u00e9tudiant.e.s, le ma\u00eetre de c\u00e9r\u00e9monie fait son discours de cl\u00f4ture, la r\u00e9ception se poursuit<\/p>\n\n\n\n<p>19h30&nbsp;&nbsp;&nbsp;&nbsp;&nbsp;&nbsp;&nbsp;&nbsp;&nbsp;&nbsp;&nbsp;&nbsp;&nbsp;&nbsp;&nbsp;&nbsp; Session de r\u00e9seautage<\/p>\n\n\n\n<p>20h30&nbsp;&nbsp;&nbsp;&nbsp;&nbsp;&nbsp;&nbsp;&nbsp;&nbsp;&nbsp;&nbsp;&nbsp;&nbsp;&nbsp;&nbsp;&nbsp; Fin de l\u2019\u00e9v\u00e9nement<\/p>\n","protected":false},"excerpt":{"rendered":"<p>Date: jeudi, octobre 2nd, 2025 Heure: 17 h 30 \u00e0 20 h 30 Lieu: Coll\u00e8ge universitaire Glendon Centre d\u2019Excellence, 2275 Bayview Avenue, Toronto D\u00e9roulement de l\u2019\u00e9v\u00e9nement 17h30&nbsp;&nbsp;&nbsp;&nbsp;&nbsp;&nbsp;&nbsp;&nbsp;&nbsp;&nbsp;&nbsp;&nbsp;&nbsp;&nbsp;&nbsp;&nbsp; Les portes s\u2019ouvres aux invit\u00e9.e.s, la r\u00e9ception commence 18h00&nbsp;&nbsp;&nbsp;&nbsp;&nbsp;&nbsp;&nbsp;&nbsp;&nbsp;&nbsp;&nbsp;&nbsp;&nbsp;&nbsp;&nbsp;&nbsp; D\u00e9but des discours dans la salle A100 18h00 \u2013 Ma\u00eetre de c\u00e9r\u00e9monie&nbsp;: bienvenue, pr\u00e9sentations et remarques d'ouverture 18h03 \u2013 [&hellip;]<\/p>\n","protected":false},"author":2309,"featured_media":0,"parent":0,"menu_order":0,"comment_status":"closed","ping_status":"closed","template":"","meta":{"_kad_blocks_custom_css":"","_kad_blocks_head_custom_js":"","_kad_blocks_body_custom_js":"","_kad_blocks_footer_custom_js":"","_monsterinsights_skip_tracking":false,"_monsterinsights_sitenote_active":false,"_monsterinsights_sitenote_note":"","_monsterinsights_sitenote_category":0,"footnotes":""},"tags":[],"class_list":["post-4768","page","type-page","status-publish","hentry"],"yoast_head":"<!-- This site is optimized with the Yoast SEO plugin v24.0 - https:\/\/yoast.com\/wordpress\/plugins\/seo\/ -->\n<title>D\u00e9roulement de l\u2019\u00e9v\u00e9nement GENIAL 2025 - Glendon ENtrepreneuriat et Innovation A L&#039;international (GENIAL)<\/title>\n<meta name=\"robots\" content=\"index, follow, max-snippet:-1, max-image-preview:large, max-video-preview:-1\" \/>\n<link rel=\"canonical\" href=\"https:\/\/www.yorku.ca\/glendon\/genial\/2025-student-entrepreneurship-competition\/?lang=fr\" \/>\n<meta property=\"og:locale\" content=\"en_US\" \/>\n<meta property=\"og:type\" content=\"article\" \/>\n<meta property=\"og:title\" content=\"D\u00e9roulement de l\u2019\u00e9v\u00e9nement GENIAL 2025 - Glendon ENtrepreneuriat et Innovation A L&#039;international (GENIAL)\" \/>\n<meta property=\"og:description\" content=\"Date: jeudi, octobre 2nd, 2025 Heure: 17 h 30 \u00e0 20 h 30 Lieu: Coll\u00e8ge universitaire Glendon Centre d\u2019Excellence, 2275 Bayview Avenue, Toronto D\u00e9roulement de l\u2019\u00e9v\u00e9nement 17h30&nbsp;&nbsp;&nbsp;&nbsp;&nbsp;&nbsp;&nbsp;&nbsp;&nbsp;&nbsp;&nbsp;&nbsp;&nbsp;&nbsp;&nbsp;&nbsp; Les portes s\u2019ouvres aux invit\u00e9.e.s, la r\u00e9ception commence 18h00&nbsp;&nbsp;&nbsp;&nbsp;&nbsp;&nbsp;&nbsp;&nbsp;&nbsp;&nbsp;&nbsp;&nbsp;&nbsp;&nbsp;&nbsp;&nbsp; D\u00e9but des discours dans la salle A100 18h00 \u2013 Ma\u00eetre de c\u00e9r\u00e9monie&nbsp;: bienvenue, pr\u00e9sentations et remarques d&#039;ouverture 18h03 \u2013 [&hellip;]\" \/>\n<meta property=\"og:url\" content=\"https:\/\/www.yorku.ca\/glendon\/genial\/2025-student-entrepreneurship-competition\/?lang=fr\" \/>\n<meta property=\"og:site_name\" content=\"Glendon ENtrepreneuriat et Innovation A L&#039;international (GENIAL)\" \/>\n<meta property=\"article:modified_time\" content=\"2025-09-30T20:43:17+00:00\" \/>\n<meta property=\"og:image\" content=\"https:\/\/www.yorku.ca\/glendon\/genial\/wp-content\/uploads\/sites\/879\/2024\/08\/Screenshot-2025-07-24-134245.png\" \/>\n\t<meta property=\"og:image:width\" content=\"912\" \/>\n\t<meta property=\"og:image:height\" content=\"373\" \/>\n\t<meta property=\"og:image:type\" content=\"image\/png\" \/>\n<meta name=\"twitter:card\" content=\"summary_large_image\" \/>\n<meta name=\"twitter:label1\" content=\"Est. reading time\" \/>\n\t<meta name=\"twitter:data1\" content=\"1 minute\" \/>\n<script type=\"application\/ld+json\" class=\"yoast-schema-graph\">{\"@context\":\"https:\/\/schema.org\",\"@graph\":[{\"@type\":\"WebPage\",\"@id\":\"https:\/\/www.yorku.ca\/glendon\/genial\/2025-student-entrepreneurship-competition\/?lang=fr\",\"url\":\"https:\/\/www.yorku.ca\/glendon\/genial\/2025-student-entrepreneurship-competition\/?lang=fr\",\"name\":\"D\u00e9roulement de l\u2019\u00e9v\u00e9nement GENIAL 2025 - Glendon ENtrepreneuriat et Innovation A L&#039;international (GENIAL)\",\"isPartOf\":{\"@id\":\"https:\/\/www.yorku.ca\/glendon\/genial\/#website\"},\"primaryImageOfPage\":{\"@id\":\"https:\/\/www.yorku.ca\/glendon\/genial\/2025-student-entrepreneurship-competition\/?lang=fr#primaryimage\"},\"image\":{\"@id\":\"https:\/\/www.yorku.ca\/glendon\/genial\/2025-student-entrepreneurship-competition\/?lang=fr#primaryimage\"},\"thumbnailUrl\":\"https:\/\/www.yorku.ca\/glendon\/genial\/wp-content\/uploads\/sites\/879\/2024\/08\/Screenshot-2025-07-24-134245.png\",\"datePublished\":\"2025-09-30T18:24:03+00:00\",\"dateModified\":\"2025-09-30T20:43:17+00:00\",\"breadcrumb\":{\"@id\":\"https:\/\/www.yorku.ca\/glendon\/genial\/2025-student-entrepreneurship-competition\/?lang=fr#breadcrumb\"},\"inLanguage\":\"en-US\",\"potentialAction\":[{\"@type\":\"ReadAction\",\"target\":[\"https:\/\/www.yorku.ca\/glendon\/genial\/2025-student-entrepreneurship-competition\/?lang=fr\"]}]},{\"@type\":\"ImageObject\",\"inLanguage\":\"en-US\",\"@id\":\"https:\/\/www.yorku.ca\/glendon\/genial\/2025-student-entrepreneurship-competition\/?lang=fr#primaryimage\",\"url\":\"https:\/\/www.yorku.ca\/glendon\/genial\/wp-content\/uploads\/sites\/879\/2024\/08\/Screenshot-2025-07-24-134245.png\",\"contentUrl\":\"https:\/\/www.yorku.ca\/glendon\/genial\/wp-content\/uploads\/sites\/879\/2024\/08\/Screenshot-2025-07-24-134245.png\",\"width\":912,\"height\":373},{\"@type\":\"BreadcrumbList\",\"@id\":\"https:\/\/www.yorku.ca\/glendon\/genial\/2025-student-entrepreneurship-competition\/?lang=fr#breadcrumb\",\"itemListElement\":[{\"@type\":\"ListItem\",\"position\":1,\"name\":\"Home\",\"item\":\"https:\/\/www.yorku.ca\/glendon\/genial\/\"},{\"@type\":\"ListItem\",\"position\":2,\"name\":\"D\u00e9roulement de l\u2019\u00e9v\u00e9nement GENIAL 2025\"}]},{\"@type\":\"WebSite\",\"@id\":\"https:\/\/www.yorku.ca\/glendon\/genial\/#website\",\"url\":\"https:\/\/www.yorku.ca\/glendon\/genial\/\",\"name\":\"Glendon ENtrepreneuriat et Innovation A L&#039;international (GENIAL)\",\"description\":\"Glendon GENIAL Initiative\",\"potentialAction\":[{\"@type\":\"SearchAction\",\"target\":{\"@type\":\"EntryPoint\",\"urlTemplate\":\"https:\/\/www.yorku.ca\/glendon\/genial\/?s={search_term_string}\"},\"query-input\":{\"@type\":\"PropertyValueSpecification\",\"valueRequired\":true,\"valueName\":\"search_term_string\"}}],\"inLanguage\":\"en-US\"}]}<\/script>\n<!-- \/ Yoast SEO plugin. -->","yoast_head_json":{"title":"D\u00e9roulement de l\u2019\u00e9v\u00e9nement GENIAL 2025 - Glendon ENtrepreneuriat et Innovation A L&#039;international (GENIAL)","robots":{"index":"index","follow":"follow","max-snippet":"max-snippet:-1","max-image-preview":"max-image-preview:large","max-video-preview":"max-video-preview:-1"},"canonical":"https:\/\/www.yorku.ca\/glendon\/genial\/2025-student-entrepreneurship-competition\/?lang=fr","og_locale":"en_US","og_type":"article","og_title":"D\u00e9roulement de l\u2019\u00e9v\u00e9nement GENIAL 2025 - Glendon ENtrepreneuriat et Innovation A L&#039;international (GENIAL)","og_description":"Date: jeudi, octobre 2nd, 2025 Heure: 17 h 30 \u00e0 20 h 30 Lieu: Coll\u00e8ge universitaire Glendon Centre d\u2019Excellence, 2275 Bayview Avenue, Toronto D\u00e9roulement de l\u2019\u00e9v\u00e9nement 17h30&nbsp;&nbsp;&nbsp;&nbsp;&nbsp;&nbsp;&nbsp;&nbsp;&nbsp;&nbsp;&nbsp;&nbsp;&nbsp;&nbsp;&nbsp;&nbsp; Les portes s\u2019ouvres aux invit\u00e9.e.s, la r\u00e9ception commence 18h00&nbsp;&nbsp;&nbsp;&nbsp;&nbsp;&nbsp;&nbsp;&nbsp;&nbsp;&nbsp;&nbsp;&nbsp;&nbsp;&nbsp;&nbsp;&nbsp; D\u00e9but des discours dans la salle A100 18h00 \u2013 Ma\u00eetre de c\u00e9r\u00e9monie&nbsp;: bienvenue, pr\u00e9sentations et remarques d'ouverture 18h03 \u2013 [&hellip;]","og_url":"https:\/\/www.yorku.ca\/glendon\/genial\/2025-student-entrepreneurship-competition\/?lang=fr","og_site_name":"Glendon ENtrepreneuriat et Innovation A L&#039;international (GENIAL)","article_modified_time":"2025-09-30T20:43:17+00:00","og_image":[{"width":912,"height":373,"url":"https:\/\/www.yorku.ca\/glendon\/genial\/wp-content\/uploads\/sites\/879\/2024\/08\/Screenshot-2025-07-24-134245.png","type":"image\/png"}],"twitter_card":"summary_large_image","twitter_misc":{"Est. reading time":"1 minute"},"schema":{"@context":"https:\/\/schema.org","@graph":[{"@type":"WebPage","@id":"https:\/\/www.yorku.ca\/glendon\/genial\/2025-student-entrepreneurship-competition\/?lang=fr","url":"https:\/\/www.yorku.ca\/glendon\/genial\/2025-student-entrepreneurship-competition\/?lang=fr","name":"D\u00e9roulement de l\u2019\u00e9v\u00e9nement GENIAL 2025 - Glendon ENtrepreneuriat et Innovation A L&#039;international (GENIAL)","isPartOf":{"@id":"https:\/\/www.yorku.ca\/glendon\/genial\/#website"},"primaryImageOfPage":{"@id":"https:\/\/www.yorku.ca\/glendon\/genial\/2025-student-entrepreneurship-competition\/?lang=fr#primaryimage"},"image":{"@id":"https:\/\/www.yorku.ca\/glendon\/genial\/2025-student-entrepreneurship-competition\/?lang=fr#primaryimage"},"thumbnailUrl":"https:\/\/www.yorku.ca\/glendon\/genial\/wp-content\/uploads\/sites\/879\/2024\/08\/Screenshot-2025-07-24-134245.png","datePublished":"2025-09-30T18:24:03+00:00","dateModified":"2025-09-30T20:43:17+00:00","breadcrumb":{"@id":"https:\/\/www.yorku.ca\/glendon\/genial\/2025-student-entrepreneurship-competition\/?lang=fr#breadcrumb"},"inLanguage":"en-US","potentialAction":[{"@type":"ReadAction","target":["https:\/\/www.yorku.ca\/glendon\/genial\/2025-student-entrepreneurship-competition\/?lang=fr"]}]},{"@type":"ImageObject","inLanguage":"en-US","@id":"https:\/\/www.yorku.ca\/glendon\/genial\/2025-student-entrepreneurship-competition\/?lang=fr#primaryimage","url":"https:\/\/www.yorku.ca\/glendon\/genial\/wp-content\/uploads\/sites\/879\/2024\/08\/Screenshot-2025-07-24-134245.png","contentUrl":"https:\/\/www.yorku.ca\/glendon\/genial\/wp-content\/uploads\/sites\/879\/2024\/08\/Screenshot-2025-07-24-134245.png","width":912,"height":373},{"@type":"BreadcrumbList","@id":"https:\/\/www.yorku.ca\/glendon\/genial\/2025-student-entrepreneurship-competition\/?lang=fr#breadcrumb","itemListElement":[{"@type":"ListItem","position":1,"name":"Home","item":"https:\/\/www.yorku.ca\/glendon\/genial\/"},{"@type":"ListItem","position":2,"name":"D\u00e9roulement de l\u2019\u00e9v\u00e9nement GENIAL 2025"}]},{"@type":"WebSite","@id":"https:\/\/www.yorku.ca\/glendon\/genial\/#website","url":"https:\/\/www.yorku.ca\/glendon\/genial\/","name":"Glendon ENtrepreneuriat et Innovation A L&#039;international (GENIAL)","description":"Glendon GENIAL Initiative","potentialAction":[{"@type":"SearchAction","target":{"@type":"EntryPoint","urlTemplate":"https:\/\/www.yorku.ca\/glendon\/genial\/?s={search_term_string}"},"query-input":{"@type":"PropertyValueSpecification","valueRequired":true,"valueName":"search_term_string"}}],"inLanguage":"en-US"}]}},"taxonomy_info":[],"featured_image_src_large":false,"author_info":{"display_name":"josiehu","author_link":"https:\/\/www.yorku.ca\/glendon\/genial\/author\/josiehu\/"},"comment_info":0,"_links":{"self":[{"href":"https:\/\/www.yorku.ca\/glendon\/genial\/wp-json\/wp\/v2\/pages\/4768","targetHints":{"allow":["GET"]}}],"collection":[{"href":"https:\/\/www.yorku.ca\/glendon\/genial\/wp-json\/wp\/v2\/pages"}],"about":[{"href":"https:\/\/www.yorku.ca\/glendon\/genial\/wp-json\/wp\/v2\/types\/page"}],"author":[{"embeddable":true,"href":"https:\/\/www.yorku.ca\/glendon\/genial\/wp-json\/wp\/v2\/users\/2309"}],"replies":[{"embeddable":true,"href":"https:\/\/www.yorku.ca\/glendon\/genial\/wp-json\/wp\/v2\/comments?post=4768"}],"version-history":[{"count":8,"href":"https:\/\/www.yorku.ca\/glendon\/genial\/wp-json\/wp\/v2\/pages\/4768\/revisions"}],"predecessor-version":[{"id":4784,"href":"https:\/\/www.yorku.ca\/glendon\/genial\/wp-json\/wp\/v2\/pages\/4768\/revisions\/4784"}],"wp:attachment":[{"href":"https:\/\/www.yorku.ca\/glendon\/genial\/wp-json\/wp\/v2\/media?parent=4768"}],"wp:term":[{"taxonomy":"post_tag","embeddable":true,"href":"https:\/\/www.yorku.ca\/glendon\/genial\/wp-json\/wp\/v2\/tags?post=4768"}],"curies":[{"name":"wp","href":"https:\/\/api.w.org\/{rel}","templated":true}]}}