  {"id":4715,"date":"2025-10-02T11:24:07","date_gmt":"2025-10-02T15:24:07","guid":{"rendered":"https:\/\/www.yorku.ca\/glendon\/genial\/?page_id=4715"},"modified":"2025-10-28T16:02:08","modified_gmt":"2025-10-28T20:02:08","slug":"assos-food-catering","status":"publish","type":"page","link":"https:\/\/www.yorku.ca\/glendon\/genial\/assos-food-catering\/?lang=fr","title":{"rendered":"Asso's Food &amp; Catering"},"content":{"rendered":"\n<figure class=\"wp-block-image size-large is-resized\"><img loading=\"lazy\" decoding=\"async\" width=\"1024\" height=\"287\" src=\"https:\/\/www.yorku.ca\/glendon\/genial\/wp-content\/uploads\/sites\/879\/2025\/07\/Copy-of-GENIAL-1536-x-430-px-1024x287.png\" alt=\"\" class=\"wp-image-4707\" style=\"width:1110px;height:auto\" srcset=\"https:\/\/www.yorku.ca\/glendon\/genial\/wp-content\/uploads\/sites\/879\/2025\/07\/Copy-of-GENIAL-1536-x-430-px-1024x287.png 1024w, https:\/\/www.yorku.ca\/glendon\/genial\/wp-content\/uploads\/sites\/879\/2025\/07\/Copy-of-GENIAL-1536-x-430-px-400x112.png 400w, https:\/\/www.yorku.ca\/glendon\/genial\/wp-content\/uploads\/sites\/879\/2025\/07\/Copy-of-GENIAL-1536-x-430-px-1536x430.png 1536w, https:\/\/www.yorku.ca\/glendon\/genial\/wp-content\/uploads\/sites\/879\/2025\/07\/Copy-of-GENIAL-1536-x-430-px-2048x573.png 2048w\" sizes=\"auto, (max-width: 1024px) 100vw, 1024px\" \/><\/figure>\n\n\n\n<p><\/p>\n\n\n\n<p><\/p>\n\n\n\n<div class=\"wp-block-columns is-layout-flex wp-container-core-columns-is-layout-1 wp-block-columns-is-layout-flex\">\n<div class=\"wp-block-column is-layout-flow wp-block-column-is-layout-flow\" style=\"flex-basis:33.3%\">\n<figure class=\"wp-block-image size-large\"><img loading=\"lazy\" decoding=\"async\" width=\"1024\" height=\"1024\" src=\"https:\/\/www.yorku.ca\/glendon\/genial\/wp-content\/uploads\/sites\/879\/2025\/06\/Logo-Magali-1024x1024.png\" alt=\"\" class=\"wp-image-4550\" srcset=\"https:\/\/www.yorku.ca\/glendon\/genial\/wp-content\/uploads\/sites\/879\/2025\/06\/Logo-Magali-1024x1024.png 1024w, https:\/\/www.yorku.ca\/glendon\/genial\/wp-content\/uploads\/sites\/879\/2025\/06\/Logo-Magali-400x400.png 400w, https:\/\/www.yorku.ca\/glendon\/genial\/wp-content\/uploads\/sites\/879\/2025\/06\/Logo-Magali-150x150.png 150w, https:\/\/www.yorku.ca\/glendon\/genial\/wp-content\/uploads\/sites\/879\/2025\/06\/Logo-Magali-300x300.png 300w, https:\/\/www.yorku.ca\/glendon\/genial\/wp-content\/uploads\/sites\/879\/2025\/06\/Logo-Magali-500x500.png 500w, https:\/\/www.yorku.ca\/glendon\/genial\/wp-content\/uploads\/sites\/879\/2025\/06\/Logo-Magali.png 1250w\" sizes=\"auto, (max-width: 1024px) 100vw, 1024px\" \/><\/figure>\n<\/div>\n\n\n\n<div class=\"wp-block-column is-layout-flow wp-block-column-is-layout-flow\" style=\"flex-basis:66.6%\">\n<h2 class=\"wp-block-heading\">\u00c0 propos de nous<\/h2>\n\n\n\n<p>Dans notre entreprise de sauce tomate ivoirienne, nous valorisons votre temps en cuisine. Notre sauce pr\u00eate \u00e0 l'emploi \u00e9limine le tracas de hacher des oignons et de pr\u00e9parer des tomates, vous permettant de profiter de vos repas en famille.<\/p>\n\n\n\n<p>Fabriqu\u00e9e \u00e0 partir d'ingr\u00e9dients locaux, elle offre des saveurs ivoiriennes vibrantes et un go\u00fbt authentique en un rien de temps. Parfaite pour toutes les recettes, notre sauce apporte une saveur riche et maison sans effort.<\/p>\n<\/div>\n<\/div>\n\n\n\n<div class=\"wp-block-columns is-layout-flex wp-container-core-columns-is-layout-2 wp-block-columns-is-layout-flex\">\n<div class=\"wp-block-column is-layout-flow wp-block-column-is-layout-flow\" style=\"flex-basis:66.66%\">\n<h2 class=\"wp-block-heading\">Notre fondatrice<\/h2>\n\n\n\n<p>Rencontrez Magali, aussi connue sous le nom d'Ass\u00f4. Ass\u00f4 signifie vie, c'\u00e9tait un nom de rivi\u00e8re en C\u00f4te d'Ivoire, pr\u00e9cis\u00e9ment Tiassale-Ndouci. Son grand-p\u00e8re a donn\u00e9 ce nom \u00e0 sa m\u00e8re car elle \u00e9tait pr\u00e9cieuse pour lui comme la rivi\u00e8re que tout le monde v\u00e9n\u00e9rait. Utiliser Ass\u00f4 comme nom de marque, c'est donner aux gens un aper\u00e7u du go\u00fbt de la vraie nourriture d'Ass\u00f4.<\/p>\n\n\n\n<p>Elle est arriv\u00e9e au Canada en 2016 pour \u00e9tudier l'\u00e9conomie. Pendant la pand\u00e9mie, elle a d\u00e9couvert sa passion pour la cuisine, lan\u00e7ant une entreprise de traiteur et partageant ses recettes sur les r\u00e9seaux sociaux.<\/p>\n\n\n\n<p>Elle travaille \u00e9galement dans la gestion des risques et utilise ses comp\u00e9tences pour cr\u00e9er des plats simples et savoureux, id\u00e9aux pour des repas rapides apr\u00e8s une longue journ\u00e9e.<\/p>\n<\/div>\n\n\n\n<div class=\"wp-block-column is-layout-flow wp-block-column-is-layout-flow\" style=\"flex-basis:33.33%\">\n<figure class=\"wp-block-image is-style-default\"><img loading=\"lazy\" decoding=\"async\" width=\"1920\" height=\"1921\" src=\"https:\/\/www.yorku.ca\/glendon\/genial\/wp-content\/uploads\/sites\/879\/2025\/07\/Magali-edited.jpg\" alt=\"\" class=\"wp-image-4710\" srcset=\"https:\/\/www.yorku.ca\/glendon\/genial\/wp-content\/uploads\/sites\/879\/2025\/07\/Magali-edited.jpg 1920w, https:\/\/www.yorku.ca\/glendon\/genial\/wp-content\/uploads\/sites\/879\/2025\/07\/Magali-edited-400x400.jpg 400w, https:\/\/www.yorku.ca\/glendon\/genial\/wp-content\/uploads\/sites\/879\/2025\/07\/Magali-edited-1024x1024.jpg 1024w, https:\/\/www.yorku.ca\/glendon\/genial\/wp-content\/uploads\/sites\/879\/2025\/07\/Magali-edited-150x150.jpg 150w, https:\/\/www.yorku.ca\/glendon\/genial\/wp-content\/uploads\/sites\/879\/2025\/07\/Magali-edited-300x300.jpg 300w, https:\/\/www.yorku.ca\/glendon\/genial\/wp-content\/uploads\/sites\/879\/2025\/07\/Magali-edited-500x500.jpg 500w, https:\/\/www.yorku.ca\/glendon\/genial\/wp-content\/uploads\/sites\/879\/2025\/07\/Magali-edited-1536x1536.jpg 1536w\" sizes=\"auto, (max-width: 1920px) 100vw, 1920px\" \/><\/figure>\n<\/div>\n<\/div>\n\n\n\n<div class=\"wp-block-columns learnmore-block is-layout-flex wp-container-core-columns-is-layout-3 wp-block-columns-is-layout-flex\">\n<div class=\"wp-block-column is-vertically-aligned-top is-layout-flow wp-block-column-is-layout-flow\" style=\"flex-basis:60%\">\n<h2 class=\"wp-block-heading\">Pour en savoir plus<\/h2>\n\n\n\n<p><\/p>\n<\/div>\n\n\n\n<div class=\"wp-block-column is-vertically-aligned-center is-layout-flow wp-block-column-is-layout-flow\">\n<div class=\"wp-block-buttons is-content-justification-center is-layout-flex wp-container-core-buttons-is-layout-1 wp-block-buttons-is-layout-flex\">\n<div class=\"wp-block-button\"><a class=\"wp-block-button__link wp-element-button\" href=\"mailto:assosauces@gmail.com\">Contactez-nous<\/a><\/div>\n\n\n\n<div class=\"wp-block-button\"><a class=\"wp-block-button__link wp-element-button\" href=\"https:\/\/www.instagram.com\/assocookingway?igsh=MWtnNHI2N3NtNGY1Zg==\">Instagram<\/a><\/div>\n\n\n\n<div class=\"wp-block-button\"><a class=\"wp-block-button__link wp-element-button\" href=\"https:\/\/www.tiktok.com\/@chefasso\">TikTok<\/a><\/div>\n\n\n\n<div class=\"wp-block-button\"><a class=\"wp-block-button__link wp-element-button\" href=\"https:\/\/assosauces.com\">Site web<\/a><\/div>\n<\/div>\n<\/div>\n<\/div>\n\n\n\n<p><\/p>\n","protected":false},"excerpt":{"rendered":"<p>\u00c0 propos de nous Dans notre entreprise de sauce tomate ivoirienne, nous valorisons votre temps en cuisine. Notre sauce pr\u00eate \u00e0 l'emploi \u00e9limine le tracas de hacher des oignons et de pr\u00e9parer des tomates, vous permettant de profiter de vos repas en famille. Fabriqu\u00e9e \u00e0 partir d'ingr\u00e9dients locaux, elle offre des saveurs ivoiriennes vibrantes et [&hellip;]<\/p>\n","protected":false},"author":2309,"featured_media":0,"parent":0,"menu_order":0,"comment_status":"closed","ping_status":"closed","template":"","meta":{"_kad_blocks_custom_css":"","_kad_blocks_head_custom_js":"","_kad_blocks_body_custom_js":"","_kad_blocks_footer_custom_js":"","_monsterinsights_skip_tracking":false,"_monsterinsights_sitenote_active":false,"_monsterinsights_sitenote_note":"","_monsterinsights_sitenote_category":0,"footnotes":""},"tags":[],"class_list":["post-4715","page","type-page","status-publish","hentry"],"yoast_head":"<!-- This site is optimized with the Yoast SEO plugin v24.0 - https:\/\/yoast.com\/wordpress\/plugins\/seo\/ -->\n<title>Asso&#039;s Food &amp; Catering - Glendon ENtrepreneuriat et Innovation A L&#039;international (GENIAL)<\/title>\n<meta name=\"robots\" content=\"index, follow, max-snippet:-1, max-image-preview:large, max-video-preview:-1\" \/>\n<link rel=\"canonical\" href=\"https:\/\/www.yorku.ca\/glendon\/genial\/assos-food-catering\/?lang=fr\" \/>\n<meta property=\"og:locale\" content=\"en_US\" \/>\n<meta property=\"og:type\" content=\"article\" \/>\n<meta property=\"og:title\" content=\"Asso&#039;s Food &amp; Catering - Glendon ENtrepreneuriat et Innovation A L&#039;international (GENIAL)\" \/>\n<meta property=\"og:description\" content=\"\u00c0 propos de nous Dans notre entreprise de sauce tomate ivoirienne, nous valorisons votre temps en cuisine. Notre sauce pr\u00eate \u00e0 l&#039;emploi \u00e9limine le tracas de hacher des oignons et de pr\u00e9parer des tomates, vous permettant de profiter de vos repas en famille. Fabriqu\u00e9e \u00e0 partir d&#039;ingr\u00e9dients locaux, elle offre des saveurs ivoiriennes vibrantes et [&hellip;]\" \/>\n<meta property=\"og:url\" content=\"https:\/\/www.yorku.ca\/glendon\/genial\/assos-food-catering\/?lang=fr\" \/>\n<meta property=\"og:site_name\" content=\"Glendon ENtrepreneuriat et Innovation A L&#039;international (GENIAL)\" \/>\n<meta property=\"article:modified_time\" content=\"2025-10-28T20:02:08+00:00\" \/>\n<meta property=\"og:image\" content=\"https:\/\/www.yorku.ca\/glendon\/genial\/wp-content\/uploads\/sites\/879\/2025\/07\/Copy-of-GENIAL-1536-x-430-px-1024x287.png\" \/>\n\t<meta property=\"og:image:width\" content=\"1024\" \/>\n\t<meta property=\"og:image:height\" content=\"287\" \/>\n\t<meta property=\"og:image:type\" content=\"image\/png\" \/>\n<meta name=\"twitter:card\" content=\"summary_large_image\" \/>\n<meta name=\"twitter:label1\" content=\"Est. reading time\" \/>\n\t<meta name=\"twitter:data1\" content=\"2 minutes\" \/>\n<script type=\"application\/ld+json\" class=\"yoast-schema-graph\">{\"@context\":\"https:\/\/schema.org\",\"@graph\":[{\"@type\":\"WebPage\",\"@id\":\"https:\/\/www.yorku.ca\/glendon\/genial\/assos-food-catering\/?lang=fr\",\"url\":\"https:\/\/www.yorku.ca\/glendon\/genial\/assos-food-catering\/?lang=fr\",\"name\":\"Asso's Food &amp; Catering - Glendon ENtrepreneuriat et Innovation A L&#039;international (GENIAL)\",\"isPartOf\":{\"@id\":\"https:\/\/www.yorku.ca\/glendon\/genial\/#website\"},\"primaryImageOfPage\":{\"@id\":\"https:\/\/www.yorku.ca\/glendon\/genial\/assos-food-catering\/?lang=fr#primaryimage\"},\"image\":{\"@id\":\"https:\/\/www.yorku.ca\/glendon\/genial\/assos-food-catering\/?lang=fr#primaryimage\"},\"thumbnailUrl\":\"https:\/\/www.yorku.ca\/glendon\/genial\/wp-content\/uploads\/sites\/879\/2025\/07\/Copy-of-GENIAL-1536-x-430-px-1024x287.png\",\"datePublished\":\"2025-10-02T15:24:07+00:00\",\"dateModified\":\"2025-10-28T20:02:08+00:00\",\"breadcrumb\":{\"@id\":\"https:\/\/www.yorku.ca\/glendon\/genial\/assos-food-catering\/?lang=fr#breadcrumb\"},\"inLanguage\":\"en-US\",\"potentialAction\":[{\"@type\":\"ReadAction\",\"target\":[\"https:\/\/www.yorku.ca\/glendon\/genial\/assos-food-catering\/?lang=fr\"]}]},{\"@type\":\"ImageObject\",\"inLanguage\":\"en-US\",\"@id\":\"https:\/\/www.yorku.ca\/glendon\/genial\/assos-food-catering\/?lang=fr#primaryimage\",\"url\":\"https:\/\/www.yorku.ca\/glendon\/genial\/wp-content\/uploads\/sites\/879\/2025\/07\/Copy-of-GENIAL-1536-x-430-px.png\",\"contentUrl\":\"https:\/\/www.yorku.ca\/glendon\/genial\/wp-content\/uploads\/sites\/879\/2025\/07\/Copy-of-GENIAL-1536-x-430-px.png\",\"width\":4800,\"height\":1344},{\"@type\":\"BreadcrumbList\",\"@id\":\"https:\/\/www.yorku.ca\/glendon\/genial\/assos-food-catering\/?lang=fr#breadcrumb\",\"itemListElement\":[{\"@type\":\"ListItem\",\"position\":1,\"name\":\"Home\",\"item\":\"https:\/\/www.yorku.ca\/glendon\/genial\/\"},{\"@type\":\"ListItem\",\"position\":2,\"name\":\"Asso's Food &amp; Catering\"}]},{\"@type\":\"WebSite\",\"@id\":\"https:\/\/www.yorku.ca\/glendon\/genial\/#website\",\"url\":\"https:\/\/www.yorku.ca\/glendon\/genial\/\",\"name\":\"Glendon ENtrepreneuriat et Innovation A L&#039;international (GENIAL)\",\"description\":\"Glendon GENIAL Initiative\",\"potentialAction\":[{\"@type\":\"SearchAction\",\"target\":{\"@type\":\"EntryPoint\",\"urlTemplate\":\"https:\/\/www.yorku.ca\/glendon\/genial\/?s={search_term_string}\"},\"query-input\":{\"@type\":\"PropertyValueSpecification\",\"valueRequired\":true,\"valueName\":\"search_term_string\"}}],\"inLanguage\":\"en-US\"}]}<\/script>\n<!-- \/ Yoast SEO plugin. -->","yoast_head_json":{"title":"Asso's Food &amp; Catering - Glendon ENtrepreneuriat et Innovation A L&#039;international (GENIAL)","robots":{"index":"index","follow":"follow","max-snippet":"max-snippet:-1","max-image-preview":"max-image-preview:large","max-video-preview":"max-video-preview:-1"},"canonical":"https:\/\/www.yorku.ca\/glendon\/genial\/assos-food-catering\/?lang=fr","og_locale":"en_US","og_type":"article","og_title":"Asso's Food &amp; Catering - Glendon ENtrepreneuriat et Innovation A L&#039;international (GENIAL)","og_description":"\u00c0 propos de nous Dans notre entreprise de sauce tomate ivoirienne, nous valorisons votre temps en cuisine. Notre sauce pr\u00eate \u00e0 l'emploi \u00e9limine le tracas de hacher des oignons et de pr\u00e9parer des tomates, vous permettant de profiter de vos repas en famille. Fabriqu\u00e9e \u00e0 partir d'ingr\u00e9dients locaux, elle offre des saveurs ivoiriennes vibrantes et [&hellip;]","og_url":"https:\/\/www.yorku.ca\/glendon\/genial\/assos-food-catering\/?lang=fr","og_site_name":"Glendon ENtrepreneuriat et Innovation A L&#039;international (GENIAL)","article_modified_time":"2025-10-28T20:02:08+00:00","og_image":[{"width":1024,"height":287,"url":"https:\/\/www.yorku.ca\/glendon\/genial\/wp-content\/uploads\/sites\/879\/2025\/07\/Copy-of-GENIAL-1536-x-430-px-1024x287.png","type":"image\/png"}],"twitter_card":"summary_large_image","twitter_misc":{"Est. reading time":"2 minutes"},"schema":{"@context":"https:\/\/schema.org","@graph":[{"@type":"WebPage","@id":"https:\/\/www.yorku.ca\/glendon\/genial\/assos-food-catering\/?lang=fr","url":"https:\/\/www.yorku.ca\/glendon\/genial\/assos-food-catering\/?lang=fr","name":"Asso's Food &amp; Catering - Glendon ENtrepreneuriat et Innovation A L&#039;international (GENIAL)","isPartOf":{"@id":"https:\/\/www.yorku.ca\/glendon\/genial\/#website"},"primaryImageOfPage":{"@id":"https:\/\/www.yorku.ca\/glendon\/genial\/assos-food-catering\/?lang=fr#primaryimage"},"image":{"@id":"https:\/\/www.yorku.ca\/glendon\/genial\/assos-food-catering\/?lang=fr#primaryimage"},"thumbnailUrl":"https:\/\/www.yorku.ca\/glendon\/genial\/wp-content\/uploads\/sites\/879\/2025\/07\/Copy-of-GENIAL-1536-x-430-px-1024x287.png","datePublished":"2025-10-02T15:24:07+00:00","dateModified":"2025-10-28T20:02:08+00:00","breadcrumb":{"@id":"https:\/\/www.yorku.ca\/glendon\/genial\/assos-food-catering\/?lang=fr#breadcrumb"},"inLanguage":"en-US","potentialAction":[{"@type":"ReadAction","target":["https:\/\/www.yorku.ca\/glendon\/genial\/assos-food-catering\/?lang=fr"]}]},{"@type":"ImageObject","inLanguage":"en-US","@id":"https:\/\/www.yorku.ca\/glendon\/genial\/assos-food-catering\/?lang=fr#primaryimage","url":"https:\/\/www.yorku.ca\/glendon\/genial\/wp-content\/uploads\/sites\/879\/2025\/07\/Copy-of-GENIAL-1536-x-430-px.png","contentUrl":"https:\/\/www.yorku.ca\/glendon\/genial\/wp-content\/uploads\/sites\/879\/2025\/07\/Copy-of-GENIAL-1536-x-430-px.png","width":4800,"height":1344},{"@type":"BreadcrumbList","@id":"https:\/\/www.yorku.ca\/glendon\/genial\/assos-food-catering\/?lang=fr#breadcrumb","itemListElement":[{"@type":"ListItem","position":1,"name":"Home","item":"https:\/\/www.yorku.ca\/glendon\/genial\/"},{"@type":"ListItem","position":2,"name":"Asso's Food &amp; Catering"}]},{"@type":"WebSite","@id":"https:\/\/www.yorku.ca\/glendon\/genial\/#website","url":"https:\/\/www.yorku.ca\/glendon\/genial\/","name":"Glendon ENtrepreneuriat et Innovation A L&#039;international (GENIAL)","description":"Glendon GENIAL Initiative","potentialAction":[{"@type":"SearchAction","target":{"@type":"EntryPoint","urlTemplate":"https:\/\/www.yorku.ca\/glendon\/genial\/?s={search_term_string}"},"query-input":{"@type":"PropertyValueSpecification","valueRequired":true,"valueName":"search_term_string"}}],"inLanguage":"en-US"}]}},"taxonomy_info":[],"featured_image_src_large":false,"author_info":{"display_name":"josiehu","author_link":"https:\/\/www.yorku.ca\/glendon\/genial\/author\/josiehu\/"},"comment_info":0,"_links":{"self":[{"href":"https:\/\/www.yorku.ca\/glendon\/genial\/wp-json\/wp\/v2\/pages\/4715","targetHints":{"allow":["GET"]}}],"collection":[{"href":"https:\/\/www.yorku.ca\/glendon\/genial\/wp-json\/wp\/v2\/pages"}],"about":[{"href":"https:\/\/www.yorku.ca\/glendon\/genial\/wp-json\/wp\/v2\/types\/page"}],"author":[{"embeddable":true,"href":"https:\/\/www.yorku.ca\/glendon\/genial\/wp-json\/wp\/v2\/users\/2309"}],"replies":[{"embeddable":true,"href":"https:\/\/www.yorku.ca\/glendon\/genial\/wp-json\/wp\/v2\/comments?post=4715"}],"version-history":[{"count":4,"href":"https:\/\/www.yorku.ca\/glendon\/genial\/wp-json\/wp\/v2\/pages\/4715\/revisions"}],"predecessor-version":[{"id":5128,"href":"https:\/\/www.yorku.ca\/glendon\/genial\/wp-json\/wp\/v2\/pages\/4715\/revisions\/5128"}],"wp:attachment":[{"href":"https:\/\/www.yorku.ca\/glendon\/genial\/wp-json\/wp\/v2\/media?parent=4715"}],"wp:term":[{"taxonomy":"post_tag","embeddable":true,"href":"https:\/\/www.yorku.ca\/glendon\/genial\/wp-json\/wp\/v2\/tags?post=4715"}],"curies":[{"name":"wp","href":"https:\/\/api.w.org\/{rel}","templated":true}]}}