  {"id":4331,"date":"2024-09-26T16:03:49","date_gmt":"2024-09-26T20:03:49","guid":{"rendered":"https:\/\/www.yorku.ca\/glendon\/genial\/?page_id=4331"},"modified":"2025-05-15T11:41:07","modified_gmt":"2025-05-15T15:41:07","slug":"karuta-futbol-academy","status":"publish","type":"page","link":"https:\/\/www.yorku.ca\/glendon\/genial\/karuta-futbol-academy\/?lang=fr","title":{"rendered":"Karuta Futbol Academy"},"content":{"rendered":"\n<figure class=\"wp-block-image size-large is-resized\"><img loading=\"lazy\" decoding=\"async\" width=\"1024\" height=\"453\" src=\"https:\/\/www.yorku.ca\/glendon\/genial\/wp-content\/uploads\/sites\/879\/2024\/09\/52838276028_fecbc7b06d_o-2-2-1024x453.jpg\" alt=\"\" class=\"wp-image-4323\" style=\"width:1108px;height:auto\" srcset=\"https:\/\/www.yorku.ca\/glendon\/genial\/wp-content\/uploads\/sites\/879\/2024\/09\/52838276028_fecbc7b06d_o-2-2-1024x453.jpg 1024w, https:\/\/www.yorku.ca\/glendon\/genial\/wp-content\/uploads\/sites\/879\/2024\/09\/52838276028_fecbc7b06d_o-2-2-400x177.jpg 400w, https:\/\/www.yorku.ca\/glendon\/genial\/wp-content\/uploads\/sites\/879\/2024\/09\/52838276028_fecbc7b06d_o-2-2-1536x680.jpg 1536w, https:\/\/www.yorku.ca\/glendon\/genial\/wp-content\/uploads\/sites\/879\/2024\/09\/52838276028_fecbc7b06d_o-2-2-2048x907.jpg 2048w\" sizes=\"auto, (max-width: 1024px) 100vw, 1024px\" \/><\/figure>\n\n\n\n<p><\/p>\n\n\n\n<div class=\"wp-block-columns is-layout-flex wp-container-core-columns-is-layout-1 wp-block-columns-is-layout-flex\">\n<div class=\"wp-block-column is-layout-flow wp-block-column-is-layout-flow\" style=\"flex-basis:33.3%\">\n<figure class=\"wp-block-image size-large img-thumbnail rounded-0\"><img loading=\"lazy\" decoding=\"async\" width=\"1020\" height=\"1024\" src=\"https:\/\/www.yorku.ca\/glendon\/genial\/wp-content\/uploads\/sites\/879\/2024\/09\/KFA-main-logo-1020x1024.png\" alt=\"\" class=\"wp-image-4325\" srcset=\"https:\/\/www.yorku.ca\/glendon\/genial\/wp-content\/uploads\/sites\/879\/2024\/09\/KFA-main-logo-1020x1024.png 1020w, https:\/\/www.yorku.ca\/glendon\/genial\/wp-content\/uploads\/sites\/879\/2024\/09\/KFA-main-logo-398x400.png 398w, https:\/\/www.yorku.ca\/glendon\/genial\/wp-content\/uploads\/sites\/879\/2024\/09\/KFA-main-logo-150x150.png 150w, https:\/\/www.yorku.ca\/glendon\/genial\/wp-content\/uploads\/sites\/879\/2024\/09\/KFA-main-logo-300x300.png 300w, https:\/\/www.yorku.ca\/glendon\/genial\/wp-content\/uploads\/sites\/879\/2024\/09\/KFA-main-logo-1529x1536.png 1529w, https:\/\/www.yorku.ca\/glendon\/genial\/wp-content\/uploads\/sites\/879\/2024\/09\/KFA-main-logo.png 1873w\" sizes=\"auto, (max-width: 1020px) 100vw, 1020px\" \/><\/figure>\n<\/div>\n\n\n\n<div class=\"wp-block-column is-layout-flow wp-block-column-is-layout-flow\" style=\"flex-basis:66.6%\">\n<h2 class=\"wp-block-heading\">A propos de nous<\/h2>\n\n\n\n<p>Bienvenu \u00e0 Karuta Futbol Academy, fond\u00e9e par l\u2019entra\u00eeneur Nolan, un joueur de football passionn\u00e9, un enseignant et un entra\u00eeneur d\u00e9di\u00e9 au d\u00e9veloppement de la prochaine g\u00e9n\u00e9ration de footballeurs. Avec plus de 10 ans d\u2019exp\u00e9rience en tant qu\u2019entra\u00eeneur, 2 ans d\u2019enseignement dans des \u00e9coles secondaires et 7 ans en tant que joueur semi-professionnel, j\u2019apporte un m\u00e9lange unique de connaissances et d\u2019expertise au d\u00e9veloppement des jeunes. Mon parcours dans le foot m\u2019a fait passer par diff\u00e9rents niveaux de jeu, des programmes de base aux ligues semi-professionnelles, et j\u2019ai acquis une profonde compr\u00e9hension de ce dont les jeunes joueurs ont besoin pour r\u00e9ussir.<\/p>\n<\/div>\n<\/div>\n\n\n\n<div class=\"wp-block-columns is-layout-flex wp-container-core-columns-is-layout-2 wp-block-columns-is-layout-flex\">\n<div class=\"wp-block-column is-layout-flow wp-block-column-is-layout-flow\" style=\"flex-basis:66.66%\">\n<h2 class=\"wp-block-heading\">Pourquoi nous choisir<\/h2>\n\n\n\n<p>A Karuta Futbol Academy, notre mission est d\u2019offrir un entra\u00eenement individuel et de haute qualit\u00e9 qui met l\u2019accent sur les principes fondamentaux souvent n\u00e9glig\u00e9s dans le foot juv\u00e9nile canadien. Qu\u2019il s\u2019agisse de ma\u00eetriser des techniques d\u00e9fensives, de d\u00e9velopper le contr\u00f4le du ballon ou de comprendre la conscience du jeu, nous visons \u00e0 favoriser des athl\u00e8tes complets et passionn\u00e9s par le jeu. Nos programmes d\u2019entra\u00eenement sont con\u00e7us pour \u00eatre \u00e0 la fois stimulants et encourageants, permettant aux joueurs de d\u00e9velopper leur confiance et leurs comp\u00e9tences. Que votre enfant veuille jouer \u00e0 un niveau \u00e9lite ou simplement devenir un meilleur footballeur, nous sommes l\u00e0 pour le guider dans son parcours.<\/p>\n<\/div>\n\n\n\n<div class=\"wp-block-column is-layout-flow wp-block-column-is-layout-flow\" style=\"flex-basis:33.33%\">\n<figure class=\"wp-block-image alignright size-large is-resized img-thumbnail rounded-0\"><img loading=\"lazy\" decoding=\"async\" width=\"768\" height=\"1024\" src=\"https:\/\/www.yorku.ca\/glendon\/genial\/wp-content\/uploads\/sites\/879\/2024\/09\/PXL_20231023_190941670.PORTRAIT-EDIT-1-768x1024.jpg\" alt=\"\" class=\"wp-image-4327\" style=\"width:244px;height:auto\" srcset=\"https:\/\/www.yorku.ca\/glendon\/genial\/wp-content\/uploads\/sites\/879\/2024\/09\/PXL_20231023_190941670.PORTRAIT-EDIT-1-768x1024.jpg 768w, https:\/\/www.yorku.ca\/glendon\/genial\/wp-content\/uploads\/sites\/879\/2024\/09\/PXL_20231023_190941670.PORTRAIT-EDIT-1-300x400.jpg 300w, https:\/\/www.yorku.ca\/glendon\/genial\/wp-content\/uploads\/sites\/879\/2024\/09\/PXL_20231023_190941670.PORTRAIT-EDIT-1-1152x1536.jpg 1152w, https:\/\/www.yorku.ca\/glendon\/genial\/wp-content\/uploads\/sites\/879\/2024\/09\/PXL_20231023_190941670.PORTRAIT-EDIT-1-1536x2048.jpg 1536w, https:\/\/www.yorku.ca\/glendon\/genial\/wp-content\/uploads\/sites\/879\/2024\/09\/PXL_20231023_190941670.PORTRAIT-EDIT-1.jpg 1840w\" sizes=\"auto, (max-width: 768px) 100vw, 768px\" \/><\/figure>\n<\/div>\n<\/div>\n\n\n\n<div class=\"wp-block-columns learnmore-block is-layout-flex wp-container-core-columns-is-layout-3 wp-block-columns-is-layout-flex\">\n<div class=\"wp-block-column is-vertically-aligned-top is-layout-flow wp-block-column-is-layout-flow\" style=\"flex-basis:60%\">\n<h2 class=\"wp-block-heading\">En savoir plus<\/h2>\n\n\n\n<p><\/p>\n<\/div>\n\n\n\n<div class=\"wp-block-column is-vertically-aligned-center is-layout-flow wp-block-column-is-layout-flow\">\n<div class=\"wp-block-buttons is-content-justification-center is-layout-flex wp-container-core-buttons-is-layout-1 wp-block-buttons-is-layout-flex\">\n<div class=\"wp-block-button\"><a class=\"wp-block-button__link wp-element-button\" href=\"mailto:info@karutafutbol.ca\">Contactez-nous<\/a><\/div>\n\n\n\n<div class=\"wp-block-button\"><a class=\"wp-block-button__link wp-element-button\" href=\"https:\/\/www.instagram.com\/kfa_precisiontraining?igsh=NnNkNDlmc2NnZDR4\">Suivez-nous<\/a><\/div>\n<\/div>\n<\/div>\n<\/div>\n\n\n\n<p><\/p>\n","protected":false},"excerpt":{"rendered":"<p>A propos de nous Bienvenu \u00e0 Karuta Futbol Academy, fond\u00e9e par l\u2019entra\u00eeneur Nolan, un joueur de football passionn\u00e9, un enseignant et un entra\u00eeneur d\u00e9di\u00e9 au d\u00e9veloppement de la prochaine g\u00e9n\u00e9ration de footballeurs. Avec plus de 10 ans d\u2019exp\u00e9rience en tant qu\u2019entra\u00eeneur, 2 ans d\u2019enseignement dans des \u00e9coles secondaires et 7 ans en tant que joueur [&hellip;]<\/p>\n","protected":false},"author":2237,"featured_media":0,"parent":0,"menu_order":0,"comment_status":"closed","ping_status":"closed","template":"","meta":{"_kad_blocks_custom_css":"","_kad_blocks_head_custom_js":"","_kad_blocks_body_custom_js":"","_kad_blocks_footer_custom_js":"","_monsterinsights_skip_tracking":false,"_monsterinsights_sitenote_active":false,"_monsterinsights_sitenote_note":"","_monsterinsights_sitenote_category":0,"footnotes":""},"tags":[],"class_list":["post-4331","page","type-page","status-publish","hentry"],"yoast_head":"<!-- This site is optimized with the Yoast SEO plugin v24.0 - https:\/\/yoast.com\/wordpress\/plugins\/seo\/ -->\n<title>Karuta Futbol Academy - Glendon ENtrepreneuriat et Innovation A L&#039;international (GENIAL)<\/title>\n<meta name=\"robots\" content=\"index, follow, max-snippet:-1, max-image-preview:large, max-video-preview:-1\" \/>\n<link rel=\"canonical\" href=\"https:\/\/www.yorku.ca\/glendon\/genial\/karuta-futbol-academy\/?lang=fr\" \/>\n<meta property=\"og:locale\" content=\"en_US\" \/>\n<meta property=\"og:type\" content=\"article\" \/>\n<meta property=\"og:title\" content=\"Karuta Futbol Academy - Glendon ENtrepreneuriat et Innovation A L&#039;international (GENIAL)\" \/>\n<meta property=\"og:description\" content=\"A propos de nous Bienvenu \u00e0 Karuta Futbol Academy, fond\u00e9e par l\u2019entra\u00eeneur Nolan, un joueur de football passionn\u00e9, un enseignant et un entra\u00eeneur d\u00e9di\u00e9 au d\u00e9veloppement de la prochaine g\u00e9n\u00e9ration de footballeurs. Avec plus de 10 ans d\u2019exp\u00e9rience en tant qu\u2019entra\u00eeneur, 2 ans d\u2019enseignement dans des \u00e9coles secondaires et 7 ans en tant que joueur [&hellip;]\" \/>\n<meta property=\"og:url\" content=\"https:\/\/www.yorku.ca\/glendon\/genial\/karuta-futbol-academy\/?lang=fr\" \/>\n<meta property=\"og:site_name\" content=\"Glendon ENtrepreneuriat et Innovation A L&#039;international (GENIAL)\" \/>\n<meta property=\"article:modified_time\" content=\"2025-05-15T15:41:07+00:00\" \/>\n<meta property=\"og:image\" content=\"https:\/\/www.yorku.ca\/glendon\/genial\/wp-content\/uploads\/sites\/879\/2024\/09\/52838276028_fecbc7b06d_o-2-2.jpg\" \/>\n\t<meta property=\"og:image:width\" content=\"2500\" \/>\n\t<meta property=\"og:image:height\" content=\"1107\" \/>\n\t<meta property=\"og:image:type\" content=\"image\/jpeg\" \/>\n<meta name=\"twitter:card\" content=\"summary_large_image\" \/>\n<meta name=\"twitter:label1\" content=\"Est. reading time\" \/>\n\t<meta name=\"twitter:data1\" content=\"2 minutes\" \/>\n<script type=\"application\/ld+json\" class=\"yoast-schema-graph\">{\"@context\":\"https:\/\/schema.org\",\"@graph\":[{\"@type\":\"WebPage\",\"@id\":\"https:\/\/www.yorku.ca\/glendon\/genial\/karuta-futbol-academy\/?lang=fr\",\"url\":\"https:\/\/www.yorku.ca\/glendon\/genial\/karuta-futbol-academy\/?lang=fr\",\"name\":\"Karuta Futbol Academy - Glendon ENtrepreneuriat et Innovation A L&#039;international (GENIAL)\",\"isPartOf\":{\"@id\":\"https:\/\/www.yorku.ca\/glendon\/genial\/#website\"},\"primaryImageOfPage\":{\"@id\":\"https:\/\/www.yorku.ca\/glendon\/genial\/karuta-futbol-academy\/?lang=fr#primaryimage\"},\"image\":{\"@id\":\"https:\/\/www.yorku.ca\/glendon\/genial\/karuta-futbol-academy\/?lang=fr#primaryimage\"},\"thumbnailUrl\":\"https:\/\/www.yorku.ca\/glendon\/genial\/wp-content\/uploads\/sites\/879\/2024\/09\/52838276028_fecbc7b06d_o-2-2-1024x453.jpg\",\"datePublished\":\"2024-09-26T20:03:49+00:00\",\"dateModified\":\"2025-05-15T15:41:07+00:00\",\"breadcrumb\":{\"@id\":\"https:\/\/www.yorku.ca\/glendon\/genial\/karuta-futbol-academy\/?lang=fr#breadcrumb\"},\"inLanguage\":\"en-US\",\"potentialAction\":[{\"@type\":\"ReadAction\",\"target\":[\"https:\/\/www.yorku.ca\/glendon\/genial\/karuta-futbol-academy\/?lang=fr\"]}]},{\"@type\":\"ImageObject\",\"inLanguage\":\"en-US\",\"@id\":\"https:\/\/www.yorku.ca\/glendon\/genial\/karuta-futbol-academy\/?lang=fr#primaryimage\",\"url\":\"https:\/\/www.yorku.ca\/glendon\/genial\/wp-content\/uploads\/sites\/879\/2024\/09\/52838276028_fecbc7b06d_o-2-2.jpg\",\"contentUrl\":\"https:\/\/www.yorku.ca\/glendon\/genial\/wp-content\/uploads\/sites\/879\/2024\/09\/52838276028_fecbc7b06d_o-2-2.jpg\",\"width\":2500,\"height\":1107,\"caption\":\"League1 Ontario (L1O) Soccer Photography (Photo by Kevin Raposo \/ League1 Ontario)\"},{\"@type\":\"BreadcrumbList\",\"@id\":\"https:\/\/www.yorku.ca\/glendon\/genial\/karuta-futbol-academy\/?lang=fr#breadcrumb\",\"itemListElement\":[{\"@type\":\"ListItem\",\"position\":1,\"name\":\"Home\",\"item\":\"https:\/\/www.yorku.ca\/glendon\/genial\/\"},{\"@type\":\"ListItem\",\"position\":2,\"name\":\"Karuta Futbol Academy\"}]},{\"@type\":\"WebSite\",\"@id\":\"https:\/\/www.yorku.ca\/glendon\/genial\/#website\",\"url\":\"https:\/\/www.yorku.ca\/glendon\/genial\/\",\"name\":\"Glendon ENtrepreneuriat et Innovation A L&#039;international (GENIAL)\",\"description\":\"Glendon GENIAL Initiative\",\"potentialAction\":[{\"@type\":\"SearchAction\",\"target\":{\"@type\":\"EntryPoint\",\"urlTemplate\":\"https:\/\/www.yorku.ca\/glendon\/genial\/?s={search_term_string}\"},\"query-input\":{\"@type\":\"PropertyValueSpecification\",\"valueRequired\":true,\"valueName\":\"search_term_string\"}}],\"inLanguage\":\"en-US\"}]}<\/script>\n<!-- \/ Yoast SEO plugin. -->","yoast_head_json":{"title":"Karuta Futbol Academy - Glendon ENtrepreneuriat et Innovation A L&#039;international (GENIAL)","robots":{"index":"index","follow":"follow","max-snippet":"max-snippet:-1","max-image-preview":"max-image-preview:large","max-video-preview":"max-video-preview:-1"},"canonical":"https:\/\/www.yorku.ca\/glendon\/genial\/karuta-futbol-academy\/?lang=fr","og_locale":"en_US","og_type":"article","og_title":"Karuta Futbol Academy - Glendon ENtrepreneuriat et Innovation A L&#039;international (GENIAL)","og_description":"A propos de nous Bienvenu \u00e0 Karuta Futbol Academy, fond\u00e9e par l\u2019entra\u00eeneur Nolan, un joueur de football passionn\u00e9, un enseignant et un entra\u00eeneur d\u00e9di\u00e9 au d\u00e9veloppement de la prochaine g\u00e9n\u00e9ration de footballeurs. Avec plus de 10 ans d\u2019exp\u00e9rience en tant qu\u2019entra\u00eeneur, 2 ans d\u2019enseignement dans des \u00e9coles secondaires et 7 ans en tant que joueur [&hellip;]","og_url":"https:\/\/www.yorku.ca\/glendon\/genial\/karuta-futbol-academy\/?lang=fr","og_site_name":"Glendon ENtrepreneuriat et Innovation A L&#039;international (GENIAL)","article_modified_time":"2025-05-15T15:41:07+00:00","og_image":[{"width":2500,"height":1107,"url":"https:\/\/www.yorku.ca\/glendon\/genial\/wp-content\/uploads\/sites\/879\/2024\/09\/52838276028_fecbc7b06d_o-2-2.jpg","type":"image\/jpeg"}],"twitter_card":"summary_large_image","twitter_misc":{"Est. reading time":"2 minutes"},"schema":{"@context":"https:\/\/schema.org","@graph":[{"@type":"WebPage","@id":"https:\/\/www.yorku.ca\/glendon\/genial\/karuta-futbol-academy\/?lang=fr","url":"https:\/\/www.yorku.ca\/glendon\/genial\/karuta-futbol-academy\/?lang=fr","name":"Karuta Futbol Academy - Glendon ENtrepreneuriat et Innovation A L&#039;international (GENIAL)","isPartOf":{"@id":"https:\/\/www.yorku.ca\/glendon\/genial\/#website"},"primaryImageOfPage":{"@id":"https:\/\/www.yorku.ca\/glendon\/genial\/karuta-futbol-academy\/?lang=fr#primaryimage"},"image":{"@id":"https:\/\/www.yorku.ca\/glendon\/genial\/karuta-futbol-academy\/?lang=fr#primaryimage"},"thumbnailUrl":"https:\/\/www.yorku.ca\/glendon\/genial\/wp-content\/uploads\/sites\/879\/2024\/09\/52838276028_fecbc7b06d_o-2-2-1024x453.jpg","datePublished":"2024-09-26T20:03:49+00:00","dateModified":"2025-05-15T15:41:07+00:00","breadcrumb":{"@id":"https:\/\/www.yorku.ca\/glendon\/genial\/karuta-futbol-academy\/?lang=fr#breadcrumb"},"inLanguage":"en-US","potentialAction":[{"@type":"ReadAction","target":["https:\/\/www.yorku.ca\/glendon\/genial\/karuta-futbol-academy\/?lang=fr"]}]},{"@type":"ImageObject","inLanguage":"en-US","@id":"https:\/\/www.yorku.ca\/glendon\/genial\/karuta-futbol-academy\/?lang=fr#primaryimage","url":"https:\/\/www.yorku.ca\/glendon\/genial\/wp-content\/uploads\/sites\/879\/2024\/09\/52838276028_fecbc7b06d_o-2-2.jpg","contentUrl":"https:\/\/www.yorku.ca\/glendon\/genial\/wp-content\/uploads\/sites\/879\/2024\/09\/52838276028_fecbc7b06d_o-2-2.jpg","width":2500,"height":1107,"caption":"League1 Ontario (L1O) Soccer Photography (Photo by Kevin Raposo \/ League1 Ontario)"},{"@type":"BreadcrumbList","@id":"https:\/\/www.yorku.ca\/glendon\/genial\/karuta-futbol-academy\/?lang=fr#breadcrumb","itemListElement":[{"@type":"ListItem","position":1,"name":"Home","item":"https:\/\/www.yorku.ca\/glendon\/genial\/"},{"@type":"ListItem","position":2,"name":"Karuta Futbol Academy"}]},{"@type":"WebSite","@id":"https:\/\/www.yorku.ca\/glendon\/genial\/#website","url":"https:\/\/www.yorku.ca\/glendon\/genial\/","name":"Glendon ENtrepreneuriat et Innovation A L&#039;international (GENIAL)","description":"Glendon GENIAL Initiative","potentialAction":[{"@type":"SearchAction","target":{"@type":"EntryPoint","urlTemplate":"https:\/\/www.yorku.ca\/glendon\/genial\/?s={search_term_string}"},"query-input":{"@type":"PropertyValueSpecification","valueRequired":true,"valueName":"search_term_string"}}],"inLanguage":"en-US"}]}},"taxonomy_info":[],"featured_image_src_large":false,"author_info":{"display_name":"carmeli","author_link":"https:\/\/www.yorku.ca\/glendon\/genial\/author\/carmeli\/"},"comment_info":0,"_links":{"self":[{"href":"https:\/\/www.yorku.ca\/glendon\/genial\/wp-json\/wp\/v2\/pages\/4331","targetHints":{"allow":["GET"]}}],"collection":[{"href":"https:\/\/www.yorku.ca\/glendon\/genial\/wp-json\/wp\/v2\/pages"}],"about":[{"href":"https:\/\/www.yorku.ca\/glendon\/genial\/wp-json\/wp\/v2\/types\/page"}],"author":[{"embeddable":true,"href":"https:\/\/www.yorku.ca\/glendon\/genial\/wp-json\/wp\/v2\/users\/2237"}],"replies":[{"embeddable":true,"href":"https:\/\/www.yorku.ca\/glendon\/genial\/wp-json\/wp\/v2\/comments?post=4331"}],"version-history":[{"count":3,"href":"https:\/\/www.yorku.ca\/glendon\/genial\/wp-json\/wp\/v2\/pages\/4331\/revisions"}],"predecessor-version":[{"id":4412,"href":"https:\/\/www.yorku.ca\/glendon\/genial\/wp-json\/wp\/v2\/pages\/4331\/revisions\/4412"}],"wp:attachment":[{"href":"https:\/\/www.yorku.ca\/glendon\/genial\/wp-json\/wp\/v2\/media?parent=4331"}],"wp:term":[{"taxonomy":"post_tag","embeddable":true,"href":"https:\/\/www.yorku.ca\/glendon\/genial\/wp-json\/wp\/v2\/tags?post=4331"}],"curies":[{"name":"wp","href":"https:\/\/api.w.org\/{rel}","templated":true}]}}