  {"id":4205,"date":"2024-09-26T16:03:36","date_gmt":"2024-09-26T20:03:36","guid":{"rendered":"https:\/\/www.yorku.ca\/glendon\/genial\/?page_id=4205"},"modified":"2024-09-26T16:03:38","modified_gmt":"2024-09-26T20:03:38","slug":"divine-peace-home-services","status":"publish","type":"page","link":"https:\/\/www.yorku.ca\/glendon\/genial\/divine-peace-home-services\/?lang=fr","title":{"rendered":"Divine Peace Home Services"},"content":{"rendered":"\n<div class=\"wp-block-cover is-light full-width\"><span aria-hidden=\"true\" class=\"wp-block-cover__background has-background-dim-0 has-background-dim\" style=\"background-color:#8e7562\"><\/span><img loading=\"lazy\" decoding=\"async\" width=\"2560\" height=\"1122\" class=\"wp-block-cover__image-background wp-image-4196\" alt=\"\" src=\"https:\/\/www.yorku.ca\/glendon\/genial\/wp-content\/uploads\/sites\/879\/2024\/08\/pexels-william-fortunato-6140610-2-scaled.jpg\" data-object-fit=\"cover\" srcset=\"https:\/\/www.yorku.ca\/glendon\/genial\/wp-content\/uploads\/sites\/879\/2024\/08\/pexels-william-fortunato-6140610-2-scaled.jpg 2560w, https:\/\/www.yorku.ca\/glendon\/genial\/wp-content\/uploads\/sites\/879\/2024\/08\/pexels-william-fortunato-6140610-2-400x175.jpg 400w, https:\/\/www.yorku.ca\/glendon\/genial\/wp-content\/uploads\/sites\/879\/2024\/08\/pexels-william-fortunato-6140610-2-1024x449.jpg 1024w, https:\/\/www.yorku.ca\/glendon\/genial\/wp-content\/uploads\/sites\/879\/2024\/08\/pexels-william-fortunato-6140610-2-1536x673.jpg 1536w, https:\/\/www.yorku.ca\/glendon\/genial\/wp-content\/uploads\/sites\/879\/2024\/08\/pexels-william-fortunato-6140610-2-2048x897.jpg 2048w\" sizes=\"auto, (max-width: 2560px) 100vw, 2560px\" \/><div class=\"wp-block-cover__inner-container is-layout-flow wp-block-cover-is-layout-flow\">\n<p class=\"has-text-align-center has-large-font-size\"><\/p>\n<\/div><\/div>\n\n\n\n<hr class=\"wp-block-separator has-text-color has-white-color has-css-opacity has-white-background-color has-background is-style-wide\"\/>\n\n\n\n<div class=\"wp-block-columns is-layout-flex wp-container-core-columns-is-layout-1 wp-block-columns-is-layout-flex\">\n<div class=\"wp-block-column is-layout-flow wp-block-column-is-layout-flow\" style=\"flex-basis:66.66%\">\n<h2 class=\"wp-block-heading border-top pt-2\">Notre entreprise<\/h2>\n\n\n\n<p>Divine Peace Home Services se consacre \u00e0 aider les \u00e9tudiants internationaux \u00e0 trouver un logement abordable et confortable. Nous comprenons les d\u00e9fis que peuvent entrainer le fait d'\u00e9tuder \u00e0 l\u2019\u00e9tranger et notre mission est de rendre votre transition aussi douce que possible en vous offrant un endroit que vous pouvez vraiment appeler chez vous. Que vous soyez \u00e0 la recherche d\u2019un colocataire de votre universit\u00e9 ou de quelqu\u2019un de nouveau pour partager votre espace, nous facilitons les connexions menant \u00e0 des amiti\u00e9s durables. Chez Divine Peace, nous assurons un environnement de vie favorable et sans stress, rendant votre vie acad\u00e9mique et sociale agr\u00e9able et r\u00e9ussie.<\/p>\n<\/div>\n\n\n\n<div class=\"wp-block-column is-layout-flow wp-block-column-is-layout-flow\" style=\"flex-basis:33.33%\">\n<figure class=\"wp-block-image size-large\"><img loading=\"lazy\" decoding=\"async\" width=\"1024\" height=\"683\" src=\"https:\/\/www.yorku.ca\/glendon\/genial\/wp-content\/uploads\/sites\/879\/2024\/08\/pexels-annetnavi-886616-1024x683.jpg\" alt=\"\" class=\"wp-image-4230\" srcset=\"https:\/\/www.yorku.ca\/glendon\/genial\/wp-content\/uploads\/sites\/879\/2024\/08\/pexels-annetnavi-886616-1024x683.jpg 1024w, https:\/\/www.yorku.ca\/glendon\/genial\/wp-content\/uploads\/sites\/879\/2024\/08\/pexels-annetnavi-886616-400x267.jpg 400w, https:\/\/www.yorku.ca\/glendon\/genial\/wp-content\/uploads\/sites\/879\/2024\/08\/pexels-annetnavi-886616-391x260.jpg 391w, https:\/\/www.yorku.ca\/glendon\/genial\/wp-content\/uploads\/sites\/879\/2024\/08\/pexels-annetnavi-886616-1536x1024.jpg 1536w, https:\/\/www.yorku.ca\/glendon\/genial\/wp-content\/uploads\/sites\/879\/2024\/08\/pexels-annetnavi-886616-2048x1365.jpg 2048w\" sizes=\"auto, (max-width: 1024px) 100vw, 1024px\" \/><\/figure>\n<\/div>\n<\/div>\n\n\n\n<div class=\"wp-block-group grey-bg-block px-5 m-0 has-very-light-gray-background-color has-background is-layout-flow wp-block-group-is-layout-flow\">\n<div class=\"wp-block-columns is-layout-flex wp-container-core-columns-is-layout-2 wp-block-columns-is-layout-flex\">\n<div class=\"wp-block-column is-layout-flow wp-block-column-is-layout-flow\" style=\"flex-basis:72%\">\n<div class=\"wp-block-group is-layout-flow wp-block-group-is-layout-flow\">\n<h2 class=\"wp-block-heading\">Notre histoire<\/h2>\n\n\n\n<p>Bonjour, je m\u2019appelle OluwaJuwon (Juwon). En tant qu\u2019\u00e9tudiant international du Nig\u00e9ria et membre de l\u2019Union \u00e9tudiante de Glendon, je comprends les d\u00e9fis uniques aux \u00e9tudiants \u00e9trangers. C\u2019est pourquoi j\u2019ai lanc\u00e9 ce projet : aider d\u2019autres personnes comme moi qui pourraient faire face \u00e0 des obstacles similaires.&nbsp;<\/p>\n\n\n\n<p>Quand je suis arriv\u00e9e au Canada, je n\u2019avais aucune id\u00e9e de comment d\u2019obtenir un logement. J\u2019ai choisi de vivre dans une r\u00e9sidence, en esp\u00e9rant avoir acc\u00e8s \u00e0 une cuisine, car je suis passionn\u00e9 de cuisine. Cependant, j\u2019ai \u00e9t\u00e9 choqu\u00e9 de d\u00e9couvrir que m\u00eame si j\u2019avais pr\u00e9command\u00e9 des ustensiles de cuisine, je ne pouvais utiliser la cuisine que pendant l\u2019\u00e9t\u00e9. Je me sentais seul et perdu, ne sachant pas comment trouver un endroit o\u00f9 vivre qui me convenait. Avec le soutien de mes amis, j\u2019ai finalement trouv\u00e9 des ressources de logement, mais le processus \u00e9tait intimidant. Les appartements les plus agr\u00e9ables \u00e9taient trop chers, et les plus abordables \u00e9taient loin d\u2019\u00eatre id\u00e9aux.<\/p>\n\n\n\n<p>Je sais de premi\u00e8re main \u00e0 quel point \u00e9tudier \u00e0 l\u2019\u00e9tranger peut \u00eatre stressant, alors j\u2019ai cr\u00e9\u00e9 Divine Peace Home Services. Notre mission est de faciliter votre transition en vous aidant \u00e0 trouver un logement confortable et abordable et en vous mettant en relation avec des colocataires potentiels. Notre objectif est de vous offrir un chez-soi loin de chez vous, en veillant \u00e0 ce que vous puissiez vous concentrer sur vos \u00e9tudes et profiter de votre s\u00e9jour dans un nouveau pays. Laissez-nous vous aider \u00e0 trouver votre place au Canada.<\/p>\n<\/div>\n<\/div>\n\n\n\n<div class=\"wp-block-column card rounded-0 is-layout-flow wp-block-column-is-layout-flow\">\n<figure class=\"wp-block-image size-large mb-0\"><img loading=\"lazy\" decoding=\"async\" width=\"1024\" height=\"1024\" src=\"https:\/\/www.yorku.ca\/glendon\/genial\/wp-content\/uploads\/sites\/879\/2024\/08\/Sans-titre-4000-x-4000-px-1024x1024.png\" alt=\"\" class=\"wp-image-4187\" srcset=\"https:\/\/www.yorku.ca\/glendon\/genial\/wp-content\/uploads\/sites\/879\/2024\/08\/Sans-titre-4000-x-4000-px-1024x1024.png 1024w, https:\/\/www.yorku.ca\/glendon\/genial\/wp-content\/uploads\/sites\/879\/2024\/08\/Sans-titre-4000-x-4000-px-400x400.png 400w, https:\/\/www.yorku.ca\/glendon\/genial\/wp-content\/uploads\/sites\/879\/2024\/08\/Sans-titre-4000-x-4000-px-150x150.png 150w, https:\/\/www.yorku.ca\/glendon\/genial\/wp-content\/uploads\/sites\/879\/2024\/08\/Sans-titre-4000-x-4000-px-300x300.png 300w, https:\/\/www.yorku.ca\/glendon\/genial\/wp-content\/uploads\/sites\/879\/2024\/08\/Sans-titre-4000-x-4000-px-1536x1536.png 1536w, https:\/\/www.yorku.ca\/glendon\/genial\/wp-content\/uploads\/sites\/879\/2024\/08\/Sans-titre-4000-x-4000-px-2048x2048.png 2048w, https:\/\/www.yorku.ca\/glendon\/genial\/wp-content\/uploads\/sites\/879\/2024\/08\/Sans-titre-4000-x-4000-px-768x768.png 768w\" sizes=\"auto, (max-width: 1024px) 100vw, 1024px\" \/><\/figure>\n\n\n\n<div class=\"wp-block-group card-body is-layout-flow wp-block-group-is-layout-flow\">\n<h2 class=\"wp-block-heading\">OluwaJuwon<\/h2>\n<\/div>\n<\/div>\n<\/div>\n<\/div>\n\n\n\n<div style=\"height:100px\" aria-hidden=\"true\" class=\"wp-block-spacer\"><\/div>\n\n\n\n<div class=\"wp-block-columns learnmore-block is-layout-flex wp-container-core-columns-is-layout-3 wp-block-columns-is-layout-flex\">\n<div class=\"wp-block-column is-vertically-aligned-top is-layout-flow wp-block-column-is-layout-flow\" style=\"flex-basis:60%\">\n<figure class=\"wp-block-image alignleft size-large is-resized\"><img decoding=\"async\" src=\"\/wp-content\/plugins\/yu-blockpatterns\/img\/learnmore.png\" alt=\"\" class=\"wp-image-11892\"\/><\/figure>\n\n\n\n<h2 class=\"wp-block-heading\">Contactez-nous<\/h2>\n<\/div>\n\n\n\n<div class=\"wp-block-column is-vertically-aligned-center is-layout-flow wp-block-column-is-layout-flow\">\n<div class=\"wp-block-buttons is-horizontal is-content-justification-center is-layout-flex wp-container-core-buttons-is-layout-1 wp-block-buttons-is-layout-flex\">\n<div class=\"wp-block-button\"><a class=\"wp-block-button__link wp-element-button\" href=\"mailto:divinepeacehomeservices@gmail.com\" target=\"_blank\" rel=\"noreferrer noopener\">Envoyez-nous un courriel<\/a><\/div>\n<\/div>\n<\/div>\n<\/div>\n","protected":false},"excerpt":{"rendered":"<p>Notre entreprise Divine Peace Home Services se consacre \u00e0 aider les \u00e9tudiants internationaux \u00e0 trouver un logement abordable et confortable. Nous comprenons les d\u00e9fis que peuvent entrainer le fait d'\u00e9tuder \u00e0 l\u2019\u00e9tranger et notre mission est de rendre votre transition aussi douce que possible en vous offrant un endroit que vous pouvez vraiment appeler chez [&hellip;]<\/p>\n","protected":false},"author":2237,"featured_media":0,"parent":0,"menu_order":0,"comment_status":"closed","ping_status":"closed","template":"","meta":{"_kad_blocks_custom_css":"","_kad_blocks_head_custom_js":"","_kad_blocks_body_custom_js":"","_kad_blocks_footer_custom_js":"","_monsterinsights_skip_tracking":false,"_monsterinsights_sitenote_active":false,"_monsterinsights_sitenote_note":"","_monsterinsights_sitenote_category":0,"footnotes":""},"tags":[],"class_list":["post-4205","page","type-page","status-publish","hentry"],"yoast_head":"<!-- This site is optimized with the Yoast SEO plugin v24.0 - https:\/\/yoast.com\/wordpress\/plugins\/seo\/ -->\n<title>Divine Peace Home Services - Glendon ENtrepreneuriat et Innovation A L&#039;international (GENIAL)<\/title>\n<meta name=\"robots\" content=\"index, follow, max-snippet:-1, max-image-preview:large, max-video-preview:-1\" \/>\n<link rel=\"canonical\" href=\"https:\/\/www.yorku.ca\/glendon\/genial\/divine-peace-home-services\/?lang=fr\" \/>\n<meta property=\"og:locale\" content=\"en_US\" \/>\n<meta property=\"og:type\" content=\"article\" \/>\n<meta property=\"og:title\" content=\"Divine Peace Home Services - Glendon ENtrepreneuriat et Innovation A L&#039;international (GENIAL)\" \/>\n<meta property=\"og:description\" content=\"Notre entreprise Divine Peace Home Services se consacre \u00e0 aider les \u00e9tudiants internationaux \u00e0 trouver un logement abordable et confortable. Nous comprenons les d\u00e9fis que peuvent entrainer le fait d&#039;\u00e9tuder \u00e0 l\u2019\u00e9tranger et notre mission est de rendre votre transition aussi douce que possible en vous offrant un endroit que vous pouvez vraiment appeler chez [&hellip;]\" \/>\n<meta property=\"og:url\" content=\"https:\/\/www.yorku.ca\/glendon\/genial\/divine-peace-home-services\/?lang=fr\" \/>\n<meta property=\"og:site_name\" content=\"Glendon ENtrepreneuriat et Innovation A L&#039;international (GENIAL)\" \/>\n<meta property=\"article:modified_time\" content=\"2024-09-26T20:03:38+00:00\" \/>\n<meta property=\"og:image\" content=\"https:\/\/www.yorku.ca\/glendon\/genial\/wp-content\/uploads\/sites\/879\/2024\/08\/pexels-william-fortunato-6140610-2-scaled.jpg\" \/>\n<meta name=\"twitter:card\" content=\"summary_large_image\" \/>\n<meta name=\"twitter:label1\" content=\"Est. reading time\" \/>\n\t<meta name=\"twitter:data1\" content=\"3 minutes\" \/>\n<script type=\"application\/ld+json\" class=\"yoast-schema-graph\">{\"@context\":\"https:\/\/schema.org\",\"@graph\":[{\"@type\":\"WebPage\",\"@id\":\"https:\/\/www.yorku.ca\/glendon\/genial\/divine-peace-home-services\/?lang=fr\",\"url\":\"https:\/\/www.yorku.ca\/glendon\/genial\/divine-peace-home-services\/?lang=fr\",\"name\":\"Divine Peace Home Services - Glendon ENtrepreneuriat et Innovation A L&#039;international (GENIAL)\",\"isPartOf\":{\"@id\":\"https:\/\/www.yorku.ca\/glendon\/genial\/#website\"},\"primaryImageOfPage\":{\"@id\":\"https:\/\/www.yorku.ca\/glendon\/genial\/divine-peace-home-services\/?lang=fr#primaryimage\"},\"image\":{\"@id\":\"https:\/\/www.yorku.ca\/glendon\/genial\/divine-peace-home-services\/?lang=fr#primaryimage\"},\"thumbnailUrl\":\"https:\/\/www.yorku.ca\/glendon\/genial\/wp-content\/uploads\/sites\/879\/2024\/08\/pexels-william-fortunato-6140610-2-scaled.jpg\",\"datePublished\":\"2024-09-26T20:03:36+00:00\",\"dateModified\":\"2024-09-26T20:03:38+00:00\",\"breadcrumb\":{\"@id\":\"https:\/\/www.yorku.ca\/glendon\/genial\/divine-peace-home-services\/?lang=fr#breadcrumb\"},\"inLanguage\":\"en-US\",\"potentialAction\":[{\"@type\":\"ReadAction\",\"target\":[\"https:\/\/www.yorku.ca\/glendon\/genial\/divine-peace-home-services\/?lang=fr\"]}]},{\"@type\":\"ImageObject\",\"inLanguage\":\"en-US\",\"@id\":\"https:\/\/www.yorku.ca\/glendon\/genial\/divine-peace-home-services\/?lang=fr#primaryimage\",\"url\":\"https:\/\/www.yorku.ca\/glendon\/genial\/wp-content\/uploads\/sites\/879\/2024\/08\/pexels-william-fortunato-6140610-2-scaled.jpg\",\"contentUrl\":\"https:\/\/www.yorku.ca\/glendon\/genial\/wp-content\/uploads\/sites\/879\/2024\/08\/pexels-william-fortunato-6140610-2-scaled.jpg\",\"width\":2560,\"height\":1122},{\"@type\":\"BreadcrumbList\",\"@id\":\"https:\/\/www.yorku.ca\/glendon\/genial\/divine-peace-home-services\/?lang=fr#breadcrumb\",\"itemListElement\":[{\"@type\":\"ListItem\",\"position\":1,\"name\":\"Home\",\"item\":\"https:\/\/www.yorku.ca\/glendon\/genial\/\"},{\"@type\":\"ListItem\",\"position\":2,\"name\":\"Divine Peace Home Services\"}]},{\"@type\":\"WebSite\",\"@id\":\"https:\/\/www.yorku.ca\/glendon\/genial\/#website\",\"url\":\"https:\/\/www.yorku.ca\/glendon\/genial\/\",\"name\":\"Glendon ENtrepreneuriat et Innovation A L&#039;international (GENIAL)\",\"description\":\"Glendon GENIAL Initiative\",\"potentialAction\":[{\"@type\":\"SearchAction\",\"target\":{\"@type\":\"EntryPoint\",\"urlTemplate\":\"https:\/\/www.yorku.ca\/glendon\/genial\/?s={search_term_string}\"},\"query-input\":{\"@type\":\"PropertyValueSpecification\",\"valueRequired\":true,\"valueName\":\"search_term_string\"}}],\"inLanguage\":\"en-US\"}]}<\/script>\n<!-- \/ Yoast SEO plugin. -->","yoast_head_json":{"title":"Divine Peace Home Services - Glendon ENtrepreneuriat et Innovation A L&#039;international (GENIAL)","robots":{"index":"index","follow":"follow","max-snippet":"max-snippet:-1","max-image-preview":"max-image-preview:large","max-video-preview":"max-video-preview:-1"},"canonical":"https:\/\/www.yorku.ca\/glendon\/genial\/divine-peace-home-services\/?lang=fr","og_locale":"en_US","og_type":"article","og_title":"Divine Peace Home Services - Glendon ENtrepreneuriat et Innovation A L&#039;international (GENIAL)","og_description":"Notre entreprise Divine Peace Home Services se consacre \u00e0 aider les \u00e9tudiants internationaux \u00e0 trouver un logement abordable et confortable. Nous comprenons les d\u00e9fis que peuvent entrainer le fait d'\u00e9tuder \u00e0 l\u2019\u00e9tranger et notre mission est de rendre votre transition aussi douce que possible en vous offrant un endroit que vous pouvez vraiment appeler chez [&hellip;]","og_url":"https:\/\/www.yorku.ca\/glendon\/genial\/divine-peace-home-services\/?lang=fr","og_site_name":"Glendon ENtrepreneuriat et Innovation A L&#039;international (GENIAL)","article_modified_time":"2024-09-26T20:03:38+00:00","og_image":[{"url":"https:\/\/www.yorku.ca\/glendon\/genial\/wp-content\/uploads\/sites\/879\/2024\/08\/pexels-william-fortunato-6140610-2-scaled.jpg","type":"","width":"","height":""}],"twitter_card":"summary_large_image","twitter_misc":{"Est. reading time":"3 minutes"},"schema":{"@context":"https:\/\/schema.org","@graph":[{"@type":"WebPage","@id":"https:\/\/www.yorku.ca\/glendon\/genial\/divine-peace-home-services\/?lang=fr","url":"https:\/\/www.yorku.ca\/glendon\/genial\/divine-peace-home-services\/?lang=fr","name":"Divine Peace Home Services - Glendon ENtrepreneuriat et Innovation A L&#039;international (GENIAL)","isPartOf":{"@id":"https:\/\/www.yorku.ca\/glendon\/genial\/#website"},"primaryImageOfPage":{"@id":"https:\/\/www.yorku.ca\/glendon\/genial\/divine-peace-home-services\/?lang=fr#primaryimage"},"image":{"@id":"https:\/\/www.yorku.ca\/glendon\/genial\/divine-peace-home-services\/?lang=fr#primaryimage"},"thumbnailUrl":"https:\/\/www.yorku.ca\/glendon\/genial\/wp-content\/uploads\/sites\/879\/2024\/08\/pexels-william-fortunato-6140610-2-scaled.jpg","datePublished":"2024-09-26T20:03:36+00:00","dateModified":"2024-09-26T20:03:38+00:00","breadcrumb":{"@id":"https:\/\/www.yorku.ca\/glendon\/genial\/divine-peace-home-services\/?lang=fr#breadcrumb"},"inLanguage":"en-US","potentialAction":[{"@type":"ReadAction","target":["https:\/\/www.yorku.ca\/glendon\/genial\/divine-peace-home-services\/?lang=fr"]}]},{"@type":"ImageObject","inLanguage":"en-US","@id":"https:\/\/www.yorku.ca\/glendon\/genial\/divine-peace-home-services\/?lang=fr#primaryimage","url":"https:\/\/www.yorku.ca\/glendon\/genial\/wp-content\/uploads\/sites\/879\/2024\/08\/pexels-william-fortunato-6140610-2-scaled.jpg","contentUrl":"https:\/\/www.yorku.ca\/glendon\/genial\/wp-content\/uploads\/sites\/879\/2024\/08\/pexels-william-fortunato-6140610-2-scaled.jpg","width":2560,"height":1122},{"@type":"BreadcrumbList","@id":"https:\/\/www.yorku.ca\/glendon\/genial\/divine-peace-home-services\/?lang=fr#breadcrumb","itemListElement":[{"@type":"ListItem","position":1,"name":"Home","item":"https:\/\/www.yorku.ca\/glendon\/genial\/"},{"@type":"ListItem","position":2,"name":"Divine Peace Home Services"}]},{"@type":"WebSite","@id":"https:\/\/www.yorku.ca\/glendon\/genial\/#website","url":"https:\/\/www.yorku.ca\/glendon\/genial\/","name":"Glendon ENtrepreneuriat et Innovation A L&#039;international (GENIAL)","description":"Glendon GENIAL Initiative","potentialAction":[{"@type":"SearchAction","target":{"@type":"EntryPoint","urlTemplate":"https:\/\/www.yorku.ca\/glendon\/genial\/?s={search_term_string}"},"query-input":{"@type":"PropertyValueSpecification","valueRequired":true,"valueName":"search_term_string"}}],"inLanguage":"en-US"}]}},"taxonomy_info":[],"featured_image_src_large":false,"author_info":{"display_name":"carmeli","author_link":"https:\/\/www.yorku.ca\/glendon\/genial\/author\/carmeli\/"},"comment_info":0,"_links":{"self":[{"href":"https:\/\/www.yorku.ca\/glendon\/genial\/wp-json\/wp\/v2\/pages\/4205","targetHints":{"allow":["GET"]}}],"collection":[{"href":"https:\/\/www.yorku.ca\/glendon\/genial\/wp-json\/wp\/v2\/pages"}],"about":[{"href":"https:\/\/www.yorku.ca\/glendon\/genial\/wp-json\/wp\/v2\/types\/page"}],"author":[{"embeddable":true,"href":"https:\/\/www.yorku.ca\/glendon\/genial\/wp-json\/wp\/v2\/users\/2237"}],"replies":[{"embeddable":true,"href":"https:\/\/www.yorku.ca\/glendon\/genial\/wp-json\/wp\/v2\/comments?post=4205"}],"version-history":[{"count":7,"href":"https:\/\/www.yorku.ca\/glendon\/genial\/wp-json\/wp\/v2\/pages\/4205\/revisions"}],"predecessor-version":[{"id":4311,"href":"https:\/\/www.yorku.ca\/glendon\/genial\/wp-json\/wp\/v2\/pages\/4205\/revisions\/4311"}],"wp:attachment":[{"href":"https:\/\/www.yorku.ca\/glendon\/genial\/wp-json\/wp\/v2\/media?parent=4205"}],"wp:term":[{"taxonomy":"post_tag","embeddable":true,"href":"https:\/\/www.yorku.ca\/glendon\/genial\/wp-json\/wp\/v2\/tags?post=4205"}],"curies":[{"name":"wp","href":"https:\/\/api.w.org\/{rel}","templated":true}]}}