  {"id":4203,"date":"2024-09-26T16:04:38","date_gmt":"2024-09-26T20:04:38","guid":{"rendered":"https:\/\/www.yorku.ca\/glendon\/genial\/?page_id=4203"},"modified":"2024-09-26T16:04:41","modified_gmt":"2024-09-26T20:04:41","slug":"lepage-translation-services","status":"publish","type":"page","link":"https:\/\/www.yorku.ca\/glendon\/genial\/lepage-translation-services\/?lang=fr","title":{"rendered":"Lepage Translation Services"},"content":{"rendered":"\n<div class=\"wp-block-cover is-light full-width\"><span aria-hidden=\"true\" class=\"wp-block-cover__background has-background-dim-0 has-background-dim\" style=\"background-color:#837d76\"><\/span><img loading=\"lazy\" decoding=\"async\" width=\"2560\" height=\"1713\" class=\"wp-block-cover__image-background wp-image-4160\" alt=\"\" src=\"https:\/\/www.yorku.ca\/glendon\/genial\/wp-content\/uploads\/sites\/879\/2024\/08\/pexels-judit-peter-281675-1766604-scaled.jpg\" data-object-fit=\"cover\" srcset=\"https:\/\/www.yorku.ca\/glendon\/genial\/wp-content\/uploads\/sites\/879\/2024\/08\/pexels-judit-peter-281675-1766604-scaled.jpg 2560w, https:\/\/www.yorku.ca\/glendon\/genial\/wp-content\/uploads\/sites\/879\/2024\/08\/pexels-judit-peter-281675-1766604-400x268.jpg 400w, https:\/\/www.yorku.ca\/glendon\/genial\/wp-content\/uploads\/sites\/879\/2024\/08\/pexels-judit-peter-281675-1766604-1024x685.jpg 1024w, https:\/\/www.yorku.ca\/glendon\/genial\/wp-content\/uploads\/sites\/879\/2024\/08\/pexels-judit-peter-281675-1766604-1536x1028.jpg 1536w, https:\/\/www.yorku.ca\/glendon\/genial\/wp-content\/uploads\/sites\/879\/2024\/08\/pexels-judit-peter-281675-1766604-2048x1370.jpg 2048w\" sizes=\"auto, (max-width: 2560px) 100vw, 2560px\" \/><div class=\"wp-block-cover__inner-container is-layout-flow wp-block-cover-is-layout-flow\">\n<p class=\"has-text-align-center has-large-font-size\"><\/p>\n<\/div><\/div>\n\n\n\n<hr class=\"wp-block-separator has-text-color has-white-color has-css-opacity has-white-background-color has-background is-style-wide\"\/>\n\n\n\n<div class=\"wp-block-columns is-layout-flex wp-container-core-columns-is-layout-1 wp-block-columns-is-layout-flex\">\n<div class=\"wp-block-column is-layout-flow wp-block-column-is-layout-flow\" style=\"flex-basis:66.66%\">\n<h2 class=\"wp-block-heading border-top pt-2\">Entreprise<\/h2>\n\n\n\n<p>Bienvenue dans mon coin du Web ! Je m'appelle Isabelle, traductrice et tutrice de fran\u00e7ais, et j\u2019aime aider les gens \u00e0 surmonter les barri\u00e8res linguistiques.<\/p>\n\n\n\n<p>Avec une exp\u00e9rience vari\u00e9e en traduction et en \u00e9ducation dans diverses industries et ayant travaill\u00e9 \u00e0 des entreprises comme la LCBO, l'Universit\u00e9 York, Circa Translation Inc. et la Toronto French School j'apporte une richesse d'exp\u00e9rience et d'expertise \u00e0 chaque projet que j'entreprends. Qu'il s'agisse de r\u00e9aliser des traductions pr\u00e9cises, de peaufiner des textes \u00e0 la perfection, de fournir des conseils linguistiques sp\u00e9cialis\u00e9s ou d\u2019enseigner des cours de fran\u00e7ais, j\u2019offre des solutions linguistiques de premier ordre adapt\u00e9es \u00e0 vos besoins.<\/p>\n<\/div>\n\n\n\n<div class=\"wp-block-column is-layout-flow wp-block-column-is-layout-flow\" style=\"flex-basis:33.33%\">\n<figure class=\"wp-block-image size-large\"><img loading=\"lazy\" decoding=\"async\" width=\"1024\" height=\"1024\" src=\"https:\/\/www.yorku.ca\/glendon\/genial\/wp-content\/uploads\/sites\/879\/2024\/08\/Logo-officiel-Isabelle-1024x1024.png\" alt=\"\" class=\"wp-image-4164\" srcset=\"https:\/\/www.yorku.ca\/glendon\/genial\/wp-content\/uploads\/sites\/879\/2024\/08\/Logo-officiel-Isabelle-1024x1024.png 1024w, https:\/\/www.yorku.ca\/glendon\/genial\/wp-content\/uploads\/sites\/879\/2024\/08\/Logo-officiel-Isabelle-400x400.png 400w, https:\/\/www.yorku.ca\/glendon\/genial\/wp-content\/uploads\/sites\/879\/2024\/08\/Logo-officiel-Isabelle-150x150.png 150w, https:\/\/www.yorku.ca\/glendon\/genial\/wp-content\/uploads\/sites\/879\/2024\/08\/Logo-officiel-Isabelle-300x300.png 300w, https:\/\/www.yorku.ca\/glendon\/genial\/wp-content\/uploads\/sites\/879\/2024\/08\/Logo-officiel-Isabelle-1536x1536.png 1536w, https:\/\/www.yorku.ca\/glendon\/genial\/wp-content\/uploads\/sites\/879\/2024\/08\/Logo-officiel-Isabelle.png 1563w\" sizes=\"auto, (max-width: 1024px) 100vw, 1024px\" \/><\/figure>\n<\/div>\n<\/div>\n\n\n\n<h2 class=\"wp-block-heading border-top pt-2\">Services<\/h2>\n\n\n\n<div class=\"wp-block-columns is-layout-flex wp-container-core-columns-is-layout-2 wp-block-columns-is-layout-flex\">\n<div class=\"wp-block-column is-layout-flow wp-block-column-is-layout-flow\" style=\"flex-basis:66.66%\">\n<h2 class=\"wp-block-heading\">Services de traduction<\/h2>\n<\/div>\n<\/div>\n\n\n\n<div class=\"wp-block-columns is-layout-flex wp-container-core-columns-is-layout-3 wp-block-columns-is-layout-flex\">\n<div class=\"wp-block-column card rounded-0 bg-white is-layout-flow wp-block-column-is-layout-flow\">\n<div class=\"wp-block-group card-body is-layout-flow wp-block-group-is-layout-flow\">\n<h2 class=\"wp-block-heading card-title h5\">Traduction<\/h2>\n\n\n\n<p class=\"card-text\"><\/p>\n<\/div>\n<\/div>\n\n\n\n<div class=\"wp-block-column card rounded-0 bg-white is-layout-flow wp-block-column-is-layout-flow\">\n<div class=\"wp-block-group card-body is-layout-flow wp-block-group-is-layout-flow\">\n<h2 class=\"wp-block-heading card-title h5\">R\u00e9vision<\/h2>\n\n\n\n<p class=\"card-text\"><\/p>\n<\/div>\n<\/div>\n<\/div>\n\n\n\n<div class=\"wp-block-columns is-layout-flex wp-container-core-columns-is-layout-4 wp-block-columns-is-layout-flex\">\n<div class=\"wp-block-column card rounded-0 bg-white is-layout-flow wp-block-column-is-layout-flow\">\n<div class=\"wp-block-group card-body is-layout-flow wp-block-group-is-layout-flow\">\n<h2 class=\"wp-block-heading card-title h5\">Post\u00e9dition<\/h2>\n\n\n\n<p class=\"card-text\"><\/p>\n<\/div>\n<\/div>\n\n\n\n<div class=\"wp-block-column card rounded-0 bg-white is-layout-flow wp-block-column-is-layout-flow\">\n<div class=\"wp-block-group card-body is-layout-flow wp-block-group-is-layout-flow\">\n<h2 class=\"wp-block-heading card-title h5\">Relecture<\/h2>\n\n\n\n<p class=\"card-text\"><\/p>\n<\/div>\n<\/div>\n<\/div>\n\n\n\n<div class=\"wp-block-columns is-layout-flex wp-container-core-columns-is-layout-5 wp-block-columns-is-layout-flex\">\n<div class=\"wp-block-column is-layout-flow wp-block-column-is-layout-flow\" style=\"flex-basis:66.66%\">\n<h2 class=\"wp-block-heading\">Services de tutorat<\/h2>\n<\/div>\n<\/div>\n\n\n\n<div class=\"wp-block-columns is-layout-flex wp-container-core-columns-is-layout-6 wp-block-columns-is-layout-flex\">\n<div class=\"wp-block-column card rounded-0 bg-white is-layout-flow wp-block-column-is-layout-flow\">\n<div class=\"wp-block-group card-body is-layout-flow wp-block-group-is-layout-flow\">\n<h2 class=\"wp-block-heading card-title h5\">\u00c9cole primaire<\/h2>\n\n\n\n<p class=\"card-text\"><\/p>\n<\/div>\n<\/div>\n\n\n\n<div class=\"wp-block-column card rounded-0 bg-white is-layout-flow wp-block-column-is-layout-flow\">\n<div class=\"wp-block-group card-body is-layout-flow wp-block-group-is-layout-flow\">\n<h2 class=\"wp-block-heading card-title h5\">\u00c9cole secondaire<\/h2>\n\n\n\n<p class=\"card-text\"><\/p>\n<\/div>\n<\/div>\n<\/div>\n\n\n\n<div class=\"wp-block-columns is-layout-flex wp-container-core-columns-is-layout-7 wp-block-columns-is-layout-flex\">\n<div class=\"wp-block-column card rounded-0 bg-white is-layout-flow wp-block-column-is-layout-flow\">\n<div class=\"wp-block-group card-body is-layout-flow wp-block-group-is-layout-flow\">\n<h2 class=\"wp-block-heading card-title h5\">Adultes<\/h2>\n\n\n\n<p class=\"card-text\"><\/p>\n<\/div>\n<\/div>\n\n\n\n<div class=\"wp-block-column card rounded-0 bg-white is-layout-flow wp-block-column-is-layout-flow\">\n<div class=\"wp-block-group card-body is-layout-flow wp-block-group-is-layout-flow\">\n<h2 class=\"wp-block-heading card-title h5\">Professionnels<\/h2>\n\n\n\n<p class=\"card-text\"><\/p>\n<\/div>\n<\/div>\n<\/div>\n\n\n\n<div class=\"wp-block-group grey-bg-block px-5 m-0 has-very-light-gray-background-color has-background is-layout-flow wp-block-group-is-layout-flow\">\n<div class=\"wp-block-columns is-layout-flex wp-container-core-columns-is-layout-8 wp-block-columns-is-layout-flex\">\n<div class=\"wp-block-column is-layout-flow wp-block-column-is-layout-flow\" style=\"flex-basis:72%\">\n<div class=\"wp-block-group is-layout-flow wp-block-group-is-layout-flow\">\n<h2 class=\"wp-block-heading\">\u00c0 propos de moi<\/h2>\n\n\n\n<p>En tant que franco-ontarienne ayant grandi \u00e0 Hearst, une communaut\u00e9 bilingue dynamique situ\u00e9e au Nord de l\u2019Ontario, je suis fi\u00e8re de mon patrimoine, ma culture et mes langues.<\/p>\n\n\n\n<p>En tant que francophone et anglophone ainsi que traductrice agr\u00e9\u00e9e de l'OTTIAQ (Ordre des traducteurs, terminologues et interpr\u00e8tes agr\u00e9\u00e9s du Qu\u00e9bec), vous pouvez faire confiance \u00e0 mon professionnalisme et \u00e0 mon engagement \u00e0 respecter les normes de l'industrie. En qu\u00eate constante de connaissances, j\u2019ai entrepris un doctorat en \u00c9tudes fran\u00e7aises et francophones \u00e0 l\u2019Universit\u00e9 York, campus Glendon, ce qui me permet d'enrichir davantage ma compr\u00e9hension des langues, de la traduction et de l'\u00e9ducation.<\/p>\n<\/div>\n<\/div>\n\n\n\n<div class=\"wp-block-column card rounded-0 is-layout-flow wp-block-column-is-layout-flow\">\n<figure class=\"wp-block-image size-full mb-0\"><img loading=\"lazy\" decoding=\"async\" width=\"595\" height=\"590\" src=\"https:\/\/www.yorku.ca\/glendon\/genial\/wp-content\/uploads\/sites\/879\/2024\/08\/Capture.png\" alt=\"\" class=\"wp-image-4162\" srcset=\"https:\/\/www.yorku.ca\/glendon\/genial\/wp-content\/uploads\/sites\/879\/2024\/08\/Capture.png 595w, https:\/\/www.yorku.ca\/glendon\/genial\/wp-content\/uploads\/sites\/879\/2024\/08\/Capture-400x397.png 400w, https:\/\/www.yorku.ca\/glendon\/genial\/wp-content\/uploads\/sites\/879\/2024\/08\/Capture-150x150.png 150w\" sizes=\"auto, (max-width: 595px) 100vw, 595px\" \/><\/figure>\n\n\n\n<div class=\"wp-block-group card-body is-layout-flow wp-block-group-is-layout-flow\">\n<h2 class=\"wp-block-heading\">Isabelle Lepage<\/h2>\n\n\n\n<p>Ma\u00eetrise \u00e8s arts en traductologie<br>Baccalaur\u00e9at \u00e8s arts sp\u00e9cialis\u00e9 en traduction<\/p>\n<\/div>\n<\/div>\n<\/div>\n<\/div>\n\n\n\n<div style=\"height:100px\" aria-hidden=\"true\" class=\"wp-block-spacer\"><\/div>\n\n\n\n<div class=\"wp-block-columns learnmore-block is-layout-flex wp-container-core-columns-is-layout-9 wp-block-columns-is-layout-flex\">\n<div class=\"wp-block-column is-vertically-aligned-top is-layout-flow wp-block-column-is-layout-flow\" style=\"flex-basis:60%\">\n<figure class=\"wp-block-image alignleft size-large is-resized\"><img decoding=\"async\" src=\"\/wp-content\/plugins\/yu-blockpatterns\/img\/learnmore.png\" alt=\"\" class=\"wp-image-11892\"\/><\/figure>\n\n\n\n<h2 class=\"wp-block-heading\">Travaillons ensemble !<\/h2>\n<\/div>\n\n\n\n<div class=\"wp-block-column is-vertically-aligned-center is-layout-flow wp-block-column-is-layout-flow\">\n<div class=\"wp-block-buttons is-horizontal is-content-justification-center is-layout-flex wp-container-core-buttons-is-layout-1 wp-block-buttons-is-layout-flex\">\n<div class=\"wp-block-button\"><a class=\"wp-block-button__link wp-element-button\" href=\"mailto:lepage.translation@gmail.com\" target=\"_blank\" rel=\"noreferrer noopener\">Me joindre<\/a><\/div>\n<\/div>\n<\/div>\n<\/div>\n\n\n\n<div class=\"wp-block-columns learnmore-block is-layout-flex wp-container-core-columns-is-layout-11 wp-block-columns-is-layout-flex\">\n<div class=\"wp-block-column is-layout-flow wp-block-column-is-layout-flow\">\n<div class=\"wp-block-group is-layout-flow wp-block-group-is-layout-flow\">\n<div class=\"wp-block-columns social-bar-block is-layout-flex wp-container-core-columns-is-layout-10 wp-block-columns-is-layout-flex\">\n<div class=\"wp-block-column is-layout-flow wp-block-column-is-layout-flow\">\n<h2 class=\"wp-block-heading h6 text-white text-center\">Retrouvez Lepage Translation Services sur<\/h2>\n<\/div>\n\n\n\n<div class=\"wp-block-column is-layout-flow wp-block-column-is-layout-flow\">\n<ul class=\"wp-block-social-links aligncenter my-2 is-style-default is-layout-flex wp-block-social-links-is-layout-flex\"><li class=\"wp-social-link wp-social-link-linkedin  wp-block-social-link\"><a href=\"https:\/\/www.linkedin.com\/in\/lepagetranslationservices\" class=\"wp-block-social-link-anchor\"><svg width=\"24\" height=\"24\" viewBox=\"0 0 24 24\" version=\"1.1\" xmlns=\"http:\/\/www.w3.org\/2000\/svg\" aria-hidden=\"true\" focusable=\"false\"><path d=\"M19.7,3H4.3C3.582,3,3,3.582,3,4.3v15.4C3,20.418,3.582,21,4.3,21h15.4c0.718,0,1.3-0.582,1.3-1.3V4.3 C21,3.582,20.418,3,19.7,3z M8.339,18.338H5.667v-8.59h2.672V18.338z M7.004,8.574c-0.857,0-1.549-0.694-1.549-1.548 c0-0.855,0.691-1.548,1.549-1.548c0.854,0,1.547,0.694,1.547,1.548C8.551,7.881,7.858,8.574,7.004,8.574z M18.339,18.338h-2.669 v-4.177c0-0.996-0.017-2.278-1.387-2.278c-1.389,0-1.601,1.086-1.601,2.206v4.249h-2.667v-8.59h2.559v1.174h0.037 c0.356-0.675,1.227-1.387,2.526-1.387c2.703,0,3.203,1.779,3.203,4.092V18.338z\"><\/path><\/svg><span class=\"wp-block-social-link-label screen-reader-text\">LinkedIn<\/span><\/a><\/li><\/ul>\n<\/div>\n<\/div>\n<\/div>\n<\/div>\n<\/div>\n\n\n\n<p><\/p>\n","protected":false},"excerpt":{"rendered":"<p>Entreprise Bienvenue dans mon coin du Web ! Je m'appelle Isabelle, traductrice et tutrice de fran\u00e7ais, et j\u2019aime aider les gens \u00e0 surmonter les barri\u00e8res linguistiques. Avec une exp\u00e9rience vari\u00e9e en traduction et en \u00e9ducation dans diverses industries et ayant travaill\u00e9 \u00e0 des entreprises comme la LCBO, l'Universit\u00e9 York, Circa Translation Inc. et la Toronto [&hellip;]<\/p>\n","protected":false},"author":2237,"featured_media":0,"parent":0,"menu_order":0,"comment_status":"closed","ping_status":"closed","template":"","meta":{"_kad_blocks_custom_css":"","_kad_blocks_head_custom_js":"","_kad_blocks_body_custom_js":"","_kad_blocks_footer_custom_js":"","_monsterinsights_skip_tracking":false,"_monsterinsights_sitenote_active":false,"_monsterinsights_sitenote_note":"","_monsterinsights_sitenote_category":0,"footnotes":""},"tags":[],"class_list":["post-4203","page","type-page","status-publish","hentry"],"yoast_head":"<!-- This site is optimized with the Yoast SEO plugin v24.0 - https:\/\/yoast.com\/wordpress\/plugins\/seo\/ -->\n<title>Lepage Translation Services - Glendon ENtrepreneuriat et Innovation A L&#039;international (GENIAL)<\/title>\n<meta name=\"robots\" content=\"index, follow, max-snippet:-1, max-image-preview:large, max-video-preview:-1\" \/>\n<link rel=\"canonical\" href=\"https:\/\/www.yorku.ca\/glendon\/genial\/lepage-translation-services\/?lang=fr\" \/>\n<meta property=\"og:locale\" content=\"en_US\" \/>\n<meta property=\"og:type\" content=\"article\" \/>\n<meta property=\"og:title\" content=\"Lepage Translation Services - Glendon ENtrepreneuriat et Innovation A L&#039;international (GENIAL)\" \/>\n<meta property=\"og:description\" content=\"Entreprise Bienvenue dans mon coin du Web ! Je m&#039;appelle Isabelle, traductrice et tutrice de fran\u00e7ais, et j\u2019aime aider les gens \u00e0 surmonter les barri\u00e8res linguistiques. Avec une exp\u00e9rience vari\u00e9e en traduction et en \u00e9ducation dans diverses industries et ayant travaill\u00e9 \u00e0 des entreprises comme la LCBO, l&#039;Universit\u00e9 York, Circa Translation Inc. et la Toronto [&hellip;]\" \/>\n<meta property=\"og:url\" content=\"https:\/\/www.yorku.ca\/glendon\/genial\/lepage-translation-services\/?lang=fr\" \/>\n<meta property=\"og:site_name\" content=\"Glendon ENtrepreneuriat et Innovation A L&#039;international (GENIAL)\" \/>\n<meta property=\"article:modified_time\" content=\"2024-09-26T20:04:41+00:00\" \/>\n<meta property=\"og:image\" content=\"https:\/\/www.yorku.ca\/glendon\/genial\/wp-content\/uploads\/sites\/879\/2024\/08\/pexels-judit-peter-281675-1766604-scaled.jpg\" \/>\n<meta name=\"twitter:card\" content=\"summary_large_image\" \/>\n<meta name=\"twitter:label1\" content=\"Est. reading time\" \/>\n\t<meta name=\"twitter:data1\" content=\"2 minutes\" \/>\n<script type=\"application\/ld+json\" class=\"yoast-schema-graph\">{\"@context\":\"https:\/\/schema.org\",\"@graph\":[{\"@type\":\"WebPage\",\"@id\":\"https:\/\/www.yorku.ca\/glendon\/genial\/lepage-translation-services\/?lang=fr\",\"url\":\"https:\/\/www.yorku.ca\/glendon\/genial\/lepage-translation-services\/?lang=fr\",\"name\":\"Lepage Translation Services - Glendon ENtrepreneuriat et Innovation A L&#039;international (GENIAL)\",\"isPartOf\":{\"@id\":\"https:\/\/www.yorku.ca\/glendon\/genial\/#website\"},\"primaryImageOfPage\":{\"@id\":\"https:\/\/www.yorku.ca\/glendon\/genial\/lepage-translation-services\/?lang=fr#primaryimage\"},\"image\":{\"@id\":\"https:\/\/www.yorku.ca\/glendon\/genial\/lepage-translation-services\/?lang=fr#primaryimage\"},\"thumbnailUrl\":\"https:\/\/www.yorku.ca\/glendon\/genial\/wp-content\/uploads\/sites\/879\/2024\/08\/pexels-judit-peter-281675-1766604-scaled.jpg\",\"datePublished\":\"2024-09-26T20:04:38+00:00\",\"dateModified\":\"2024-09-26T20:04:41+00:00\",\"breadcrumb\":{\"@id\":\"https:\/\/www.yorku.ca\/glendon\/genial\/lepage-translation-services\/?lang=fr#breadcrumb\"},\"inLanguage\":\"en-US\",\"potentialAction\":[{\"@type\":\"ReadAction\",\"target\":[\"https:\/\/www.yorku.ca\/glendon\/genial\/lepage-translation-services\/?lang=fr\"]}]},{\"@type\":\"ImageObject\",\"inLanguage\":\"en-US\",\"@id\":\"https:\/\/www.yorku.ca\/glendon\/genial\/lepage-translation-services\/?lang=fr#primaryimage\",\"url\":\"https:\/\/www.yorku.ca\/glendon\/genial\/wp-content\/uploads\/sites\/879\/2024\/08\/pexels-judit-peter-281675-1766604-scaled.jpg\",\"contentUrl\":\"https:\/\/www.yorku.ca\/glendon\/genial\/wp-content\/uploads\/sites\/879\/2024\/08\/pexels-judit-peter-281675-1766604-scaled.jpg\",\"width\":2560,\"height\":1713},{\"@type\":\"BreadcrumbList\",\"@id\":\"https:\/\/www.yorku.ca\/glendon\/genial\/lepage-translation-services\/?lang=fr#breadcrumb\",\"itemListElement\":[{\"@type\":\"ListItem\",\"position\":1,\"name\":\"Home\",\"item\":\"https:\/\/www.yorku.ca\/glendon\/genial\/\"},{\"@type\":\"ListItem\",\"position\":2,\"name\":\"Lepage Translation Services\"}]},{\"@type\":\"WebSite\",\"@id\":\"https:\/\/www.yorku.ca\/glendon\/genial\/#website\",\"url\":\"https:\/\/www.yorku.ca\/glendon\/genial\/\",\"name\":\"Glendon ENtrepreneuriat et Innovation A L&#039;international (GENIAL)\",\"description\":\"Glendon GENIAL Initiative\",\"potentialAction\":[{\"@type\":\"SearchAction\",\"target\":{\"@type\":\"EntryPoint\",\"urlTemplate\":\"https:\/\/www.yorku.ca\/glendon\/genial\/?s={search_term_string}\"},\"query-input\":{\"@type\":\"PropertyValueSpecification\",\"valueRequired\":true,\"valueName\":\"search_term_string\"}}],\"inLanguage\":\"en-US\"}]}<\/script>\n<!-- \/ Yoast SEO plugin. -->","yoast_head_json":{"title":"Lepage Translation Services - Glendon ENtrepreneuriat et Innovation A L&#039;international (GENIAL)","robots":{"index":"index","follow":"follow","max-snippet":"max-snippet:-1","max-image-preview":"max-image-preview:large","max-video-preview":"max-video-preview:-1"},"canonical":"https:\/\/www.yorku.ca\/glendon\/genial\/lepage-translation-services\/?lang=fr","og_locale":"en_US","og_type":"article","og_title":"Lepage Translation Services - Glendon ENtrepreneuriat et Innovation A L&#039;international (GENIAL)","og_description":"Entreprise Bienvenue dans mon coin du Web ! Je m'appelle Isabelle, traductrice et tutrice de fran\u00e7ais, et j\u2019aime aider les gens \u00e0 surmonter les barri\u00e8res linguistiques. Avec une exp\u00e9rience vari\u00e9e en traduction et en \u00e9ducation dans diverses industries et ayant travaill\u00e9 \u00e0 des entreprises comme la LCBO, l'Universit\u00e9 York, Circa Translation Inc. et la Toronto [&hellip;]","og_url":"https:\/\/www.yorku.ca\/glendon\/genial\/lepage-translation-services\/?lang=fr","og_site_name":"Glendon ENtrepreneuriat et Innovation A L&#039;international (GENIAL)","article_modified_time":"2024-09-26T20:04:41+00:00","og_image":[{"url":"https:\/\/www.yorku.ca\/glendon\/genial\/wp-content\/uploads\/sites\/879\/2024\/08\/pexels-judit-peter-281675-1766604-scaled.jpg","type":"","width":"","height":""}],"twitter_card":"summary_large_image","twitter_misc":{"Est. reading time":"2 minutes"},"schema":{"@context":"https:\/\/schema.org","@graph":[{"@type":"WebPage","@id":"https:\/\/www.yorku.ca\/glendon\/genial\/lepage-translation-services\/?lang=fr","url":"https:\/\/www.yorku.ca\/glendon\/genial\/lepage-translation-services\/?lang=fr","name":"Lepage Translation Services - Glendon ENtrepreneuriat et Innovation A L&#039;international (GENIAL)","isPartOf":{"@id":"https:\/\/www.yorku.ca\/glendon\/genial\/#website"},"primaryImageOfPage":{"@id":"https:\/\/www.yorku.ca\/glendon\/genial\/lepage-translation-services\/?lang=fr#primaryimage"},"image":{"@id":"https:\/\/www.yorku.ca\/glendon\/genial\/lepage-translation-services\/?lang=fr#primaryimage"},"thumbnailUrl":"https:\/\/www.yorku.ca\/glendon\/genial\/wp-content\/uploads\/sites\/879\/2024\/08\/pexels-judit-peter-281675-1766604-scaled.jpg","datePublished":"2024-09-26T20:04:38+00:00","dateModified":"2024-09-26T20:04:41+00:00","breadcrumb":{"@id":"https:\/\/www.yorku.ca\/glendon\/genial\/lepage-translation-services\/?lang=fr#breadcrumb"},"inLanguage":"en-US","potentialAction":[{"@type":"ReadAction","target":["https:\/\/www.yorku.ca\/glendon\/genial\/lepage-translation-services\/?lang=fr"]}]},{"@type":"ImageObject","inLanguage":"en-US","@id":"https:\/\/www.yorku.ca\/glendon\/genial\/lepage-translation-services\/?lang=fr#primaryimage","url":"https:\/\/www.yorku.ca\/glendon\/genial\/wp-content\/uploads\/sites\/879\/2024\/08\/pexels-judit-peter-281675-1766604-scaled.jpg","contentUrl":"https:\/\/www.yorku.ca\/glendon\/genial\/wp-content\/uploads\/sites\/879\/2024\/08\/pexels-judit-peter-281675-1766604-scaled.jpg","width":2560,"height":1713},{"@type":"BreadcrumbList","@id":"https:\/\/www.yorku.ca\/glendon\/genial\/lepage-translation-services\/?lang=fr#breadcrumb","itemListElement":[{"@type":"ListItem","position":1,"name":"Home","item":"https:\/\/www.yorku.ca\/glendon\/genial\/"},{"@type":"ListItem","position":2,"name":"Lepage Translation Services"}]},{"@type":"WebSite","@id":"https:\/\/www.yorku.ca\/glendon\/genial\/#website","url":"https:\/\/www.yorku.ca\/glendon\/genial\/","name":"Glendon ENtrepreneuriat et Innovation A L&#039;international (GENIAL)","description":"Glendon GENIAL Initiative","potentialAction":[{"@type":"SearchAction","target":{"@type":"EntryPoint","urlTemplate":"https:\/\/www.yorku.ca\/glendon\/genial\/?s={search_term_string}"},"query-input":{"@type":"PropertyValueSpecification","valueRequired":true,"valueName":"search_term_string"}}],"inLanguage":"en-US"}]}},"taxonomy_info":[],"featured_image_src_large":false,"author_info":{"display_name":"carmeli","author_link":"https:\/\/www.yorku.ca\/glendon\/genial\/author\/carmeli\/"},"comment_info":0,"_links":{"self":[{"href":"https:\/\/www.yorku.ca\/glendon\/genial\/wp-json\/wp\/v2\/pages\/4203","targetHints":{"allow":["GET"]}}],"collection":[{"href":"https:\/\/www.yorku.ca\/glendon\/genial\/wp-json\/wp\/v2\/pages"}],"about":[{"href":"https:\/\/www.yorku.ca\/glendon\/genial\/wp-json\/wp\/v2\/types\/page"}],"author":[{"embeddable":true,"href":"https:\/\/www.yorku.ca\/glendon\/genial\/wp-json\/wp\/v2\/users\/2237"}],"replies":[{"embeddable":true,"href":"https:\/\/www.yorku.ca\/glendon\/genial\/wp-json\/wp\/v2\/comments?post=4203"}],"version-history":[{"count":5,"href":"https:\/\/www.yorku.ca\/glendon\/genial\/wp-json\/wp\/v2\/pages\/4203\/revisions"}],"predecessor-version":[{"id":4335,"href":"https:\/\/www.yorku.ca\/glendon\/genial\/wp-json\/wp\/v2\/pages\/4203\/revisions\/4335"}],"wp:attachment":[{"href":"https:\/\/www.yorku.ca\/glendon\/genial\/wp-json\/wp\/v2\/media?parent=4203"}],"wp:term":[{"taxonomy":"post_tag","embeddable":true,"href":"https:\/\/www.yorku.ca\/glendon\/genial\/wp-json\/wp\/v2\/tags?post=4203"}],"curies":[{"name":"wp","href":"https:\/\/api.w.org\/{rel}","templated":true}]}}